{"id":12736,"date":"2026-01-04T02:47:49","date_gmt":"2026-01-04T01:47:49","guid":{"rendered":"https:\/\/oponyexpert.shop\/xef5\/produkt\/2x-linglong-265-45r20-sport-master-winter-108v-fr\/"},"modified":"2026-01-04T02:47:50","modified_gmt":"2026-01-04T01:47:50","slug":"2x-linglong-265-45r20-sport-master-winter-108v-fr","status":"publish","type":"product","link":"https:\/\/oponixo.shop\/tire\/produkt\/2x-linglong-265-45r20-sport-master-winter-108v-fr\/","title":{"rendered":"2x Linglong 265\/45R20 SPORT MASTER WINTER 108V FR"},"content":{"rendered":"<div style=\"font-family: Arial, sans-serif; line-height: 1.6; color: #333; padding: 20px; clear: both; display: block; width: 100%; float: none; position: static; overflow: hidden;\">\n<div style=\"clear: both; display: block; margin: 10px 0;\">\n<div style=\"clear: both; display: block; margin: 10px 0;\">\n<div style=\"clear: both; display: block; margin: 10px 0;\">\n<h2>Opona zimowa Linglong SPORT MASTER WINTER 265\/45R20 108V XL FR<\/h2>\n<p style=\"margin: 15px 0; line-height: 1.8; clear: both; display: block; width: 100%; float: none; position: static;\">Za\u0142o\u017cona w 1975 roku Firma Shandong Linglong Tire Co., Ltd. jest wyspecjalizowanym i wielkoskalowym producentem opon z wiod\u0105cymi produktami, takimi jak wysokiej jako\u015bci opony radialne (PCR), lekkie opony radialne (LTR), dziesi\u0105tki tysi\u0119cy Ca\u0142kowicie stalowe opony radialne i radialne (TBR).<\/p>\n<p style=\"margin: 15px 0; line-height: 1.8; clear: both; display: block; width: 100%; float: none; position: static;\">Shandong Linglong Tire Co., Ltd. jest wiod\u0105cym chi\u0144skim przedsi\u0119biorstwem produkuj\u0105cym opony, kt\u00f3re za\u0142o\u017cy\u0142o bazy produkcyjne w Zhaoyuan, Dezhou, Liuzhou i Tajlandii. Ponadto Linglong posiada o\u015brodki badawczo roku &#8211; rozwojowe w Zhaoyuan, Pekinie i Ameryce P\u00f3\u0142nocnej oraz biuro testowe w Europie w celu opracowania najnowocze\u015bniejszych technologii. Produkty Linglong sprzedawane s\u0105 do ponad 180 kraj\u00f3w i region\u00f3w i s\u0105 dobrze akceptowane przez prawie 60 producent\u00f3w OEM o stabilnej i niezawodnej jako\u015bci, co wesz\u0142o do globalnego systemu dostawc\u00f3w \u015bwiatowej klasy producent\u00f3w samochod\u00f3w. &#8222;w\u015br\u00f3d 10 najlepszych producent\u00f3w opon i budowania \u015bwiatowej klasy firmy oponiarskiej&#8221;<\/p>\n<p style=\"margin: 15px 0; line-height: 1.8; clear: both; display: block; width: 100%; float: none; position: static;\">W przysz\u0142o\u015bci Linglong po\u015bwi\u0119ca si\u0119 umacnianiu internacjonalizacji marki dzi\u0119ki funduszom i platformie rynkowej, staj\u0105c si\u0119 \u015bwiatowej klasy przedsi\u0119biorstwem produkcyjnym o globalnej konkurencyjno\u015bci.<\/p>\n<h3 style=\"color: #2c5aa0; font-size: 18px; margin: 30px 0 15px 0; font-weight: bold; clear: both; display: block; width: 100%; float: none; position: static;\">Mi\u0119dzynarodowa marka<\/h3>\n<p style=\"margin: 15px 0; line-height: 1.8; clear: both; display: block; width: 100%; float: none; position: static;\">Linglong poprawia znajomo\u015b\u0107 marki w kraju i za granic\u0105 poprzez zr\u00f3\u017cnicowane kana\u0142y. Linglong Tire jest najlepszym partnerem VfL Wolfsburg od 2015 do 2019 roku, sponsorem China Truck Racing Championship i Shandong Chess Team. Poza tym Linglong za\u0142o\u017cy\u0142a pierwsz\u0105 damsk\u0105 dru\u017cyn\u0119 wy\u015bcigow\u0105 dla kobiet, wst\u0105pi\u0142a do europejskich lig pi\u0142karskich, sponsorowa\u0142a Brisbane Roar FC, Ratchaburi FC, narodow\u0105 dru\u017cyn\u0119 koszykarsk\u0105 Ugandy, Australian Queensland Rugby Team, bu\u0142garsk\u0105 dru\u017cyn\u0119 alpinistyczn\u0105, Zimbabwe Cricket Contest i Oman Drift.<\/p>\n<\/div>\n<\/div>\n<\/div>\n<div style=\"clear: both; display: block; margin: 10px 0;\">\n<div style=\"clear: both; display: block; margin: 10px 0;\">\n<div style=\"clear: both; display: block; margin: 10px 0;\">\n<div  style=\"max-width:500px;max-height:500px\">\n<div style=\"clear: both; display: block; margin: 10px 0;\">\n<div style=\"clear: both; width: 100%; display: block; margin: 20px 0; padding: 0; float: none; position: static; text-align: center;\"><img decoding=\"async\"  src=\"https:\/\/a.allegroimg.com\/original\/11b51c\/564728c240d4a1afeb3d56bdf39c\/2x-Linglong-265-45R20-SPORT-MASTER-WINTER-108V-FR\" srcset=\"https:\/\/a.allegroimg.com\/original\/11b51c\/564728c240d4a1afeb3d56bdf39c\/2x-Linglong-265-45R20-SPORT-MASTER-WINTER-108V-FR 360w,https:\/\/a.allegroimg.com\/original\/11b51c\/564728c240d4a1afeb3d56bdf39c\/2x-Linglong-265-45R20-SPORT-MASTER-WINTER-108V-FR 500w,https:\/\/a.allegroimg.com\/original\/11b51c\/564728c240d4a1afeb3d56bdf39c\/2x-Linglong-265-45R20-SPORT-MASTER-WINTER-108V-FR 500w\" sizes=\"(min-width: 1200px) 560px, (min-width: 992px) 50vw, 100vw\" width=\"500px\" alt=\"2x Linglong 265\/45R20 SPORT MASTER WINTER 108V FR\"\/ style=\"max-width: 100%; height: auto; display: block; margin: 0 auto;\"><\/div>\n<\/div>\n<\/div>\n<\/div>\n<\/div>\n<div style=\"clear: both; display: block; margin: 10px 0;\">\n<div style=\"clear: both; display: block; margin: 10px 0;\">\n<ul style=\"margin: 15px 0; padding-left: 20px; clear: both; display: block; width: 100%; float: none; position: static;\">\n<li style=\"margin: 5px 0; padding: 2px 0; clear: both; display: list-item; float: none; position: static;\"><b>Marka:<\/b> Linglong<\/li>\n<li style=\"margin: 5px 0; padding: 2px 0; clear: both; display: list-item; float: none; position: static;\"><b>Liczba opon w ofercie:<\/b> 2 szt.<\/li>\n<li style=\"margin: 5px 0; padding: 2px 0; clear: both; display: list-item; float: none; position: static;\"><b>Run flat:<\/b> Nie<\/li>\n<li style=\"margin: 5px 0; padding: 2px 0; clear: both; display: list-item; float: none; position: static;\"><b>Sezon:<\/b> Zimowe<\/li>\n<li style=\"margin: 5px 0; padding: 2px 0; clear: both; display: list-item; float: none; position: static;\"><b>Model:<\/b> SPORT MASTER WINTER<\/li>\n<li style=\"margin: 5px 0; padding: 2px 0; clear: both; display: list-item; float: none; position: static;\"><b>Szeroko\u015b\u0107 opony:<\/b> 265 mm<\/li>\n<li style=\"margin: 5px 0; padding: 2px 0; clear: both; display: list-item; float: none; position: static;\"><b>Profil opony:<\/b> 45<\/li>\n<li style=\"margin: 5px 0; padding: 2px 0; clear: both; display: list-item; float: none; position: static;\"><b>\u015arednica:<\/b> 20&#8243;<\/li>\n<li style=\"margin: 5px 0; padding: 2px 0; clear: both; display: list-item; float: none; position: static;\"><b>Indeks no\u015bno\u015bci:<\/b> 108 &#8211; 1000 kg<\/li>\n<li style=\"margin: 5px 0; padding: 2px 0; clear: both; display: list-item; float: none; position: static;\"><b>Indeks pr\u0119dko\u015bci:<\/b> V do 240 km\/h<\/li>\n<li style=\"margin: 5px 0; padding: 2px 0; clear: both; display: list-item; float: none; position: static;\"><b>Przyczepno\u015b\u0107 na mokrej nawierzchni:<\/b> Klasa A<\/li>\n<li style=\"margin: 5px 0; padding: 2px 0; clear: both; display: list-item; float: none; position: static;\"><b>Op\u00f3r toczenia:<\/b> Klasa C<\/li>\n<li style=\"margin: 5px 0; padding: 2px 0; clear: both; display: list-item; float: none; position: static;\"><b>Ha\u0142as zewn\u0119trzny:<\/b> 73 dB<\/li>\n<li style=\"margin: 5px 0; padding: 2px 0; clear: both; display: list-item; float: none; position: static;\"><b>Informacje dodatkowe:<\/b> rant ochronny, wzmocnienie (XL)<\/li>\n<li style=\"margin: 5px 0; padding: 2px 0; clear: both; display: list-item; float: none; position: static;\"><b>Rok produkcji (DOT):<\/b> <b>Kupuj\u0105c z tej oferty otrzymasz opony fabrycznie nowe, a ich rok produkcji jest nie starszy ni\u017c ubieg\u0142y rok kalendarzowy &#8211; 2025\/2024<\/b><\/li>\n<\/ul>\n<\/div>\n<\/div>\n<\/div>\n<\/div>\n<\/div>\n<\/div>\n<div style=\"clear: both; display: block; margin: 10px 0;\">\n","protected":false},"excerpt":{"rendered":"<p>Opona zimowa Linglong SPORT MASTER WINTER 265\/45R20 108V XL FR<\/p>\n<p>Za\u0142o\u017cona w 1975 roku Firma Shandong Linglong Tire Co., Ltd. jest wyspecjalizowanym i wielkoskalowym producentem opon z wiod\u0105cymi produktami, takimi jak wysokiej jako\u015bci opony radialne (PCR), lekkie opony radialne (LTR), dziesi\u0105tki tysi\u0119cy Ca\u0142kowicie stalowe opony radialne i radialne (TBR).<\/p>\n","protected":false},"featured_media":12737,"template":"","meta":{"_uag_custom_page_level_css":""},"product_brand":[464],"product_cat":[414,413,412,415],"product_tag":[],"class_list":{"0":"post-12736","1":"product","2":"type-product","3":"status-publish","4":"has-post-thumbnail","6":"product_brand-linglong","7":"product_cat-do-samochodow-osobowych-i-suv","8":"product_cat-opony","9":"product_cat-opony-i-felgi","10":"product_cat-zimowe","12":"first","13":"instock","14":"shipping-taxable","15":"purchasable","16":"product-type-simple"},"uagb_featured_image_src":{"full":["https:\/\/oponixo.shop\/tire\/wp-content\/uploads\/2026\/01\/allegro-image-12736.jpg",500,500,false],"thumbnail":["https:\/\/oponixo.shop\/tire\/wp-content\/uploads\/2026\/01\/allegro-image-12736-150x150.jpg",150,150,true],"medium":["https:\/\/oponixo.shop\/tire\/wp-content\/uploads\/2026\/01\/allegro-image-12736-300x300.jpg",300,300,true],"medium_large":["https:\/\/oponixo.shop\/tire\/wp-content\/uploads\/2026\/01\/allegro-image-12736.jpg",500,500,false],"large":["https:\/\/oponixo.shop\/tire\/wp-content\/uploads\/2026\/01\/allegro-image-12736.jpg",500,500,false],"1536x1536":["https:\/\/oponixo.shop\/tire\/wp-content\/uploads\/2026\/01\/allegro-image-12736.jpg",500,500,false],"2048x2048":["https:\/\/oponixo.shop\/tire\/wp-content\/uploads\/2026\/01\/allegro-image-12736.jpg",500,500,false],"woocommerce_thumbnail":["https:\/\/oponixo.shop\/tire\/wp-content\/uploads\/2026\/01\/allegro-image-12736-300x300.jpg",300,300,true],"woocommerce_single":["https:\/\/oponixo.shop\/tire\/wp-content\/uploads\/2026\/01\/allegro-image-12736.jpg",500,500,false],"woocommerce_gallery_thumbnail":["https:\/\/oponixo.shop\/tire\/wp-content\/uploads\/2026\/01\/allegro-image-12736-100x100.jpg",100,100,true]},"uagb_author_info":{"display_name":"admin","author_link":"https:\/\/oponixo.shop\/tire\/author\/"},"uagb_comment_info":0,"uagb_excerpt":"Opona zimowa Linglong SPORT MASTER WINTER 265\/45R20 108V XL FR Za\u0142o\u017cona w 1975 roku Firma Shandong Linglong Tire Co., Ltd. jest wyspecjalizowanym i wielkoskalowym producentem opon z wiod\u0105cymi produktami, takimi jak wysokiej jako\u015bci opony radialne (PCR), lekkie opony radialne (LTR), dziesi\u0105tki tysi\u0119cy Ca\u0142kowicie stalowe opony radialne i radialne (TBR).","_links":{"self":[{"href":"https:\/\/oponixo.shop\/tire\/wp-json\/wp\/v2\/product\/12736","targetHints":{"allow":["GET"]}}],"collection":[{"href":"https:\/\/oponixo.shop\/tire\/wp-json\/wp\/v2\/product"}],"about":[{"href":"https:\/\/oponixo.shop\/tire\/wp-json\/wp\/v2\/types\/product"}],"wp:featuredmedia":[{"embeddable":true,"href":"https:\/\/oponixo.shop\/tire\/wp-json\/wp\/v2\/media\/12737"}],"wp:attachment":[{"href":"https:\/\/oponixo.shop\/tire\/wp-json\/wp\/v2\/media?parent=12736"}],"wp:term":[{"taxonomy":"product_brand","embeddable":true,"href":"https:\/\/oponixo.shop\/tire\/wp-json\/wp\/v2\/product_brand?post=12736"},{"taxonomy":"product_cat","embeddable":true,"href":"https:\/\/oponixo.shop\/tire\/wp-json\/wp\/v2\/product_cat?post=12736"},{"taxonomy":"product_tag","embeddable":true,"href":"https:\/\/oponixo.shop\/tire\/wp-json\/wp\/v2\/product_tag?post=12736"}],"curies":[{"name":"wp","href":"https:\/\/api.w.org\/{rel}","templated":true}]}}