{"id":12706,"date":"2026-01-04T01:52:38","date_gmt":"2026-01-04T00:52:38","guid":{"rendered":"https:\/\/oponyexpert.shop\/xef5\/produkt\/2x-opony-zimowe-235-50r18-matador-mp93-nordicca\/"},"modified":"2026-01-04T01:52:39","modified_gmt":"2026-01-04T00:52:39","slug":"2x-opony-zimowe-235-50r18-matador-mp93-nordicca","status":"publish","type":"product","link":"https:\/\/oponixo.shop\/tire\/produkt\/2x-opony-zimowe-235-50r18-matador-mp93-nordicca\/","title":{"rendered":"2x Opony Zimowe 235\/50R18 Matador MP93 Nordicca"},"content":{"rendered":"<div style=\"font-family: Arial, sans-serif; line-height: 1.6; color: #333; padding: 20px; clear: both; display: block; width: 100%; float: none; position: static; overflow: hidden;\">\n<div style=\"clear: both; display: block; margin: 10px 0;\">\n<div style=\"clear: both; display: block; margin: 10px 0;\">\n<div style=\"clear: both; display: block; margin: 10px 0;\">\n<h1> 2x Opony zimowe Matador MP93 Nordicca 235\/50R18 101V XL FR \/ Produkcja 2025 <\/h1>\n<h2> G\u0142\u00f3wne cechy: <\/h2>\n<ul style=\"margin: 15px 0; padding-left: 20px; clear: both; display: block; width: 100%; float: none; position: static;\">\n<li style=\"margin: 5px 0; padding: 2px 0; clear: both; display: list-item; float: none; position: static;\"><b>Stan:<\/b> nowe<\/li>\n<li style=\"margin: 5px 0; padding: 2px 0; clear: both; display: list-item; float: none; position: static;\"><b>Aukcja dotyczy:<\/b> 2 sztuk (pary opon)<\/li>\n<li style=\"margin: 5px 0; padding: 2px 0; clear: both; display: list-item; float: none; position: static;\"><b>Sezon:<\/b> opony zimowe<\/li>\n<li style=\"margin: 5px 0; padding: 2px 0; clear: both; display: list-item; float: none; position: static;\"><b>Przeznaczenie:<\/b> auta osobowe, SUV, 4&#215;4<\/li>\n<li style=\"margin: 5px 0; padding: 2px 0; clear: both; display: list-item; float: none; position: static;\"><b>Rok produkcji:<\/b> nie starsze jak 2025<\/li>\n<li style=\"margin: 5px 0; padding: 2px 0; clear: both; display: list-item; float: none; position: static;\"><b>Gwarancia:<\/b> 7 lat od daty zakupu<\/li>\n<li style=\"margin: 5px 0; padding: 2px 0; clear: both; display: list-item; float: none; position: static;\"><b>Kod produktu:<\/b> A15855090000<\/li>\n<li style=\"margin: 5px 0; padding: 2px 0; clear: both; display: list-item; float: none; position: static;\"><b>EAN:<\/b> 4050496001384<\/li>\n<li style=\"margin: 5px 0; padding: 2px 0; clear: both; display: list-item; float: none; position: static;\">Komfortowe i ciche<\/li>\n<\/ul>\n<h2>Zastosowane technologie:<\/h2>\n<ul style=\"margin: 15px 0; padding-left: 20px; clear: both; display: block; width: 100%; float: none; position: static;\">\n<li style=\"margin: 5px 0; padding: 2px 0; clear: both; display: list-item; float: none; position: static;\"><b>Rant chroni\u0105cy felg\u0119:<\/b> TAK (FR)<\/li>\n<li style=\"margin: 5px 0; padding: 2px 0; clear: both; display: list-item; float: none; position: static;\"><b>Wzmocnienie:<\/b> TAK (XL)<\/li>\n<\/ul>\n<\/div>\n<\/div>\n<\/div>\n<div style=\"clear: both; display: block; margin: 10px 0;\">\n<div style=\"clear: both; display: block; margin: 10px 0;\">\n<div style=\"clear: both; display: block; margin: 10px 0;\">\n<h2>Parametry opony:<\/h2>\n<ul style=\"margin: 15px 0; padding-left: 20px; clear: both; display: block; width: 100%; float: none; position: static;\">\n<li style=\"margin: 5px 0; padding: 2px 0; clear: both; display: list-item; float: none; position: static;\"><b>Marka:<\/b> Matador<\/li>\n<li style=\"margin: 5px 0; padding: 2px 0; clear: both; display: list-item; float: none; position: static;\"><b>Klasa:<\/b> ekonomiczna<\/li>\n<li style=\"margin: 5px 0; padding: 2px 0; clear: both; display: list-item; float: none; position: static;\"><b>Model:<\/b> MP93 Nordicca<\/li>\n<li style=\"margin: 5px 0; padding: 2px 0; clear: both; display: list-item; float: none; position: static;\"><b>Rozmiar:<\/b> 235\/50R18 (235\/50 R18)<\/li>\n<li style=\"margin: 5px 0; padding: 2px 0; clear: both; display: list-item; float: none; position: static;\"><b>Szeroko\u015b\u0107:<\/b> 235 mm<\/li>\n<li style=\"margin: 5px 0; padding: 2px 0; clear: both; display: list-item; float: none; position: static;\"><b>Wysoko\u015b\u0107:<\/b> 50<\/li>\n<li style=\"margin: 5px 0; padding: 2px 0; clear: both; display: list-item; float: none; position: static;\"><b>\u015arednica:<\/b> R18 (18 cali)<\/li>\n<li style=\"margin: 5px 0; padding: 2px 0; clear: both; display: list-item; float: none; position: static;\"><b>Indeks no\u015bno\u015bci:<\/b> 101<\/li>\n<li style=\"margin: 5px 0; padding: 2px 0; clear: both; display: list-item; float: none; position: static;\"><b>Maks. no\u015bno\u015b\u0107:<\/b> 825 kg na opon\u0119<\/li>\n<li style=\"margin: 5px 0; padding: 2px 0; clear: both; display: list-item; float: none; position: static;\"><b>Indeks pr\u0119dko\u015bci:<\/b> V<\/li>\n<li style=\"margin: 5px 0; padding: 2px 0; clear: both; display: list-item; float: none; position: static;\"><b>Maks. pr\u0119dko\u015b\u0107:<\/b> 240 km\/h<\/li>\n<li style=\"margin: 5px 0; padding: 2px 0; clear: both; display: list-item; float: none; position: static;\"><b>Inne oznaczenia:<\/b> FR, XL, 3PMSF, M+S<\/li>\n<\/ul>\n<h2>Oznaczenia dodatkowe:<\/h2>\n<ul style=\"margin: 15px 0; padding-left: 20px; clear: both; display: block; width: 100%; float: none; position: static;\">\n<li style=\"margin: 5px 0; padding: 2px 0; clear: both; display: list-item; float: none; position: static;\"><b>FR:<\/b> Opona posiada specjalny rant chroni\u0105cy felg\u0119 przed uszkodzeniem oraz porysowaniem np. podczas kontaktu z kraw\u0119\u017cnikiem.<\/li>\n<li style=\"margin: 5px 0; padding: 2px 0; clear: both; display: list-item; float: none; position: static;\"><b>XL:<\/b> Opona wzmacniana co oznacza, \u017ce charakteryzuje si\u0119 zwi\u0119kszon\u0105 no\u015bno\u015bci\u0105 (pozwala na wi\u0119kszy ud\u017awig). Opony wzmacniane rekomendowane s\u0105 do aut o wi\u0119kszej mocy silnika (ponad 120KM), pojazd\u00f3w z nadwoziem kombi oraz samochod\u00f3w segmentu SUV. Opony takie na swoim boku maj\u0105 zapis XL lub extra load.<\/li>\n<li style=\"margin: 5px 0; padding: 2px 0; clear: both; display: list-item; float: none; position: static;\"><b>3PMSF:<\/b> Symbol p\u0142atka \u015bniegu na tle potr\u00f3jnego szczytu (symbol alpejski) oznaczaj\u0105cy, \u017ce opony gwarantuj\u0105 niezawodno\u015b\u0107 i bezpiecze\u0144stwo na \u015bniegu. Oznaczenie otrzymuj\u0105 wy\u0142\u0105cznie opony, kt\u00f3re otrzyma\u0142y pozytywny wynik w znormalizowanych testach osi\u0105g\u00f3w w zakresie mobilno\u015bci i bezpiecze\u0144stwa w warunkach zimowych.<\/li>\n<li style=\"margin: 5px 0; padding: 2px 0; clear: both; display: list-item; float: none; position: static;\"><b>M+S:<\/b> Opona o konstrukcji zoptymalizowanej pod k\u0105tem przyczepno\u015bci na b\u0142ocie oraz \u015bwie\u017cym lub topniej\u0105cym \u015bniegu. Stanowi deklaracj\u0119 producenta, \u017ce dana opona radzi sobie lepiej w b\u0142ocie czy \u015bniegu ni\u017c standardowa.<\/li>\n<\/ul>\n<\/div>\n<\/div>\n<div style=\"clear: both; display: block; margin: 10px 0;\">\n<div style=\"clear: both; display: block; margin: 10px 0;\">\n<div  style=\"max-width:800px;max-height:800px\">\n<div style=\"clear: both; display: block; margin: 10px 0;\">\n<div style=\"clear: both; width: 100%; display: block; margin: 20px 0; padding: 0; float: none; position: static; text-align: center;\"><img decoding=\"async\"  src=\"https:\/\/a.allegroimg.com\/original\/114de8\/0168252f43789824c50679fb57b3\/2x-Opony-Zimowe-235-50R18-Matador-MP93-Nordicca\" srcset=\"https:\/\/a.allegroimg.com\/original\/114de8\/0168252f43789824c50679fb57b3\/2x-Opony-Zimowe-235-50R18-Matador-MP93-Nordicca 360w,https:\/\/a.allegroimg.com\/original\/114de8\/0168252f43789824c50679fb57b3\/2x-Opony-Zimowe-235-50R18-Matador-MP93-Nordicca 720w,https:\/\/a.allegroimg.com\/original\/114de8\/0168252f43789824c50679fb57b3\/2x-Opony-Zimowe-235-50R18-Matador-MP93-Nordicca 800w,https:\/\/a.allegroimg.com\/original\/114de8\/0168252f43789824c50679fb57b3\/2x-Opony-Zimowe-235-50R18-Matador-MP93-Nordicca 800w\" sizes=\"(min-width: 1200px) 560px, (min-width: 992px) 50vw, 100vw\" width=\"800px\" alt=\"2x Opony Zimowe 235\/50R18 Matador MP93 Nordicca\"\/ style=\"max-width: 100%; height: auto; display: block; margin: 0 auto;\"><\/div>\n<\/div>\n<\/div>\n<\/div>\n<\/div>\n<\/div>\n<div style=\"clear: both; display: block; margin: 10px 0;\">\n<div style=\"clear: both; display: block; margin: 10px 0;\">\n<div style=\"clear: both; display: block; margin: 10px 0;\">\n<div  style=\"max-width:886px;max-height:1299px\">\n<div style=\"clear: both; display: block; margin: 10px 0;\">\n<div style=\"clear: both; width: 100%; display: block; margin: 20px 0; padding: 0; float: none; position: static; text-align: center;\"><img decoding=\"async\"  src=\"https:\/\/a.allegroimg.com\/original\/111b99\/01ce05f14ba7851e21c6ebf5f75b\/2x-Opony-Zimowe-235-50R18-Matador-MP93-Nordicca-Marka-Matador\" srcset=\"https:\/\/a.allegroimg.com\/original\/111b99\/01ce05f14ba7851e21c6ebf5f75b\/2x-Opony-Zimowe-235-50R18-Matador-MP93-Nordicca-Marka-Matador 245w,https:\/\/a.allegroimg.com\/original\/111b99\/01ce05f14ba7851e21c6ebf5f75b\/2x-Opony-Zimowe-235-50R18-Matador-MP93-Nordicca-Marka-Matador 491w,https:\/\/a.allegroimg.com\/original\/111b99\/01ce05f14ba7851e21c6ebf5f75b\/2x-Opony-Zimowe-235-50R18-Matador-MP93-Nordicca-Marka-Matador 698w,https:\/\/a.allegroimg.com\/original\/111b99\/01ce05f14ba7851e21c6ebf5f75b\/2x-Opony-Zimowe-235-50R18-Matador-MP93-Nordicca-Marka-Matador 886w,https:\/\/a.allegroimg.com\/original\/111b99\/01ce05f14ba7851e21c6ebf5f75b\/2x-Opony-Zimowe-235-50R18-Matador-MP93-Nordicca-Marka-Matador 886w\" sizes=\"(min-width: 1200px) 560px, (min-width: 992px) 50vw, 100vw\" width=\"886px\" alt=\"2x Opony Zimowe 235\/50R18 Matador MP93 Nordicca Marka Matador\"\/ style=\"max-width: 100%; height: auto; display: block; margin: 0 auto;\"><\/div>\n<\/div>\n<\/div>\n<\/div>\n<\/div>\n<div style=\"clear: both; display: block; margin: 10px 0;\">\n<div style=\"clear: both; display: block; margin: 10px 0;\">\n<h1> Najnowsza etykieta opony <\/h1>\n<h2> Op\u00f3r toczenia &#8211; klasa D <\/h2>\n<p style=\"margin: 15px 0; line-height: 1.8; clear: both; display: block; width: 100%; float: none; position: static;\"> Zu\u017cycie paliwa odgrywa wa\u017cn\u0105 rol\u0119 z ekonomicznego i ekologicznego punktu widzenia. Im ni\u017csze opory toczenia, tym mniejsza ilo\u015b\u0107 zu\u017cywanej energii oraz ni\u017csze zu\u017cycie paliwa i emisja CO2. Przyk\u0142adowo r\u00f3\u017cnica w spalaniu mi\u0119dzy klas\u0105 E oraz C wynosi 1\/10 litra na 100km. <\/p>\n<h2> Przyczepno\u015b\u0107 na mokrym &#8211; klasa C <\/h2>\n<p style=\"margin: 15px 0; line-height: 1.8; clear: both; display: block; width: 100%; float: none; position: static;\"> Klasyfikacja przyczepno\u015bci wskazuje, jak dobrze opona b\u0119dzie si\u0119 zachowywa\u0107 na mokrej nawierzchni, a jej osi\u0105gi s\u0105 oceniane w skali od klasy A do G. Ocena A oznacza kr\u00f3tk\u0105 drog\u0119 hamowania na mokrej nawierzchni. <\/p>\n<h2> Ha\u0142as zewn\u0119trzny &#8211; klasa B <\/h2>\n<p style=\"margin: 15px 0; line-height: 1.8; clear: both; display: block; width: 100%; float: none; position: static;\"> Poziom ha\u0142asu zewn\u0119trznego (w decybelach) emitowanego przez opon\u0119 auta poruszaj\u0105cego si\u0119 z pr\u0119dko\u015bci\u0105 80km\/h. Opona zimowa 235 50 18 Matador MP93 Nordicca emituje ha\u0142as na poziomie 72 decybeli. <\/p>\n<\/div>\n<\/div>\n<\/div>\n<div style=\"clear: both; display: block; margin: 10px 0;\">\n<div style=\"clear: both; display: block; margin: 10px 0;\">\n<div style=\"clear: both; display: block; margin: 10px 0;\">\n<h1> Rok produkcji opon &#8211; min. 2025 <\/h1>\n<p style=\"margin: 15px 0; line-height: 1.8; clear: both; display: block; width: 100%; float: none; position: static;\"> B\u0119d\u0105c autoryzowanym i certyfikowanym dystrybutorem marki Matador, jeste\u015bmy w gronie nielicznych firm oferuj\u0105cych opony pochodz\u0105ce wy\u0142\u0105cznie z tegorocznej produkcji tj. <b>2025<\/b>. Dzi\u0119ki temu, i\u017c ka\u017cdy produkt przed przyj\u0119ciem na magazyn zosta\u0142 r\u0119cznie zweryfikowany, masz pewno\u015b\u0107 otrzymania nowych, pe\u0142nowarto\u015bciowych opon, kt\u00f3rych produkcja mia\u0142a miejsce w tym roku. <\/p>\n<p style=\"margin: 15px 0; line-height: 1.8; clear: both; display: block; width: 100%; float: none; position: static;\"> Na magazynie mamy w chwili obecnej oko\u0142o 12 tysi\u0119cy r\u00f3\u017cnych opon wyprodukowanych w <b>2025 roku<\/b>. Pe\u0142na automatyzacja magazynu gwarantuje, i\u017c wszystkie zakupione przez Ciebie opony b\u0119d\u0105 pochodzi\u0142y z tej samej linii produkcyjnej. Mo\u017cesz zatem spa\u0107 spokojnie, je\u017celi jest to dla Ciebie kluczowy parametr. <\/p>\n<p style=\"margin: 15px 0; line-height: 1.8; clear: both; display: block; width: 100%; float: none; position: static;\"> Mimo, i\u017c wed\u0142ug polskiej normy PN-C-94300-7 opony do 3 lat od daty ich produkcji zachowuj\u0105 100% w\u0142a\u015bciwo\u015bci oraz wszystkie swoje parametry w zakresie bezpiecze\u0144stwa i eksploatacji, wychodzimy z nasz\u0105 ofert\u0105 naprzeciw oczekiwaniom kierowc\u00f3w, daj\u0105c im mo\u017cliwo\u015b\u0107 zakupu <b>opon tegorocznych<\/b>. <\/p>\n<\/div>\n<\/div>\n<div style=\"clear: both; display: block; margin: 10px 0;\">\n<div style=\"clear: both; display: block; margin: 10px 0;\">\n<div  style=\"max-width:500px;max-height:500px\">\n<div style=\"clear: both; display: block; margin: 10px 0;\">\n<div style=\"clear: both; width: 100%; display: block; margin: 20px 0; padding: 0; float: none; position: static; text-align: center;\"><img decoding=\"async\"  src=\"https:\/\/a.allegroimg.com\/original\/11f97e\/fa0ac9b542a5a2581f216506763d\/2x-Opony-Zimowe-235-50R18-Matador-MP93-Nordicca-Profil-opony-50\" srcset=\"https:\/\/a.allegroimg.com\/original\/11f97e\/fa0ac9b542a5a2581f216506763d\/2x-Opony-Zimowe-235-50R18-Matador-MP93-Nordicca-Profil-opony-50 360w,https:\/\/a.allegroimg.com\/original\/11f97e\/fa0ac9b542a5a2581f216506763d\/2x-Opony-Zimowe-235-50R18-Matador-MP93-Nordicca-Profil-opony-50 500w,https:\/\/a.allegroimg.com\/original\/11f97e\/fa0ac9b542a5a2581f216506763d\/2x-Opony-Zimowe-235-50R18-Matador-MP93-Nordicca-Profil-opony-50 500w\" sizes=\"(min-width: 1200px) 560px, (min-width: 992px) 50vw, 100vw\" width=\"500px\" alt=\"2x Opony Zimowe 235\/50R18 Matador MP93 Nordicca Profil opony 50\"\/ style=\"max-width: 100%; height: auto; display: block; margin: 0 auto;\"><\/div>\n<\/div>\n<\/div>\n<\/div>\n<\/div>\n<\/div>\n<div style=\"clear: both; display: block; margin: 10px 0;\">\n<div style=\"clear: both; display: block; margin: 10px 0;\">\n<div style=\"clear: both; display: block; margin: 10px 0;\">\n<div  style=\"max-width:500px;max-height:500px\">\n<div style=\"clear: both; display: block; margin: 10px 0;\">\n<div style=\"clear: both; width: 100%; display: block; margin: 20px 0; padding: 0; float: none; position: static; text-align: center;\"><img decoding=\"async\"  src=\"https:\/\/a.allegroimg.com\/original\/11e69f\/1aac436f45a0bd6a4a39d6285698\/2x-Opony-Zimowe-235-50R18-Matador-MP93-Nordicca-Szerokosc-opony-235-mm\" srcset=\"https:\/\/a.allegroimg.com\/original\/11e69f\/1aac436f45a0bd6a4a39d6285698\/2x-Opony-Zimowe-235-50R18-Matador-MP93-Nordicca-Szerokosc-opony-235-mm 360w,https:\/\/a.allegroimg.com\/original\/11e69f\/1aac436f45a0bd6a4a39d6285698\/2x-Opony-Zimowe-235-50R18-Matador-MP93-Nordicca-Szerokosc-opony-235-mm 500w,https:\/\/a.allegroimg.com\/original\/11e69f\/1aac436f45a0bd6a4a39d6285698\/2x-Opony-Zimowe-235-50R18-Matador-MP93-Nordicca-Szerokosc-opony-235-mm 500w\" sizes=\"(min-width: 1200px) 560px, (min-width: 992px) 50vw, 100vw\" width=\"500px\" alt=\"2x Opony Zimowe 235\/50R18 Matador MP93 Nordicca Szeroko\u015b\u0107 opony 235 mm\"\/ style=\"max-width: 100%; height: auto; display: block; margin: 0 auto;\"><\/div>\n<\/div>\n<\/div>\n<\/div>\n<\/div>\n<div style=\"clear: both; display: block; margin: 10px 0;\">\n<div style=\"clear: both; display: block; margin: 10px 0;\">\n<h1> Opony zimowe Matador <\/h1>\n<h2>\n","protected":false},"excerpt":{"rendered":"<p>2x Opony zimowe Matador MP93 Nordicca 235\/50R18 101V XL FR \/ Produkcja 2025<\/p>\n<p>G\u0142\u00f3wne cechy:<\/p>\n<p>Stan: nowe<\/p>\n<p>Aukcja dotyczy: 2 sztuk (pary opon)<\/p>\n<p>Sezon: opony zimowe<\/p>\n<p>Przeznaczenie: auta osobowe, SUV, 4&#215;4<\/p>\n<p>Rok produkcji: nie starsze jak 2025<\/p>\n<p>Gwarancia: 7 lat od daty zakupu<\/p>\n","protected":false},"featured_media":12707,"template":"","meta":{"_uag_custom_page_level_css":""},"product_brand":[373],"product_cat":[414,413,412,415],"product_tag":[],"class_list":{"0":"post-12706","1":"product","2":"type-product","3":"status-publish","4":"has-post-thumbnail","6":"product_brand-matador","7":"product_cat-do-samochodow-osobowych-i-suv","8":"product_cat-opony","9":"product_cat-opony-i-felgi","10":"product_cat-zimowe","12":"first","13":"instock","14":"shipping-taxable","15":"purchasable","16":"product-type-simple"},"uagb_featured_image_src":{"full":["https:\/\/oponixo.shop\/tire\/wp-content\/uploads\/2026\/01\/allegro-image-12706.jpg",800,800,false],"thumbnail":["https:\/\/oponixo.shop\/tire\/wp-content\/uploads\/2026\/01\/allegro-image-12706-150x150.jpg",150,150,true],"medium":["https:\/\/oponixo.shop\/tire\/wp-content\/uploads\/2026\/01\/allegro-image-12706-300x300.jpg",300,300,true],"medium_large":["https:\/\/oponixo.shop\/tire\/wp-content\/uploads\/2026\/01\/allegro-image-12706-768x768.jpg",768,768,true],"large":["https:\/\/oponixo.shop\/tire\/wp-content\/uploads\/2026\/01\/allegro-image-12706.jpg",800,800,false],"1536x1536":["https:\/\/oponixo.shop\/tire\/wp-content\/uploads\/2026\/01\/allegro-image-12706.jpg",800,800,false],"2048x2048":["https:\/\/oponixo.shop\/tire\/wp-content\/uploads\/2026\/01\/allegro-image-12706.jpg",800,800,false],"woocommerce_thumbnail":["https:\/\/oponixo.shop\/tire\/wp-content\/uploads\/2026\/01\/allegro-image-12706-300x300.jpg",300,300,true],"woocommerce_single":["https:\/\/oponixo.shop\/tire\/wp-content\/uploads\/2026\/01\/allegro-image-12706-600x600.jpg",600,600,true],"woocommerce_gallery_thumbnail":["https:\/\/oponixo.shop\/tire\/wp-content\/uploads\/2026\/01\/allegro-image-12706-100x100.jpg",100,100,true]},"uagb_author_info":{"display_name":"admin","author_link":"https:\/\/oponixo.shop\/tire\/author\/"},"uagb_comment_info":0,"uagb_excerpt":"2x Opony zimowe Matador MP93 Nordicca 235\/50R18 101V XL FR \/ Produkcja 2025 G\u0142\u00f3wne cechy: Stan: nowe Aukcja dotyczy: 2 sztuk (pary opon) Sezon: opony zimowe Przeznaczenie: auta osobowe, SUV, 4x4 Rok produkcji: nie starsze jak 2025 Gwarancia: 7 lat od daty zakupu","_links":{"self":[{"href":"https:\/\/oponixo.shop\/tire\/wp-json\/wp\/v2\/product\/12706","targetHints":{"allow":["GET"]}}],"collection":[{"href":"https:\/\/oponixo.shop\/tire\/wp-json\/wp\/v2\/product"}],"about":[{"href":"https:\/\/oponixo.shop\/tire\/wp-json\/wp\/v2\/types\/product"}],"wp:featuredmedia":[{"embeddable":true,"href":"https:\/\/oponixo.shop\/tire\/wp-json\/wp\/v2\/media\/12707"}],"wp:attachment":[{"href":"https:\/\/oponixo.shop\/tire\/wp-json\/wp\/v2\/media?parent=12706"}],"wp:term":[{"taxonomy":"product_brand","embeddable":true,"href":"https:\/\/oponixo.shop\/tire\/wp-json\/wp\/v2\/product_brand?post=12706"},{"taxonomy":"product_cat","embeddable":true,"href":"https:\/\/oponixo.shop\/tire\/wp-json\/wp\/v2\/product_cat?post=12706"},{"taxonomy":"product_tag","embeddable":true,"href":"https:\/\/oponixo.shop\/tire\/wp-json\/wp\/v2\/product_tag?post=12706"}],"curies":[{"name":"wp","href":"https:\/\/api.w.org\/{rel}","templated":true}]}}