{"id":12704,"date":"2026-01-04T01:52:38","date_gmt":"2026-01-04T00:52:38","guid":{"rendered":"https:\/\/oponyexpert.shop\/xef5\/produkt\/2x-nokian-seasonproof-2-235-50r18-101v-xl-2024-r\/"},"modified":"2026-01-04T01:52:38","modified_gmt":"2026-01-04T00:52:38","slug":"2x-nokian-seasonproof-2-235-50r18-101v-xl-2024-r","status":"publish","type":"product","link":"https:\/\/oponixo.shop\/tire\/produkt\/2x-nokian-seasonproof-2-235-50r18-101v-xl-2024-r\/","title":{"rendered":"2x NOKIAN SeasonProof 2 235\/50R18 101V XL 2024 r"},"content":{"rendered":"<div style=\"font-family: Arial, sans-serif; line-height: 1.6; color: #333; padding: 20px; clear: both; display: block; width: 100%; float: none; position: static; overflow: hidden;\">\n<div style=\"clear: both; display: block; margin: 10px 0;\">\n<div style=\"clear: both; display: block; margin: 10px 0;\">\n<div style=\"clear: both; display: block; margin: 10px 0;\">\n<div  style=\"max-width:1200px;max-height:1126px\">\n<div style=\"clear: both; display: block; margin: 10px 0;\">\n<div style=\"clear: both; width: 100%; display: block; margin: 20px 0; padding: 0; float: none; position: static; text-align: center;\"><img decoding=\"async\"  src=\"https:\/\/a.allegroimg.com\/original\/112e02\/98567a7046368d38978632bb61cc\/2x-NOKIAN-SeasonProof-2-235-50R18-101V-XL-2024-r\" srcset=\"https:\/\/a.allegroimg.com\/original\/112e02\/98567a7046368d38978632bb61cc\/2x-NOKIAN-SeasonProof-2-235-50R18-101V-XL-2024-r 360w,https:\/\/a.allegroimg.com\/original\/112e02\/98567a7046368d38978632bb61cc\/2x-NOKIAN-SeasonProof-2-235-50R18-101V-XL-2024-r 720w,https:\/\/a.allegroimg.com\/original\/112e02\/98567a7046368d38978632bb61cc\/2x-NOKIAN-SeasonProof-2-235-50R18-101V-XL-2024-r 1024w,https:\/\/a.allegroimg.com\/original\/112e02\/98567a7046368d38978632bb61cc\/2x-NOKIAN-SeasonProof-2-235-50R18-101V-XL-2024-r 1200w,https:\/\/a.allegroimg.com\/original\/112e02\/98567a7046368d38978632bb61cc\/2x-NOKIAN-SeasonProof-2-235-50R18-101V-XL-2024-r 1200w\" sizes=\"(min-width: 1200px) 560px, (min-width: 992px) 50vw, 100vw\" width=\"1200px\" alt=\"2x NOKIAN SeasonProof 2 235\/50R18 101V XL 2024 r\"\/ style=\"max-width: 100%; height: auto; display: block; margin: 0 auto;\"><\/div>\n<\/div>\n<\/div>\n<\/div>\n<\/div>\n<div style=\"clear: both; display: block; margin: 10px 0;\">\n<div style=\"clear: both; display: block; margin: 10px 0;\">\n<h1>NOKIAN SeasonProof 2 235\/50R18 101V XL<\/h1>\n<h2>H156ZF<\/h2>\n<\/div>\n<\/div>\n<\/div>\n<div style=\"clear: both; display: block; margin: 10px 0;\">\n<div style=\"clear: both; display: block; margin: 10px 0;\">\n<div style=\"clear: both; display: block; margin: 10px 0;\">\n<ul style=\"margin: 15px 0; padding-left: 20px; clear: both; display: block; width: 100%; float: none; position: static;\">\n<li style=\"margin: 5px 0; padding: 2px 0; clear: both; display: list-item; float: none; position: static;\"><b>Indeks :<\/b> 235\/50R18 CTNO 101V SP2<\/li>\n<li style=\"margin: 5px 0; padding: 2px 0; clear: both; display: list-item; float: none; position: static;\"><b>Kl. zew. ha\u0142asu tocz. :<\/b> B<\/li>\n<li style=\"margin: 5px 0; padding: 2px 0; clear: both; display: list-item; float: none; position: static;\"><b>Przyczepno\u015b\u0107 na mokrej nawierzchni :<\/b> A<\/li>\n<li style=\"margin: 5px 0; padding: 2px 0; clear: both; display: list-item; float: none; position: static;\"><b>Kod EAN :<\/b> 6419440629964<\/li>\n<li style=\"margin: 5px 0; padding: 2px 0; clear: both; display: list-item; float: none; position: static;\"><b>Indeks no\u015bno\u015bci :<\/b> 101 = 825 kg<\/li>\n<li style=\"margin: 5px 0; padding: 2px 0; clear: both; display: list-item; float: none; position: static;\"><b>Oznaczenie M+S :<\/b> 3PMSF, M+S<\/li>\n<li style=\"margin: 5px 0; padding: 2px 0; clear: both; display: list-item; float: none; position: static;\"><b>Opory toczenia :<\/b> B<\/li>\n<li style=\"margin: 5px 0; padding: 2px 0; clear: both; display: list-item; float: none; position: static;\"><b>Klasa opony :<\/b> C1<\/li>\n<li style=\"margin: 5px 0; padding: 2px 0; clear: both; display: list-item; float: none; position: static;\"><b>Indeks pr\u0119dko\u015bci :<\/b> V &#8211; &lt;240 km\/h<\/li>\n<li style=\"margin: 5px 0; padding: 2px 0; clear: both; display: list-item; float: none; position: static;\"><b>Marka :<\/b> NOKIAN<\/li>\n<li style=\"margin: 5px 0; padding: 2px 0; clear: both; display: list-item; float: none; position: static;\"><b>Bie\u017cnik :<\/b> SeasonProof 2<\/li>\n<li style=\"margin: 5px 0; padding: 2px 0; clear: both; display: list-item; float: none; position: static;\"><b>Ha\u0142as zewn\u0119trzny [dB] :<\/b> 70<\/li>\n<li style=\"margin: 5px 0; padding: 2px 0; clear: both; display: list-item; float: none; position: static;\"><b>Karta informacyjna produktu :<\/b> https:\/\/eprel.ec.europa.eu\/qr\/1878801<\/li>\n<li style=\"margin: 5px 0; padding: 2px 0; clear: both; display: list-item; float: none; position: static;\"><b>Typ wzmocnienia :<\/b> XL<\/li>\n<li style=\"margin: 5px 0; padding: 2px 0; clear: both; display: list-item; float: none; position: static;\"><b>Rozmiar :<\/b> 235\/50R18<\/li>\n<li style=\"margin: 5px 0; padding: 2px 0; clear: both; display: list-item; float: none; position: static;\"><b>Przyczepno\u015b\u0107 na \u015bniegu :<\/b> 1<\/li>\n<li style=\"margin: 5px 0; padding: 2px 0; clear: both; display: list-item; float: none; position: static;\"><b>\u015arednica :<\/b> 18<\/li>\n<li style=\"margin: 5px 0; padding: 2px 0; clear: both; display: list-item; float: none; position: static;\"><b>D\u0119tka :<\/b> TL<\/li>\n<li style=\"margin: 5px 0; padding: 2px 0; clear: both; display: list-item; float: none; position: static;\"><b>Kod producenta :<\/b> T433472<\/li>\n<li style=\"margin: 5px 0; padding: 2px 0; clear: both; display: list-item; float: none; position: static;\"><b>Szeroko\u015b\u0107 :<\/b> 235<\/li>\n<li style=\"margin: 5px 0; padding: 2px 0; clear: both; display: list-item; float: none; position: static;\"><b>Profil :<\/b> 50<\/li>\n<li style=\"margin: 5px 0; padding: 2px 0; clear: both; display: list-item; float: none; position: static;\"><b>Opona wzmocniona :<\/b> 1<\/li>\n<li style=\"margin: 5px 0; padding: 2px 0; clear: both; display: list-item; float: none; position: static;\"><b>Klasa :<\/b> Premium<\/li>\n<li style=\"margin: 5px 0; padding: 2px 0; clear: both; display: list-item; float: none; position: static;\"><b>Typ (konstrukcja) :<\/b> [R]-Radialna<\/li>\n<li style=\"margin: 5px 0; padding: 2px 0; clear: both; display: list-item; float: none; position: static;\"><b>Sezon :<\/b> Ca\u0142oroczna<\/li>\n<li style=\"margin: 5px 0; padding: 2px 0; clear: both; display: list-item; float: none; position: static;\"><b>Typ opony :<\/b> Opona 4&#215;4\/SUV<\/li>\n<li style=\"margin: 5px 0; padding: 2px 0; clear: both; display: list-item; float: none; position: static;\"><b>Przeznaczenie :<\/b> Opony osobowe, SUV\/4&#215;4<\/li>\n<li style=\"margin: 5px 0; padding: 2px 0; clear: both; display: list-item; float: none; position: static;\"><b>Dedykowana o\u015b :<\/b> Prz\u00f3d\/Ty\u0142<\/li>\n<\/ul>\n<\/div>\n<\/div>\n<\/div>\n<div style=\"clear: both; display: block; margin: 10px 0;\">\n<div style=\"clear: both; display: block; margin: 10px 0;\">\n<div style=\"clear: both; display: block; margin: 10px 0;\">\n<div  style=\"max-width:547px;max-height:273px\">\n<div style=\"clear: both; display: block; margin: 10px 0;\">\n<div style=\"clear: both; width: 100%; display: block; margin: 20px 0; padding: 0; float: none; position: static; text-align: center;\"><img decoding=\"async\"  src=\"https:\/\/a.allegroimg.com\/original\/11d2fe\/88c2ff7e4b5aa5747a9d5bc4421b\/2x-NOKIAN-SeasonProof-2-235-50R18-101V-XL-2024-r-Srednica-18\" srcset=\"https:\/\/a.allegroimg.com\/original\/11d2fe\/88c2ff7e4b5aa5747a9d5bc4421b\/2x-NOKIAN-SeasonProof-2-235-50R18-101V-XL-2024-r-Srednica-18 360w,https:\/\/a.allegroimg.com\/original\/11d2fe\/88c2ff7e4b5aa5747a9d5bc4421b\/2x-NOKIAN-SeasonProof-2-235-50R18-101V-XL-2024-r-Srednica-18 547w,https:\/\/a.allegroimg.com\/original\/11d2fe\/88c2ff7e4b5aa5747a9d5bc4421b\/2x-NOKIAN-SeasonProof-2-235-50R18-101V-XL-2024-r-Srednica-18 547w\" sizes=\"(min-width: 1200px) 560px, (min-width: 992px) 50vw, 100vw\" width=\"547px\" alt=\"2x NOKIAN SeasonProof 2 235\/50R18 101V XL 2024 r \u015arednica 18&quot;\"\/ style=\"max-width: 100%; height: auto; display: block; margin: 0 auto;\"><\/div>\n<\/div>\n<\/div>\n<\/div>\n<\/div>\n<div style=\"clear: both; display: block; margin: 10px 0;\">\n<div style=\"clear: both; display: block; margin: 10px 0;\">\n<h1>Nokian<\/h1>\n<p style=\"margin: 15px 0; line-height: 1.8; clear: both; display: block; width: 100%; float: none; position: static;\">**120 LAT INNOWACJI**<br \/>\nKorzenie firmy NOKIAN TYRES, kt\u00f3ra jest najdalej na p\u00f3\u0142noc wysuni\u0119tym producentem opon, si\u0119gaj\u0105 ponad stu lat wstecz. Dzi\u015b korzystamy z wielu dziesi\u0119cioleci do\u015bwiadcze\u0144 wdra\u017caj\u0105c kolejne innowacje, kt\u00f3re zapewni\u0105 bezpiecze\u0144stwo milionom u\u017cytkownik\u00f3w dr\u00f3g. Nasza historia jest d\u0142uga, ale jeszcze wi\u0119cej przed nami.<\/p>\n<p>**PONAD 80 LAT OD WYNALEZIENIA OPONY ZIMOWEJ**<br \/>\nPierwsz\u0105 na \u015bwiecie opon\u0119 zimow\u0105, poprzednikiem Nokian Hakkapeliitta, by\u0142 Kelirengas (\u201eopona pogodowa&#8221;). Opona zosta\u0142a wyprodukowana przez Suomen Gummitehdas Osakeyhti\u00f6, firm\u0119 kt\u00f3ra p\u00f3\u017aniej przekszta\u0142ci\u0142a si\u0119 w Nokian Tyres, i wprowadzona na rynek w 1934 roku. Opona zimowa ma ju\u017c ponad 80 lat.<\/p>\n<p>**Inteligentne technologie transportowe oraz opony zimowe wyprodukowane z biomateria\u0142\u00f3w**<br \/>\nWyobra\u017caj\u0105c sobie kierowanie za 20 lat, mamy przed oczyma rewolucyjne, inteligentne technologie transportowe, samokieruj\u0105ce si\u0119 pojazdy elektryczne oraz opony zimowe wyprodukowane z biomateria\u0142\u00f3w.<\/p>\n<\/div>\n<\/div>\n<\/div>\n<\/div>\n<\/div>\n<\/div>\n<div style=\"clear: both; display: block; margin: 10px 0;\">\n","protected":false},"excerpt":{"rendered":"<p>NOKIAN SeasonProof 2 235\/50R18 101V XL<\/p>\n<p>H156ZF<\/p>\n<p>Indeks : 235\/50R18 CTNO 101V SP2<\/p>\n<p>Kl. zew. ha\u0142asu tocz. : B<\/p>\n<p>Przyczepno\u015b\u0107 na mokrej nawierzchni : A<\/p>\n<p>Kod EAN : 6419440629964<\/p>\n<p>Indeks no\u015bno\u015bci : 101 = 825 kg<\/p>\n<p>Oznaczenie M+S : 3PMSF, M+S<\/p>\n","protected":false},"featured_media":12705,"template":"","meta":{"_uag_custom_page_level_css":""},"product_brand":[387],"product_cat":[416,414,413,412],"product_tag":[],"class_list":{"0":"post-12704","1":"product","2":"type-product","3":"status-publish","4":"has-post-thumbnail","6":"product_brand-nokian-tyres","7":"product_cat-caloroczne","8":"product_cat-do-samochodow-osobowych-i-suv","9":"product_cat-opony","10":"product_cat-opony-i-felgi","12":"first","13":"instock","14":"shipping-taxable","15":"purchasable","16":"product-type-simple"},"uagb_featured_image_src":{"full":["https:\/\/oponixo.shop\/tire\/wp-content\/uploads\/2026\/01\/allegro-image-12704.jpg",1200,1126,false],"thumbnail":["https:\/\/oponixo.shop\/tire\/wp-content\/uploads\/2026\/01\/allegro-image-12704-150x150.jpg",150,150,true],"medium":["https:\/\/oponixo.shop\/tire\/wp-content\/uploads\/2026\/01\/allegro-image-12704-300x282.jpg",300,282,true],"medium_large":["https:\/\/oponixo.shop\/tire\/wp-content\/uploads\/2026\/01\/allegro-image-12704-768x721.jpg",768,721,true],"large":["https:\/\/oponixo.shop\/tire\/wp-content\/uploads\/2026\/01\/allegro-image-12704-1024x961.jpg",1024,961,true],"1536x1536":["https:\/\/oponixo.shop\/tire\/wp-content\/uploads\/2026\/01\/allegro-image-12704.jpg",1200,1126,false],"2048x2048":["https:\/\/oponixo.shop\/tire\/wp-content\/uploads\/2026\/01\/allegro-image-12704.jpg",1200,1126,false],"woocommerce_thumbnail":["https:\/\/oponixo.shop\/tire\/wp-content\/uploads\/2026\/01\/allegro-image-12704-300x300.jpg",300,300,true],"woocommerce_single":["https:\/\/oponixo.shop\/tire\/wp-content\/uploads\/2026\/01\/allegro-image-12704-600x563.jpg",600,563,true],"woocommerce_gallery_thumbnail":["https:\/\/oponixo.shop\/tire\/wp-content\/uploads\/2026\/01\/allegro-image-12704-100x100.jpg",100,100,true]},"uagb_author_info":{"display_name":"admin","author_link":"https:\/\/oponixo.shop\/tire\/author\/"},"uagb_comment_info":0,"uagb_excerpt":"NOKIAN SeasonProof 2 235\/50R18 101V XL H156ZF Indeks : 235\/50R18 CTNO 101V SP2 Kl. zew. ha\u0142asu tocz. : B Przyczepno\u015b\u0107 na mokrej nawierzchni : A Kod EAN : 6419440629964 Indeks no\u015bno\u015bci : 101 = 825 kg Oznaczenie M+S : 3PMSF, M+S","_links":{"self":[{"href":"https:\/\/oponixo.shop\/tire\/wp-json\/wp\/v2\/product\/12704","targetHints":{"allow":["GET"]}}],"collection":[{"href":"https:\/\/oponixo.shop\/tire\/wp-json\/wp\/v2\/product"}],"about":[{"href":"https:\/\/oponixo.shop\/tire\/wp-json\/wp\/v2\/types\/product"}],"wp:featuredmedia":[{"embeddable":true,"href":"https:\/\/oponixo.shop\/tire\/wp-json\/wp\/v2\/media\/12705"}],"wp:attachment":[{"href":"https:\/\/oponixo.shop\/tire\/wp-json\/wp\/v2\/media?parent=12704"}],"wp:term":[{"taxonomy":"product_brand","embeddable":true,"href":"https:\/\/oponixo.shop\/tire\/wp-json\/wp\/v2\/product_brand?post=12704"},{"taxonomy":"product_cat","embeddable":true,"href":"https:\/\/oponixo.shop\/tire\/wp-json\/wp\/v2\/product_cat?post=12704"},{"taxonomy":"product_tag","embeddable":true,"href":"https:\/\/oponixo.shop\/tire\/wp-json\/wp\/v2\/product_tag?post=12704"}],"curies":[{"name":"wp","href":"https:\/\/api.w.org\/{rel}","templated":true}]}}