{"id":12686,"date":"2026-01-04T01:52:32","date_gmt":"2026-01-04T00:52:32","guid":{"rendered":"https:\/\/oponyexpert.shop\/xef5\/produkt\/2x-215-60r16-opony-zimowe-16-2-sztuki-para\/"},"modified":"2026-01-04T01:52:32","modified_gmt":"2026-01-04T00:52:32","slug":"2x-215-60r16-opony-zimowe-16-2-sztuki-para","status":"publish","type":"product","link":"https:\/\/oponixo.shop\/tire\/produkt\/2x-215-60r16-opony-zimowe-16-2-sztuki-para\/","title":{"rendered":"2x 215\/60R16 OPONY ZIMOWE 16&apos;&apos; 2 sztuki PARA"},"content":{"rendered":"<div style=\"font-family: Arial, sans-serif; line-height: 1.6; color: #333; padding: 20px; clear: both; display: block; width: 100%; float: none; position: static; overflow: hidden;\">\n<div style=\"clear: both; display: block; margin: 10px 0;\">\n<div style=\"clear: both; display: block; margin: 10px 0;\">\n<div style=\"clear: both; display: block; margin: 10px 0;\">\n<div  style=\"max-width:467px;max-height:950px\">\n<div style=\"clear: both; display: block; margin: 10px 0;\">\n<div style=\"clear: both; width: 100%; display: block; margin: 20px 0; padding: 0; float: none; position: static; text-align: center;\"><img decoding=\"async\"  src=\"https:\/\/a.allegroimg.com\/original\/1125eb\/83eb0f674cf4bb115c08452d3bab\/2x-215-60R16-OPONY-ZIMOWE-16-2-sztuki-PARA-Rok-produkcji-2025\" srcset=\"https:\/\/a.allegroimg.com\/original\/1125eb\/83eb0f674cf4bb115c08452d3bab\/2x-215-60R16-OPONY-ZIMOWE-16-2-sztuki-PARA-Rok-produkcji-2025 176w,https:\/\/a.allegroimg.com\/original\/1125eb\/83eb0f674cf4bb115c08452d3bab\/2x-215-60R16-OPONY-ZIMOWE-16-2-sztuki-PARA-Rok-produkcji-2025 353w,https:\/\/a.allegroimg.com\/original\/1125eb\/83eb0f674cf4bb115c08452d3bab\/2x-215-60R16-OPONY-ZIMOWE-16-2-sztuki-PARA-Rok-produkcji-2025 467w,https:\/\/a.allegroimg.com\/original\/1125eb\/83eb0f674cf4bb115c08452d3bab\/2x-215-60R16-OPONY-ZIMOWE-16-2-sztuki-PARA-Rok-produkcji-2025 467w\" sizes=\"(min-width: 1200px) 560px, (min-width: 992px) 50vw, 100vw\" width=\"467px\" alt=\"2x 215\/60R16 OPONY ZIMOWE 16&#x27;&#x27; 2 sztuki PARA Rok produkcji 2025\"\/ style=\"max-width: 100%; height: auto; display: block; margin: 0 auto;\"><\/div>\n<\/div>\n<\/div>\n<\/div>\n<\/div>\n<div style=\"clear: both; display: block; margin: 10px 0;\">\n<div style=\"clear: both; display: block; margin: 10px 0;\">\n<p style=\"margin: 15px 0; line-height: 1.8; clear: both; display: block; width: 100%; float: none; position: static;\">Producent:&nbsp;<b>WINDFORCE<\/b><\/p>\n<p style=\"margin: 15px 0; line-height: 1.8; clear: both; display: block; width: 100%; float: none; position: static;\">Wz\u00f3r:&nbsp;<b>SNOWBLAZER<\/b><\/p>\n<p style=\"margin: 15px 0; line-height: 1.8; clear: both; display: block; width: 100%; float: none; position: static;\">Rozmiar:&nbsp;<b>215\/60R16<\/b><\/p>\n<p style=\"margin: 15px 0; line-height: 1.8; clear: both; display: block; width: 100%; float: none; position: static;\">Indeks no\u015bno\u015bci:&nbsp;<b>95<\/b><\/p>\n<p style=\"margin: 15px 0; line-height: 1.8; clear: both; display: block; width: 100%; float: none; position: static;\">Indeks pr\u0119dko\u015bci:&nbsp;<b>H do 210km\/h<\/b><\/p>\n<p style=\"margin: 15px 0; line-height: 1.8; clear: both; display: block; width: 100%; float: none; position: static;\">Data produkcji: <b>2024\/2025<\/b><\/p>\n<p style=\"margin: 15px 0; line-height: 1.8; clear: both; display: block; width: 100%; float: none; position: static;\">Cena dotyczy(szt):&nbsp;<b>2<\/b><\/p>\n<p style=\"margin: 15px 0; line-height: 1.8; clear: both; display: block; width: 100%; float: none; position: static;\">Sezon:&nbsp;<b>Zimowe<\/b><\/p>\n<\/div>\n<\/div>\n<\/div>\n<div style=\"clear: both; display: block; margin: 10px 0;\">\n<div style=\"clear: both; display: block; margin: 10px 0;\">\n<div style=\"clear: both; display: block; margin: 10px 0;\">\n<p style=\"margin: 15px 0; line-height: 1.8; clear: both; display: block; width: 100%; float: none; position: static;\">Sprzedawane przez nas <b>I-gatunkowe<\/b> opony posiadaj\u0105 <b>HOMOLOGACJ\u0118<\/b> wydan\u0105 przez Ministerstwo Infrastruktury.<\/p>\n<\/div>\n<\/div>\n<\/div>\n<div style=\"clear: both; display: block; margin: 10px 0;\">\n<div style=\"clear: both; display: block; margin: 10px 0;\">\n<div style=\"clear: both; display: block; margin: 10px 0;\">\n<div  style=\"max-width:1243px;max-height:1200px\">\n<div style=\"clear: both; display: block; margin: 10px 0;\">\n<div style=\"clear: both; width: 100%; display: block; margin: 20px 0; padding: 0; float: none; position: static; text-align: center;\"><img decoding=\"async\"  src=\"https:\/\/a.allegroimg.com\/original\/11c91e\/f79509b54b11883555ca44635e1f\/2x-215-60R16-OPONY-ZIMOWE-16-2-sztuki-PARA\" srcset=\"https:\/\/a.allegroimg.com\/original\/11c91e\/f79509b54b11883555ca44635e1f\/2x-215-60R16-OPONY-ZIMOWE-16-2-sztuki-PARA 360w,https:\/\/a.allegroimg.com\/original\/11c91e\/f79509b54b11883555ca44635e1f\/2x-215-60R16-OPONY-ZIMOWE-16-2-sztuki-PARA 720w,https:\/\/a.allegroimg.com\/original\/11c91e\/f79509b54b11883555ca44635e1f\/2x-215-60R16-OPONY-ZIMOWE-16-2-sztuki-PARA 1023w,https:\/\/a.allegroimg.com\/original\/11c91e\/f79509b54b11883555ca44635e1f\/2x-215-60R16-OPONY-ZIMOWE-16-2-sztuki-PARA 1243w,https:\/\/a.allegroimg.com\/original\/11c91e\/f79509b54b11883555ca44635e1f\/2x-215-60R16-OPONY-ZIMOWE-16-2-sztuki-PARA 1243w\" sizes=\"100vw\" width=\"1243px\" alt=\"2x 215\/60R16 OPONY ZIMOWE 16&#x27;&#x27; 2 sztuki PARA\"\/ style=\"max-width: 100%; height: auto; display: block; margin: 0 auto;\"><\/div>\n<\/div>\n<\/div>\n<\/div>\n<\/div>\n<\/div>\n<div style=\"clear: both; display: block; margin: 10px 0;\">\n<div style=\"clear: both; display: block; margin: 10px 0;\">\n<div style=\"clear: both; display: block; margin: 10px 0;\">\n<div  style=\"max-width:2560px;max-height:2560px\">\n<div style=\"clear: both; display: block; margin: 10px 0;\">\n<div style=\"clear: both; width: 100%; display: block; margin: 20px 0; padding: 0; float: none; position: static; text-align: center;\"><img decoding=\"async\"  src=\"https:\/\/a.allegroimg.com\/original\/11cfd1\/b32fd29f4017873c056c1f2438f5\/2x-215-60R16-OPONY-ZIMOWE-16-2-sztuki-PARA-Liczba-opon-w-ofercie-2-szt\" srcset=\"https:\/\/a.allegroimg.com\/original\/11cfd1\/b32fd29f4017873c056c1f2438f5\/2x-215-60R16-OPONY-ZIMOWE-16-2-sztuki-PARA-Liczba-opon-w-ofercie-2-szt 360w,https:\/\/a.allegroimg.com\/original\/11cfd1\/b32fd29f4017873c056c1f2438f5\/2x-215-60R16-OPONY-ZIMOWE-16-2-sztuki-PARA-Liczba-opon-w-ofercie-2-szt 720w,https:\/\/a.allegroimg.com\/original\/11cfd1\/b32fd29f4017873c056c1f2438f5\/2x-215-60R16-OPONY-ZIMOWE-16-2-sztuki-PARA-Liczba-opon-w-ofercie-2-szt 1024w,https:\/\/a.allegroimg.com\/original\/11cfd1\/b32fd29f4017873c056c1f2438f5\/2x-215-60R16-OPONY-ZIMOWE-16-2-sztuki-PARA-Liczba-opon-w-ofercie-2-szt 1440w,https:\/\/a.allegroimg.com\/original\/11cfd1\/b32fd29f4017873c056c1f2438f5\/2x-215-60R16-OPONY-ZIMOWE-16-2-sztuki-PARA-Liczba-opon-w-ofercie-2-szt 2560w\" sizes=\"100vw\" width=\"2560px\" alt=\"2x 215\/60R16 OPONY ZIMOWE 16&#x27;&#x27; 2 sztuki PARA Liczba opon w ofercie 2 szt.\"\/ style=\"max-width: 100%; height: auto; display: block; margin: 0 auto;\"><\/div>\n<\/div>\n<\/div>\n<\/div>\n<\/div>\n<\/div>\n<div style=\"clear: both; display: block; margin: 10px 0;\">\n<div style=\"clear: both; display: block; margin: 10px 0;\">\n<div style=\"clear: both; display: block; margin: 10px 0;\">\n<div  style=\"max-width:467px;max-height:950px\">\n<div style=\"clear: both; display: block; margin: 10px 0;\">\n<div style=\"clear: both; width: 100%; display: block; margin: 20px 0; padding: 0; float: none; position: static; text-align: center;\"><img decoding=\"async\"  src=\"https:\/\/a.allegroimg.com\/original\/1125eb\/83eb0f674cf4bb115c08452d3bab\/2x-215-60R16-OPONY-ZIMOWE-16-2-sztuki-PARA-Rok-produkcji-2025\" srcset=\"https:\/\/a.allegroimg.com\/original\/1125eb\/83eb0f674cf4bb115c08452d3bab\/2x-215-60R16-OPONY-ZIMOWE-16-2-sztuki-PARA-Rok-produkcji-2025 176w,https:\/\/a.allegroimg.com\/original\/1125eb\/83eb0f674cf4bb115c08452d3bab\/2x-215-60R16-OPONY-ZIMOWE-16-2-sztuki-PARA-Rok-produkcji-2025 353w,https:\/\/a.allegroimg.com\/original\/1125eb\/83eb0f674cf4bb115c08452d3bab\/2x-215-60R16-OPONY-ZIMOWE-16-2-sztuki-PARA-Rok-produkcji-2025 467w,https:\/\/a.allegroimg.com\/original\/1125eb\/83eb0f674cf4bb115c08452d3bab\/2x-215-60R16-OPONY-ZIMOWE-16-2-sztuki-PARA-Rok-produkcji-2025 467w\" sizes=\"(min-width: 1200px) 560px, (min-width: 992px) 50vw, 100vw\" width=\"467px\" alt=\"2x 215\/60R16 OPONY ZIMOWE 16&#x27;&#x27; 2 sztuki PARA Rok produkcji 2025\"\/ style=\"max-width: 100%; height: auto; display: block; margin: 0 auto;\"><\/div>\n<\/div>\n<\/div>\n<\/div>\n<\/div>\n<div style=\"clear: both; display: block; margin: 10px 0;\">\n<div style=\"clear: both; display: block; margin: 10px 0;\">\n<div  style=\"max-width:467px;max-height:950px\">\n<div style=\"clear: both; display: block; margin: 10px 0;\">\n<div style=\"clear: both; width: 100%; display: block; margin: 20px 0; padding: 0; float: none; position: static; text-align: center;\"><img decoding=\"async\"  src=\"https:\/\/a.allegroimg.com\/original\/1125eb\/83eb0f674cf4bb115c08452d3bab\/2x-215-60R16-OPONY-ZIMOWE-16-2-sztuki-PARA-Rok-produkcji-2025\" srcset=\"https:\/\/a.allegroimg.com\/original\/1125eb\/83eb0f674cf4bb115c08452d3bab\/2x-215-60R16-OPONY-ZIMOWE-16-2-sztuki-PARA-Rok-produkcji-2025 176w,https:\/\/a.allegroimg.com\/original\/1125eb\/83eb0f674cf4bb115c08452d3bab\/2x-215-60R16-OPONY-ZIMOWE-16-2-sztuki-PARA-Rok-produkcji-2025 353w,https:\/\/a.allegroimg.com\/original\/1125eb\/83eb0f674cf4bb115c08452d3bab\/2x-215-60R16-OPONY-ZIMOWE-16-2-sztuki-PARA-Rok-produkcji-2025 467w,https:\/\/a.allegroimg.com\/original\/1125eb\/83eb0f674cf4bb115c08452d3bab\/2x-215-60R16-OPONY-ZIMOWE-16-2-sztuki-PARA-Rok-produkcji-2025 467w\" sizes=\"(min-width: 1200px) 560px, (min-width: 992px) 50vw, 100vw\" width=\"467px\" alt=\"2x 215\/60R16 OPONY ZIMOWE 16&#x27;&#x27; 2 sztuki PARA Rok produkcji 2025\"\/ style=\"max-width: 100%; height: auto; display: block; margin: 0 auto;\"><\/div>\n<\/div>\n<\/div>\n<\/div>\n<\/div>\n<\/div>\n<\/div>\n<\/div>\n<\/div>\n<div style=\"clear: both; display: block; margin: 10px 0;\">\n","protected":false},"excerpt":{"rendered":"<p>Producent:&nbsp;WINDFORCE<\/p>\n<p>Wz\u00f3r:&nbsp;SNOWBLAZER<\/p>\n<p>Rozmiar:&nbsp;215\/60R16<\/p>\n<p>Indeks no\u015bno\u015bci:&nbsp;95<\/p>\n<p>Indeks pr\u0119dko\u015bci:&nbsp;H do 210km\/h<\/p>\n<p>Data produkcji: 2024\/2025<\/p>\n<p>Cena dotyczy(szt):&nbsp;2<\/p>\n<p>Sezon:&nbsp;Zimowe<\/p>\n","protected":false},"featured_media":12687,"template":"","meta":{"_uag_custom_page_level_css":""},"product_brand":[434],"product_cat":[414,413,412,415],"product_tag":[],"class_list":{"0":"post-12686","1":"product","2":"type-product","3":"status-publish","4":"has-post-thumbnail","6":"product_brand-windforce","7":"product_cat-do-samochodow-osobowych-i-suv","8":"product_cat-opony","9":"product_cat-opony-i-felgi","10":"product_cat-zimowe","12":"first","13":"instock","14":"shipping-taxable","15":"purchasable","16":"product-type-simple"},"uagb_featured_image_src":{"full":["https:\/\/oponixo.shop\/tire\/wp-content\/uploads\/2026\/01\/allegro-image-12686.jpg",1243,1200,false],"thumbnail":["https:\/\/oponixo.shop\/tire\/wp-content\/uploads\/2026\/01\/allegro-image-12686-150x150.jpg",150,150,true],"medium":["https:\/\/oponixo.shop\/tire\/wp-content\/uploads\/2026\/01\/allegro-image-12686-300x290.jpg",300,290,true],"medium_large":["https:\/\/oponixo.shop\/tire\/wp-content\/uploads\/2026\/01\/allegro-image-12686-768x741.jpg",768,741,true],"large":["https:\/\/oponixo.shop\/tire\/wp-content\/uploads\/2026\/01\/allegro-image-12686-1024x989.jpg",1024,989,true],"1536x1536":["https:\/\/oponixo.shop\/tire\/wp-content\/uploads\/2026\/01\/allegro-image-12686.jpg",1243,1200,false],"2048x2048":["https:\/\/oponixo.shop\/tire\/wp-content\/uploads\/2026\/01\/allegro-image-12686.jpg",1243,1200,false],"woocommerce_thumbnail":["https:\/\/oponixo.shop\/tire\/wp-content\/uploads\/2026\/01\/allegro-image-12686-300x300.jpg",300,300,true],"woocommerce_single":["https:\/\/oponixo.shop\/tire\/wp-content\/uploads\/2026\/01\/allegro-image-12686-600x579.jpg",600,579,true],"woocommerce_gallery_thumbnail":["https:\/\/oponixo.shop\/tire\/wp-content\/uploads\/2026\/01\/allegro-image-12686-100x100.jpg",100,100,true]},"uagb_author_info":{"display_name":"admin","author_link":"https:\/\/oponixo.shop\/tire\/author\/"},"uagb_comment_info":0,"uagb_excerpt":"Producent:&nbsp;WINDFORCE Wz\u00f3r:&nbsp;SNOWBLAZER Rozmiar:&nbsp;215\/60R16 Indeks no\u015bno\u015bci:&nbsp;95 Indeks pr\u0119dko\u015bci:&nbsp;H do 210km\/h Data produkcji: 2024\/2025 Cena dotyczy(szt):&nbsp;2 Sezon:&nbsp;Zimowe","_links":{"self":[{"href":"https:\/\/oponixo.shop\/tire\/wp-json\/wp\/v2\/product\/12686","targetHints":{"allow":["GET"]}}],"collection":[{"href":"https:\/\/oponixo.shop\/tire\/wp-json\/wp\/v2\/product"}],"about":[{"href":"https:\/\/oponixo.shop\/tire\/wp-json\/wp\/v2\/types\/product"}],"wp:featuredmedia":[{"embeddable":true,"href":"https:\/\/oponixo.shop\/tire\/wp-json\/wp\/v2\/media\/12687"}],"wp:attachment":[{"href":"https:\/\/oponixo.shop\/tire\/wp-json\/wp\/v2\/media?parent=12686"}],"wp:term":[{"taxonomy":"product_brand","embeddable":true,"href":"https:\/\/oponixo.shop\/tire\/wp-json\/wp\/v2\/product_brand?post=12686"},{"taxonomy":"product_cat","embeddable":true,"href":"https:\/\/oponixo.shop\/tire\/wp-json\/wp\/v2\/product_cat?post=12686"},{"taxonomy":"product_tag","embeddable":true,"href":"https:\/\/oponixo.shop\/tire\/wp-json\/wp\/v2\/product_tag?post=12686"}],"curies":[{"name":"wp","href":"https:\/\/api.w.org\/{rel}","templated":true}]}}