{"id":12577,"date":"2026-01-03T22:57:46","date_gmt":"2026-01-03T21:57:46","guid":{"rendered":"https:\/\/oponyexpert.shop\/xef5\/produkt\/2x-dunlop-all-season-2-175-65r17-87-h\/"},"modified":"2026-01-03T22:57:47","modified_gmt":"2026-01-03T21:57:47","slug":"2x-dunlop-all-season-2-175-65r17-87-h","status":"publish","type":"product","link":"https:\/\/oponixo.shop\/tire\/produkt\/2x-dunlop-all-season-2-175-65r17-87-h\/","title":{"rendered":"2x DUNLOP ALL SEASON 2 175\/65R17 87 H"},"content":{"rendered":"<div style=\"font-family: Arial, sans-serif; line-height: 1.6; color: #333; padding: 20px; clear: both; display: block; width: 100%; float: none; position: static; overflow: hidden;\">\n<div style=\"clear: both; display: block; margin: 10px 0;\">\n<div style=\"clear: both; display: block; margin: 10px 0;\">\n<div style=\"clear: both; display: block; margin: 10px 0;\">\n<h2>2x DUNLOP ALL SEASON 2 175\/65R17 87 H<\/h2>\n<\/div>\n<\/div>\n<\/div>\n<div style=\"clear: both; display: block; margin: 10px 0;\">\n<div style=\"clear: both; display: block; margin: 10px 0;\">\n<div style=\"clear: both; display: block; margin: 10px 0;\">\n<div  style=\"max-width:920px;max-height:1120px\">\n<div style=\"clear: both; display: block; margin: 10px 0;\">\n<div style=\"clear: both; width: 100%; display: block; margin: 20px 0; padding: 0; float: none; position: static; text-align: center;\"><img decoding=\"async\"  src=\"https:\/\/a.allegroimg.com\/original\/11a2c7\/6d26a6f444a2b2187e1c1b963f7a\/2x-DUNLOP-ALL-SEASON-2-175-65R17-87-H\" srcset=\"https:\/\/a.allegroimg.com\/original\/11a2c7\/6d26a6f444a2b2187e1c1b963f7a\/2x-DUNLOP-ALL-SEASON-2-175-65R17-87-H 295w,https:\/\/a.allegroimg.com\/original\/11a2c7\/6d26a6f444a2b2187e1c1b963f7a\/2x-DUNLOP-ALL-SEASON-2-175-65R17-87-H 591w,https:\/\/a.allegroimg.com\/original\/11a2c7\/6d26a6f444a2b2187e1c1b963f7a\/2x-DUNLOP-ALL-SEASON-2-175-65R17-87-H 841w,https:\/\/a.allegroimg.com\/original\/11a2c7\/6d26a6f444a2b2187e1c1b963f7a\/2x-DUNLOP-ALL-SEASON-2-175-65R17-87-H 920w,https:\/\/a.allegroimg.com\/original\/11a2c7\/6d26a6f444a2b2187e1c1b963f7a\/2x-DUNLOP-ALL-SEASON-2-175-65R17-87-H 920w\" sizes=\"(min-width: 1200px) 560px, (min-width: 992px) 50vw, 100vw\" width=\"920px\" alt=\"2x DUNLOP ALL SEASON 2 175\/65R17 87 H\"\/ style=\"max-width: 100%; height: auto; display: block; margin: 0 auto;\"><\/div>\n<\/div>\n<\/div>\n<\/div>\n<\/div>\n<div style=\"clear: both; display: block; margin: 10px 0;\">\n<div style=\"clear: both; display: block; margin: 10px 0;\">\n<h2>Ca\u0142oroczne opony DUNLOP ALL SEASON 2 175\/65 R17 87 H<\/h2>\n<p style=\"margin: 15px 0; line-height: 1.8; clear: both; display: block; width: 100%; float: none; position: static;\">Opony DUNLOP ALL SEASON 2 to znacz\u0105cy model w portfolio producenta.\u00a0<\/p>\n<p style=\"margin: 15px 0; line-height: 1.8; clear: both; display: block; width: 100%; float: none; position: static;\"> Opony klasy Premium s\u0105 wytwarzane z zastosowaniem najbardziej zaawansowanych technologii na \u015bwiecie.<\/p>\n<ul style=\"margin: 15px 0; padding-left: 20px; clear: both; display: block; width: 100%; float: none; position: static;\">\n<li style=\"margin: 5px 0; padding: 2px 0; clear: both; display: list-item; float: none; position: static;\"><b>Stan:<\/b>\u00a0Nowy<\/li>\n<li style=\"margin: 5px 0; padding: 2px 0; clear: both; display: list-item; float: none; position: static;\"><b>EAN:<\/b>\u00a04038526474308<\/li>\n<li style=\"margin: 5px 0; padding: 2px 0; clear: both; display: list-item; float: none; position: static;\"><b>Producent:<\/b> DUNLOP<\/li>\n<li style=\"margin: 5px 0; padding: 2px 0; clear: both; display: list-item; float: none; position: static;\"><b>Model:<\/b> ALL SEASON 2<\/li>\n<li style=\"margin: 5px 0; padding: 2px 0; clear: both; display: list-item; float: none; position: static;\"><b>Rozmiar:<\/b> 175\/65 R17<\/li>\n<li style=\"margin: 5px 0; padding: 2px 0; clear: both; display: list-item; float: none; position: static;\"><b>Indeks no\u015bno\u015bci:<\/b> 87<\/li>\n<li style=\"margin: 5px 0; padding: 2px 0; clear: both; display: list-item; float: none; position: static;\"><b>Indeks pr\u0119dko\u015bci:<\/b> H<\/li>\n<li style=\"margin: 5px 0; padding: 2px 0; clear: both; display: list-item; float: none; position: static;\"><b>Ha\u0142as db:<\/b>\u00a0<\/li>\n<li style=\"margin: 5px 0; padding: 2px 0; clear: both; display: list-item; float: none; position: static;\"><b>Sezon:<\/b> Ca\u0142oroczne<\/li>\n<li style=\"margin: 5px 0; padding: 2px 0; clear: both; display: list-item; float: none; position: static;\"><b>Rok produkcji:<\/b> nie starsze ni\u017c 36 miesi\u0119cy<\/li>\n<li style=\"margin: 5px 0; padding: 2px 0; clear: both; display: list-item; float: none; position: static;\"><b>Przeznaczenie:<\/b> Osobowe<\/li>\n<li style=\"margin: 5px 0; padding: 2px 0; clear: both; display: list-item; float: none; position: static;\"><b>Kl. przycz. na mokrej naw.:<\/b>\u00a0<\/li>\n<li style=\"margin: 5px 0; padding: 2px 0; clear: both; display: list-item; float: none; position: static;\"><b>Kl. efekt. paliwowej:\u00a0<\/b><\/li>\n<\/ul>\n<\/div>\n<\/div>\n<\/div>\n<div style=\"clear: both; display: block; margin: 10px 0;\">\n<div style=\"clear: both; display: block; margin: 10px 0;\">\n<div style=\"clear: both; display: block; margin: 10px 0;\">\n<div  style=\"max-width:1280px;max-height:285px\">\n<div style=\"clear: both; display: block; margin: 10px 0;\">\n<div style=\"clear: both; width: 100%; display: block; margin: 20px 0; padding: 0; float: none; position: static; text-align: center;\"><img decoding=\"async\"  src=\"https:\/\/a.allegroimg.com\/original\/11e14b\/a121b75748249727a458fab7570c\/2x-DUNLOP-ALL-SEASON-2-175-65R17-87-H-Liczba-opon-w-ofercie-2-szt\" srcset=\"https:\/\/a.allegroimg.com\/original\/11e14b\/a121b75748249727a458fab7570c\/2x-DUNLOP-ALL-SEASON-2-175-65R17-87-H-Liczba-opon-w-ofercie-2-szt 360w,https:\/\/a.allegroimg.com\/original\/11e14b\/a121b75748249727a458fab7570c\/2x-DUNLOP-ALL-SEASON-2-175-65R17-87-H-Liczba-opon-w-ofercie-2-szt 720w,https:\/\/a.allegroimg.com\/original\/11e14b\/a121b75748249727a458fab7570c\/2x-DUNLOP-ALL-SEASON-2-175-65R17-87-H-Liczba-opon-w-ofercie-2-szt 1024w,https:\/\/a.allegroimg.com\/original\/11e14b\/a121b75748249727a458fab7570c\/2x-DUNLOP-ALL-SEASON-2-175-65R17-87-H-Liczba-opon-w-ofercie-2-szt 1280w,https:\/\/a.allegroimg.com\/original\/11e14b\/a121b75748249727a458fab7570c\/2x-DUNLOP-ALL-SEASON-2-175-65R17-87-H-Liczba-opon-w-ofercie-2-szt 1280w\" sizes=\"100vw\" width=\"1280px\" alt=\"2x DUNLOP ALL SEASON 2 175\/65R17 87 H Liczba opon w ofercie 2 szt.\"\/ style=\"max-width: 100%; height: auto; display: block; margin: 0 auto;\"><\/div>\n<\/div>\n<\/div>\n<\/div>\n<\/div>\n<\/div>\n<div style=\"clear: both; display: block; margin: 10px 0;\">\n<div style=\"clear: both; display: block; margin: 10px 0;\">\n<div style=\"clear: both; display: block; margin: 10px 0;\">\n<p style=\"margin: 15px 0; line-height: 1.8; clear: both; display: block; width: 100%; float: none; position: static;\">Dunlop to jedna z najbardziej znanych i uznanych marek oponiarskich na \u015bwiecie. Marka ta ma d\u0142ug\u0105 histori\u0119 i bogate dziedzictwo w bran\u017cy oponiarskiej.<\/p>\n<p style=\"margin: 15px 0; line-height: 1.8; clear: both; display: block; width: 100%; float: none; position: static;\">Marka Dunlop ma swoje korzenie w Wielkiej Brytanii i si\u0119ga roku 1888, kiedy to John Boyd Dunlop, szkocki weterynarz, wynalaz\u0142 pierwsz\u0105 opon\u0119 pneumatyczn\u0105 do roweru. To wynalazek ten stanowi\u0142 pocz\u0105tek firmy Dunlop i rewolucji w dziedzinie oponiarskiej. W ci\u0105gu ponad stu lat dzia\u0142alno\u015bci Dunlop zdoby\u0142 uznanie na ca\u0142ym \u015bwiecie.<\/p>\n<p style=\"margin: 15px 0; line-height: 1.8; clear: both; display: block; width: 100%; float: none; position: static;\">Dunlop oferuje szeroki zakres opon przeznaczonych do r\u00f3\u017cnych rodzaj\u00f3w pojazd\u00f3w, w\u0142\u0105czaj\u0105c w to opony do samochod\u00f3w osobowych, SUV-\u00f3w, motocykli, ci\u0119\u017car\u00f3wek, autobus\u00f3w, pojazd\u00f3w rolniczych i przemys\u0142owych. Marka ta produkuje opony letnie, zimowe, ca\u0142oroczne oraz wysokowydajne opony sportowe.<\/p>\n<p style=\"margin: 15px 0; line-height: 1.8; clear: both; display: block; width: 100%; float: none; position: static;\">Dunlop jest znany z ci\u0105g\u0142ego d\u0105\u017cenia do innowacji i doskonalenia swoich produkt\u00f3w. Firma inwestuje w badania i rozw\u00f3j, aby dostarcza\u0107 opony o doskona\u0142ej przyczepno\u015bci, trwa\u0142o\u015bci i komforcie jazdy. Dunlop cz\u0119sto wprowadza nowoczesne technologie w produkcji opon, takie jak technologia Run-Flat czy opony o niskim oporze toczenia.<\/p>\n<\/div>\n<\/div>\n<\/div>\n<div style=\"clear: both; display: block; margin: 10px 0;\">\n<div style=\"clear: both; display: block; margin: 10px 0;\">\n<div style=\"clear: both; display: block; margin: 10px 0;\">\n<div  style=\"max-width:920px;max-height:1120px\">\n<div style=\"clear: both; display: block; margin: 10px 0;\">\n<div style=\"clear: both; width: 100%; display: block; margin: 20px 0; padding: 0; float: none; position: static; text-align: center;\"><img decoding=\"async\"  src=\"https:\/\/a.allegroimg.com\/original\/11a2c7\/6d26a6f444a2b2187e1c1b963f7a\/2x-DUNLOP-ALL-SEASON-2-175-65R17-87-H\" srcset=\"https:\/\/a.allegroimg.com\/original\/11a2c7\/6d26a6f444a2b2187e1c1b963f7a\/2x-DUNLOP-ALL-SEASON-2-175-65R17-87-H 295w,https:\/\/a.allegroimg.com\/original\/11a2c7\/6d26a6f444a2b2187e1c1b963f7a\/2x-DUNLOP-ALL-SEASON-2-175-65R17-87-H 591w,https:\/\/a.allegroimg.com\/original\/11a2c7\/6d26a6f444a2b2187e1c1b963f7a\/2x-DUNLOP-ALL-SEASON-2-175-65R17-87-H 841w,https:\/\/a.allegroimg.com\/original\/11a2c7\/6d26a6f444a2b2187e1c1b963f7a\/2x-DUNLOP-ALL-SEASON-2-175-65R17-87-H 920w,https:\/\/a.allegroimg.com\/original\/11a2c7\/6d26a6f444a2b2187e1c1b963f7a\/2x-DUNLOP-ALL-SEASON-2-175-65R17-87-H 920w\" sizes=\"(min-width: 1200px) 560px, (min-width: 992px) 50vw, 100vw\" width=\"920px\" alt=\"2x DUNLOP ALL SEASON 2 175\/65R17 87 H\"\/ style=\"max-width: 100%; height: auto; display: block; margin: 0 auto;\"><\/div>\n<\/div>\n<\/div>\n<\/div>\n<\/div>\n<div style=\"clear: both; display: block; margin: 10px 0;\">\n<div style=\"clear: both; display: block; margin: 10px 0;\">\n<p style=\"margin: 15px 0; line-height: 1.8; clear: both; display: block; width: 100%; float: none; position: static;\">Dlaczego warto kupowa\u0107 u Nas ?<\/p>\n<p style=\"margin: 15px 0; line-height: 1.8; clear: both; display: block; width: 100%; float: none; position: static;\">Jeste\u015bmy firm\u0105, kt\u00f3ra na podstawie wieloletniego do\u015bwiadczenia z zaanga\u017cowaniem pomaga klientom w doborze oraz kupnie opon.<\/p>\n<p style=\"margin: 15px 0; line-height: 1.8; clear: both; display: block; width: 100%; float: none; position: static;\">Posiadamy szerok\u0105 game opon do aut osobowych, dostawczych, cie\u017carowych, motocyki jak i opon przemys\u0142owych.<\/p>\n<p style=\"margin: 15px 0; line-height: 1.8; clear: both; display: block; width: 100%; float: none; position: static;\">Gwarancja satysfakcjii oraz bezpiecznie przejechanych kilometr\u00f3w.<\/p>\n<p style=\"margin: 15px 0; line-height: 1.8; clear: both; display: block; width: 100%; float: none; position: static;\">Zosta\u0144 naszym kolejnym zadowolonym klientem.<\/p>\n<p style=\"margin: 15px 0; line-height: 1.8; clear: both; display: block; width: 100%; float: none; position: static;\">ZAPRASZAMY DO ZAKUP\u00d3W.<\/p>\n<\/div>\n<\/div>\n<\/div>\n<\/div>\n<\/div>\n<\/div>\n<div style=\"clear: both; display: block; margin: 10px 0;\">\n","protected":false},"excerpt":{"rendered":"<p>2x DUNLOP ALL SEASON 2 175\/65R17 87 H<\/p>\n<p>Ca\u0142oroczne opony DUNLOP ALL SEASON 2 175\/65 R17 87 H<\/p>\n<p>Opony DUNLOP ALL SEASON 2 to znacz\u0105cy model w portfolio producenta.\u00a0<\/p>\n<p>Opony klasy Premium s\u0105 wytwarzane z zastosowaniem najbardziej zaawansowanych technologii na \u015bwiecie.<\/p>\n<p>Stan:\u00a0Nowy<\/p>\n<p>EAN:\u00a04038526474308<\/p>\n<p>Producent: DUNLOP<\/p>\n<p>Model: ALL SEASON 2<\/p>\n","protected":false},"featured_media":12578,"template":"","meta":{"_uag_custom_page_level_css":""},"product_brand":[453],"product_cat":[416,414,413,412],"product_tag":[],"class_list":{"0":"post-12577","1":"product","2":"type-product","3":"status-publish","4":"has-post-thumbnail","6":"product_brand-dunlop","7":"product_cat-caloroczne","8":"product_cat-do-samochodow-osobowych-i-suv","9":"product_cat-opony","10":"product_cat-opony-i-felgi","12":"first","13":"instock","14":"shipping-taxable","15":"purchasable","16":"product-type-simple"},"uagb_featured_image_src":{"full":["https:\/\/oponixo.shop\/tire\/wp-content\/uploads\/2026\/01\/allegro-image-12577.jpg",920,1120,false],"thumbnail":["https:\/\/oponixo.shop\/tire\/wp-content\/uploads\/2026\/01\/allegro-image-12577-150x150.jpg",150,150,true],"medium":["https:\/\/oponixo.shop\/tire\/wp-content\/uploads\/2026\/01\/allegro-image-12577-246x300.jpg",246,300,true],"medium_large":["https:\/\/oponixo.shop\/tire\/wp-content\/uploads\/2026\/01\/allegro-image-12577-768x935.jpg",768,935,true],"large":["https:\/\/oponixo.shop\/tire\/wp-content\/uploads\/2026\/01\/allegro-image-12577-841x1024.jpg",841,1024,true],"1536x1536":["https:\/\/oponixo.shop\/tire\/wp-content\/uploads\/2026\/01\/allegro-image-12577.jpg",920,1120,false],"2048x2048":["https:\/\/oponixo.shop\/tire\/wp-content\/uploads\/2026\/01\/allegro-image-12577.jpg",920,1120,false],"woocommerce_thumbnail":["https:\/\/oponixo.shop\/tire\/wp-content\/uploads\/2026\/01\/allegro-image-12577-300x300.jpg",300,300,true],"woocommerce_single":["https:\/\/oponixo.shop\/tire\/wp-content\/uploads\/2026\/01\/allegro-image-12577-600x730.jpg",600,730,true],"woocommerce_gallery_thumbnail":["https:\/\/oponixo.shop\/tire\/wp-content\/uploads\/2026\/01\/allegro-image-12577-100x100.jpg",100,100,true]},"uagb_author_info":{"display_name":"admin","author_link":"https:\/\/oponixo.shop\/tire\/author\/"},"uagb_comment_info":0,"uagb_excerpt":"2x DUNLOP ALL SEASON 2 175\/65R17 87 H Ca\u0142oroczne opony DUNLOP ALL SEASON 2 175\/65 R17 87 H Opony DUNLOP ALL SEASON 2 to znacz\u0105cy model w portfolio producenta.\u00a0 Opony klasy Premium s\u0105 wytwarzane z zastosowaniem najbardziej zaawansowanych technologii na \u015bwiecie. Stan:\u00a0Nowy EAN:\u00a04038526474308 Producent: DUNLOP Model: ALL SEASON 2","_links":{"self":[{"href":"https:\/\/oponixo.shop\/tire\/wp-json\/wp\/v2\/product\/12577","targetHints":{"allow":["GET"]}}],"collection":[{"href":"https:\/\/oponixo.shop\/tire\/wp-json\/wp\/v2\/product"}],"about":[{"href":"https:\/\/oponixo.shop\/tire\/wp-json\/wp\/v2\/types\/product"}],"wp:featuredmedia":[{"embeddable":true,"href":"https:\/\/oponixo.shop\/tire\/wp-json\/wp\/v2\/media\/12578"}],"wp:attachment":[{"href":"https:\/\/oponixo.shop\/tire\/wp-json\/wp\/v2\/media?parent=12577"}],"wp:term":[{"taxonomy":"product_brand","embeddable":true,"href":"https:\/\/oponixo.shop\/tire\/wp-json\/wp\/v2\/product_brand?post=12577"},{"taxonomy":"product_cat","embeddable":true,"href":"https:\/\/oponixo.shop\/tire\/wp-json\/wp\/v2\/product_cat?post=12577"},{"taxonomy":"product_tag","embeddable":true,"href":"https:\/\/oponixo.shop\/tire\/wp-json\/wp\/v2\/product_tag?post=12577"}],"curies":[{"name":"wp","href":"https:\/\/api.w.org\/{rel}","templated":true}]}}