{"id":12571,"date":"2026-01-03T22:57:43","date_gmt":"2026-01-03T21:57:43","guid":{"rendered":"https:\/\/oponyexpert.shop\/xef5\/produkt\/2x-nokian-wr-snowproof-175-65r17-87h\/"},"modified":"2026-01-03T22:57:44","modified_gmt":"2026-01-03T21:57:44","slug":"2x-nokian-wr-snowproof-175-65r17-87h","status":"publish","type":"product","link":"https:\/\/oponixo.shop\/tire\/produkt\/2x-nokian-wr-snowproof-175-65r17-87h\/","title":{"rendered":"2x Nokian WR Snowproof 175\/65R17 87H"},"content":{"rendered":"<div style=\"font-family: Arial, sans-serif; line-height: 1.6; color: #333; padding: 20px; clear: both; display: block; width: 100%; float: none; position: static; overflow: hidden;\">\n<div style=\"clear: both; display: block; margin: 10px 0;\">\n<div style=\"clear: both; display: block; margin: 10px 0;\">\n<div style=\"clear: both; display: block; margin: 10px 0;\">\n<h1>Nokian WR Snowproof <\/h1>\n<h1>175\/65 R17 87H do 210 km\/h<\/h1>\n<h2>Kod produktu: 6419440529899<\/h2>\n<p style=\"margin: 15px 0; line-height: 1.8; clear: both; display: block; width: 100%; float: none; position: static;\">Nokian WR Snowproof jest to opona zimowa przeznaczona do samochod\u00f3w osobowych. Dzi\u0119ki nowoczesnej technologii zastosowanej do produkcji opony charakteryzuje si\u0119 ona zwi\u0119kszon\u0105 wytrzyma\u0142o\u015bci\u0105 na uszkodzenia mechaniczne dzi\u0119ki czemu pozwala osi\u0105ga\u0107 d\u0142ugie przebiegi. Kierunkowy bie\u017cnik w doskona\u0142y spos\u00f3b usuwa wod\u0119 oraz b\u0142oto po\u015bniegowe spod czo\u0142a opony zapobiegaj\u0105c wyst\u0119powaniu zjawiska aquaplaningu, poprawiaj\u0105c stabilizacj\u0119 w zakr\u0119tach jak i na prostych odcinkach.Ten typ ogumienia doskonale radzi sobie nawet w najtrudniejszych warunkach<\/p>\n<h2>Zakupione na tej aukcji opony mo\u017cesz odebra\u0107 i wymieni\u0107 w jednym z naszych serwis\u00f3w: MOTOHURT MARKI &#8211; MOTOHURT WOLA &#8211; MOTOHURT MOKOT\u00d3W<\/h2>\n<\/div>\n<\/div>\n<div style=\"clear: both; display: block; margin: 10px 0;\">\n<div style=\"clear: both; display: block; margin: 10px 0;\">\n<div  style=\"max-width:750px;max-height:1024px\">\n<div style=\"clear: both; display: block; margin: 10px 0;\">\n<div style=\"clear: both; width: 100%; display: block; margin: 20px 0; padding: 0; float: none; position: static; text-align: center;\"><img decoding=\"async\"  src=\"https:\/\/a.allegroimg.com\/original\/11651f\/9fb9113d4a8599dda86aa3323c7e\/2x-Nokian-WR-Snowproof-175-65R17-87H\" srcset=\"https:\/\/a.allegroimg.com\/original\/11651f\/9fb9113d4a8599dda86aa3323c7e\/2x-Nokian-WR-Snowproof-175-65R17-87H 263w,https:\/\/a.allegroimg.com\/original\/11651f\/9fb9113d4a8599dda86aa3323c7e\/2x-Nokian-WR-Snowproof-175-65R17-87H 527w,https:\/\/a.allegroimg.com\/original\/11651f\/9fb9113d4a8599dda86aa3323c7e\/2x-Nokian-WR-Snowproof-175-65R17-87H 750w,https:\/\/a.allegroimg.com\/original\/11651f\/9fb9113d4a8599dda86aa3323c7e\/2x-Nokian-WR-Snowproof-175-65R17-87H 750w\" sizes=\"(min-width: 1200px) 560px, (min-width: 992px) 50vw, 100vw\" width=\"750px\" alt=\"2x Nokian WR Snowproof 175\/65R17 87H\"\/ style=\"max-width: 100%; height: auto; display: block; margin: 0 auto;\"><\/div>\n<\/div>\n<\/div>\n<\/div>\n<\/div>\n<\/div>\n<div style=\"clear: both; display: block; margin: 10px 0;\">\n<div style=\"clear: both; display: block; margin: 10px 0;\">\n<div style=\"clear: both; display: block; margin: 10px 0;\">\n<div  style=\"max-width:212px;max-height:305px\">\n<div style=\"clear: both; display: block; margin: 10px 0;\">\n<div style=\"clear: both; width: 100%; display: block; margin: 20px 0; padding: 0; float: none; position: static; text-align: center;\"><img decoding=\"async\"  src=\"https:\/\/a.allegroimg.com\/original\/1108db\/69c39a384de797909fb6e19b0c7d\/2x-Nokian-WR-Snowproof-175-65R17-87H-Liczba-opon-w-ofercie-2-szt\" srcset=\"https:\/\/a.allegroimg.com\/original\/1108db\/69c39a384de797909fb6e19b0c7d\/2x-Nokian-WR-Snowproof-175-65R17-87H-Liczba-opon-w-ofercie-2-szt 212w,https:\/\/a.allegroimg.com\/original\/1108db\/69c39a384de797909fb6e19b0c7d\/2x-Nokian-WR-Snowproof-175-65R17-87H-Liczba-opon-w-ofercie-2-szt 212w\" sizes=\"(min-width: 1200px) 560px, (min-width: 992px) 50vw, 100vw\" width=\"212px\" alt=\"2x Nokian WR Snowproof 175\/65R17 87H Liczba opon w ofercie 2 szt.\"\/ style=\"max-width: 100%; height: auto; display: block; margin: 0 auto;\"><\/div>\n<\/div>\n<\/div>\n<\/div>\n<\/div>\n<div style=\"clear: both; display: block; margin: 10px 0;\">\n<div style=\"clear: both; display: block; margin: 10px 0;\">\n<h2>Marka: Nokian<\/h2>\n<h2>Liczba opon w ofercie: 2<\/h2>\n<h2>Rok produkcji: <\/h2>\n<h2>Szeroko\u015b\u0107 opony: 175 mm<\/h2>\n<h2>Profil opony: 65<\/h2>\n<h2>\u015arednica: 17<\/h2>\n<h2>Indeks no\u015bno\u015bci: 87<\/h2>\n<h2>Indeks pr\u0119dko\u015bci: H do 210 km\/h<\/h2>\n<h2>Op\u00f3r toczenia: Klasa B<\/h2>\n<h2>Przyczepno\u015b\u0107 na mokrej nawierzchni: Klasa B<\/h2>\n<h2>Ha\u0142as zewn\u0119trzny: 68 dB<\/h2>\n<h2>Kod producenta: T432507<\/h2>\n<h2>Sezon: Zimowe<\/h2>\n<\/div>\n<\/div>\n<\/div>\n<\/div>\n<\/div>\n<\/div>\n<div style=\"clear: both; display: block; margin: 10px 0;\">\n","protected":false},"excerpt":{"rendered":"<p>Nokian WR Snowproof<\/p>\n<p>175\/65 R17 87H do 210 km\/h<\/p>\n<p>Kod produktu: 6419440529899<\/p>\n","protected":false},"featured_media":12572,"template":"","meta":{"_uag_custom_page_level_css":""},"product_brand":[387],"product_cat":[414,413,412,415],"product_tag":[],"class_list":{"0":"post-12571","1":"product","2":"type-product","3":"status-publish","4":"has-post-thumbnail","6":"product_brand-nokian-tyres","7":"product_cat-do-samochodow-osobowych-i-suv","8":"product_cat-opony","9":"product_cat-opony-i-felgi","10":"product_cat-zimowe","12":"first","13":"instock","14":"shipping-taxable","15":"purchasable","16":"product-type-simple"},"uagb_featured_image_src":{"full":["https:\/\/oponixo.shop\/tire\/wp-content\/uploads\/2026\/01\/allegro-image-12571.jpg",750,1024,false],"thumbnail":["https:\/\/oponixo.shop\/tire\/wp-content\/uploads\/2026\/01\/allegro-image-12571-150x150.jpg",150,150,true],"medium":["https:\/\/oponixo.shop\/tire\/wp-content\/uploads\/2026\/01\/allegro-image-12571-220x300.jpg",220,300,true],"medium_large":["https:\/\/oponixo.shop\/tire\/wp-content\/uploads\/2026\/01\/allegro-image-12571.jpg",750,1024,false],"large":["https:\/\/oponixo.shop\/tire\/wp-content\/uploads\/2026\/01\/allegro-image-12571.jpg",750,1024,false],"1536x1536":["https:\/\/oponixo.shop\/tire\/wp-content\/uploads\/2026\/01\/allegro-image-12571.jpg",750,1024,false],"2048x2048":["https:\/\/oponixo.shop\/tire\/wp-content\/uploads\/2026\/01\/allegro-image-12571.jpg",750,1024,false],"woocommerce_thumbnail":["https:\/\/oponixo.shop\/tire\/wp-content\/uploads\/2026\/01\/allegro-image-12571-300x300.jpg",300,300,true],"woocommerce_single":["https:\/\/oponixo.shop\/tire\/wp-content\/uploads\/2026\/01\/allegro-image-12571-600x819.jpg",600,819,true],"woocommerce_gallery_thumbnail":["https:\/\/oponixo.shop\/tire\/wp-content\/uploads\/2026\/01\/allegro-image-12571-100x100.jpg",100,100,true]},"uagb_author_info":{"display_name":"admin","author_link":"https:\/\/oponixo.shop\/tire\/author\/"},"uagb_comment_info":0,"uagb_excerpt":"Nokian WR Snowproof 175\/65 R17 87H do 210 km\/h Kod produktu: 6419440529899","_links":{"self":[{"href":"https:\/\/oponixo.shop\/tire\/wp-json\/wp\/v2\/product\/12571","targetHints":{"allow":["GET"]}}],"collection":[{"href":"https:\/\/oponixo.shop\/tire\/wp-json\/wp\/v2\/product"}],"about":[{"href":"https:\/\/oponixo.shop\/tire\/wp-json\/wp\/v2\/types\/product"}],"wp:featuredmedia":[{"embeddable":true,"href":"https:\/\/oponixo.shop\/tire\/wp-json\/wp\/v2\/media\/12572"}],"wp:attachment":[{"href":"https:\/\/oponixo.shop\/tire\/wp-json\/wp\/v2\/media?parent=12571"}],"wp:term":[{"taxonomy":"product_brand","embeddable":true,"href":"https:\/\/oponixo.shop\/tire\/wp-json\/wp\/v2\/product_brand?post=12571"},{"taxonomy":"product_cat","embeddable":true,"href":"https:\/\/oponixo.shop\/tire\/wp-json\/wp\/v2\/product_cat?post=12571"},{"taxonomy":"product_tag","embeddable":true,"href":"https:\/\/oponixo.shop\/tire\/wp-json\/wp\/v2\/product_tag?post=12571"}],"curies":[{"name":"wp","href":"https:\/\/api.w.org\/{rel}","templated":true}]}}