{"id":12526,"date":"2026-01-03T21:53:51","date_gmt":"2026-01-03T20:53:51","guid":{"rendered":"https:\/\/oponyexpert.shop\/xef5\/produkt\/2x-opony-zimowe-275-50r19-michelin-pilot-alpin-5-suv\/"},"modified":"2026-01-03T21:53:52","modified_gmt":"2026-01-03T20:53:52","slug":"2x-opony-zimowe-275-50r19-michelin-pilot-alpin-5-suv","status":"publish","type":"product","link":"https:\/\/oponexa.shop\/tire\/produkt\/2x-opony-zimowe-275-50r19-michelin-pilot-alpin-5-suv\/","title":{"rendered":"2x opony zimowe 275\/50R19 Michelin PILOT ALPIN 5 SUV"},"content":{"rendered":"<div style=\"font-family: Arial, sans-serif; line-height: 1.6; color: #333; padding: 20px; clear: both; display: block; width: 100%; float: none; position: static; overflow: hidden;\">\n<div style=\"clear: both; display: block; margin: 10px 0;\">\n<div style=\"clear: both; display: block; margin: 10px 0;\">\n<div style=\"clear: both; display: block; margin: 10px 0;\">\n<div  style=\"max-width:2048px;max-height:297px\">\n<div style=\"clear: both; display: block; margin: 10px 0;\">\n<div style=\"clear: both; width: 100%; display: block; margin: 20px 0; padding: 0; float: none; position: static; text-align: center;\"><img decoding=\"async\"  src=\"https:\/\/a.allegroimg.com\/original\/11c4cf\/dd2bc95443d1b92d4d960fb8c0c2\/2x-opony-zimowe-275-50R19-Michelin-PILOT-ALPIN-5-SUV-Rok-produkcji-2024\" srcset=\"https:\/\/a.allegroimg.com\/original\/11c4cf\/dd2bc95443d1b92d4d960fb8c0c2\/2x-opony-zimowe-275-50R19-Michelin-PILOT-ALPIN-5-SUV-Rok-produkcji-2024 360w,https:\/\/a.allegroimg.com\/original\/11c4cf\/dd2bc95443d1b92d4d960fb8c0c2\/2x-opony-zimowe-275-50R19-Michelin-PILOT-ALPIN-5-SUV-Rok-produkcji-2024 720w,https:\/\/a.allegroimg.com\/original\/11c4cf\/dd2bc95443d1b92d4d960fb8c0c2\/2x-opony-zimowe-275-50R19-Michelin-PILOT-ALPIN-5-SUV-Rok-produkcji-2024 1024w,https:\/\/a.allegroimg.com\/original\/11c4cf\/dd2bc95443d1b92d4d960fb8c0c2\/2x-opony-zimowe-275-50R19-Michelin-PILOT-ALPIN-5-SUV-Rok-produkcji-2024 1440w,https:\/\/a.allegroimg.com\/original\/11c4cf\/dd2bc95443d1b92d4d960fb8c0c2\/2x-opony-zimowe-275-50R19-Michelin-PILOT-ALPIN-5-SUV-Rok-produkcji-2024 2048w\" sizes=\"100vw\" width=\"2048px\" alt=\"2x opony zimowe 275\/50R19 Michelin PILOT ALPIN 5 SUV Rok produkcji 2024\"\/ style=\"max-width: 100%; height: auto; display: block; margin: 0 auto;\"><\/div>\n<\/div>\n<\/div>\n<\/div>\n<\/div>\n<\/div>\n<div style=\"clear: both; display: block; margin: 10px 0;\">\n<div style=\"clear: both; display: block; margin: 10px 0;\">\n<div style=\"clear: both; display: block; margin: 10px 0;\">\n<div  style=\"max-width:711px;max-height:831px\">\n<div style=\"clear: both; display: block; margin: 10px 0;\">\n<div style=\"clear: both; width: 100%; display: block; margin: 20px 0; padding: 0; float: none; position: static; text-align: center;\"><img decoding=\"async\"  src=\"https:\/\/a.allegroimg.com\/original\/114ff1\/6e74b6ce412ea06c9b0bf6ad529a\/2x-opony-zimowe-275-50R19-Michelin-PILOT-ALPIN-5-SUV\" srcset=\"https:\/\/a.allegroimg.com\/original\/114ff1\/6e74b6ce412ea06c9b0bf6ad529a\/2x-opony-zimowe-275-50R19-Michelin-PILOT-ALPIN-5-SUV 308w,https:\/\/a.allegroimg.com\/original\/114ff1\/6e74b6ce412ea06c9b0bf6ad529a\/2x-opony-zimowe-275-50R19-Michelin-PILOT-ALPIN-5-SUV 616w,https:\/\/a.allegroimg.com\/original\/114ff1\/6e74b6ce412ea06c9b0bf6ad529a\/2x-opony-zimowe-275-50R19-Michelin-PILOT-ALPIN-5-SUV 711w,https:\/\/a.allegroimg.com\/original\/114ff1\/6e74b6ce412ea06c9b0bf6ad529a\/2x-opony-zimowe-275-50R19-Michelin-PILOT-ALPIN-5-SUV 711w\" sizes=\"(min-width: 1200px) 560px, (min-width: 992px) 50vw, 100vw\" width=\"711px\" alt=\"2x opony zimowe 275\/50R19 Michelin PILOT ALPIN 5 SUV\"\/ style=\"max-width: 100%; height: auto; display: block; margin: 0 auto;\"><\/div>\n<\/div>\n<\/div>\n<\/div>\n<\/div>\n<div style=\"clear: both; display: block; margin: 10px 0;\">\n<div style=\"clear: both; display: block; margin: 10px 0;\">\n<h1>Cechy Opony:<\/h1>\n<ul style=\"margin: 15px 0; padding-left: 20px; clear: both; display: block; width: 100%; float: none; position: static;\">\n<li style=\"margin: 5px 0; padding: 2px 0; clear: both; display: list-item; float: none; position: static;\">Stan: <b>Fabrycznie nowa<\/b><\/li>\n<\/ul>\n<ul style=\"margin: 15px 0; padding-left: 20px; clear: both; display: block; width: 100%; float: none; position: static;\">\n<li style=\"margin: 5px 0; padding: 2px 0; clear: both; display: list-item; float: none; position: static;\">Dystrybucja: <b>Oficjalny dystrybutor w Polsce<\/b><\/li>\n<\/ul>\n<ul style=\"margin: 15px 0; padding-left: 20px; clear: both; display: block; width: 100%; float: none; position: static;\">\n<li style=\"margin: 5px 0; padding: 2px 0; clear: both; display: list-item; float: none; position: static;\">Sezon: <b>zimowe<\/b><\/li>\n<\/ul>\n<ul style=\"margin: 15px 0; padding-left: 20px; clear: both; display: block; width: 100%; float: none; position: static;\">\n<li style=\"margin: 5px 0; padding: 2px 0; clear: both; display: list-item; float: none; position: static;\">Producent: <b>Michelin<\/b><\/li>\n<\/ul>\n<ul style=\"margin: 15px 0; padding-left: 20px; clear: both; display: block; width: 100%; float: none; position: static;\">\n<li style=\"margin: 5px 0; padding: 2px 0; clear: both; display: list-item; float: none; position: static;\">Bie\u017cnik: <b>PILOT ALPIN 5 SUV<\/b><\/li>\n<\/ul>\n<ul style=\"margin: 15px 0; padding-left: 20px; clear: both; display: block; width: 100%; float: none; position: static;\">\n<li style=\"margin: 5px 0; padding: 2px 0; clear: both; display: list-item; float: none; position: static;\">Rozmiar: <b>275\/50R19<\/b><\/li>\n<\/ul>\n<ul style=\"margin: 15px 0; padding-left: 20px; clear: both; display: block; width: 100%; float: none; position: static;\">\n<li style=\"margin: 5px 0; padding: 2px 0; clear: both; display: list-item; float: none; position: static;\">Indeks no\u015bno\u015bci: <b>112<\/b><\/li>\n<\/ul>\n<ul style=\"margin: 15px 0; padding-left: 20px; clear: both; display: block; width: 100%; float: none; position: static;\">\n<li style=\"margin: 5px 0; padding: 2px 0; clear: both; display: list-item; float: none; position: static;\">Indeks pr\u0119dko\u015bci: <b>V<\/b><\/li>\n<\/ul>\n<ul style=\"margin: 15px 0; padding-left: 20px; clear: both; display: block; width: 100%; float: none; position: static;\">\n<li style=\"margin: 5px 0; padding: 2px 0; clear: both; display: list-item; float: none; position: static;\">Rok produkcji:<b> 2025\/2024 &#8211; Decyduj\u0105c si\u0119 na zakup z tej oferty, otrzymasz fabrycznie nowe, pe\u0142nowarto\u015bciowe opony, wyprodukowane w bie\u017c\u0105cym lub poprzednim roku kalendarzowym.<\/b><\/li>\n<\/ul>\n<ul style=\"margin: 15px 0; padding-left: 20px; clear: both; display: block; width: 100%; float: none; position: static;\">\n<li style=\"margin: 5px 0; padding: 2px 0; clear: both; display: list-item; float: none; position: static;\">EAN: <b>3528703126591<\/b><\/li>\n<\/ul>\n<ul style=\"margin: 15px 0; padding-left: 20px; clear: both; display: block; width: 100%; float: none; position: static;\">\n<li style=\"margin: 5px 0; padding: 2px 0; clear: both; display: list-item; float: none; position: static;\">Wzmocniona konstrukcja (XL): <b>Tak<\/b><\/li>\n<\/ul>\n<ul style=\"margin: 15px 0; padding-left: 20px; clear: both; display: block; width: 100%; float: none; position: static;\">\n<li style=\"margin: 5px 0; padding: 2px 0; clear: both; display: list-item; float: none; position: static;\">Rant ochronny na felg\u0119: <b>Tak<\/b><\/li>\n<\/ul><\/div>\n<\/div>\n<\/div>\n<div style=\"clear: both; display: block; margin: 10px 0;\">\n<div style=\"clear: both; display: block; margin: 10px 0;\">\n<div style=\"clear: both; display: block; margin: 10px 0;\">\n<h2>Zu\u017cycie paliwa \/ opory toczenia<\/h2>\n<p style=\"margin: 15px 0; line-height: 1.8; clear: both; display: block; width: 100%; float: none; position: static;\">Klasa A okre\u015bla opony o najmniejszych oporach toczenia, klasa E o najwi\u0119kszych. Op\u00f3r toczenia wp\u0142ywa na zu\u017cycie paliwa oraz emisj\u0119 spalin przez samoch\u00f3d. Im ni\u017cszy op\u00f3r toczenia, tym wi\u0119ksza oszcz\u0119dno\u015b\u0107 paliwa i mniejszy wp\u0142yw na \u015brodowisko.<\/p>\n<p style=\"margin: 15px 0; line-height: 1.8; clear: both; display: block; width: 100%; float: none; position: static;\">\n<h2>Przyczepno\u015b\u0107 na mokrej nawierzchni \/ droga hamowania<\/h2>\n<p style=\"margin: 15px 0; line-height: 1.8; clear: both; display: block; width: 100%; float: none; position: static;\">Klasa A oznacza najkr\u00f3tsz\u0105, a E najd\u0142u\u017csz\u0105 drog\u0119 hamowania na mokrej nawierzchni. Parametr ten zwi\u0105zany jest z przyczepno\u015bci\u0105 opony podczas jazdy po mokrej drodze, co ma znaczenie dla bezpiecze\u0144stwa podr\u00f3\u017cowania. Im wy\u017csza klasa, tym lepsze w\u0142a\u015bciwo\u015bci ogumienia.<\/p>\n<p style=\"margin: 15px 0; line-height: 1.8; clear: both; display: block; width: 100%; float: none; position: static;\">\n<h2>Zewn\u0119trzny ha\u0142as toczenia \/ emisja ha\u0142asu<\/h2>\n<p style=\"margin: 15px 0; line-height: 1.8; clear: both; display: block; width: 100%; float: none; position: static;\">Klasa A przeznaczona jest dla najcichszych opon, B i C \u2013 dla g\u0142o\u015bniejszych. Wp\u0142ywa na komfort podr\u00f3\u017cowania samochodem. Ha\u0142as, kt\u00f3ry powstaje przy toczeniu si\u0119 opony jest wyra\u017cony w decybelach. Im ni\u017csza liczba tym cichsza opona.<\/p>\n<p style=\"margin: 15px 0; line-height: 1.8; clear: both; display: block; width: 100%; float: none; position: static;\">\n<\/div>\n<\/div>\n<div style=\"clear: both; display: block; margin: 10px 0;\">\n<div style=\"clear: both; display: block; margin: 10px 0;\">\n<div  style=\"max-width:738px;max-height:1082px\">\n<div style=\"clear: both; display: block; margin: 10px 0;\">\n<div style=\"clear: both; width: 100%; display: block; margin: 20px 0; padding: 0; float: none; position: static; text-align: center;\"><img decoding=\"async\"  src=\"https:\/\/a.allegroimg.com\/original\/110f16\/4b2d1b314fa6bad8304ac8752684\/2x-opony-zimowe-275-50R19-Michelin-PILOT-ALPIN-5-SUV-Liczba-opon-w-ofercie-2-szt\" srcset=\"https:\/\/a.allegroimg.com\/original\/110f16\/4b2d1b314fa6bad8304ac8752684\/2x-opony-zimowe-275-50R19-Michelin-PILOT-ALPIN-5-SUV-Liczba-opon-w-ofercie-2-szt 245w,https:\/\/a.allegroimg.com\/original\/110f16\/4b2d1b314fa6bad8304ac8752684\/2x-opony-zimowe-275-50R19-Michelin-PILOT-ALPIN-5-SUV-Liczba-opon-w-ofercie-2-szt 491w,https:\/\/a.allegroimg.com\/original\/110f16\/4b2d1b314fa6bad8304ac8752684\/2x-opony-zimowe-275-50R19-Michelin-PILOT-ALPIN-5-SUV-Liczba-opon-w-ofercie-2-szt 698w,https:\/\/a.allegroimg.com\/original\/110f16\/4b2d1b314fa6bad8304ac8752684\/2x-opony-zimowe-275-50R19-Michelin-PILOT-ALPIN-5-SUV-Liczba-opon-w-ofercie-2-szt 738w,https:\/\/a.allegroimg.com\/original\/110f16\/4b2d1b314fa6bad8304ac8752684\/2x-opony-zimowe-275-50R19-Michelin-PILOT-ALPIN-5-SUV-Liczba-opon-w-ofercie-2-szt 738w\" sizes=\"(min-width: 1200px) 560px, (min-width: 992px) 50vw, 100vw\" width=\"738px\" alt=\"2x opony zimowe 275\/50R19 Michelin PILOT ALPIN 5 SUV Liczba opon w ofercie 2 szt.\"\/ style=\"max-width: 100%; height: auto; display: block; margin: 0 auto;\"><\/div>\n<\/div>\n<\/div>\n<\/div>\n<\/div>\n<\/div>\n<div style=\"clear: both; display: block; margin: 10px 0;\">\n<div style=\"clear: both; display: block; margin: 10px 0;\">\n<div style=\"clear: both; display: block; margin: 10px 0;\">\n<div  style=\"max-width:2048px;max-height:297px\">\n<div style=\"clear: both; display: block; margin: 10px 0;\">\n<div style=\"clear: both; width: 100%; display: block; margin: 20px 0; padding: 0; float: none; position: static; text-align: center;\"><img decoding=\"async\"  src=\"https:\/\/a.allegroimg.com\/original\/11c4cf\/dd2bc95443d1b92d4d960fb8c0c2\/2x-opony-zimowe-275-50R19-Michelin-PILOT-ALPIN-5-SUV-Rok-produkcji-2024\" srcset=\"https:\/\/a.allegroimg.com\/original\/11c4cf\/dd2bc95443d1b92d4d960fb8c0c2\/2x-opony-zimowe-275-50R19-Michelin-PILOT-ALPIN-5-SUV-Rok-produkcji-2024 360w,https:\/\/a.allegroimg.com\/original\/11c4cf\/dd2bc95443d1b92d4d960fb8c0c2\/2x-opony-zimowe-275-50R19-Michelin-PILOT-ALPIN-5-SUV-Rok-produkcji-2024 720w,https:\/\/a.allegroimg.com\/original\/11c4cf\/dd2bc95443d1b92d4d960fb8c0c2\/2x-opony-zimowe-275-50R19-Michelin-PILOT-ALPIN-5-SUV-Rok-produkcji-2024 1024w,https:\/\/a.allegroimg.com\/original\/11c4cf\/dd2bc95443d1b92d4d960fb8c0c2\/2x-opony-zimowe-275-50R19-Michelin-PILOT-ALPIN-5-SUV-Rok-produkcji-2024 1440w,https:\/\/a.allegroimg.com\/original\/11c4cf\/dd2bc95443d1b92d4d960fb8c0c2\/2x-opony-zimowe-275-50R19-Michelin-PILOT-ALPIN-5-SUV-Rok-produkcji-2024 2048w\" sizes=\"(min-width: 1200px) 560px, (min-width: 992px) 50vw, 100vw\" width=\"2048px\" alt=\"2x opony zimowe 275\/50R19 Michelin PILOT ALPIN 5 SUV Rok produkcji 2024\"\/ style=\"max-width: 100%; height: auto; display: block; margin: 0 auto;\"><\/div>\n<\/div>\n<\/div>\n<\/div>\n<\/div>\n<div style=\"clear: both; display: block; margin: 10px 0;\">\n<div style=\"clear: both; display: block; margin: 10px 0;\">\n<h2>O producencie<\/h2>\n<p style=\"margin: 15px 0; line-height: 1.8; clear: both; display: block; width: 100%; float: none; position: static;\">Michelin to francuska marka oponiarska, kt\u00f3ra powsta\u0142a w 1889 roku we Francji. Zosta\u0142a stworzona przez dw\u00f3ch braci: Andrego i Edouarda Michelin. Pierwotnym zamys\u0142em braci by\u0142o stworzenie firmy, kt\u00f3ra produkowa\u0142aby najbardziej nowoczesne opony klasy premium. Trzeba przyzna\u0107, \u017ce do dzi\u015b opony marki Michelin s\u0105 zachwalane przez klient\u00f3w ze wzgl\u0119du na wysok\u0105 jako\u015b\u0107, a tak\u017ce najnowsze standardy technologiczne. Natomiast fabryki Michelin uwa\u017cane s\u0105 za jedne z najbardziej nowoczesnych. Michelin produkuje g\u0142\u00f3wnie opony przeznaczone do aut osobowych, ci\u0119\u017carowych, rolniczych, rower\u00f3w, a tak\u017ce do samolot\u00f3w, a nawet prom\u00f3w kosmicznych! Michelin uwa\u017cany jest za jednego z najstarszych producent\u00f3w ogumienia na \u015bwiecie i jednocze\u015bnie za jednego z najbardziej innowacyjnych.<\/p>\n<\/div>\n<\/div>\n<\/div>\n<\/div>\n<\/div>\n<\/div>\n<div style=\"clear: both; display: block; margin: 10px 0;\">\n","protected":false},"excerpt":{"rendered":"<p>Cechy Opony:<\/p>\n<p>Stan: Fabrycznie nowa<\/p>\n<p>Dystrybucja: Oficjalny dystrybutor w Polsce<\/p>\n<p>Sezon: zimowe<\/p>\n<p>Producent: Michelin<\/p>\n<p>Bie\u017cnik: PILOT ALPIN 5 SUV<\/p>\n<p>Rozmiar: 275\/50R19<\/p>\n<p>Indeks no\u015bno\u015bci: 112<\/p>\n","protected":false},"featured_media":12527,"template":"","meta":{"_uag_custom_page_level_css":""},"product_brand":[429],"product_cat":[414,413,412,415],"product_tag":[],"class_list":{"0":"post-12526","1":"product","2":"type-product","3":"status-publish","4":"has-post-thumbnail","6":"product_brand-michelin","7":"product_cat-do-samochodow-osobowych-i-suv","8":"product_cat-opony","9":"product_cat-opony-i-felgi","10":"product_cat-zimowe","12":"first","13":"instock","14":"shipping-taxable","15":"purchasable","16":"product-type-simple"},"uagb_featured_image_src":{"full":["https:\/\/oponexa.shop\/tire\/wp-content\/uploads\/2026\/01\/allegro-image-12526.jpg",711,831,false],"thumbnail":["https:\/\/oponexa.shop\/tire\/wp-content\/uploads\/2026\/01\/allegro-image-12526-150x150.jpg",150,150,true],"medium":["https:\/\/oponexa.shop\/tire\/wp-content\/uploads\/2026\/01\/allegro-image-12526-257x300.jpg",257,300,true],"medium_large":["https:\/\/oponexa.shop\/tire\/wp-content\/uploads\/2026\/01\/allegro-image-12526.jpg",711,831,false],"large":["https:\/\/oponexa.shop\/tire\/wp-content\/uploads\/2026\/01\/allegro-image-12526.jpg",711,831,false],"1536x1536":["https:\/\/oponexa.shop\/tire\/wp-content\/uploads\/2026\/01\/allegro-image-12526.jpg",711,831,false],"2048x2048":["https:\/\/oponexa.shop\/tire\/wp-content\/uploads\/2026\/01\/allegro-image-12526.jpg",711,831,false],"woocommerce_thumbnail":["https:\/\/oponexa.shop\/tire\/wp-content\/uploads\/2026\/01\/allegro-image-12526-300x300.jpg",300,300,true],"woocommerce_single":["https:\/\/oponexa.shop\/tire\/wp-content\/uploads\/2026\/01\/allegro-image-12526-600x701.jpg",600,701,true],"woocommerce_gallery_thumbnail":["https:\/\/oponexa.shop\/tire\/wp-content\/uploads\/2026\/01\/allegro-image-12526-100x100.jpg",100,100,true]},"uagb_author_info":{"display_name":"admin","author_link":"https:\/\/oponexa.shop\/tire\/author\/"},"uagb_comment_info":0,"uagb_excerpt":"Cechy Opony: Stan: Fabrycznie nowa Dystrybucja: Oficjalny dystrybutor w Polsce Sezon: zimowe Producent: Michelin Bie\u017cnik: PILOT ALPIN 5 SUV Rozmiar: 275\/50R19 Indeks no\u015bno\u015bci: 112","_links":{"self":[{"href":"https:\/\/oponexa.shop\/tire\/wp-json\/wp\/v2\/product\/12526","targetHints":{"allow":["GET"]}}],"collection":[{"href":"https:\/\/oponexa.shop\/tire\/wp-json\/wp\/v2\/product"}],"about":[{"href":"https:\/\/oponexa.shop\/tire\/wp-json\/wp\/v2\/types\/product"}],"wp:featuredmedia":[{"embeddable":true,"href":"https:\/\/oponexa.shop\/tire\/wp-json\/wp\/v2\/media\/12527"}],"wp:attachment":[{"href":"https:\/\/oponexa.shop\/tire\/wp-json\/wp\/v2\/media?parent=12526"}],"wp:term":[{"taxonomy":"product_brand","embeddable":true,"href":"https:\/\/oponexa.shop\/tire\/wp-json\/wp\/v2\/product_brand?post=12526"},{"taxonomy":"product_cat","embeddable":true,"href":"https:\/\/oponexa.shop\/tire\/wp-json\/wp\/v2\/product_cat?post=12526"},{"taxonomy":"product_tag","embeddable":true,"href":"https:\/\/oponexa.shop\/tire\/wp-json\/wp\/v2\/product_tag?post=12526"}],"curies":[{"name":"wp","href":"https:\/\/api.w.org\/{rel}","templated":true}]}}