{"id":12500,"date":"2026-01-03T21:48:30","date_gmt":"2026-01-03T20:48:30","guid":{"rendered":"https:\/\/oponyexpert.shop\/xef5\/produkt\/2x-kumho-wintercraft-wp72-275-40r19-105w\/"},"modified":"2026-01-03T21:48:31","modified_gmt":"2026-01-03T20:48:31","slug":"2x-kumho-wintercraft-wp72-275-40r19-105w","status":"publish","type":"product","link":"https:\/\/oponixo.shop\/tire\/produkt\/2x-kumho-wintercraft-wp72-275-40r19-105w\/","title":{"rendered":"2x Kumho WinterCraft WP72 275\/40R19 105W"},"content":{"rendered":"<div style=\"font-family: Arial, sans-serif; line-height: 1.6; color: #333; padding: 20px; clear: both; display: block; width: 100%; float: none; position: static; overflow: hidden;\">\n<div style=\"clear: both; display: block; margin: 10px 0;\">\n<div style=\"clear: both; display: block; margin: 10px 0;\">\n<div style=\"clear: both; display: block; margin: 10px 0;\">\n<h1>2x nowe opony zimowe KUMHO WINTERCRAFT WP72 275\/40R19 105W<\/h1>\n<p style=\"margin: 15px 0; line-height: 1.8; clear: both; display: block; width: 100%; float: none; position: static;\">Cechy produktu<\/p>\n<ul style=\"margin: 15px 0; padding-left: 20px; clear: both; display: block; width: 100%; float: none; position: static;\">\n<li style=\"margin: 5px 0; padding: 2px 0; clear: both; display: list-item; float: none; position: static;\">Marka: Kumho<\/li>\n<li style=\"margin: 5px 0; padding: 2px 0; clear: both; display: list-item; float: none; position: static;\">Model: WinterCraft WP72<\/li>\n<li style=\"margin: 5px 0; padding: 2px 0; clear: both; display: list-item; float: none; position: static;\">Szeroko\u015b\u0107\/profil\/\u015brednica: 275\/40R19<\/li>\n<li style=\"margin: 5px 0; padding: 2px 0; clear: both; display: list-item; float: none; position: static;\">Indeks no\u015bno\u015bci: do 105 (925 kg na opon\u0119)<\/li>\n<li style=\"margin: 5px 0; padding: 2px 0; clear: both; display: list-item; float: none; position: static;\">Indeks pr\u0119dko\u015bci: W (do 270 km\/h)<\/li>\n<li style=\"margin: 5px 0; padding: 2px 0; clear: both; display: list-item; float: none; position: static;\">Sezon: zimowe<\/li>\n<li style=\"margin: 5px 0; padding: 2px 0; clear: both; display: list-item; float: none; position: static;\">Typ pojazdu: osobowy<\/li>\n<li style=\"margin: 5px 0; padding: 2px 0; clear: both; display: list-item; float: none; position: static;\">Klasa energetyczna: C<\/li>\n<li style=\"margin: 5px 0; padding: 2px 0; clear: both; display: list-item; float: none; position: static;\">Klasa przyczepno\u015bci: C<\/li>\n<li style=\"margin: 5px 0; padding: 2px 0; clear: both; display: list-item; float: none; position: static;\">Poziom ha\u0142asu: 73<\/li>\n<li style=\"margin: 5px 0; padding: 2px 0; clear: both; display: list-item; float: none; position: static;\">Klasa ha\u0142asu: B<\/li>\n<li style=\"margin: 5px 0; padding: 2px 0; clear: both; display: list-item; float: none; position: static;\">Rok produkcji: 2025<\/li>\n<li style=\"margin: 5px 0; padding: 2px 0; clear: both; display: list-item; float: none; position: static;\">Oznaczenia_dodatkowe: XL<\/li>\n<\/ul>\n<\/div>\n<\/div>\n<div style=\"clear: both; display: block; margin: 10px 0;\">\n<div style=\"clear: both; display: block; margin: 10px 0;\">\n<div  style=\"max-width:578px;max-height:800px\">\n<div style=\"clear: both; display: block; margin: 10px 0;\">\n<div style=\"clear: both; width: 100%; display: block; margin: 20px 0; padding: 0; float: none; position: static; text-align: center;\"><img decoding=\"async\"  src=\"https:\/\/a.allegroimg.com\/original\/114446\/5302def744ff8d3d499c357548a3\/2x-Kumho-WinterCraft-WP72-275-40R19-105W\" srcset=\"https:\/\/a.allegroimg.com\/original\/114446\/5302def744ff8d3d499c357548a3\/2x-Kumho-WinterCraft-WP72-275-40R19-105W 260w,https:\/\/a.allegroimg.com\/original\/114446\/5302def744ff8d3d499c357548a3\/2x-Kumho-WinterCraft-WP72-275-40R19-105W 520w,https:\/\/a.allegroimg.com\/original\/114446\/5302def744ff8d3d499c357548a3\/2x-Kumho-WinterCraft-WP72-275-40R19-105W 578w,https:\/\/a.allegroimg.com\/original\/114446\/5302def744ff8d3d499c357548a3\/2x-Kumho-WinterCraft-WP72-275-40R19-105W 578w\" sizes=\"(min-width: 1200px) 560px, (min-width: 992px) 50vw, 100vw\" width=\"578px\" alt=\"2x Kumho WinterCraft WP72 275\/40R19 105W\"\/ style=\"max-width: 100%; height: auto; display: block; margin: 0 auto;\"><\/div>\n<\/div>\n<\/div>\n<\/div>\n<\/div>\n<\/div>\n<div style=\"clear: both; display: block; margin: 10px 0;\">\n<div style=\"clear: both; display: block; margin: 10px 0;\">\n<div style=\"clear: both; display: block; margin: 10px 0;\">\n<div  style=\"max-width:212px;max-height:305px\">\n<div style=\"clear: both; display: block; margin: 10px 0;\">\n<div style=\"clear: both; width: 100%; display: block; margin: 20px 0; padding: 0; float: none; position: static; text-align: center;\"><img decoding=\"async\"  src=\"https:\/\/a.allegroimg.com\/original\/11a87b\/b3af0bba46b1bece04f54bcc1507\/2x-Kumho-WinterCraft-WP72-275-40R19-105W-Liczba-opon-w-ofercie-2-szt\" srcset=\"https:\/\/a.allegroimg.com\/original\/11a87b\/b3af0bba46b1bece04f54bcc1507\/2x-Kumho-WinterCraft-WP72-275-40R19-105W-Liczba-opon-w-ofercie-2-szt 212w,https:\/\/a.allegroimg.com\/original\/11a87b\/b3af0bba46b1bece04f54bcc1507\/2x-Kumho-WinterCraft-WP72-275-40R19-105W-Liczba-opon-w-ofercie-2-szt 212w\" sizes=\"(min-width: 1200px) 560px, (min-width: 992px) 50vw, 100vw\" width=\"212px\" alt=\"2x Kumho WinterCraft WP72 275\/40R19 105W Liczba opon w ofercie 2 szt.\"\/ style=\"max-width: 100%; height: auto; display: block; margin: 0 auto;\"><\/div>\n<\/div>\n<\/div>\n<\/div>\n<\/div>\n<div style=\"clear: both; display: block; margin: 10px 0;\">\n<div style=\"clear: both; display: block; margin: 10px 0;\">\n<div  style=\"max-width:2560px;max-height:886px\">\n<div style=\"clear: both; display: block; margin: 10px 0;\">\n<div style=\"clear: both; width: 100%; display: block; margin: 20px 0; padding: 0; float: none; position: static; text-align: center;\"><img decoding=\"async\"  src=\"https:\/\/a.allegroimg.com\/original\/11de11\/23314a5341b79df9410ae55ba7c2\/2x-Kumho-WinterCraft-WP72-275-40R19-105W-Rok-produkcji-2025\" srcset=\"https:\/\/a.allegroimg.com\/original\/11de11\/23314a5341b79df9410ae55ba7c2\/2x-Kumho-WinterCraft-WP72-275-40R19-105W-Rok-produkcji-2025 360w,https:\/\/a.allegroimg.com\/original\/11de11\/23314a5341b79df9410ae55ba7c2\/2x-Kumho-WinterCraft-WP72-275-40R19-105W-Rok-produkcji-2025 720w,https:\/\/a.allegroimg.com\/original\/11de11\/23314a5341b79df9410ae55ba7c2\/2x-Kumho-WinterCraft-WP72-275-40R19-105W-Rok-produkcji-2025 1024w,https:\/\/a.allegroimg.com\/original\/11de11\/23314a5341b79df9410ae55ba7c2\/2x-Kumho-WinterCraft-WP72-275-40R19-105W-Rok-produkcji-2025 1440w,https:\/\/a.allegroimg.com\/original\/11de11\/23314a5341b79df9410ae55ba7c2\/2x-Kumho-WinterCraft-WP72-275-40R19-105W-Rok-produkcji-2025 2560w\" sizes=\"(min-width: 1200px) 560px, (min-width: 992px) 50vw, 100vw\" width=\"2560px\" alt=\"2x Kumho WinterCraft WP72 275\/40R19 105W Rok produkcji 2025\"\/ style=\"max-width: 100%; height: auto; display: block; margin: 0 auto;\"><\/div>\n<\/div>\n<\/div>\n<\/div>\n<\/div>\n<\/div>\n<div style=\"clear: both; display: block; margin: 10px 0;\">\n<div style=\"clear: both; display: block; margin: 10px 0;\">\n<div style=\"clear: both; display: block; margin: 10px 0;\">\n<p style=\"margin: 15px 0; line-height: 1.8; clear: both; display: block; width: 100%; float: none; position: static;\">Kumho to korea\u0144ska marka opon, kt\u00f3rej pocz\u0105tki si\u0119gaj\u0105 1960 roku. Firma od pocz\u0105tku stawia na innowacyjno\u015b\u0107 i wysok\u0105 jako\u015b\u0107 swoich produkt\u00f3w. Obecnie firma Kumho zaopatruje najwi\u0119kszych korea\u0144skich producent\u00f3w aut, montuj\u0105c opony na oryginalne wyposa\u017cenie samochod\u00f3w Hyundai, czy Kia. Marka zyska\u0142a uznanie r\u00f3wnie\u017c w\u015br\u00f3d europejskich producent\u00f3w aut, co poskutkowa\u0142o monta\u017cem na oryginalne wyposa\u017cenie w niekt\u00f3rych modelach Mercedesa, Volkswagena, czy Opla. Wysoka jako\u015b\u0107 i rozs\u0105dna cena czyni\u0105 opony Kumho \u015bwietnym wyborem dla ka\u017cdego kierowcy<\/p>\n<\/div>\n<\/div>\n<\/div>\n<\/div>\n<\/div>\n<\/div>\n<div style=\"clear: both; display: block; margin: 10px 0;\">\n","protected":false},"excerpt":{"rendered":"<p>2x nowe opony zimowe KUMHO WINTERCRAFT WP72 275\/40R19 105W<\/p>\n<p>Cechy produktu<\/p>\n<p>Marka: Kumho<\/p>\n<p>Model: WinterCraft WP72<\/p>\n<p>Szeroko\u015b\u0107\/profil\/\u015brednica: 275\/40R19<\/p>\n<p>Indeks no\u015bno\u015bci: do 105 (925 kg na opon\u0119)<\/p>\n<p>Indeks pr\u0119dko\u015bci: W (do 270 km\/h)<\/p>\n<p>Sezon: zimowe<\/p>\n","protected":false},"featured_media":12501,"template":"","meta":{"_uag_custom_page_level_css":""},"product_brand":[390],"product_cat":[414,413,412,415],"product_tag":[],"class_list":{"0":"post-12500","1":"product","2":"type-product","3":"status-publish","4":"has-post-thumbnail","6":"product_brand-kumho","7":"product_cat-do-samochodow-osobowych-i-suv","8":"product_cat-opony","9":"product_cat-opony-i-felgi","10":"product_cat-zimowe","12":"first","13":"instock","14":"shipping-taxable","15":"purchasable","16":"product-type-simple"},"uagb_featured_image_src":{"full":["https:\/\/oponixo.shop\/tire\/wp-content\/uploads\/2026\/01\/allegro-image-12500.jpg",578,800,false],"thumbnail":["https:\/\/oponixo.shop\/tire\/wp-content\/uploads\/2026\/01\/allegro-image-12500-150x150.jpg",150,150,true],"medium":["https:\/\/oponixo.shop\/tire\/wp-content\/uploads\/2026\/01\/allegro-image-12500-217x300.jpg",217,300,true],"medium_large":["https:\/\/oponixo.shop\/tire\/wp-content\/uploads\/2026\/01\/allegro-image-12500.jpg",578,800,false],"large":["https:\/\/oponixo.shop\/tire\/wp-content\/uploads\/2026\/01\/allegro-image-12500.jpg",578,800,false],"1536x1536":["https:\/\/oponixo.shop\/tire\/wp-content\/uploads\/2026\/01\/allegro-image-12500.jpg",578,800,false],"2048x2048":["https:\/\/oponixo.shop\/tire\/wp-content\/uploads\/2026\/01\/allegro-image-12500.jpg",578,800,false],"woocommerce_thumbnail":["https:\/\/oponixo.shop\/tire\/wp-content\/uploads\/2026\/01\/allegro-image-12500-300x300.jpg",300,300,true],"woocommerce_single":["https:\/\/oponixo.shop\/tire\/wp-content\/uploads\/2026\/01\/allegro-image-12500.jpg",578,800,false],"woocommerce_gallery_thumbnail":["https:\/\/oponixo.shop\/tire\/wp-content\/uploads\/2026\/01\/allegro-image-12500-100x100.jpg",100,100,true]},"uagb_author_info":{"display_name":"admin","author_link":"https:\/\/oponixo.shop\/tire\/author\/"},"uagb_comment_info":0,"uagb_excerpt":"2x nowe opony zimowe KUMHO WINTERCRAFT WP72 275\/40R19 105W Cechy produktu Marka: Kumho Model: WinterCraft WP72 Szeroko\u015b\u0107\/profil\/\u015brednica: 275\/40R19 Indeks no\u015bno\u015bci: do 105 (925 kg na opon\u0119) Indeks pr\u0119dko\u015bci: W (do 270 km\/h) Sezon: zimowe","_links":{"self":[{"href":"https:\/\/oponixo.shop\/tire\/wp-json\/wp\/v2\/product\/12500","targetHints":{"allow":["GET"]}}],"collection":[{"href":"https:\/\/oponixo.shop\/tire\/wp-json\/wp\/v2\/product"}],"about":[{"href":"https:\/\/oponixo.shop\/tire\/wp-json\/wp\/v2\/types\/product"}],"wp:featuredmedia":[{"embeddable":true,"href":"https:\/\/oponixo.shop\/tire\/wp-json\/wp\/v2\/media\/12501"}],"wp:attachment":[{"href":"https:\/\/oponixo.shop\/tire\/wp-json\/wp\/v2\/media?parent=12500"}],"wp:term":[{"taxonomy":"product_brand","embeddable":true,"href":"https:\/\/oponixo.shop\/tire\/wp-json\/wp\/v2\/product_brand?post=12500"},{"taxonomy":"product_cat","embeddable":true,"href":"https:\/\/oponixo.shop\/tire\/wp-json\/wp\/v2\/product_cat?post=12500"},{"taxonomy":"product_tag","embeddable":true,"href":"https:\/\/oponixo.shop\/tire\/wp-json\/wp\/v2\/product_tag?post=12500"}],"curies":[{"name":"wp","href":"https:\/\/api.w.org\/{rel}","templated":true}]}}