{"id":12447,"date":"2026-01-03T21:24:43","date_gmt":"2026-01-03T20:24:43","guid":{"rendered":"https:\/\/oponyexpert.shop\/xef5\/produkt\/2x-opona-caloroczna-kumho-solus-4s-ha31-185-50r16-81h-2021-fv\/"},"modified":"2026-01-03T21:24:44","modified_gmt":"2026-01-03T20:24:44","slug":"2x-opona-caloroczna-kumho-solus-4s-ha31-185-50r16-81h-2021-fv","status":"publish","type":"product","link":"https:\/\/oponixo.shop\/tire\/produkt\/2x-opona-caloroczna-kumho-solus-4s-ha31-185-50r16-81h-2021-fv\/","title":{"rendered":"2x Opona ca\u0142oroczna Kumho Solus 4S HA31 185\/50R16 81H 2021 FV"},"content":{"rendered":"<div style=\"font-family: Arial, sans-serif; line-height: 1.6; color: #333; padding: 20px; clear: both; display: block; width: 100%; float: none; position: static; overflow: hidden;\">\n<div style=\"clear: both; display: block; margin: 10px 0;\">\n<div style=\"clear: both; display: block; margin: 10px 0;\">\n<div style=\"clear: both; display: block; margin: 10px 0;\">\n<p style=\"margin: 15px 0; line-height: 1.8; clear: both; display: block; width: 100%; float: none; position: static;\">Opona ca\u0142oroczna Kumho Solus HA31 185\/50R16 81 H<\/p>\n<p style=\"margin: 15px 0; line-height: 1.8; clear: both; display: block; width: 100%; float: none; position: static;\">Cechy produktu:<\/p>\n<p style=\"margin: 15px 0; line-height: 1.8; clear: both; display: block; width: 100%; float: none; position: static;\">rok produkcji 2021<\/p>\n<ul style=\"margin: 15px 0; padding-left: 20px; clear: both; display: block; width: 100%; float: none; position: static;\">\n<li style=\"margin: 5px 0; padding: 2px 0; clear: both; display: list-item; float: none; position: static;\">sezon: ca\u0142oroczne<\/li>\n<li style=\"margin: 5px 0; padding: 2px 0; clear: both; display: list-item; float: none; position: static;\">szeroko\u015b\u0107\/profil\/\u015brednica: 185\/50R16<\/li>\n<li style=\"margin: 5px 0; padding: 2px 0; clear: both; display: list-item; float: none; position: static;\">indeks pr\u0119dko\u015bci: H do 210 km\/h<\/li>\n<li style=\"margin: 5px 0; padding: 2px 0; clear: both; display: list-item; float: none; position: static;\">indeks no\u015bno\u015bci: 81 &#8211; 462 kg<\/li>\n<\/ul>\n<\/div>\n<\/div>\n<div style=\"clear: both; display: block; margin: 10px 0;\">\n<div style=\"clear: both; display: block; margin: 10px 0;\">\n<div  style=\"max-width:466px;max-height:720px\">\n<div style=\"clear: both; display: block; margin: 10px 0;\">\n<div style=\"clear: both; width: 100%; display: block; margin: 20px 0; padding: 0; float: none; position: static; text-align: center;\"><img decoding=\"async\"  src=\"https:\/\/a.allegroimg.com\/original\/110cb1\/451834344e73987a161981c1aedf\/2x-Opona-caloroczna-Kumho-Solus-4S-HA31-185-50R16-81H-2021-FV\" srcset=\"https:\/\/a.allegroimg.com\/original\/110cb1\/451834344e73987a161981c1aedf\/2x-Opona-caloroczna-Kumho-Solus-4S-HA31-185-50R16-81H-2021-FV 233w,https:\/\/a.allegroimg.com\/original\/110cb1\/451834344e73987a161981c1aedf\/2x-Opona-caloroczna-Kumho-Solus-4S-HA31-185-50R16-81H-2021-FV 466w,https:\/\/a.allegroimg.com\/original\/110cb1\/451834344e73987a161981c1aedf\/2x-Opona-caloroczna-Kumho-Solus-4S-HA31-185-50R16-81H-2021-FV 466w\" sizes=\"(min-width: 1200px) 560px, (min-width: 992px) 50vw, 100vw\" width=\"466px\" alt=\"2x Opona ca\u0142oroczna Kumho Solus 4S HA31 185\/50R16 81H 2021 FV\"\/ style=\"max-width: 100%; height: auto; display: block; margin: 0 auto;\"><\/div>\n<\/div>\n<\/div>\n<\/div>\n<\/div>\n<\/div>\n<div style=\"clear: both; display: block; margin: 10px 0;\">\n<div style=\"clear: both; display: block; margin: 10px 0;\">\n<div style=\"clear: both; display: block; margin: 10px 0;\">\n<h3 style=\"color: #2c5aa0; font-size: 18px; margin: 30px 0 15px 0; font-weight: bold; clear: both; display: block; width: 100%; float: none; position: static;\">Przeznaczenie<\/h3>\n<p style=\"margin: 15px 0; line-height: 1.8; clear: both; display: block; width: 100%; float: none; position: static;\">Kumho Solus HA31 to opony ca\u0142oroczne (opony wielosezonowe) przeznaczone do montowania w samochodach osobowych. Opony Kumho Solus HA31 mo\u017cna wykorzystywa\u0107 przez ca\u0142y rok, na nawierzchniach suchych, mokrych i za\u015bnie\u017conych. Producent opon Solus HA31 za priorytet uzna\u0142 zapewnienie jak najlepszej przyczepno\u015bci na ka\u017cdej nawierzchni, bez wzgl\u0119du na por\u0119 roku. Dodatkowym atutem opon jest ich oryginalny wygl\u0105d.<\/p>\n<h3 style=\"color: #2c5aa0; font-size: 18px; margin: 30px 0 15px 0; font-weight: bold; clear: both; display: block; width: 100%; float: none; position: static;\">Technologia<\/h3>\n<p style=\"margin: 15px 0; line-height: 1.8; clear: both; display: block; width: 100%; float: none; position: static;\">Opony ca\u0142oroczne Kumho Solus HA31 zosta\u0142y wyprodukowane z zaawansowanej technologicznie mieszanki gumowej. Ma ona za zadanie zapewni\u0107 w\u0142a\u015bciw\u0105 elastyczno\u015b\u0107 zim\u0105 i odpowiedni\u0105 twardo\u015b\u0107 latem. Producent zapewnia, i\u017c opony mo\u017cna stosowa\u0107 w rejonach, w kt\u00f3rych panuj\u0105 prawdziwe warunki zimowe (opony maj\u0105 symbol p\u0142atka \u015bniegu na tle g\u00f3r). Niekt\u00f3re rozmiary opony wyposa\u017cone s\u0105 w rant ochronny, kt\u00f3rego zadaniem jest zabezpieczenie felg przed uszkodzeniami (otarciami) bocznymi.<\/p>\n<h3 style=\"color: #2c5aa0; font-size: 18px; margin: 30px 0 15px 0; font-weight: bold; clear: both; display: block; width: 100%; float: none; position: static;\">Bie\u017cnik<\/h3>\n<p style=\"margin: 15px 0; line-height: 1.8; clear: both; display: block; width: 100%; float: none; position: static;\">Opony wielosezonowe Kumho Solus HA31 maj\u0105 bie\u017cnik symetryczny, kierunkowy, nawi\u0105zuj\u0105cy wygl\u0105dem do grotu strza\u0142y. U\u0142o\u017cone promieni\u015bcie szerokie naci\u0119cia maj\u0105 za zadanie odprowadzanie wody i \u015bniegu poza opon\u0119, aby zapewni\u0107 w\u0142a\u015bciw\u0105 przyczepno\u015b\u0107. Sztywne \u015brodkowe \u017cebro, \u201egrot strza\u0142y\u201d ma za zadanie zwi\u0119kszenie stabilno\u015bci jazdy, zw\u0142aszcza przy du\u017cych pr\u0119dko\u015bciach. Bie\u017cnik ma r\u00f3wnie\u017c szereg lameli o strukturze plastra miodu, poprawiaj\u0105cych przyczepno\u015b\u0107 g\u0142\u00f3wnie na za\u015bnie\u017conych drogach<\/p>\n<h3 style=\"color: #2c5aa0; font-size: 18px; margin: 30px 0 15px 0; font-weight: bold; clear: both; display: block; width: 100%; float: none; position: static;\">Producent<\/h3>\n<p style=\"margin: 15px 0; line-height: 1.8; clear: both; display: block; width: 100%; float: none; position: static;\">Kumho to firma oponiarska wywodz\u0105ca si\u0119 z Korei Po\u0142udniowej. To jeden z najwi\u0119kszych producent\u00f3w ogumienia samochodowego na \u015bwiecie. Firma rozpocz\u0119\u0142a swoj\u0105 dzia\u0142alno\u015b\u0107 pod nazw\u0105 Samyang Tire w latach sze\u015b\u0107dziesi\u0105tych ubieg\u0142ego stulecia. Producent skoncentrowa\u0142 si\u0119 na produkcji opon do kompaktowych samochod\u00f3w osobowych. W ci\u0105gu kilku lat ma\u0142a firma mocno rozwin\u0119\u0142a swoj\u0105 dzia\u0142alno\u015b\u0107. Pod koniec lat sze\u015b\u0107dziesi\u0105tych Samyang dostarcza\u0142 opony na pierwszy monta\u017c do pojazd\u00f3w Daewoo, Kia i Hyundai. W kolejnych latach ruszy\u0142 eksport i produkcja opon do zastosowa\u0144 przemys\u0142owych i rolniczych. W 1978 roku zmieniono nazw\u0119 firmy na Kumho. W latach dziewi\u0119\u0107dziesi\u0105tych Kumho zacz\u0119\u0142a dostarcza\u0107 ogumienie do samochod\u00f3w sportowych i terenowych. Obecnie znajduje si\u0119 w pierwszej dziesi\u0105tce \u015bwiatowych producent\u00f3w ogumienia samochodowego.<\/p>\n<\/div>\n<\/div>\n<\/div>\n<\/div>\n<\/div>\n<\/div>\n<div style=\"clear: both; display: block; margin: 10px 0;\">\n","protected":false},"excerpt":{"rendered":"<p>Opona ca\u0142oroczna Kumho Solus HA31 185\/50R16 81 H<\/p>\n<p>Cechy produktu:<\/p>\n<p>rok produkcji 2021<\/p>\n<p>sezon: ca\u0142oroczne<\/p>\n<p>szeroko\u015b\u0107\/profil\/\u015brednica: 185\/50R16<\/p>\n<p>indeks pr\u0119dko\u015bci: H do 210 km\/h<\/p>\n<p>indeks no\u015bno\u015bci: 81 &#8211; 462 kg<\/p>\n<p>Przeznaczenie<\/p>\n","protected":false},"featured_media":12448,"template":"","meta":{"_uag_custom_page_level_css":""},"product_brand":[390],"product_cat":[416,414,413,412],"product_tag":[],"class_list":{"0":"post-12447","1":"product","2":"type-product","3":"status-publish","4":"has-post-thumbnail","6":"product_brand-kumho","7":"product_cat-caloroczne","8":"product_cat-do-samochodow-osobowych-i-suv","9":"product_cat-opony","10":"product_cat-opony-i-felgi","12":"first","13":"instock","14":"shipping-taxable","15":"purchasable","16":"product-type-simple"},"uagb_featured_image_src":{"full":["https:\/\/oponixo.shop\/tire\/wp-content\/uploads\/2026\/01\/allegro-image-12447.jpg",466,720,false],"thumbnail":["https:\/\/oponixo.shop\/tire\/wp-content\/uploads\/2026\/01\/allegro-image-12447-150x150.jpg",150,150,true],"medium":["https:\/\/oponixo.shop\/tire\/wp-content\/uploads\/2026\/01\/allegro-image-12447-194x300.jpg",194,300,true],"medium_large":["https:\/\/oponixo.shop\/tire\/wp-content\/uploads\/2026\/01\/allegro-image-12447.jpg",466,720,false],"large":["https:\/\/oponixo.shop\/tire\/wp-content\/uploads\/2026\/01\/allegro-image-12447.jpg",466,720,false],"1536x1536":["https:\/\/oponixo.shop\/tire\/wp-content\/uploads\/2026\/01\/allegro-image-12447.jpg",466,720,false],"2048x2048":["https:\/\/oponixo.shop\/tire\/wp-content\/uploads\/2026\/01\/allegro-image-12447.jpg",466,720,false],"woocommerce_thumbnail":["https:\/\/oponixo.shop\/tire\/wp-content\/uploads\/2026\/01\/allegro-image-12447-300x300.jpg",300,300,true],"woocommerce_single":["https:\/\/oponixo.shop\/tire\/wp-content\/uploads\/2026\/01\/allegro-image-12447.jpg",466,720,false],"woocommerce_gallery_thumbnail":["https:\/\/oponixo.shop\/tire\/wp-content\/uploads\/2026\/01\/allegro-image-12447-100x100.jpg",100,100,true]},"uagb_author_info":{"display_name":"admin","author_link":"https:\/\/oponixo.shop\/tire\/author\/"},"uagb_comment_info":0,"uagb_excerpt":"Opona ca\u0142oroczna Kumho Solus HA31 185\/50R16 81 H Cechy produktu: rok produkcji 2021 sezon: ca\u0142oroczne szeroko\u015b\u0107\/profil\/\u015brednica: 185\/50R16 indeks pr\u0119dko\u015bci: H do 210 km\/h indeks no\u015bno\u015bci: 81 - 462 kg Przeznaczenie","_links":{"self":[{"href":"https:\/\/oponixo.shop\/tire\/wp-json\/wp\/v2\/product\/12447","targetHints":{"allow":["GET"]}}],"collection":[{"href":"https:\/\/oponixo.shop\/tire\/wp-json\/wp\/v2\/product"}],"about":[{"href":"https:\/\/oponixo.shop\/tire\/wp-json\/wp\/v2\/types\/product"}],"wp:featuredmedia":[{"embeddable":true,"href":"https:\/\/oponixo.shop\/tire\/wp-json\/wp\/v2\/media\/12448"}],"wp:attachment":[{"href":"https:\/\/oponixo.shop\/tire\/wp-json\/wp\/v2\/media?parent=12447"}],"wp:term":[{"taxonomy":"product_brand","embeddable":true,"href":"https:\/\/oponixo.shop\/tire\/wp-json\/wp\/v2\/product_brand?post=12447"},{"taxonomy":"product_cat","embeddable":true,"href":"https:\/\/oponixo.shop\/tire\/wp-json\/wp\/v2\/product_cat?post=12447"},{"taxonomy":"product_tag","embeddable":true,"href":"https:\/\/oponixo.shop\/tire\/wp-json\/wp\/v2\/product_tag?post=12447"}],"curies":[{"name":"wp","href":"https:\/\/api.w.org\/{rel}","templated":true}]}}