{"id":12425,"date":"2026-01-03T21:24:36","date_gmt":"2026-01-03T20:24:36","guid":{"rendered":"https:\/\/oponyexpert.shop\/xef5\/produkt\/2x-165-65r15-tracmax-x-privilo-a-s-trac-saver-as01\/"},"modified":"2026-01-03T21:24:37","modified_gmt":"2026-01-03T20:24:37","slug":"2x-165-65r15-tracmax-x-privilo-a-s-trac-saver-as01","status":"publish","type":"product","link":"https:\/\/oponixo.shop\/tire\/produkt\/2x-165-65r15-tracmax-x-privilo-a-s-trac-saver-as01\/","title":{"rendered":"2x 165\/65R15 TRACMAX X-PRIVILO A\/S TRAC SAVER AS01"},"content":{"rendered":"<div style=\"font-family: Arial, sans-serif; line-height: 1.6; color: #333; padding: 20px; clear: both; display: block; width: 100%; float: none; position: static; overflow: hidden;\">\n<div style=\"clear: both; display: block; margin: 10px 0;\">\n<div style=\"clear: both; display: block; margin: 10px 0;\">\n<div style=\"clear: both; display: block; margin: 10px 0;\">\n<h2>Opona ca\u0142oroczna Tracmax X-privilo A\/S Trac Saver AS01 165\/65R15 81 H przyczepno\u015b\u0107 na \u015bniegu (3PMSF)<\/h2>\n<p style=\"margin: 15px 0; line-height: 1.8; clear: both; display: block; width: 100%; float: none; position: static;\">Opona ca\u0142oroczna Tracmax X-privilo A\/S Trac Saver AS01 165\/65R15 81 H<\/p>\n<p style=\"margin: 15px 0; line-height: 1.8; clear: both; display: block; width: 100%; float: none; position: static;\">Cechy produktu:<\/p>\n<ul style=\"margin: 15px 0; padding-left: 20px; clear: both; display: block; width: 100%; float: none; position: static;\">\n<li style=\"margin: 5px 0; padding: 2px 0; clear: both; display: list-item; float: none; position: static;\">sezon: ca\u0142oroczne<\/li>\n<li style=\"margin: 5px 0; padding: 2px 0; clear: both; display: list-item; float: none; position: static;\">szeroko\u015b\u0107\/profil\/\u015brednica: 165\/65R15<\/li>\n<li style=\"margin: 5px 0; padding: 2px 0; clear: both; display: list-item; float: none; position: static;\">indeks no\u015bno\u015bci: 81 &#8211; 462 kg<\/li>\n<li style=\"margin: 5px 0; padding: 2px 0; clear: both; display: list-item; float: none; position: static;\">indeks pr\u0119dko\u015bci: H do 210 km\/h<\/li>\n<\/ul>\n<\/div>\n<\/div>\n<div style=\"clear: both; display: block; margin: 10px 0;\">\n<div style=\"clear: both; display: block; margin: 10px 0;\">\n<div  style=\"max-width:876px;max-height:876px\">\n<div style=\"clear: both; display: block; margin: 10px 0;\">\n<div style=\"clear: both; width: 100%; display: block; margin: 20px 0; padding: 0; float: none; position: static; text-align: center;\"><img decoding=\"async\"  src=\"https:\/\/a.allegroimg.com\/original\/2922e0\/bff12e1249d498362ca77e8ee86d\/2x-165-65R15-TRACMAX-X-PRIVILO-A-S-TRAC-SAVER-AS01\" srcset=\"https:\/\/a.allegroimg.com\/original\/2922e0\/bff12e1249d498362ca77e8ee86d\/2x-165-65R15-TRACMAX-X-PRIVILO-A-S-TRAC-SAVER-AS01 360w,https:\/\/a.allegroimg.com\/original\/2922e0\/bff12e1249d498362ca77e8ee86d\/2x-165-65R15-TRACMAX-X-PRIVILO-A-S-TRAC-SAVER-AS01 720w,https:\/\/a.allegroimg.com\/original\/2922e0\/bff12e1249d498362ca77e8ee86d\/2x-165-65R15-TRACMAX-X-PRIVILO-A-S-TRAC-SAVER-AS01 876w,https:\/\/a.allegroimg.com\/original\/2922e0\/bff12e1249d498362ca77e8ee86d\/2x-165-65R15-TRACMAX-X-PRIVILO-A-S-TRAC-SAVER-AS01 876w\" sizes=\"(min-width: 1200px) 560px, (min-width: 992px) 50vw, 100vw\" width=\"876px\" alt=\"2x 165\/65R15 TRACMAX X-PRIVILO A\/S TRAC SAVER AS01\"\/ style=\"max-width: 100%; height: auto; display: block; margin: 0 auto;\"><\/div>\n<\/div>\n<\/div>\n<\/div>\n<\/div>\n<\/div>\n<div style=\"clear: both; display: block; margin: 10px 0;\">\n<div style=\"clear: both; display: block; margin: 10px 0;\">\n<div style=\"clear: both; display: block; margin: 10px 0;\">\n<h3 style=\"color: #2c5aa0; font-size: 18px; margin: 30px 0 15px 0; font-weight: bold; clear: both; display: block; width: 100%; float: none; position: static;\">Informacje dodatkowe:<\/h3>\n<ul style=\"margin: 15px 0; padding-left: 20px; clear: both; display: block; width: 100%; float: none; position: static;\">\n<li style=\"margin: 5px 0; padding: 2px 0; clear: both; display: list-item; float: none; position: static;\">rok produkcji: 2024\/2025 (kupuj\u0105c z tej oferty otrzymasz opony fabrycznie nowe, pe\u0142nowarto\u015bciowe) <\/li>\n<li style=\"margin: 5px 0; padding: 2px 0; clear: both; display: list-item; float: none; position: static;\">stan: fabrycznie nowe <\/li>\n<\/ul>\n<\/div>\n<\/div>\n<\/div>\n<div style=\"clear: both; display: block; margin: 10px 0;\">\n<div style=\"clear: both; display: block; margin: 10px 0;\">\n<div style=\"clear: both; display: block; margin: 10px 0;\">\n<h3 style=\"color: #2c5aa0; font-size: 18px; margin: 30px 0 15px 0; font-weight: bold; clear: both; display: block; width: 100%; float: none; position: static;\">Przeznaczenie<\/h3>\n<p style=\"margin: 15px 0; line-height: 1.8; clear: both; display: block; width: 100%; float: none; position: static;\">Tracmax X-privilo A\/S Trac Saver AS01 to opony ca\u0142oroczne (opony wielosezonowe) przeznaczone do montowania na ko\u0142ach samochod\u00f3w osobowych. Producent opon X-privilo A\/S Trac Saver AS01 po\u0142o\u017cy\u0142 nacisk na zapewnienie maksymalnej przyczepno\u015bci na ka\u017cdej nawierzchni przez ca\u0142y rok.<\/p>\n<h3 style=\"color: #2c5aa0; font-size: 18px; margin: 30px 0 15px 0; font-weight: bold; clear: both; display: block; width: 100%; float: none; position: static;\">Technologia<\/h3>\n<p style=\"margin: 15px 0; line-height: 1.8; clear: both; display: block; width: 100%; float: none; position: static;\">Opony ca\u0142oroczne Tracmaxx X-privilo A\/S Trac Saver AS01 wyprodukowano z nowoczesnej, adaptacyjnej mieszanki gumowej, kt\u00f3ra dostosowuje si\u0119 do temperatury zewn\u0119trznej. W niskich temperaturach zapewnia ona elastyczno\u015b\u0107 bie\u017cnika, a w wysokich jego twardo\u015b\u0107. Dzi\u0119ki temu opony zapewniaj\u0105 maksymalne osi\u0105gi \u2013 przyczepno\u015b\u0107 i kr\u00f3tk\u0105 drog\u0119 hamowania. Producent zoptymalizowa\u0142 bie\u017cnik, konstrukcj\u0119 opony oraz u\u017cyte materia\u0142y do produkcji mieszanki gumowej w celu obni\u017cenia opor\u00f3w toczenia. Dzi\u0119ki temu samoch\u00f3d mo\u017ce zu\u017cywa\u0107 mniej paliwa.<\/p>\n<h3 style=\"color: #2c5aa0; font-size: 18px; margin: 30px 0 15px 0; font-weight: bold; clear: both; display: block; width: 100%; float: none; position: static;\">Bie\u017cnik<\/h3>\n<p style=\"margin: 15px 0; line-height: 1.8; clear: both; display: block; width: 100%; float: none; position: static;\">Opony samochodowe Tracmax X-privilo A\/S Trac Saver AS01 maj\u0105 kierunkowy bie\u017cnik. G\u0142\u0119bokie \u017c\u0142obienia na czole opony wyznaczaj\u0105 kierunek toczenia, a dodatkowo odpowiadaj\u0105 za usuwanie wody, \u015bniegu i po\u015bniegowego b\u0142ota. Przyczepno\u015b\u0107 zwi\u0119kszaj\u0105 lamelki. Zastosowano tak\u017ce mocne barki i dwa wzd\u0142u\u017cne rowki na pograniczu czo\u0142a i bark\u00f3w, do usuwania wody.<\/p>\n<h3 style=\"color: #2c5aa0; font-size: 18px; margin: 30px 0 15px 0; font-weight: bold; clear: both; display: block; width: 100%; float: none; position: static;\">Producent<\/h3>\n<p style=\"margin: 15px 0; line-height: 1.8; clear: both; display: block; width: 100%; float: none; position: static;\">Tracmax Tyre Co. Ltd to chi\u0144ski producent ogumienia samochodowego z siedzib\u0105 w Quingdao, b\u0119d\u0105cy cz\u0119\u015bci\u0105 Shandong YongSheng Rubber Group LTD. Opony Tracmax to marka globalna. Produkty z logo Tracmax s\u0105 eksportowane do wielu kraj\u00f3w \u015bwiata.<\/p>\n<\/div>\n<\/div>\n<\/div>\n<div style=\"clear: both; display: block; margin: 10px 0;\">\n<div style=\"clear: both; display: block; margin: 10px 0;\">\n<div style=\"clear: both; display: block; margin: 10px 0;\">\n<div  style=\"max-width:876px;max-height:876px\">\n<div style=\"clear: both; display: block; margin: 10px 0;\">\n<div style=\"clear: both; width: 100%; display: block; margin: 20px 0; padding: 0; float: none; position: static; text-align: center;\"><img decoding=\"async\"  src=\"https:\/\/a.allegroimg.com\/original\/2922e0\/bff12e1249d498362ca77e8ee86d\/2x-165-65R15-TRACMAX-X-PRIVILO-A-S-TRAC-SAVER-AS01\" srcset=\"https:\/\/a.allegroimg.com\/original\/2922e0\/bff12e1249d498362ca77e8ee86d\/2x-165-65R15-TRACMAX-X-PRIVILO-A-S-TRAC-SAVER-AS01 360w,https:\/\/a.allegroimg.com\/original\/2922e0\/bff12e1249d498362ca77e8ee86d\/2x-165-65R15-TRACMAX-X-PRIVILO-A-S-TRAC-SAVER-AS01 720w,https:\/\/a.allegroimg.com\/original\/2922e0\/bff12e1249d498362ca77e8ee86d\/2x-165-65R15-TRACMAX-X-PRIVILO-A-S-TRAC-SAVER-AS01 876w,https:\/\/a.allegroimg.com\/original\/2922e0\/bff12e1249d498362ca77e8ee86d\/2x-165-65R15-TRACMAX-X-PRIVILO-A-S-TRAC-SAVER-AS01 876w\" sizes=\"100vw\" width=\"876px\" alt=\"2x 165\/65R15 TRACMAX X-PRIVILO A\/S TRAC SAVER AS01\"\/ style=\"max-width: 100%; height: auto; display: block; margin: 0 auto;\"><\/div>\n<\/div>\n<\/div>\n<\/div>\n<\/div>\n<\/div>\n<\/div>\n<\/div>\n<\/div>\n<div style=\"clear: both; display: block; margin: 10px 0;\">\n","protected":false},"excerpt":{"rendered":"<p>Opona ca\u0142oroczna Tracmax X-privilo A\/S Trac Saver AS01 165\/65R15 81 H przyczepno\u015b\u0107 na \u015bniegu (3PMSF)<\/p>\n<p>Opona ca\u0142oroczna Tracmax X-privilo A\/S Trac Saver AS01 165\/65R15 81 H<\/p>\n<p>Cechy produktu:<\/p>\n<p>sezon: ca\u0142oroczne<\/p>\n<p>szeroko\u015b\u0107\/profil\/\u015brednica: 165\/65R15<\/p>\n<p>indeks no\u015bno\u015bci: 81 &#8211; 462 kg<\/p>\n<p>indeks pr\u0119dko\u015bci: H do 210 km\/h<\/p>\n<p>Informacje dodatkowe:<\/p>\n","protected":false},"featured_media":12426,"template":"","meta":{"_uag_custom_page_level_css":""},"product_brand":[393],"product_cat":[416,414,413,412],"product_tag":[],"class_list":{"0":"post-12425","1":"product","2":"type-product","3":"status-publish","4":"has-post-thumbnail","6":"product_brand-tracmax","7":"product_cat-caloroczne","8":"product_cat-do-samochodow-osobowych-i-suv","9":"product_cat-opony","10":"product_cat-opony-i-felgi","12":"first","13":"instock","14":"shipping-taxable","15":"purchasable","16":"product-type-simple"},"uagb_featured_image_src":{"full":["https:\/\/oponixo.shop\/tire\/wp-content\/uploads\/2026\/01\/allegro-image-12425.jpg",876,876,false],"thumbnail":["https:\/\/oponixo.shop\/tire\/wp-content\/uploads\/2026\/01\/allegro-image-12425-150x150.jpg",150,150,true],"medium":["https:\/\/oponixo.shop\/tire\/wp-content\/uploads\/2026\/01\/allegro-image-12425-300x300.jpg",300,300,true],"medium_large":["https:\/\/oponixo.shop\/tire\/wp-content\/uploads\/2026\/01\/allegro-image-12425-768x768.jpg",768,768,true],"large":["https:\/\/oponixo.shop\/tire\/wp-content\/uploads\/2026\/01\/allegro-image-12425.jpg",876,876,false],"1536x1536":["https:\/\/oponixo.shop\/tire\/wp-content\/uploads\/2026\/01\/allegro-image-12425.jpg",876,876,false],"2048x2048":["https:\/\/oponixo.shop\/tire\/wp-content\/uploads\/2026\/01\/allegro-image-12425.jpg",876,876,false],"woocommerce_thumbnail":["https:\/\/oponixo.shop\/tire\/wp-content\/uploads\/2026\/01\/allegro-image-12425-300x300.jpg",300,300,true],"woocommerce_single":["https:\/\/oponixo.shop\/tire\/wp-content\/uploads\/2026\/01\/allegro-image-12425-600x600.jpg",600,600,true],"woocommerce_gallery_thumbnail":["https:\/\/oponixo.shop\/tire\/wp-content\/uploads\/2026\/01\/allegro-image-12425-100x100.jpg",100,100,true]},"uagb_author_info":{"display_name":"admin","author_link":"https:\/\/oponixo.shop\/tire\/author\/"},"uagb_comment_info":0,"uagb_excerpt":"Opona ca\u0142oroczna Tracmax X-privilo A\/S Trac Saver AS01 165\/65R15 81 H przyczepno\u015b\u0107 na \u015bniegu (3PMSF) Opona ca\u0142oroczna Tracmax X-privilo A\/S Trac Saver AS01 165\/65R15 81 H Cechy produktu: sezon: ca\u0142oroczne szeroko\u015b\u0107\/profil\/\u015brednica: 165\/65R15 indeks no\u015bno\u015bci: 81 - 462 kg indeks pr\u0119dko\u015bci: H do 210 km\/h Informacje dodatkowe:","_links":{"self":[{"href":"https:\/\/oponixo.shop\/tire\/wp-json\/wp\/v2\/product\/12425","targetHints":{"allow":["GET"]}}],"collection":[{"href":"https:\/\/oponixo.shop\/tire\/wp-json\/wp\/v2\/product"}],"about":[{"href":"https:\/\/oponixo.shop\/tire\/wp-json\/wp\/v2\/types\/product"}],"wp:featuredmedia":[{"embeddable":true,"href":"https:\/\/oponixo.shop\/tire\/wp-json\/wp\/v2\/media\/12426"}],"wp:attachment":[{"href":"https:\/\/oponixo.shop\/tire\/wp-json\/wp\/v2\/media?parent=12425"}],"wp:term":[{"taxonomy":"product_brand","embeddable":true,"href":"https:\/\/oponixo.shop\/tire\/wp-json\/wp\/v2\/product_brand?post=12425"},{"taxonomy":"product_cat","embeddable":true,"href":"https:\/\/oponixo.shop\/tire\/wp-json\/wp\/v2\/product_cat?post=12425"},{"taxonomy":"product_tag","embeddable":true,"href":"https:\/\/oponixo.shop\/tire\/wp-json\/wp\/v2\/product_tag?post=12425"}],"curies":[{"name":"wp","href":"https:\/\/api.w.org\/{rel}","templated":true}]}}