{"id":12423,"date":"2026-01-03T21:24:36","date_gmt":"2026-01-03T20:24:36","guid":{"rendered":"https:\/\/oponyexpert.shop\/xef5\/produkt\/4x-uniroyal-165-65r15-81t-winterexpert-zimowe-2024-r\/"},"modified":"2026-01-03T21:24:36","modified_gmt":"2026-01-03T20:24:36","slug":"4x-uniroyal-165-65r15-81t-winterexpert-zimowe-2024-r","status":"publish","type":"product","link":"https:\/\/oponixo.shop\/tire\/produkt\/4x-uniroyal-165-65r15-81t-winterexpert-zimowe-2024-r\/","title":{"rendered":"4x UNIROYAL 165\/65R15 81T WinterExpert zimowe 2024 r"},"content":{"rendered":"<div style=\"font-family: Arial, sans-serif; line-height: 1.6; color: #333; padding: 20px; clear: both; display: block; width: 100%; float: none; position: static; overflow: hidden;\">\n<div style=\"clear: both; display: block; margin: 10px 0;\">\n<div style=\"clear: both; display: block; margin: 10px 0;\">\n<div style=\"clear: both; display: block; margin: 10px 0;\">\n<h1>Rok produkcji: 2024<\/h1>\n<\/div>\n<\/div>\n<\/div>\n<div style=\"clear: both; display: block; margin: 10px 0;\">\n<div style=\"clear: both; display: block; margin: 10px 0;\">\n<div style=\"clear: both; display: block; margin: 10px 0;\">\n<div  style=\"max-width:1200px;max-height:1126px\">\n<div style=\"clear: both; display: block; margin: 10px 0;\">\n<div style=\"clear: both; width: 100%; display: block; margin: 20px 0; padding: 0; float: none; position: static; text-align: center;\"><img decoding=\"async\"  src=\"https:\/\/a.allegroimg.com\/original\/1129c2\/8553741b4f359dfd4c4c98e583ba\/4x-UNIROYAL-165-65R15-81T-WinterExpert-zimowe-2024-r\" srcset=\"https:\/\/a.allegroimg.com\/original\/1129c2\/8553741b4f359dfd4c4c98e583ba\/4x-UNIROYAL-165-65R15-81T-WinterExpert-zimowe-2024-r 360w,https:\/\/a.allegroimg.com\/original\/1129c2\/8553741b4f359dfd4c4c98e583ba\/4x-UNIROYAL-165-65R15-81T-WinterExpert-zimowe-2024-r 720w,https:\/\/a.allegroimg.com\/original\/1129c2\/8553741b4f359dfd4c4c98e583ba\/4x-UNIROYAL-165-65R15-81T-WinterExpert-zimowe-2024-r 1024w,https:\/\/a.allegroimg.com\/original\/1129c2\/8553741b4f359dfd4c4c98e583ba\/4x-UNIROYAL-165-65R15-81T-WinterExpert-zimowe-2024-r 1200w,https:\/\/a.allegroimg.com\/original\/1129c2\/8553741b4f359dfd4c4c98e583ba\/4x-UNIROYAL-165-65R15-81T-WinterExpert-zimowe-2024-r 1200w\" sizes=\"(min-width: 1200px) 560px, (min-width: 992px) 50vw, 100vw\" width=\"1200px\" alt=\"4x UNIROYAL 165\/65R15 81T WinterExpert zimowe 2024 r\"\/ style=\"max-width: 100%; height: auto; display: block; margin: 0 auto;\"><\/div>\n<\/div>\n<\/div>\n<\/div>\n<\/div>\n<div style=\"clear: both; display: block; margin: 10px 0;\">\n<div style=\"clear: both; display: block; margin: 10px 0;\">\n<h1>UNIROYAL WinterExpert 165\/65R15 81T<\/h1>\n<h2>G0SL5X<\/h2>\n<ul style=\"margin: 15px 0; padding-left: 20px; clear: both; display: block; width: 100%; float: none; position: static;\">\n<li style=\"margin: 5px 0; padding: 2px 0; clear: both; display: list-item; float: none; position: static;\"><b>Data produkcji :<\/b> 2024<\/li>\n<li style=\"margin: 5px 0; padding: 2px 0; clear: both; display: list-item; float: none; position: static;\"><b>Indeks :<\/b> 165\/65R15 ZOUN 81T WEX<\/li>\n<li style=\"margin: 5px 0; padding: 2px 0; clear: both; display: list-item; float: none; position: static;\"><b>Indeks no\u015bno\u015bci :<\/b> 81<\/li>\n<li style=\"margin: 5px 0; padding: 2px 0; clear: both; display: list-item; float: none; position: static;\"><b>Indeks pr\u0119dko\u015bci :<\/b> T &#8211; 190 km\/h<\/li>\n<li style=\"margin: 5px 0; padding: 2px 0; clear: both; display: list-item; float: none; position: static;\"><b>Karta informacyjna produktu :<\/b> https:\/\/eprel.ec.europa.eu\/qr\/491136<\/li>\n<li style=\"margin: 5px 0; padding: 2px 0; clear: both; display: list-item; float: none; position: static;\"><b>Kl. efekt. paliwowej :<\/b> D<\/li>\n<li style=\"margin: 5px 0; padding: 2px 0; clear: both; display: list-item; float: none; position: static;\"><b>Kl. przycz. na mokrej naw. :<\/b> C<\/li>\n<li style=\"margin: 5px 0; padding: 2px 0; clear: both; display: list-item; float: none; position: static;\"><b>Kl. zew. ha\u0142asu tocz. :<\/b> B<\/li>\n<li style=\"margin: 5px 0; padding: 2px 0; clear: both; display: list-item; float: none; position: static;\"><b>Klasa opony :<\/b> \u015brednia<\/li>\n<li style=\"margin: 5px 0; padding: 2px 0; clear: both; display: list-item; float: none; position: static;\"><b>Kod EAN :<\/b> 4024068001737<\/li>\n<li style=\"margin: 5px 0; padding: 2px 0; clear: both; display: list-item; float: none; position: static;\"><b>Kod producenta :<\/b> 3631580000<\/li>\n<li style=\"margin: 5px 0; padding: 2px 0; clear: both; display: list-item; float: none; position: static;\"><b>Model bie\u017cnika :<\/b> WinterExpert<\/li>\n<li style=\"margin: 5px 0; padding: 2px 0; clear: both; display: list-item; float: none; position: static;\"><b>Nazwa produktu :<\/b> UNIROYAL 165\/65R15 81T WinterExpert zimowe<\/li>\n<li style=\"margin: 5px 0; padding: 2px 0; clear: both; display: list-item; float: none; position: static;\"><b>Producent :<\/b> UNIROYAL<\/li>\n<li style=\"margin: 5px 0; padding: 2px 0; clear: both; display: list-item; float: none; position: static;\"><b>Profil :<\/b> 65<\/li>\n<li style=\"margin: 5px 0; padding: 2px 0; clear: both; display: list-item; float: none; position: static;\"><b>Przeznaczenie :<\/b> samochody osobowe\/SUV\/crossover<\/li>\n<li style=\"margin: 5px 0; padding: 2px 0; clear: both; display: list-item; float: none; position: static;\"><b>Przyczepno\u015b\u0107 na lodzie :<\/b> Nie<\/li>\n<li style=\"margin: 5px 0; padding: 2px 0; clear: both; display: list-item; float: none; position: static;\"><b>Przyczepno\u015b\u0107 na \u015bniegu :<\/b> Tak<\/li>\n<li style=\"margin: 5px 0; padding: 2px 0; clear: both; display: list-item; float: none; position: static;\"><b>QR kod :<\/b> https:\/\/eprel.ec.europa.eu\/qr\/491136<\/li>\n<li style=\"margin: 5px 0; padding: 2px 0; clear: both; display: list-item; float: none; position: static;\"><b>Sezon :<\/b> zimowa<\/li>\n<li style=\"margin: 5px 0; padding: 2px 0; clear: both; display: list-item; float: none; position: static;\"><b>\u015arednica :<\/b> 15&#8243;<\/li>\n<li style=\"margin: 5px 0; padding: 2px 0; clear: both; display: list-item; float: none; position: static;\"><b>Szeroko\u015b\u0107 :<\/b> 165<\/li>\n<li style=\"margin: 5px 0; padding: 2px 0; clear: both; display: list-item; float: none; position: static;\"><b>Wart. pom. i kl. zew. ha\u0142asu tocz. [dB] :<\/b> 71<\/li>\n<\/ul>\n<\/div>\n<\/div>\n<\/div>\n<div style=\"clear: both; display: block; margin: 10px 0;\">\n<div style=\"clear: both; display: block; margin: 10px 0;\">\n<div style=\"clear: both; display: block; margin: 10px 0;\">\n<h1>Uniroyal WinterExpert<\/h1>\n<ul style=\"margin: 15px 0; padding-left: 20px; clear: both; display: block; width: 100%; float: none; position: static;\">\n<li style=\"margin: 5px 0; padding: 2px 0; clear: both; display: list-item; float: none; position: static;\">Technologia Sk\u00f3ry Rekina<\/li>\n<li style=\"margin: 5px 0; padding: 2px 0; clear: both; display: list-item; float: none; position: static;\">Wysoka wydajno\u015b\u0107 w niskich temperaturach<\/li>\n<li style=\"margin: 5px 0; padding: 2px 0; clear: both; display: list-item; float: none; position: static;\">Oszcz\u0119dno\u015b\u0107 paliwa<\/li>\n<\/ul>\n<\/div>\n<\/div>\n<div style=\"clear: both; display: block; margin: 10px 0;\">\n<div style=\"clear: both; display: block; margin: 10px 0;\">\n<div  style=\"max-width:886px;max-height:1299px\">\n<div style=\"clear: both; display: block; margin: 10px 0;\">\n<div style=\"clear: both; width: 100%; display: block; margin: 20px 0; padding: 0; float: none; position: static; text-align: center;\"><img decoding=\"async\"  src=\"https:\/\/a.allegroimg.com\/original\/112964\/f566afba44128239721f21b1fc49\/4x-UNIROYAL-165-65R15-81T-WinterExpert-zimowe-2024-r-Marka-Uniroyal\" srcset=\"https:\/\/a.allegroimg.com\/original\/112964\/f566afba44128239721f21b1fc49\/4x-UNIROYAL-165-65R15-81T-WinterExpert-zimowe-2024-r-Marka-Uniroyal 245w,https:\/\/a.allegroimg.com\/original\/112964\/f566afba44128239721f21b1fc49\/4x-UNIROYAL-165-65R15-81T-WinterExpert-zimowe-2024-r-Marka-Uniroyal 491w,https:\/\/a.allegroimg.com\/original\/112964\/f566afba44128239721f21b1fc49\/4x-UNIROYAL-165-65R15-81T-WinterExpert-zimowe-2024-r-Marka-Uniroyal 698w,https:\/\/a.allegroimg.com\/original\/112964\/f566afba44128239721f21b1fc49\/4x-UNIROYAL-165-65R15-81T-WinterExpert-zimowe-2024-r-Marka-Uniroyal 886w,https:\/\/a.allegroimg.com\/original\/112964\/f566afba44128239721f21b1fc49\/4x-UNIROYAL-165-65R15-81T-WinterExpert-zimowe-2024-r-Marka-Uniroyal 886w\" sizes=\"(min-width: 1200px) 560px, (min-width: 992px) 50vw, 100vw\" width=\"886px\" alt=\"4x UNIROYAL 165\/65R15 81T WinterExpert zimowe 2024 r Marka Uniroyal\"\/ style=\"max-width: 100%; height: auto; display: block; margin: 0 auto;\"><\/div>\n<\/div>\n<\/div>\n<\/div>\n<\/div>\n<\/div>\n<div style=\"clear: both; display: block; margin: 10px 0;\">\n<div style=\"clear: both; display: block; margin: 10px 0;\">\n<div style=\"clear: both; display: block; margin: 10px 0;\">\n<div  style=\"max-width:1198px;max-height:709px\">\n<div style=\"clear: both; display: block; margin: 10px 0;\">\n<div style=\"clear: both; width: 100%; display: block; margin: 20px 0; padding: 0; float: none; position: static; text-align: center;\"><img decoding=\"async\"  src=\"https:\/\/a.allegroimg.com\/original\/11a02a\/aa70839f41b4803c1728569fde72\/4x-UNIROYAL-165-65R15-81T-WinterExpert-zimowe-2024-r-Profil-opony-65\" srcset=\"https:\/\/a.allegroimg.com\/original\/11a02a\/aa70839f41b4803c1728569fde72\/4x-UNIROYAL-165-65R15-81T-WinterExpert-zimowe-2024-r-Profil-opony-65 360w,https:\/\/a.allegroimg.com\/original\/11a02a\/aa70839f41b4803c1728569fde72\/4x-UNIROYAL-165-65R15-81T-WinterExpert-zimowe-2024-r-Profil-opony-65 720w,https:\/\/a.allegroimg.com\/original\/11a02a\/aa70839f41b4803c1728569fde72\/4x-UNIROYAL-165-65R15-81T-WinterExpert-zimowe-2024-r-Profil-opony-65 1024w,https:\/\/a.allegroimg.com\/original\/11a02a\/aa70839f41b4803c1728569fde72\/4x-UNIROYAL-165-65R15-81T-WinterExpert-zimowe-2024-r-Profil-opony-65 1198w,https:\/\/a.allegroimg.com\/original\/11a02a\/aa70839f41b4803c1728569fde72\/4x-UNIROYAL-165-65R15-81T-WinterExpert-zimowe-2024-r-Profil-opony-65 1198w\" sizes=\"100vw\" width=\"1198px\" alt=\"4x UNIROYAL 165\/65R15 81T WinterExpert zimowe 2024 r Profil opony 65\"\/ style=\"max-width: 100%; height: auto; display: block; margin: 0 auto;\"><\/div>\n<\/div>\n<\/div>\n<\/div>\n<\/div>\n<\/div>\n<div style=\"clear: both; display: block; margin: 10px 0;\">\n<div style=\"clear: both; display: block; margin: 10px 0;\">\n<div style=\"clear: both; display: block; margin: 10px 0;\">\n<h2>Technologia Sk\u00f3ry Rekina w zimowej ods\u0142onie<\/h2>\n<p style=\"margin: 15px 0; line-height: 1.8; clear: both; display: block; width: 100%; float: none; position: static;\">Nowy wz\u00f3r bie\u017cnika i Technologia Sk\u00f3ry Rekina<br \/>\nzapewniaj\u0105 doskona\u0142e prowadzenie na mokrej<br \/>\nnawierzchni i zmniejszaj\u0105 ryzyko aquaplaningu.<br \/>\nDo\u015bwiadcz idealnych warunk\u00f3w jazdy nawet<br \/>\nw niezbyt idealnych warunkach pogodowych!<\/p>\n<\/div>\n<\/div>\n<div style=\"clear: both; display: block; margin: 10px 0;\">\n<div style=\"clear: both; display: block; margin: 10px 0;\">\n<div  style=\"max-width:530px;max-height:433px\">\n<div style=\"clear: both; display: block; margin: 10px 0;\">\n<div style=\"clear: both; width: 100%; display: block; margin: 20px 0; padding: 0; float: none; position: static; text-align: center;\"><img decoding=\"async\"  src=\"https:\/\/a.allegroimg.com\/original\/1128eb\/a7370b9a4ebfa926950c62d56a38\/4x-UNIROYAL-165-65R15-81T-WinterExpert-zimowe-2024-r-Srednica-15\" srcset=\"https:\/\/a.allegroimg.com\/original\/1128eb\/a7370b9a4ebfa926950c62d56a38\/4x-UNIROYAL-165-65R15-81T-WinterExpert-zimowe-2024-r-Srednica-15 360w,https:\/\/a.allegroimg.com\/original\/1128eb\/a7370b9a4ebfa926950c62d56a38\/4x-UNIROYAL-165-65R15-81T-WinterExpert-zimowe-2024-r-Srednica-15 530w,https:\/\/a.allegroimg.com\/original\/1128eb\/a7370b9a4ebfa926950c62d56a38\/4x-UNIROYAL-165-65R15-81T-WinterExpert-zimowe-2024-r-Srednica-15 530w\" sizes=\"(min-width: 1200px) 560px, (min-width: 992px) 50vw, 100vw\" width=\"530px\" alt=\"4x UNIROYAL 165\/65R15 81T WinterExpert zimowe 2024 r \u015arednica 15&quot;\"\/ style=\"max-width: 100%; height: auto; display: block; margin: 0 auto;\"><\/div>\n<\/div>\n<\/div>\n<\/div>\n<\/div>\n<\/div>\n<div style=\"clear: both; display: block; margin: 10px 0;\">\n<div style=\"clear: both; display: block; margin: 10px 0;\">\n<div style=\"clear: both; display: block; margin: 10px 0;\">\n<div  style=\"max-width:526px;max-height:423px\">\n<div style=\"clear: both; display: block; margin: 10px 0;\">\n<div style=\"clear: both; width: 100%; display: block; margin: 20px 0; padding: 0; float: none; position: static; text-align: center;\"><img decoding=\"async\"  src=\"https:\/\/a.allegroimg.com\/original\/1141a1\/ef31491347cc935029ed71a899e3\/4x-UNIROYAL-165-65R15-81T-WinterExpert-zimowe-2024-r-Halas-zewnetrzny-71-dB\" srcset=\"https:\/\/a.allegroimg.com\/original\/1141a1\/ef31491347cc935029ed71a899e3\/4x-UNIROYAL-165-65R15-81T-WinterExpert-zimowe-2024-r-Halas-zewnetrzny-71-dB 360w,https:\/\/a.allegroimg.com\/original\/1141a1\/ef31491347cc935029ed71a899e3\/4x-UNIROYAL-165-65R15-81T-WinterExpert-zimowe-2024-r-Halas-zewnetrzny-71-dB 526w,https:\/\/a.allegroimg.com\/original\/1141a1\/ef31491347cc935029ed71a899e3\/4x-UNIROYAL-165-65R15-81T-WinterExpert-zimowe-2024-r-Halas-zewnetrzny-71-dB 526w\" sizes=\"(min-width: 1200px) 560px, (min-width: 992px) 50vw, 100vw\" width=\"526px\" alt=\"4x UNIROYAL 165\/65R15 81T WinterExpert zimowe 2024 r Ha\u0142as zewn\u0119trzny 71 dB\"\/ style=\"max-width: 100%; height: auto; display: block; margin: 0 auto;\"><\/div>\n<\/div>\n<\/div>\n<\/div>\n<\/div>\n<div style=\"clear: both; display: block; margin: 10px 0;\">\n<div style=\"clear: both; display: block; margin: 10px 0;\">\n<h2>Wysoka wydajno\u015b\u0107 w niskich temperaturach<\/h2>\n<p style=\"margin: 15px 0; line-height: 1.8; clear: both; display: block; width: 100%; float: none; position: static;\">Gdy nadejd\u0105 ch\u0142odne dni, przyjemno\u015b\u0107<br \/>\nz jazdy pozostanie. Dzi\u0119ki unikalnej strukturze<br \/>\nzygzakowatego rowka 3D opona zapewnia<br \/>\ndoskona\u0142\u0105 przyczepno\u015b\u0107 na \u015bniegu i doskona\u0142e<br \/>\nw\u0142a\u015bciwo\u015bci jezdne na \u015bniegu. W ten spos\u00f3b<br \/>\nzawsze dotrzesz do celu bezpiecznie<br \/>\ni zrelaksowany &#8211; w \u015bniegu czy deszczu.<\/p>\n<\/div>\n<\/div>\n<\/div>\n<div style=\"clear: both; display: block; margin: 10px 0;\">\n<div style=\"clear: both; display: block; margin: 10px 0;\">\n<div style=\"clear: both; display: block; margin: 10px 0;\">\n<h2>Oszcz\u0119dno\u015b\u0107 paliwa<\/h2>\n<p style=\"margin: 15px 0; line-height: 1.8; clear: both; display: block; width: 100%; float: none; position: static;\">Teraz mo\u017cesz jeszcze bardziej cieszy\u0107 si\u0119<br \/>\nsezonem zimowym. Zoptymalizowane opory<br \/>\ntoczenia zapewniaj\u0105 wyj\u0105tkowo d\u0142ugi przebieg.<br \/>\nInnowacyjna mieszanka krzemionkowa<br \/>\nzmniejsza straty energii i jednocze\u015bnie<br \/>\nzapewnia dobr\u0105 skuteczno\u015b\u0107 hamowania.<\/p>\n<\/div>\n<\/div>\n<div style=\"clear: both; display: block; margin: 10px 0;\">\n<div style=\"clear: both; display: block; margin: 10px 0;\">\n<div  style=\"max-width:529px;max-height:399px\">\n<div style=\"clear: both; display: block; margin: 10px 0;\">\n<div style=\"clear: both; width: 100%; display: block; margin: 20px 0; padding: 0; float: none; position: static; text-align: center;\"><img decoding=\"async\"  src=\"https:\/\/a.allegroimg.com\/original\/1194ae\/22273103424a853889d3f88c6cb9\/4x-UNIROYAL-165-65R15-81T-WinterExpert-zimowe-2024-r-Waga-produktu-z-opakowaniem-jednostkowym-32-kg\" srcset=\"https:\/\/a.allegroimg.com\/original\/1194ae\/22273103424a853889d3f88c6cb9\/4x-UNIROYAL-165-65R15-81T-WinterExpert-zimowe-2024-r-Waga-produktu-z-opakowaniem-jednostkowym-32-kg 360w,https:\/\/a.allegroimg.com\/original\/1194ae\/22273103424a853889d3f88c6cb9\/4x-UNIROYAL-165-65R15-81T-WinterExpert-zimowe-2024-r-Waga-produktu-z-opakowaniem-jednostkowym-32-kg 529w,https:\/\/a.allegroimg.com\/original\/1194ae\/22273103424a853889d3f88c6cb9\/4x-UNIROYAL-165-65R15-81T-WinterExpert-zimowe-2024-r-Waga-produktu-z-opakowaniem-jednostkowym-32-kg 529w\" sizes=\"(min-width: 1200px) 560px, (min-width: 992px) 50vw, 100vw\" width=\"529px\" alt=\"4x UNIROYAL 165\/65R15 81T WinterExpert zimowe 2024 r Waga produktu z opakowaniem jednostkowym 32 kg\"\/ style=\"max-width: 100%; height: auto; display: block; margin: 0 auto;\"><\/div>\n<\/div>\n<\/div>\n<\/div>\n<\/div>\n<\/div>\n<div style=\"clear: both; display: block; margin: 10px 0;\">\n<div style=\"clear: both; display: block; margin: 10px 0;\">\n<div style=\"clear: both; display: block; margin: 10px 0;\">\n<div  style=\"max-width:802px;max-height:426px\">\n<div style=\"clear: both; display: block; margin: 10px 0;\">\n<div style=\"clear: both; width: 100%; display: block; margin: 20px 0; padding: 0; float: none; position: static; text-align: center;\"><img decoding=\"async\"  src=\"https:\/\/a.allegroimg.com\/original\/11dc09\/8c45ebb948e29c76b21c977f8312\/4x-UNIROYAL-165-65R15-81T-WinterExpert-zimowe-2024-r-Informacje-dodatkowe-przyczepnosc-na-sniegu-3PMSF\" srcset=\"https:\/\/a.allegroimg.com\/original\/11dc09\/8c45ebb948e29c76b21c977f8312\/4x-UNIROYAL-165-65R15-81T-WinterExpert-zimowe-2024-r-Informacje-dodatkowe-przyczepnosc-na-sniegu-3PMSF 360w,https:\/\/a.allegroimg.com\/original\/11dc09\/8c45ebb948e29c76b21c977f8312\/4x-UNIROYAL-165-65R15-81T-WinterExpert-zimowe-2024-r-Informacje-dodatkowe-przyczepnosc-na-sniegu-3PMSF 720w,https:\/\/a.allegroimg.com\/original\/11dc09\/8c45ebb948e29c76b21c977f8312\/4x-UNIROYAL-165-65R15-81T-WinterExpert-zimowe-2024-r-Informacje-dodatkowe-przyczepnosc-na-sniegu-3PMSF 802w,https:\/\/a.allegroimg.com\/original\/11dc09\/8c45ebb948e29c76b21c977f8312\/4x-UNIROYAL-165-65R15-81T-WinterExpert-zimowe-2024-r-Informacje-dodatkowe-przyczepnosc-na-sniegu-3PMSF 802w\" sizes=\"100vw\" width=\"802px\" alt=\"4x UNIROYAL 165\/65R15 81T WinterExpert zimowe 2024 r Informacje dodatkowe przyczepno\u015b\u0107 na \u015bniegu (3PMSF)\"\/ style=\"max-width: 100%; height: auto; display: block; margin: 0 auto;\"><\/div>\n<\/div>\n<\/div>\n<\/div>\n<\/div>\n<\/div>\n<div style=\"clear: both; display: block; margin: 10px 0;\">\n<div style=\"clear: both; display: block; margin: 10px 0;\">\n<div style=\"clear: both; display: block; margin: 10px 0;\">\n<p style=\"margin: 15px 0; line-height: 1.8; clear: both; display: block; width: 100%; float: none; position: static;\">Wychodz\u0105c naprzeciw oczekiwaniom Klient\u00f3w i chc\u0105c spe\u0142nia\u0107 jak najwy\u017csze standardy obs\u0142ugi dok\u0142adamy wszelkich stara\u0144, aby podawa\u0107 precyzyjn\u0105 dat\u0119 produkcji opony (DOT). Niestety, w wyj\u0105tkowych przypadkach, mo\u017ce zdarzy\u0107 si\u0119, \u017ce opony, kt\u00f3re wy\u015blemy b\u0119d\u0105 mia\u0142y inn\u0105 dat\u0119 produkcji ni\u017c podana. Sytuacja mo\u017ce dotyczy\u0107 zar\u00f3wno opon z DOT-em wcze\u015bniejszym jak i p\u00f3\u017aniejszym. Chcieliby\u015bmy podkre\u015bli\u0107, \u017ce warunki przechowywania opon w naszych magazynach spe\u0142niaj\u0105 Polsk\u0105 Norm\u0119 PN-C-94300-7 dzi\u0119ki czemu nawet opona przechowywana 24 miesi\u0105ce ma parametry takie same jak opona z bie\u017c\u0105cego roku. Warto pami\u0119ta\u0107 tak\u017ce o fakcie, \u017ce w przypadku wielu rozmiar\u00f3w i producent\u00f3w plany produkcyjne fabryk uniemo\u017cliwiaj\u0105 zakup opony z bie\u017c\u0105cego roku.<\/p>\n<p style=\"margin: 15px 0; line-height: 1.8; clear: both; display: block; width: 100%; float: none; position: static;\">Przy zakupie opon pami\u0119taj o sprawdzeniu w instrukcji samochodu lub na w\u0142a\u015bciwej stronie internetowej, jakie ogumienie zaleca producent Twojego auta. \u0179le dobrane opony mog\u0105 negatywnie wp\u0142yn\u0105\u0107 na poziom Twojego bezpiecze\u0144stwa. Kupuj\u0105c opony zwr\u00f3\u0107 uwag\u0119 na rozmiar oraz indeksy no\u015bno\u015bci i pr\u0119dko\u015bci jakie homologowane s\u0105 do Twojego pojazdu.<\/p>\n<p style=\"margin: 15px 0; line-height: 1.8; clear: both; display: block; width: 100%; float: none; position: static;\">Zamieszczone zdj\u0119cia pe\u0142ni\u0105 funkcj\u0119 pogl\u0105dow\u0105. W zale\u017cno\u015bci od szeroko\u015bci opon, mog\u0105 wyst\u0119powa\u0107 niewielkie r\u00f3\u017cnice w wygl\u0105dzie bie\u017cnika (w obr\u0119bie jednego modelu) na przyk\u0142ad w ilo\u015bci rowk\u00f3w obwodowych lub rozmieszczeniu blok\u00f3w bie\u017cnika, co nie stanowi wady produktu.<\/p>\n<p style=\"margin: 15px 0; line-height: 1.8; clear: both; display: block; width: 100%; float: none; position: static;\">Je\u017celi otrzymane przez Ciebie opony nie spe\u0142niaj\u0105 Twoich oczekiwa\u0144 masz mo\u017cliwo\u015b\u0107 zwrotu lub wymiany nieu\u017cywanego (niemontowanego) ogumienia.<\/p>\n<\/div>\n<\/div>\n<\/div>\n<div style=\"clear: both; display: block; margin: 10px 0;\">\n<div style=\"clear: both; display: block; margin: 10px 0;\">\n<div style=\"clear: both; display: block; margin: 10px 0;\">\n<div  style=\"max-width:1170px;max-height:241px\">\n<div style=\"clear: both; display: block; margin: 10px 0;\">\n<div style=\"clear: both; width: 100%; display: block; margin: 20px 0; padding: 0; float: none; position: static; text-align: center;\"><img decoding=\"async\"  src=\"https:\/\/a.allegroimg.com\/original\/1113e7\/6bd18cb84a0c97f4969aee8e24d2\/4x-UNIROYAL-165-65R15-81T-WinterExpert-zimowe-2024-r-Szerokosc-opony-165-mm\" srcset=\"https:\/\/a.allegroimg.com\/original\/1113e7\/6bd18cb84a0c97f4969aee8e24d2\/4x-UNIROYAL-165-65R15-81T-WinterExpert-zimowe-2024-r-Szerokosc-opony-165-mm 360w,https:\/\/a.allegroimg.com\/original\/1113e7\/6bd18cb84a0c97f4969aee8e24d2\/4x-UNIROYAL-165-65R15-81T-WinterExpert-zimowe-2024-r-Szerokosc-opony-165-mm 720w,https:\/\/a.allegroimg.com\/original\/1113e7\/6bd18cb84a0c97f4969aee8e24d2\/4x-UNIROYAL-165-65R15-81T-WinterExpert-zimowe-2024-r-Szerokosc-opony-165-mm 1024w,https:\/\/a.allegroimg.com\/original\/1113e7\/6bd18cb84a0c97f4969aee8e24d2\/4x-UNIROYAL-165-65R15-81T-WinterExpert-zimowe-2024-r-Szerokosc-opony-165-mm 1170w,https:\/\/a.allegroimg.com\/original\/1113e7\/6bd18cb84a0c97f4969aee8e24d2\/4x-UNIROYAL-165-65R15-81T-WinterExpert-zimowe-2024-r-Szerokosc-opony-165-mm 1170w\" sizes=\"(min-width: 1200px) 560px, (min-width: 992px) 50vw, 100vw\" width=\"1170px\" alt=\"4x UNIROYAL 165\/65R15 81T WinterExpert zimowe 2024 r Szeroko\u015b\u0107 opony 165 mm\"\/ style=\"max-width: 100%; height: auto; display: block; margin: 0 auto;\"><\/div>\n<\/div>\n<\/div>\n<\/div>\n<\/div>\n<div style=\"clear: both; display: block; margin: 10px 0;\">\n<div style=\"clear: both; display: block; margin: 10px 0;\">\n<h1>Uniroyal<\/h1>\n<p style=\"margin: 15px 0; line-height: 1.8; clear: both; display: block; width: 100%; float: none; position: static;\">Marka Uniroyal nale\u017c\u0105ca do tzw. segmentu \u201e\u015brodka\u201d oferuje wysok\u0105 jako\u015b\u0107 za umiarkowan\u0105 cen\u0119. Oferta marki skierowana jest do u\u017cytkownik\u00f3w ka\u017cdej klasy samochodu: pocz\u0105wszy od aut ma\u0142ych, miejskich oraz samochod\u00f3w klasy \u015bredniej a ko\u0144cz\u0105c na autach ekskluzywnych, sportowych i stuningowanych.<\/p>\n<\/div>\n<\/div>\n<\/div>\n<\/div>\n<\/div>\n<\/div>\n<div style=\"clear: both; display: block; margin: 10px 0;\">\n","protected":false},"excerpt":{"rendered":"<p>Rok produkcji: 2024<\/p>\n<p>UNIROYAL WinterExpert 165\/65R15 81T<\/p>\n<p>G0SL5X<\/p>\n<p>Data produkcji : 2024<\/p>\n<p>Indeks : 165\/65R15 ZOUN 81T WEX<\/p>\n<p>Indeks no\u015bno\u015bci : 81<\/p>\n<p>Indeks pr\u0119dko\u015bci : T &#8211; 190 km\/h<\/p>\n<p>Karta informacyjna produktu : https:\/\/eprel.ec.europa.eu\/qr\/491136<\/p>\n","protected":false},"featured_media":12424,"template":"","meta":{"_uag_custom_page_level_css":""},"product_brand":[394],"product_cat":[414,413,412,415],"product_tag":[],"class_list":{"0":"post-12423","1":"product","2":"type-product","3":"status-publish","4":"has-post-thumbnail","6":"product_brand-uniroyal","7":"product_cat-do-samochodow-osobowych-i-suv","8":"product_cat-opony","9":"product_cat-opony-i-felgi","10":"product_cat-zimowe","12":"first","13":"instock","14":"shipping-taxable","15":"purchasable","16":"product-type-simple"},"uagb_featured_image_src":{"full":["https:\/\/oponixo.shop\/tire\/wp-content\/uploads\/2026\/01\/allegro-image-12423.jpg",1200,1126,false],"thumbnail":["https:\/\/oponixo.shop\/tire\/wp-content\/uploads\/2026\/01\/allegro-image-12423-150x150.jpg",150,150,true],"medium":["https:\/\/oponixo.shop\/tire\/wp-content\/uploads\/2026\/01\/allegro-image-12423-300x282.jpg",300,282,true],"medium_large":["https:\/\/oponixo.shop\/tire\/wp-content\/uploads\/2026\/01\/allegro-image-12423-768x721.jpg",768,721,true],"large":["https:\/\/oponixo.shop\/tire\/wp-content\/uploads\/2026\/01\/allegro-image-12423-1024x961.jpg",1024,961,true],"1536x1536":["https:\/\/oponixo.shop\/tire\/wp-content\/uploads\/2026\/01\/allegro-image-12423.jpg",1200,1126,false],"2048x2048":["https:\/\/oponixo.shop\/tire\/wp-content\/uploads\/2026\/01\/allegro-image-12423.jpg",1200,1126,false],"woocommerce_thumbnail":["https:\/\/oponixo.shop\/tire\/wp-content\/uploads\/2026\/01\/allegro-image-12423-300x300.jpg",300,300,true],"woocommerce_single":["https:\/\/oponixo.shop\/tire\/wp-content\/uploads\/2026\/01\/allegro-image-12423-600x563.jpg",600,563,true],"woocommerce_gallery_thumbnail":["https:\/\/oponixo.shop\/tire\/wp-content\/uploads\/2026\/01\/allegro-image-12423-100x100.jpg",100,100,true]},"uagb_author_info":{"display_name":"admin","author_link":"https:\/\/oponixo.shop\/tire\/author\/"},"uagb_comment_info":0,"uagb_excerpt":"Rok produkcji: 2024 UNIROYAL WinterExpert 165\/65R15 81T G0SL5X Data produkcji : 2024 Indeks : 165\/65R15 ZOUN 81T WEX Indeks no\u015bno\u015bci : 81 Indeks pr\u0119dko\u015bci : T - 190 km\/h Karta informacyjna produktu : https:\/\/eprel.ec.europa.eu\/qr\/491136","_links":{"self":[{"href":"https:\/\/oponixo.shop\/tire\/wp-json\/wp\/v2\/product\/12423","targetHints":{"allow":["GET"]}}],"collection":[{"href":"https:\/\/oponixo.shop\/tire\/wp-json\/wp\/v2\/product"}],"about":[{"href":"https:\/\/oponixo.shop\/tire\/wp-json\/wp\/v2\/types\/product"}],"wp:featuredmedia":[{"embeddable":true,"href":"https:\/\/oponixo.shop\/tire\/wp-json\/wp\/v2\/media\/12424"}],"wp:attachment":[{"href":"https:\/\/oponixo.shop\/tire\/wp-json\/wp\/v2\/media?parent=12423"}],"wp:term":[{"taxonomy":"product_brand","embeddable":true,"href":"https:\/\/oponixo.shop\/tire\/wp-json\/wp\/v2\/product_brand?post=12423"},{"taxonomy":"product_cat","embeddable":true,"href":"https:\/\/oponixo.shop\/tire\/wp-json\/wp\/v2\/product_cat?post=12423"},{"taxonomy":"product_tag","embeddable":true,"href":"https:\/\/oponixo.shop\/tire\/wp-json\/wp\/v2\/product_tag?post=12423"}],"curies":[{"name":"wp","href":"https:\/\/api.w.org\/{rel}","templated":true}]}}