{"id":12421,"date":"2026-01-03T21:24:35","date_gmt":"2026-01-03T20:24:35","guid":{"rendered":"https:\/\/oponyexpert.shop\/xef5\/produkt\/4x-debica-165-65r15-81t-navigator-3-caloroczna-2024-r\/"},"modified":"2026-01-03T21:24:36","modified_gmt":"2026-01-03T20:24:36","slug":"4x-debica-165-65r15-81t-navigator-3-caloroczna-2024-r","status":"publish","type":"product","link":"https:\/\/oponexa.shop\/tire\/produkt\/4x-debica-165-65r15-81t-navigator-3-caloroczna-2024-r\/","title":{"rendered":"4x D\u0118BICA 165\/65R15 81T Navigator 3 ca\u0142oroczna 2024 r"},"content":{"rendered":"<div style=\"font-family: Arial, sans-serif; line-height: 1.6; color: #333; padding: 20px; clear: both; display: block; width: 100%; float: none; position: static; overflow: hidden;\">\n<div style=\"clear: both; display: block; margin: 10px 0;\">\n<div style=\"clear: both; display: block; margin: 10px 0;\">\n<div style=\"clear: both; display: block; margin: 10px 0;\">\n<h1>Rok produkcji: 2024<\/h1>\n<\/div>\n<\/div>\n<\/div>\n<div style=\"clear: both; display: block; margin: 10px 0;\">\n<div style=\"clear: both; display: block; margin: 10px 0;\">\n<div style=\"clear: both; display: block; margin: 10px 0;\">\n<div  style=\"max-width:1200px;max-height:1126px\">\n<div style=\"clear: both; display: block; margin: 10px 0;\">\n<div style=\"clear: both; width: 100%; display: block; margin: 20px 0; padding: 0; float: none; position: static; text-align: center;\"><img decoding=\"async\"  src=\"https:\/\/a.allegroimg.com\/original\/112f7b\/c7c5991d499e8bbe5136e57b38dc\/4x-DEBICA-165-65R15-81T-Navigator-3-caloroczna-2024-r\" srcset=\"https:\/\/a.allegroimg.com\/original\/112f7b\/c7c5991d499e8bbe5136e57b38dc\/4x-DEBICA-165-65R15-81T-Navigator-3-caloroczna-2024-r 360w,https:\/\/a.allegroimg.com\/original\/112f7b\/c7c5991d499e8bbe5136e57b38dc\/4x-DEBICA-165-65R15-81T-Navigator-3-caloroczna-2024-r 720w,https:\/\/a.allegroimg.com\/original\/112f7b\/c7c5991d499e8bbe5136e57b38dc\/4x-DEBICA-165-65R15-81T-Navigator-3-caloroczna-2024-r 1024w,https:\/\/a.allegroimg.com\/original\/112f7b\/c7c5991d499e8bbe5136e57b38dc\/4x-DEBICA-165-65R15-81T-Navigator-3-caloroczna-2024-r 1200w,https:\/\/a.allegroimg.com\/original\/112f7b\/c7c5991d499e8bbe5136e57b38dc\/4x-DEBICA-165-65R15-81T-Navigator-3-caloroczna-2024-r 1200w\" sizes=\"(min-width: 1200px) 560px, (min-width: 992px) 50vw, 100vw\" width=\"1200px\" alt=\"4x D\u0118BICA 165\/65R15 81T Navigator 3 ca\u0142oroczna 2024 r\"\/ style=\"max-width: 100%; height: auto; display: block; margin: 0 auto;\"><\/div>\n<\/div>\n<\/div>\n<\/div>\n<\/div>\n<div style=\"clear: both; display: block; margin: 10px 0;\">\n<div style=\"clear: both; display: block; margin: 10px 0;\">\n<h1>D\u0118BICA Navigator 3 165\/65R15 81T<\/h1>\n<h2>G15YC1<\/h2>\n<ul style=\"margin: 15px 0; padding-left: 20px; clear: both; display: block; width: 100%; float: none; position: static;\">\n<li style=\"margin: 5px 0; padding: 2px 0; clear: both; display: list-item; float: none; position: static;\"><b>Data produkcji :<\/b> 2024<\/li>\n<li style=\"margin: 5px 0; padding: 2px 0; clear: both; display: list-item; float: none; position: static;\"><b>Indeks :<\/b> 165\/65R15 CODE 81T NAV3, 165\/65R15 CODE 81T NAV3<\/li>\n<li style=\"margin: 5px 0; padding: 2px 0; clear: both; display: list-item; float: none; position: static;\"><b>Indeks no\u015bno\u015bci :<\/b> 81<\/li>\n<li style=\"margin: 5px 0; padding: 2px 0; clear: both; display: list-item; float: none; position: static;\"><b>Indeks pr\u0119dko\u015bci :<\/b> T &#8211; 190 km\/h<\/li>\n<li style=\"margin: 5px 0; padding: 2px 0; clear: both; display: list-item; float: none; position: static;\"><b>Karta informacyjna produktu :<\/b> https:\/\/eprel.ec.europa.eu\/qr\/1558709<\/li>\n<li style=\"margin: 5px 0; padding: 2px 0; clear: both; display: list-item; float: none; position: static;\"><b>Kl. efekt. paliwowej :<\/b> C<\/li>\n<li style=\"margin: 5px 0; padding: 2px 0; clear: both; display: list-item; float: none; position: static;\"><b>Kl. przycz. na mokrej naw. :<\/b> C<\/li>\n<li style=\"margin: 5px 0; padding: 2px 0; clear: both; display: list-item; float: none; position: static;\"><b>Kl. zew. ha\u0142asu tocz. :<\/b> B<\/li>\n<li style=\"margin: 5px 0; padding: 2px 0; clear: both; display: list-item; float: none; position: static;\"><b>Klasa opony :<\/b> bud\u017cet<\/li>\n<li style=\"margin: 5px 0; padding: 2px 0; clear: both; display: list-item; float: none; position: static;\"><b>Kod EAN :<\/b> 4038526393869<\/li>\n<li style=\"margin: 5px 0; padding: 2px 0; clear: both; display: list-item; float: none; position: static;\"><b>Kod producenta :<\/b> 593977<\/li>\n<li style=\"margin: 5px 0; padding: 2px 0; clear: both; display: list-item; float: none; position: static;\"><b>Model bie\u017cnika :<\/b> Navigator 3<\/li>\n<li style=\"margin: 5px 0; padding: 2px 0; clear: both; display: list-item; float: none; position: static;\"><b>Nazwa produktu :<\/b> D\u0118BICA 165\/65R15 81T Navigator 3 ca\u0142oroczna<\/li>\n<li style=\"margin: 5px 0; padding: 2px 0; clear: both; display: list-item; float: none; position: static;\"><b>opona na dedykowan\u0105 o\u015b :<\/b> Prz\u00f3d\/Ty\u0142<\/li>\n<li style=\"margin: 5px 0; padding: 2px 0; clear: both; display: list-item; float: none; position: static;\"><b>Producent :<\/b> D\u0118BICA<\/li>\n<li style=\"margin: 5px 0; padding: 2px 0; clear: both; display: list-item; float: none; position: static;\"><b>Profil :<\/b> 65<\/li>\n<li style=\"margin: 5px 0; padding: 2px 0; clear: both; display: list-item; float: none; position: static;\"><b>Przeznaczenie :<\/b> samochody osobowe\/SUV\/crossover<\/li>\n<li style=\"margin: 5px 0; padding: 2px 0; clear: both; display: list-item; float: none; position: static;\"><b>Przyczepno\u015b\u0107 na lodzie :<\/b> Nie<\/li>\n<li style=\"margin: 5px 0; padding: 2px 0; clear: both; display: list-item; float: none; position: static;\"><b>Przyczepno\u015b\u0107 na \u015bniegu :<\/b> Tak<\/li>\n<li style=\"margin: 5px 0; padding: 2px 0; clear: both; display: list-item; float: none; position: static;\"><b>QR kod :<\/b> https:\/\/eprel.ec.europa.eu\/qr\/1558709<\/li>\n<li style=\"margin: 5px 0; padding: 2px 0; clear: both; display: list-item; float: none; position: static;\"><b>Sezon :<\/b> ca\u0142oroczna<\/li>\n<li style=\"margin: 5px 0; padding: 2px 0; clear: both; display: list-item; float: none; position: static;\"><b>\u015arednica :<\/b> 15&#8243;<\/li>\n<li style=\"margin: 5px 0; padding: 2px 0; clear: both; display: list-item; float: none; position: static;\"><b>Szeroko\u015b\u0107 :<\/b> 165<\/li>\n<li style=\"margin: 5px 0; padding: 2px 0; clear: both; display: list-item; float: none; position: static;\"><b>Wart. pom. i kl. zew. ha\u0142asu tocz. [dB] :<\/b> 71<\/li>\n<\/ul>\n<\/div>\n<\/div>\n<\/div>\n<div style=\"clear: both; display: block; margin: 10px 0;\">\n<div style=\"clear: both; display: block; margin: 10px 0;\">\n<div style=\"clear: both; display: block; margin: 10px 0;\">\n<p style=\"margin: 15px 0; line-height: 1.8; clear: both; display: block; width: 100%; float: none; position: static;\"> Navigator 3 to ca\u0142oroczna opona marki D\u0119bica, kt\u00f3ra dzi\u0119ki innowacyjnym technologiom, materia\u0142om najwy\u017cszej jako\u015bci oraz wiedzy i do\u015bwiadczeniu koncernu Goodyear, wyznacza nowy kierunek w segmencie opon wielosezonowych. D\u0119bica Navigator 3 to nast\u0119pca znanego i cenionego modelu, oznaczonego cyfr\u0105 2, kt\u00f3ry od 2016 roku zyska\u0142 zaufanie i popularno\u015b\u0107 kierowc\u00f3w szerokiej gamy samochod\u00f3w osobowych. <\/p>\n<p style=\"margin: 15px 0; line-height: 1.8; clear: both; display: block; width: 100%; float: none; position: static;\"> Model wyr\u00f3\u017cnia si\u0119 p\u0142ynn\u0105 i niezawodn\u0105 jazd\u0105 zar\u00f3wno na suchych jak i mokrych nawierzchniach w szerokim zakresie temperatur, pewn\u0105 kontrol\u0105 i funkcjonalno\u015bci\u0105 na \u015bniegu, wysokim bezpiecze\u0144stwem i komfortem u\u017cytkowania. <\/p>\n<p style=\"margin: 15px 0; line-height: 1.8; clear: both; display: block; width: 100%; float: none; position: static;\"> W nowym modelu zoptymalizowano bie\u017cnik, kt\u00f3ry dzi\u0119ki rewolucyjnym zmianom zyska\u0142 innowacyjny, kierunkowy kszta\u0142t w uk\u0142adzie &#8222;V&#8221;. Niew\u0105tpliw\u0105 nowo\u015bci\u0105 jest pog\u0142\u0119bienie typowej &#8222;Vki&#8221; oraz rozszerzenie rowk\u00f3w a\u017c na stref\u0119 barkow\u0105 opony. Taka rze\u017aba pozwala efektywnie i niezwykle szybko odprowadza\u0107 wod\u0119, b\u0142oto po\u015bniegowe i \u015bnieg ze strefy kontaktowej, co wp\u0142ywa na wysok\u0105 przyczepno\u015b\u0107 i bezpiecze\u0144stwo zar\u00f3wno podczas jazdy jak i hamowania. <\/p>\n<p style=\"margin: 15px 0; line-height: 1.8; clear: both; display: block; width: 100%; float: none; position: static;\"> G\u0119sta sie\u0107 lamelek \u015bnie\u017cnych (pofalowanych) oraz letnich (prostych, pod\u0142u\u017cnych) na g\u00f3rnych kraw\u0119dziach element\u00f3w bie\u017cnika, odpowiada za niezawodn\u0105 jazd\u0119, dzi\u0119ki lepszemu pokonywaniu powierzchni o\u015bnie\u017conych oraz stabilno\u015bci na suchych, letnich nawierzchniach. <\/p>\n<p style=\"margin: 15px 0; line-height: 1.8; clear: both; display: block; width: 100%; float: none; position: static;\"> Modyfikacji uleg\u0142a r\u00f3wnie\u017c mieszanka gumy bie\u017cnika, kt\u00f3ra du\u017co lepiej pracuje w szerokim zakresie temperatur i nie boi si\u0119 jej gwa\u0142townych zmian. Liczne, funkcjonalne dodatki oraz polimerowa baza, zapobiegaj\u0105 przegrzewaniu si\u0119 podczas upa\u0142\u00f3w oraz nadmiernej sztywno\u015bci poni\u017cej 0 \u00b0 C, dzi\u0119ki czemu opona przez ca\u0142y rok zachowuje swoj\u0105 doskona\u0142\u0105 funkcjonalno\u015b\u0107. <\/p>\n<p style=\"margin: 15px 0; line-height: 1.8; clear: both; display: block; width: 100%; float: none; position: static;\"> D\u0119bica Navigator 3 to innowacyjna opona wielosezonowa, kt\u00f3ra zapewnia bezpiecze\u0144stwo, komfort podr\u00f3\u017cowania ale r\u00f3wnie\u017c precyzj\u0119 prowadzenia, przez co spe\u0142ni oczekiwania r\u00f3wnie\u017c wymagaj\u0105cych kierowc\u00f3w. <\/p>\n<\/div>\n<\/div>\n<div style=\"clear: both; display: block; margin: 10px 0;\">\n<div style=\"clear: both; display: block; margin: 10px 0;\">\n<div  style=\"max-width:886px;max-height:1299px\">\n<div style=\"clear: both; display: block; margin: 10px 0;\">\n<div style=\"clear: both; width: 100%; display: block; margin: 20px 0; padding: 0; float: none; position: static; text-align: center;\"><img decoding=\"async\"  src=\"https:\/\/a.allegroimg.com\/original\/114389\/1d9455d04974be929d28f6602939\/4x-DEBICA-165-65R15-81T-Navigator-3-caloroczna-2024-r-Srednica-15\" srcset=\"https:\/\/a.allegroimg.com\/original\/114389\/1d9455d04974be929d28f6602939\/4x-DEBICA-165-65R15-81T-Navigator-3-caloroczna-2024-r-Srednica-15 245w,https:\/\/a.allegroimg.com\/original\/114389\/1d9455d04974be929d28f6602939\/4x-DEBICA-165-65R15-81T-Navigator-3-caloroczna-2024-r-Srednica-15 491w,https:\/\/a.allegroimg.com\/original\/114389\/1d9455d04974be929d28f6602939\/4x-DEBICA-165-65R15-81T-Navigator-3-caloroczna-2024-r-Srednica-15 698w,https:\/\/a.allegroimg.com\/original\/114389\/1d9455d04974be929d28f6602939\/4x-DEBICA-165-65R15-81T-Navigator-3-caloroczna-2024-r-Srednica-15 886w,https:\/\/a.allegroimg.com\/original\/114389\/1d9455d04974be929d28f6602939\/4x-DEBICA-165-65R15-81T-Navigator-3-caloroczna-2024-r-Srednica-15 886w\" sizes=\"(min-width: 1200px) 560px, (min-width: 992px) 50vw, 100vw\" width=\"886px\" alt=\"4x D\u0118BICA 165\/65R15 81T Navigator 3 ca\u0142oroczna 2024 r \u015arednica 15&quot;\"\/ style=\"max-width: 100%; height: auto; display: block; margin: 0 auto;\"><\/div>\n<\/div>\n<\/div>\n<\/div>\n<\/div>\n<\/div>\n<div style=\"clear: both; display: block; margin: 10px 0;\">\n<div style=\"clear: both; display: block; margin: 10px 0;\">\n<div style=\"clear: both; display: block; margin: 10px 0;\">\n<p style=\"margin: 15px 0; line-height: 1.8; clear: both; display: block; width: 100%; float: none; position: static;\">Wychodz\u0105c naprzeciw oczekiwaniom Klient\u00f3w i chc\u0105c spe\u0142nia\u0107 jak najwy\u017csze standardy obs\u0142ugi dok\u0142adamy wszelkich stara\u0144, aby podawa\u0107 precyzyjn\u0105 dat\u0119 produkcji opony (DOT). Niestety, w wyj\u0105tkowych przypadkach, mo\u017ce zdarzy\u0107 si\u0119, \u017ce opony, kt\u00f3re wy\u015blemy b\u0119d\u0105 mia\u0142y inn\u0105 dat\u0119 produkcji ni\u017c podana. Sytuacja mo\u017ce dotyczy\u0107 zar\u00f3wno opon z DOT-em wcze\u015bniejszym jak i p\u00f3\u017aniejszym. Chcieliby\u015bmy podkre\u015bli\u0107, \u017ce warunki przechowywania opon w naszych magazynach spe\u0142niaj\u0105 Polsk\u0105 Norm\u0119 PN-C-94300-7 dzi\u0119ki czemu nawet opona przechowywana 24 miesi\u0105ce ma parametry takie same jak opona z bie\u017c\u0105cego roku. Warto pami\u0119ta\u0107 tak\u017ce o fakcie, \u017ce w przypadku wielu rozmiar\u00f3w i producent\u00f3w plany produkcyjne fabryk uniemo\u017cliwiaj\u0105 zakup opony z bie\u017c\u0105cego roku.<\/p>\n<p style=\"margin: 15px 0; line-height: 1.8; clear: both; display: block; width: 100%; float: none; position: static;\">Przy zakupie opon pami\u0119taj o sprawdzeniu w instrukcji samochodu lub na w\u0142a\u015bciwej stronie internetowej, jakie ogumienie zaleca producent Twojego auta. \u0179le dobrane opony mog\u0105 negatywnie wp\u0142yn\u0105\u0107 na poziom Twojego bezpiecze\u0144stwa. Kupuj\u0105c opony zwr\u00f3\u0107 uwag\u0119 na rozmiar oraz indeksy no\u015bno\u015bci i pr\u0119dko\u015bci jakie homologowane s\u0105 do Twojego pojazdu.<\/p>\n<p style=\"margin: 15px 0; line-height: 1.8; clear: both; display: block; width: 100%; float: none; position: static;\">Zamieszczone zdj\u0119cia pe\u0142ni\u0105 funkcj\u0119 pogl\u0105dow\u0105. W zale\u017cno\u015bci od szeroko\u015bci opon, mog\u0105 wyst\u0119powa\u0107 niewielkie r\u00f3\u017cnice w wygl\u0105dzie bie\u017cnika (w obr\u0119bie jednego modelu) na przyk\u0142ad w ilo\u015bci rowk\u00f3w obwodowych lub rozmieszczeniu blok\u00f3w bie\u017cnika, co nie stanowi wady produktu.<\/p>\n<p style=\"margin: 15px 0; line-height: 1.8; clear: both; display: block; width: 100%; float: none; position: static;\">Je\u017celi otrzymane przez Ciebie opony nie spe\u0142niaj\u0105 Twoich oczekiwa\u0144 masz mo\u017cliwo\u015b\u0107 zwrotu lub wymiany nieu\u017cywanego (niemontowanego) ogumienia.<\/p>\n<\/div>\n<\/div>\n<\/div>\n<div style=\"clear: both; display: block; margin: 10px 0;\">\n<div style=\"clear: both; display: block; margin: 10px 0;\">\n<div style=\"clear: both; display: block; margin: 10px 0;\">\n<div  style=\"max-width:910px;max-height:219px\">\n<div style=\"clear: both; display: block; margin: 10px 0;\">\n<div style=\"clear: both; width: 100%; display: block; margin: 20px 0; padding: 0; float: none; position: static; text-align: center;\"><img decoding=\"async\"  src=\"https:\/\/a.allegroimg.com\/original\/1104aa\/c482aa9c4cb88ce3b2089e1f666b\/4x-DEBICA-165-65R15-81T-Navigator-3-caloroczna-2024-r-Halas-zewnetrzny-71-dB\" srcset=\"https:\/\/a.allegroimg.com\/original\/1104aa\/c482aa9c4cb88ce3b2089e1f666b\/4x-DEBICA-165-65R15-81T-Navigator-3-caloroczna-2024-r-Halas-zewnetrzny-71-dB 360w,https:\/\/a.allegroimg.com\/original\/1104aa\/c482aa9c4cb88ce3b2089e1f666b\/4x-DEBICA-165-65R15-81T-Navigator-3-caloroczna-2024-r-Halas-zewnetrzny-71-dB 720w,https:\/\/a.allegroimg.com\/original\/1104aa\/c482aa9c4cb88ce3b2089e1f666b\/4x-DEBICA-165-65R15-81T-Navigator-3-caloroczna-2024-r-Halas-zewnetrzny-71-dB 910w,https:\/\/a.allegroimg.com\/original\/1104aa\/c482aa9c4cb88ce3b2089e1f666b\/4x-DEBICA-165-65R15-81T-Navigator-3-caloroczna-2024-r-Halas-zewnetrzny-71-dB 910w\" sizes=\"(min-width: 1200px) 560px, (min-width: 992px) 50vw, 100vw\" width=\"910px\" alt=\"4x D\u0118BICA 165\/65R15 81T Navigator 3 ca\u0142oroczna 2024 r Ha\u0142as zewn\u0119trzny 71 dB\"\/ style=\"max-width: 100%; height: auto; display: block; margin: 0 auto;\"><\/div>\n<\/div>\n<\/div>\n<\/div>\n<\/div>\n<div style=\"clear: both; display: block; margin: 10px 0;\">\n<div style=\"clear: both; display: block; margin: 10px 0;\">\n<h1>D\u0119bica<\/h1>\n<p style=\"margin: 15px 0; line-height: 1.8; clear: both; display: block; width: 100%; float: none; position: static;\">W 1939 roku wyprodukowano pierwsz\u0105 opon\u0119 w fabryce nale\u017c\u0105cej do za\u0142o\u017conej dwa lata wcze\u015bniej Firmy Oponiarskiej D\u0119bica, pa\u0144stwowego przedsi\u0119wzi\u0119cia wytwarzaj\u0105cego ogumienie na potrzeby wojska. Cho\u0107 firma rozwija\u0142a si\u0119 pr\u0119\u017cnie, nie by\u0142 to dobry rok \u2013 po wybuchu II Wojny \u015awiatowej fabryk\u0119 przej\u0119\u0142y w\u0142adze okupacyjne, kt\u00f3re sprzeda\u0142y do Niemiec lini\u0119 produkcyjn\u0105 i zaj\u0119\u0142y reszt\u0119 maj\u0105tku. Po wojnie wi\u0119kszo\u015b\u0107 utraconych maszyn uda\u0142o si\u0119 odzyska\u0107 i produkcja ruszy\u0142a na nowo, nap\u0119dzana inwestycjami niezb\u0119dnymi dla tego, by sprosta\u0107 rosn\u0105cemu zapotrzebowaniu na opony. Progresywnie unowocze\u015bniana fabryka rozpocz\u0119\u0142a w latach 70. produkcj\u0119 opon radialnych dla samochod\u00f3w osobowych, a w latach 80. &#8211; ogumienia ci\u0119\u017carowego i rolniczego. W ostatniej dekadzie XX wieku firma zosta\u0142a sprywatyzowana, a wi\u0119kszo\u015bciowy pakiet akcji wykupi\u0142 ameryka\u0144ski koncern Goodyear. Obecnie D\u0119bica jest jedn\u0105 z najlepiej znanych i najcz\u0119\u015bciej rozpoznawanych na polskim rynku rodzimych marek, znajduje si\u0119 tak\u017ce w gronie 30 najwi\u0119kszych polskich eksporter\u00f3w. W pierwszych trzech kwarta\u0142ach 2011 roku przychody ze sprzeda\u017cy wynios\u0142y ponad p\u00f3\u0142tora miliarda z\u0142otych. Przeznaczone dla samochod\u00f3w klasy \u015bredniej i wy\u017cszej asymetryczne letnie opony D\u0119bica Presto i opony zimowe D\u0119bica Frigo s\u0105 cenione przez klient\u00f3w za dobre w\u0142a\u015bciwo\u015bci jezdne niezale\u017cnie od kondycji nawierzchni. Starannie opracowana rze\u017aba bie\u017cnika sprawia, \u017ce opony dobrze odprowadzaj\u0105 wod\u0119 i zapewniaj\u0105 komfortow\u0105 jazd\u0119 przy wysokich pr\u0119dko\u015bciach.\n<\/p>\n<\/div>\n<\/div>\n<\/div>\n<\/div>\n<\/div>\n<\/div>\n<div style=\"clear: both; display: block; margin: 10px 0;\">\n","protected":false},"excerpt":{"rendered":"<p>Rok produkcji: 2024<\/p>\n<p>D\u0118BICA Navigator 3 165\/65R15 81T<\/p>\n<p>G15YC1<\/p>\n<p>Data produkcji : 2024<\/p>\n<p>Indeks : 165\/65R15 CODE 81T NAV3, 165\/65R15 CODE 81T NAV3<\/p>\n<p>Indeks no\u015bno\u015bci : 81<\/p>\n<p>Indeks pr\u0119dko\u015bci : T &#8211; 190 km\/h<\/p>\n<p>Karta informacyjna produktu : https:\/\/eprel.ec.europa.eu\/qr\/1558709<\/p>\n","protected":false},"featured_media":12422,"template":"","meta":{"_uag_custom_page_level_css":""},"product_brand":[378],"product_cat":[416,414,413,412],"product_tag":[],"class_list":{"0":"post-12421","1":"product","2":"type-product","3":"status-publish","4":"has-post-thumbnail","6":"product_brand-debica","7":"product_cat-caloroczne","8":"product_cat-do-samochodow-osobowych-i-suv","9":"product_cat-opony","10":"product_cat-opony-i-felgi","12":"first","13":"instock","14":"shipping-taxable","15":"purchasable","16":"product-type-simple"},"uagb_featured_image_src":{"full":["https:\/\/oponexa.shop\/tire\/wp-content\/uploads\/2026\/01\/allegro-image-12421.jpg",1200,1126,false],"thumbnail":["https:\/\/oponexa.shop\/tire\/wp-content\/uploads\/2026\/01\/allegro-image-12421-150x150.jpg",150,150,true],"medium":["https:\/\/oponexa.shop\/tire\/wp-content\/uploads\/2026\/01\/allegro-image-12421-300x282.jpg",300,282,true],"medium_large":["https:\/\/oponexa.shop\/tire\/wp-content\/uploads\/2026\/01\/allegro-image-12421-768x721.jpg",768,721,true],"large":["https:\/\/oponexa.shop\/tire\/wp-content\/uploads\/2026\/01\/allegro-image-12421-1024x961.jpg",1024,961,true],"1536x1536":["https:\/\/oponexa.shop\/tire\/wp-content\/uploads\/2026\/01\/allegro-image-12421.jpg",1200,1126,false],"2048x2048":["https:\/\/oponexa.shop\/tire\/wp-content\/uploads\/2026\/01\/allegro-image-12421.jpg",1200,1126,false],"woocommerce_thumbnail":["https:\/\/oponexa.shop\/tire\/wp-content\/uploads\/2026\/01\/allegro-image-12421-300x300.jpg",300,300,true],"woocommerce_single":["https:\/\/oponexa.shop\/tire\/wp-content\/uploads\/2026\/01\/allegro-image-12421-600x563.jpg",600,563,true],"woocommerce_gallery_thumbnail":["https:\/\/oponexa.shop\/tire\/wp-content\/uploads\/2026\/01\/allegro-image-12421-100x100.jpg",100,100,true]},"uagb_author_info":{"display_name":"admin","author_link":"https:\/\/oponexa.shop\/tire\/author\/"},"uagb_comment_info":0,"uagb_excerpt":"Rok produkcji: 2024 D\u0118BICA Navigator 3 165\/65R15 81T G15YC1 Data produkcji : 2024 Indeks : 165\/65R15 CODE 81T NAV3, 165\/65R15 CODE 81T NAV3 Indeks no\u015bno\u015bci : 81 Indeks pr\u0119dko\u015bci : T - 190 km\/h Karta informacyjna produktu : https:\/\/eprel.ec.europa.eu\/qr\/1558709","_links":{"self":[{"href":"https:\/\/oponexa.shop\/tire\/wp-json\/wp\/v2\/product\/12421","targetHints":{"allow":["GET"]}}],"collection":[{"href":"https:\/\/oponexa.shop\/tire\/wp-json\/wp\/v2\/product"}],"about":[{"href":"https:\/\/oponexa.shop\/tire\/wp-json\/wp\/v2\/types\/product"}],"wp:featuredmedia":[{"embeddable":true,"href":"https:\/\/oponexa.shop\/tire\/wp-json\/wp\/v2\/media\/12422"}],"wp:attachment":[{"href":"https:\/\/oponexa.shop\/tire\/wp-json\/wp\/v2\/media?parent=12421"}],"wp:term":[{"taxonomy":"product_brand","embeddable":true,"href":"https:\/\/oponexa.shop\/tire\/wp-json\/wp\/v2\/product_brand?post=12421"},{"taxonomy":"product_cat","embeddable":true,"href":"https:\/\/oponexa.shop\/tire\/wp-json\/wp\/v2\/product_cat?post=12421"},{"taxonomy":"product_tag","embeddable":true,"href":"https:\/\/oponexa.shop\/tire\/wp-json\/wp\/v2\/product_tag?post=12421"}],"curies":[{"name":"wp","href":"https:\/\/api.w.org\/{rel}","templated":true}]}}