{"id":12406,"date":"2026-01-03T20:28:23","date_gmt":"2026-01-03T19:28:23","guid":{"rendered":"https:\/\/oponyexpert.shop\/xef5\/produkt\/2x-hankook-ion-icept-iw01-285-40r20-111v-hl-fr-2024-r\/"},"modified":"2026-01-03T20:28:23","modified_gmt":"2026-01-03T19:28:23","slug":"2x-hankook-ion-icept-iw01-285-40r20-111v-hl-fr-2024-r","status":"publish","type":"product","link":"https:\/\/oponixo.shop\/tire\/produkt\/2x-hankook-ion-icept-iw01-285-40r20-111v-hl-fr-2024-r\/","title":{"rendered":"2x HANKOOK iON i*cept IW01 285\/40R20 111V HL FR * 2024 r"},"content":{"rendered":"<div style=\"font-family: Arial, sans-serif; line-height: 1.6; color: #333; padding: 20px; clear: both; display: block; width: 100%; float: none; position: static; overflow: hidden;\">\n<div style=\"clear: both; display: block; margin: 10px 0;\">\n<div style=\"clear: both; display: block; margin: 10px 0;\">\n<div style=\"clear: both; display: block; margin: 10px 0;\">\n<div  style=\"max-width:1200px;max-height:1126px\">\n<div style=\"clear: both; display: block; margin: 10px 0;\">\n<div style=\"clear: both; width: 100%; display: block; margin: 20px 0; padding: 0; float: none; position: static; text-align: center;\"><img decoding=\"async\"  src=\"https:\/\/a.allegroimg.com\/original\/11cff2\/e6baeb4f4282a06520e585dadcc0\/2x-HANKOOK-iON-i-cept-IW01-285-40R20-111V-HL-FR-2024-r\" srcset=\"https:\/\/a.allegroimg.com\/original\/11cff2\/e6baeb4f4282a06520e585dadcc0\/2x-HANKOOK-iON-i-cept-IW01-285-40R20-111V-HL-FR-2024-r 360w,https:\/\/a.allegroimg.com\/original\/11cff2\/e6baeb4f4282a06520e585dadcc0\/2x-HANKOOK-iON-i-cept-IW01-285-40R20-111V-HL-FR-2024-r 720w,https:\/\/a.allegroimg.com\/original\/11cff2\/e6baeb4f4282a06520e585dadcc0\/2x-HANKOOK-iON-i-cept-IW01-285-40R20-111V-HL-FR-2024-r 1024w,https:\/\/a.allegroimg.com\/original\/11cff2\/e6baeb4f4282a06520e585dadcc0\/2x-HANKOOK-iON-i-cept-IW01-285-40R20-111V-HL-FR-2024-r 1200w,https:\/\/a.allegroimg.com\/original\/11cff2\/e6baeb4f4282a06520e585dadcc0\/2x-HANKOOK-iON-i-cept-IW01-285-40R20-111V-HL-FR-2024-r 1200w\" sizes=\"(min-width: 1200px) 560px, (min-width: 992px) 50vw, 100vw\" width=\"1200px\" alt=\"2x HANKOOK iON i*cept IW01 285\/40R20 111V HL FR * 2024 r\"\/ style=\"max-width: 100%; height: auto; display: block; margin: 0 auto;\"><\/div>\n<\/div>\n<\/div>\n<\/div>\n<\/div>\n<div style=\"clear: both; display: block; margin: 10px 0;\">\n<div style=\"clear: both; display: block; margin: 10px 0;\">\n<h1>HANKOOK iON i*cept IW01 285\/40R20 111V HL FR *<\/h1>\n<h2>H0C9HV<\/h2>\n<\/div>\n<\/div>\n<\/div>\n<div style=\"clear: both; display: block; margin: 10px 0;\">\n<div style=\"clear: both; display: block; margin: 10px 0;\">\n<div style=\"clear: both; display: block; margin: 10px 0;\">\n<ul style=\"margin: 15px 0; padding-left: 20px; clear: both; display: block; width: 100%; float: none; position: static;\">\n<li style=\"margin: 5px 0; padding: 2px 0; clear: both; display: list-item; float: none; position: static;\"><b>Indeks :<\/b> 285\/40R20 ZOHA 111V IW01B<\/li>\n<li style=\"margin: 5px 0; padding: 2px 0; clear: both; display: list-item; float: none; position: static;\"><b>Rant ochronny :<\/b> 1<\/li>\n<li style=\"margin: 5px 0; padding: 2px 0; clear: both; display: list-item; float: none; position: static;\"><b>Klasa :<\/b> \u015arednia<\/li>\n<li style=\"margin: 5px 0; padding: 2px 0; clear: both; display: list-item; float: none; position: static;\"><b>Przeznaczenie :<\/b> Opony osobowe, SUV\/4&#215;4<\/li>\n<li style=\"margin: 5px 0; padding: 2px 0; clear: both; display: list-item; float: none; position: static;\"><b>Typ (konstrukcja) :<\/b> [R]-Radialna<\/li>\n<li style=\"margin: 5px 0; padding: 2px 0; clear: both; display: list-item; float: none; position: static;\"><b>Typ opony :<\/b> Opona osobowa<\/li>\n<li style=\"margin: 5px 0; padding: 2px 0; clear: both; display: list-item; float: none; position: static;\"><b>Klasa opony :<\/b> C1<\/li>\n<li style=\"margin: 5px 0; padding: 2px 0; clear: both; display: list-item; float: none; position: static;\"><b>Opory toczenia :<\/b> C<\/li>\n<li style=\"margin: 5px 0; padding: 2px 0; clear: both; display: list-item; float: none; position: static;\"><b>Typ homologacji :<\/b> *<\/li>\n<li style=\"margin: 5px 0; padding: 2px 0; clear: both; display: list-item; float: none; position: static;\"><b>Przyczepno\u015b\u0107 na mokrej nawierzchni :<\/b> B<\/li>\n<li style=\"margin: 5px 0; padding: 2px 0; clear: both; display: list-item; float: none; position: static;\"><b>Oznaczenie M+S :<\/b> M+S, 3PMSF<\/li>\n<li style=\"margin: 5px 0; padding: 2px 0; clear: both; display: list-item; float: none; position: static;\"><b>Indeks no\u015bno\u015bci :<\/b> 111 = 1090 kg<\/li>\n<li style=\"margin: 5px 0; padding: 2px 0; clear: both; display: list-item; float: none; position: static;\"><b>Kod EAN :<\/b> 8808563572635<\/li>\n<li style=\"margin: 5px 0; padding: 2px 0; clear: both; display: list-item; float: none; position: static;\"><b>Typ rantu ochronnego :<\/b> FR<\/li>\n<li style=\"margin: 5px 0; padding: 2px 0; clear: both; display: list-item; float: none; position: static;\"><b>Marka :<\/b> HANKOOK<\/li>\n<li style=\"margin: 5px 0; padding: 2px 0; clear: both; display: list-item; float: none; position: static;\"><b>Przyczepno\u015b\u0107 na \u015bniegu :<\/b> 1<\/li>\n<li style=\"margin: 5px 0; padding: 2px 0; clear: both; display: list-item; float: none; position: static;\"><b>Opona wzmocniona :<\/b> 1<\/li>\n<li style=\"margin: 5px 0; padding: 2px 0; clear: both; display: list-item; float: none; position: static;\"><b>Ha\u0142as zewn\u0119trzny [dB] :<\/b> 71<\/li>\n<li style=\"margin: 5px 0; padding: 2px 0; clear: both; display: list-item; float: none; position: static;\"><b>Kl. zew. ha\u0142asu tocz. :<\/b> A<\/li>\n<li style=\"margin: 5px 0; padding: 2px 0; clear: both; display: list-item; float: none; position: static;\"><b>\u015arednica :<\/b> 20<\/li>\n<li style=\"margin: 5px 0; padding: 2px 0; clear: both; display: list-item; float: none; position: static;\"><b>Sezon :<\/b> Zimowa<\/li>\n<li style=\"margin: 5px 0; padding: 2px 0; clear: both; display: list-item; float: none; position: static;\"><b>Dedykowana o\u015b :<\/b> Prz\u00f3d\/Ty\u0142<\/li>\n<li style=\"margin: 5px 0; padding: 2px 0; clear: both; display: list-item; float: none; position: static;\"><b>Kod producenta :<\/b> 1031553<\/li>\n<li style=\"margin: 5px 0; padding: 2px 0; clear: both; display: list-item; float: none; position: static;\"><b>Profil :<\/b> 40<\/li>\n<li style=\"margin: 5px 0; padding: 2px 0; clear: both; display: list-item; float: none; position: static;\"><b>D\u0119tka :<\/b> TL<\/li>\n<li style=\"margin: 5px 0; padding: 2px 0; clear: both; display: list-item; float: none; position: static;\"><b>Bie\u017cnik :<\/b> iON i*cept IW01<\/li>\n<li style=\"margin: 5px 0; padding: 2px 0; clear: both; display: list-item; float: none; position: static;\"><b>Homologacje :<\/b> BMW<\/li>\n<li style=\"margin: 5px 0; padding: 2px 0; clear: both; display: list-item; float: none; position: static;\"><b>Karta informacyjna produktu :<\/b> https:\/\/eprel.ec.europa.eu\/qr\/1872198<\/li>\n<li style=\"margin: 5px 0; padding: 2px 0; clear: both; display: list-item; float: none; position: static;\"><b>Rozmiar :<\/b> 285\/40R20<\/li>\n<li style=\"margin: 5px 0; padding: 2px 0; clear: both; display: list-item; float: none; position: static;\"><b>Indeks pr\u0119dko\u015bci :<\/b> V &#8211; &lt;240 km\/h<\/li>\n<li style=\"margin: 5px 0; padding: 2px 0; clear: both; display: list-item; float: none; position: static;\"><b>Typ wzmocnienia :<\/b> HL<\/li>\n<li style=\"margin: 5px 0; padding: 2px 0; clear: both; display: list-item; float: none; position: static;\"><b>Szeroko\u015b\u0107 :<\/b> 285<\/li>\n<li style=\"margin: 5px 0; padding: 2px 0; clear: both; display: list-item; float: none; position: static;\"><b>EV :<\/b> 1<\/li>\n<\/ul>\n<\/div>\n<\/div>\n<\/div>\n<div style=\"clear: both; display: block; margin: 10px 0;\">\n<div style=\"clear: both; display: block; margin: 10px 0;\">\n<div style=\"clear: both; display: block; margin: 10px 0;\">\n<div  style=\"max-width:2242px;max-height:652px\">\n<div style=\"clear: both; display: block; margin: 10px 0;\">\n<div style=\"clear: both; width: 100%; display: block; margin: 20px 0; padding: 0; float: none; position: static; text-align: center;\"><img decoding=\"async\"  src=\"https:\/\/a.allegroimg.com\/original\/111ecb\/ab8b4c044943a2720a228ba57a3f\/2x-HANKOOK-iON-i-cept-IW01-285-40R20-111V-HL-FR-2024-r-Srednica-20\" srcset=\"https:\/\/a.allegroimg.com\/original\/111ecb\/ab8b4c044943a2720a228ba57a3f\/2x-HANKOOK-iON-i-cept-IW01-285-40R20-111V-HL-FR-2024-r-Srednica-20 360w,https:\/\/a.allegroimg.com\/original\/111ecb\/ab8b4c044943a2720a228ba57a3f\/2x-HANKOOK-iON-i-cept-IW01-285-40R20-111V-HL-FR-2024-r-Srednica-20 720w,https:\/\/a.allegroimg.com\/original\/111ecb\/ab8b4c044943a2720a228ba57a3f\/2x-HANKOOK-iON-i-cept-IW01-285-40R20-111V-HL-FR-2024-r-Srednica-20 1024w,https:\/\/a.allegroimg.com\/original\/111ecb\/ab8b4c044943a2720a228ba57a3f\/2x-HANKOOK-iON-i-cept-IW01-285-40R20-111V-HL-FR-2024-r-Srednica-20 1440w,https:\/\/a.allegroimg.com\/original\/111ecb\/ab8b4c044943a2720a228ba57a3f\/2x-HANKOOK-iON-i-cept-IW01-285-40R20-111V-HL-FR-2024-r-Srednica-20 2242w\" sizes=\"(min-width: 1200px) 560px, (min-width: 992px) 50vw, 100vw\" width=\"2242px\" alt=\"2x HANKOOK iON i*cept IW01 285\/40R20 111V HL FR * 2024 r \u015arednica 20&quot;\"\/ style=\"max-width: 100%; height: auto; display: block; margin: 0 auto;\"><\/div>\n<\/div>\n<\/div>\n<\/div>\n<\/div>\n<div style=\"clear: both; display: block; margin: 10px 0;\">\n<div style=\"clear: both; display: block; margin: 10px 0;\">\n<h1>Hankook<\/h1>\n<p style=\"margin: 15px 0; line-height: 1.8; clear: both; display: block; width: 100%; float: none; position: static;\">Za\u0142o\u017cona w 1941 roku po\u0142udniowokorea\u0144ska firma Hankook rozs\u0142awi\u0142a si\u0119 w \u015bwiecie dzi\u0119ki produkcji opon \u2013 niegdy\u015b diagonalnych, wsp\u00f3\u0142cze\u015bnie natomiast radialnych. D\u0142ugofalowa wizja, staranno\u015b\u0107 w projektowaniu, badaniu i wdra\u017caniu nowych produkt\u00f3w oraz konsekwentnie wprowadzana w \u017cycie strategia dynamicznego rozwoju sprawi\u0142y, \u017ce ta w\u0142a\u015bnie firma zajmuje si\u00f3dme miejsce na li\u015bcie najwi\u0119kszych \u015bwiatowych producent\u00f3w opon. Ju\u017c w 1981 roku otwarto ameryka\u0144sk\u0105 fili\u0119 Hankook, rok p\u00f3\u017aniej za\u015b produkcj\u0119 rozpocz\u0119\u0142a pierwsza fabryka ogumienia tej marki w USA. Obecnie w\u0142a\u015bciwo\u015bci jezdne i wytrzyma\u0142o\u015b\u0107 nowych modeli opon letnich i zimowych poddawane s\u0105 badaniom w korea\u0144skich i europejskich centrach testowych. O pozytywnych wynikach test\u00f3w mo\u017ce za\u015bwiadczy\u0107 fakt, \u017ce opony firmy Hankook zosta\u0142y przyj\u0119te jako pierwsze wyposa\u017cenie przez szereg wiod\u0105cych producent\u00f3w samochod\u00f3w \u2013 mi\u0119dzy innymi Ford, Toyota, Volkswagen i Hyundai. Chocia\u017c jednym z cel\u00f3w firmy jest utrzymywanie jak najni\u017cszych cen w po\u0142\u0105czeniu z jak najwy\u017csz\u0105 jako\u015bci\u0105 produktu, jej przych\u00f3d w trzecim kwartale 2011 roku wyni\u00f3s\u0142 prawie p\u00f3\u0142tora miliarda dolar\u00f3w, co dowodzi, \u017ce znaczne grono klient\u00f3w w ponad 180 krajach postanowi\u0142o zaufa\u0107 ogumieniu tej marki. Asortyment firmy Hankook jest bardzo szeroki \u2013 w katalogu dost\u0119pna jest mi\u0119dzy innymi rodzina opon Dynapro o agresywnym bie\u017cniku nadaj\u0105cym si\u0119 na wszystkie rodzaje nawierzchni, linia opon sportowych Ventus zapewniaj\u0105cych maksymaln\u0105 kontrol\u0119 i przyczepno\u015b\u0107 nawet przy wysokich pr\u0119dko\u015bciach, oraz e-cube, nowatorskie, oszcz\u0119dne, ekologiczne ogumienie dla ci\u0119\u017car\u00f3wek. Wysok\u0105 jako\u015bci\u0105 odznaczaj\u0105 si\u0119 tak\u017ce zimowe opony z serii i*cept<\/p>\n<\/div>\n<\/div>\n<\/div>\n<\/div>\n<\/div>\n<\/div>\n<div style=\"clear: both; display: block; margin: 10px 0;\">\n","protected":false},"excerpt":{"rendered":"<p>HANKOOK iON i*cept IW01 285\/40R20 111V HL FR *<\/p>\n<p>H0C9HV<\/p>\n<p>Indeks : 285\/40R20 ZOHA 111V IW01B<\/p>\n<p>Rant ochronny : 1<\/p>\n<p>Klasa : \u015arednia<\/p>\n<p>Przeznaczenie : Opony osobowe, SUV\/4&#215;4<\/p>\n<p>Typ (konstrukcja) : [R]-Radialna<\/p>\n<p>Typ opony : Opona osobowa<\/p>\n","protected":false},"featured_media":12407,"template":"","meta":{"_uag_custom_page_level_css":""},"product_brand":[411],"product_cat":[414,413,412,415],"product_tag":[],"class_list":{"0":"post-12406","1":"product","2":"type-product","3":"status-publish","4":"has-post-thumbnail","6":"product_brand-hankook","7":"product_cat-do-samochodow-osobowych-i-suv","8":"product_cat-opony","9":"product_cat-opony-i-felgi","10":"product_cat-zimowe","12":"first","13":"instock","14":"shipping-taxable","15":"purchasable","16":"product-type-simple"},"uagb_featured_image_src":{"full":["https:\/\/oponixo.shop\/tire\/wp-content\/uploads\/2026\/01\/allegro-image-12406.jpg",1200,1126,false],"thumbnail":["https:\/\/oponixo.shop\/tire\/wp-content\/uploads\/2026\/01\/allegro-image-12406-150x150.jpg",150,150,true],"medium":["https:\/\/oponixo.shop\/tire\/wp-content\/uploads\/2026\/01\/allegro-image-12406-300x282.jpg",300,282,true],"medium_large":["https:\/\/oponixo.shop\/tire\/wp-content\/uploads\/2026\/01\/allegro-image-12406-768x721.jpg",768,721,true],"large":["https:\/\/oponixo.shop\/tire\/wp-content\/uploads\/2026\/01\/allegro-image-12406-1024x961.jpg",1024,961,true],"1536x1536":["https:\/\/oponixo.shop\/tire\/wp-content\/uploads\/2026\/01\/allegro-image-12406.jpg",1200,1126,false],"2048x2048":["https:\/\/oponixo.shop\/tire\/wp-content\/uploads\/2026\/01\/allegro-image-12406.jpg",1200,1126,false],"woocommerce_thumbnail":["https:\/\/oponixo.shop\/tire\/wp-content\/uploads\/2026\/01\/allegro-image-12406-300x300.jpg",300,300,true],"woocommerce_single":["https:\/\/oponixo.shop\/tire\/wp-content\/uploads\/2026\/01\/allegro-image-12406-600x563.jpg",600,563,true],"woocommerce_gallery_thumbnail":["https:\/\/oponixo.shop\/tire\/wp-content\/uploads\/2026\/01\/allegro-image-12406-100x100.jpg",100,100,true]},"uagb_author_info":{"display_name":"admin","author_link":"https:\/\/oponixo.shop\/tire\/author\/"},"uagb_comment_info":0,"uagb_excerpt":"HANKOOK iON i*cept IW01 285\/40R20 111V HL FR * H0C9HV Indeks : 285\/40R20 ZOHA 111V IW01B Rant ochronny : 1 Klasa : \u015arednia Przeznaczenie : Opony osobowe, SUV\/4x4 Typ (konstrukcja) : [R]-Radialna Typ opony : Opona osobowa","_links":{"self":[{"href":"https:\/\/oponixo.shop\/tire\/wp-json\/wp\/v2\/product\/12406","targetHints":{"allow":["GET"]}}],"collection":[{"href":"https:\/\/oponixo.shop\/tire\/wp-json\/wp\/v2\/product"}],"about":[{"href":"https:\/\/oponixo.shop\/tire\/wp-json\/wp\/v2\/types\/product"}],"wp:featuredmedia":[{"embeddable":true,"href":"https:\/\/oponixo.shop\/tire\/wp-json\/wp\/v2\/media\/12407"}],"wp:attachment":[{"href":"https:\/\/oponixo.shop\/tire\/wp-json\/wp\/v2\/media?parent=12406"}],"wp:term":[{"taxonomy":"product_brand","embeddable":true,"href":"https:\/\/oponixo.shop\/tire\/wp-json\/wp\/v2\/product_brand?post=12406"},{"taxonomy":"product_cat","embeddable":true,"href":"https:\/\/oponixo.shop\/tire\/wp-json\/wp\/v2\/product_cat?post=12406"},{"taxonomy":"product_tag","embeddable":true,"href":"https:\/\/oponixo.shop\/tire\/wp-json\/wp\/v2\/product_tag?post=12406"}],"curies":[{"name":"wp","href":"https:\/\/api.w.org\/{rel}","templated":true}]}}