{"id":12402,"date":"2026-01-03T20:28:22","date_gmt":"2026-01-03T19:28:22","guid":{"rendered":"https:\/\/oponyexpert.shop\/xef5\/produkt\/2x-opony-zimowe-nokian-hakkapeliitta-r3-285-40r20-108r-xl\/"},"modified":"2026-01-03T20:28:22","modified_gmt":"2026-01-03T19:28:22","slug":"2x-opony-zimowe-nokian-hakkapeliitta-r3-285-40r20-108r-xl","status":"publish","type":"product","link":"https:\/\/oponixo.shop\/tire\/produkt\/2x-opony-zimowe-nokian-hakkapeliitta-r3-285-40r20-108r-xl\/","title":{"rendered":"2x opony zimowe Nokian Hakkapeliitta R3 285\/40R20 108R XL"},"content":{"rendered":"<div style=\"font-family: Arial, sans-serif; line-height: 1.6; color: #333; padding: 20px; clear: both; display: block; width: 100%; float: none; position: static; overflow: hidden;\">\n<div style=\"clear: both; display: block; margin: 10px 0;\">\n<div style=\"clear: both; display: block; margin: 10px 0;\">\n<div style=\"clear: both; display: block; margin: 10px 0;\">\n<div  style=\"max-width:500px;max-height:153px\">\n<div style=\"clear: both; display: block; margin: 10px 0;\">\n<div style=\"clear: both; width: 100%; display: block; margin: 20px 0; padding: 0; float: none; position: static; text-align: center;\"><img decoding=\"async\"  src=\"https:\/\/a.allegroimg.com\/original\/119338\/b607fa62470ba8373342619ff6a3\/2x-opony-zimowe-Nokian-Hakkapeliitta-R3-285-40R20-108R-XL-Liczba-opon-w-ofercie-2-szt\" srcset=\"https:\/\/a.allegroimg.com\/original\/119338\/b607fa62470ba8373342619ff6a3\/2x-opony-zimowe-Nokian-Hakkapeliitta-R3-285-40R20-108R-XL-Liczba-opon-w-ofercie-2-szt 360w,https:\/\/a.allegroimg.com\/original\/119338\/b607fa62470ba8373342619ff6a3\/2x-opony-zimowe-Nokian-Hakkapeliitta-R3-285-40R20-108R-XL-Liczba-opon-w-ofercie-2-szt 500w,https:\/\/a.allegroimg.com\/original\/119338\/b607fa62470ba8373342619ff6a3\/2x-opony-zimowe-Nokian-Hakkapeliitta-R3-285-40R20-108R-XL-Liczba-opon-w-ofercie-2-szt 500w\" sizes=\"100vw\" width=\"500px\" alt=\"2x opony zimowe Nokian Hakkapeliitta R3 285\/40R20 108R XL Liczba opon w ofercie 2 szt.\"\/ style=\"max-width: 100%; height: auto; display: block; margin: 0 auto;\"><\/div>\n<\/div>\n<\/div>\n<\/div>\n<\/div>\n<\/div>\n<div style=\"clear: both; display: block; margin: 10px 0;\">\n<div style=\"clear: both; display: block; margin: 10px 0;\">\n<div style=\"clear: both; display: block; margin: 10px 0;\">\n<h1>zestaw 2 sztuk nowych opon zimowych<\/h1>\n<h1>Nokian Hakkapeliitta R3 285\/40R20 108R XL<\/h1>\n<p style=\"margin: 15px 0; line-height: 1.8; clear: both; display: block; width: 100%; float: none; position: static;\">\n<\/div>\n<\/div>\n<\/div>\n<div style=\"clear: both; display: block; margin: 10px 0;\">\n<div style=\"clear: both; display: block; margin: 10px 0;\">\n<div style=\"clear: both; display: block; margin: 10px 0;\">\n<div  style=\"max-width:425px;max-height:600px\">\n<div style=\"clear: both; display: block; margin: 10px 0;\">\n<div style=\"clear: both; width: 100%; display: block; margin: 20px 0; padding: 0; float: none; position: static; text-align: center;\"><img decoding=\"async\"  src=\"https:\/\/a.allegroimg.com\/original\/111739\/4d087f1f4caf9ecf91469dfbd3a7\/2x-opony-zimowe-Nokian-Hakkapeliitta-R3-285-40R20-108R-XL\" srcset=\"https:\/\/a.allegroimg.com\/original\/111739\/4d087f1f4caf9ecf91469dfbd3a7\/2x-opony-zimowe-Nokian-Hakkapeliitta-R3-285-40R20-108R-XL 255w,https:\/\/a.allegroimg.com\/original\/111739\/4d087f1f4caf9ecf91469dfbd3a7\/2x-opony-zimowe-Nokian-Hakkapeliitta-R3-285-40R20-108R-XL 425w,https:\/\/a.allegroimg.com\/original\/111739\/4d087f1f4caf9ecf91469dfbd3a7\/2x-opony-zimowe-Nokian-Hakkapeliitta-R3-285-40R20-108R-XL 425w\" sizes=\"(min-width: 1200px) 560px, (min-width: 992px) 50vw, 100vw\" width=\"425px\" alt=\"2x opony zimowe Nokian Hakkapeliitta R3 285\/40R20 108R XL\"\/ style=\"max-width: 100%; height: auto; display: block; margin: 0 auto;\"><\/div>\n<\/div>\n<\/div>\n<\/div>\n<\/div>\n<div style=\"clear: both; display: block; margin: 10px 0;\">\n<div style=\"clear: both; display: block; margin: 10px 0;\">\n<p style=\"margin: 15px 0; line-height: 1.8; clear: both; display: block; width: 100%; float: none; position: static;\"><b>Nokian Hakkapeliitta R3<\/b> to opony <b>zimowe<\/b> przeznaczone do samochod\u00f3w <b>osobowych<\/b> oraz suv-\u00f3w. Oryginalny produkt klasy <b>premium<\/b> renomowanej marki <b>Nokian<\/b>. Bezkompromisowa jako\u015b\u0107. Opony do trudnych warunk\u00f3w zimowych, dedykowane na drogi gorszej jako\u015bci, za\u015bniezone, oblodzone, obszary wiejskie, g\u00f3rskie itp.<\/p>\n<ul style=\"margin: 15px 0; padding-left: 20px; clear: both; display: block; width: 100%; float: none; position: static;\">\n<li style=\"margin: 5px 0; padding: 2px 0; clear: both; display: list-item; float: none; position: static;\">rok produkcji: nie starsze ni\u017c <b>2022<\/b><\/li>\n<li style=\"margin: 5px 0; padding: 2px 0; clear: both; display: list-item; float: none; position: static;\">opony <b>nowe<\/b>, oryginalne, z gwarancj\u0105<\/li>\n<li style=\"margin: 5px 0; padding: 2px 0; clear: both; display: list-item; float: none; position: static;\">opony wzmocnione <b>XL<\/b><\/li>\n<li style=\"margin: 5px 0; padding: 2px 0; clear: both; display: list-item; float: none; position: static;\">maksymalna przyczepno\u015b\u0107 na \u015bniegu i lodzie, r\u00f3wnie\u017c na drogach gorszej jako\u015bci<\/li>\n<li style=\"margin: 5px 0; padding: 2px 0; clear: both; display: list-item; float: none; position: static;\">d\u0142ugie przebiegi<\/li>\n<li style=\"margin: 5px 0; padding: 2px 0; clear: both; display: list-item; float: none; position: static;\">bie\u017cnik zu\u017cywa si\u0119 r\u00f3wnomiernie<\/li>\n<\/ul>\n<\/div>\n<\/div>\n<\/div>\n<div style=\"clear: both; display: block; margin: 10px 0;\">\n<div style=\"clear: both; display: block; margin: 10px 0;\">\n<div style=\"clear: both; display: block; margin: 10px 0;\">\n<div  style=\"max-width:480px;max-height:733px\">\n<div style=\"clear: both; display: block; margin: 10px 0;\">\n<div style=\"clear: both; width: 100%; display: block; margin: 20px 0; padding: 0; float: none; position: static; text-align: center;\"><img decoding=\"async\"  src=\"https:\/\/a.allegroimg.com\/original\/11fe74\/51ed76cf47d4a880c1e7b4a2ca56\/2x-opony-zimowe-Nokian-Hakkapeliitta-R3-285-40R20-108R-XL-Marka-Nokian-Tyres\" srcset=\"https:\/\/a.allegroimg.com\/original\/11fe74\/51ed76cf47d4a880c1e7b4a2ca56\/2x-opony-zimowe-Nokian-Hakkapeliitta-R3-285-40R20-108R-XL-Marka-Nokian-Tyres 235w,https:\/\/a.allegroimg.com\/original\/11fe74\/51ed76cf47d4a880c1e7b4a2ca56\/2x-opony-zimowe-Nokian-Hakkapeliitta-R3-285-40R20-108R-XL-Marka-Nokian-Tyres 471w,https:\/\/a.allegroimg.com\/original\/11fe74\/51ed76cf47d4a880c1e7b4a2ca56\/2x-opony-zimowe-Nokian-Hakkapeliitta-R3-285-40R20-108R-XL-Marka-Nokian-Tyres 480w,https:\/\/a.allegroimg.com\/original\/11fe74\/51ed76cf47d4a880c1e7b4a2ca56\/2x-opony-zimowe-Nokian-Hakkapeliitta-R3-285-40R20-108R-XL-Marka-Nokian-Tyres 480w\" sizes=\"100vw\" width=\"480px\" alt=\"2x opony zimowe Nokian Hakkapeliitta R3 285\/40R20 108R XL Marka Nokian Tyres\"\/ style=\"max-width: 100%; height: auto; display: block; margin: 0 auto;\"><\/div>\n<\/div>\n<\/div>\n<\/div>\n<\/div>\n<\/div>\n<\/div>\n<\/div>\n<\/div>\n<div style=\"clear: both; display: block; margin: 10px 0;\">\n","protected":false},"excerpt":{"rendered":"<p>zestaw 2 sztuk nowych opon zimowych<\/p>\n<p>Nokian Hakkapeliitta R3 285\/40R20 108R XL<\/p>\n<p>Nokian Hakkapeliitta R3 to opony zimowe przeznaczone do samochod\u00f3w osobowych oraz suv-\u00f3w. Oryginalny produkt klasy premium renomowanej marki Nokian. Bezkompromisowa jako\u015b\u0107. Opony do trudnych warunk\u00f3w zimowych, dedykowane na drogi gorszej jako\u015bci, za\u015bniezone, oblodzone, obszary wiejskie, g\u00f3rskie itp.<\/p>\n<p>rok produkcji: nie starsze ni\u017c 2022<\/p>\n<p>opony nowe, oryginalne, z gwarancj\u0105<\/p>\n<p>opony wzmocnione XL<\/p>\n<p>maksymalna przyczepno\u015b\u0107 na \u015bniegu i lodzie, r\u00f3wnie\u017c na drogach gorszej jako\u015bci<\/p>\n<p>d\u0142ugie przebiegi<\/p>\n","protected":false},"featured_media":12403,"template":"","meta":{"_uag_custom_page_level_css":""},"product_brand":[387],"product_cat":[414,413,412,415],"product_tag":[],"class_list":{"0":"post-12402","1":"product","2":"type-product","3":"status-publish","4":"has-post-thumbnail","6":"product_brand-nokian-tyres","7":"product_cat-do-samochodow-osobowych-i-suv","8":"product_cat-opony","9":"product_cat-opony-i-felgi","10":"product_cat-zimowe","12":"first","13":"instock","14":"shipping-taxable","15":"purchasable","16":"product-type-simple"},"uagb_featured_image_src":{"full":["https:\/\/oponixo.shop\/tire\/wp-content\/uploads\/2026\/01\/allegro-image-12402.jpg",425,600,false],"thumbnail":["https:\/\/oponixo.shop\/tire\/wp-content\/uploads\/2026\/01\/allegro-image-12402-150x150.jpg",150,150,true],"medium":["https:\/\/oponixo.shop\/tire\/wp-content\/uploads\/2026\/01\/allegro-image-12402-213x300.jpg",213,300,true],"medium_large":["https:\/\/oponixo.shop\/tire\/wp-content\/uploads\/2026\/01\/allegro-image-12402.jpg",425,600,false],"large":["https:\/\/oponixo.shop\/tire\/wp-content\/uploads\/2026\/01\/allegro-image-12402.jpg",425,600,false],"1536x1536":["https:\/\/oponixo.shop\/tire\/wp-content\/uploads\/2026\/01\/allegro-image-12402.jpg",425,600,false],"2048x2048":["https:\/\/oponixo.shop\/tire\/wp-content\/uploads\/2026\/01\/allegro-image-12402.jpg",425,600,false],"woocommerce_thumbnail":["https:\/\/oponixo.shop\/tire\/wp-content\/uploads\/2026\/01\/allegro-image-12402-300x300.jpg",300,300,true],"woocommerce_single":["https:\/\/oponixo.shop\/tire\/wp-content\/uploads\/2026\/01\/allegro-image-12402.jpg",425,600,false],"woocommerce_gallery_thumbnail":["https:\/\/oponixo.shop\/tire\/wp-content\/uploads\/2026\/01\/allegro-image-12402-100x100.jpg",100,100,true]},"uagb_author_info":{"display_name":"admin","author_link":"https:\/\/oponixo.shop\/tire\/author\/"},"uagb_comment_info":0,"uagb_excerpt":"zestaw 2 sztuk nowych opon zimowych Nokian Hakkapeliitta R3 285\/40R20 108R XL Nokian Hakkapeliitta R3 to opony zimowe przeznaczone do samochod\u00f3w osobowych oraz suv-\u00f3w. Oryginalny produkt klasy premium renomowanej marki Nokian. Bezkompromisowa jako\u015b\u0107. Opony do trudnych warunk\u00f3w zimowych, dedykowane na drogi gorszej jako\u015bci, za\u015bniezone, oblodzone, obszary wiejskie, g\u00f3rskie itp. rok produkcji: nie starsze ni\u017c 2022&hellip;","_links":{"self":[{"href":"https:\/\/oponixo.shop\/tire\/wp-json\/wp\/v2\/product\/12402","targetHints":{"allow":["GET"]}}],"collection":[{"href":"https:\/\/oponixo.shop\/tire\/wp-json\/wp\/v2\/product"}],"about":[{"href":"https:\/\/oponixo.shop\/tire\/wp-json\/wp\/v2\/types\/product"}],"wp:featuredmedia":[{"embeddable":true,"href":"https:\/\/oponixo.shop\/tire\/wp-json\/wp\/v2\/media\/12403"}],"wp:attachment":[{"href":"https:\/\/oponixo.shop\/tire\/wp-json\/wp\/v2\/media?parent=12402"}],"wp:term":[{"taxonomy":"product_brand","embeddable":true,"href":"https:\/\/oponixo.shop\/tire\/wp-json\/wp\/v2\/product_brand?post=12402"},{"taxonomy":"product_cat","embeddable":true,"href":"https:\/\/oponixo.shop\/tire\/wp-json\/wp\/v2\/product_cat?post=12402"},{"taxonomy":"product_tag","embeddable":true,"href":"https:\/\/oponixo.shop\/tire\/wp-json\/wp\/v2\/product_tag?post=12402"}],"curies":[{"name":"wp","href":"https:\/\/api.w.org\/{rel}","templated":true}]}}