{"id":12338,"date":"2026-01-03T20:01:14","date_gmt":"2026-01-03T19:01:14","guid":{"rendered":"https:\/\/oponyexpert.shop\/xef5\/produkt\/2x-opona-zimowa-michelin-pilot-alpin-5-suv-255-60r20-113v-xl-fr\/"},"modified":"2026-01-03T20:01:15","modified_gmt":"2026-01-03T19:01:15","slug":"2x-opona-zimowa-michelin-pilot-alpin-5-suv-255-60r20-113v-xl-fr","status":"publish","type":"product","link":"https:\/\/oponexa.shop\/tire\/produkt\/2x-opona-zimowa-michelin-pilot-alpin-5-suv-255-60r20-113v-xl-fr\/","title":{"rendered":"2x Opona zimowa Michelin PILOT ALPIN 5 SUV 255\/60R20 113V XL FR"},"content":{"rendered":"<div style=\"font-family: Arial, sans-serif; line-height: 1.6; color: #333; padding: 20px; clear: both; display: block; width: 100%; float: none; position: static; overflow: hidden;\">\n<div style=\"clear: both; display: block; margin: 10px 0;\">\n<div style=\"clear: both; display: block; margin: 10px 0;\">\n<div style=\"clear: both; display: block; margin: 10px 0;\">\n<h3 style=\"color: #2c5aa0; font-size: 18px; margin: 30px 0 15px 0; font-weight: bold; clear: both; display: block; width: 100%; float: none; position: static;\">2x Opona zimowa Michelin PILOT ALPIN 5 SUV 255\/60R20 113V XL FR<\/h3>\n<\/div>\n<\/div>\n<\/div>\n<div style=\"clear: both; display: block; margin: 10px 0;\">\n<div style=\"clear: both; display: block; margin: 10px 0;\">\n<div style=\"clear: both; display: block; margin: 10px 0;\">\n<div  style=\"max-width:500px;max-height:500px\">\n<div style=\"clear: both; display: block; margin: 10px 0;\">\n<div style=\"clear: both; width: 100%; display: block; margin: 20px 0; padding: 0; float: none; position: static; text-align: center;\"><img decoding=\"async\"  src=\"https:\/\/a.allegroimg.com\/original\/1115ff\/0bfce4d64865b975408b6716f1bf\/2x-Opona-zimowa-Michelin-PILOT-ALPIN-5-SUV-255-60R20-113V-XL-FR\" srcset=\"https:\/\/a.allegroimg.com\/original\/1115ff\/0bfce4d64865b975408b6716f1bf\/2x-Opona-zimowa-Michelin-PILOT-ALPIN-5-SUV-255-60R20-113V-XL-FR 360w,https:\/\/a.allegroimg.com\/original\/1115ff\/0bfce4d64865b975408b6716f1bf\/2x-Opona-zimowa-Michelin-PILOT-ALPIN-5-SUV-255-60R20-113V-XL-FR 500w,https:\/\/a.allegroimg.com\/original\/1115ff\/0bfce4d64865b975408b6716f1bf\/2x-Opona-zimowa-Michelin-PILOT-ALPIN-5-SUV-255-60R20-113V-XL-FR 500w\" sizes=\"(min-width: 1200px) 560px, (min-width: 992px) 50vw, 100vw\" width=\"500px\" alt=\"2x Opona zimowa Michelin PILOT ALPIN 5 SUV 255\/60R20 113V XL FR\"\/ style=\"max-width: 100%; height: auto; display: block; margin: 0 auto;\"><\/div>\n<\/div>\n<\/div>\n<\/div>\n<\/div>\n<div style=\"clear: both; display: block; margin: 10px 0;\">\n<div style=\"clear: both; display: block; margin: 10px 0;\">\n<ul style=\"margin: 15px 0; padding-left: 20px; clear: both; display: block; width: 100%; float: none; position: static;\">\n<li style=\"margin: 5px 0; padding: 2px 0; clear: both; display: list-item; float: none; position: static;\">Marka: <b>Michelin<\/b><\/li>\n<li style=\"margin: 5px 0; padding: 2px 0; clear: both; display: list-item; float: none; position: static;\">Liczba opon w ofercie: <b>2 szt.<\/b><\/li>\n<li style=\"margin: 5px 0; padding: 2px 0; clear: both; display: list-item; float: none; position: static;\">Sezon: <b>Zimowe<\/b><\/li>\n<li style=\"margin: 5px 0; padding: 2px 0; clear: both; display: list-item; float: none; position: static;\">Model: <b>PILOT ALPIN 5 SUV<\/b><\/li>\n<li style=\"margin: 5px 0; padding: 2px 0; clear: both; display: list-item; float: none; position: static;\">Szeroko\u015b\u0107: <b>255<\/b><\/li>\n<li style=\"margin: 5px 0; padding: 2px 0; clear: both; display: list-item; float: none; position: static;\">Profil: <b>60<\/b><\/li>\n<li style=\"margin: 5px 0; padding: 2px 0; clear: both; display: list-item; float: none; position: static;\">\u015arednica: <b>20<\/b><\/li>\n<li style=\"margin: 5px 0; padding: 2px 0; clear: both; display: list-item; float: none; position: static;\">Index no\u015bno\u015bci: <b>113<\/b><\/li>\n<li style=\"margin: 5px 0; padding: 2px 0; clear: both; display: list-item; float: none; position: static;\">Index pr\u0119dko\u015bci: <b>V<\/b><\/li>\n<li style=\"margin: 5px 0; padding: 2px 0; clear: both; display: list-item; float: none; position: static;\">Hamowanie na mokrym: <b>C<\/b><\/li>\n<li style=\"margin: 5px 0; padding: 2px 0; clear: both; display: list-item; float: none; position: static;\">Op\u00f3r toczenia: <b>C<\/b><\/li>\n<li style=\"margin: 5px 0; padding: 2px 0; clear: both; display: list-item; float: none; position: static;\">Ha\u0142as zewn\u0119trzny: <b>71dB<\/b><\/li>\n<li style=\"margin: 5px 0; padding: 2px 0; clear: both; display: list-item; float: none; position: static;\">SAP: <b>120934<\/b><\/li>\n<li style=\"margin: 5px 0; padding: 2px 0; clear: both; display: list-item; float: none; position: static;\">EAN: <b>3528701209340<\/b><\/li>\n<\/ul>\n<\/div>\n<\/div>\n<\/div>\n<div style=\"clear: both; display: block; margin: 10px 0;\">\n<div style=\"clear: both; display: block; margin: 10px 0;\">\n<div style=\"clear: both; display: block; margin: 10px 0;\">\n<h3 style=\"color: #2c5aa0; font-size: 18px; margin: 30px 0 15px 0; font-weight: bold; clear: both; display: block; width: 100%; float: none; position: static;\">Rok produkcji (DOT): 2025\/2024 &#8211; kupuj\u0105c z tej oferty otrzymasz opony fabrycznie nowe.<\/h3>\n<p style=\"margin: 15px 0; line-height: 1.8; clear: both; display: block; width: 100%; float: none; position: static;\">Specjali\u015bci z Polskiego Zwi\u0105zku Przemys\u0142u Oponiarskiego (PZPO) podkre\u015blaj\u0105, \u017ce nowe opony, przechowywane w odpowiednich warunkach, zachowuj\u0105 pe\u0142n\u0105 warto\u015b\u0107 i nie r\u00f3\u017cni\u0105 si\u0119 jako\u015bciowo od tych pochodz\u0105cych z bie\u017c\u0105cej produkcji. Wynika to z faktu, \u017ce proces starzenia si\u0119 opon nast\u0119puje wy\u0142\u0105cznie podczas ich eksploatacji, a nie w trakcie przechowywania.<\/p>\n<\/div>\n<\/div>\n<\/div>\n<div style=\"clear: both; display: block; margin: 10px 0;\">\n<div style=\"clear: both; display: block; margin: 10px 0;\">\n<div style=\"clear: both; display: block; margin: 10px 0;\">\n<h3 style=\"color: #2c5aa0; font-size: 18px; margin: 30px 0 15px 0; font-weight: bold; clear: both; display: block; width: 100%; float: none; position: static;\">Rok produkcji opony znajdziesz na jej boku, przy oznaczeniu DOT. Cztery ostatnie cyfry m\u00f3wi\u0105, kiedy opona zosta\u0142a wyprodukowana:<\/h3>\n<ul style=\"margin: 15px 0; padding-left: 20px; clear: both; display: block; width: 100%; float: none; position: static;\">\n<li style=\"margin: 5px 0; padding: 2px 0; clear: both; display: list-item; float: none; position: static;\">Pierwsze dwie \u2013 tydzie\u0144 produkcji,<\/li>\n<li style=\"margin: 5px 0; padding: 2px 0; clear: both; display: list-item; float: none; position: static;\">Ostatnie dwie \u2013 rok produkcji.\u00a0<\/li>\n<\/ul>\n<p style=\"margin: 15px 0; line-height: 1.8; clear: both; display: block; width: 100%; float: none; position: static;\">Przyk\u0142ad: 1924 oznacza, \u017ce opona zosta\u0142a wyprodukowana w 19 tygodniu 2024 roku.<\/p>\n<\/div>\n<\/div>\n<\/div>\n<div style=\"clear: both; display: block; margin: 10px 0;\">\n<div style=\"clear: both; display: block; margin: 10px 0;\">\n<div style=\"clear: both; display: block; margin: 10px 0;\">\n<h3 style=\"color: #2c5aa0; font-size: 18px; margin: 30px 0 15px 0; font-weight: bold; clear: both; display: block; width: 100%; float: none; position: static;\">Pewne prowadzenie w zimowych warunkach.<\/h3>\n<ul style=\"margin: 15px 0; padding-left: 20px; clear: both; display: block; width: 100%; float: none; position: static;\">\n<li style=\"margin: 5px 0; padding: 2px 0; clear: both; display: list-item; float: none; position: static;\">Wersja opony przeznaczona do samochod\u00f3w typu SUV.<\/li>\n<li style=\"margin: 5px 0; padding: 2px 0; clear: both; display: list-item; float: none; position: static;\">MICHELIN PILOT APLIN 5 SUV wyr\u00f3\u017cnia si\u0119 niezwyk\u0142\u0105 trwa\u0142o\u015bci\u0105, oferuj\u0105c d\u0142u\u017csz\u0105 \u017cywotno\u015b\u0107 ni\u017c konkurencyjne modele opon. Zmniejszone opory toczenia przyczyniaj\u0105 si\u0119 r\u00f3wnie\u017c do obni\u017cenia zu\u017cycia paliwa, co zapewnia bardziej ekonomiczn\u0105 jazd\u0119.<\/li>\n<li style=\"margin: 5px 0; padding: 2px 0; clear: both; display: list-item; float: none; position: static;\">Ten model zosta\u0142 zaprojektowany z my\u015bl\u0105 o zapewnieniu niezawodnych osi\u0105g\u00f3w w trudnych, zimowych warunkach, spe\u0142niaj\u0105c oczekiwania kierowc\u00f3w samochod\u00f3w sportowych.<\/li>\n<\/ul>\n<p style=\"margin: 15px 0; line-height: 1.8; clear: both; display: block; width: 100%; float: none; position: static;\"><b>Elastyczna mieszanka.<\/b> Sekretem doskona\u0142ych w\u0142a\u015bciwo\u015bci opony MICHELIN PILOT APLIN 5 SUV jest zaawansowana mieszanka gumowa, kt\u00f3ra automatycznie dostosowuje si\u0119 do niskich temperatur. Gdy temperatura spada, mieszanka twardnieje, co gwarantuje doskona\u0142\u0105 przyczepno\u015b\u0107 na oblodzonej drodze. Elastyczno\u015b\u0107 tej mieszanki dopasowuje si\u0119 do r\u00f3\u017cnych warunk\u00f3w zimowych, co zapewnia optymalne dzia\u0142anie opony w ka\u017cdej sytuacji.<b>Na r\u00f3\u017cne warunki drogowe.<\/b>Specjalny bie\u017cnik opony MICHELIN PILOT APLIN 5 SUV posiada zaawansowane lamele i rowki, kt\u00f3re sprawnie odprowadza wod\u0119 i b\u0142oto po\u015bniegowe, przyspieszaj\u0105c proces osuszania opony. Bie\u017cnik gwarantuje pewn\u0105 przyczepno\u015b\u0107 i bezpiecze\u0144stwo podczas hamowania na wszystkich rodzajach nawierzchni \u2013 suchej, mokrej, za\u015bnie\u017conej czy oblodzonej. Opona jest r\u00f3wnie\u017c bardzo odporna na zjawisko aquaplaningu.<b>Perfekcja i elegancja.<\/b>MICHELIN PILOT APLIN 5 SUV to idealny wyb\u00f3r dla kierowc\u00f3w samochod\u00f3w sportowych i wysokich osi\u0105g\u00f3w, kt\u00f3rzy szukaj\u0105 niezawodno\u015bci w zimowych warunkach. Opr\u00f3cz doskona\u0142ych parametr\u00f3w technicznych, opona wyr\u00f3\u017cnia si\u0119 eleganckim wygl\u0105dem, kt\u00f3ry doskonale komponuje si\u0119 z designem ekskluzywnych pojazd\u00f3w. Michelin to po\u0142\u0105czenie estetyki, komfortu i wysokich osi\u0105g\u00f3w.<\/p>\n<\/div>\n<\/div>\n<\/div>\n<\/div>\n<\/div>\n<\/div>\n<div style=\"clear: both; display: block; margin: 10px 0;\">\n","protected":false},"excerpt":{"rendered":"<p>2x Opona zimowa Michelin PILOT ALPIN 5 SUV 255\/60R20 113V XL FR<\/p>\n<p>Marka: Michelin<\/p>\n<p>Liczba opon w ofercie: 2 szt.<\/p>\n<p>Sezon: Zimowe<\/p>\n<p>Model: PILOT ALPIN 5 SUV<\/p>\n<p>Szeroko\u015b\u0107: 255<\/p>\n<p>Profil: 60<\/p>\n<p>\u015arednica: 20<\/p>\n","protected":false},"featured_media":12339,"template":"","meta":{"_uag_custom_page_level_css":""},"product_brand":[429],"product_cat":[414,413,412,415],"product_tag":[],"class_list":{"0":"post-12338","1":"product","2":"type-product","3":"status-publish","4":"has-post-thumbnail","6":"product_brand-michelin","7":"product_cat-do-samochodow-osobowych-i-suv","8":"product_cat-opony","9":"product_cat-opony-i-felgi","10":"product_cat-zimowe","12":"first","13":"instock","14":"shipping-taxable","15":"purchasable","16":"product-type-simple"},"uagb_featured_image_src":{"full":["https:\/\/oponexa.shop\/tire\/wp-content\/uploads\/2026\/01\/allegro-image-12338.jpg",500,500,false],"thumbnail":["https:\/\/oponexa.shop\/tire\/wp-content\/uploads\/2026\/01\/allegro-image-12338-150x150.jpg",150,150,true],"medium":["https:\/\/oponexa.shop\/tire\/wp-content\/uploads\/2026\/01\/allegro-image-12338-300x300.jpg",300,300,true],"medium_large":["https:\/\/oponexa.shop\/tire\/wp-content\/uploads\/2026\/01\/allegro-image-12338.jpg",500,500,false],"large":["https:\/\/oponexa.shop\/tire\/wp-content\/uploads\/2026\/01\/allegro-image-12338.jpg",500,500,false],"1536x1536":["https:\/\/oponexa.shop\/tire\/wp-content\/uploads\/2026\/01\/allegro-image-12338.jpg",500,500,false],"2048x2048":["https:\/\/oponexa.shop\/tire\/wp-content\/uploads\/2026\/01\/allegro-image-12338.jpg",500,500,false],"woocommerce_thumbnail":["https:\/\/oponexa.shop\/tire\/wp-content\/uploads\/2026\/01\/allegro-image-12338-300x300.jpg",300,300,true],"woocommerce_single":["https:\/\/oponexa.shop\/tire\/wp-content\/uploads\/2026\/01\/allegro-image-12338.jpg",500,500,false],"woocommerce_gallery_thumbnail":["https:\/\/oponexa.shop\/tire\/wp-content\/uploads\/2026\/01\/allegro-image-12338-100x100.jpg",100,100,true]},"uagb_author_info":{"display_name":"admin","author_link":"https:\/\/oponexa.shop\/tire\/author\/"},"uagb_comment_info":0,"uagb_excerpt":"2x Opona zimowa Michelin PILOT ALPIN 5 SUV 255\/60R20 113V XL FR Marka: Michelin Liczba opon w ofercie: 2 szt. Sezon: Zimowe Model: PILOT ALPIN 5 SUV Szeroko\u015b\u0107: 255 Profil: 60 \u015arednica: 20","_links":{"self":[{"href":"https:\/\/oponexa.shop\/tire\/wp-json\/wp\/v2\/product\/12338","targetHints":{"allow":["GET"]}}],"collection":[{"href":"https:\/\/oponexa.shop\/tire\/wp-json\/wp\/v2\/product"}],"about":[{"href":"https:\/\/oponexa.shop\/tire\/wp-json\/wp\/v2\/types\/product"}],"wp:featuredmedia":[{"embeddable":true,"href":"https:\/\/oponexa.shop\/tire\/wp-json\/wp\/v2\/media\/12339"}],"wp:attachment":[{"href":"https:\/\/oponexa.shop\/tire\/wp-json\/wp\/v2\/media?parent=12338"}],"wp:term":[{"taxonomy":"product_brand","embeddable":true,"href":"https:\/\/oponexa.shop\/tire\/wp-json\/wp\/v2\/product_brand?post=12338"},{"taxonomy":"product_cat","embeddable":true,"href":"https:\/\/oponexa.shop\/tire\/wp-json\/wp\/v2\/product_cat?post=12338"},{"taxonomy":"product_tag","embeddable":true,"href":"https:\/\/oponexa.shop\/tire\/wp-json\/wp\/v2\/product_tag?post=12338"}],"curies":[{"name":"wp","href":"https:\/\/api.w.org\/{rel}","templated":true}]}}