{"id":12240,"date":"2026-01-03T20:00:36","date_gmt":"2026-01-03T19:00:36","guid":{"rendered":"https:\/\/oponyexpert.shop\/xef5\/produkt\/2x-opony-185-70r14-uniroyal-allseasonexpert-2-88t\/"},"modified":"2026-01-03T20:00:36","modified_gmt":"2026-01-03T19:00:36","slug":"2x-opony-185-70r14-uniroyal-allseasonexpert-2-88t","status":"publish","type":"product","link":"https:\/\/oponixo.shop\/tire\/produkt\/2x-opony-185-70r14-uniroyal-allseasonexpert-2-88t\/","title":{"rendered":"2x opony 185\/70R14 UNIROYAL ALLSEASONEXPERT 2 88T"},"content":{"rendered":"<div style=\"font-family: Arial, sans-serif; line-height: 1.6; color: #333; padding: 20px; clear: both; display: block; width: 100%; float: none; position: static; overflow: hidden;\">\n<div style=\"clear: both; display: block; margin: 10px 0;\">\n<div style=\"clear: both; display: block; margin: 10px 0;\">\n<div style=\"clear: both; display: block; margin: 10px 0;\">\n<h2>Opona ca\u0142oroczna Uniroyal AllSeasonExpert 2 185\/70R14 88 T przyczepno\u015b\u0107 na \u015bniegu (3PMSF)<\/h2>\n<p style=\"margin: 15px 0; line-height: 1.8; clear: both; display: block; width: 100%; float: none; position: static;\">Opona ca\u0142oroczna Uniroyal AllSeasonExpert 2 185\/70R14 88 T<\/p>\n<p style=\"margin: 15px 0; line-height: 1.8; clear: both; display: block; width: 100%; float: none; position: static;\">Cechy produktu:<\/p>\n<ul style=\"margin: 15px 0; padding-left: 20px; clear: both; display: block; width: 100%; float: none; position: static;\">\n<li style=\"margin: 5px 0; padding: 2px 0; clear: both; display: list-item; float: none; position: static;\">sezon: ca\u0142oroczne<\/li>\n<li style=\"margin: 5px 0; padding: 2px 0; clear: both; display: list-item; float: none; position: static;\">szeroko\u015b\u0107\/profil\/\u015brednica: 185\/70R14<\/li>\n<li style=\"margin: 5px 0; padding: 2px 0; clear: both; display: list-item; float: none; position: static;\">indeks pr\u0119dko\u015bci: T do 190 km\/h<\/li>\n<li style=\"margin: 5px 0; padding: 2px 0; clear: both; display: list-item; float: none; position: static;\">indeks no\u015bno\u015bci: 88 &#8211; 560 kg<\/li>\n<\/ul>\n<\/div>\n<\/div>\n<div style=\"clear: both; display: block; margin: 10px 0;\">\n<div style=\"clear: both; display: block; margin: 10px 0;\">\n<div  style=\"max-width:854px;max-height:1160px\">\n<div style=\"clear: both; display: block; margin: 10px 0;\">\n<div style=\"clear: both; width: 100%; display: block; margin: 20px 0; padding: 0; float: none; position: static; text-align: center;\"><img decoding=\"async\"  src=\"https:\/\/a.allegroimg.com\/original\/0071b9\/d2b0c92645a58984f465dda5ac3a\/2x-opony-185-70R14-UNIROYAL-ALLSEASONEXPERT-2-88T\" srcset=\"https:\/\/a.allegroimg.com\/original\/0071b9\/d2b0c92645a58984f465dda5ac3a\/2x-opony-185-70R14-UNIROYAL-ALLSEASONEXPERT-2-88T 265w,https:\/\/a.allegroimg.com\/original\/0071b9\/d2b0c92645a58984f465dda5ac3a\/2x-opony-185-70R14-UNIROYAL-ALLSEASONEXPERT-2-88T 530w,https:\/\/a.allegroimg.com\/original\/0071b9\/d2b0c92645a58984f465dda5ac3a\/2x-opony-185-70R14-UNIROYAL-ALLSEASONEXPERT-2-88T 753w,https:\/\/a.allegroimg.com\/original\/0071b9\/d2b0c92645a58984f465dda5ac3a\/2x-opony-185-70R14-UNIROYAL-ALLSEASONEXPERT-2-88T 854w,https:\/\/a.allegroimg.com\/original\/0071b9\/d2b0c92645a58984f465dda5ac3a\/2x-opony-185-70R14-UNIROYAL-ALLSEASONEXPERT-2-88T 854w\" sizes=\"(min-width: 1200px) 560px, (min-width: 992px) 50vw, 100vw\" width=\"854px\" alt=\"2x opony 185\/70R14 UNIROYAL ALLSEASONEXPERT 2 88T\"\/ style=\"max-width: 100%; height: auto; display: block; margin: 0 auto;\"><\/div>\n<\/div>\n<\/div>\n<\/div>\n<\/div>\n<\/div>\n<div style=\"clear: both; display: block; margin: 10px 0;\">\n<div style=\"clear: both; display: block; margin: 10px 0;\">\n<div style=\"clear: both; display: block; margin: 10px 0;\">\n<h3 style=\"color: #2c5aa0; font-size: 18px; margin: 30px 0 15px 0; font-weight: bold; clear: both; display: block; width: 100%; float: none; position: static;\">Informacje dodatkowe:<\/h3>\n<ul style=\"margin: 15px 0; padding-left: 20px; clear: both; display: block; width: 100%; float: none; position: static;\">\n<li style=\"margin: 5px 0; padding: 2px 0; clear: both; display: list-item; float: none; position: static;\">rok produkcji: 2024\/2025 (kupuj\u0105c z tej oferty otrzymasz opony fabrycznie nowe, pe\u0142nowarto\u015bciowe) <\/li>\n<li style=\"margin: 5px 0; padding: 2px 0; clear: both; display: list-item; float: none; position: static;\">stan: fabrycznie nowe <\/li>\n<\/ul>\n<\/div>\n<\/div>\n<\/div>\n<div style=\"clear: both; display: block; margin: 10px 0;\">\n<div style=\"clear: both; display: block; margin: 10px 0;\">\n<div style=\"clear: both; display: block; margin: 10px 0;\">\n<h3 style=\"color: #2c5aa0; font-size: 18px; margin: 30px 0 15px 0; font-weight: bold; clear: both; display: block; width: 100%; float: none; position: static;\">Przeznaczenie<\/h3>\n<p style=\"margin: 15px 0; line-height: 1.8; clear: both; display: block; width: 100%; float: none; position: static;\">Uniroyal AllSeason Expert 2 to opony ca\u0142oroczne (opony wielosezonowe) przeznaczone do stosowania w samochodach osobowych i SUV-ach. Opony s\u0105 dostosowane do jazdy w b\u0142ocie, \u015bniegu i podczas niskich temperatur. Maj\u0105 oznaczenia 3 PMSF, dzi\u0119ki czemu mo\u017cna na nich je\u017adzi\u0107 zim\u0105 w tych krajach, w kt\u00f3rych stosowanie opon zimowych jest obowi\u0105zkowe. Producent po\u0142o\u017cy\u0142 nacisk na zapewnienie przyczepno\u015bci, kr\u00f3tkiej drogi hamowania i niezawodno\u015bci.<\/p>\n<h3 style=\"color: #2c5aa0; font-size: 18px; margin: 30px 0 15px 0; font-weight: bold; clear: both; display: block; width: 100%; float: none; position: static;\">Technologia<\/h3>\n<p style=\"margin: 15px 0; line-height: 1.8; clear: both; display: block; width: 100%; float: none; position: static;\">Opony ca\u0142oroczne Uniroyal AllSeason Expert 2 zosta\u0142y wyprodukowane z mieszanki gumowej dostosowanej do europejskich warunk\u00f3w pogodowych. Zim\u0105 mieszanka jest elastyczna, a latem twardnieje, dzi\u0119ki czemu na\u015bladuje zachowanie opon sezonowych. Bie\u017cnik opon zosta\u0142 wykonany w zgodzie z technologi\u0105 Sk\u00f3ra Rekina. Zastosowanie skomplikowanej sieci rowk\u00f3w ma na celu odprowadzanie wody, \u015bniegu i b\u0142ota sprzed czo\u0142a opony, aby zapobiega\u0107 po\u015blizgom.<\/p>\n<h3 style=\"color: #2c5aa0; font-size: 18px; margin: 30px 0 15px 0; font-weight: bold; clear: both; display: block; width: 100%; float: none; position: static;\">Bie\u017cnik<\/h3>\n<p style=\"margin: 15px 0; line-height: 1.8; clear: both; display: block; width: 100%; float: none; position: static;\">Opony ca\u0142oroczne Uniroyal AllSeason Expert 2 maj\u0105 bie\u017cnik symetryczny, z ci\u0105g\u0142ym centralnym \u017cebrem pokrytym sieci\u0105 lamelek. Na czole opony zastosowano zoptymalizowane bloki bie\u017cnika i szerokie rowki maj\u0105ce odprowadza\u0107 wod\u0119, \u015bnieg i b\u0142oto. Szerokie bloki barkowe poprzecinane poziomy rowkami maj\u0105 na celu popraw\u0119 stabilno\u015bci podczas jazdy po \u0142ukach.<\/p>\n<h3 style=\"color: #2c5aa0; font-size: 18px; margin: 30px 0 15px 0; font-weight: bold; clear: both; display: block; width: 100%; float: none; position: static;\">Producent<\/h3>\n<p style=\"margin: 15px 0; line-height: 1.8; clear: both; display: block; width: 100%; float: none; position: static;\">Uniroyal to belgijski producent ogumienia samochodowego. Od wielu lat firma jest cz\u0119\u015bci\u0105 niemieckiego koncernu motoryzacyjnego Continental. Potem przyszed\u0142 czas na dzia\u0142alno\u015b\u0107 produkcyjn\u0105. Pierwsze opony rowerowe Uniroyal powsta\u0142y w 1894 roku. W 1898 roku firma wyprodukowa\u0142a pierwsze opony samochodowe. W 1958 roku Uniroyal stworzy\u0142 pierwsz\u0105 na \u015bwiecie opon\u0119 zapewniaj\u0105c\u0105 bezpiecze\u0144stwo podczas jazdy na mokrej nawierzchni. Wyznacznikiem produkt\u00f3w marki Uniroyal jest technologia znana jako Sk\u00f3ra Rekina. Opony Uniroyal s\u0105 dostarczane na pierwszy monta\u017c mi\u0119dzy innymi do aut marki Ford.<\/p>\n<\/div>\n<\/div>\n<\/div>\n<div style=\"clear: both; display: block; margin: 10px 0;\">\n<div style=\"clear: both; display: block; margin: 10px 0;\">\n<div style=\"clear: both; display: block; margin: 10px 0;\">\n<div  style=\"max-width:854px;max-height:1160px\">\n<div style=\"clear: both; display: block; margin: 10px 0;\">\n<div style=\"clear: both; width: 100%; display: block; margin: 20px 0; padding: 0; float: none; position: static; text-align: center;\"><img decoding=\"async\"  src=\"https:\/\/a.allegroimg.com\/original\/0071b9\/d2b0c92645a58984f465dda5ac3a\/2x-opony-185-70R14-UNIROYAL-ALLSEASONEXPERT-2-88T\" srcset=\"https:\/\/a.allegroimg.com\/original\/0071b9\/d2b0c92645a58984f465dda5ac3a\/2x-opony-185-70R14-UNIROYAL-ALLSEASONEXPERT-2-88T 265w,https:\/\/a.allegroimg.com\/original\/0071b9\/d2b0c92645a58984f465dda5ac3a\/2x-opony-185-70R14-UNIROYAL-ALLSEASONEXPERT-2-88T 530w,https:\/\/a.allegroimg.com\/original\/0071b9\/d2b0c92645a58984f465dda5ac3a\/2x-opony-185-70R14-UNIROYAL-ALLSEASONEXPERT-2-88T 753w,https:\/\/a.allegroimg.com\/original\/0071b9\/d2b0c92645a58984f465dda5ac3a\/2x-opony-185-70R14-UNIROYAL-ALLSEASONEXPERT-2-88T 854w,https:\/\/a.allegroimg.com\/original\/0071b9\/d2b0c92645a58984f465dda5ac3a\/2x-opony-185-70R14-UNIROYAL-ALLSEASONEXPERT-2-88T 854w\" sizes=\"100vw\" width=\"854px\" alt=\"2x opony 185\/70R14 UNIROYAL ALLSEASONEXPERT 2 88T\"\/ style=\"max-width: 100%; height: auto; display: block; margin: 0 auto;\"><\/div>\n<\/div>\n<\/div>\n<\/div>\n<\/div>\n<\/div>\n<\/div>\n<\/div>\n<\/div>\n<div style=\"clear: both; display: block; margin: 10px 0;\">\n","protected":false},"excerpt":{"rendered":"<p>Opona ca\u0142oroczna Uniroyal AllSeasonExpert 2 185\/70R14 88 T przyczepno\u015b\u0107 na \u015bniegu (3PMSF)<\/p>\n<p>Opona ca\u0142oroczna Uniroyal AllSeasonExpert 2 185\/70R14 88 T<\/p>\n<p>Cechy produktu:<\/p>\n<p>sezon: ca\u0142oroczne<\/p>\n<p>szeroko\u015b\u0107\/profil\/\u015brednica: 185\/70R14<\/p>\n<p>indeks pr\u0119dko\u015bci: T do 190 km\/h<\/p>\n<p>indeks no\u015bno\u015bci: 88 &#8211; 560 kg<\/p>\n<p>Informacje dodatkowe:<\/p>\n","protected":false},"featured_media":12241,"template":"","meta":{"_uag_custom_page_level_css":""},"product_brand":[394],"product_cat":[416,414,413,412],"product_tag":[],"class_list":{"0":"post-12240","1":"product","2":"type-product","3":"status-publish","4":"has-post-thumbnail","6":"product_brand-uniroyal","7":"product_cat-caloroczne","8":"product_cat-do-samochodow-osobowych-i-suv","9":"product_cat-opony","10":"product_cat-opony-i-felgi","12":"first","13":"instock","14":"shipping-taxable","15":"purchasable","16":"product-type-simple"},"uagb_featured_image_src":{"full":["https:\/\/oponixo.shop\/tire\/wp-content\/uploads\/2026\/01\/allegro-image-12240.jpg",854,1160,false],"thumbnail":["https:\/\/oponixo.shop\/tire\/wp-content\/uploads\/2026\/01\/allegro-image-12240-150x150.jpg",150,150,true],"medium":["https:\/\/oponixo.shop\/tire\/wp-content\/uploads\/2026\/01\/allegro-image-12240-221x300.jpg",221,300,true],"medium_large":["https:\/\/oponixo.shop\/tire\/wp-content\/uploads\/2026\/01\/allegro-image-12240-768x1043.jpg",768,1043,true],"large":["https:\/\/oponixo.shop\/tire\/wp-content\/uploads\/2026\/01\/allegro-image-12240-754x1024.jpg",754,1024,true],"1536x1536":["https:\/\/oponixo.shop\/tire\/wp-content\/uploads\/2026\/01\/allegro-image-12240.jpg",854,1160,false],"2048x2048":["https:\/\/oponixo.shop\/tire\/wp-content\/uploads\/2026\/01\/allegro-image-12240.jpg",854,1160,false],"woocommerce_thumbnail":["https:\/\/oponixo.shop\/tire\/wp-content\/uploads\/2026\/01\/allegro-image-12240-300x300.jpg",300,300,true],"woocommerce_single":["https:\/\/oponixo.shop\/tire\/wp-content\/uploads\/2026\/01\/allegro-image-12240-600x815.jpg",600,815,true],"woocommerce_gallery_thumbnail":["https:\/\/oponixo.shop\/tire\/wp-content\/uploads\/2026\/01\/allegro-image-12240-100x100.jpg",100,100,true]},"uagb_author_info":{"display_name":"admin","author_link":"https:\/\/oponixo.shop\/tire\/author\/"},"uagb_comment_info":0,"uagb_excerpt":"Opona ca\u0142oroczna Uniroyal AllSeasonExpert 2 185\/70R14 88 T przyczepno\u015b\u0107 na \u015bniegu (3PMSF) Opona ca\u0142oroczna Uniroyal AllSeasonExpert 2 185\/70R14 88 T Cechy produktu: sezon: ca\u0142oroczne szeroko\u015b\u0107\/profil\/\u015brednica: 185\/70R14 indeks pr\u0119dko\u015bci: T do 190 km\/h indeks no\u015bno\u015bci: 88 - 560 kg Informacje dodatkowe:","_links":{"self":[{"href":"https:\/\/oponixo.shop\/tire\/wp-json\/wp\/v2\/product\/12240","targetHints":{"allow":["GET"]}}],"collection":[{"href":"https:\/\/oponixo.shop\/tire\/wp-json\/wp\/v2\/product"}],"about":[{"href":"https:\/\/oponixo.shop\/tire\/wp-json\/wp\/v2\/types\/product"}],"wp:featuredmedia":[{"embeddable":true,"href":"https:\/\/oponixo.shop\/tire\/wp-json\/wp\/v2\/media\/12241"}],"wp:attachment":[{"href":"https:\/\/oponixo.shop\/tire\/wp-json\/wp\/v2\/media?parent=12240"}],"wp:term":[{"taxonomy":"product_brand","embeddable":true,"href":"https:\/\/oponixo.shop\/tire\/wp-json\/wp\/v2\/product_brand?post=12240"},{"taxonomy":"product_cat","embeddable":true,"href":"https:\/\/oponixo.shop\/tire\/wp-json\/wp\/v2\/product_cat?post=12240"},{"taxonomy":"product_tag","embeddable":true,"href":"https:\/\/oponixo.shop\/tire\/wp-json\/wp\/v2\/product_tag?post=12240"}],"curies":[{"name":"wp","href":"https:\/\/api.w.org\/{rel}","templated":true}]}}