{"id":12228,"date":"2026-01-03T20:00:32","date_gmt":"2026-01-03T19:00:32","guid":{"rendered":"https:\/\/oponyexpert.shop\/xef5\/produkt\/2x-debica-185-70r14-88t-frigo-2-zimowe-2025-r\/"},"modified":"2026-01-03T20:00:33","modified_gmt":"2026-01-03T19:00:33","slug":"2x-debica-185-70r14-88t-frigo-2-zimowe-2025-r","status":"publish","type":"product","link":"https:\/\/oponexa.shop\/tire\/produkt\/2x-debica-185-70r14-88t-frigo-2-zimowe-2025-r\/","title":{"rendered":"2x D\u0118BICA 185\/70R14 88T Frigo 2 zimowe 2025 r"},"content":{"rendered":"<div style=\"font-family: Arial, sans-serif; line-height: 1.6; color: #333; padding: 20px; clear: both; display: block; width: 100%; float: none; position: static; overflow: hidden;\">\n<div style=\"clear: both; display: block; margin: 10px 0;\">\n<div style=\"clear: both; display: block; margin: 10px 0;\">\n<div style=\"clear: both; display: block; margin: 10px 0;\">\n<h1>Rok produkcji: 2025<\/h1>\n<\/div>\n<\/div>\n<\/div>\n<div style=\"clear: both; display: block; margin: 10px 0;\">\n<div style=\"clear: both; display: block; margin: 10px 0;\">\n<div style=\"clear: both; display: block; margin: 10px 0;\">\n<div  style=\"max-width:1200px;max-height:1126px\">\n<div style=\"clear: both; display: block; margin: 10px 0;\">\n<div style=\"clear: both; width: 100%; display: block; margin: 20px 0; padding: 0; float: none; position: static; text-align: center;\"><img decoding=\"async\"  src=\"https:\/\/a.allegroimg.com\/original\/115bf5\/f37b6a4948ba9cd895026a946875\/2x-DEBICA-185-70R14-88T-Frigo-2-zimowe-2025-r\" srcset=\"https:\/\/a.allegroimg.com\/original\/115bf5\/f37b6a4948ba9cd895026a946875\/2x-DEBICA-185-70R14-88T-Frigo-2-zimowe-2025-r 360w,https:\/\/a.allegroimg.com\/original\/115bf5\/f37b6a4948ba9cd895026a946875\/2x-DEBICA-185-70R14-88T-Frigo-2-zimowe-2025-r 720w,https:\/\/a.allegroimg.com\/original\/115bf5\/f37b6a4948ba9cd895026a946875\/2x-DEBICA-185-70R14-88T-Frigo-2-zimowe-2025-r 1024w,https:\/\/a.allegroimg.com\/original\/115bf5\/f37b6a4948ba9cd895026a946875\/2x-DEBICA-185-70R14-88T-Frigo-2-zimowe-2025-r 1200w,https:\/\/a.allegroimg.com\/original\/115bf5\/f37b6a4948ba9cd895026a946875\/2x-DEBICA-185-70R14-88T-Frigo-2-zimowe-2025-r 1200w\" sizes=\"(min-width: 1200px) 560px, (min-width: 992px) 50vw, 100vw\" width=\"1200px\" alt=\"2x D\u0118BICA 185\/70R14 88T Frigo 2 zimowe 2025 r\"\/ style=\"max-width: 100%; height: auto; display: block; margin: 0 auto;\"><\/div>\n<\/div>\n<\/div>\n<\/div>\n<\/div>\n<div style=\"clear: both; display: block; margin: 10px 0;\">\n<div style=\"clear: both; display: block; margin: 10px 0;\">\n<h1>D\u0118BICA Frigo 2 185\/70R14 88T<\/h1>\n<h2>A07FC0<\/h2>\n<ul style=\"margin: 15px 0; padding-left: 20px; clear: both; display: block; width: 100%; float: none; position: static;\">\n<li style=\"margin: 5px 0; padding: 2px 0; clear: both; display: list-item; float: none; position: static;\"><b>Data produkcji :<\/b> 2025<\/li>\n<li style=\"margin: 5px 0; padding: 2px 0; clear: both; display: list-item; float: none; position: static;\"><b>Hamowanie na mokrej nawierzchni :<\/b> E<\/li>\n<li style=\"margin: 5px 0; padding: 2px 0; clear: both; display: list-item; float: none; position: static;\"><b>Indeks :<\/b> 185\/70R14 ZODE 88T FR2, 185\/70R14 ZODE 88T FR2<\/li>\n<li style=\"margin: 5px 0; padding: 2px 0; clear: both; display: list-item; float: none; position: static;\"><b>Indeks no\u015bno\u015bci :<\/b> 88<\/li>\n<li style=\"margin: 5px 0; padding: 2px 0; clear: both; display: list-item; float: none; position: static;\"><b>Indeks pr\u0119dko\u015bci :<\/b> T &#8211; 190 km\/h<\/li>\n<li style=\"margin: 5px 0; padding: 2px 0; clear: both; display: list-item; float: none; position: static;\"><b>Karta informacyjna produktu :<\/b> https:\/\/eprel.ec.europa.eu\/qr\/609615<\/li>\n<li style=\"margin: 5px 0; padding: 2px 0; clear: both; display: list-item; float: none; position: static;\"><b>Kl. efekt. paliwowej :<\/b> E<\/li>\n<li style=\"margin: 5px 0; padding: 2px 0; clear: both; display: list-item; float: none; position: static;\"><b>Kl. przycz. na mokrej naw. :<\/b> D<\/li>\n<li style=\"margin: 5px 0; padding: 2px 0; clear: both; display: list-item; float: none; position: static;\"><b>Kl. zew. ha\u0142asu tocz. :<\/b> B<\/li>\n<li style=\"margin: 5px 0; padding: 2px 0; clear: both; display: list-item; float: none; position: static;\"><b>Klasa opony :<\/b> bud\u017cet<\/li>\n<li style=\"margin: 5px 0; padding: 2px 0; clear: both; display: list-item; float: none; position: static;\"><b>Kod EAN :<\/b> 5452000593870<\/li>\n<li style=\"margin: 5px 0; padding: 2px 0; clear: both; display: list-item; float: none; position: static;\"><b>Kod producenta :<\/b> 539577<\/li>\n<li style=\"margin: 5px 0; padding: 2px 0; clear: both; display: list-item; float: none; position: static;\"><b>Liczba decybeli :<\/b> 68 dB<\/li>\n<li style=\"margin: 5px 0; padding: 2px 0; clear: both; display: list-item; float: none; position: static;\"><b>Model bie\u017cnika :<\/b> Frigo 2<\/li>\n<li style=\"margin: 5px 0; padding: 2px 0; clear: both; display: list-item; float: none; position: static;\"><b>Nazwa produktu :<\/b> D\u0118BICA 185\/70R14 88T Frigo 2 zimowe<\/li>\n<li style=\"margin: 5px 0; padding: 2px 0; clear: both; display: list-item; float: none; position: static;\"><b>Op\u00f3r toczenia :<\/b> E<\/li>\n<li style=\"margin: 5px 0; padding: 2px 0; clear: both; display: list-item; float: none; position: static;\"><b>Poziom emisji ha\u0142asu :<\/b> 1<\/li>\n<li style=\"margin: 5px 0; padding: 2px 0; clear: both; display: list-item; float: none; position: static;\"><b>Producent :<\/b> D\u0118BICA<\/li>\n<li style=\"margin: 5px 0; padding: 2px 0; clear: both; display: list-item; float: none; position: static;\"><b>Profil :<\/b> 70<\/li>\n<li style=\"margin: 5px 0; padding: 2px 0; clear: both; display: list-item; float: none; position: static;\"><b>Przeznaczenie :<\/b> samochody osobowe\/SUV\/crossover<\/li>\n<li style=\"margin: 5px 0; padding: 2px 0; clear: both; display: list-item; float: none; position: static;\"><b>Przyczepno\u015b\u0107 na lodzie :<\/b> Nie<\/li>\n<li style=\"margin: 5px 0; padding: 2px 0; clear: both; display: list-item; float: none; position: static;\"><b>Przyczepno\u015b\u0107 na \u015bniegu :<\/b> Tak<\/li>\n<li style=\"margin: 5px 0; padding: 2px 0; clear: both; display: list-item; float: none; position: static;\"><b>QR kod :<\/b> https:\/\/eprel.ec.europa.eu\/qr\/609615<\/li>\n<li style=\"margin: 5px 0; padding: 2px 0; clear: both; display: list-item; float: none; position: static;\"><b>Sezon :<\/b> zimowa<\/li>\n<li style=\"margin: 5px 0; padding: 2px 0; clear: both; display: list-item; float: none; position: static;\"><b>\u015arednica :<\/b> 14&#8243;<\/li>\n<li style=\"margin: 5px 0; padding: 2px 0; clear: both; display: list-item; float: none; position: static;\"><b>Szeroko\u015b\u0107 :<\/b> 185<\/li>\n<li style=\"margin: 5px 0; padding: 2px 0; clear: both; display: list-item; float: none; position: static;\"><b>Wart. pom. i kl. zew. ha\u0142asu tocz. [dB] :<\/b> 71<\/li>\n<\/ul>\n<\/div>\n<\/div>\n<\/div>\n<div style=\"clear: both; display: block; margin: 10px 0;\">\n<div style=\"clear: both; display: block; margin: 10px 0;\">\n<div style=\"clear: both; display: block; margin: 10px 0;\">\n<p style=\"margin: 15px 0; line-height: 1.8; clear: both; display: block; width: 100%; float: none; position: static;\">Opona zimowa D\u0118BICA Frigo 2 dedykowana jest dla samochod\u00f3w miejskich i kompaktowych klasy \u015bredniej. Jest to jedna z najbardziej popularnych opon w Polsce. Ceniona jest za optymalne osi\u0105gi przy bardzo dobrym stosunku jako\u015bci do ceny. Oznaczona symbolem 3PMSF (p\u0142atek \u015bniegu na tle trzech szczyt\u00f3w g\u00f3r), jako potwierdzenie posiadanych parametr\u00f3w odpowiednich dla opon je\u017cd\u017c\u0105cych w sezonie zimowym. Mniejsze ryzyko aquaplaningu Kierunkowa rze\u017aba bie\u017cnika z zoptymalizowanym rozmieszczeniem rowk\u00f3w sprawia, \u017ce opona bardzo dobrze radzi sobie na \u015bniegu i b\u0142ocie. Zwi\u0119kszona ilo\u015b\u0107 rowk\u00f3w w bie\u017cniku ma wp\u0142yw na skuteczniejsze odprowadzanie wody i b\u0142ota po\u015bniegowego, co zmniejsza ryzyko po\u015blizgu na cienkiej warstwie wody, jak r\u00f3wnie\u017c zapobiega \u015blizganiu si\u0119 na nawierzchni pokrytej b\u0142otem. Pewniejsze prowadzenie i hamowanie Opony D\u0118BICA Frigo 2 pozwalaj\u0105 zachowa\u0107 dobr\u0105 stabilno\u015b\u0107 podczas jazdy oraz zapewniaj\u0105 du\u017co efektywniejsze hamowanie nawet na bardzo za\u015bnie\u017conym terenie. Cicha podr\u00f3\u017c i d\u0142u\u017cszy przebieg opony Nowoczesna mieszanka gumowa z dodatkiem krzemionki wp\u0142ywa na zachowanie optymalnej elastyczno\u015bci opony w niskich temperaturach. Ulepszona i l\u017cejsza konstrukcja bie\u017cnika przek\u0142ada si\u0119 na bardziej r\u00f3wnomierne \u015bcieranie si\u0119 opony i wyd\u0142u\u017cony czas jej eksploatacji. Opr\u00f3cz tego opona D\u0118BICA Frigo 2 jest cichobie\u017cna, dzi\u0119ki temu poprawi si\u0119 komfort jazdy podczas Twojej podr\u00f3\u017cy.<\/p>\n<\/div>\n<\/div>\n<div style=\"clear: both; display: block; margin: 10px 0;\">\n<div style=\"clear: both; display: block; margin: 10px 0;\">\n<div  style=\"max-width:886px;max-height:1299px\">\n<div style=\"clear: both; display: block; margin: 10px 0;\">\n<div style=\"clear: both; width: 100%; display: block; margin: 20px 0; padding: 0; float: none; position: static; text-align: center;\"><img decoding=\"async\"  src=\"https:\/\/a.allegroimg.com\/original\/11f6b8\/b97bc98a4b368a058bb513092dc3\/2x-DEBICA-185-70R14-88T-Frigo-2-zimowe-2025-r-Srednica-14\" srcset=\"https:\/\/a.allegroimg.com\/original\/11f6b8\/b97bc98a4b368a058bb513092dc3\/2x-DEBICA-185-70R14-88T-Frigo-2-zimowe-2025-r-Srednica-14 245w,https:\/\/a.allegroimg.com\/original\/11f6b8\/b97bc98a4b368a058bb513092dc3\/2x-DEBICA-185-70R14-88T-Frigo-2-zimowe-2025-r-Srednica-14 491w,https:\/\/a.allegroimg.com\/original\/11f6b8\/b97bc98a4b368a058bb513092dc3\/2x-DEBICA-185-70R14-88T-Frigo-2-zimowe-2025-r-Srednica-14 698w,https:\/\/a.allegroimg.com\/original\/11f6b8\/b97bc98a4b368a058bb513092dc3\/2x-DEBICA-185-70R14-88T-Frigo-2-zimowe-2025-r-Srednica-14 886w,https:\/\/a.allegroimg.com\/original\/11f6b8\/b97bc98a4b368a058bb513092dc3\/2x-DEBICA-185-70R14-88T-Frigo-2-zimowe-2025-r-Srednica-14 886w\" sizes=\"(min-width: 1200px) 560px, (min-width: 992px) 50vw, 100vw\" width=\"886px\" alt=\"2x D\u0118BICA 185\/70R14 88T Frigo 2 zimowe 2025 r \u015arednica 14&quot;\"\/ style=\"max-width: 100%; height: auto; display: block; margin: 0 auto;\"><\/div>\n<\/div>\n<\/div>\n<\/div>\n<\/div>\n<\/div>\n<div style=\"clear: both; display: block; margin: 10px 0;\">\n<div style=\"clear: both; display: block; margin: 10px 0;\">\n<div style=\"clear: both; display: block; margin: 10px 0;\">\n<p style=\"margin: 15px 0; line-height: 1.8; clear: both; display: block; width: 100%; float: none; position: static;\">Wychodz\u0105c naprzeciw oczekiwaniom Klient\u00f3w i chc\u0105c spe\u0142nia\u0107 jak najwy\u017csze standardy obs\u0142ugi dok\u0142adamy wszelkich stara\u0144, aby podawa\u0107 precyzyjn\u0105 dat\u0119 produkcji opony (DOT). Niestety, w wyj\u0105tkowych przypadkach, mo\u017ce zdarzy\u0107 si\u0119, \u017ce opony, kt\u00f3re wy\u015blemy b\u0119d\u0105 mia\u0142y inn\u0105 dat\u0119 produkcji ni\u017c podana. Sytuacja mo\u017ce dotyczy\u0107 zar\u00f3wno opon z DOT-em wcze\u015bniejszym jak i p\u00f3\u017aniejszym. Chcieliby\u015bmy podkre\u015bli\u0107, \u017ce warunki przechowywania opon w naszych magazynach spe\u0142niaj\u0105 Polsk\u0105 Norm\u0119 PN-C-94300-7 dzi\u0119ki czemu nawet opona przechowywana 24 miesi\u0105ce ma parametry takie same jak opona z bie\u017c\u0105cego roku. Warto pami\u0119ta\u0107 tak\u017ce o fakcie, \u017ce w przypadku wielu rozmiar\u00f3w i producent\u00f3w plany produkcyjne fabryk uniemo\u017cliwiaj\u0105 zakup opony z bie\u017c\u0105cego roku.<\/p>\n<p style=\"margin: 15px 0; line-height: 1.8; clear: both; display: block; width: 100%; float: none; position: static;\">Przy zakupie opon pami\u0119taj o sprawdzeniu w instrukcji samochodu lub na w\u0142a\u015bciwej stronie internetowej, jakie ogumienie zaleca producent Twojego auta. \u0179le dobrane opony mog\u0105 negatywnie wp\u0142yn\u0105\u0107 na poziom Twojego bezpiecze\u0144stwa. Kupuj\u0105c opony zwr\u00f3\u0107 uwag\u0119 na rozmiar oraz indeksy no\u015bno\u015bci i pr\u0119dko\u015bci jakie homologowane s\u0105 do Twojego pojazdu.<\/p>\n<p style=\"margin: 15px 0; line-height: 1.8; clear: both; display: block; width: 100%; float: none; position: static;\">Zamieszczone zdj\u0119cia pe\u0142ni\u0105 funkcj\u0119 pogl\u0105dow\u0105. W zale\u017cno\u015bci od szeroko\u015bci opon, mog\u0105 wyst\u0119powa\u0107 niewielkie r\u00f3\u017cnice w wygl\u0105dzie bie\u017cnika (w obr\u0119bie jednego modelu) na przyk\u0142ad w ilo\u015bci rowk\u00f3w obwodowych lub rozmieszczeniu blok\u00f3w bie\u017cnika, co nie stanowi wady produktu.<\/p>\n<p style=\"margin: 15px 0; line-height: 1.8; clear: both; display: block; width: 100%; float: none; position: static;\">Je\u017celi otrzymane przez Ciebie opony nie spe\u0142niaj\u0105 Twoich oczekiwa\u0144 masz mo\u017cliwo\u015b\u0107 zwrotu lub wymiany nieu\u017cywanego (niemontowanego) ogumienia.<\/p>\n<\/div>\n<\/div>\n<\/div>\n<div style=\"clear: both; display: block; margin: 10px 0;\">\n<div style=\"clear: both; display: block; margin: 10px 0;\">\n<div style=\"clear: both; display: block; margin: 10px 0;\">\n<div  style=\"max-width:910px;max-height:219px\">\n<div style=\"clear: both; display: block; margin: 10px 0;\">\n<div style=\"clear: both; width: 100%; display: block; margin: 20px 0; padding: 0; float: none; position: static; text-align: center;\"><img decoding=\"async\"  src=\"https:\/\/a.allegroimg.com\/original\/113fdd\/3c7976ec4393b0c9a441f77826a6\/2x-DEBICA-185-70R14-88T-Frigo-2-zimowe-2025-r-Waga-produktu-z-opakowaniem-jednostkowym-16-kg\" srcset=\"https:\/\/a.allegroimg.com\/original\/113fdd\/3c7976ec4393b0c9a441f77826a6\/2x-DEBICA-185-70R14-88T-Frigo-2-zimowe-2025-r-Waga-produktu-z-opakowaniem-jednostkowym-16-kg 360w,https:\/\/a.allegroimg.com\/original\/113fdd\/3c7976ec4393b0c9a441f77826a6\/2x-DEBICA-185-70R14-88T-Frigo-2-zimowe-2025-r-Waga-produktu-z-opakowaniem-jednostkowym-16-kg 720w,https:\/\/a.allegroimg.com\/original\/113fdd\/3c7976ec4393b0c9a441f77826a6\/2x-DEBICA-185-70R14-88T-Frigo-2-zimowe-2025-r-Waga-produktu-z-opakowaniem-jednostkowym-16-kg 910w,https:\/\/a.allegroimg.com\/original\/113fdd\/3c7976ec4393b0c9a441f77826a6\/2x-DEBICA-185-70R14-88T-Frigo-2-zimowe-2025-r-Waga-produktu-z-opakowaniem-jednostkowym-16-kg 910w\" sizes=\"(min-width: 1200px) 560px, (min-width: 992px) 50vw, 100vw\" width=\"910px\" alt=\"2x D\u0118BICA 185\/70R14 88T Frigo 2 zimowe 2025 r Waga produktu z opakowaniem jednostkowym 16 kg\"\/ style=\"max-width: 100%; height: auto; display: block; margin: 0 auto;\"><\/div>\n<\/div>\n<\/div>\n<\/div>\n<\/div>\n<div style=\"clear: both; display: block; margin: 10px 0;\">\n<div style=\"clear: both; display: block; margin: 10px 0;\">\n<h1>D\u0119bica<\/h1>\n<p style=\"margin: 15px 0; line-height: 1.8; clear: both; display: block; width: 100%; float: none; position: static;\">W 1939 roku wyprodukowano pierwsz\u0105 opon\u0119 w fabryce nale\u017c\u0105cej do za\u0142o\u017conej dwa lata wcze\u015bniej Firmy Oponiarskiej D\u0119bica, pa\u0144stwowego przedsi\u0119wzi\u0119cia wytwarzaj\u0105cego ogumienie na potrzeby wojska. Cho\u0107 firma rozwija\u0142a si\u0119 pr\u0119\u017cnie, nie by\u0142 to dobry rok \u2013 po wybuchu II Wojny \u015awiatowej fabryk\u0119 przej\u0119\u0142y w\u0142adze okupacyjne, kt\u00f3re sprzeda\u0142y do Niemiec lini\u0119 produkcyjn\u0105 i zaj\u0119\u0142y reszt\u0119 maj\u0105tku. Po wojnie wi\u0119kszo\u015b\u0107 utraconych maszyn uda\u0142o si\u0119 odzyska\u0107 i produkcja ruszy\u0142a na nowo, nap\u0119dzana inwestycjami niezb\u0119dnymi dla tego, by sprosta\u0107 rosn\u0105cemu zapotrzebowaniu na opony. Progresywnie unowocze\u015bniana fabryka rozpocz\u0119\u0142a w latach 70. produkcj\u0119 opon radialnych dla samochod\u00f3w osobowych, a w latach 80. &#8211; ogumienia ci\u0119\u017carowego i rolniczego. W ostatniej dekadzie XX wieku firma zosta\u0142a sprywatyzowana, a wi\u0119kszo\u015bciowy pakiet akcji wykupi\u0142 ameryka\u0144ski koncern Goodyear. Obecnie D\u0119bica jest jedn\u0105 z najlepiej znanych i najcz\u0119\u015bciej rozpoznawanych na polskim rynku rodzimych marek, znajduje si\u0119 tak\u017ce w gronie 30 najwi\u0119kszych polskich eksporter\u00f3w. W pierwszych trzech kwarta\u0142ach 2011 roku przychody ze sprzeda\u017cy wynios\u0142y ponad p\u00f3\u0142tora miliarda z\u0142otych. Przeznaczone dla samochod\u00f3w klasy \u015bredniej i wy\u017cszej asymetryczne letnie opony D\u0119bica Presto i opony zimowe D\u0119bica Frigo s\u0105 cenione przez klient\u00f3w za dobre w\u0142a\u015bciwo\u015bci jezdne niezale\u017cnie od kondycji nawierzchni. Starannie opracowana rze\u017aba bie\u017cnika sprawia, \u017ce opony dobrze odprowadzaj\u0105 wod\u0119 i zapewniaj\u0105 komfortow\u0105 jazd\u0119 przy wysokich pr\u0119dko\u015bciach.\n<\/p>\n<\/div>\n<\/div>\n<\/div>\n<\/div>\n<\/div>\n<\/div>\n<div style=\"clear: both; display: block; margin: 10px 0;\">\n","protected":false},"excerpt":{"rendered":"<p>Rok produkcji: 2025<\/p>\n<p>D\u0118BICA Frigo 2 185\/70R14 88T<\/p>\n<p>A07FC0<\/p>\n<p>Data produkcji : 2025<\/p>\n<p>Hamowanie na mokrej nawierzchni : E<\/p>\n<p>Indeks : 185\/70R14 ZODE 88T FR2, 185\/70R14 ZODE 88T FR2<\/p>\n<p>Indeks no\u015bno\u015bci : 88<\/p>\n<p>Indeks pr\u0119dko\u015bci : T &#8211; 190 km\/h<\/p>\n","protected":false},"featured_media":12229,"template":"","meta":{"_uag_custom_page_level_css":""},"product_brand":[378],"product_cat":[414,413,412,415],"product_tag":[],"class_list":{"0":"post-12228","1":"product","2":"type-product","3":"status-publish","4":"has-post-thumbnail","6":"product_brand-debica","7":"product_cat-do-samochodow-osobowych-i-suv","8":"product_cat-opony","9":"product_cat-opony-i-felgi","10":"product_cat-zimowe","12":"first","13":"instock","14":"shipping-taxable","15":"purchasable","16":"product-type-simple"},"uagb_featured_image_src":{"full":["https:\/\/oponexa.shop\/tire\/wp-content\/uploads\/2026\/01\/allegro-image-12228.jpg",1200,1126,false],"thumbnail":["https:\/\/oponexa.shop\/tire\/wp-content\/uploads\/2026\/01\/allegro-image-12228-150x150.jpg",150,150,true],"medium":["https:\/\/oponexa.shop\/tire\/wp-content\/uploads\/2026\/01\/allegro-image-12228-300x282.jpg",300,282,true],"medium_large":["https:\/\/oponexa.shop\/tire\/wp-content\/uploads\/2026\/01\/allegro-image-12228-768x721.jpg",768,721,true],"large":["https:\/\/oponexa.shop\/tire\/wp-content\/uploads\/2026\/01\/allegro-image-12228-1024x961.jpg",1024,961,true],"1536x1536":["https:\/\/oponexa.shop\/tire\/wp-content\/uploads\/2026\/01\/allegro-image-12228.jpg",1200,1126,false],"2048x2048":["https:\/\/oponexa.shop\/tire\/wp-content\/uploads\/2026\/01\/allegro-image-12228.jpg",1200,1126,false],"woocommerce_thumbnail":["https:\/\/oponexa.shop\/tire\/wp-content\/uploads\/2026\/01\/allegro-image-12228-300x300.jpg",300,300,true],"woocommerce_single":["https:\/\/oponexa.shop\/tire\/wp-content\/uploads\/2026\/01\/allegro-image-12228-600x563.jpg",600,563,true],"woocommerce_gallery_thumbnail":["https:\/\/oponexa.shop\/tire\/wp-content\/uploads\/2026\/01\/allegro-image-12228-100x100.jpg",100,100,true]},"uagb_author_info":{"display_name":"admin","author_link":"https:\/\/oponexa.shop\/tire\/author\/"},"uagb_comment_info":0,"uagb_excerpt":"Rok produkcji: 2025 D\u0118BICA Frigo 2 185\/70R14 88T A07FC0 Data produkcji : 2025 Hamowanie na mokrej nawierzchni : E Indeks : 185\/70R14 ZODE 88T FR2, 185\/70R14 ZODE 88T FR2 Indeks no\u015bno\u015bci : 88 Indeks pr\u0119dko\u015bci : T - 190 km\/h","_links":{"self":[{"href":"https:\/\/oponexa.shop\/tire\/wp-json\/wp\/v2\/product\/12228","targetHints":{"allow":["GET"]}}],"collection":[{"href":"https:\/\/oponexa.shop\/tire\/wp-json\/wp\/v2\/product"}],"about":[{"href":"https:\/\/oponexa.shop\/tire\/wp-json\/wp\/v2\/types\/product"}],"wp:featuredmedia":[{"embeddable":true,"href":"https:\/\/oponexa.shop\/tire\/wp-json\/wp\/v2\/media\/12229"}],"wp:attachment":[{"href":"https:\/\/oponexa.shop\/tire\/wp-json\/wp\/v2\/media?parent=12228"}],"wp:term":[{"taxonomy":"product_brand","embeddable":true,"href":"https:\/\/oponexa.shop\/tire\/wp-json\/wp\/v2\/product_brand?post=12228"},{"taxonomy":"product_cat","embeddable":true,"href":"https:\/\/oponexa.shop\/tire\/wp-json\/wp\/v2\/product_cat?post=12228"},{"taxonomy":"product_tag","embeddable":true,"href":"https:\/\/oponexa.shop\/tire\/wp-json\/wp\/v2\/product_tag?post=12228"}],"curies":[{"name":"wp","href":"https:\/\/api.w.org\/{rel}","templated":true}]}}