{"id":12138,"date":"2026-01-03T11:16:53","date_gmt":"2026-01-03T10:16:53","guid":{"rendered":"https:\/\/oponyexpert.shop\/xef5\/produkt\/2x-opony-zimowe-235-50r19-uniroyal-winterexpert\/"},"modified":"2026-01-03T11:16:54","modified_gmt":"2026-01-03T10:16:54","slug":"2x-opony-zimowe-235-50r19-uniroyal-winterexpert","status":"publish","type":"product","link":"https:\/\/oponixo.shop\/tire\/produkt\/2x-opony-zimowe-235-50r19-uniroyal-winterexpert\/","title":{"rendered":"2x opony zimowe 235\/50R19 Uniroyal WinterExpert"},"content":{"rendered":"<div style=\"font-family: Arial, sans-serif; line-height: 1.6; color: #333; padding: 20px; clear: both; display: block; width: 100%; float: none; position: static; overflow: hidden;\">\n<div style=\"clear: both; display: block; margin: 10px 0;\">\n<div style=\"clear: both; display: block; margin: 10px 0;\">\n<div style=\"clear: both; display: block; margin: 10px 0;\">\n<div  style=\"max-width:1440px;max-height:251px\">\n<div style=\"clear: both; display: block; margin: 10px 0;\">\n<div style=\"clear: both; width: 100%; display: block; margin: 20px 0; padding: 0; float: none; position: static; text-align: center;\"><img decoding=\"async\"  src=\"https:\/\/a.allegroimg.com\/original\/118053\/df9088d4415b8c8c981be6d9baa9\/2x-opony-zimowe-235-50R19-Uniroyal-WinterExpert-Rok-produkcji-2025\" srcset=\"https:\/\/a.allegroimg.com\/original\/118053\/df9088d4415b8c8c981be6d9baa9\/2x-opony-zimowe-235-50R19-Uniroyal-WinterExpert-Rok-produkcji-2025 360w,https:\/\/a.allegroimg.com\/original\/118053\/df9088d4415b8c8c981be6d9baa9\/2x-opony-zimowe-235-50R19-Uniroyal-WinterExpert-Rok-produkcji-2025 720w,https:\/\/a.allegroimg.com\/original\/118053\/df9088d4415b8c8c981be6d9baa9\/2x-opony-zimowe-235-50R19-Uniroyal-WinterExpert-Rok-produkcji-2025 1024w,https:\/\/a.allegroimg.com\/original\/118053\/df9088d4415b8c8c981be6d9baa9\/2x-opony-zimowe-235-50R19-Uniroyal-WinterExpert-Rok-produkcji-2025 1440w,https:\/\/a.allegroimg.com\/original\/118053\/df9088d4415b8c8c981be6d9baa9\/2x-opony-zimowe-235-50R19-Uniroyal-WinterExpert-Rok-produkcji-2025 1440w\" sizes=\"100vw\" width=\"1440px\" alt=\"2x opony zimowe 235\/50R19 Uniroyal WinterExpert Rok produkcji 2025\"\/ style=\"max-width: 100%; height: auto; display: block; margin: 0 auto;\"><\/div>\n<\/div>\n<\/div>\n<\/div>\n<\/div>\n<\/div>\n<div style=\"clear: both; display: block; margin: 10px 0;\">\n<div style=\"clear: both; display: block; margin: 10px 0;\">\n<div style=\"clear: both; display: block; margin: 10px 0;\">\n<div  style=\"max-width:883px;max-height:1160px\">\n<div style=\"clear: both; display: block; margin: 10px 0;\">\n<div style=\"clear: both; width: 100%; display: block; margin: 20px 0; padding: 0; float: none; position: static; text-align: center;\"><img decoding=\"async\"  src=\"https:\/\/a.allegroimg.com\/original\/112380\/97a77a3841e8a1e66bd5035f69ca\/2x-opony-zimowe-235-50R19-Uniroyal-WinterExpert\" srcset=\"https:\/\/a.allegroimg.com\/original\/112380\/97a77a3841e8a1e66bd5035f69ca\/2x-opony-zimowe-235-50R19-Uniroyal-WinterExpert 274w,https:\/\/a.allegroimg.com\/original\/112380\/97a77a3841e8a1e66bd5035f69ca\/2x-opony-zimowe-235-50R19-Uniroyal-WinterExpert 548w,https:\/\/a.allegroimg.com\/original\/112380\/97a77a3841e8a1e66bd5035f69ca\/2x-opony-zimowe-235-50R19-Uniroyal-WinterExpert 779w,https:\/\/a.allegroimg.com\/original\/112380\/97a77a3841e8a1e66bd5035f69ca\/2x-opony-zimowe-235-50R19-Uniroyal-WinterExpert 883w,https:\/\/a.allegroimg.com\/original\/112380\/97a77a3841e8a1e66bd5035f69ca\/2x-opony-zimowe-235-50R19-Uniroyal-WinterExpert 883w\" sizes=\"(min-width: 1200px) 560px, (min-width: 992px) 50vw, 100vw\" width=\"883px\" alt=\"2x opony zimowe 235\/50R19 Uniroyal WinterExpert\"\/ style=\"max-width: 100%; height: auto; display: block; margin: 0 auto;\"><\/div>\n<\/div>\n<\/div>\n<\/div>\n<\/div>\n<div style=\"clear: both; display: block; margin: 10px 0;\">\n<div style=\"clear: both; display: block; margin: 10px 0;\">\n<h1>Cechy Opony:<\/h1>\n<ul style=\"margin: 15px 0; padding-left: 20px; clear: both; display: block; width: 100%; float: none; position: static;\">\n<li style=\"margin: 5px 0; padding: 2px 0; clear: both; display: list-item; float: none; position: static;\">Stan: <b>Fabrycznie nowa<\/b><\/li>\n<\/ul>\n<ul style=\"margin: 15px 0; padding-left: 20px; clear: both; display: block; width: 100%; float: none; position: static;\">\n<li style=\"margin: 5px 0; padding: 2px 0; clear: both; display: list-item; float: none; position: static;\">Dystrybucja: <b>Oficjalny dystrybutor w Polsce<\/b><\/li>\n<\/ul>\n<ul style=\"margin: 15px 0; padding-left: 20px; clear: both; display: block; width: 100%; float: none; position: static;\">\n<li style=\"margin: 5px 0; padding: 2px 0; clear: both; display: list-item; float: none; position: static;\">Sezon: <b>zimowe<\/b><\/li>\n<\/ul>\n<ul style=\"margin: 15px 0; padding-left: 20px; clear: both; display: block; width: 100%; float: none; position: static;\">\n<li style=\"margin: 5px 0; padding: 2px 0; clear: both; display: list-item; float: none; position: static;\">Producent: <b>Uniroyal<\/b><\/li>\n<\/ul>\n<ul style=\"margin: 15px 0; padding-left: 20px; clear: both; display: block; width: 100%; float: none; position: static;\">\n<li style=\"margin: 5px 0; padding: 2px 0; clear: both; display: list-item; float: none; position: static;\">Bie\u017cnik: <b>WinterExpert<\/b><\/li>\n<\/ul>\n<ul style=\"margin: 15px 0; padding-left: 20px; clear: both; display: block; width: 100%; float: none; position: static;\">\n<li style=\"margin: 5px 0; padding: 2px 0; clear: both; display: list-item; float: none; position: static;\">Rozmiar: <b>235\/50R19<\/b><\/li>\n<\/ul>\n<ul style=\"margin: 15px 0; padding-left: 20px; clear: both; display: block; width: 100%; float: none; position: static;\">\n<li style=\"margin: 5px 0; padding: 2px 0; clear: both; display: list-item; float: none; position: static;\">Indeks no\u015bno\u015bci: <b>103<\/b><\/li>\n<\/ul>\n<ul style=\"margin: 15px 0; padding-left: 20px; clear: both; display: block; width: 100%; float: none; position: static;\">\n<li style=\"margin: 5px 0; padding: 2px 0; clear: both; display: list-item; float: none; position: static;\">Indeks pr\u0119dko\u015bci: <b>V<\/b><\/li>\n<\/ul>\n<ul style=\"margin: 15px 0; padding-left: 20px; clear: both; display: block; width: 100%; float: none; position: static;\">\n<li style=\"margin: 5px 0; padding: 2px 0; clear: both; display: list-item; float: none; position: static;\">Rok produkcji:<b> 2025 (Ka\u017cda opona zosta\u0142a sprawdzona przy dostawie, co gwarantuje rok produkcji podany na aukcji)<\/b><\/li>\n<\/ul>\n<ul style=\"margin: 15px 0; padding-left: 20px; clear: both; display: block; width: 100%; float: none; position: static;\">\n<li style=\"margin: 5px 0; padding: 2px 0; clear: both; display: list-item; float: none; position: static;\">EAN: <b>4024068003663<\/b><\/li>\n<\/ul>\n<ul style=\"margin: 15px 0; padding-left: 20px; clear: both; display: block; width: 100%; float: none; position: static;\">\n<li style=\"margin: 5px 0; padding: 2px 0; clear: both; display: list-item; float: none; position: static;\">Wzmocniona konstrukcja (XL): <b>Tak<\/b><\/li>\n<\/ul>\n<ul style=\"margin: 15px 0; padding-left: 20px; clear: both; display: block; width: 100%; float: none; position: static;\">\n<li style=\"margin: 5px 0; padding: 2px 0; clear: both; display: list-item; float: none; position: static;\">Rant ochronny na felg\u0119: <b>Tak<\/b><\/li>\n<\/ul><\/div>\n<\/div>\n<\/div>\n<div style=\"clear: both; display: block; margin: 10px 0;\">\n<div style=\"clear: both; display: block; margin: 10px 0;\">\n<div style=\"clear: both; display: block; margin: 10px 0;\">\n<h2>Zu\u017cycie paliwa \/ opory toczenia<\/h2>\n<p style=\"margin: 15px 0; line-height: 1.8; clear: both; display: block; width: 100%; float: none; position: static;\">Klasa A okre\u015bla opony o najmniejszych oporach toczenia, klasa E o najwi\u0119kszych. Op\u00f3r toczenia wp\u0142ywa na zu\u017cycie paliwa oraz emisj\u0119 spalin przez samoch\u00f3d. Im ni\u017cszy op\u00f3r toczenia, tym wi\u0119ksza oszcz\u0119dno\u015b\u0107 paliwa i mniejszy wp\u0142yw na \u015brodowisko.<\/p>\n<p style=\"margin: 15px 0; line-height: 1.8; clear: both; display: block; width: 100%; float: none; position: static;\">\n<h2>Przyczepno\u015b\u0107 na mokrej nawierzchni \/ droga hamowania<\/h2>\n<p style=\"margin: 15px 0; line-height: 1.8; clear: both; display: block; width: 100%; float: none; position: static;\">Klasa A oznacza najkr\u00f3tsz\u0105, a E najd\u0142u\u017csz\u0105 drog\u0119 hamowania na mokrej nawierzchni. Parametr ten zwi\u0105zany jest z przyczepno\u015bci\u0105 opony podczas jazdy po mokrej drodze, co ma znaczenie dla bezpiecze\u0144stwa podr\u00f3\u017cowania. Im wy\u017csza klasa, tym lepsze w\u0142a\u015bciwo\u015bci ogumienia.<\/p>\n<p style=\"margin: 15px 0; line-height: 1.8; clear: both; display: block; width: 100%; float: none; position: static;\">\n<h2>Zewn\u0119trzny ha\u0142as toczenia \/ emisja ha\u0142asu<\/h2>\n<p style=\"margin: 15px 0; line-height: 1.8; clear: both; display: block; width: 100%; float: none; position: static;\">Klasa A przeznaczona jest dla najcichszych opon, B i C \u2013 dla g\u0142o\u015bniejszych. Wp\u0142ywa na komfort podr\u00f3\u017cowania samochodem. Ha\u0142as, kt\u00f3ry powstaje przy toczeniu si\u0119 opony jest wyra\u017cony w decybelach. Im ni\u017csza liczba tym cichsza opona.<\/p>\n<p style=\"margin: 15px 0; line-height: 1.8; clear: both; display: block; width: 100%; float: none; position: static;\">\n<\/div>\n<\/div>\n<div style=\"clear: both; display: block; margin: 10px 0;\">\n<div style=\"clear: both; display: block; margin: 10px 0;\">\n<div  style=\"max-width:738px;max-height:1082px\">\n<div style=\"clear: both; display: block; margin: 10px 0;\">\n<div style=\"clear: both; width: 100%; display: block; margin: 20px 0; padding: 0; float: none; position: static; text-align: center;\"><img decoding=\"async\"  src=\"https:\/\/a.allegroimg.com\/original\/11be26\/30b8531b4010bc6d0e78aa9f3169\/2x-opony-zimowe-235-50R19-Uniroyal-WinterExpert-Liczba-opon-w-ofercie-2-szt\" srcset=\"https:\/\/a.allegroimg.com\/original\/11be26\/30b8531b4010bc6d0e78aa9f3169\/2x-opony-zimowe-235-50R19-Uniroyal-WinterExpert-Liczba-opon-w-ofercie-2-szt 245w,https:\/\/a.allegroimg.com\/original\/11be26\/30b8531b4010bc6d0e78aa9f3169\/2x-opony-zimowe-235-50R19-Uniroyal-WinterExpert-Liczba-opon-w-ofercie-2-szt 491w,https:\/\/a.allegroimg.com\/original\/11be26\/30b8531b4010bc6d0e78aa9f3169\/2x-opony-zimowe-235-50R19-Uniroyal-WinterExpert-Liczba-opon-w-ofercie-2-szt 698w,https:\/\/a.allegroimg.com\/original\/11be26\/30b8531b4010bc6d0e78aa9f3169\/2x-opony-zimowe-235-50R19-Uniroyal-WinterExpert-Liczba-opon-w-ofercie-2-szt 738w,https:\/\/a.allegroimg.com\/original\/11be26\/30b8531b4010bc6d0e78aa9f3169\/2x-opony-zimowe-235-50R19-Uniroyal-WinterExpert-Liczba-opon-w-ofercie-2-szt 738w\" sizes=\"(min-width: 1200px) 560px, (min-width: 992px) 50vw, 100vw\" width=\"738px\" alt=\"2x opony zimowe 235\/50R19 Uniroyal WinterExpert Liczba opon w ofercie 2 szt.\"\/ style=\"max-width: 100%; height: auto; display: block; margin: 0 auto;\"><\/div>\n<\/div>\n<\/div>\n<\/div>\n<\/div>\n<\/div>\n<div style=\"clear: both; display: block; margin: 10px 0;\">\n<div style=\"clear: both; display: block; margin: 10px 0;\">\n<div style=\"clear: both; display: block; margin: 10px 0;\">\n<div  style=\"max-width:1440px;max-height:251px\">\n<div style=\"clear: both; display: block; margin: 10px 0;\">\n<div style=\"clear: both; width: 100%; display: block; margin: 20px 0; padding: 0; float: none; position: static; text-align: center;\"><img decoding=\"async\"  src=\"https:\/\/a.allegroimg.com\/original\/118053\/df9088d4415b8c8c981be6d9baa9\/2x-opony-zimowe-235-50R19-Uniroyal-WinterExpert-Rok-produkcji-2025\" srcset=\"https:\/\/a.allegroimg.com\/original\/118053\/df9088d4415b8c8c981be6d9baa9\/2x-opony-zimowe-235-50R19-Uniroyal-WinterExpert-Rok-produkcji-2025 360w,https:\/\/a.allegroimg.com\/original\/118053\/df9088d4415b8c8c981be6d9baa9\/2x-opony-zimowe-235-50R19-Uniroyal-WinterExpert-Rok-produkcji-2025 720w,https:\/\/a.allegroimg.com\/original\/118053\/df9088d4415b8c8c981be6d9baa9\/2x-opony-zimowe-235-50R19-Uniroyal-WinterExpert-Rok-produkcji-2025 1024w,https:\/\/a.allegroimg.com\/original\/118053\/df9088d4415b8c8c981be6d9baa9\/2x-opony-zimowe-235-50R19-Uniroyal-WinterExpert-Rok-produkcji-2025 1440w,https:\/\/a.allegroimg.com\/original\/118053\/df9088d4415b8c8c981be6d9baa9\/2x-opony-zimowe-235-50R19-Uniroyal-WinterExpert-Rok-produkcji-2025 1440w\" sizes=\"(min-width: 1200px) 560px, (min-width: 992px) 50vw, 100vw\" width=\"1440px\" alt=\"2x opony zimowe 235\/50R19 Uniroyal WinterExpert Rok produkcji 2025\"\/ style=\"max-width: 100%; height: auto; display: block; margin: 0 auto;\"><\/div>\n<\/div>\n<\/div>\n<\/div>\n<\/div>\n<div style=\"clear: both; display: block; margin: 10px 0;\">\n<div style=\"clear: both; display: block; margin: 10px 0;\">\n<h2>O producencie<\/h2>\n<p style=\"margin: 15px 0; line-height: 1.8; clear: both; display: block; width: 100%; float: none; position: static;\">Uniroyal to marka opon, kt\u00f3ra wywodzi si\u0119 z belgijskiego miasta Liege, w kt\u00f3rym to sw\u00f3j zak\u0142ad produkcyjny otworzy\u0142 Oscar Englebert. Od wielu lat firma nale\u017cy do znanego niemieckiego koncernu Continental z siedzib\u0105 g\u0142\u00f3wn\u0105 w Hanowerze. Ta wsp\u00f3\u0142praca gwarantuje zachowanie najwy\u017cszych standard\u00f3w produkcji oraz nieustanne d\u0105\u017cenie do innowacyjno\u015bci i konkurencyjno\u015bci. Marka Uniroyal wielu kierowcom na ca\u0142ym \u015bwiecie kojarzy si\u0119 z oponami doskonale radz\u0105cymi sobie na mokrej nawierzchni.<\/p>\n<\/div>\n<\/div>\n<\/div>\n<\/div>\n<\/div>\n<\/div>\n<div style=\"clear: both; display: block; margin: 10px 0;\">\n","protected":false},"excerpt":{"rendered":"<p>Cechy Opony:<\/p>\n<p>Stan: Fabrycznie nowa<\/p>\n<p>Dystrybucja: Oficjalny dystrybutor w Polsce<\/p>\n<p>Sezon: zimowe<\/p>\n<p>Producent: Uniroyal<\/p>\n<p>Bie\u017cnik: WinterExpert<\/p>\n<p>Rozmiar: 235\/50R19<\/p>\n<p>Indeks no\u015bno\u015bci: 103<\/p>\n","protected":false},"featured_media":12139,"template":"","meta":{"_uag_custom_page_level_css":""},"product_brand":[394],"product_cat":[414,413,412,415],"product_tag":[],"class_list":{"0":"post-12138","1":"product","2":"type-product","3":"status-publish","4":"has-post-thumbnail","6":"product_brand-uniroyal","7":"product_cat-do-samochodow-osobowych-i-suv","8":"product_cat-opony","9":"product_cat-opony-i-felgi","10":"product_cat-zimowe","12":"first","13":"instock","14":"shipping-taxable","15":"purchasable","16":"product-type-simple"},"uagb_featured_image_src":{"full":["https:\/\/oponixo.shop\/tire\/wp-content\/uploads\/2026\/01\/allegro-image-12138.jpg",883,1160,false],"thumbnail":["https:\/\/oponixo.shop\/tire\/wp-content\/uploads\/2026\/01\/allegro-image-12138-150x150.jpg",150,150,true],"medium":["https:\/\/oponixo.shop\/tire\/wp-content\/uploads\/2026\/01\/allegro-image-12138-228x300.jpg",228,300,true],"medium_large":["https:\/\/oponixo.shop\/tire\/wp-content\/uploads\/2026\/01\/allegro-image-12138-768x1009.jpg",768,1009,true],"large":["https:\/\/oponixo.shop\/tire\/wp-content\/uploads\/2026\/01\/allegro-image-12138-779x1024.jpg",779,1024,true],"1536x1536":["https:\/\/oponixo.shop\/tire\/wp-content\/uploads\/2026\/01\/allegro-image-12138.jpg",883,1160,false],"2048x2048":["https:\/\/oponixo.shop\/tire\/wp-content\/uploads\/2026\/01\/allegro-image-12138.jpg",883,1160,false],"woocommerce_thumbnail":["https:\/\/oponixo.shop\/tire\/wp-content\/uploads\/2026\/01\/allegro-image-12138-300x300.jpg",300,300,true],"woocommerce_single":["https:\/\/oponixo.shop\/tire\/wp-content\/uploads\/2026\/01\/allegro-image-12138-600x788.jpg",600,788,true],"woocommerce_gallery_thumbnail":["https:\/\/oponixo.shop\/tire\/wp-content\/uploads\/2026\/01\/allegro-image-12138-100x100.jpg",100,100,true]},"uagb_author_info":{"display_name":"admin","author_link":"https:\/\/oponixo.shop\/tire\/author\/"},"uagb_comment_info":0,"uagb_excerpt":"Cechy Opony: Stan: Fabrycznie nowa Dystrybucja: Oficjalny dystrybutor w Polsce Sezon: zimowe Producent: Uniroyal Bie\u017cnik: WinterExpert Rozmiar: 235\/50R19 Indeks no\u015bno\u015bci: 103","_links":{"self":[{"href":"https:\/\/oponixo.shop\/tire\/wp-json\/wp\/v2\/product\/12138","targetHints":{"allow":["GET"]}}],"collection":[{"href":"https:\/\/oponixo.shop\/tire\/wp-json\/wp\/v2\/product"}],"about":[{"href":"https:\/\/oponixo.shop\/tire\/wp-json\/wp\/v2\/types\/product"}],"wp:featuredmedia":[{"embeddable":true,"href":"https:\/\/oponixo.shop\/tire\/wp-json\/wp\/v2\/media\/12139"}],"wp:attachment":[{"href":"https:\/\/oponixo.shop\/tire\/wp-json\/wp\/v2\/media?parent=12138"}],"wp:term":[{"taxonomy":"product_brand","embeddable":true,"href":"https:\/\/oponixo.shop\/tire\/wp-json\/wp\/v2\/product_brand?post=12138"},{"taxonomy":"product_cat","embeddable":true,"href":"https:\/\/oponixo.shop\/tire\/wp-json\/wp\/v2\/product_cat?post=12138"},{"taxonomy":"product_tag","embeddable":true,"href":"https:\/\/oponixo.shop\/tire\/wp-json\/wp\/v2\/product_tag?post=12138"}],"curies":[{"name":"wp","href":"https:\/\/api.w.org\/{rel}","templated":true}]}}