{"id":12118,"date":"2026-01-03T11:16:47","date_gmt":"2026-01-03T10:16:47","guid":{"rendered":"https:\/\/oponyexpert.shop\/xef5\/produkt\/2x-opony-zimowe-235-50r19-nokian-tyres-snowproof-2\/"},"modified":"2026-01-03T11:16:48","modified_gmt":"2026-01-03T10:16:48","slug":"2x-opony-zimowe-235-50r19-nokian-tyres-snowproof-2","status":"publish","type":"product","link":"https:\/\/oponixo.shop\/tire\/produkt\/2x-opony-zimowe-235-50r19-nokian-tyres-snowproof-2\/","title":{"rendered":"2x Opony Zimowe 235\/50R19 Nokian Tyres Snowproof 2"},"content":{"rendered":"<div style=\"font-family: Arial, sans-serif; line-height: 1.6; color: #333; padding: 20px; clear: both; display: block; width: 100%; float: none; position: static; overflow: hidden;\">\n<div style=\"clear: both; display: block; margin: 10px 0;\">\n<div style=\"clear: both; display: block; margin: 10px 0;\">\n<div style=\"clear: both; display: block; margin: 10px 0;\">\n<h1> 2x Opony zimowe Nokian Tyres Snowproof 2 SUV 235\/50R19 103V XL \/ Ciche <\/h1>\n<h2> G\u0142\u00f3wne cechy: <\/h2>\n<ul style=\"margin: 15px 0; padding-left: 20px; clear: both; display: block; width: 100%; float: none; position: static;\">\n<li style=\"margin: 5px 0; padding: 2px 0; clear: both; display: list-item; float: none; position: static;\"><b>Stan:<\/b> nowe<\/li>\n<li style=\"margin: 5px 0; padding: 2px 0; clear: both; display: list-item; float: none; position: static;\"><b>Aukcja dotyczy:<\/b> 2 sztuk (pary opon)<\/li>\n<li style=\"margin: 5px 0; padding: 2px 0; clear: both; display: list-item; float: none; position: static;\"><b>Sezon:<\/b> opony zimowe<\/li>\n<li style=\"margin: 5px 0; padding: 2px 0; clear: both; display: list-item; float: none; position: static;\"><b>Przeznaczenie:<\/b> auta osobowe, SUV, 4&#215;4<\/li>\n<li style=\"margin: 5px 0; padding: 2px 0; clear: both; display: list-item; float: none; position: static;\"><b>Rok produkcji:<\/b> nie starsze jak 2023-2025 (szczeg\u00f3\u0142y w opisie aukcji)<\/li>\n<li style=\"margin: 5px 0; padding: 2px 0; clear: both; display: list-item; float: none; position: static;\">Wszystkie b\u0119d\u0105 pochodzi\u0142y z tego samego roku<\/li>\n<li style=\"margin: 5px 0; padding: 2px 0; clear: both; display: list-item; float: none; position: static;\"><b>Gwarancia:<\/b> 5 lat<\/li>\n<li style=\"margin: 5px 0; padding: 2px 0; clear: both; display: list-item; float: none; position: static;\"><b>Kod produktu:<\/b> ATF00054<\/li>\n<li style=\"margin: 5px 0; padding: 2px 0; clear: both; display: list-item; float: none; position: static;\"><b>EAN:<\/b> 6419440653662<\/li>\n<li style=\"margin: 5px 0; padding: 2px 0; clear: both; display: list-item; float: none; position: static;\">Kr\u00f3tka droga hamowania na mokrej nawierzchni<\/li>\n<li style=\"margin: 5px 0; padding: 2px 0; clear: both; display: list-item; float: none; position: static;\">Komfortowe i ciche<\/li>\n<\/ul>\n<h2>Zastosowane technologie:<\/h2>\n<ul style=\"margin: 15px 0; padding-left: 20px; clear: both; display: block; width: 100%; float: none; position: static;\">\n<li style=\"margin: 5px 0; padding: 2px 0; clear: both; display: list-item; float: none; position: static;\"><b>Wzmocnienie:<\/b> TAK (XL)<\/li>\n<\/ul>\n<\/div>\n<\/div>\n<\/div>\n<div style=\"clear: both; display: block; margin: 10px 0;\">\n<div style=\"clear: both; display: block; margin: 10px 0;\">\n<div style=\"clear: both; display: block; margin: 10px 0;\">\n<h2>Parametry opony:<\/h2>\n<ul style=\"margin: 15px 0; padding-left: 20px; clear: both; display: block; width: 100%; float: none; position: static;\">\n<li style=\"margin: 5px 0; padding: 2px 0; clear: both; display: list-item; float: none; position: static;\"><b>Marka:<\/b> Nokian Tyres<\/li>\n<li style=\"margin: 5px 0; padding: 2px 0; clear: both; display: list-item; float: none; position: static;\"><b>Klasa:<\/b> premium<\/li>\n<li style=\"margin: 5px 0; padding: 2px 0; clear: both; display: list-item; float: none; position: static;\"><b>Model:<\/b> Snowproof 2 SUV<\/li>\n<li style=\"margin: 5px 0; padding: 2px 0; clear: both; display: list-item; float: none; position: static;\"><b>Rozmiar:<\/b> 235\/50R19 (235\/50 R19)<\/li>\n<li style=\"margin: 5px 0; padding: 2px 0; clear: both; display: list-item; float: none; position: static;\"><b>Szeroko\u015b\u0107:<\/b> 235 mm<\/li>\n<li style=\"margin: 5px 0; padding: 2px 0; clear: both; display: list-item; float: none; position: static;\"><b>Wysoko\u015b\u0107:<\/b> 50<\/li>\n<li style=\"margin: 5px 0; padding: 2px 0; clear: both; display: list-item; float: none; position: static;\"><b>\u015arednica:<\/b> R19 (19 cali)<\/li>\n<li style=\"margin: 5px 0; padding: 2px 0; clear: both; display: list-item; float: none; position: static;\"><b>Indeks no\u015bno\u015bci:<\/b> 103<\/li>\n<li style=\"margin: 5px 0; padding: 2px 0; clear: both; display: list-item; float: none; position: static;\"><b>Maks. no\u015bno\u015b\u0107:<\/b> 875 kg na opon\u0119<\/li>\n<li style=\"margin: 5px 0; padding: 2px 0; clear: both; display: list-item; float: none; position: static;\"><b>Indeks pr\u0119dko\u015bci:<\/b> V<\/li>\n<li style=\"margin: 5px 0; padding: 2px 0; clear: both; display: list-item; float: none; position: static;\"><b>Maks. pr\u0119dko\u015b\u0107:<\/b> 240 km\/h<\/li>\n<li style=\"margin: 5px 0; padding: 2px 0; clear: both; display: list-item; float: none; position: static;\"><b>Inne oznaczenia:<\/b> XL, SilentDrive, 3PMSF, M+S, Aramid, Finlandia<\/li>\n<\/ul>\n<h2>Oznaczenia dodatkowe:<\/h2>\n<ul style=\"margin: 15px 0; padding-left: 20px; clear: both; display: block; width: 100%; float: none; position: static;\">\n<li style=\"margin: 5px 0; padding: 2px 0; clear: both; display: list-item; float: none; position: static;\"><b>XL:<\/b> Opona wzmacniana co oznacza, \u017ce charakteryzuje si\u0119 zwi\u0119kszon\u0105 no\u015bno\u015bci\u0105 (pozwala na wi\u0119kszy ud\u017awig). Opony wzmacniane rekomendowane s\u0105 do aut o wi\u0119kszej mocy silnika (ponad 120KM), pojazd\u00f3w z nadwoziem kombi oraz samochod\u00f3w segmentu SUV. Opony takie na swoim boku maj\u0105 zapis XL lub extra load.<\/li>\n<li style=\"margin: 5px 0; padding: 2px 0; clear: both; display: list-item; float: none; position: static;\"><b>3PMSF:<\/b> Symbol p\u0142atka \u015bniegu na tle potr\u00f3jnego szczytu (symbol alpejski) oznaczaj\u0105cy, \u017ce opony gwarantuj\u0105 niezawodno\u015b\u0107 i bezpiecze\u0144stwo na \u015bniegu. Oznaczenie otrzymuj\u0105 wy\u0142\u0105cznie opony, kt\u00f3re otrzyma\u0142y pozytywny wynik w znormalizowanych testach osi\u0105g\u00f3w w zakresie mobilno\u015bci i bezpiecze\u0144stwa w warunkach zimowych.<\/li>\n<li style=\"margin: 5px 0; padding: 2px 0; clear: both; display: list-item; float: none; position: static;\"><b>M+S:<\/b> Opona o konstrukcji zoptymalizowanej pod k\u0105tem przyczepno\u015bci na b\u0142ocie oraz \u015bwie\u017cym lub topniej\u0105cym \u015bniegu. Stanowi deklaracj\u0119 producenta, \u017ce dana opona radzi sobie lepiej w b\u0142ocie czy \u015bniegu ni\u017c standardowa.<\/li>\n<\/ul>\n<\/div>\n<\/div>\n<div style=\"clear: both; display: block; margin: 10px 0;\">\n<div style=\"clear: both; display: block; margin: 10px 0;\">\n<div  style=\"max-width:800px;max-height:800px\">\n<div style=\"clear: both; display: block; margin: 10px 0;\">\n<div style=\"clear: both; width: 100%; display: block; margin: 20px 0; padding: 0; float: none; position: static; text-align: center;\"><img decoding=\"async\"  src=\"https:\/\/a.allegroimg.com\/original\/11bbc4\/3f706451498e9e09a9a7a311fa43\/2x-Opony-Zimowe-235-50R19-Nokian-Tyres-Snowproof-2\" srcset=\"https:\/\/a.allegroimg.com\/original\/11bbc4\/3f706451498e9e09a9a7a311fa43\/2x-Opony-Zimowe-235-50R19-Nokian-Tyres-Snowproof-2 360w,https:\/\/a.allegroimg.com\/original\/11bbc4\/3f706451498e9e09a9a7a311fa43\/2x-Opony-Zimowe-235-50R19-Nokian-Tyres-Snowproof-2 720w,https:\/\/a.allegroimg.com\/original\/11bbc4\/3f706451498e9e09a9a7a311fa43\/2x-Opony-Zimowe-235-50R19-Nokian-Tyres-Snowproof-2 800w,https:\/\/a.allegroimg.com\/original\/11bbc4\/3f706451498e9e09a9a7a311fa43\/2x-Opony-Zimowe-235-50R19-Nokian-Tyres-Snowproof-2 800w\" sizes=\"(min-width: 1200px) 560px, (min-width: 992px) 50vw, 100vw\" width=\"800px\" alt=\"2x Opony Zimowe 235\/50R19 Nokian Tyres Snowproof 2\"\/ style=\"max-width: 100%; height: auto; display: block; margin: 0 auto;\"><\/div>\n<\/div>\n<\/div>\n<\/div>\n<\/div>\n<\/div>\n<div style=\"clear: both; display: block; margin: 10px 0;\">\n<div style=\"clear: both; display: block; margin: 10px 0;\">\n<div style=\"clear: both; display: block; margin: 10px 0;\">\n<div  style=\"max-width:886px;max-height:1299px\">\n<div style=\"clear: both; display: block; margin: 10px 0;\">\n<div style=\"clear: both; width: 100%; display: block; margin: 20px 0; padding: 0; float: none; position: static; text-align: center;\"><img decoding=\"async\"  src=\"https:\/\/a.allegroimg.com\/original\/112cba\/1be288cc4468add48281bc4effea\/2x-Opony-Zimowe-235-50R19-Nokian-Tyres-Snowproof-2-Liczba-opon-w-ofercie-2-szt\" srcset=\"https:\/\/a.allegroimg.com\/original\/112cba\/1be288cc4468add48281bc4effea\/2x-Opony-Zimowe-235-50R19-Nokian-Tyres-Snowproof-2-Liczba-opon-w-ofercie-2-szt 245w,https:\/\/a.allegroimg.com\/original\/112cba\/1be288cc4468add48281bc4effea\/2x-Opony-Zimowe-235-50R19-Nokian-Tyres-Snowproof-2-Liczba-opon-w-ofercie-2-szt 491w,https:\/\/a.allegroimg.com\/original\/112cba\/1be288cc4468add48281bc4effea\/2x-Opony-Zimowe-235-50R19-Nokian-Tyres-Snowproof-2-Liczba-opon-w-ofercie-2-szt 698w,https:\/\/a.allegroimg.com\/original\/112cba\/1be288cc4468add48281bc4effea\/2x-Opony-Zimowe-235-50R19-Nokian-Tyres-Snowproof-2-Liczba-opon-w-ofercie-2-szt 886w,https:\/\/a.allegroimg.com\/original\/112cba\/1be288cc4468add48281bc4effea\/2x-Opony-Zimowe-235-50R19-Nokian-Tyres-Snowproof-2-Liczba-opon-w-ofercie-2-szt 886w\" sizes=\"(min-width: 1200px) 560px, (min-width: 992px) 50vw, 100vw\" width=\"886px\" alt=\"2x Opony Zimowe 235\/50R19 Nokian Tyres Snowproof 2 Liczba opon w ofercie 2 szt.\"\/ style=\"max-width: 100%; height: auto; display: block; margin: 0 auto;\"><\/div>\n<\/div>\n<\/div>\n<\/div>\n<\/div>\n<div style=\"clear: both; display: block; margin: 10px 0;\">\n<div style=\"clear: both; display: block; margin: 10px 0;\">\n<h1> Najnowsza etykieta opony <\/h1>\n<h2> Op\u00f3r toczenia &#8211; klasa C <\/h2>\n<p style=\"margin: 15px 0; line-height: 1.8; clear: both; display: block; width: 100%; float: none; position: static;\"> Zu\u017cycie paliwa odgrywa wa\u017cn\u0105 rol\u0119 z ekonomicznego i ekologicznego punktu widzenia. Im ni\u017csze opory toczenia, tym mniejsza ilo\u015b\u0107 zu\u017cywanej energii oraz ni\u017csze zu\u017cycie paliwa i emisja CO2. Przyk\u0142adowo r\u00f3\u017cnica w spalaniu mi\u0119dzy klas\u0105 E oraz C wynosi 1\/10 litra na 100km. <\/p>\n<h2> Przyczepno\u015b\u0107 na mokrym &#8211; klasa B <\/h2>\n<p style=\"margin: 15px 0; line-height: 1.8; clear: both; display: block; width: 100%; float: none; position: static;\"> Klasyfikacja przyczepno\u015bci wskazuje, jak dobrze opona b\u0119dzie si\u0119 zachowywa\u0107 na mokrej nawierzchni, a jej osi\u0105gi s\u0105 oceniane w skali od klasy A do G. Ocena A oznacza kr\u00f3tk\u0105 drog\u0119 hamowania na mokrej nawierzchni. <\/p>\n<h2> Ha\u0142as zewn\u0119trzny &#8211; klasa B <\/h2>\n<p style=\"margin: 15px 0; line-height: 1.8; clear: both; display: block; width: 100%; float: none; position: static;\"> Poziom ha\u0142asu zewn\u0119trznego (w decybelach) emitowanego przez opon\u0119 auta poruszaj\u0105cego si\u0119 z pr\u0119dko\u015bci\u0105 80km\/h. Opona zimowa 235 50 19 Nokian Tyres Snowproof 2 SUV emituje ha\u0142as na poziomie 70 decybeli. <\/p>\n<\/div>\n<\/div>\n<\/div>\n<div style=\"clear: both; display: block; margin: 10px 0;\">\n<div style=\"clear: both; display: block; margin: 10px 0;\">\n<div style=\"clear: both; display: block; margin: 10px 0;\">\n<h1> Rok produkcji opon <\/h1>\n<p style=\"margin: 15px 0; line-height: 1.8; clear: both; display: block; width: 100%; float: none; position: static;\"> Na magazynie trzymamy razem oko\u0142o 200 tysi\u0119cy opon wyprodukowanych w latach <b> 2023 &#8211; 2025<\/b>. Pe\u0142na automatyzacja magazynu gwarantuje, i\u017c wszystkie zakupione przez Ciebie opony pochodzi\u0107 b\u0119d\u0105 z <b>tego samego rocznika<\/b>. Masz wi\u0119c pewno\u015b\u0107, otrzymania pe\u0142nowarto\u015bciowych opon, kt\u00f3rych data produkcji nie b\u0119dzie starsza ni\u017c 36 miesi\u0119cy (ka\u017cda opona by\u0142a r\u0119cznie weryfikowana). Wed\u0142ug polskiej normy PN-C-94300-7 <b>opony do 3 lat od daty ich produkcji zachowuj\u0105 100% w\u0142a\u015bciwo\u015bci<\/b> oraz wszystkie swoje parametry w zakresie bezpiecze\u0144stwa i eksploatacji. <\/p>\n<p style=\"margin: 15px 0; line-height: 1.8; clear: both; display: block; width: 100%; float: none; position: static;\"> Producenci na ca\u0142ym \u015bwiecie deklaruj\u0105 jednog\u0142o\u015bnie, \u017ce <b>\u017cywotno\u015b\u0107 ka\u017cdej opony<\/b> ko\u0144czy si\u0119 dopiero po 10 latach od daty jej wyprodukowania. Dodatkowo, aby przeciwdzia\u0142a\u0107 temu zjawisku, od kilkunastu lat mieszanki gumowe, z kt\u00f3rych wykonane s\u0105 opony <b>zawieraj\u0105 substancje przeciwstarzeniowe<\/b>. Dzi\u0119ki temu mamy gwaranci\u0119, \u017ce opona sk\u0142adowana w prawid\u0142owy spos\u00f3b nawet przez wiele lat, dzi\u0119ki swym odpowiednim w\u0142a\u015bciwo\u015bciom &#8211; <b>zachowuje cechy nowej opony<\/b>. <\/p>\n<p style=\"margin: 15px 0; line-height: 1.8; clear: both; display: block; width: 100%; float: none; position: static;\"> Opony starzej\u0105 si\u0119 wy\u0142\u0105cznie na skutek fizycznych i chemicznych proces\u00f3w takich jak promieniowanie UV, du\u017ca wilgotno\u015b\u0107, wysoka temperatura czy kontakt z substancjami typu benzyna, oleje, smary czy inne p\u0142yny samochodowe. <b>Nasze opony przechowujemy w suchym, klimatyzowanym i ciemnym magazynie<\/b> z dala od wilgoci, substancji szkodliwych oraz promieniowania s\u0142onecznego (UV). <\/p>\n<\/div>\n<\/div>\n<div style=\"clear: both; display: block; margin: 10px 0;\">\n<div style=\"clear: both; display: block; margin: 10px 0;\">\n<div  style=\"max-width:500px;max-height:500px\">\n<div style=\"clear: both; display: block; margin: 10px 0;\">\n<div style=\"clear: both; width: 100%; display: block; margin: 20px 0; padding: 0; float: none; position: static; text-align: center;\"><img decoding=\"async\"  src=\"https:\/\/a.allegroimg.com\/original\/11f97e\/fa0ac9b542a5a2581f216506763d\/2x-Opony-Zimowe-235-50R19-Nokian-Tyres-Snowproof-2-Srednica-19\" srcset=\"https:\/\/a.allegroimg.com\/original\/11f97e\/fa0ac9b542a5a2581f216506763d\/2x-Opony-Zimowe-235-50R19-Nokian-Tyres-Snowproof-2-Srednica-19 360w,https:\/\/a.allegroimg.com\/original\/11f97e\/fa0ac9b542a5a2581f216506763d\/2x-Opony-Zimowe-235-50R19-Nokian-Tyres-Snowproof-2-Srednica-19 500w,https:\/\/a.allegroimg.com\/original\/11f97e\/fa0ac9b542a5a2581f216506763d\/2x-Opony-Zimowe-235-50R19-Nokian-Tyres-Snowproof-2-Srednica-19 500w\" sizes=\"(min-width: 1200px) 560px, (min-width: 992px) 50vw, 100vw\" width=\"500px\" alt=\"2x Opony Zimowe 235\/50R19 Nokian Tyres Snowproof 2 \u015arednica 19&quot;\"\/ style=\"max-width: 100%; height: auto; display: block; margin: 0 auto;\"><\/div>\n<\/div>\n<\/div>\n<\/div>\n<\/div>\n<\/div>\n<div style=\"clear: both; display: block; margin: 10px 0;\">\n<div style=\"clear: both; display: block; margin: 10px 0;\">\n<div style=\"clear: both; display: block; margin: 10px 0;\">\n<div  style=\"max-width:500px;max-height:500px\">\n<div style=\"clear: both; display: block; margin: 10px 0;\">\n<div style=\"clear: both; width: 100%; display: block; margin: 20px 0; padding: 0; float: none; position: static; text-align: center;\"><img decoding=\"async\"  src=\"https:\/\/a.allegroimg.com\/original\/11f8ff\/0b78900d4cf884d19556521df6fb\/2x-Opony-Zimowe-235-50R19-Nokian-Tyres-Snowproof-2-Szerokosc-opony-235-mm\" srcset=\"https:\/\/a.allegroimg.com\/original\/11f8ff\/0b78900d4cf884d19556521df6fb\/2x-Opony-Zimowe-235-50R19-Nokian-Tyres-Snowproof-2-Szerokosc-opony-235-mm 360w,https:\/\/a.allegroimg.com\/original\/11f8ff\/0b78900d4cf884d19556521df6fb\/2x-Opony-Zimowe-235-50R19-Nokian-Tyres-Snowproof-2-Szerokosc-opony-235-mm 500w,https:\/\/a.allegroimg.com\/original\/11f8ff\/0b78900d4cf884d19556521df6fb\/2x-Opony-Zimowe-235-50R19-Nokian-Tyres-Snowproof-2-Szerokosc-opony-235-mm 500w\" sizes=\"(min-width: 1200px) 560px, (min-width: 992px) 50vw, 100vw\" width=\"500px\" alt=\"2x Opony Zimowe 235\/50R19 Nokian Tyres Snowproof 2 Szeroko\u015b\u0107 opony 235 mm\"\/ style=\"max-width: 100%; height: auto; display: block; margin: 0 auto;\"><\/div>\n<\/div>\n<\/div>\n<\/div>\n<\/div>\n<div style=\"clear: both; display: block; margin: 10px 0;\">\n<div style=\"clear: both; display: block; margin: 10px 0;\">\n<h1> O firmie Nokian Tyres <\/h1>\n<p style=\"margin: 15px 0; line-height: 1.8; clear: both; display: block; width: 100%; float: none; position: static;\"> Producentem modelu opony Snowproof 2 SUV w rozmiarze 235\/50R19 jest marka Nokian Tyres. <\/p>\n<p style=\"margin: 15px 0; line-height: 1.8; clear: both; display: block; width: 100%; float: none; position: static;\"> Nokian to doskona\u0142e osi\u0105gi, trwa\u0142o\u015b\u0107 i niezawodno\u015b\u0107. Podobnie jak wiele najwi\u0119kszych firm oponiarskich naszych czas\u00f3w, Nokian Tyres zosta\u0142a za\u0142o\u017cona na samym pocz\u0105tku ery motoryzacyjnej, w 1898 roku. Firma zaczyna\u0142a od produkcji r\u00f3\u017cnych wyrob\u00f3w gumowych. Po przeniesieniu zak\u0142adu z Helsinek do Nokii na pocz\u0105tku w 1924 roku rozpocz\u0119to przygotowania do produkcji rower\u00f3w. Wraz z rozwojem motoryzacji znacznie wzros\u0142o zapotrzebowanie na opony, dlatego rozpocz\u0119to tak\u017ce produkcj\u0119 ogumienia.Co ciekawe, pierwsza partia opon Nokian liczy\u0142a zaledwie kilka sztuk, ale ju\u017c dwa lata p\u00f3\u017aniej produkcja dzia\u0142a\u0142a przez ca\u0142\u0105 dob\u0119 na trzy zmiany. W 1988 roku narodzi\u0142a si\u0119 marka opon Nokian, kt\u00f3ra p\u00f3\u017aniej sta\u0142a si\u0119 jednym z lider\u00f3w bran\u017cy oponiarskiej. Z biegiem czasu moce produkcyjne koncernu ros\u0142y i wymaga\u0142y rozbudowy. W 2005 roku produkcja Nokiana zosta\u0142a zorganizowana w Rosji w najwi\u0119kszej i najnowocze\u015bniejszej fabryce opon na \u015bwiecie. <\/p>\n<\/div>\n<\/div>\n<\/div>\n<div style=\"clear: both; display: block; margin: 10px 0;\">\n<div style=\"clear: both; display: block; margin: 10px 0;\">\n<div style=\"clear: both; display: block; margin: 10px 0;\">\n<h1> Opony zimowe Nokian Tyres <\/h1>\n<h2>\n","protected":false},"excerpt":{"rendered":"<p>2x Opony zimowe Nokian Tyres Snowproof 2 SUV 235\/50R19 103V XL \/ Ciche<\/p>\n<p>G\u0142\u00f3wne cechy:<\/p>\n<p>Stan: nowe<\/p>\n<p>Aukcja dotyczy: 2 sztuk (pary opon)<\/p>\n<p>Sezon: opony zimowe<\/p>\n<p>Przeznaczenie: auta osobowe, SUV, 4&#215;4<\/p>\n<p>Rok produkcji: nie starsze jak 2023-2025 (szczeg\u00f3\u0142y w opisie aukcji)<\/p>\n<p>Wszystkie b\u0119d\u0105 pochodzi\u0142y z tego samego roku<\/p>\n","protected":false},"featured_media":12119,"template":"","meta":{"_uag_custom_page_level_css":""},"product_brand":[387],"product_cat":[414,413,412,415],"product_tag":[],"class_list":{"0":"post-12118","1":"product","2":"type-product","3":"status-publish","4":"has-post-thumbnail","6":"product_brand-nokian-tyres","7":"product_cat-do-samochodow-osobowych-i-suv","8":"product_cat-opony","9":"product_cat-opony-i-felgi","10":"product_cat-zimowe","12":"first","13":"instock","14":"shipping-taxable","15":"purchasable","16":"product-type-simple"},"uagb_featured_image_src":{"full":["https:\/\/oponixo.shop\/tire\/wp-content\/uploads\/2026\/01\/allegro-image-12118.jpg",800,800,false],"thumbnail":["https:\/\/oponixo.shop\/tire\/wp-content\/uploads\/2026\/01\/allegro-image-12118-150x150.jpg",150,150,true],"medium":["https:\/\/oponixo.shop\/tire\/wp-content\/uploads\/2026\/01\/allegro-image-12118-300x300.jpg",300,300,true],"medium_large":["https:\/\/oponixo.shop\/tire\/wp-content\/uploads\/2026\/01\/allegro-image-12118-768x768.jpg",768,768,true],"large":["https:\/\/oponixo.shop\/tire\/wp-content\/uploads\/2026\/01\/allegro-image-12118.jpg",800,800,false],"1536x1536":["https:\/\/oponixo.shop\/tire\/wp-content\/uploads\/2026\/01\/allegro-image-12118.jpg",800,800,false],"2048x2048":["https:\/\/oponixo.shop\/tire\/wp-content\/uploads\/2026\/01\/allegro-image-12118.jpg",800,800,false],"woocommerce_thumbnail":["https:\/\/oponixo.shop\/tire\/wp-content\/uploads\/2026\/01\/allegro-image-12118-300x300.jpg",300,300,true],"woocommerce_single":["https:\/\/oponixo.shop\/tire\/wp-content\/uploads\/2026\/01\/allegro-image-12118-600x600.jpg",600,600,true],"woocommerce_gallery_thumbnail":["https:\/\/oponixo.shop\/tire\/wp-content\/uploads\/2026\/01\/allegro-image-12118-100x100.jpg",100,100,true]},"uagb_author_info":{"display_name":"admin","author_link":"https:\/\/oponixo.shop\/tire\/author\/"},"uagb_comment_info":0,"uagb_excerpt":"2x Opony zimowe Nokian Tyres Snowproof 2 SUV 235\/50R19 103V XL \/ Ciche G\u0142\u00f3wne cechy: Stan: nowe Aukcja dotyczy: 2 sztuk (pary opon) Sezon: opony zimowe Przeznaczenie: auta osobowe, SUV, 4x4 Rok produkcji: nie starsze jak 2023-2025 (szczeg\u00f3\u0142y w opisie aukcji) Wszystkie b\u0119d\u0105 pochodzi\u0142y z tego samego roku","_links":{"self":[{"href":"https:\/\/oponixo.shop\/tire\/wp-json\/wp\/v2\/product\/12118","targetHints":{"allow":["GET"]}}],"collection":[{"href":"https:\/\/oponixo.shop\/tire\/wp-json\/wp\/v2\/product"}],"about":[{"href":"https:\/\/oponixo.shop\/tire\/wp-json\/wp\/v2\/types\/product"}],"wp:featuredmedia":[{"embeddable":true,"href":"https:\/\/oponixo.shop\/tire\/wp-json\/wp\/v2\/media\/12119"}],"wp:attachment":[{"href":"https:\/\/oponixo.shop\/tire\/wp-json\/wp\/v2\/media?parent=12118"}],"wp:term":[{"taxonomy":"product_brand","embeddable":true,"href":"https:\/\/oponixo.shop\/tire\/wp-json\/wp\/v2\/product_brand?post=12118"},{"taxonomy":"product_cat","embeddable":true,"href":"https:\/\/oponixo.shop\/tire\/wp-json\/wp\/v2\/product_cat?post=12118"},{"taxonomy":"product_tag","embeddable":true,"href":"https:\/\/oponixo.shop\/tire\/wp-json\/wp\/v2\/product_tag?post=12118"}],"curies":[{"name":"wp","href":"https:\/\/api.w.org\/{rel}","templated":true}]}}