{"id":12084,"date":"2026-01-03T11:04:56","date_gmt":"2026-01-03T10:04:56","guid":{"rendered":"https:\/\/oponyexpert.shop\/xef5\/produkt\/2x-yokohama-g075-iceguard-265-45r21-104-q\/"},"modified":"2026-01-03T11:04:57","modified_gmt":"2026-01-03T10:04:57","slug":"2x-yokohama-g075-iceguard-265-45r21-104-q","status":"publish","type":"product","link":"https:\/\/oponixo.shop\/tire\/produkt\/2x-yokohama-g075-iceguard-265-45r21-104-q\/","title":{"rendered":"2x YOKOHAMA G075 ICEGUARD 265\/45R21 104 Q"},"content":{"rendered":"<div style=\"font-family: Arial, sans-serif; line-height: 1.6; color: #333; padding: 20px; clear: both; display: block; width: 100%; float: none; position: static; overflow: hidden;\">\n<div style=\"clear: both; display: block; margin: 10px 0;\">\n<div style=\"clear: both; display: block; margin: 10px 0;\">\n<div style=\"clear: both; display: block; margin: 10px 0;\">\n<h2>2x YOKOHAMA G075 ICEGUARD 265\/45R21 104 Q<\/h2>\n<\/div>\n<\/div>\n<\/div>\n<div style=\"clear: both; display: block; margin: 10px 0;\">\n<div style=\"clear: both; display: block; margin: 10px 0;\">\n<div style=\"clear: both; display: block; margin: 10px 0;\">\n<div  style=\"max-width:920px;max-height:1120px\">\n<div style=\"clear: both; display: block; margin: 10px 0;\">\n<div style=\"clear: both; width: 100%; display: block; margin: 20px 0; padding: 0; float: none; position: static; text-align: center;\"><img decoding=\"async\"  src=\"https:\/\/a.allegroimg.com\/original\/117327\/4dfd62224dcfaaed7ecc76eaa217\/2x-YOKOHAMA-G075-ICEGUARD-265-45R21-104-Q\" srcset=\"https:\/\/a.allegroimg.com\/original\/117327\/4dfd62224dcfaaed7ecc76eaa217\/2x-YOKOHAMA-G075-ICEGUARD-265-45R21-104-Q 295w,https:\/\/a.allegroimg.com\/original\/117327\/4dfd62224dcfaaed7ecc76eaa217\/2x-YOKOHAMA-G075-ICEGUARD-265-45R21-104-Q 591w,https:\/\/a.allegroimg.com\/original\/117327\/4dfd62224dcfaaed7ecc76eaa217\/2x-YOKOHAMA-G075-ICEGUARD-265-45R21-104-Q 841w,https:\/\/a.allegroimg.com\/original\/117327\/4dfd62224dcfaaed7ecc76eaa217\/2x-YOKOHAMA-G075-ICEGUARD-265-45R21-104-Q 920w,https:\/\/a.allegroimg.com\/original\/117327\/4dfd62224dcfaaed7ecc76eaa217\/2x-YOKOHAMA-G075-ICEGUARD-265-45R21-104-Q 920w\" sizes=\"(min-width: 1200px) 560px, (min-width: 992px) 50vw, 100vw\" width=\"920px\" alt=\"2x YOKOHAMA G075 ICEGUARD 265\/45R21 104 Q\"\/ style=\"max-width: 100%; height: auto; display: block; margin: 0 auto;\"><\/div>\n<\/div>\n<\/div>\n<\/div>\n<\/div>\n<div style=\"clear: both; display: block; margin: 10px 0;\">\n<div style=\"clear: both; display: block; margin: 10px 0;\">\n<h2>Zimowe opony YOKOHAMA G075 ICEGUARD 265\/45 R21 104 Q<\/h2>\n<p style=\"margin: 15px 0; line-height: 1.8; clear: both; display: block; width: 100%; float: none; position: static;\">Opony YOKOHAMA G075 ICEGUARD to znacz\u0105cy model w portfolio producenta.\u00a0<\/p>\n<ul style=\"margin: 15px 0; padding-left: 20px; clear: both; display: block; width: 100%; float: none; position: static;\">\n<li style=\"margin: 5px 0; padding: 2px 0; clear: both; display: list-item; float: none; position: static;\"><b>Stan:<\/b>\u00a0Nowy<\/li>\n<li style=\"margin: 5px 0; padding: 2px 0; clear: both; display: list-item; float: none; position: static;\"><b>EAN:<\/b>\u00a04968814952556<\/li>\n<li style=\"margin: 5px 0; padding: 2px 0; clear: both; display: list-item; float: none; position: static;\"><b>Producent:<\/b> YOKOHAMA<\/li>\n<li style=\"margin: 5px 0; padding: 2px 0; clear: both; display: list-item; float: none; position: static;\"><b>Model:<\/b> G075 ICEGUARD<\/li>\n<li style=\"margin: 5px 0; padding: 2px 0; clear: both; display: list-item; float: none; position: static;\"><b>Rozmiar:<\/b> 265\/45 R21<\/li>\n<li style=\"margin: 5px 0; padding: 2px 0; clear: both; display: list-item; float: none; position: static;\"><b>Indeks no\u015bno\u015bci:<\/b> 104<\/li>\n<li style=\"margin: 5px 0; padding: 2px 0; clear: both; display: list-item; float: none; position: static;\"><b>Indeks pr\u0119dko\u015bci:<\/b> Q<\/li>\n<li style=\"margin: 5px 0; padding: 2px 0; clear: both; display: list-item; float: none; position: static;\"><b>Ha\u0142as db:<\/b>\u00a072<\/li>\n<li style=\"margin: 5px 0; padding: 2px 0; clear: both; display: list-item; float: none; position: static;\"><b>Sezon:<\/b> Zimowe<\/li>\n<li style=\"margin: 5px 0; padding: 2px 0; clear: both; display: list-item; float: none; position: static;\"><b>Rok produkcji:<\/b> nie starsze ni\u017c 36 miesi\u0119cy<\/li>\n<li style=\"margin: 5px 0; padding: 2px 0; clear: both; display: list-item; float: none; position: static;\"><b>Przeznaczenie:<\/b> SUV\/4&#215;4<\/li>\n<li style=\"margin: 5px 0; padding: 2px 0; clear: both; display: list-item; float: none; position: static;\"><b>Kl. przycz. na mokrej naw.:<\/b>\u00a0E<\/li>\n<li style=\"margin: 5px 0; padding: 2px 0; clear: both; display: list-item; float: none; position: static;\"><b>Kl. efekt. paliwowej:\u00a0<\/b>D<\/li>\n<\/ul>\n<\/div>\n<\/div>\n<\/div>\n<div style=\"clear: both; display: block; margin: 10px 0;\">\n<div style=\"clear: both; display: block; margin: 10px 0;\">\n<div style=\"clear: both; display: block; margin: 10px 0;\">\n<div  style=\"max-width:800px;max-height:350px\">\n<div style=\"clear: both; display: block; margin: 10px 0;\">\n<div style=\"clear: both; width: 100%; display: block; margin: 20px 0; padding: 0; float: none; position: static; text-align: center;\"><img decoding=\"async\"  src=\"https:\/\/a.allegroimg.com\/original\/11853c\/16cbbd2f489293678039676a079d\/2x-YOKOHAMA-G075-ICEGUARD-265-45R21-104-Q-Liczba-opon-w-ofercie-2-szt\" srcset=\"https:\/\/a.allegroimg.com\/original\/11853c\/16cbbd2f489293678039676a079d\/2x-YOKOHAMA-G075-ICEGUARD-265-45R21-104-Q-Liczba-opon-w-ofercie-2-szt 360w,https:\/\/a.allegroimg.com\/original\/11853c\/16cbbd2f489293678039676a079d\/2x-YOKOHAMA-G075-ICEGUARD-265-45R21-104-Q-Liczba-opon-w-ofercie-2-szt 720w,https:\/\/a.allegroimg.com\/original\/11853c\/16cbbd2f489293678039676a079d\/2x-YOKOHAMA-G075-ICEGUARD-265-45R21-104-Q-Liczba-opon-w-ofercie-2-szt 800w,https:\/\/a.allegroimg.com\/original\/11853c\/16cbbd2f489293678039676a079d\/2x-YOKOHAMA-G075-ICEGUARD-265-45R21-104-Q-Liczba-opon-w-ofercie-2-szt 800w\" sizes=\"100vw\" width=\"800px\" alt=\"2x YOKOHAMA G075 ICEGUARD 265\/45R21 104 Q Liczba opon w ofercie 2 szt.\"\/ style=\"max-width: 100%; height: auto; display: block; margin: 0 auto;\"><\/div>\n<\/div>\n<\/div>\n<\/div>\n<\/div>\n<\/div>\n<div style=\"clear: both; display: block; margin: 10px 0;\">\n<div style=\"clear: both; display: block; margin: 10px 0;\">\n<div style=\"clear: both; display: block; margin: 10px 0;\">\n<p style=\"margin: 15px 0; line-height: 1.8; clear: both; display: block; width: 100%; float: none; position: static;\">Od ponad stulecia marka Yokohama nieustannie wyznacza standardy doskona\u0142o\u015bci w bran\u017cy oponiarskiej. Jej historia to pe\u0142na pasji podr\u00f3\u017c po technologicznych prze\u0142omach i nieustaj\u0105ce d\u0105\u017cenie do oferowania kierowcom niezawodnych i wydajnych rozwi\u0105za\u0144.<\/p>\n<p style=\"margin: 15px 0; line-height: 1.8; clear: both; display: block; width: 100%; float: none; position: static;\">Fabryki Yokohama, znajduj\u0105ce si\u0119 w w wielu lokalizacjach na \u015bwiecie (\u0142\u0105cznie 12, 6 a nich znajduje si\u0119 w Japonii), s\u0105 dowodem globalnej obecno\u015bci marki i jej determinacji w dostarczaniu opon najwy\u017cszej jako\u015bci na ka\u017cdy r\u00f3g globu. Przywi\u0105zanie do lokalno\u015bci pozwala Yokohamie lepiej rozumie\u0107 unikalne wymagania rynk\u00f3w lokalnych i zapewnia\u0107 klientom optymalne rozwi\u0105zania.<\/p>\n<p style=\"margin: 15px 0; line-height: 1.8; clear: both; display: block; width: 100%; float: none; position: static;\">Opony Yokohama s\u0105 dedykowane r\u00f3\u017cnym segmentom rynku, obejmuj\u0105cym pojazdy osobowe, SUV-y, samochody sportowe oraz pojazdy ci\u0119\u017carowe. Wykorzystuj\u0105c najnowsze technologie, marka ta dostarcza opony zapewniaj\u0105ce doskona\u0142\u0105 przyczepno\u015b\u0107, stabilno\u015b\u0107 i komfort jazdy na ka\u017cdej powierzchni.<\/p>\n<p style=\"margin: 15px 0; line-height: 1.8; clear: both; display: block; width: 100%; float: none; position: static;\">Yokohama to nie tylko lider innowacji w dziedzinie opon, ale tak\u017ce partnerstwo z wiod\u0105cymi producentami samochod\u00f3w na ca\u0142ym \u015bwiecie. Dzi\u0119ki bliskiej wsp\u00f3\u0142pracy z tymi markami, opony Yokohama s\u0105 precyzyjnie dopasowane do wymaga\u0144 i osi\u0105g\u00f3w ka\u017cdego pojazdu, podkre\u015blaj\u0105c jego potencja\u0142.<\/p>\n<p style=\"margin: 15px 0; line-height: 1.8; clear: both; display: block; width: 100%; float: none; position: static;\">Nie bez powodu Yokohama cieszy si\u0119 uznaniem kierowc\u00f3w na ca\u0142ym \u015bwiecie. Jej zaanga\u017cowanie w motorsport pozwala na ci\u0105g\u0142e doskonalenie technologii i testowanie rozwi\u0105za\u0144 w najbardziej wymagaj\u0105cych warunkach. To przek\u0142ada si\u0119 na pewno\u015b\u0107, trwa\u0142o\u015b\u0107 i doskona\u0142\u0105 wydajno\u015b\u0107 opon Yokohama na drodze.<\/p>\n<p style=\"margin: 15px 0; line-height: 1.8; clear: both; display: block; width: 100%; float: none; position: static;\">Ciekawostk\u0105 jest fakt, \u017ce Yokohama jest oficjalnym dostawc\u0105 opon dla presti\u017cowych wydarze\u0144 sportowych, takich jak mistrzostwa World Time Attack Challenge i Pirelli World Challenge. Ta bliska wsp\u00f3\u0142praca z zespo\u0142ami wy\u015bcigowymi to wyraz uznania dla jako\u015bci i niezawodno\u015bci opon Yokohama.<\/p>\n<p style=\"margin: 15px 0; line-height: 1.8; clear: both; display: block; width: 100%; float: none; position: static;\">Yokohama to marka, kt\u00f3ra nie tylko dba o wydajno\u015b\u0107, ale tak\u017ce o \u015brodowisko naturalne. Koncentruj\u0105c si\u0119 na zr\u00f3wnowa\u017conym wykorzystaniu surowc\u00f3w i redukcji emisji, marka ta aktywnie anga\u017cuje si\u0119 w ochron\u0119 \u015brodowiska. Dzi\u0119ki innowacyjnemu podej\u015bciu, opony Yokohama \u0142\u0105cz\u0105 wydajno\u015b\u0107 z odpowiedzialno\u015bci\u0105 ekologiczn\u0105.<\/p>\n<\/div>\n<\/div>\n<\/div>\n<div style=\"clear: both; display: block; margin: 10px 0;\">\n<div style=\"clear: both; display: block; margin: 10px 0;\">\n<div style=\"clear: both; display: block; margin: 10px 0;\">\n<div  style=\"max-width:1200px;max-height:1758px\">\n<div style=\"clear: both; display: block; margin: 10px 0;\">\n<div style=\"clear: both; width: 100%; display: block; margin: 20px 0; padding: 0; float: none; position: static; text-align: center;\"><img decoding=\"async\"  src=\"https:\/\/a.allegroimg.com\/original\/11e4d5\/50e4d110471ca757b30687d00305\/2x-YOKOHAMA-G075-ICEGUARD-265-45R21-104-Q-Marka-Yokohama\" srcset=\"https:\/\/a.allegroimg.com\/original\/11e4d5\/50e4d110471ca757b30687d00305\/2x-YOKOHAMA-G075-ICEGUARD-265-45R21-104-Q-Marka-Yokohama 245w,https:\/\/a.allegroimg.com\/original\/11e4d5\/50e4d110471ca757b30687d00305\/2x-YOKOHAMA-G075-ICEGUARD-265-45R21-104-Q-Marka-Yokohama 491w,https:\/\/a.allegroimg.com\/original\/11e4d5\/50e4d110471ca757b30687d00305\/2x-YOKOHAMA-G075-ICEGUARD-265-45R21-104-Q-Marka-Yokohama 698w,https:\/\/a.allegroimg.com\/original\/11e4d5\/50e4d110471ca757b30687d00305\/2x-YOKOHAMA-G075-ICEGUARD-265-45R21-104-Q-Marka-Yokohama 982w,https:\/\/a.allegroimg.com\/original\/11e4d5\/50e4d110471ca757b30687d00305\/2x-YOKOHAMA-G075-ICEGUARD-265-45R21-104-Q-Marka-Yokohama 1200w\" sizes=\"(min-width: 1200px) 560px, (min-width: 992px) 50vw, 100vw\" width=\"1200px\" alt=\"2x YOKOHAMA G075 ICEGUARD 265\/45R21 104 Q Marka Yokohama\"\/ style=\"max-width: 100%; height: auto; display: block; margin: 0 auto;\"><\/div>\n<\/div>\n<\/div>\n<\/div>\n<\/div>\n<div style=\"clear: both; display: block; margin: 10px 0;\">\n<div style=\"clear: both; display: block; margin: 10px 0;\">\n<p style=\"margin: 15px 0; line-height: 1.8; clear: both; display: block; width: 100%; float: none; position: static;\">Dlaczego warto wybra\u0107 nasz\u0105 ofert\u0119?<\/p>\n<p style=\"margin: 15px 0; line-height: 1.8; clear: both; display: block; width: 100%; float: none; position: static;\">Jeste\u015bmy pasjonatami, kt\u00f3rzy dziel\u0105 si\u0119 swoj\u0105 wiedz\u0105 i zaanga\u017cowaniem, aby pom\u00f3c klientom w dokonaniu najlepszego wyboru opon.<\/p>\n<p style=\"margin: 15px 0; line-height: 1.8; clear: both; display: block; width: 100%; float: none; position: static;\">Oferujemy szeroki asortyment opon, obejmuj\u0105cy auta osobowe, dostawcze, ci\u0119\u017carowe, motocykle i opony przemys\u0142owe.Zapewniamy gwarancj\u0119 satysfakcji oraz bezpiecze\u0144stwo.<\/p>\n<p style=\"margin: 15px 0; line-height: 1.8; clear: both; display: block; width: 100%; float: none; position: static;\">Do\u0142\u0105cz do grona naszych zadowolonych klient\u00f3w i przekonaj si\u0119 o naszej jako\u015bci.<\/p>\n<p style=\"margin: 15px 0; line-height: 1.8; clear: both; display: block; width: 100%; float: none; position: static;\">ZAPRASZAMY DO ZAKUP\u00d3W.<\/p>\n<p style=\"margin: 15px 0; line-height: 1.8; clear: both; display: block; width: 100%; float: none; position: static;\">\u00a0<\/p>\n<p style=\"margin: 15px 0; line-height: 1.8; clear: both; display: block; width: 100%; float: none; position: static;\">\u00a0<\/p>\n<\/div>\n<\/div>\n<\/div>\n<\/div>\n<\/div>\n<\/div>\n<div style=\"clear: both; display: block; margin: 10px 0;\">\n","protected":false},"excerpt":{"rendered":"<p>2x YOKOHAMA G075 ICEGUARD 265\/45R21 104 Q<\/p>\n<p>Zimowe opony YOKOHAMA G075 ICEGUARD 265\/45 R21 104 Q<\/p>\n<p>Opony YOKOHAMA G075 ICEGUARD to znacz\u0105cy model w portfolio producenta.\u00a0<\/p>\n<p>Stan:\u00a0Nowy<\/p>\n<p>EAN:\u00a04968814952556<\/p>\n<p>Producent: YOKOHAMA<\/p>\n<p>Model: G075 ICEGUARD<\/p>\n<p>Rozmiar: 265\/45 R21<\/p>\n","protected":false},"featured_media":12085,"template":"","meta":{"_uag_custom_page_level_css":""},"product_brand":[410],"product_cat":[414,413,412,415],"product_tag":[],"class_list":{"0":"post-12084","1":"product","2":"type-product","3":"status-publish","4":"has-post-thumbnail","6":"product_brand-yokohama","7":"product_cat-do-samochodow-osobowych-i-suv","8":"product_cat-opony","9":"product_cat-opony-i-felgi","10":"product_cat-zimowe","12":"first","13":"instock","14":"shipping-taxable","15":"purchasable","16":"product-type-simple"},"uagb_featured_image_src":{"full":["https:\/\/oponixo.shop\/tire\/wp-content\/uploads\/2026\/01\/allegro-image-12084.jpg",920,1120,false],"thumbnail":["https:\/\/oponixo.shop\/tire\/wp-content\/uploads\/2026\/01\/allegro-image-12084-150x150.jpg",150,150,true],"medium":["https:\/\/oponixo.shop\/tire\/wp-content\/uploads\/2026\/01\/allegro-image-12084-246x300.jpg",246,300,true],"medium_large":["https:\/\/oponixo.shop\/tire\/wp-content\/uploads\/2026\/01\/allegro-image-12084-768x935.jpg",768,935,true],"large":["https:\/\/oponixo.shop\/tire\/wp-content\/uploads\/2026\/01\/allegro-image-12084-841x1024.jpg",841,1024,true],"1536x1536":["https:\/\/oponixo.shop\/tire\/wp-content\/uploads\/2026\/01\/allegro-image-12084.jpg",920,1120,false],"2048x2048":["https:\/\/oponixo.shop\/tire\/wp-content\/uploads\/2026\/01\/allegro-image-12084.jpg",920,1120,false],"woocommerce_thumbnail":["https:\/\/oponixo.shop\/tire\/wp-content\/uploads\/2026\/01\/allegro-image-12084-300x300.jpg",300,300,true],"woocommerce_single":["https:\/\/oponixo.shop\/tire\/wp-content\/uploads\/2026\/01\/allegro-image-12084-600x730.jpg",600,730,true],"woocommerce_gallery_thumbnail":["https:\/\/oponixo.shop\/tire\/wp-content\/uploads\/2026\/01\/allegro-image-12084-100x100.jpg",100,100,true]},"uagb_author_info":{"display_name":"admin","author_link":"https:\/\/oponixo.shop\/tire\/author\/"},"uagb_comment_info":0,"uagb_excerpt":"2x YOKOHAMA G075 ICEGUARD 265\/45R21 104 Q Zimowe opony YOKOHAMA G075 ICEGUARD 265\/45 R21 104 Q Opony YOKOHAMA G075 ICEGUARD to znacz\u0105cy model w portfolio producenta.\u00a0 Stan:\u00a0Nowy EAN:\u00a04968814952556 Producent: YOKOHAMA Model: G075 ICEGUARD Rozmiar: 265\/45 R21","_links":{"self":[{"href":"https:\/\/oponixo.shop\/tire\/wp-json\/wp\/v2\/product\/12084","targetHints":{"allow":["GET"]}}],"collection":[{"href":"https:\/\/oponixo.shop\/tire\/wp-json\/wp\/v2\/product"}],"about":[{"href":"https:\/\/oponixo.shop\/tire\/wp-json\/wp\/v2\/types\/product"}],"wp:featuredmedia":[{"embeddable":true,"href":"https:\/\/oponixo.shop\/tire\/wp-json\/wp\/v2\/media\/12085"}],"wp:attachment":[{"href":"https:\/\/oponixo.shop\/tire\/wp-json\/wp\/v2\/media?parent=12084"}],"wp:term":[{"taxonomy":"product_brand","embeddable":true,"href":"https:\/\/oponixo.shop\/tire\/wp-json\/wp\/v2\/product_brand?post=12084"},{"taxonomy":"product_cat","embeddable":true,"href":"https:\/\/oponixo.shop\/tire\/wp-json\/wp\/v2\/product_cat?post=12084"},{"taxonomy":"product_tag","embeddable":true,"href":"https:\/\/oponixo.shop\/tire\/wp-json\/wp\/v2\/product_tag?post=12084"}],"curies":[{"name":"wp","href":"https:\/\/api.w.org\/{rel}","templated":true}]}}