{"id":11983,"date":"2026-01-03T10:09:17","date_gmt":"2026-01-03T09:09:17","guid":{"rendered":"https:\/\/oponyexpert.shop\/xef5\/produkt\/2-x-triangle-z165-65-r15-winterx-tw401-81t\/"},"modified":"2026-01-03T10:09:18","modified_gmt":"2026-01-03T09:09:18","slug":"2-x-triangle-z165-65-r15-winterx-tw401-81t","status":"publish","type":"product","link":"https:\/\/oponexa.shop\/tire\/produkt\/2-x-triangle-z165-65-r15-winterx-tw401-81t\/","title":{"rendered":"2 x TRIANGLE Z165\/65 R15 WINTERX TW401 81T"},"content":{"rendered":"<div style=\"font-family: Arial, sans-serif; line-height: 1.6; color: #333; padding: 20px; clear: both; display: block; width: 100%; float: none; position: static; overflow: hidden;\">\n<div style=\"clear: both; display: block; margin: 10px 0;\">\n<div style=\"clear: both; display: block; margin: 10px 0;\">\n<div style=\"clear: both; display: block; margin: 10px 0;\">\n<p style=\"margin: 15px 0; line-height: 1.8; clear: both; display: block; width: 100%; float: none; position: static;\">Ofert\u0105 naszej aukcji jest:<\/p>\n<p style=\"margin: 15px 0; line-height: 1.8; clear: both; display: block; width: 100%; float: none; position: static;\">2 x TRIANGLE Z165\/65 R15 WINTERX TW401 81T<\/p>\n<h3 style=\"color: #2c5aa0; font-size: 18px; margin: 30px 0 15px 0; font-weight: bold; clear: both; display: block; width: 100%; float: none; position: static;\">ROK PRODUKCJI OPON: <\/h3>\n<p style=\"margin: 15px 0; line-height: 1.8; clear: both; display: block; width: 100%; float: none; position: static;\">Je\u015bli w tytule nie ma znacznika Dot to opony s\u0105 NOWE i nie starsze ni\u017c<b> 24 miesi\u0105ce<\/b>.<\/p>\n<p style=\"margin: 15px 0; line-height: 1.8; clear: both; display: block; width: 100%; float: none; position: static;\">Je\u015bli opony posiadaj\u0105 w tytule nast\u0119puj\u0105ce oznaczenia :<\/p>\n<p style=\"margin: 15px 0; line-height: 1.8; clear: both; display: block; width: 100%; float: none; position: static;\">DOT21 oznaczna rok produkcji 2021<\/p>\n<p style=\"margin: 15px 0; line-height: 1.8; clear: both; display: block; width: 100%; float: none; position: static;\">DOT20 oznaczna rok produkcji 2020<\/p>\n<p style=\"margin: 15px 0; line-height: 1.8; clear: both; display: block; width: 100%; float: none; position: static;\">Analogiczne starsze lub nowsze opony.<\/p>\n<h1>OBJA\u015aNIENIE DODATKOWYCH OZNACZE\u0143 NA OPONACH:<\/h1>\n<p style=\"margin: 15px 0; line-height: 1.8; clear: both; display: block; width: 100%; float: none; position: static;\">Wszystkie niezb\u0119dne informacje, jak r\u00f3wnie\u017c oznaczenia dodatkowe znajdziecie Pa\u0144stwo w tytule oferty:<\/p>\n<h2>TYTU\u0141 OFERTY: 2 x TRIANGLE Z165\/65 R15 WINTERX TW401 81T<\/h2>\n<ul style=\"margin: 15px 0; padding-left: 20px; clear: both; display: block; width: 100%; float: none; position: static;\">\n<li style=\"margin: 5px 0; padding: 2px 0; clear: both; display: list-item; float: none; position: static;\"><b>XL<\/b> &#8211; opona wzmacniana dla aut osobowych,<\/li>\n<li style=\"margin: 5px 0; padding: 2px 0; clear: both; display: list-item; float: none; position: static;\"><b>C &#8211;<\/b> opona wzmacniana dla aut dostawczych.<\/li>\n<li style=\"margin: 5px 0; padding: 2px 0; clear: both; display: list-item; float: none; position: static;\"><b>FR, FP, MFS, RFB &#8211; <\/b>opony posiadaj\u0105 doatkowy rant ochronny felg<\/li>\n<li style=\"margin: 5px 0; padding: 2px 0; clear: both; display: list-item; float: none; position: static;\"><b>RFT, ROF, R\/F, SSR, ZP &#8211; <\/b>opona typu RUN FLAT  (technologia jazdy bez powietrza)<\/li>\n<\/ul>\n<\/div>\n<\/div>\n<\/div>\n<\/div>\n<\/div>\n<\/div>\n<div style=\"clear: both; display: block; margin: 10px 0;\">\n","protected":false},"excerpt":{"rendered":"<p>Ofert\u0105 naszej aukcji jest:<\/p>\n<p>2 x TRIANGLE Z165\/65 R15 WINTERX TW401 81T<\/p>\n<p>ROK PRODUKCJI OPON:<\/p>\n<p>Je\u015bli w tytule nie ma znacznika Dot to opony s\u0105 NOWE i nie starsze ni\u017c 24 miesi\u0105ce.<\/p>\n<p>Je\u015bli opony posiadaj\u0105 w tytule nast\u0119puj\u0105ce oznaczenia :<\/p>\n<p>DOT21 oznaczna rok produkcji 2021<\/p>\n<p>DOT20 oznaczna rok produkcji 2020<\/p>\n<p>Analogiczne starsze lub nowsze opony.<\/p>\n","protected":false},"featured_media":11984,"template":"","meta":{"_uag_custom_page_level_css":""},"product_brand":[388],"product_cat":[414,413,412,415],"product_tag":[],"class_list":{"0":"post-11983","1":"product","2":"type-product","3":"status-publish","4":"has-post-thumbnail","6":"product_brand-triangle","7":"product_cat-do-samochodow-osobowych-i-suv","8":"product_cat-opony","9":"product_cat-opony-i-felgi","10":"product_cat-zimowe","12":"first","13":"instock","14":"shipping-taxable","15":"purchasable","16":"product-type-simple"},"uagb_featured_image_src":{"full":["https:\/\/oponexa.shop\/tire\/wp-content\/uploads\/2026\/01\/allegro-image-11983.jpg",571,800,false],"thumbnail":["https:\/\/oponexa.shop\/tire\/wp-content\/uploads\/2026\/01\/allegro-image-11983-150x150.jpg",150,150,true],"medium":["https:\/\/oponexa.shop\/tire\/wp-content\/uploads\/2026\/01\/allegro-image-11983-214x300.jpg",214,300,true],"medium_large":["https:\/\/oponexa.shop\/tire\/wp-content\/uploads\/2026\/01\/allegro-image-11983.jpg",571,800,false],"large":["https:\/\/oponexa.shop\/tire\/wp-content\/uploads\/2026\/01\/allegro-image-11983.jpg",571,800,false],"1536x1536":["https:\/\/oponexa.shop\/tire\/wp-content\/uploads\/2026\/01\/allegro-image-11983.jpg",571,800,false],"2048x2048":["https:\/\/oponexa.shop\/tire\/wp-content\/uploads\/2026\/01\/allegro-image-11983.jpg",571,800,false],"woocommerce_thumbnail":["https:\/\/oponexa.shop\/tire\/wp-content\/uploads\/2026\/01\/allegro-image-11983-300x300.jpg",300,300,true],"woocommerce_single":["https:\/\/oponexa.shop\/tire\/wp-content\/uploads\/2026\/01\/allegro-image-11983.jpg",571,800,false],"woocommerce_gallery_thumbnail":["https:\/\/oponexa.shop\/tire\/wp-content\/uploads\/2026\/01\/allegro-image-11983-100x100.jpg",100,100,true]},"uagb_author_info":{"display_name":"admin","author_link":"https:\/\/oponexa.shop\/tire\/author\/"},"uagb_comment_info":0,"uagb_excerpt":"Ofert\u0105 naszej aukcji jest: 2 x TRIANGLE Z165\/65 R15 WINTERX TW401 81T ROK PRODUKCJI OPON: Je\u015bli w tytule nie ma znacznika Dot to opony s\u0105 NOWE i nie starsze ni\u017c 24 miesi\u0105ce. Je\u015bli opony posiadaj\u0105 w tytule nast\u0119puj\u0105ce oznaczenia : DOT21 oznaczna rok produkcji 2021 DOT20 oznaczna rok produkcji 2020 Analogiczne starsze lub nowsze opony.","_links":{"self":[{"href":"https:\/\/oponexa.shop\/tire\/wp-json\/wp\/v2\/product\/11983","targetHints":{"allow":["GET"]}}],"collection":[{"href":"https:\/\/oponexa.shop\/tire\/wp-json\/wp\/v2\/product"}],"about":[{"href":"https:\/\/oponexa.shop\/tire\/wp-json\/wp\/v2\/types\/product"}],"wp:featuredmedia":[{"embeddable":true,"href":"https:\/\/oponexa.shop\/tire\/wp-json\/wp\/v2\/media\/11984"}],"wp:attachment":[{"href":"https:\/\/oponexa.shop\/tire\/wp-json\/wp\/v2\/media?parent=11983"}],"wp:term":[{"taxonomy":"product_brand","embeddable":true,"href":"https:\/\/oponexa.shop\/tire\/wp-json\/wp\/v2\/product_brand?post=11983"},{"taxonomy":"product_cat","embeddable":true,"href":"https:\/\/oponexa.shop\/tire\/wp-json\/wp\/v2\/product_cat?post=11983"},{"taxonomy":"product_tag","embeddable":true,"href":"https:\/\/oponexa.shop\/tire\/wp-json\/wp\/v2\/product_tag?post=11983"}],"curies":[{"name":"wp","href":"https:\/\/api.w.org\/{rel}","templated":true}]}}