{"id":11911,"date":"2026-01-03T09:58:00","date_gmt":"2026-01-03T08:58:00","guid":{"rendered":"https:\/\/oponyexpert.shop\/xef5\/produkt\/2x-225-35r19-sw608-goodride-88v-zimowe-nowe-rok-2025\/"},"modified":"2026-01-03T09:58:03","modified_gmt":"2026-01-03T08:58:03","slug":"2x-225-35r19-sw608-goodride-88v-zimowe-nowe-rok-2025","status":"publish","type":"product","link":"https:\/\/oponixo.shop\/tire\/produkt\/2x-225-35r19-sw608-goodride-88v-zimowe-nowe-rok-2025\/","title":{"rendered":"2x 225\/35R19 SW608 Goodride 88V zimowe nowe ROK 2025"},"content":{"rendered":"<div style=\"font-family: Arial, sans-serif; line-height: 1.6; color: #333; padding: 20px; clear: both; display: block; width: 100%; float: none; position: static; overflow: hidden;\">\n<div style=\"clear: both; display: block; margin: 10px 0;\">\n<div style=\"clear: both; display: block; margin: 10px 0;\">\n<div style=\"clear: both; display: block; margin: 10px 0;\">\n<div  style=\"max-width:1440px;max-height:262px\">\n<div style=\"clear: both; display: block; margin: 10px 0;\">\n<div style=\"clear: both; width: 100%; display: block; margin: 20px 0; padding: 0; float: none; position: static; text-align: center;\"><img decoding=\"async\"  src=\"https:\/\/a.allegroimg.com\/original\/116acb\/4f0eb40c4d7c99b4d56d814b2b99\/2x-225-35R19-SW608-Goodride-88V-zimowe-nowe-ROK-2025-Model-SW608-Snowmaster\" srcset=\"https:\/\/a.allegroimg.com\/original\/116acb\/4f0eb40c4d7c99b4d56d814b2b99\/2x-225-35R19-SW608-Goodride-88V-zimowe-nowe-ROK-2025-Model-SW608-Snowmaster 360w,https:\/\/a.allegroimg.com\/original\/116acb\/4f0eb40c4d7c99b4d56d814b2b99\/2x-225-35R19-SW608-Goodride-88V-zimowe-nowe-ROK-2025-Model-SW608-Snowmaster 720w,https:\/\/a.allegroimg.com\/original\/116acb\/4f0eb40c4d7c99b4d56d814b2b99\/2x-225-35R19-SW608-Goodride-88V-zimowe-nowe-ROK-2025-Model-SW608-Snowmaster 1024w,https:\/\/a.allegroimg.com\/original\/116acb\/4f0eb40c4d7c99b4d56d814b2b99\/2x-225-35R19-SW608-Goodride-88V-zimowe-nowe-ROK-2025-Model-SW608-Snowmaster 1440w,https:\/\/a.allegroimg.com\/original\/116acb\/4f0eb40c4d7c99b4d56d814b2b99\/2x-225-35R19-SW608-Goodride-88V-zimowe-nowe-ROK-2025-Model-SW608-Snowmaster 1440w\" sizes=\"100vw\" width=\"1440px\" alt=\"2x 225\/35R19 SW608 Goodride 88V zimowe nowe ROK 2025 Model SW608 Snowmaster\"\/ style=\"max-width: 100%; height: auto; display: block; margin: 0 auto;\"><\/div>\n<\/div>\n<\/div>\n<\/div>\n<\/div>\n<\/div>\n<div style=\"clear: both; display: block; margin: 10px 0;\">\n<div style=\"clear: both; display: block; margin: 10px 0;\">\n<div style=\"clear: both; display: block; margin: 10px 0;\">\n<h2>Przedmiot aukcji: 2 sztuki opon zimowych Goodride<\/h2>\n<p style=\"margin: 15px 0; line-height: 1.8; clear: both; display: block; width: 100%; float: none; position: static;\">Rozmiar:<b>225\/35R19<\/b><\/p>\n<p style=\"margin: 15px 0; line-height: 1.8; clear: both; display: block; width: 100%; float: none; position: static;\">Indeks pr\u0119dko\u015bci: <b>V (do 240km\/h)<\/b><\/p>\n<p style=\"margin: 15px 0; line-height: 1.8; clear: both; display: block; width: 100%; float: none; position: static;\">Indeks no\u015bno\u015bci: <b>88 (obci\u0105\u017cenie do 560 kg na 1 opon\u0119)<\/b><\/p>\n<p style=\"margin: 15px 0; line-height: 1.8; clear: both; display: block; width: 100%; float: none; position: static;\">Marka:&nbsp;<b>Goodride<\/b><\/p>\n<p style=\"margin: 15px 0; line-height: 1.8; clear: both; display: block; width: 100%; float: none; position: static;\">Nazwa modelu: <b>Goodride SW608<\/b><\/p>\n<p style=\"margin: 15px 0; line-height: 1.8; clear: both; display: block; width: 100%; float: none; position: static;\">Rodzaj pojazd\u00f3w:<b> Osobowy<\/b><\/p>\n<p style=\"margin: 15px 0; line-height: 1.8; clear: both; display: block; width: 100%; float: none; position: static;\">Sezon:&nbsp;<b>Opony zimowe<\/b><\/p>\n<p style=\"margin: 15px 0; line-height: 1.8; clear: both; display: block; width: 100%; float: none; position: static;\">Segment:&nbsp;<b>Klasa ekonomiczna<\/b><\/p>\n<h1>ROK PRODUKCJI \u27a1\ufe0f 2025<\/h1>\n<p style=\"margin: 15px 0; line-height: 1.8; clear: both; display: block; width: 100%; float: none; position: static;\">Nowoczesna, kierunkowa, atrakcyjna wizualnie rze\u017aba bie\u017cnika.<\/p>\n<h1>ZALETY\u2935\ufe0f<\/h1>\n<p style=\"margin: 15px 0; line-height: 1.8; clear: both; display: block; width: 100%; float: none; position: static;\">\u2705 <b>Bardzo dobre odprowadzanie wody i b\u0142ota po\u015bniegowego<\/b> z czo\u0142a opony<\/p>\n<p style=\"margin: 15px 0; line-height: 1.8; clear: both; display: block; width: 100%; float: none; position: static;\">\u2705 <b>Niski op\u00f3r toczenia <\/b>to oszcz\u0119dno\u015b\u0107 paliwa<\/p>\n<p style=\"margin: 15px 0; line-height: 1.8; clear: both; display: block; width: 100%; float: none; position: static;\">\u2705 <b>\u015awietna kierowalno\u015b\u0107<\/b> w trakcie zimy<\/p>\n<p style=\"margin: 15px 0; line-height: 1.8; clear: both; display: block; width: 100%; float: none; position: static;\"><b>\u2705 Certyfikat 3PMSF<\/b> &#8211; Oznaczenie 3PMSF (Three-Peak Mountain Snow Flake) przyjmuje form\u0119 p\u0142atka \u015bniegu na tle trzech szczyt\u00f3w g\u00f3rskich. Jest to jedyny wyznacznik opony wielosezonowej oraz zimowej, kt\u00f3ry faktycznie potwierdza ich w\u0142a\u015bciwo\u015bci na \u015bniegu. S\u0105 one weryfikowane w wymagaj\u0105cych testach.<\/p>\n<p style=\"margin: 15px 0; line-height: 1.8; clear: both; display: block; width: 100%; float: none; position: static;\">\u2705 <b>Atrakcyjna cena<\/b><\/p>\n<p style=\"margin: 15px 0; line-height: 1.8; clear: both; display: block; width: 100%; float: none; position: static;\">Goodride SW608 to najpopularniejszy model opon zimowych w klasie ekonomicznej. Wyposa\u017cona w interesuj\u0105c\u0105, kierunkow\u0105 rze\u017ab\u0119 bie\u017cnika bardzo dobrze poradzi sobie w typowo zimowych warunkach \u2013 na zmarzni\u0119tej i o\u015bnie\u017conej nawierzchni. Drug\u0105 wa\u017cn\u0105 cech\u0105 bie\u017cnika opony Goodride SW608 s\u0105 prostopad\u0142e rowki odprowadzaj\u0105ce wod\u0119 i b\u0142oto po\u015bniegowe. Dzi\u0119ki nim opona zachowuje wyj\u0105tkow\u0105 trakcj\u0119 r\u00f3wnie\u017c na mokrej, \u015bliskiej nawierzchni. Opony Goodride SW608 zyska\u0142y popularno\u015b\u0107 i uznanie dzi\u0119ki swojej unikalnej, trwa\u0142ej mieszance oraz niezawodnej kontroli. Potwierdzenie znajdziemy w testach przeprowadzonych przez Auto Bild i ACE GTU w 2014 roku na oponach zimowych. Goodride SW608 zosta\u0142a sklasyfikowana na 15 i 14 miejscu na 50 testowanych modeli.<\/p>\n<\/div>\n<\/div>\n<div style=\"clear: both; display: block; margin: 10px 0;\">\n<div style=\"clear: both; display: block; margin: 10px 0;\">\n<div  style=\"max-width:1743px;max-height:2500px\">\n<div style=\"clear: both; display: block; margin: 10px 0;\">\n<div style=\"clear: both; width: 100%; display: block; margin: 20px 0; padding: 0; float: none; position: static; text-align: center;\"><img decoding=\"async\"  src=\"https:\/\/a.allegroimg.com\/original\/114c3f\/19b84880450fa44f1606ef329cad\/2x-225-35R19-SW608-Goodride-88V-zimowe-nowe-ROK-2025-Kod-producenta-03010476901925570201\" srcset=\"https:\/\/a.allegroimg.com\/original\/114c3f\/19b84880450fa44f1606ef329cad\/2x-225-35R19-SW608-Goodride-88V-zimowe-nowe-ROK-2025-Kod-producenta-03010476901925570201 250w,https:\/\/a.allegroimg.com\/original\/114c3f\/19b84880450fa44f1606ef329cad\/2x-225-35R19-SW608-Goodride-88V-zimowe-nowe-ROK-2025-Kod-producenta-03010476901925570201 501w,https:\/\/a.allegroimg.com\/original\/114c3f\/19b84880450fa44f1606ef329cad\/2x-225-35R19-SW608-Goodride-88V-zimowe-nowe-ROK-2025-Kod-producenta-03010476901925570201 713w,https:\/\/a.allegroimg.com\/original\/114c3f\/19b84880450fa44f1606ef329cad\/2x-225-35R19-SW608-Goodride-88V-zimowe-nowe-ROK-2025-Kod-producenta-03010476901925570201 1003w,https:\/\/a.allegroimg.com\/original\/114c3f\/19b84880450fa44f1606ef329cad\/2x-225-35R19-SW608-Goodride-88V-zimowe-nowe-ROK-2025-Kod-producenta-03010476901925570201 1743w\" sizes=\"(min-width: 1200px) 560px, (min-width: 992px) 50vw, 100vw\" width=\"1743px\" alt=\"2x 225\/35R19 SW608 Goodride 88V zimowe nowe ROK 2025 Kod producenta 03010476901925570201\"\/ style=\"max-width: 100%; height: auto; display: block; margin: 0 auto;\"><\/div>\n<\/div>\n<\/div>\n<\/div>\n<\/div>\n<\/div>\n<div style=\"clear: both; display: block; margin: 10px 0;\">\n<div style=\"clear: both; display: block; margin: 10px 0;\">\n<div style=\"clear: both; display: block; margin: 10px 0;\">\n<div  style=\"max-width:1200px;max-height:285px\">\n<div style=\"clear: both; display: block; margin: 10px 0;\">\n<div style=\"clear: both; width: 100%; display: block; margin: 20px 0; padding: 0; float: none; position: static; text-align: center;\"><img decoding=\"async\"  src=\"https:\/\/a.allegroimg.com\/original\/11de2e\/baf25f624300b82e3760be27522a\/2x-225-35R19-SW608-Goodride-88V-zimowe-nowe-ROK-2025-Klasa-ekonomiczna\" srcset=\"https:\/\/a.allegroimg.com\/original\/11de2e\/baf25f624300b82e3760be27522a\/2x-225-35R19-SW608-Goodride-88V-zimowe-nowe-ROK-2025-Klasa-ekonomiczna 360w,https:\/\/a.allegroimg.com\/original\/11de2e\/baf25f624300b82e3760be27522a\/2x-225-35R19-SW608-Goodride-88V-zimowe-nowe-ROK-2025-Klasa-ekonomiczna 720w,https:\/\/a.allegroimg.com\/original\/11de2e\/baf25f624300b82e3760be27522a\/2x-225-35R19-SW608-Goodride-88V-zimowe-nowe-ROK-2025-Klasa-ekonomiczna 1024w,https:\/\/a.allegroimg.com\/original\/11de2e\/baf25f624300b82e3760be27522a\/2x-225-35R19-SW608-Goodride-88V-zimowe-nowe-ROK-2025-Klasa-ekonomiczna 1200w,https:\/\/a.allegroimg.com\/original\/11de2e\/baf25f624300b82e3760be27522a\/2x-225-35R19-SW608-Goodride-88V-zimowe-nowe-ROK-2025-Klasa-ekonomiczna 1200w\" sizes=\"100vw\" width=\"1200px\" alt=\"2x 225\/35R19 SW608 Goodride 88V zimowe nowe ROK 2025 Klasa ekonomiczna\"\/ style=\"max-width: 100%; height: auto; display: block; margin: 0 auto;\"><\/div>\n<\/div>\n<\/div>\n<\/div>\n<\/div>\n<\/div>\n<div style=\"clear: both; display: block; margin: 10px 0;\">\n<div style=\"clear: both; display: block; margin: 10px 0;\">\n<div style=\"clear: both; display: block; margin: 10px 0;\">\n<div  style=\"max-width:1198px;max-height:2500px\">\n<div style=\"clear: both; display: block; margin: 10px 0;\">\n<div style=\"clear: both; width: 100%; display: block; margin: 20px 0; padding: 0; float: none; position: static; text-align: center;\"><img decoding=\"async\"  src=\"https:\/\/a.allegroimg.com\/original\/11cdf8\/54e69a11479892c61548e54f9ffe\/2x-225-35R19-SW608-Goodride-88V-zimowe-nowe-ROK-2025-Marka-Goodride\" srcset=\"https:\/\/a.allegroimg.com\/original\/11cdf8\/54e69a11479892c61548e54f9ffe\/2x-225-35R19-SW608-Goodride-88V-zimowe-nowe-ROK-2025-Marka-Goodride 172w,https:\/\/a.allegroimg.com\/original\/11cdf8\/54e69a11479892c61548e54f9ffe\/2x-225-35R19-SW608-Goodride-88V-zimowe-nowe-ROK-2025-Marka-Goodride 345w,https:\/\/a.allegroimg.com\/original\/11cdf8\/54e69a11479892c61548e54f9ffe\/2x-225-35R19-SW608-Goodride-88V-zimowe-nowe-ROK-2025-Marka-Goodride 490w,https:\/\/a.allegroimg.com\/original\/11cdf8\/54e69a11479892c61548e54f9ffe\/2x-225-35R19-SW608-Goodride-88V-zimowe-nowe-ROK-2025-Marka-Goodride 690w,https:\/\/a.allegroimg.com\/original\/11cdf8\/54e69a11479892c61548e54f9ffe\/2x-225-35R19-SW608-Goodride-88V-zimowe-nowe-ROK-2025-Marka-Goodride 1198w\" sizes=\"100vw\" width=\"1198px\" alt=\"2x 225\/35R19 SW608 Goodride 88V zimowe nowe ROK 2025 Marka Goodride\"\/ style=\"max-width: 100%; height: auto; display: block; margin: 0 auto;\"><\/div>\n<\/div>\n<\/div>\n<\/div>\n<\/div>\n<\/div>\n<div style=\"clear: both; display: block; margin: 10px 0;\">\n<div style=\"clear: both; display: block; margin: 10px 0;\">\n<div style=\"clear: both; display: block; margin: 10px 0;\">\n<p style=\"margin: 15px 0; line-height: 1.8; clear: both; display: block; width: 100%; float: none; position: static;\">[6927116176822GD][6927116176822GD]<\/p>\n<\/div>\n<\/div>\n<\/div>\n<\/div>\n<\/div>\n<\/div>\n<div style=\"clear: both; display: block; margin: 10px 0;\">\n","protected":false},"excerpt":{"rendered":"<p>Przedmiot aukcji: 2 sztuki opon zimowych Goodride<\/p>\n<p>Rozmiar:225\/35R19<\/p>\n<p>Indeks pr\u0119dko\u015bci: V (do 240km\/h)<\/p>\n<p>Indeks no\u015bno\u015bci: 88 (obci\u0105\u017cenie do 560 kg na 1 opon\u0119)<\/p>\n<p>Marka:&nbsp;Goodride<\/p>\n<p>Nazwa modelu: Goodride SW608<\/p>\n<p>Rodzaj pojazd\u00f3w: Osobowy<\/p>\n<p>Sezon:&nbsp;Opony zimowe<\/p>\n","protected":false},"featured_media":11912,"template":"","meta":{"_uag_custom_page_level_css":""},"product_brand":[379],"product_cat":[414,413,412,415],"product_tag":[],"class_list":{"0":"post-11911","1":"product","2":"type-product","3":"status-publish","4":"has-post-thumbnail","6":"product_brand-goodride","7":"product_cat-do-samochodow-osobowych-i-suv","8":"product_cat-opony","9":"product_cat-opony-i-felgi","10":"product_cat-zimowe","12":"first","13":"instock","14":"shipping-taxable","15":"purchasable","16":"product-type-simple"},"uagb_featured_image_src":{"full":["https:\/\/oponixo.shop\/tire\/wp-content\/uploads\/2026\/01\/allegro-image-11911.jpg",2000,2000,false],"thumbnail":["https:\/\/oponixo.shop\/tire\/wp-content\/uploads\/2026\/01\/allegro-image-11911-150x150.jpg",150,150,true],"medium":["https:\/\/oponixo.shop\/tire\/wp-content\/uploads\/2026\/01\/allegro-image-11911-300x300.jpg",300,300,true],"medium_large":["https:\/\/oponixo.shop\/tire\/wp-content\/uploads\/2026\/01\/allegro-image-11911-768x768.jpg",768,768,true],"large":["https:\/\/oponixo.shop\/tire\/wp-content\/uploads\/2026\/01\/allegro-image-11911-1024x1024.jpg",1024,1024,true],"1536x1536":["https:\/\/oponixo.shop\/tire\/wp-content\/uploads\/2026\/01\/allegro-image-11911-1536x1536.jpg",1536,1536,true],"2048x2048":["https:\/\/oponixo.shop\/tire\/wp-content\/uploads\/2026\/01\/allegro-image-11911.jpg",2000,2000,false],"woocommerce_thumbnail":["https:\/\/oponixo.shop\/tire\/wp-content\/uploads\/2026\/01\/allegro-image-11911-300x300.jpg",300,300,true],"woocommerce_single":["https:\/\/oponixo.shop\/tire\/wp-content\/uploads\/2026\/01\/allegro-image-11911-600x600.jpg",600,600,true],"woocommerce_gallery_thumbnail":["https:\/\/oponixo.shop\/tire\/wp-content\/uploads\/2026\/01\/allegro-image-11911-100x100.jpg",100,100,true]},"uagb_author_info":{"display_name":"admin","author_link":"https:\/\/oponixo.shop\/tire\/author\/"},"uagb_comment_info":0,"uagb_excerpt":"Przedmiot aukcji: 2 sztuki opon zimowych Goodride Rozmiar:225\/35R19 Indeks pr\u0119dko\u015bci: V (do 240km\/h) Indeks no\u015bno\u015bci: 88 (obci\u0105\u017cenie do 560 kg na 1 opon\u0119) Marka:&nbsp;Goodride Nazwa modelu: Goodride SW608 Rodzaj pojazd\u00f3w: Osobowy Sezon:&nbsp;Opony zimowe","_links":{"self":[{"href":"https:\/\/oponixo.shop\/tire\/wp-json\/wp\/v2\/product\/11911","targetHints":{"allow":["GET"]}}],"collection":[{"href":"https:\/\/oponixo.shop\/tire\/wp-json\/wp\/v2\/product"}],"about":[{"href":"https:\/\/oponixo.shop\/tire\/wp-json\/wp\/v2\/types\/product"}],"wp:featuredmedia":[{"embeddable":true,"href":"https:\/\/oponixo.shop\/tire\/wp-json\/wp\/v2\/media\/11912"}],"wp:attachment":[{"href":"https:\/\/oponixo.shop\/tire\/wp-json\/wp\/v2\/media?parent=11911"}],"wp:term":[{"taxonomy":"product_brand","embeddable":true,"href":"https:\/\/oponixo.shop\/tire\/wp-json\/wp\/v2\/product_brand?post=11911"},{"taxonomy":"product_cat","embeddable":true,"href":"https:\/\/oponixo.shop\/tire\/wp-json\/wp\/v2\/product_cat?post=11911"},{"taxonomy":"product_tag","embeddable":true,"href":"https:\/\/oponixo.shop\/tire\/wp-json\/wp\/v2\/product_tag?post=11911"}],"curies":[{"name":"wp","href":"https:\/\/api.w.org\/{rel}","templated":true}]}}