{"id":11791,"date":"2026-01-03T07:36:16","date_gmt":"2026-01-03T06:36:16","guid":{"rendered":"https:\/\/oponyexpert.shop\/xef5\/produkt\/4x-205-70r15-vredestein-quatrac-5-96t-caloroczne-wyprzedaz\/"},"modified":"2026-01-03T07:36:16","modified_gmt":"2026-01-03T06:36:16","slug":"4x-205-70r15-vredestein-quatrac-5-96t-caloroczne-wyprzedaz","status":"publish","type":"product","link":"https:\/\/oponixo.shop\/tire\/produkt\/4x-205-70r15-vredestein-quatrac-5-96t-caloroczne-wyprzedaz\/","title":{"rendered":"4x 205\/70R15 Vredestein Quatrac 5 96T CA\u0141OROCZNE WYPRZEDA\u017b"},"content":{"rendered":"<div style=\"font-family: Arial, sans-serif; line-height: 1.6; color: #333; padding: 20px; clear: both; display: block; width: 100%; float: none; position: static; overflow: hidden;\">\n<div style=\"clear: both; display: block; margin: 10px 0;\">\n<div style=\"clear: both; display: block; margin: 10px 0;\">\n<div style=\"clear: both; display: block; margin: 10px 0;\">\n<div  style=\"max-width:812px;max-height:418px\">\n<div style=\"clear: both; display: block; margin: 10px 0;\">\n<div style=\"clear: both; width: 100%; display: block; margin: 20px 0; padding: 0; float: none; position: static; text-align: center;\"><img decoding=\"async\"  src=\"https:\/\/a.allegroimg.com\/original\/11f637\/dc398f084a61b6cd51675847b8b5\/4x-205-70R15-Vredestein-Quatrac-5-96T-CALOROCZNE-WYPRZEDAZ-Marka-Vredestein\" srcset=\"https:\/\/a.allegroimg.com\/original\/11f637\/dc398f084a61b6cd51675847b8b5\/4x-205-70R15-Vredestein-Quatrac-5-96T-CALOROCZNE-WYPRZEDAZ-Marka-Vredestein 360w,https:\/\/a.allegroimg.com\/original\/11f637\/dc398f084a61b6cd51675847b8b5\/4x-205-70R15-Vredestein-Quatrac-5-96T-CALOROCZNE-WYPRZEDAZ-Marka-Vredestein 720w,https:\/\/a.allegroimg.com\/original\/11f637\/dc398f084a61b6cd51675847b8b5\/4x-205-70R15-Vredestein-Quatrac-5-96T-CALOROCZNE-WYPRZEDAZ-Marka-Vredestein 812w,https:\/\/a.allegroimg.com\/original\/11f637\/dc398f084a61b6cd51675847b8b5\/4x-205-70R15-Vredestein-Quatrac-5-96T-CALOROCZNE-WYPRZEDAZ-Marka-Vredestein 812w\" sizes=\"100vw\" width=\"812px\" alt=\"4x 205\/70R15 Vredestein Quatrac 5 96T CA\u0141OROCZNE WYPRZEDA\u017b Marka Vredestein\"\/ style=\"max-width: 100%; height: auto; display: block; margin: 0 auto;\"><\/div>\n<\/div>\n<\/div>\n<\/div>\n<\/div>\n<\/div>\n<div style=\"clear: both; display: block; margin: 10px 0;\">\n<div style=\"clear: both; display: block; margin: 10px 0;\">\n<div style=\"clear: both; display: block; margin: 10px 0;\">\n<div  style=\"max-width:498px;max-height:215px\">\n<div style=\"clear: both; display: block; margin: 10px 0;\">\n<div style=\"clear: both; width: 100%; display: block; margin: 20px 0; padding: 0; float: none; position: static; text-align: center;\"><img decoding=\"async\"  src=\"https:\/\/a.allegroimg.com\/original\/110508\/25d660284612a61a07c88695ab49\/4x-205-70R15-Vredestein-Quatrac-5-96T-CALOROCZNE-WYPRZEDAZ\" srcset=\"https:\/\/a.allegroimg.com\/original\/110508\/25d660284612a61a07c88695ab49\/4x-205-70R15-Vredestein-Quatrac-5-96T-CALOROCZNE-WYPRZEDAZ 360w,https:\/\/a.allegroimg.com\/original\/110508\/25d660284612a61a07c88695ab49\/4x-205-70R15-Vredestein-Quatrac-5-96T-CALOROCZNE-WYPRZEDAZ 498w,https:\/\/a.allegroimg.com\/original\/110508\/25d660284612a61a07c88695ab49\/4x-205-70R15-Vredestein-Quatrac-5-96T-CALOROCZNE-WYPRZEDAZ 498w\" sizes=\"(min-width: 1200px) 560px, (min-width: 992px) 50vw, 100vw\" width=\"498px\" alt=\"4x 205\/70R15 Vredestein Quatrac 5 96T CA\u0141OROCZNE WYPRZEDA\u017b\"\/ style=\"max-width: 100%; height: auto; display: block; margin: 0 auto;\"><\/div>\n<\/div>\n<\/div>\n<\/div>\n<\/div>\n<div style=\"clear: both; display: block; margin: 10px 0;\">\n<div style=\"clear: both; display: block; margin: 10px 0;\">\n<h3 style=\"color: #2c5aa0; font-size: 18px; margin: 30px 0 15px 0; font-weight: bold; clear: both; display: block; width: 100%; float: none; position: static;\">PARAMETRY OPON:<\/h3>\n<p style=\"margin: 15px 0; line-height: 1.8; clear: both; display: block; width: 100%; float: none; position: static;\">Producent: Vredestein<\/p>\n<p style=\"margin: 15px 0; line-height: 1.8; clear: both; display: block; width: 100%; float: none; position: static;\">Kod producenta: 8714692316180<\/p>\n<p style=\"margin: 15px 0; line-height: 1.8; clear: both; display: block; width: 100%; float: none; position: static;\">EAN: 8714692316180<\/p>\n<p style=\"margin: 15px 0; line-height: 1.8; clear: both; display: block; width: 100%; float: none; position: static;\">Model: Quatrac 5<\/p>\n<p style=\"margin: 15px 0; line-height: 1.8; clear: both; display: block; width: 100%; float: none; position: static;\">Rozmiar: 205\/70R15<\/p>\n<p style=\"margin: 15px 0; line-height: 1.8; clear: both; display: block; width: 100%; float: none; position: static;\">Indeks no\u015bno\u015bci: 96<\/p>\n<p style=\"margin: 15px 0; line-height: 1.8; clear: both; display: block; width: 100%; float: none; position: static;\">Indeks pr\u0119dko\u015bci: T do 190 km\/h<\/p>\n<p style=\"margin: 15px 0; line-height: 1.8; clear: both; display: block; width: 100%; float: none; position: static;\">Op\u00f3r toczenia: C<\/p>\n<p style=\"margin: 15px 0; line-height: 1.8; clear: both; display: block; width: 100%; float: none; position: static;\">Przyczepno\u015b\u0107 na mokrej nawierzchni: C<\/p>\n<p style=\"margin: 15px 0; line-height: 1.8; clear: both; display: block; width: 100%; float: none; position: static;\">Ha\u0142as zewn\u0119trzny: 70dB<\/p>\n<p style=\"margin: 15px 0; line-height: 1.8; clear: both; display: block; width: 100%; float: none; position: static;\">Informacje dodatkowe:<\/p>\n<\/div>\n<\/div>\n<\/div>\n<div style=\"clear: both; display: block; margin: 10px 0;\">\n<div style=\"clear: both; display: block; margin: 10px 0;\">\n<div style=\"clear: both; display: block; margin: 10px 0;\">\n<h3 style=\"color: #2c5aa0; font-size: 18px; margin: 30px 0 15px 0; font-weight: bold; clear: both; display: block; width: 100%; float: none; position: static;\">Opony Vredestein Quatrac 5<\/h3>\n<p style=\"margin: 15px 0; line-height: 1.8; clear: both; display: block; width: 100%; float: none; position: static;\">Model Vredestein Quatrac 5 to produkt przeznaczony do samochod\u00f3w osobowych, poruszaj\u0105cych si\u0119 na ko\u0142ach w rozmiarze od 13 do 20 cali. To propozycja dla u\u017cytkownik\u00f3w, kt\u00f3rzy zwracaj\u0105 uwag\u0119 na harmonijne osi\u0105gi, po\u0142\u0105czone z atrakcyjn\u0105 cen\u0105 zakupu oraz ciekawym wzorem bie\u017cnika, podnosz\u0105cym og\u00f3ln\u0105 prezencj\u0119 pojazdu.<\/p>\n<p style=\"margin: 15px 0; line-height: 1.8; clear: both; display: block; width: 100%; float: none; position: static;\"><b>Testy opon Vredestein Quatrac 5<\/b>&nbsp;odbywa\u0142y si\u0119 do tej pory 22 razy w latach 2015-2020. W\u015br\u00f3d najwa\u017cniejszych osi\u0105gni\u0119\u0107 tego modelu warto wymieni\u0107 trzykrotn\u0105, najwy\u017csz\u0105 lokat\u0119: w 2015 roku w te\u015bcie Auto Bild Allrad wersji 215\/65 R16, w 2019 roku w rankingu Auto Bild rozmiaru 235\/55 R19 oraz w 2020 roku, w sprawdzianie realizowanym przez Auto Bild Allrad dla tego samego wymiaru. W pozosta\u0142ych testach model ten pojawia\u0142 si\u0119 na 2 i 3 miejscu podium, a tak\u017ce na dalszych lokatach.<\/p>\n<p style=\"margin: 15px 0; line-height: 1.8; clear: both; display: block; width: 100%; float: none; position: static;\"><b>Opinie o Vredestein Quatrac 5<\/b>&nbsp;jako g\u0142\u00f3wn\u0105 zalet\u0119 wymieniaj\u0105 wyj\u0105tkowo cich\u0105 eksploatacj\u0119. U\u017cytkownicy s\u0105 zadowoleni z doskona\u0142ego t\u0142umienia nier\u00f3wno\u015bci, wysokiej stabilno\u015bci oraz odporno\u015bci na \u015bcieranie. Model ten skutecznie zabezpiecza przed aquaplaningiem, zapewnia optymaln\u0105 przyczepno\u015b\u0107 i skr\u00f3con\u0105 drog\u0119 hamowania, a przy zachowaniu rozs\u0105dnego stylu jazdy \u2013 pozwala na bezpieczne podr\u00f3\u017cowanie nawet w ci\u0119\u017cszych, zimowych warunkach.<\/p>\n<p style=\"margin: 15px 0; line-height: 1.8; clear: both; display: block; width: 100%; float: none; position: static;\"><b>Opony Vredestein Quatrac 5<\/b>&nbsp;s\u0105 szczeg\u00f3lnie polecane dla os\u00f3b:<\/p>\n<ul style=\"margin: 15px 0; padding-left: 20px; clear: both; display: block; width: 100%; float: none; position: static;\">\n<li style=\"margin: 5px 0; padding: 2px 0; clear: both; display: list-item; float: none; position: static;\">zwracaj\u0105cych du\u017c\u0105 uwag\u0119 na komfort podr\u00f3\u017cowania i dobry wygl\u0105d ogumienia,<\/li>\n<li style=\"margin: 5px 0; padding: 2px 0; clear: both; display: list-item; float: none; position: static;\">poszukuj\u0105cych optymalnego po\u0142\u0105czenia letnich i zimowych w\u0142a\u015bciwo\u015bci w jednym, wielosezonowym modelu,<\/li>\n<li style=\"margin: 5px 0; padding: 2px 0; clear: both; display: list-item; float: none; position: static;\">chc\u0105cych korzysta\u0107 z jednego kompletu przez jak najd\u0142u\u017cszy czas.<\/li>\n<\/ul>\n<h3 style=\"color: #2c5aa0; font-size: 18px; margin: 30px 0 15px 0; font-weight: bold; clear: both; display: block; width: 100%; float: none; position: static;\">Bie\u017cnik Vredestein Quatrac 5<\/h3>\n<p style=\"margin: 15px 0; line-height: 1.8; clear: both; display: block; width: 100%; float: none; position: static;\">Vredestein Quatrac 5 wyposa\u017cono w asymetryczny, starannie dopracowany pod k\u0105tem osi\u0105g\u00f3w i stylistyki bie\u017cnik. Rowek wzd\u0142u\u017cny w jego zewn\u0119trznej strefie wraz z systemem lameli zapewniaj\u0105 przyczepno\u015b\u0107 i stabilno\u015b\u0107 na \u015bniegu i lodzie. Wewn\u0119trzna cz\u0119\u015b\u0107 wp\u0142ywa na precyzyjne reakcje na ruchy kierownicy oraz przyleganie do nawierzchni w cieplejszych okresach roku. Elastyczna mieszanka z krzemionk\u0105 zwi\u0119ksza og\u00f3ln\u0105 wytrzyma\u0142o\u015b\u0107, a w po\u0142\u0105czeniu z r\u00f3wnomiernym<\/p>\n<\/div>\n<\/div>\n<\/div>\n<div style=\"clear: both; display: block; margin: 10px 0;\">\n<div style=\"clear: both; display: block; margin: 10px 0;\">\n<div style=\"clear: both; display: block; margin: 10px 0;\">\n<div  style=\"max-width:125px;max-height:215px\">\n<div style=\"clear: both; display: block; margin: 10px 0;\">\n<div style=\"clear: both; width: 100%; display: block; margin: 20px 0; padding: 0; float: none; position: static; text-align: center;\"><img decoding=\"async\"  src=\"https:\/\/a.allegroimg.com\/original\/119f9f\/ce1d1fef44c284a08b6498e8c933\/4x-205-70R15-Vredestein-Quatrac-5-96T-CALOROCZNE-WYPRZEDAZ-EAN-GTIN-8714692316180\" srcset=\"https:\/\/a.allegroimg.com\/original\/119f9f\/ce1d1fef44c284a08b6498e8c933\/4x-205-70R15-Vredestein-Quatrac-5-96T-CALOROCZNE-WYPRZEDAZ-EAN-GTIN-8714692316180 125w,https:\/\/a.allegroimg.com\/original\/119f9f\/ce1d1fef44c284a08b6498e8c933\/4x-205-70R15-Vredestein-Quatrac-5-96T-CALOROCZNE-WYPRZEDAZ-EAN-GTIN-8714692316180 125w\" sizes=\"100vw\" width=\"125px\" alt=\"4x 205\/70R15 Vredestein Quatrac 5 96T CA\u0141OROCZNE WYPRZEDA\u017b EAN (GTIN) 8714692316180\"\/ style=\"max-width: 100%; height: auto; display: block; margin: 0 auto;\"><\/div>\n<\/div>\n<\/div>\n<\/div>\n<\/div>\n<\/div>\n<\/div>\n<\/div>\n<\/div>\n<div style=\"clear: both; display: block; margin: 10px 0;\">\n","protected":false},"excerpt":{"rendered":"<p>PARAMETRY OPON:<\/p>\n<p>Producent: Vredestein<\/p>\n<p>Kod producenta: 8714692316180<\/p>\n<p>EAN: 8714692316180<\/p>\n<p>Model: Quatrac 5<\/p>\n<p>Rozmiar: 205\/70R15<\/p>\n<p>Indeks no\u015bno\u015bci: 96<\/p>\n<p>Indeks pr\u0119dko\u015bci: T do 190 km\/h<\/p>\n","protected":false},"featured_media":11792,"template":"","meta":{"_uag_custom_page_level_css":""},"product_brand":[436],"product_cat":[416,414,413,412],"product_tag":[],"class_list":{"0":"post-11791","1":"product","2":"type-product","3":"status-publish","4":"has-post-thumbnail","6":"product_brand-vredestein","7":"product_cat-caloroczne","8":"product_cat-do-samochodow-osobowych-i-suv","9":"product_cat-opony","10":"product_cat-opony-i-felgi","12":"first","13":"instock","14":"shipping-taxable","15":"purchasable","16":"product-type-simple"},"uagb_featured_image_src":{"full":["https:\/\/oponixo.shop\/tire\/wp-content\/uploads\/2026\/01\/allegro-image-11791.jpg",498,215,false],"thumbnail":["https:\/\/oponixo.shop\/tire\/wp-content\/uploads\/2026\/01\/allegro-image-11791-150x150.jpg",150,150,true],"medium":["https:\/\/oponixo.shop\/tire\/wp-content\/uploads\/2026\/01\/allegro-image-11791-300x130.jpg",300,130,true],"medium_large":["https:\/\/oponixo.shop\/tire\/wp-content\/uploads\/2026\/01\/allegro-image-11791.jpg",498,215,false],"large":["https:\/\/oponixo.shop\/tire\/wp-content\/uploads\/2026\/01\/allegro-image-11791.jpg",498,215,false],"1536x1536":["https:\/\/oponixo.shop\/tire\/wp-content\/uploads\/2026\/01\/allegro-image-11791.jpg",498,215,false],"2048x2048":["https:\/\/oponixo.shop\/tire\/wp-content\/uploads\/2026\/01\/allegro-image-11791.jpg",498,215,false],"woocommerce_thumbnail":["https:\/\/oponixo.shop\/tire\/wp-content\/uploads\/2026\/01\/allegro-image-11791-300x215.jpg",300,215,true],"woocommerce_single":["https:\/\/oponixo.shop\/tire\/wp-content\/uploads\/2026\/01\/allegro-image-11791.jpg",498,215,false],"woocommerce_gallery_thumbnail":["https:\/\/oponixo.shop\/tire\/wp-content\/uploads\/2026\/01\/allegro-image-11791-100x100.jpg",100,100,true]},"uagb_author_info":{"display_name":"admin","author_link":"https:\/\/oponixo.shop\/tire\/author\/"},"uagb_comment_info":0,"uagb_excerpt":"PARAMETRY OPON: Producent: Vredestein Kod producenta: 8714692316180 EAN: 8714692316180 Model: Quatrac 5 Rozmiar: 205\/70R15 Indeks no\u015bno\u015bci: 96 Indeks pr\u0119dko\u015bci: T do 190 km\/h","_links":{"self":[{"href":"https:\/\/oponixo.shop\/tire\/wp-json\/wp\/v2\/product\/11791","targetHints":{"allow":["GET"]}}],"collection":[{"href":"https:\/\/oponixo.shop\/tire\/wp-json\/wp\/v2\/product"}],"about":[{"href":"https:\/\/oponixo.shop\/tire\/wp-json\/wp\/v2\/types\/product"}],"wp:featuredmedia":[{"embeddable":true,"href":"https:\/\/oponixo.shop\/tire\/wp-json\/wp\/v2\/media\/11792"}],"wp:attachment":[{"href":"https:\/\/oponixo.shop\/tire\/wp-json\/wp\/v2\/media?parent=11791"}],"wp:term":[{"taxonomy":"product_brand","embeddable":true,"href":"https:\/\/oponixo.shop\/tire\/wp-json\/wp\/v2\/product_brand?post=11791"},{"taxonomy":"product_cat","embeddable":true,"href":"https:\/\/oponixo.shop\/tire\/wp-json\/wp\/v2\/product_cat?post=11791"},{"taxonomy":"product_tag","embeddable":true,"href":"https:\/\/oponixo.shop\/tire\/wp-json\/wp\/v2\/product_tag?post=11791"}],"curies":[{"name":"wp","href":"https:\/\/api.w.org\/{rel}","templated":true}]}}