{"id":11757,"date":"2026-01-03T03:31:21","date_gmt":"2026-01-03T02:31:21","guid":{"rendered":"https:\/\/oponyexpert.shop\/xef5\/produkt\/2x-nokian-snowproof-2-suv-225-60r18-104h-xl\/"},"modified":"2026-01-03T03:31:22","modified_gmt":"2026-01-03T02:31:22","slug":"2x-nokian-snowproof-2-suv-225-60r18-104h-xl","status":"publish","type":"product","link":"https:\/\/oponixo.shop\/tire\/produkt\/2x-nokian-snowproof-2-suv-225-60r18-104h-xl\/","title":{"rendered":"2x Nokian Snowproof 2 SUV 225\/60R18 104H XL"},"content":{"rendered":"<div style=\"font-family: Arial, sans-serif; line-height: 1.6; color: #333; padding: 20px; clear: both; display: block; width: 100%; float: none; position: static; overflow: hidden;\">\n<div style=\"clear: both; display: block; margin: 10px 0;\">\n<div style=\"clear: both; display: block; margin: 10px 0;\">\n<div style=\"clear: both; display: block; margin: 10px 0;\">\n<h1>Nokian Snowproof 2 SUV <\/h1>\n<h1>225\/60 R18 104H do 210 km\/h<\/h1>\n<h2>Kod produktu: 6419440567389<\/h2>\n<p style=\"margin: 15px 0; line-height: 1.8; clear: both; display: block; width: 100%; float: none; position: static;\">Nowy Snowproof 2 SUV jest dostosowany do potrzeb pot\u0119\u017cnych i wysokich SUV-\u00f3w. Solidna i trwa\u0142a 2-warstwowa konstrukcja w po\u0142\u0105czeniu z unikalnie wzmocnionymi \u015bcianami bocznymi sprawia, \u017ce opona jest stabilna i wytrzyma wszystkie uderzenia i nier\u00f3wno\u015bci, kt\u00f3re wyst\u0119puj\u0105 podczas jazdy. Wyposa\u017cony w te same funkcje bezpiecze\u0144stwa i nowoczesne technologie, co model samochodu osobowego, Snowproof 2 SUV oferuje wi\u0119ksz\u0105 trwa\u0142o\u015b\u0107 i stabilno\u015b\u0107, jednocze\u015bnie precyzyjnie i niezawodnie radz\u0105c sobie z du\u017cym obci\u0105\u017ceniem k\u00f3\u0142. Spok\u00f3j kierowcy SUV-a zbudowany jest na nowym wzorze bie\u017cnika, kt\u00f3ry zapewnia pierwszorz\u0119dn\u0105 przyczepno\u015b\u0107 zim\u0105, a tak\u017ce precyzyjne i komfortowe prowadzenie. Koncepcja Dual Zone Safety zapewnia imponuj\u0105c\u0105 przyczepno\u015b\u0107 zim\u0105, kontrol\u0119 i stabilno\u015b\u0107. Mocna konstrukcja SUV i du\u017ce bloki barkowe na bie\u017cniku zapewniaj\u0105 dodatkow\u0105 wytrzyma\u0142o\u015b\u0107 dla du\u017cych pojazd\u00f3w. Opona Snowproof 2 SUV zapewnia doskona\u0142\u0105 trakcj\u0119 na za\u015bnie\u017conych drogach nawet przy spadku temperatur. Mieszanka Alpine Grip 2.0 pozostaje elastyczna i przyczepna nawet w bardzo niskich temperaturach. Przyczepno\u015b\u0107 na mokro jest optymalizowana dzi\u0119ki wysokiej zawarto\u015bci krzemionki. Ta nowa mieszanka wraz z wzorem bie\u017cnika zapewnia r\u00f3wnie\u017c niskie opory toczenia, co oznacza mniejsze wydatki na energi\u0119<\/p>\n<h2>Zakupione na tej aukcji opony mo\u017cesz odebra\u0107 i wymieni\u0107 w jednym z naszych serwis\u00f3w: MOTOHURT MARKI &#8211; MOTOHURT WOLA &#8211; MOTOHURT MOKOT\u00d3W<\/h2>\n<\/div>\n<\/div>\n<div style=\"clear: both; display: block; margin: 10px 0;\">\n<div style=\"clear: both; display: block; margin: 10px 0;\">\n<div  style=\"max-width:750px;max-height:1024px\">\n<div style=\"clear: both; display: block; margin: 10px 0;\">\n<div style=\"clear: both; width: 100%; display: block; margin: 20px 0; padding: 0; float: none; position: static; text-align: center;\"><img decoding=\"async\"  src=\"https:\/\/a.allegroimg.com\/original\/119eec\/e59f218c49d38b48d0c4f5396e72\/2x-Nokian-Snowproof-2-SUV-225-60R18-104H-XL\" srcset=\"https:\/\/a.allegroimg.com\/original\/119eec\/e59f218c49d38b48d0c4f5396e72\/2x-Nokian-Snowproof-2-SUV-225-60R18-104H-XL 263w,https:\/\/a.allegroimg.com\/original\/119eec\/e59f218c49d38b48d0c4f5396e72\/2x-Nokian-Snowproof-2-SUV-225-60R18-104H-XL 527w,https:\/\/a.allegroimg.com\/original\/119eec\/e59f218c49d38b48d0c4f5396e72\/2x-Nokian-Snowproof-2-SUV-225-60R18-104H-XL 750w,https:\/\/a.allegroimg.com\/original\/119eec\/e59f218c49d38b48d0c4f5396e72\/2x-Nokian-Snowproof-2-SUV-225-60R18-104H-XL 750w\" sizes=\"(min-width: 1200px) 560px, (min-width: 992px) 50vw, 100vw\" width=\"750px\" alt=\"2x Nokian Snowproof 2 SUV 225\/60R18 104H XL\"\/ style=\"max-width: 100%; height: auto; display: block; margin: 0 auto;\"><\/div>\n<\/div>\n<\/div>\n<\/div>\n<\/div>\n<\/div>\n<div style=\"clear: both; display: block; margin: 10px 0;\">\n<div style=\"clear: both; display: block; margin: 10px 0;\">\n<div style=\"clear: both; display: block; margin: 10px 0;\">\n<div  style=\"max-width:212px;max-height:305px\">\n<div style=\"clear: both; display: block; margin: 10px 0;\">\n<div style=\"clear: both; width: 100%; display: block; margin: 20px 0; padding: 0; float: none; position: static; text-align: center;\"><img decoding=\"async\"  src=\"https:\/\/a.allegroimg.com\/original\/11cdd2\/8425599c40039b31eb4426a95190\/2x-Nokian-Snowproof-2-SUV-225-60R18-104H-XL-Liczba-opon-w-ofercie-2-szt\" srcset=\"https:\/\/a.allegroimg.com\/original\/11cdd2\/8425599c40039b31eb4426a95190\/2x-Nokian-Snowproof-2-SUV-225-60R18-104H-XL-Liczba-opon-w-ofercie-2-szt 212w,https:\/\/a.allegroimg.com\/original\/11cdd2\/8425599c40039b31eb4426a95190\/2x-Nokian-Snowproof-2-SUV-225-60R18-104H-XL-Liczba-opon-w-ofercie-2-szt 212w\" sizes=\"(min-width: 1200px) 560px, (min-width: 992px) 50vw, 100vw\" width=\"212px\" alt=\"2x Nokian Snowproof 2 SUV 225\/60R18 104H XL Liczba opon w ofercie 2 szt.\"\/ style=\"max-width: 100%; height: auto; display: block; margin: 0 auto;\"><\/div>\n<\/div>\n<\/div>\n<\/div>\n<\/div>\n<div style=\"clear: both; display: block; margin: 10px 0;\">\n<div style=\"clear: both; display: block; margin: 10px 0;\">\n<h2>Marka: Nokian<\/h2>\n<h2>Liczba opon w ofercie: 2<\/h2>\n<h2>Rok produkcji: 2024<\/h2>\n<h2>Szeroko\u015b\u0107 opony: 225 mm<\/h2>\n<h2>Profil opony: 60<\/h2>\n<h2>\u015arednica: 18<\/h2>\n<h2>Indeks no\u015bno\u015bci: 104<\/h2>\n<h2>Indeks pr\u0119dko\u015bci: H do 210 km\/h<\/h2>\n<h2>Op\u00f3r toczenia: Klasa C<\/h2>\n<h2>Przyczepno\u015b\u0107 na mokrej nawierzchni: Klasa B<\/h2>\n<h2>Ha\u0142as zewn\u0119trzny: 70 dB<\/h2>\n<h2>Kod producenta: T432791<\/h2>\n<h2>Sezon: Zimowe<\/h2>\n<\/div>\n<\/div>\n<\/div>\n<\/div>\n<\/div>\n<\/div>\n<div style=\"clear: both; display: block; margin: 10px 0;\">\n","protected":false},"excerpt":{"rendered":"<p>Nokian Snowproof 2 SUV<\/p>\n<p>225\/60 R18 104H do 210 km\/h<\/p>\n<p>Kod produktu: 6419440567389<\/p>\n","protected":false},"featured_media":11758,"template":"","meta":{"_uag_custom_page_level_css":""},"product_brand":[387],"product_cat":[414,413,412,415],"product_tag":[],"class_list":{"0":"post-11757","1":"product","2":"type-product","3":"status-publish","4":"has-post-thumbnail","6":"product_brand-nokian-tyres","7":"product_cat-do-samochodow-osobowych-i-suv","8":"product_cat-opony","9":"product_cat-opony-i-felgi","10":"product_cat-zimowe","12":"first","13":"instock","14":"shipping-taxable","15":"purchasable","16":"product-type-simple"},"uagb_featured_image_src":{"full":["https:\/\/oponixo.shop\/tire\/wp-content\/uploads\/2026\/01\/allegro-image-11757.jpg",750,1024,false],"thumbnail":["https:\/\/oponixo.shop\/tire\/wp-content\/uploads\/2026\/01\/allegro-image-11757-150x150.jpg",150,150,true],"medium":["https:\/\/oponixo.shop\/tire\/wp-content\/uploads\/2026\/01\/allegro-image-11757-220x300.jpg",220,300,true],"medium_large":["https:\/\/oponixo.shop\/tire\/wp-content\/uploads\/2026\/01\/allegro-image-11757.jpg",750,1024,false],"large":["https:\/\/oponixo.shop\/tire\/wp-content\/uploads\/2026\/01\/allegro-image-11757.jpg",750,1024,false],"1536x1536":["https:\/\/oponixo.shop\/tire\/wp-content\/uploads\/2026\/01\/allegro-image-11757.jpg",750,1024,false],"2048x2048":["https:\/\/oponixo.shop\/tire\/wp-content\/uploads\/2026\/01\/allegro-image-11757.jpg",750,1024,false],"woocommerce_thumbnail":["https:\/\/oponixo.shop\/tire\/wp-content\/uploads\/2026\/01\/allegro-image-11757-300x300.jpg",300,300,true],"woocommerce_single":["https:\/\/oponixo.shop\/tire\/wp-content\/uploads\/2026\/01\/allegro-image-11757-600x819.jpg",600,819,true],"woocommerce_gallery_thumbnail":["https:\/\/oponixo.shop\/tire\/wp-content\/uploads\/2026\/01\/allegro-image-11757-100x100.jpg",100,100,true]},"uagb_author_info":{"display_name":"admin","author_link":"https:\/\/oponixo.shop\/tire\/author\/"},"uagb_comment_info":0,"uagb_excerpt":"Nokian Snowproof 2 SUV 225\/60 R18 104H do 210 km\/h Kod produktu: 6419440567389","_links":{"self":[{"href":"https:\/\/oponixo.shop\/tire\/wp-json\/wp\/v2\/product\/11757","targetHints":{"allow":["GET"]}}],"collection":[{"href":"https:\/\/oponixo.shop\/tire\/wp-json\/wp\/v2\/product"}],"about":[{"href":"https:\/\/oponixo.shop\/tire\/wp-json\/wp\/v2\/types\/product"}],"wp:featuredmedia":[{"embeddable":true,"href":"https:\/\/oponixo.shop\/tire\/wp-json\/wp\/v2\/media\/11758"}],"wp:attachment":[{"href":"https:\/\/oponixo.shop\/tire\/wp-json\/wp\/v2\/media?parent=11757"}],"wp:term":[{"taxonomy":"product_brand","embeddable":true,"href":"https:\/\/oponixo.shop\/tire\/wp-json\/wp\/v2\/product_brand?post=11757"},{"taxonomy":"product_cat","embeddable":true,"href":"https:\/\/oponixo.shop\/tire\/wp-json\/wp\/v2\/product_cat?post=11757"},{"taxonomy":"product_tag","embeddable":true,"href":"https:\/\/oponixo.shop\/tire\/wp-json\/wp\/v2\/product_tag?post=11757"}],"curies":[{"name":"wp","href":"https:\/\/api.w.org\/{rel}","templated":true}]}}