{"id":11695,"date":"2026-01-03T03:31:04","date_gmt":"2026-01-03T02:31:04","guid":{"rendered":"https:\/\/oponyexpert.shop\/xef5\/produkt\/2x-nokian-tyres-seasonproof-2-235-55r18-104v\/"},"modified":"2026-01-03T03:31:04","modified_gmt":"2026-01-03T02:31:04","slug":"2x-nokian-tyres-seasonproof-2-235-55r18-104v","status":"publish","type":"product","link":"https:\/\/oponixo.shop\/tire\/produkt\/2x-nokian-tyres-seasonproof-2-235-55r18-104v\/","title":{"rendered":"2x Nokian Tyres Seasonproof 2 235\/55R18 104V"},"content":{"rendered":"<div style=\"font-family: Arial, sans-serif; line-height: 1.6; color: #333; padding: 20px; clear: both; display: block; width: 100%; float: none; position: static; overflow: hidden;\">\n<div style=\"clear: both; display: block; margin: 10px 0;\">\n<div style=\"clear: both; display: block; margin: 10px 0;\">\n<div style=\"clear: both; display: block; margin: 10px 0;\">\n<h1>2x nowe opony caloroczne NOKIAN TYRES SEASONPROOF 2 235\/55R18 104V<\/h1>\n<p style=\"margin: 15px 0; line-height: 1.8; clear: both; display: block; width: 100%; float: none; position: static;\">Cechy produktu<\/p>\n<ul style=\"margin: 15px 0; padding-left: 20px; clear: both; display: block; width: 100%; float: none; position: static;\">\n<li style=\"margin: 5px 0; padding: 2px 0; clear: both; display: list-item; float: none; position: static;\">Marka: Nokian<\/li>\n<li style=\"margin: 5px 0; padding: 2px 0; clear: both; display: list-item; float: none; position: static;\">Model: Tyres Seasonproof 2<\/li>\n<li style=\"margin: 5px 0; padding: 2px 0; clear: both; display: list-item; float: none; position: static;\">Szeroko\u015b\u0107\/profil\/\u015brednica: 235\/55R18<\/li>\n<li style=\"margin: 5px 0; padding: 2px 0; clear: both; display: list-item; float: none; position: static;\">Indeks no\u015bno\u015bci: do 104 (900 kg na opon\u0119)<\/li>\n<li style=\"margin: 5px 0; padding: 2px 0; clear: both; display: list-item; float: none; position: static;\">Indeks pr\u0119dko\u015bci: V (do 240 km\/h)<\/li>\n<li style=\"margin: 5px 0; padding: 2px 0; clear: both; display: list-item; float: none; position: static;\">Sezon: caloroczne<\/li>\n<li style=\"margin: 5px 0; padding: 2px 0; clear: both; display: list-item; float: none; position: static;\">Typ pojazdu: 4&#215;4<\/li>\n<li style=\"margin: 5px 0; padding: 2px 0; clear: both; display: list-item; float: none; position: static;\">Klasa energetyczna: B<\/li>\n<li style=\"margin: 5px 0; padding: 2px 0; clear: both; display: list-item; float: none; position: static;\">Klasa przyczepno\u015bci: A<\/li>\n<li style=\"margin: 5px 0; padding: 2px 0; clear: both; display: list-item; float: none; position: static;\">Poziom ha\u0142asu: 70<\/li>\n<li style=\"margin: 5px 0; padding: 2px 0; clear: both; display: list-item; float: none; position: static;\">Klasa ha\u0142asu: B<\/li>\n<li style=\"margin: 5px 0; padding: 2px 0; clear: both; display: list-item; float: none; position: static;\">Rok produkcji: 2025<\/li>\n<li style=\"margin: 5px 0; padding: 2px 0; clear: both; display: list-item; float: none; position: static;\">Oznaczenia_dodatkowe: XL<\/li>\n<\/ul>\n<\/div>\n<\/div>\n<div style=\"clear: both; display: block; margin: 10px 0;\">\n<div style=\"clear: both; display: block; margin: 10px 0;\">\n<div  style=\"max-width:596px;max-height:800px\">\n<div style=\"clear: both; display: block; margin: 10px 0;\">\n<div style=\"clear: both; width: 100%; display: block; margin: 20px 0; padding: 0; float: none; position: static; text-align: center;\"><img decoding=\"async\"  src=\"https:\/\/a.allegroimg.com\/original\/111aaa\/71ea84324eb1a5201c3682b4edbd\/2x-Nokian-Tyres-Seasonproof-2-235-55R18-104V\" srcset=\"https:\/\/a.allegroimg.com\/original\/111aaa\/71ea84324eb1a5201c3682b4edbd\/2x-Nokian-Tyres-Seasonproof-2-235-55R18-104V 268w,https:\/\/a.allegroimg.com\/original\/111aaa\/71ea84324eb1a5201c3682b4edbd\/2x-Nokian-Tyres-Seasonproof-2-235-55R18-104V 536w,https:\/\/a.allegroimg.com\/original\/111aaa\/71ea84324eb1a5201c3682b4edbd\/2x-Nokian-Tyres-Seasonproof-2-235-55R18-104V 596w,https:\/\/a.allegroimg.com\/original\/111aaa\/71ea84324eb1a5201c3682b4edbd\/2x-Nokian-Tyres-Seasonproof-2-235-55R18-104V 596w\" sizes=\"(min-width: 1200px) 560px, (min-width: 992px) 50vw, 100vw\" width=\"596px\" alt=\"2x Nokian Tyres Seasonproof 2 235\/55R18 104V\"\/ style=\"max-width: 100%; height: auto; display: block; margin: 0 auto;\"><\/div>\n<\/div>\n<\/div>\n<\/div>\n<\/div>\n<\/div>\n<div style=\"clear: both; display: block; margin: 10px 0;\">\n<div style=\"clear: both; display: block; margin: 10px 0;\">\n<div style=\"clear: both; display: block; margin: 10px 0;\">\n<div  style=\"max-width:212px;max-height:305px\">\n<div style=\"clear: both; display: block; margin: 10px 0;\">\n<div style=\"clear: both; width: 100%; display: block; margin: 20px 0; padding: 0; float: none; position: static; text-align: center;\"><img decoding=\"async\"  src=\"https:\/\/a.allegroimg.com\/original\/11400d\/dee8a063497ebe05e25abb88eedb\/2x-Nokian-Tyres-Seasonproof-2-235-55R18-104V-Liczba-opon-w-ofercie-2-szt\" srcset=\"https:\/\/a.allegroimg.com\/original\/11400d\/dee8a063497ebe05e25abb88eedb\/2x-Nokian-Tyres-Seasonproof-2-235-55R18-104V-Liczba-opon-w-ofercie-2-szt 212w,https:\/\/a.allegroimg.com\/original\/11400d\/dee8a063497ebe05e25abb88eedb\/2x-Nokian-Tyres-Seasonproof-2-235-55R18-104V-Liczba-opon-w-ofercie-2-szt 212w\" sizes=\"(min-width: 1200px) 560px, (min-width: 992px) 50vw, 100vw\" width=\"212px\" alt=\"2x Nokian Tyres Seasonproof 2 235\/55R18 104V Liczba opon w ofercie 2 szt.\"\/ style=\"max-width: 100%; height: auto; display: block; margin: 0 auto;\"><\/div>\n<\/div>\n<\/div>\n<\/div>\n<\/div>\n<div style=\"clear: both; display: block; margin: 10px 0;\">\n<div style=\"clear: both; display: block; margin: 10px 0;\">\n<div  style=\"max-width:800px;max-height:400px\">\n<div style=\"clear: both; display: block; margin: 10px 0;\">\n<div style=\"clear: both; width: 100%; display: block; margin: 20px 0; padding: 0; float: none; position: static; text-align: center;\"><img decoding=\"async\"  src=\"https:\/\/a.allegroimg.com\/original\/114706\/96b8732c4312be963b04978887e9\/2x-Nokian-Tyres-Seasonproof-2-235-55R18-104V-Rok-produkcji-2025\" srcset=\"https:\/\/a.allegroimg.com\/original\/114706\/96b8732c4312be963b04978887e9\/2x-Nokian-Tyres-Seasonproof-2-235-55R18-104V-Rok-produkcji-2025 360w,https:\/\/a.allegroimg.com\/original\/114706\/96b8732c4312be963b04978887e9\/2x-Nokian-Tyres-Seasonproof-2-235-55R18-104V-Rok-produkcji-2025 720w,https:\/\/a.allegroimg.com\/original\/114706\/96b8732c4312be963b04978887e9\/2x-Nokian-Tyres-Seasonproof-2-235-55R18-104V-Rok-produkcji-2025 800w,https:\/\/a.allegroimg.com\/original\/114706\/96b8732c4312be963b04978887e9\/2x-Nokian-Tyres-Seasonproof-2-235-55R18-104V-Rok-produkcji-2025 800w\" sizes=\"(min-width: 1200px) 560px, (min-width: 992px) 50vw, 100vw\" width=\"800px\" alt=\"2x Nokian Tyres Seasonproof 2 235\/55R18 104V Rok produkcji 2025\"\/ style=\"max-width: 100%; height: auto; display: block; margin: 0 auto;\"><\/div>\n<\/div>\n<\/div>\n<\/div>\n<\/div>\n<\/div>\n<div style=\"clear: both; display: block; margin: 10px 0;\">\n<div style=\"clear: both; display: block; margin: 10px 0;\">\n<div style=\"clear: both; display: block; margin: 10px 0;\">\n<p style=\"margin: 15px 0; line-height: 1.8; clear: both; display: block; width: 100%; float: none; position: static;\">Fi\u0144ska firma Nokian Tyres jest jedynym producentem opon na \u015bwiecie, kt\u00f3ry koncentruje si\u0119 na produktach i us\u0142ugach zapewniaj\u0105cym bezpieczn\u0105 jazd\u0119 w warunkach panuj\u0105cych na P\u00f3\u0142nocy. Innowacyjne opony do pojazd\u00f3w osobowych i ci\u0119\u017carowych oraz ci\u0119\u017ckich maszyn u\u017cytkowych oferowane s\u0105 g\u0142\u00f3wnie na rynkach w krajach, w kt\u00f3rych opr\u00f3cz \u015bniegu i las\u00f3w wymagaj\u0105ce warunki drogowe obejmuj\u0105 r\u00f3wnie\u017c zmiany zwi\u0105zane z porami roku. Nokian Tyres udoskonala swoje produkty maj\u0105c na uwadze bezpiecze\u0144stwo i przyjazno\u015b\u0107 dla \u015brodowiska w ca\u0142ym cyklu \u017cycia produktu<\/p>\n<p style=\"margin: 15px 0; line-height: 1.8; clear: both; display: block; width: 100%; float: none; position: static;\">W latach 2005-2022 opony Nokian by\u0142y produkowane mi\u0119dzy innymi w Rosji, jednak w zwi\u0105zku z agresj\u0105 na Ukrain\u0119 produkcja w tym kraju zosta\u0142a zako\u0144czona. W 2023 roku na terenie Unii Europejskiej rozpocz\u0119to budow\u0119 nowej fabryki, kt\u00f3ra b\u0119dzie gotowa w 2024-2025 roku<\/p>\n<\/div>\n<\/div>\n<\/div>\n<\/div>\n<\/div>\n<\/div>\n<div style=\"clear: both; display: block; margin: 10px 0;\">\n","protected":false},"excerpt":{"rendered":"<p>2x nowe opony caloroczne NOKIAN TYRES SEASONPROOF 2 235\/55R18 104V<\/p>\n<p>Cechy produktu<\/p>\n<p>Marka: Nokian<\/p>\n<p>Model: Tyres Seasonproof 2<\/p>\n<p>Szeroko\u015b\u0107\/profil\/\u015brednica: 235\/55R18<\/p>\n<p>Indeks no\u015bno\u015bci: do 104 (900 kg na opon\u0119)<\/p>\n<p>Indeks pr\u0119dko\u015bci: V (do 240 km\/h)<\/p>\n<p>Sezon: caloroczne<\/p>\n","protected":false},"featured_media":11696,"template":"","meta":{"_uag_custom_page_level_css":""},"product_brand":[387],"product_cat":[416,414,413,412],"product_tag":[],"class_list":{"0":"post-11695","1":"product","2":"type-product","3":"status-publish","4":"has-post-thumbnail","6":"product_brand-nokian-tyres","7":"product_cat-caloroczne","8":"product_cat-do-samochodow-osobowych-i-suv","9":"product_cat-opony","10":"product_cat-opony-i-felgi","12":"first","13":"instock","14":"shipping-taxable","15":"purchasable","16":"product-type-simple"},"uagb_featured_image_src":{"full":["https:\/\/oponixo.shop\/tire\/wp-content\/uploads\/2026\/01\/allegro-image-11695.jpg",596,800,false],"thumbnail":["https:\/\/oponixo.shop\/tire\/wp-content\/uploads\/2026\/01\/allegro-image-11695-150x150.jpg",150,150,true],"medium":["https:\/\/oponixo.shop\/tire\/wp-content\/uploads\/2026\/01\/allegro-image-11695-224x300.jpg",224,300,true],"medium_large":["https:\/\/oponixo.shop\/tire\/wp-content\/uploads\/2026\/01\/allegro-image-11695.jpg",596,800,false],"large":["https:\/\/oponixo.shop\/tire\/wp-content\/uploads\/2026\/01\/allegro-image-11695.jpg",596,800,false],"1536x1536":["https:\/\/oponixo.shop\/tire\/wp-content\/uploads\/2026\/01\/allegro-image-11695.jpg",596,800,false],"2048x2048":["https:\/\/oponixo.shop\/tire\/wp-content\/uploads\/2026\/01\/allegro-image-11695.jpg",596,800,false],"woocommerce_thumbnail":["https:\/\/oponixo.shop\/tire\/wp-content\/uploads\/2026\/01\/allegro-image-11695-300x300.jpg",300,300,true],"woocommerce_single":["https:\/\/oponixo.shop\/tire\/wp-content\/uploads\/2026\/01\/allegro-image-11695.jpg",596,800,false],"woocommerce_gallery_thumbnail":["https:\/\/oponixo.shop\/tire\/wp-content\/uploads\/2026\/01\/allegro-image-11695-100x100.jpg",100,100,true]},"uagb_author_info":{"display_name":"admin","author_link":"https:\/\/oponixo.shop\/tire\/author\/"},"uagb_comment_info":0,"uagb_excerpt":"2x nowe opony caloroczne NOKIAN TYRES SEASONPROOF 2 235\/55R18 104V Cechy produktu Marka: Nokian Model: Tyres Seasonproof 2 Szeroko\u015b\u0107\/profil\/\u015brednica: 235\/55R18 Indeks no\u015bno\u015bci: do 104 (900 kg na opon\u0119) Indeks pr\u0119dko\u015bci: V (do 240 km\/h) Sezon: caloroczne","_links":{"self":[{"href":"https:\/\/oponixo.shop\/tire\/wp-json\/wp\/v2\/product\/11695","targetHints":{"allow":["GET"]}}],"collection":[{"href":"https:\/\/oponixo.shop\/tire\/wp-json\/wp\/v2\/product"}],"about":[{"href":"https:\/\/oponixo.shop\/tire\/wp-json\/wp\/v2\/types\/product"}],"wp:featuredmedia":[{"embeddable":true,"href":"https:\/\/oponixo.shop\/tire\/wp-json\/wp\/v2\/media\/11696"}],"wp:attachment":[{"href":"https:\/\/oponixo.shop\/tire\/wp-json\/wp\/v2\/media?parent=11695"}],"wp:term":[{"taxonomy":"product_brand","embeddable":true,"href":"https:\/\/oponixo.shop\/tire\/wp-json\/wp\/v2\/product_brand?post=11695"},{"taxonomy":"product_cat","embeddable":true,"href":"https:\/\/oponixo.shop\/tire\/wp-json\/wp\/v2\/product_cat?post=11695"},{"taxonomy":"product_tag","embeddable":true,"href":"https:\/\/oponixo.shop\/tire\/wp-json\/wp\/v2\/product_tag?post=11695"}],"curies":[{"name":"wp","href":"https:\/\/api.w.org\/{rel}","templated":true}]}}