{"id":11590,"date":"2026-01-01T22:23:37","date_gmt":"2026-01-01T21:23:37","guid":{"rendered":"https:\/\/oponyexpert.shop\/xef5\/produkt\/2-opony-zimowe-225-50r18-99v-continental-ts-870\/"},"modified":"2026-01-01T22:23:37","modified_gmt":"2026-01-01T21:23:37","slug":"2-opony-zimowe-225-50r18-99v-continental-ts-870","status":"publish","type":"product","link":"https:\/\/oponixo.shop\/tire\/produkt\/2-opony-zimowe-225-50r18-99v-continental-ts-870\/","title":{"rendered":"2 opony zimowe 225\/50R18 99V CONTINENTAL TS 870"},"content":{"rendered":"<div style=\"font-family: Arial, sans-serif; line-height: 1.6; color: #333; padding: 20px; clear: both; display: block; width: 100%; float: none; position: static; overflow: hidden;\">\n<div style=\"clear: both; display: block; margin: 10px 0;\">\n<div style=\"clear: both; display: block; margin: 10px 0;\">\n<div style=\"clear: both; display: block; margin: 10px 0;\">\n<ul style=\"margin: 15px 0; padding-left: 20px; clear: both; display: block; width: 100%; float: none; position: static;\">\n<li style=\"margin: 5px 0; padding: 2px 0; clear: both; display: list-item; float: none; position: static;\">MARKA\/MODEL: <b>CONTINENTAL WinterContact TS 870<\/b><\/li>\n<li style=\"margin: 5px 0; padding: 2px 0; clear: both; display: list-item; float: none; position: static;\">ROZMIAR OPON: <b> 225\/50R18<\/b><\/li>\n<li style=\"margin: 5px 0; padding: 2px 0; clear: both; display: list-item; float: none; position: static;\">INDEKS PR\u0118DKO\u015aCI: <b>V<\/b><\/li>\n<li style=\"margin: 5px 0; padding: 2px 0; clear: both; display: list-item; float: none; position: static;\">INDEKS NO\u015aNO\u015aCI: <b>99<\/b><\/li>\n<li style=\"margin: 5px 0; padding: 2px 0; clear: both; display: list-item; float: none; position: static;\">DATA PRODUKCJI: <b>nie starsze ni\u017c sierpie\u0144 2022<\/b><\/li>\n<li style=\"margin: 5px 0; padding: 2px 0; clear: both; display: list-item; float: none; position: static;\">SEZON: <b>Zimowe<\/b><\/li>\n<li style=\"margin: 5px 0; padding: 2px 0; clear: both; display: list-item; float: none; position: static;\">STAN: <b>Nowy<\/b><\/li>\n<li style=\"margin: 5px 0; padding: 2px 0; clear: both; display: list-item; float: none; position: static;\">RANT OCHRONNY NA FELG\u0118: <b>TAK<\/b><\/li>\n<li style=\"margin: 5px 0; padding: 2px 0; clear: both; display: list-item; float: none; position: static;\">DODATKOWE OZNACZENIA: <\/li>\n<\/ul>\n<\/div>\n<\/div>\n<div style=\"clear: both; display: block; margin: 10px 0;\">\n<div style=\"clear: both; display: block; margin: 10px 0;\">\n<div  style=\"max-width:1000px;max-height:1000px\">\n<div style=\"clear: both; display: block; margin: 10px 0;\">\n<div style=\"clear: both; width: 100%; display: block; margin: 20px 0; padding: 0; float: none; position: static; text-align: center;\"><img decoding=\"async\"  src=\"https:\/\/a.allegroimg.com\/original\/11343f\/215664ee4133bf382ea002146cec\/2-opony-zimowe-225-50R18-99V-CONTINENTAL-TS-870\" srcset=\"https:\/\/a.allegroimg.com\/original\/11343f\/215664ee4133bf382ea002146cec\/2-opony-zimowe-225-50R18-99V-CONTINENTAL-TS-870 360w,https:\/\/a.allegroimg.com\/original\/11343f\/215664ee4133bf382ea002146cec\/2-opony-zimowe-225-50R18-99V-CONTINENTAL-TS-870 720w,https:\/\/a.allegroimg.com\/original\/11343f\/215664ee4133bf382ea002146cec\/2-opony-zimowe-225-50R18-99V-CONTINENTAL-TS-870 1000w,https:\/\/a.allegroimg.com\/original\/11343f\/215664ee4133bf382ea002146cec\/2-opony-zimowe-225-50R18-99V-CONTINENTAL-TS-870 1000w\" sizes=\"(min-width: 1200px) 560px, (min-width: 992px) 50vw, 100vw\" width=\"1000px\" alt=\"2 opony zimowe 225\/50R18 99V CONTINENTAL TS 870\"\/ style=\"max-width: 100%; height: auto; display: block; margin: 0 auto;\"><\/div>\n<\/div>\n<\/div>\n<\/div>\n<\/div>\n<\/div>\n<div style=\"clear: both; display: block; margin: 10px 0;\">\n<div style=\"clear: both; display: block; margin: 10px 0;\">\n<div style=\"clear: both; display: block; margin: 10px 0;\">\n<div  style=\"max-width:886px;max-height:1299px\">\n<div style=\"clear: both; display: block; margin: 10px 0;\">\n<div style=\"clear: both; width: 100%; display: block; margin: 20px 0; padding: 0; float: none; position: static; text-align: center;\"><img decoding=\"async\"  src=\"https:\/\/a.allegroimg.com\/original\/11e7f2\/957e248f4b02a261d5d1783dd98c\/2-opony-zimowe-225-50R18-99V-CONTINENTAL-TS-870-Liczba-opon-w-ofercie-2-szt\" srcset=\"https:\/\/a.allegroimg.com\/original\/11e7f2\/957e248f4b02a261d5d1783dd98c\/2-opony-zimowe-225-50R18-99V-CONTINENTAL-TS-870-Liczba-opon-w-ofercie-2-szt 245w,https:\/\/a.allegroimg.com\/original\/11e7f2\/957e248f4b02a261d5d1783dd98c\/2-opony-zimowe-225-50R18-99V-CONTINENTAL-TS-870-Liczba-opon-w-ofercie-2-szt 491w,https:\/\/a.allegroimg.com\/original\/11e7f2\/957e248f4b02a261d5d1783dd98c\/2-opony-zimowe-225-50R18-99V-CONTINENTAL-TS-870-Liczba-opon-w-ofercie-2-szt 698w,https:\/\/a.allegroimg.com\/original\/11e7f2\/957e248f4b02a261d5d1783dd98c\/2-opony-zimowe-225-50R18-99V-CONTINENTAL-TS-870-Liczba-opon-w-ofercie-2-szt 886w,https:\/\/a.allegroimg.com\/original\/11e7f2\/957e248f4b02a261d5d1783dd98c\/2-opony-zimowe-225-50R18-99V-CONTINENTAL-TS-870-Liczba-opon-w-ofercie-2-szt 886w\" sizes=\"100vw\" width=\"886px\" alt=\"2 opony zimowe 225\/50R18 99V CONTINENTAL TS 870 Liczba opon w ofercie 2 szt.\"\/ style=\"max-width: 100%; height: auto; display: block; margin: 0 auto;\"><\/div>\n<\/div>\n<\/div>\n<\/div>\n<\/div>\n<\/div>\n<div style=\"clear: both; display: block; margin: 10px 0;\">\n<div style=\"clear: both; display: block; margin: 10px 0;\">\n<div style=\"clear: both; display: block; margin: 10px 0;\">\n<div  style=\"max-width:1600px;max-height:491px\">\n<div style=\"clear: both; display: block; margin: 10px 0;\">\n<div style=\"clear: both; width: 100%; display: block; margin: 20px 0; padding: 0; float: none; position: static; text-align: center;\"><img decoding=\"async\"  src=\"https:\/\/a.allegroimg.com\/original\/1133e5\/8654dd374abeb7c015695d79f8c1\/2-opony-zimowe-225-50R18-99V-CONTINENTAL-TS-870-Rok-produkcji-2022\" srcset=\"https:\/\/a.allegroimg.com\/original\/1133e5\/8654dd374abeb7c015695d79f8c1\/2-opony-zimowe-225-50R18-99V-CONTINENTAL-TS-870-Rok-produkcji-2022 360w,https:\/\/a.allegroimg.com\/original\/1133e5\/8654dd374abeb7c015695d79f8c1\/2-opony-zimowe-225-50R18-99V-CONTINENTAL-TS-870-Rok-produkcji-2022 720w,https:\/\/a.allegroimg.com\/original\/1133e5\/8654dd374abeb7c015695d79f8c1\/2-opony-zimowe-225-50R18-99V-CONTINENTAL-TS-870-Rok-produkcji-2022 1024w,https:\/\/a.allegroimg.com\/original\/1133e5\/8654dd374abeb7c015695d79f8c1\/2-opony-zimowe-225-50R18-99V-CONTINENTAL-TS-870-Rok-produkcji-2022 1440w,https:\/\/a.allegroimg.com\/original\/1133e5\/8654dd374abeb7c015695d79f8c1\/2-opony-zimowe-225-50R18-99V-CONTINENTAL-TS-870-Rok-produkcji-2022 1600w\" sizes=\"(min-width: 1200px) 560px, (min-width: 992px) 50vw, 100vw\" width=\"1600px\" alt=\"2 opony zimowe 225\/50R18 99V CONTINENTAL TS 870 Rok produkcji 2022\"\/ style=\"max-width: 100%; height: auto; display: block; margin: 0 auto;\"><\/div>\n<\/div>\n<\/div>\n<\/div>\n<\/div>\n<div style=\"clear: both; display: block; margin: 10px 0;\">\n<div style=\"clear: both; display: block; margin: 10px 0;\">\n<p style=\"margin: 15px 0; line-height: 1.8; clear: both; display: block; width: 100%; float: none; position: static;\"><b>Continental<\/b> to jeden z najwi\u0119kszych na \u015bwiecie producent\u00f3w opon. Marka powsta\u0142a w 1871 roku w Hanowerze. Koncern zatrudnia ponad 208 000 os\u00f3b w 53 krajach. Przedsi\u0119biorstwo s\u0142ynie g\u0142\u00f3wnie z produkcji opon do pojazd\u00f3w osobowych, ci\u0119\u017carowych, rolniczych i motocykli. Zajmuje si\u0119 tak\u017ce tworzeniem uk\u0142ad\u00f3w hamulcowych, system\u00f3w i komponent\u00f3w do uk\u0142ad\u00f3w nap\u0119dowych i podwozi, oprzyrz\u0105dowania, rozwi\u0105za\u0144 informacyjno-rozrywkowych, elektroniki samochodowej i elastomer\u00f3w technicznych. Firma s\u0142ynie z innowacyjnych technologicznie rozwi\u0105za\u0144 i produkt\u00f3w najwy\u017cszej jako\u015bci. Marka przyczynia si\u0119 do poprawy bezpiecze\u0144stwa jazdy i ochrony \u015bwiatowego klimatu. Do grupy Continental nale\u017c\u0105 m.in. takie marki opon jak: Barum, Uniroyal, Viking, Matador.<\/p>\n<\/div>\n<\/div>\n<\/div>\n<div style=\"clear: both; display: block; margin: 10px 0;\">\n<div style=\"clear: both; display: block; margin: 10px 0;\">\n<div style=\"clear: both; display: block; margin: 10px 0;\">\n<div  style=\"max-width:931px;max-height:726px\">\n<div style=\"clear: both; display: block; margin: 10px 0;\">\n<div style=\"clear: both; width: 100%; display: block; margin: 20px 0; padding: 0; float: none; position: static; text-align: center;\"><img decoding=\"async\"  src=\"https:\/\/a.allegroimg.com\/original\/11dccc\/20878de34a688ab723726986cac2\/2-opony-zimowe-225-50R18-99V-CONTINENTAL-TS-870-Marka-Continental\" srcset=\"https:\/\/a.allegroimg.com\/original\/11dccc\/20878de34a688ab723726986cac2\/2-opony-zimowe-225-50R18-99V-CONTINENTAL-TS-870-Marka-Continental 360w,https:\/\/a.allegroimg.com\/original\/11dccc\/20878de34a688ab723726986cac2\/2-opony-zimowe-225-50R18-99V-CONTINENTAL-TS-870-Marka-Continental 720w,https:\/\/a.allegroimg.com\/original\/11dccc\/20878de34a688ab723726986cac2\/2-opony-zimowe-225-50R18-99V-CONTINENTAL-TS-870-Marka-Continental 931w,https:\/\/a.allegroimg.com\/original\/11dccc\/20878de34a688ab723726986cac2\/2-opony-zimowe-225-50R18-99V-CONTINENTAL-TS-870-Marka-Continental 931w\" sizes=\"100vw\" width=\"931px\" alt=\"2 opony zimowe 225\/50R18 99V CONTINENTAL TS 870 Marka Continental\"\/ style=\"max-width: 100%; height: auto; display: block; margin: 0 auto;\"><\/div>\n<\/div>\n<\/div>\n<\/div>\n<\/div>\n<\/div>\n<div style=\"clear: both; display: block; margin: 10px 0;\">\n<div style=\"clear: both; display: block; margin: 10px 0;\">\n<div style=\"clear: both; display: block; margin: 10px 0;\">\n<h2>Na naszych innych aukcjach Allegro znajdziesz felgi stalowe i aluminiowe, czujniki (TPMS) oraz \u015bruby i nakr\u0119tki.<\/h2>\n<\/div>\n<\/div>\n<\/div>\n<\/div>\n<\/div>\n<\/div>\n<div style=\"clear: both; display: block; margin: 10px 0;\">\n","protected":false},"excerpt":{"rendered":"<p>MARKA\/MODEL: CONTINENTAL WinterContact TS 870<\/p>\n<p>ROZMIAR OPON: 225\/50R18<\/p>\n<p>INDEKS PR\u0118DKO\u015aCI: V<\/p>\n<p>INDEKS NO\u015aNO\u015aCI: 99<\/p>\n<p>DATA PRODUKCJI: nie starsze ni\u017c sierpie\u0144 2022<\/p>\n<p>SEZON: Zimowe<\/p>\n<p>STAN: Nowy<\/p>\n<p>RANT OCHRONNY NA FELG\u0118: TAK<\/p>\n","protected":false},"featured_media":11591,"template":"","meta":{"_uag_custom_page_level_css":""},"product_brand":[396],"product_cat":[414,413,412,415],"product_tag":[],"class_list":{"0":"post-11590","1":"product","2":"type-product","3":"status-publish","4":"has-post-thumbnail","6":"product_brand-continental","7":"product_cat-do-samochodow-osobowych-i-suv","8":"product_cat-opony","9":"product_cat-opony-i-felgi","10":"product_cat-zimowe","12":"first","13":"instock","14":"shipping-taxable","15":"purchasable","16":"product-type-simple"},"uagb_featured_image_src":{"full":["https:\/\/oponixo.shop\/tire\/wp-content\/uploads\/2026\/01\/allegro-image-11590.jpg",1000,1000,false],"thumbnail":["https:\/\/oponixo.shop\/tire\/wp-content\/uploads\/2026\/01\/allegro-image-11590-150x150.jpg",150,150,true],"medium":["https:\/\/oponixo.shop\/tire\/wp-content\/uploads\/2026\/01\/allegro-image-11590-300x300.jpg",300,300,true],"medium_large":["https:\/\/oponixo.shop\/tire\/wp-content\/uploads\/2026\/01\/allegro-image-11590-768x768.jpg",768,768,true],"large":["https:\/\/oponixo.shop\/tire\/wp-content\/uploads\/2026\/01\/allegro-image-11590.jpg",1000,1000,false],"1536x1536":["https:\/\/oponixo.shop\/tire\/wp-content\/uploads\/2026\/01\/allegro-image-11590.jpg",1000,1000,false],"2048x2048":["https:\/\/oponixo.shop\/tire\/wp-content\/uploads\/2026\/01\/allegro-image-11590.jpg",1000,1000,false],"woocommerce_thumbnail":["https:\/\/oponixo.shop\/tire\/wp-content\/uploads\/2026\/01\/allegro-image-11590-300x300.jpg",300,300,true],"woocommerce_single":["https:\/\/oponixo.shop\/tire\/wp-content\/uploads\/2026\/01\/allegro-image-11590-600x600.jpg",600,600,true],"woocommerce_gallery_thumbnail":["https:\/\/oponixo.shop\/tire\/wp-content\/uploads\/2026\/01\/allegro-image-11590-100x100.jpg",100,100,true]},"uagb_author_info":{"display_name":"admin","author_link":"https:\/\/oponixo.shop\/tire\/author\/"},"uagb_comment_info":0,"uagb_excerpt":"MARKA\/MODEL: CONTINENTAL WinterContact TS 870 ROZMIAR OPON: 225\/50R18 INDEKS PR\u0118DKO\u015aCI: V INDEKS NO\u015aNO\u015aCI: 99 DATA PRODUKCJI: nie starsze ni\u017c sierpie\u0144 2022 SEZON: Zimowe STAN: Nowy RANT OCHRONNY NA FELG\u0118: TAK","_links":{"self":[{"href":"https:\/\/oponixo.shop\/tire\/wp-json\/wp\/v2\/product\/11590","targetHints":{"allow":["GET"]}}],"collection":[{"href":"https:\/\/oponixo.shop\/tire\/wp-json\/wp\/v2\/product"}],"about":[{"href":"https:\/\/oponixo.shop\/tire\/wp-json\/wp\/v2\/types\/product"}],"wp:featuredmedia":[{"embeddable":true,"href":"https:\/\/oponixo.shop\/tire\/wp-json\/wp\/v2\/media\/11591"}],"wp:attachment":[{"href":"https:\/\/oponixo.shop\/tire\/wp-json\/wp\/v2\/media?parent=11590"}],"wp:term":[{"taxonomy":"product_brand","embeddable":true,"href":"https:\/\/oponixo.shop\/tire\/wp-json\/wp\/v2\/product_brand?post=11590"},{"taxonomy":"product_cat","embeddable":true,"href":"https:\/\/oponixo.shop\/tire\/wp-json\/wp\/v2\/product_cat?post=11590"},{"taxonomy":"product_tag","embeddable":true,"href":"https:\/\/oponixo.shop\/tire\/wp-json\/wp\/v2\/product_tag?post=11590"}],"curies":[{"name":"wp","href":"https:\/\/api.w.org\/{rel}","templated":true}]}}