{"id":11570,"date":"2026-01-01T22:23:31","date_gmt":"2026-01-01T21:23:31","guid":{"rendered":"https:\/\/oponyexpert.shop\/xef5\/produkt\/2-opony-zimowe-255-50r19-107v-kormoran-suv-snow-2\/"},"modified":"2026-01-01T22:23:31","modified_gmt":"2026-01-01T21:23:31","slug":"2-opony-zimowe-255-50r19-107v-kormoran-suv-snow-2","status":"publish","type":"product","link":"https:\/\/oponexa.shop\/tire\/produkt\/2-opony-zimowe-255-50r19-107v-kormoran-suv-snow-2\/","title":{"rendered":"2 opony zimowe 255\/50R19 107V KORMORAN SUV Snow"},"content":{"rendered":"<div style=\"font-family: Arial, sans-serif; line-height: 1.6; color: #333; padding: 20px; clear: both; display: block; width: 100%; float: none; position: static; overflow: hidden;\">\n<div style=\"clear: both; display: block; margin: 10px 0;\">\n<div style=\"clear: both; display: block; margin: 10px 0;\">\n<div style=\"clear: both; display: block; margin: 10px 0;\">\n<ul style=\"margin: 15px 0; padding-left: 20px; clear: both; display: block; width: 100%; float: none; position: static;\">\n<li style=\"margin: 5px 0; padding: 2px 0; clear: both; display: list-item; float: none; position: static;\">MARKA\/MODEL: <b>KORMORAN SUV Snow<\/b><\/li>\n<li style=\"margin: 5px 0; padding: 2px 0; clear: both; display: list-item; float: none; position: static;\">ROZMIAR OPON: <b> 255\/50R19<\/b><\/li>\n<li style=\"margin: 5px 0; padding: 2px 0; clear: both; display: list-item; float: none; position: static;\">INDEKS PR\u0118DKO\u015aCI: <b>V<\/b><\/li>\n<li style=\"margin: 5px 0; padding: 2px 0; clear: both; display: list-item; float: none; position: static;\">INDEKS NO\u015aNO\u015aCI: <b>107 XL<\/b><\/li>\n<li style=\"margin: 5px 0; padding: 2px 0; clear: both; display: list-item; float: none; position: static;\">DATA PRODUKCJI: <b>nie starsze ni\u017c 2024<\/b><\/li>\n<li style=\"margin: 5px 0; padding: 2px 0; clear: both; display: list-item; float: none; position: static;\">SEZON: <b>Zimowe<\/b><\/li>\n<li style=\"margin: 5px 0; padding: 2px 0; clear: both; display: list-item; float: none; position: static;\">STAN: <b>Nowy<\/b><\/li>\n<li style=\"margin: 5px 0; padding: 2px 0; clear: both; display: list-item; float: none; position: static;\">RANT OCHRONNY NA FELG\u0118: <b>Brak<\/b><\/li>\n<li style=\"margin: 5px 0; padding: 2px 0; clear: both; display: list-item; float: none; position: static;\">DODATKOWE OZNACZENIA: <\/li>\n<\/ul>\n<p style=\"margin: 15px 0; line-height: 1.8; clear: both; display: block; width: 100%; float: none; position: static;\">Prezentowana opona w zimowym bie\u017cniku <b>Suv<\/b> <b>Snow<\/b> przeznaczona jest do aut typu suv oraz 4&#215;4. Posiada nowoczesny <b>kierunkowy<\/b> wz\u00f3r bie\u017cnika, a dzi\u0119ki zastosowaniu nowej mieszanki gumowej jest zaawansowan\u0105 technologicznie propozycj\u0105 <b>koncernu Michelin. <\/b>Masywny bie\u017cnik z licznymi, szerokimi rowkami bocznymi efektywnie <b>odprowadza<\/b> wod\u0119, a tak\u017ce przyczynia si\u0119 do szybkiego osuszania opony. Zapewnia dobr\u0105 <b>przyczepno\u015b\u0107<\/b> na <b>\u015bniegu<\/b>, <b>lodzie<\/b>, a tak\u017ce <b>b\u0142ocie po\u015bniegowym<\/b>. Na szczeg\u00f3ln\u0105 uwag\u0119 zas\u0142uguje <b>g\u0142\u0119boki<\/b> <b>bie\u017cnik, <\/b>dzi\u0119ki kt\u00f3remu poradzi sobie nawet w najbardziej <b>ekstremalnych<\/b> warunkach. Opona zapewnia <b>stabilno\u015b\u0107<\/b> i <b>komfort<\/b> prowadzenia. Niew\u0105tpliw\u0105 zalet\u0105 jest dobry stosunek jako\u015bci do <b>ceny<\/b>. Kupuj\u0105c produkt tej marki wybierasz <b>solidnie<\/b> wykonan\u0105, <b>trwa\u0142\u0105<\/b> i ciesz\u0105c\u0105 si\u0119 <b>uznaniem<\/b> kierowc\u00f3w, opon\u0119.<\/p>\n<\/div>\n<\/div>\n<div style=\"clear: both; display: block; margin: 10px 0;\">\n<div style=\"clear: both; display: block; margin: 10px 0;\">\n<div  style=\"max-width:550px;max-height:550px\">\n<div style=\"clear: both; display: block; margin: 10px 0;\">\n<div style=\"clear: both; width: 100%; display: block; margin: 20px 0; padding: 0; float: none; position: static; text-align: center;\"><img decoding=\"async\"  src=\"https:\/\/a.allegroimg.com\/original\/112d4a\/0a0d314f4a5a8a059497b344a23b\/2-opony-zimowe-255-50R19-107V-KORMORAN-SUV-Snow\" srcset=\"https:\/\/a.allegroimg.com\/original\/112d4a\/0a0d314f4a5a8a059497b344a23b\/2-opony-zimowe-255-50R19-107V-KORMORAN-SUV-Snow 360w,https:\/\/a.allegroimg.com\/original\/112d4a\/0a0d314f4a5a8a059497b344a23b\/2-opony-zimowe-255-50R19-107V-KORMORAN-SUV-Snow 550w,https:\/\/a.allegroimg.com\/original\/112d4a\/0a0d314f4a5a8a059497b344a23b\/2-opony-zimowe-255-50R19-107V-KORMORAN-SUV-Snow 550w\" sizes=\"(min-width: 1200px) 560px, (min-width: 992px) 50vw, 100vw\" width=\"550px\" alt=\"2 opony zimowe 255\/50R19 107V KORMORAN SUV Snow\"\/ style=\"max-width: 100%; height: auto; display: block; margin: 0 auto;\"><\/div>\n<\/div>\n<\/div>\n<\/div>\n<\/div>\n<\/div>\n<div style=\"clear: both; display: block; margin: 10px 0;\">\n<div style=\"clear: both; display: block; margin: 10px 0;\">\n<div style=\"clear: both; display: block; margin: 10px 0;\">\n<div  style=\"max-width:213px;max-height:312px\">\n<div style=\"clear: both; display: block; margin: 10px 0;\">\n<div style=\"clear: both; width: 100%; display: block; margin: 20px 0; padding: 0; float: none; position: static; text-align: center;\"><img decoding=\"async\"  src=\"https:\/\/a.allegroimg.com\/original\/11073d\/d90cbfa64d2f8fadc33bc4a7dfc5\/2-opony-zimowe-255-50R19-107V-KORMORAN-SUV-Snow-Marka-Kormoran\" srcset=\"https:\/\/a.allegroimg.com\/original\/11073d\/d90cbfa64d2f8fadc33bc4a7dfc5\/2-opony-zimowe-255-50R19-107V-KORMORAN-SUV-Snow-Marka-Kormoran 213w,https:\/\/a.allegroimg.com\/original\/11073d\/d90cbfa64d2f8fadc33bc4a7dfc5\/2-opony-zimowe-255-50R19-107V-KORMORAN-SUV-Snow-Marka-Kormoran 213w\" sizes=\"(min-width: 1200px) 560px, (min-width: 992px) 50vw, 100vw\" width=\"213px\" alt=\"2 opony zimowe 255\/50R19 107V KORMORAN SUV Snow Marka Kormoran\"\/ style=\"max-width: 100%; height: auto; display: block; margin: 0 auto;\"><\/div>\n<\/div>\n<\/div>\n<\/div>\n<\/div>\n<div style=\"clear: both; display: block; margin: 10px 0;\">\n<div style=\"clear: both; display: block; margin: 10px 0;\">\n<div  style=\"max-width:640px;max-height:640px\">\n<div style=\"clear: both; display: block; margin: 10px 0;\">\n<div style=\"clear: both; width: 100%; display: block; margin: 20px 0; padding: 0; float: none; position: static; text-align: center;\"><img decoding=\"async\"  src=\"https:\/\/a.allegroimg.com\/original\/113f0a\/7917914f415587f0b0bbcaa28e9e\/2-opony-zimowe-255-50R19-107V-KORMORAN-SUV-Snow-Liczba-opon-w-ofercie-2-szt\" srcset=\"https:\/\/a.allegroimg.com\/original\/113f0a\/7917914f415587f0b0bbcaa28e9e\/2-opony-zimowe-255-50R19-107V-KORMORAN-SUV-Snow-Liczba-opon-w-ofercie-2-szt 360w,https:\/\/a.allegroimg.com\/original\/113f0a\/7917914f415587f0b0bbcaa28e9e\/2-opony-zimowe-255-50R19-107V-KORMORAN-SUV-Snow-Liczba-opon-w-ofercie-2-szt 640w,https:\/\/a.allegroimg.com\/original\/113f0a\/7917914f415587f0b0bbcaa28e9e\/2-opony-zimowe-255-50R19-107V-KORMORAN-SUV-Snow-Liczba-opon-w-ofercie-2-szt 640w\" sizes=\"(min-width: 1200px) 560px, (min-width: 992px) 50vw, 100vw\" width=\"640px\" alt=\"2 opony zimowe 255\/50R19 107V KORMORAN SUV Snow Liczba opon w ofercie 2 szt.\"\/ style=\"max-width: 100%; height: auto; display: block; margin: 0 auto;\"><\/div>\n<\/div>\n<\/div>\n<\/div>\n<\/div>\n<\/div>\n<div style=\"clear: both; display: block; margin: 10px 0;\">\n<div style=\"clear: both; display: block; margin: 10px 0;\">\n<div style=\"clear: both; display: block; margin: 10px 0;\">\n<div  style=\"max-width:600px;max-height:185px\">\n<div style=\"clear: both; display: block; margin: 10px 0;\">\n<div style=\"clear: both; width: 100%; display: block; margin: 20px 0; padding: 0; float: none; position: static; text-align: center;\"><img decoding=\"async\"  src=\"https:\/\/a.allegroimg.com\/original\/1188be\/89e773bf4a08978a7183b84e01ef\/2-opony-zimowe-255-50R19-107V-KORMORAN-SUV-Snow-Rok-produkcji-2024\" srcset=\"https:\/\/a.allegroimg.com\/original\/1188be\/89e773bf4a08978a7183b84e01ef\/2-opony-zimowe-255-50R19-107V-KORMORAN-SUV-Snow-Rok-produkcji-2024 360w,https:\/\/a.allegroimg.com\/original\/1188be\/89e773bf4a08978a7183b84e01ef\/2-opony-zimowe-255-50R19-107V-KORMORAN-SUV-Snow-Rok-produkcji-2024 600w,https:\/\/a.allegroimg.com\/original\/1188be\/89e773bf4a08978a7183b84e01ef\/2-opony-zimowe-255-50R19-107V-KORMORAN-SUV-Snow-Rok-produkcji-2024 600w\" sizes=\"(min-width: 1200px) 560px, (min-width: 992px) 50vw, 100vw\" width=\"600px\" alt=\"2 opony zimowe 255\/50R19 107V KORMORAN SUV Snow Rok produkcji 2024\"\/ style=\"max-width: 100%; height: auto; display: block; margin: 0 auto;\"><\/div>\n<\/div>\n<\/div>\n<\/div>\n<\/div>\n<div style=\"clear: both; display: block; margin: 10px 0;\">\n<div style=\"clear: both; display: block; margin: 10px 0;\">\n<p style=\"margin: 15px 0; line-height: 1.8; clear: both; display: block; width: 100%; float: none; position: static;\"><b>Kormoran<\/b> to polski producent opon, kt\u00f3ry od 1995 roku sta\u0142 si\u0119 cz\u0119\u015bci\u0105 <b>koncernu Michelin<\/b>. Fabryki produkcyjne rozmieszczone s\u0105 w Europie. G\u0142\u00f3wnym celem jaki zak\u0142adaj\u0105 sobie in\u017cynierowie pracuj\u0105cy przy produkcji opon tej marki to zapewnienie klientowi bezpiecze\u0144stwa i komfortu podczas jazdy za przyst\u0119pn\u0105 cen\u0119. Kupuj\u0105c produkty Kormoran otrzymujesz <b>5<\/b><b>-letni\u0105 gwarancj\u0119<\/b> oferowan\u0105 przez najwi\u0119kszego potentata na rynku \u015bwiatowym &#8211; Michelin.<\/p>\n<\/div>\n<\/div>\n<\/div>\n<div style=\"clear: both; display: block; margin: 10px 0;\">\n<div style=\"clear: both; display: block; margin: 10px 0;\">\n<div style=\"clear: both; display: block; margin: 10px 0;\">\n<div  style=\"max-width:368px;max-height:600px\">\n<div style=\"clear: both; display: block; margin: 10px 0;\">\n<div style=\"clear: both; width: 100%; display: block; margin: 20px 0; padding: 0; float: none; position: static; text-align: center;\"><img decoding=\"async\"  src=\"https:\/\/a.allegroimg.com\/original\/11a730\/46be92bf46fda0e9e2f6be1bf764\/2-opony-zimowe-255-50R19-107V-KORMORAN-SUV-Snow-Profil-opony-50\" srcset=\"https:\/\/a.allegroimg.com\/original\/11a730\/46be92bf46fda0e9e2f6be1bf764\/2-opony-zimowe-255-50R19-107V-KORMORAN-SUV-Snow-Profil-opony-50 220w,https:\/\/a.allegroimg.com\/original\/11a730\/46be92bf46fda0e9e2f6be1bf764\/2-opony-zimowe-255-50R19-107V-KORMORAN-SUV-Snow-Profil-opony-50 368w,https:\/\/a.allegroimg.com\/original\/11a730\/46be92bf46fda0e9e2f6be1bf764\/2-opony-zimowe-255-50R19-107V-KORMORAN-SUV-Snow-Profil-opony-50 368w\" sizes=\"100vw\" width=\"368px\" alt=\"2 opony zimowe 255\/50R19 107V KORMORAN SUV Snow Profil opony 50\"\/ style=\"max-width: 100%; height: auto; display: block; margin: 0 auto;\"><\/div>\n<\/div>\n<\/div>\n<\/div>\n<\/div>\n<\/div>\n<div style=\"clear: both; display: block; margin: 10px 0;\">\n<div style=\"clear: both; display: block; margin: 10px 0;\">\n<div style=\"clear: both; display: block; margin: 10px 0;\">\n<h2>Na naszych innych aukcjach Allegro znajdziesz felgi stalowe i aluminiowe, czujniki (TPMS) oraz \u015bruby i nakr\u0119tki.<\/h2>\n<\/div>\n<\/div>\n<\/div>\n<\/div>\n<\/div>\n<\/div>\n<div style=\"clear: both; display: block; margin: 10px 0;\">\n","protected":false},"excerpt":{"rendered":"<p>MARKA\/MODEL: KORMORAN SUV Snow<\/p>\n<p>ROZMIAR OPON: 255\/50R19<\/p>\n<p>INDEKS PR\u0118DKO\u015aCI: V<\/p>\n<p>INDEKS NO\u015aNO\u015aCI: 107 XL<\/p>\n<p>DATA PRODUKCJI: nie starsze ni\u017c 2024<\/p>\n<p>SEZON: Zimowe<\/p>\n<p>STAN: Nowy<\/p>\n<p>RANT OCHRONNY NA FELG\u0118: Brak<\/p>\n","protected":false},"featured_media":11571,"template":"","meta":{"_uag_custom_page_level_css":""},"product_brand":[382],"product_cat":[414,413,412,415],"product_tag":[],"class_list":{"0":"post-11570","1":"product","2":"type-product","3":"status-publish","4":"has-post-thumbnail","6":"product_brand-kormoran","7":"product_cat-do-samochodow-osobowych-i-suv","8":"product_cat-opony","9":"product_cat-opony-i-felgi","10":"product_cat-zimowe","12":"first","13":"instock","14":"shipping-taxable","15":"purchasable","16":"product-type-simple"},"uagb_featured_image_src":{"full":["https:\/\/oponexa.shop\/tire\/wp-content\/uploads\/2026\/01\/allegro-image-11570.jpg",550,550,false],"thumbnail":["https:\/\/oponexa.shop\/tire\/wp-content\/uploads\/2026\/01\/allegro-image-11570-150x150.jpg",150,150,true],"medium":["https:\/\/oponexa.shop\/tire\/wp-content\/uploads\/2026\/01\/allegro-image-11570-300x300.jpg",300,300,true],"medium_large":["https:\/\/oponexa.shop\/tire\/wp-content\/uploads\/2026\/01\/allegro-image-11570.jpg",550,550,false],"large":["https:\/\/oponexa.shop\/tire\/wp-content\/uploads\/2026\/01\/allegro-image-11570.jpg",550,550,false],"1536x1536":["https:\/\/oponexa.shop\/tire\/wp-content\/uploads\/2026\/01\/allegro-image-11570.jpg",550,550,false],"2048x2048":["https:\/\/oponexa.shop\/tire\/wp-content\/uploads\/2026\/01\/allegro-image-11570.jpg",550,550,false],"woocommerce_thumbnail":["https:\/\/oponexa.shop\/tire\/wp-content\/uploads\/2026\/01\/allegro-image-11570-300x300.jpg",300,300,true],"woocommerce_single":["https:\/\/oponexa.shop\/tire\/wp-content\/uploads\/2026\/01\/allegro-image-11570.jpg",550,550,false],"woocommerce_gallery_thumbnail":["https:\/\/oponexa.shop\/tire\/wp-content\/uploads\/2026\/01\/allegro-image-11570-100x100.jpg",100,100,true]},"uagb_author_info":{"display_name":"admin","author_link":"https:\/\/oponexa.shop\/tire\/author\/"},"uagb_comment_info":0,"uagb_excerpt":"MARKA\/MODEL: KORMORAN SUV Snow ROZMIAR OPON: 255\/50R19 INDEKS PR\u0118DKO\u015aCI: V INDEKS NO\u015aNO\u015aCI: 107 XL DATA PRODUKCJI: nie starsze ni\u017c 2024 SEZON: Zimowe STAN: Nowy RANT OCHRONNY NA FELG\u0118: Brak","_links":{"self":[{"href":"https:\/\/oponexa.shop\/tire\/wp-json\/wp\/v2\/product\/11570","targetHints":{"allow":["GET"]}}],"collection":[{"href":"https:\/\/oponexa.shop\/tire\/wp-json\/wp\/v2\/product"}],"about":[{"href":"https:\/\/oponexa.shop\/tire\/wp-json\/wp\/v2\/types\/product"}],"wp:featuredmedia":[{"embeddable":true,"href":"https:\/\/oponexa.shop\/tire\/wp-json\/wp\/v2\/media\/11571"}],"wp:attachment":[{"href":"https:\/\/oponexa.shop\/tire\/wp-json\/wp\/v2\/media?parent=11570"}],"wp:term":[{"taxonomy":"product_brand","embeddable":true,"href":"https:\/\/oponexa.shop\/tire\/wp-json\/wp\/v2\/product_brand?post=11570"},{"taxonomy":"product_cat","embeddable":true,"href":"https:\/\/oponexa.shop\/tire\/wp-json\/wp\/v2\/product_cat?post=11570"},{"taxonomy":"product_tag","embeddable":true,"href":"https:\/\/oponexa.shop\/tire\/wp-json\/wp\/v2\/product_tag?post=11570"}],"curies":[{"name":"wp","href":"https:\/\/api.w.org\/{rel}","templated":true}]}}