{"id":11532,"date":"2026-01-01T22:16:01","date_gmt":"2026-01-01T21:16:01","guid":{"rendered":"https:\/\/oponyexpert.shop\/xef5\/produkt\/4x-kormoran-235-65r17-108h-suv-snow-xl-zimowe-2025-r\/"},"modified":"2026-01-01T22:16:02","modified_gmt":"2026-01-01T21:16:02","slug":"4x-kormoran-235-65r17-108h-suv-snow-xl-zimowe-2025-r","status":"publish","type":"product","link":"https:\/\/oponexa.shop\/tire\/produkt\/4x-kormoran-235-65r17-108h-suv-snow-xl-zimowe-2025-r\/","title":{"rendered":"4x KORMORAN 235\/65R17 108H SUV Snow XL zimowe 2025 r"},"content":{"rendered":"<div style=\"font-family: Arial, sans-serif; line-height: 1.6; color: #333; padding: 20px; clear: both; display: block; width: 100%; float: none; position: static; overflow: hidden;\">\n<div style=\"clear: both; display: block; margin: 10px 0;\">\n<div style=\"clear: both; display: block; margin: 10px 0;\">\n<div style=\"clear: both; display: block; margin: 10px 0;\">\n<h1>Rok produkcji: 2025<\/h1>\n<\/div>\n<\/div>\n<\/div>\n<div style=\"clear: both; display: block; margin: 10px 0;\">\n<div style=\"clear: both; display: block; margin: 10px 0;\">\n<div style=\"clear: both; display: block; margin: 10px 0;\">\n<div  style=\"max-width:1200px;max-height:1126px\">\n<div style=\"clear: both; display: block; margin: 10px 0;\">\n<div style=\"clear: both; width: 100%; display: block; margin: 20px 0; padding: 0; float: none; position: static; text-align: center;\"><img decoding=\"async\"  src=\"https:\/\/a.allegroimg.com\/original\/11c16b\/3574833e46e58ae2ab946ca18b5a\/4x-KORMORAN-235-65R17-108H-SUV-Snow-XL-zimowe-2025-r\" srcset=\"https:\/\/a.allegroimg.com\/original\/11c16b\/3574833e46e58ae2ab946ca18b5a\/4x-KORMORAN-235-65R17-108H-SUV-Snow-XL-zimowe-2025-r 360w,https:\/\/a.allegroimg.com\/original\/11c16b\/3574833e46e58ae2ab946ca18b5a\/4x-KORMORAN-235-65R17-108H-SUV-Snow-XL-zimowe-2025-r 720w,https:\/\/a.allegroimg.com\/original\/11c16b\/3574833e46e58ae2ab946ca18b5a\/4x-KORMORAN-235-65R17-108H-SUV-Snow-XL-zimowe-2025-r 1024w,https:\/\/a.allegroimg.com\/original\/11c16b\/3574833e46e58ae2ab946ca18b5a\/4x-KORMORAN-235-65R17-108H-SUV-Snow-XL-zimowe-2025-r 1200w,https:\/\/a.allegroimg.com\/original\/11c16b\/3574833e46e58ae2ab946ca18b5a\/4x-KORMORAN-235-65R17-108H-SUV-Snow-XL-zimowe-2025-r 1200w\" sizes=\"(min-width: 1200px) 560px, (min-width: 992px) 50vw, 100vw\" width=\"1200px\" alt=\"4x KORMORAN 235\/65R17 108H SUV Snow XL zimowe 2025 r\"\/ style=\"max-width: 100%; height: auto; display: block; margin: 0 auto;\"><\/div>\n<\/div>\n<\/div>\n<\/div>\n<\/div>\n<div style=\"clear: both; display: block; margin: 10px 0;\">\n<div style=\"clear: both; display: block; margin: 10px 0;\">\n<h1>KORMORAN SUV Snow 235\/65R17 108H XL<\/h1>\n<h2>E1B78D<\/h2>\n<ul style=\"margin: 15px 0; padding-left: 20px; clear: both; display: block; width: 100%; float: none; position: static;\">\n<li style=\"margin: 5px 0; padding: 2px 0; clear: both; display: list-item; float: none; position: static;\"><b>Data produkcji :<\/b> 2025<\/li>\n<li style=\"margin: 5px 0; padding: 2px 0; clear: both; display: list-item; float: none; position: static;\"><b>Hamowanie na mokrej nawierzchni :<\/b> C<\/li>\n<li style=\"margin: 5px 0; padding: 2px 0; clear: both; display: list-item; float: none; position: static;\"><b>Indeks :<\/b> 235\/65R17 ZTKO 108H SSW<\/li>\n<li style=\"margin: 5px 0; padding: 2px 0; clear: both; display: list-item; float: none; position: static;\"><b>Indeks no\u015bno\u015bci :<\/b> 108<\/li>\n<li style=\"margin: 5px 0; padding: 2px 0; clear: both; display: list-item; float: none; position: static;\"><b>Indeks pr\u0119dko\u015bci :<\/b> H &#8211; 210 km\/h<\/li>\n<li style=\"margin: 5px 0; padding: 2px 0; clear: both; display: list-item; float: none; position: static;\"><b>Karta informacyjna produktu :<\/b> https:\/\/eprel.ec.europa.eu\/qr\/411987<\/li>\n<li style=\"margin: 5px 0; padding: 2px 0; clear: both; display: list-item; float: none; position: static;\"><b>Kl. efekt. paliwowej :<\/b> C<\/li>\n<li style=\"margin: 5px 0; padding: 2px 0; clear: both; display: list-item; float: none; position: static;\"><b>Kl. przycz. na mokrej naw. :<\/b> C<\/li>\n<li style=\"margin: 5px 0; padding: 2px 0; clear: both; display: list-item; float: none; position: static;\"><b>Kl. zew. ha\u0142asu tocz. :<\/b> B, 2<\/li>\n<li style=\"margin: 5px 0; padding: 2px 0; clear: both; display: list-item; float: none; position: static;\"><b>Klasa opony :<\/b> bud\u017cet<\/li>\n<li style=\"margin: 5px 0; padding: 2px 0; clear: both; display: list-item; float: none; position: static;\"><b>Kod EAN :<\/b> 3528707570604<\/li>\n<li style=\"margin: 5px 0; padding: 2px 0; clear: both; display: list-item; float: none; position: static;\"><b>Kod producenta :<\/b> 757060<\/li>\n<li style=\"margin: 5px 0; padding: 2px 0; clear: both; display: list-item; float: none; position: static;\"><b>Liczba decybeli :<\/b> 72 dB<\/li>\n<li style=\"margin: 5px 0; padding: 2px 0; clear: both; display: list-item; float: none; position: static;\"><b>Model bie\u017cnika :<\/b> SUV Snow<\/li>\n<li style=\"margin: 5px 0; padding: 2px 0; clear: both; display: list-item; float: none; position: static;\"><b>Nazwa produktu :<\/b> KORMORAN 235\/65R17 108H SUV Snow XL zimowe<\/li>\n<li style=\"margin: 5px 0; padding: 2px 0; clear: both; display: list-item; float: none; position: static;\"><b>No\u015bno\u015b\u0107 opony :<\/b> XL<\/li>\n<li style=\"margin: 5px 0; padding: 2px 0; clear: both; display: list-item; float: none; position: static;\"><b>opona na dedykowan\u0105 o\u015b :<\/b> Prz\u00f3d\/Ty\u0142<\/li>\n<li style=\"margin: 5px 0; padding: 2px 0; clear: both; display: list-item; float: none; position: static;\"><b>Op\u00f3r toczenia :<\/b> C<\/li>\n<li style=\"margin: 5px 0; padding: 2px 0; clear: both; display: list-item; float: none; position: static;\"><b>Poziom emisji ha\u0142asu :<\/b> B<\/li>\n<li style=\"margin: 5px 0; padding: 2px 0; clear: both; display: list-item; float: none; position: static;\"><b>Producent :<\/b> KORMORAN<\/li>\n<li style=\"margin: 5px 0; padding: 2px 0; clear: both; display: list-item; float: none; position: static;\"><b>Profil :<\/b> 65<\/li>\n<li style=\"margin: 5px 0; padding: 2px 0; clear: both; display: list-item; float: none; position: static;\"><b>Przeznaczenie :<\/b> samochody osobowe\/SUV\/crossover<\/li>\n<li style=\"margin: 5px 0; padding: 2px 0; clear: both; display: list-item; float: none; position: static;\"><b>Przyczepno\u015b\u0107 na lodzie :<\/b> Nie<\/li>\n<li style=\"margin: 5px 0; padding: 2px 0; clear: both; display: list-item; float: none; position: static;\"><b>Przyczepno\u015b\u0107 na \u015bniegu :<\/b> Tak<\/li>\n<li style=\"margin: 5px 0; padding: 2px 0; clear: both; display: list-item; float: none; position: static;\"><b>QR kod :<\/b> https:\/\/eprel.ec.europa.eu\/qr\/411987<\/li>\n<li style=\"margin: 5px 0; padding: 2px 0; clear: both; display: list-item; float: none; position: static;\"><b>Sezon :<\/b> zimowa<\/li>\n<li style=\"margin: 5px 0; padding: 2px 0; clear: both; display: list-item; float: none; position: static;\"><b>\u015arednica :<\/b> 17&#8243;<\/li>\n<li style=\"margin: 5px 0; padding: 2px 0; clear: both; display: list-item; float: none; position: static;\"><b>Szeroko\u015b\u0107 :<\/b> 235<\/li>\n<li style=\"margin: 5px 0; padding: 2px 0; clear: both; display: list-item; float: none; position: static;\"><b>Wart. pom. i kl. zew. ha\u0142asu tocz. [dB] :<\/b> 72<\/li>\n<\/ul>\n<\/div>\n<\/div>\n<\/div>\n<div style=\"clear: both; display: block; margin: 10px 0;\">\n<div style=\"clear: both; display: block; margin: 10px 0;\">\n<div style=\"clear: both; display: block; margin: 10px 0;\">\n<p style=\"margin: 15px 0; line-height: 1.8; clear: both; display: block; width: 100%; float: none; position: static;\"> Opona klasy bud\u017cetowej KORMORAN SUV Snow to propozycja producenta Michelin&#8217;a na sezon zimowy dla kierowc\u00f3w samochod\u00f3w typu SUV i pojazd\u00f3w z nap\u0119dem na 4 ko\u0142a. Opona o \u015bwietnym stosunku ceny do jako\u015bci. Oznaczenie na oponie w postaci symbolu alpejskiego (trzy szczyty g\u00f3rskie i p\u0142atek \u015bniegu) potwierdza posiadane w\u0142a\u015bciwo\u015bci jezdne opony zimowej. Dobra trakcja na \u015bniegu, mokrej i oblodzonej drodze. Model o kierunkowym wzorze bie\u017cnika z g\u0119st\u0105 sieci\u0105 lameli i licznymi blokami bie\u017cnika bardzo dobrze radzi sobie na \u015bniegu i b\u0142ocie po\u015bniegowym. Mikro-\u017ceberki znajduj\u0105ce si\u0119 w rowkach bie\u017cnika pozwalaj\u0105 zachowa\u0107 oponie odpowiedni\u0105 trakcj\u0119 na lodzie. Ochrona przed aquaplaningiem. Opony KORMORAN SUV Snow wyposa\u017cone w specjaln\u0105 konstrukcj\u0119 rowk\u00f3w poprzecznych zapewni\u0105 Tobie bezpiecze\u0144stwo podczas podr\u00f3\u017cy w deszczu lub podczas \u015bnie\u017cycy. Doskonale odprowadzaj\u0105 wod\u0119 i \u015bnieg, dzi\u0119ki czemu opony te s\u0105 odporne na zjawisko aquaplaningu. Ni\u017csze zu\u017cycie paliwa. Do budowy opony KORMORAN SUV Snow wykorzystano now\u0105 mieszank\u0119 krzemionkow\u0105, kt\u00f3ra zapewnia oponie utrzymanie optymalnej elastyczno\u015bci w niskich temperaturach. Obni\u017ca op\u00f3r toczenia, optymalizuj\u0105c zu\u017cycie paliwa.<\/p>\n<\/div>\n<\/div>\n<div style=\"clear: both; display: block; margin: 10px 0;\">\n<div style=\"clear: both; display: block; margin: 10px 0;\">\n<div  style=\"max-width:886px;max-height:1299px\">\n<div style=\"clear: both; display: block; margin: 10px 0;\">\n<div style=\"clear: both; width: 100%; display: block; margin: 20px 0; padding: 0; float: none; position: static; text-align: center;\"><img decoding=\"async\"  src=\"https:\/\/a.allegroimg.com\/original\/1113b6\/a525988041e39e2721f33faa0ebd\/4x-KORMORAN-235-65R17-108H-SUV-Snow-XL-zimowe-2025-r-Srednica-17\" srcset=\"https:\/\/a.allegroimg.com\/original\/1113b6\/a525988041e39e2721f33faa0ebd\/4x-KORMORAN-235-65R17-108H-SUV-Snow-XL-zimowe-2025-r-Srednica-17 245w,https:\/\/a.allegroimg.com\/original\/1113b6\/a525988041e39e2721f33faa0ebd\/4x-KORMORAN-235-65R17-108H-SUV-Snow-XL-zimowe-2025-r-Srednica-17 491w,https:\/\/a.allegroimg.com\/original\/1113b6\/a525988041e39e2721f33faa0ebd\/4x-KORMORAN-235-65R17-108H-SUV-Snow-XL-zimowe-2025-r-Srednica-17 698w,https:\/\/a.allegroimg.com\/original\/1113b6\/a525988041e39e2721f33faa0ebd\/4x-KORMORAN-235-65R17-108H-SUV-Snow-XL-zimowe-2025-r-Srednica-17 886w,https:\/\/a.allegroimg.com\/original\/1113b6\/a525988041e39e2721f33faa0ebd\/4x-KORMORAN-235-65R17-108H-SUV-Snow-XL-zimowe-2025-r-Srednica-17 886w\" sizes=\"(min-width: 1200px) 560px, (min-width: 992px) 50vw, 100vw\" width=\"886px\" alt=\"4x KORMORAN 235\/65R17 108H SUV Snow XL zimowe 2025 r \u015arednica 17&quot;\"\/ style=\"max-width: 100%; height: auto; display: block; margin: 0 auto;\"><\/div>\n<\/div>\n<\/div>\n<\/div>\n<\/div>\n<\/div>\n<div style=\"clear: both; display: block; margin: 10px 0;\">\n<div style=\"clear: both; display: block; margin: 10px 0;\">\n<div style=\"clear: both; display: block; margin: 10px 0;\">\n<p style=\"margin: 15px 0; line-height: 1.8; clear: both; display: block; width: 100%; float: none; position: static;\">Wychodz\u0105c naprzeciw oczekiwaniom Klient\u00f3w i chc\u0105c spe\u0142nia\u0107 jak najwy\u017csze standardy obs\u0142ugi dok\u0142adamy wszelkich stara\u0144, aby podawa\u0107 precyzyjn\u0105 dat\u0119 produkcji opony (DOT). Niestety, w wyj\u0105tkowych przypadkach, mo\u017ce zdarzy\u0107 si\u0119, \u017ce opony, kt\u00f3re wy\u015blemy b\u0119d\u0105 mia\u0142y inn\u0105 dat\u0119 produkcji ni\u017c podana. Sytuacja mo\u017ce dotyczy\u0107 zar\u00f3wno opon z DOT-em wcze\u015bniejszym jak i p\u00f3\u017aniejszym. Chcieliby\u015bmy podkre\u015bli\u0107, \u017ce warunki przechowywania opon w naszych magazynach spe\u0142niaj\u0105 Polsk\u0105 Norm\u0119 PN-C-94300-7 dzi\u0119ki czemu nawet opona przechowywana 24 miesi\u0105ce ma parametry takie same jak opona z bie\u017c\u0105cego roku. Warto pami\u0119ta\u0107 tak\u017ce o fakcie, \u017ce w przypadku wielu rozmiar\u00f3w i producent\u00f3w plany produkcyjne fabryk uniemo\u017cliwiaj\u0105 zakup opony z bie\u017c\u0105cego roku.<\/p>\n<p style=\"margin: 15px 0; line-height: 1.8; clear: both; display: block; width: 100%; float: none; position: static;\">Przy zakupie opon pami\u0119taj o sprawdzeniu w instrukcji samochodu lub na w\u0142a\u015bciwej stronie internetowej, jakie ogumienie zaleca producent Twojego auta. \u0179le dobrane opony mog\u0105 negatywnie wp\u0142yn\u0105\u0107 na poziom Twojego bezpiecze\u0144stwa. Kupuj\u0105c opony zwr\u00f3\u0107 uwag\u0119 na rozmiar oraz indeksy no\u015bno\u015bci i pr\u0119dko\u015bci jakie homologowane s\u0105 do Twojego pojazdu.<\/p>\n<p style=\"margin: 15px 0; line-height: 1.8; clear: both; display: block; width: 100%; float: none; position: static;\">Zamieszczone zdj\u0119cia pe\u0142ni\u0105 funkcj\u0119 pogl\u0105dow\u0105. W zale\u017cno\u015bci od szeroko\u015bci opon, mog\u0105 wyst\u0119powa\u0107 niewielkie r\u00f3\u017cnice w wygl\u0105dzie bie\u017cnika (w obr\u0119bie jednego modelu) na przyk\u0142ad w ilo\u015bci rowk\u00f3w obwodowych lub rozmieszczeniu blok\u00f3w bie\u017cnika, co nie stanowi wady produktu.<\/p>\n<p style=\"margin: 15px 0; line-height: 1.8; clear: both; display: block; width: 100%; float: none; position: static;\">Je\u017celi otrzymane przez Ciebie opony nie spe\u0142niaj\u0105 Twoich oczekiwa\u0144 masz mo\u017cliwo\u015b\u0107 zwrotu lub wymiany nieu\u017cywanego (niemontowanego) ogumienia.<\/p>\n<\/div>\n<\/div>\n<\/div>\n<div style=\"clear: both; display: block; margin: 10px 0;\">\n<div style=\"clear: both; display: block; margin: 10px 0;\">\n<div style=\"clear: both; display: block; margin: 10px 0;\">\n<div  style=\"max-width:720px;max-height:224px\">\n<div style=\"clear: both; display: block; margin: 10px 0;\">\n<div style=\"clear: both; width: 100%; display: block; margin: 20px 0; padding: 0; float: none; position: static; text-align: center;\"><img decoding=\"async\"  src=\"https:\/\/a.allegroimg.com\/original\/110467\/c7d397cc459483a77061f01e5dc8\/4x-KORMORAN-235-65R17-108H-SUV-Snow-XL-zimowe-2025-r-Halas-zewnetrzny-72-dB\" srcset=\"https:\/\/a.allegroimg.com\/original\/110467\/c7d397cc459483a77061f01e5dc8\/4x-KORMORAN-235-65R17-108H-SUV-Snow-XL-zimowe-2025-r-Halas-zewnetrzny-72-dB 360w,https:\/\/a.allegroimg.com\/original\/110467\/c7d397cc459483a77061f01e5dc8\/4x-KORMORAN-235-65R17-108H-SUV-Snow-XL-zimowe-2025-r-Halas-zewnetrzny-72-dB 720w,https:\/\/a.allegroimg.com\/original\/110467\/c7d397cc459483a77061f01e5dc8\/4x-KORMORAN-235-65R17-108H-SUV-Snow-XL-zimowe-2025-r-Halas-zewnetrzny-72-dB 720w\" sizes=\"(min-width: 1200px) 560px, (min-width: 992px) 50vw, 100vw\" width=\"720px\" alt=\"4x KORMORAN 235\/65R17 108H SUV Snow XL zimowe 2025 r Ha\u0142as zewn\u0119trzny 72 dB\"\/ style=\"max-width: 100%; height: auto; display: block; margin: 0 auto;\"><\/div>\n<\/div>\n<\/div>\n<\/div>\n<\/div>\n<div style=\"clear: both; display: block; margin: 10px 0;\">\n<div style=\"clear: both; display: block; margin: 10px 0;\">\n<h1>Kormoran<\/h1>\n<p style=\"margin: 15px 0; line-height: 1.8; clear: both; display: block; width: 100%; float: none; position: static;\">Firma Kormoran ju\u017c od kilkunastu lat zajmuje siln\u0105 pozycj\u0119 na rynku r\u00f3\u017cnego rodzaju ogumienia samochodowego, poczynaj\u0105c od opon do motocykli, poprzez opony do samochod\u00f3w osobowych, ci\u0119\u017carowych, ci\u0105gnik\u00f3w, a na oponach do specjalistycznych maszyn budowlanych ko\u0144cz\u0105c<\/p>\n<\/div>\n<\/div>\n<\/div>\n<\/div>\n<\/div>\n<\/div>\n<div style=\"clear: both; display: block; margin: 10px 0;\">\n","protected":false},"excerpt":{"rendered":"<p>Rok produkcji: 2025<\/p>\n<p>KORMORAN SUV Snow 235\/65R17 108H XL<\/p>\n<p>E1B78D<\/p>\n<p>Data produkcji : 2025<\/p>\n<p>Hamowanie na mokrej nawierzchni : C<\/p>\n<p>Indeks : 235\/65R17 ZTKO 108H SSW<\/p>\n<p>Indeks no\u015bno\u015bci : 108<\/p>\n<p>Indeks pr\u0119dko\u015bci : H &#8211; 210 km\/h<\/p>\n","protected":false},"featured_media":11533,"template":"","meta":{"_uag_custom_page_level_css":""},"product_brand":[382],"product_cat":[414,413,412,415],"product_tag":[],"class_list":{"0":"post-11532","1":"product","2":"type-product","3":"status-publish","4":"has-post-thumbnail","6":"product_brand-kormoran","7":"product_cat-do-samochodow-osobowych-i-suv","8":"product_cat-opony","9":"product_cat-opony-i-felgi","10":"product_cat-zimowe","12":"first","13":"instock","14":"shipping-taxable","15":"purchasable","16":"product-type-simple"},"uagb_featured_image_src":{"full":["https:\/\/oponexa.shop\/tire\/wp-content\/uploads\/2026\/01\/allegro-image-11532.jpg",1200,1126,false],"thumbnail":["https:\/\/oponexa.shop\/tire\/wp-content\/uploads\/2026\/01\/allegro-image-11532-150x150.jpg",150,150,true],"medium":["https:\/\/oponexa.shop\/tire\/wp-content\/uploads\/2026\/01\/allegro-image-11532-300x282.jpg",300,282,true],"medium_large":["https:\/\/oponexa.shop\/tire\/wp-content\/uploads\/2026\/01\/allegro-image-11532-768x721.jpg",768,721,true],"large":["https:\/\/oponexa.shop\/tire\/wp-content\/uploads\/2026\/01\/allegro-image-11532-1024x961.jpg",1024,961,true],"1536x1536":["https:\/\/oponexa.shop\/tire\/wp-content\/uploads\/2026\/01\/allegro-image-11532.jpg",1200,1126,false],"2048x2048":["https:\/\/oponexa.shop\/tire\/wp-content\/uploads\/2026\/01\/allegro-image-11532.jpg",1200,1126,false],"woocommerce_thumbnail":["https:\/\/oponexa.shop\/tire\/wp-content\/uploads\/2026\/01\/allegro-image-11532-300x300.jpg",300,300,true],"woocommerce_single":["https:\/\/oponexa.shop\/tire\/wp-content\/uploads\/2026\/01\/allegro-image-11532-600x563.jpg",600,563,true],"woocommerce_gallery_thumbnail":["https:\/\/oponexa.shop\/tire\/wp-content\/uploads\/2026\/01\/allegro-image-11532-100x100.jpg",100,100,true]},"uagb_author_info":{"display_name":"admin","author_link":"https:\/\/oponexa.shop\/tire\/author\/"},"uagb_comment_info":0,"uagb_excerpt":"Rok produkcji: 2025 KORMORAN SUV Snow 235\/65R17 108H XL E1B78D Data produkcji : 2025 Hamowanie na mokrej nawierzchni : C Indeks : 235\/65R17 ZTKO 108H SSW Indeks no\u015bno\u015bci : 108 Indeks pr\u0119dko\u015bci : H - 210 km\/h","_links":{"self":[{"href":"https:\/\/oponexa.shop\/tire\/wp-json\/wp\/v2\/product\/11532","targetHints":{"allow":["GET"]}}],"collection":[{"href":"https:\/\/oponexa.shop\/tire\/wp-json\/wp\/v2\/product"}],"about":[{"href":"https:\/\/oponexa.shop\/tire\/wp-json\/wp\/v2\/types\/product"}],"wp:featuredmedia":[{"embeddable":true,"href":"https:\/\/oponexa.shop\/tire\/wp-json\/wp\/v2\/media\/11533"}],"wp:attachment":[{"href":"https:\/\/oponexa.shop\/tire\/wp-json\/wp\/v2\/media?parent=11532"}],"wp:term":[{"taxonomy":"product_brand","embeddable":true,"href":"https:\/\/oponexa.shop\/tire\/wp-json\/wp\/v2\/product_brand?post=11532"},{"taxonomy":"product_cat","embeddable":true,"href":"https:\/\/oponexa.shop\/tire\/wp-json\/wp\/v2\/product_cat?post=11532"},{"taxonomy":"product_tag","embeddable":true,"href":"https:\/\/oponexa.shop\/tire\/wp-json\/wp\/v2\/product_tag?post=11532"}],"curies":[{"name":"wp","href":"https:\/\/api.w.org\/{rel}","templated":true}]}}