{"id":11492,"date":"2026-01-01T22:15:47","date_gmt":"2026-01-01T21:15:47","guid":{"rendered":"https:\/\/oponyexpert.shop\/xef5\/produkt\/2x-nankang-wintersaf-ws-1-205-45r16-83-q\/"},"modified":"2026-01-01T22:15:48","modified_gmt":"2026-01-01T21:15:48","slug":"2x-nankang-wintersaf-ws-1-205-45r16-83-q","status":"publish","type":"product","link":"https:\/\/oponexa.shop\/tire\/produkt\/2x-nankang-wintersaf-ws-1-205-45r16-83-q\/","title":{"rendered":"2x NANKANG WINTERSAF WS 1 205\/45R16 83 Q"},"content":{"rendered":"<div style=\"font-family: Arial, sans-serif; line-height: 1.6; color: #333; padding: 20px; clear: both; display: block; width: 100%; float: none; position: static; overflow: hidden;\">\n<div style=\"clear: both; display: block; margin: 10px 0;\">\n<div style=\"clear: both; display: block; margin: 10px 0;\">\n<div style=\"clear: both; display: block; margin: 10px 0;\">\n<h2>2x NANKANG WINTERSAF WS 1 205\/45R16 83 Q<\/h2>\n<\/div>\n<\/div>\n<\/div>\n<div style=\"clear: both; display: block; margin: 10px 0;\">\n<div style=\"clear: both; display: block; margin: 10px 0;\">\n<div style=\"clear: both; display: block; margin: 10px 0;\">\n<div  style=\"max-width:920px;max-height:1120px\">\n<div style=\"clear: both; display: block; margin: 10px 0;\">\n<div style=\"clear: both; width: 100%; display: block; margin: 20px 0; padding: 0; float: none; position: static; text-align: center;\"><img decoding=\"async\"  src=\"https:\/\/a.allegroimg.com\/original\/11078c\/6e6d4b3f4f9cbeaa09f97f3e60d3\/2x-NANKANG-WINTERSAF-WS-1-205-45R16-83-Q\" srcset=\"https:\/\/a.allegroimg.com\/original\/11078c\/6e6d4b3f4f9cbeaa09f97f3e60d3\/2x-NANKANG-WINTERSAF-WS-1-205-45R16-83-Q 295w,https:\/\/a.allegroimg.com\/original\/11078c\/6e6d4b3f4f9cbeaa09f97f3e60d3\/2x-NANKANG-WINTERSAF-WS-1-205-45R16-83-Q 591w,https:\/\/a.allegroimg.com\/original\/11078c\/6e6d4b3f4f9cbeaa09f97f3e60d3\/2x-NANKANG-WINTERSAF-WS-1-205-45R16-83-Q 841w,https:\/\/a.allegroimg.com\/original\/11078c\/6e6d4b3f4f9cbeaa09f97f3e60d3\/2x-NANKANG-WINTERSAF-WS-1-205-45R16-83-Q 920w,https:\/\/a.allegroimg.com\/original\/11078c\/6e6d4b3f4f9cbeaa09f97f3e60d3\/2x-NANKANG-WINTERSAF-WS-1-205-45R16-83-Q 920w\" sizes=\"(min-width: 1200px) 560px, (min-width: 992px) 50vw, 100vw\" width=\"920px\" alt=\"2x NANKANG WINTERSAF WS 1 205\/45R16 83 Q\"\/ style=\"max-width: 100%; height: auto; display: block; margin: 0 auto;\"><\/div>\n<\/div>\n<\/div>\n<\/div>\n<\/div>\n<div style=\"clear: both; display: block; margin: 10px 0;\">\n<div style=\"clear: both; display: block; margin: 10px 0;\">\n<h2>Zimowe opony NANKANG WINTERSAF WS-1 BSW 205\/45 R16 83 Q<\/h2>\n<p style=\"margin: 15px 0; line-height: 1.8; clear: both; display: block; width: 100%; float: none; position: static;\">Opony NANKANG WINTERSAF WS-1 BSW to znacz\u0105cy model w portfolio producenta.\u00a0<\/p>\n<p style=\"margin: 15px 0; line-height: 1.8; clear: both; display: block; width: 100%; float: none; position: static;\"> Opony klasy ekonomicznej maj\u0105 \u015bwietny stosunek jako\u015bci do ceny.<\/p>\n<ul style=\"margin: 15px 0; padding-left: 20px; clear: both; display: block; width: 100%; float: none; position: static;\">\n<li style=\"margin: 5px 0; padding: 2px 0; clear: both; display: list-item; float: none; position: static;\"><b>Stan:<\/b>\u00a0Nowy<\/li>\n<li style=\"margin: 5px 0; padding: 2px 0; clear: both; display: list-item; float: none; position: static;\"><b>EAN:<\/b>\u00a04717622055214<\/li>\n<li style=\"margin: 5px 0; padding: 2px 0; clear: both; display: list-item; float: none; position: static;\"><b>Producent:<\/b> NANKANG<\/li>\n<li style=\"margin: 5px 0; padding: 2px 0; clear: both; display: list-item; float: none; position: static;\"><b>Model:<\/b> WINTERSAF WS-1 BSW<\/li>\n<li style=\"margin: 5px 0; padding: 2px 0; clear: both; display: list-item; float: none; position: static;\"><b>Rozmiar:<\/b> 205\/45 R16<\/li>\n<li style=\"margin: 5px 0; padding: 2px 0; clear: both; display: list-item; float: none; position: static;\"><b>Indeks no\u015bno\u015bci:<\/b> 83<\/li>\n<li style=\"margin: 5px 0; padding: 2px 0; clear: both; display: list-item; float: none; position: static;\"><b>Indeks pr\u0119dko\u015bci:<\/b> Q<\/li>\n<li style=\"margin: 5px 0; padding: 2px 0; clear: both; display: list-item; float: none; position: static;\"><b>Ha\u0142as db:<\/b>\u00a072<\/li>\n<li style=\"margin: 5px 0; padding: 2px 0; clear: both; display: list-item; float: none; position: static;\"><b>Sezon:<\/b> Zimowe<\/li>\n<li style=\"margin: 5px 0; padding: 2px 0; clear: both; display: list-item; float: none; position: static;\"><b>Rok produkcji:<\/b> nie starsze ni\u017c 36 miesi\u0119cy<\/li>\n<li style=\"margin: 5px 0; padding: 2px 0; clear: both; display: list-item; float: none; position: static;\"><b>Przeznaczenie:<\/b> Osobowe<\/li>\n<li style=\"margin: 5px 0; padding: 2px 0; clear: both; display: list-item; float: none; position: static;\"><b>Kl. przycz. na mokrej naw.:<\/b>\u00a0C<\/li>\n<li style=\"margin: 5px 0; padding: 2px 0; clear: both; display: list-item; float: none; position: static;\"><b>Kl. efekt. paliwowej:\u00a0<\/b>E<\/li>\n<\/ul>\n<\/div>\n<\/div>\n<\/div>\n<div style=\"clear: both; display: block; margin: 10px 0;\">\n<div style=\"clear: both; display: block; margin: 10px 0;\">\n<div style=\"clear: both; display: block; margin: 10px 0;\">\n<div  style=\"max-width:537px;max-height:94px\">\n<div style=\"clear: both; display: block; margin: 10px 0;\">\n<div style=\"clear: both; width: 100%; display: block; margin: 20px 0; padding: 0; float: none; position: static; text-align: center;\"><img decoding=\"async\"  src=\"https:\/\/a.allegroimg.com\/original\/114219\/dafeda1f4b52a9fa600b0a11eafa\/2x-NANKANG-WINTERSAF-WS-1-205-45R16-83-Q-Liczba-opon-w-ofercie-2-szt\" srcset=\"https:\/\/a.allegroimg.com\/original\/114219\/dafeda1f4b52a9fa600b0a11eafa\/2x-NANKANG-WINTERSAF-WS-1-205-45R16-83-Q-Liczba-opon-w-ofercie-2-szt 360w,https:\/\/a.allegroimg.com\/original\/114219\/dafeda1f4b52a9fa600b0a11eafa\/2x-NANKANG-WINTERSAF-WS-1-205-45R16-83-Q-Liczba-opon-w-ofercie-2-szt 537w,https:\/\/a.allegroimg.com\/original\/114219\/dafeda1f4b52a9fa600b0a11eafa\/2x-NANKANG-WINTERSAF-WS-1-205-45R16-83-Q-Liczba-opon-w-ofercie-2-szt 537w\" sizes=\"100vw\" width=\"537px\" alt=\"2x NANKANG WINTERSAF WS 1 205\/45R16 83 Q Liczba opon w ofercie 2 szt.\"\/ style=\"max-width: 100%; height: auto; display: block; margin: 0 auto;\"><\/div>\n<\/div>\n<\/div>\n<\/div>\n<\/div>\n<\/div>\n<div style=\"clear: both; display: block; margin: 10px 0;\">\n<div style=\"clear: both; display: block; margin: 10px 0;\">\n<div style=\"clear: both; display: block; margin: 10px 0;\">\n<p style=\"margin: 15px 0; line-height: 1.8; clear: both; display: block; width: 100%; float: none; position: static;\">Marka opon NANKANG to producent opon samochodowych z d\u0142ugoletni\u0105 histori\u0105 i mi\u0119dzynarodowym zasi\u0119giem dzia\u0142ania. Firma oferuje r\u00f3\u017cne rodzaje opon, w tym letnie, zimowe i ca\u0142oroczne, dostosowane do r\u00f3\u017cnych rodzaj\u00f3w pojazd\u00f3w.<\/p>\n<p style=\"margin: 15px 0; line-height: 1.8; clear: both; display: block; width: 100%; float: none; position: static;\">Opony NANKANG s\u0105 znane z konkurencyjnych cen i dobrej jako\u015bci, co przyci\u0105ga klient\u00f3w poszukuj\u0105cych przyst\u0119pnych cen opon. Firma ta stawia na innowacje technologiczne, wprowadzaj\u0105c zaawansowane rozwi\u0105zania w projektach opon, kt\u00f3re poprawiaj\u0105 przyczepno\u015b\u0107 i osi\u0105gi.<\/p>\n<p style=\"margin: 15px 0; line-height: 1.8; clear: both; display: block; width: 100%; float: none; position: static;\">NANKANG to marka, kt\u00f3ra zdoby\u0142a uznanie klient\u00f3w jako dostawca opon samochodowych, oferuj\u0105cy produkty o konkurencyjnych cenach i solidnej jako\u015bci.<\/p>\n<\/div>\n<\/div>\n<\/div>\n<div style=\"clear: both; display: block; margin: 10px 0;\">\n<div style=\"clear: both; display: block; margin: 10px 0;\">\n<div style=\"clear: both; display: block; margin: 10px 0;\">\n<div  style=\"max-width:660px;max-height:977px\">\n<div style=\"clear: both; display: block; margin: 10px 0;\">\n<div style=\"clear: both; width: 100%; display: block; margin: 20px 0; padding: 0; float: none; position: static; text-align: center;\"><img decoding=\"async\"  src=\"https:\/\/a.allegroimg.com\/original\/1130ac\/9831c8914cbb89add871c868a65d\/2x-NANKANG-WINTERSAF-WS-1-205-45R16-83-Q-Marka-Nankang\" srcset=\"https:\/\/a.allegroimg.com\/original\/1130ac\/9831c8914cbb89add871c868a65d\/2x-NANKANG-WINTERSAF-WS-1-205-45R16-83-Q-Marka-Nankang 243w,https:\/\/a.allegroimg.com\/original\/1130ac\/9831c8914cbb89add871c868a65d\/2x-NANKANG-WINTERSAF-WS-1-205-45R16-83-Q-Marka-Nankang 486w,https:\/\/a.allegroimg.com\/original\/1130ac\/9831c8914cbb89add871c868a65d\/2x-NANKANG-WINTERSAF-WS-1-205-45R16-83-Q-Marka-Nankang 660w,https:\/\/a.allegroimg.com\/original\/1130ac\/9831c8914cbb89add871c868a65d\/2x-NANKANG-WINTERSAF-WS-1-205-45R16-83-Q-Marka-Nankang 660w\" sizes=\"(min-width: 1200px) 560px, (min-width: 992px) 50vw, 100vw\" width=\"660px\" alt=\"2x NANKANG WINTERSAF WS 1 205\/45R16 83 Q Marka Nankang\"\/ style=\"max-width: 100%; height: auto; display: block; margin: 0 auto;\"><\/div>\n<\/div>\n<\/div>\n<\/div>\n<\/div>\n<div style=\"clear: both; display: block; margin: 10px 0;\">\n<div style=\"clear: both; display: block; margin: 10px 0;\">\n<p style=\"margin: 15px 0; line-height: 1.8; clear: both; display: block; width: 100%; float: none; position: static;\">Dlaczego warto kupowa\u0107 u Nas ?<\/p>\n<p style=\"margin: 15px 0; line-height: 1.8; clear: both; display: block; width: 100%; float: none; position: static;\">Jeste\u015bmy firm\u0105, kt\u00f3ra na podstawie wieloletniego do\u015bwiadczenia z zaanga\u017cowaniem pomaga klientom w doborze oraz kupnie opon.<\/p>\n<p style=\"margin: 15px 0; line-height: 1.8; clear: both; display: block; width: 100%; float: none; position: static;\">Posiadamy szerok\u0105 game opon do aut osobowych, dostawczych, cie\u017carowych, motocyki jak i opon przemys\u0142owych.<\/p>\n<p style=\"margin: 15px 0; line-height: 1.8; clear: both; display: block; width: 100%; float: none; position: static;\">Gwarancja satysfakcjii oraz bezpiecznie przejechanych kilometr\u00f3w.<\/p>\n<p style=\"margin: 15px 0; line-height: 1.8; clear: both; display: block; width: 100%; float: none; position: static;\">Zosta\u0144 naszym kolejnym zadowolonym klientem.<\/p>\n<p style=\"margin: 15px 0; line-height: 1.8; clear: both; display: block; width: 100%; float: none; position: static;\">ZAPRASZAMY DO ZAKUP\u00d3W.<\/p>\n<\/div>\n<\/div>\n<\/div>\n<\/div>\n<\/div>\n<\/div>\n<div style=\"clear: both; display: block; margin: 10px 0;\">\n","protected":false},"excerpt":{"rendered":"<p>2x NANKANG WINTERSAF WS 1 205\/45R16 83 Q<\/p>\n<p>Zimowe opony NANKANG WINTERSAF WS-1 BSW 205\/45 R16 83 Q<\/p>\n<p>Opony NANKANG WINTERSAF WS-1 BSW to znacz\u0105cy model w portfolio producenta.\u00a0<\/p>\n<p>Opony klasy ekonomicznej maj\u0105 \u015bwietny stosunek jako\u015bci do ceny.<\/p>\n<p>Stan:\u00a0Nowy<\/p>\n<p>EAN:\u00a04717622055214<\/p>\n<p>Producent: NANKANG<\/p>\n<p>Model: WINTERSAF WS-1 BSW<\/p>\n","protected":false},"featured_media":11493,"template":"","meta":{"_uag_custom_page_level_css":""},"product_brand":[446],"product_cat":[414,413,412,415],"product_tag":[],"class_list":{"0":"post-11492","1":"product","2":"type-product","3":"status-publish","4":"has-post-thumbnail","6":"product_brand-nankang","7":"product_cat-do-samochodow-osobowych-i-suv","8":"product_cat-opony","9":"product_cat-opony-i-felgi","10":"product_cat-zimowe","12":"first","13":"instock","14":"shipping-taxable","15":"purchasable","16":"product-type-simple"},"uagb_featured_image_src":{"full":["https:\/\/oponexa.shop\/tire\/wp-content\/uploads\/2026\/01\/allegro-image-11492.jpg",920,1120,false],"thumbnail":["https:\/\/oponexa.shop\/tire\/wp-content\/uploads\/2026\/01\/allegro-image-11492-150x150.jpg",150,150,true],"medium":["https:\/\/oponexa.shop\/tire\/wp-content\/uploads\/2026\/01\/allegro-image-11492-246x300.jpg",246,300,true],"medium_large":["https:\/\/oponexa.shop\/tire\/wp-content\/uploads\/2026\/01\/allegro-image-11492-768x935.jpg",768,935,true],"large":["https:\/\/oponexa.shop\/tire\/wp-content\/uploads\/2026\/01\/allegro-image-11492-841x1024.jpg",841,1024,true],"1536x1536":["https:\/\/oponexa.shop\/tire\/wp-content\/uploads\/2026\/01\/allegro-image-11492.jpg",920,1120,false],"2048x2048":["https:\/\/oponexa.shop\/tire\/wp-content\/uploads\/2026\/01\/allegro-image-11492.jpg",920,1120,false],"woocommerce_thumbnail":["https:\/\/oponexa.shop\/tire\/wp-content\/uploads\/2026\/01\/allegro-image-11492-300x300.jpg",300,300,true],"woocommerce_single":["https:\/\/oponexa.shop\/tire\/wp-content\/uploads\/2026\/01\/allegro-image-11492-600x730.jpg",600,730,true],"woocommerce_gallery_thumbnail":["https:\/\/oponexa.shop\/tire\/wp-content\/uploads\/2026\/01\/allegro-image-11492-100x100.jpg",100,100,true]},"uagb_author_info":{"display_name":"admin","author_link":"https:\/\/oponexa.shop\/tire\/author\/"},"uagb_comment_info":0,"uagb_excerpt":"2x NANKANG WINTERSAF WS 1 205\/45R16 83 Q Zimowe opony NANKANG WINTERSAF WS-1 BSW 205\/45 R16 83 Q Opony NANKANG WINTERSAF WS-1 BSW to znacz\u0105cy model w portfolio producenta.\u00a0 Opony klasy ekonomicznej maj\u0105 \u015bwietny stosunek jako\u015bci do ceny. Stan:\u00a0Nowy EAN:\u00a04717622055214 Producent: NANKANG Model: WINTERSAF WS-1 BSW","_links":{"self":[{"href":"https:\/\/oponexa.shop\/tire\/wp-json\/wp\/v2\/product\/11492","targetHints":{"allow":["GET"]}}],"collection":[{"href":"https:\/\/oponexa.shop\/tire\/wp-json\/wp\/v2\/product"}],"about":[{"href":"https:\/\/oponexa.shop\/tire\/wp-json\/wp\/v2\/types\/product"}],"wp:featuredmedia":[{"embeddable":true,"href":"https:\/\/oponexa.shop\/tire\/wp-json\/wp\/v2\/media\/11493"}],"wp:attachment":[{"href":"https:\/\/oponexa.shop\/tire\/wp-json\/wp\/v2\/media?parent=11492"}],"wp:term":[{"taxonomy":"product_brand","embeddable":true,"href":"https:\/\/oponexa.shop\/tire\/wp-json\/wp\/v2\/product_brand?post=11492"},{"taxonomy":"product_cat","embeddable":true,"href":"https:\/\/oponexa.shop\/tire\/wp-json\/wp\/v2\/product_cat?post=11492"},{"taxonomy":"product_tag","embeddable":true,"href":"https:\/\/oponexa.shop\/tire\/wp-json\/wp\/v2\/product_tag?post=11492"}],"curies":[{"name":"wp","href":"https:\/\/api.w.org\/{rel}","templated":true}]}}