{"id":11460,"date":"2026-01-01T21:54:48","date_gmt":"2026-01-01T20:54:48","guid":{"rendered":"https:\/\/oponyexpert.shop\/xef5\/produkt\/2x-195-50r15-sailun-ice-blazer-alpine-82h-nowe-rok-2024\/"},"modified":"2026-01-01T21:54:49","modified_gmt":"2026-01-01T20:54:49","slug":"2x-195-50r15-sailun-ice-blazer-alpine-82h-nowe-rok-2024","status":"publish","type":"product","link":"https:\/\/oponixo.shop\/tire\/produkt\/2x-195-50r15-sailun-ice-blazer-alpine-82h-nowe-rok-2024\/","title":{"rendered":"2x 195\/50R15 SAILUN ICE BLAZER Alpine+ 82H NOWE ROK 2024"},"content":{"rendered":"<div style=\"font-family: Arial, sans-serif; line-height: 1.6; color: #333; padding: 20px; clear: both; display: block; width: 100%; float: none; position: static; overflow: hidden;\">\n<div style=\"clear: both; display: block; margin: 10px 0;\">\n<div style=\"clear: both; display: block; margin: 10px 0;\">\n<div style=\"clear: both; display: block; margin: 10px 0;\">\n<div  style=\"max-width:798px;max-height:107px\">\n<div style=\"clear: both; display: block; margin: 10px 0;\">\n<div style=\"clear: both; width: 100%; display: block; margin: 20px 0; padding: 0; float: none; position: static; text-align: center;\"><img decoding=\"async\"  src=\"https:\/\/a.allegroimg.com\/original\/11d193\/86c93c404efd9ef247aae7d23085\/2x-195-50R15-SAILUN-ICE-BLAZER-Alpine-82H-NOWE-ROK-2024-EAN-GTIN-6959655443950\" srcset=\"https:\/\/a.allegroimg.com\/original\/11d193\/86c93c404efd9ef247aae7d23085\/2x-195-50R15-SAILUN-ICE-BLAZER-Alpine-82H-NOWE-ROK-2024-EAN-GTIN-6959655443950 360w,https:\/\/a.allegroimg.com\/original\/11d193\/86c93c404efd9ef247aae7d23085\/2x-195-50R15-SAILUN-ICE-BLAZER-Alpine-82H-NOWE-ROK-2024-EAN-GTIN-6959655443950 720w,https:\/\/a.allegroimg.com\/original\/11d193\/86c93c404efd9ef247aae7d23085\/2x-195-50R15-SAILUN-ICE-BLAZER-Alpine-82H-NOWE-ROK-2024-EAN-GTIN-6959655443950 798w,https:\/\/a.allegroimg.com\/original\/11d193\/86c93c404efd9ef247aae7d23085\/2x-195-50R15-SAILUN-ICE-BLAZER-Alpine-82H-NOWE-ROK-2024-EAN-GTIN-6959655443950 798w\" sizes=\"100vw\" width=\"798px\" alt=\"2x 195\/50R15 SAILUN ICE BLAZER Alpine+ 82H NOWE ROK 2024 EAN (GTIN) 6959655443950\"\/ style=\"max-width: 100%; height: auto; display: block; margin: 0 auto;\"><\/div>\n<\/div>\n<\/div>\n<\/div>\n<\/div>\n<\/div>\n<div style=\"clear: both; display: block; margin: 10px 0;\">\n<div style=\"clear: both; display: block; margin: 10px 0;\">\n<div style=\"clear: both; display: block; margin: 10px 0;\">\n<div  style=\"max-width:402px;max-height:300px\">\n<div style=\"clear: both; display: block; margin: 10px 0;\">\n<div style=\"clear: both; width: 100%; display: block; margin: 20px 0; padding: 0; float: none; position: static; text-align: center;\"><img decoding=\"async\"  src=\"https:\/\/a.allegroimg.com\/original\/1119c9\/4abcedb14f10a9bfc6bfef08d5d5\/2x-195-50R15-SAILUN-ICE-BLAZER-Alpine-82H-NOWE-ROK-2024\" srcset=\"https:\/\/a.allegroimg.com\/original\/1119c9\/4abcedb14f10a9bfc6bfef08d5d5\/2x-195-50R15-SAILUN-ICE-BLAZER-Alpine-82H-NOWE-ROK-2024 360w,https:\/\/a.allegroimg.com\/original\/1119c9\/4abcedb14f10a9bfc6bfef08d5d5\/2x-195-50R15-SAILUN-ICE-BLAZER-Alpine-82H-NOWE-ROK-2024 402w,https:\/\/a.allegroimg.com\/original\/1119c9\/4abcedb14f10a9bfc6bfef08d5d5\/2x-195-50R15-SAILUN-ICE-BLAZER-Alpine-82H-NOWE-ROK-2024 402w\" sizes=\"(min-width: 1200px) 560px, (min-width: 992px) 50vw, 100vw\" width=\"402px\" alt=\"2x 195\/50R15 SAILUN ICE BLAZER Alpine+ 82H NOWE ROK 2024\"\/ style=\"max-width: 100%; height: auto; display: block; margin: 0 auto;\"><\/div>\n<\/div>\n<\/div>\n<\/div>\n<\/div>\n<div style=\"clear: both; display: block; margin: 10px 0;\">\n<div style=\"clear: both; display: block; margin: 10px 0;\">\n<h3 style=\"color: #2c5aa0; font-size: 18px; margin: 30px 0 15px 0; font-weight: bold; clear: both; display: block; width: 100%; float: none; position: static;\">PARAMETRY OPON:<\/h3>\n<p style=\"margin: 15px 0; line-height: 1.8; clear: both; display: block; width: 100%; float: none; position: static;\">Producent: SAILUN<\/p>\n<p style=\"margin: 15px 0; line-height: 1.8; clear: both; display: block; width: 100%; float: none; position: static;\">Kod producenta: 3220006982<\/p>\n<p style=\"margin: 15px 0; line-height: 1.8; clear: both; display: block; width: 100%; float: none; position: static;\">EAN (GTIN): 6959655443950<\/p>\n<p style=\"margin: 15px 0; line-height: 1.8; clear: both; display: block; width: 100%; float: none; position: static;\">Model: ICE BLAZER Alpine+<\/p>\n<p style=\"margin: 15px 0; line-height: 1.8; clear: both; display: block; width: 100%; float: none; position: static;\">Rozmiar: 195\/50R15<\/p>\n<p style=\"margin: 15px 0; line-height: 1.8; clear: both; display: block; width: 100%; float: none; position: static;\">Indeks no\u015bno\u015bci: 82<\/p>\n<p style=\"margin: 15px 0; line-height: 1.8; clear: both; display: block; width: 100%; float: none; position: static;\">Indeks pr\u0119dko\u015bci: H do 210 km\/h<\/p>\n<p style=\"margin: 15px 0; line-height: 1.8; clear: both; display: block; width: 100%; float: none; position: static;\">Homologacja:<\/p>\n<p style=\"margin: 15px 0; line-height: 1.8; clear: both; display: block; width: 100%; float: none; position: static;\">Op\u00f3r toczenia: E<\/p>\n<p style=\"margin: 15px 0; line-height: 1.8; clear: both; display: block; width: 100%; float: none; position: static;\">Przyczepno\u015b\u0107 na mokrej nawierzchni: C<\/p>\n<p style=\"margin: 15px 0; line-height: 1.8; clear: both; display: block; width: 100%; float: none; position: static;\">Ha\u0142as zewn\u0119trzny: 72dB<\/p>\n<p style=\"margin: 15px 0; line-height: 1.8; clear: both; display: block; width: 100%; float: none; position: static;\">Poziom ha\u0142asu zewn\u0119trznego: B<\/p>\n<p style=\"margin: 15px 0; line-height: 1.8; clear: both; display: block; width: 100%; float: none; position: static;\">Informacje dodatkowe:<\/p>\n<\/div>\n<\/div>\n<\/div>\n<div style=\"clear: both; display: block; margin: 10px 0;\">\n<div style=\"clear: both; display: block; margin: 10px 0;\">\n<div style=\"clear: both; display: block; margin: 10px 0;\">\n<p style=\"margin: 15px 0; line-height: 1.8; clear: both; display: block; width: 100%; float: none; position: static;\">Oferujemy opony Sailun Ice Blazer Alpine+ &#8211; doskona\u0142e rozwi\u0105zanie na zimowe warunki drogowe!<\/p>\n<p style=\"margin: 15px 0; line-height: 1.8; clear: both; display: block; width: 100%; float: none; position: static;\">G\u0142\u00f3wne cechy opon Sailun Ice Blazer Alpine+:<\/p>\n<ol>\n<li style=\"margin: 5px 0; padding: 2px 0; clear: both; display: list-item; float: none; position: static;\"><b><br \/>\n","protected":false},"excerpt":{"rendered":"<p>PARAMETRY OPON:<\/p>\n<p>Producent: SAILUN<\/p>\n<p>Kod producenta: 3220006982<\/p>\n<p>EAN (GTIN): 6959655443950<\/p>\n<p>Model: ICE BLAZER Alpine+<\/p>\n<p>Rozmiar: 195\/50R15<\/p>\n<p>Indeks no\u015bno\u015bci: 82<\/p>\n<p>Indeks pr\u0119dko\u015bci: H do 210 km\/h<\/p>\n","protected":false},"featured_media":11461,"template":"","meta":{"_uag_custom_page_level_css":""},"product_brand":[398],"product_cat":[414,413,412,415],"product_tag":[],"class_list":{"0":"post-11460","1":"product","2":"type-product","3":"status-publish","4":"has-post-thumbnail","6":"product_brand-sailun","7":"product_cat-do-samochodow-osobowych-i-suv","8":"product_cat-opony","9":"product_cat-opony-i-felgi","10":"product_cat-zimowe","12":"first","13":"instock","14":"shipping-taxable","15":"purchasable","16":"product-type-simple"},"uagb_featured_image_src":{"full":["https:\/\/oponixo.shop\/tire\/wp-content\/uploads\/2026\/01\/allegro-image-11460.jpg",402,300,false],"thumbnail":["https:\/\/oponixo.shop\/tire\/wp-content\/uploads\/2026\/01\/allegro-image-11460-150x150.jpg",150,150,true],"medium":["https:\/\/oponixo.shop\/tire\/wp-content\/uploads\/2026\/01\/allegro-image-11460-300x224.jpg",300,224,true],"medium_large":["https:\/\/oponixo.shop\/tire\/wp-content\/uploads\/2026\/01\/allegro-image-11460.jpg",402,300,false],"large":["https:\/\/oponixo.shop\/tire\/wp-content\/uploads\/2026\/01\/allegro-image-11460.jpg",402,300,false],"1536x1536":["https:\/\/oponixo.shop\/tire\/wp-content\/uploads\/2026\/01\/allegro-image-11460.jpg",402,300,false],"2048x2048":["https:\/\/oponixo.shop\/tire\/wp-content\/uploads\/2026\/01\/allegro-image-11460.jpg",402,300,false],"woocommerce_thumbnail":["https:\/\/oponixo.shop\/tire\/wp-content\/uploads\/2026\/01\/allegro-image-11460-300x300.jpg",300,300,true],"woocommerce_single":["https:\/\/oponixo.shop\/tire\/wp-content\/uploads\/2026\/01\/allegro-image-11460.jpg",402,300,false],"woocommerce_gallery_thumbnail":["https:\/\/oponixo.shop\/tire\/wp-content\/uploads\/2026\/01\/allegro-image-11460-100x100.jpg",100,100,true]},"uagb_author_info":{"display_name":"admin","author_link":"https:\/\/oponixo.shop\/tire\/author\/"},"uagb_comment_info":0,"uagb_excerpt":"PARAMETRY OPON: Producent: SAILUN Kod producenta: 3220006982 EAN (GTIN): 6959655443950 Model: ICE BLAZER Alpine+ Rozmiar: 195\/50R15 Indeks no\u015bno\u015bci: 82 Indeks pr\u0119dko\u015bci: H do 210 km\/h","_links":{"self":[{"href":"https:\/\/oponixo.shop\/tire\/wp-json\/wp\/v2\/product\/11460","targetHints":{"allow":["GET"]}}],"collection":[{"href":"https:\/\/oponixo.shop\/tire\/wp-json\/wp\/v2\/product"}],"about":[{"href":"https:\/\/oponixo.shop\/tire\/wp-json\/wp\/v2\/types\/product"}],"wp:featuredmedia":[{"embeddable":true,"href":"https:\/\/oponixo.shop\/tire\/wp-json\/wp\/v2\/media\/11461"}],"wp:attachment":[{"href":"https:\/\/oponixo.shop\/tire\/wp-json\/wp\/v2\/media?parent=11460"}],"wp:term":[{"taxonomy":"product_brand","embeddable":true,"href":"https:\/\/oponixo.shop\/tire\/wp-json\/wp\/v2\/product_brand?post=11460"},{"taxonomy":"product_cat","embeddable":true,"href":"https:\/\/oponixo.shop\/tire\/wp-json\/wp\/v2\/product_cat?post=11460"},{"taxonomy":"product_tag","embeddable":true,"href":"https:\/\/oponixo.shop\/tire\/wp-json\/wp\/v2\/product_tag?post=11460"}],"curies":[{"name":"wp","href":"https:\/\/api.w.org\/{rel}","templated":true}]}}