{"id":11428,"date":"2026-01-01T21:54:40","date_gmt":"2026-01-01T20:54:40","guid":{"rendered":"https:\/\/oponyexpert.shop\/xef5\/produkt\/2x-nokian-285-45r20-snowproof-1-112v-fr\/"},"modified":"2026-01-01T21:54:40","modified_gmt":"2026-01-01T20:54:40","slug":"2x-nokian-285-45r20-snowproof-1-112v-fr","status":"publish","type":"product","link":"https:\/\/oponixo.shop\/tire\/produkt\/2x-nokian-285-45r20-snowproof-1-112v-fr\/","title":{"rendered":"2x Nokian 285\/45R20 SNOWPROOF 1 112V FR"},"content":{"rendered":"<div style=\"font-family: Arial, sans-serif; line-height: 1.6; color: #333; padding: 20px; clear: both; display: block; width: 100%; float: none; position: static; overflow: hidden;\">\n<div style=\"clear: both; display: block; margin: 10px 0;\">\n<div style=\"clear: both; display: block; margin: 10px 0;\">\n<div style=\"clear: both; display: block; margin: 10px 0;\">\n<h2>Opona zimowa Nokian SNOWPROOF 1 285\/45R20 112V XL FR<\/h2>\n<p style=\"margin: 15px 0; line-height: 1.8; clear: both; display: block; width: 100%; float: none; position: static;\"><b>Nokian na pierwszy monta\u017c dostarcza opony takim koncernom jak:\u00a0<\/b>Volkswagen, Opel, Skoda, Saab.\u00a0<\/p>\n<p style=\"margin: 15px 0; line-height: 1.8; clear: both; display: block; width: 100%; float: none; position: static;\">NokianRenkaatOyj (ang.Nokian Tyres) z siedzib\u0105 w Finlandii jest wiod\u0105cym producentem opon do samochod\u00f3w osobowych, ci\u0119\u017carowych, dostawczych oraz rower\u00f3w. Jako \u015bwiatowy lider w dziedzinie oponiarskiej koncern stale rozwija nowe koncepcje udoskonalaj\u0105ce, zaopatruj\u0105c najwi\u0119kszy skandynawski \u0142a\u0144cuch dystrybucji opon Vianor z 170 biurami sprzeda\u017cy w Finlandii, Szwecji, Norwegii, Estonii i Rosji. Nazwa \u201eNokian Tyres\u201d odnosi si\u0119 do ma\u0142ej miejscowo\u015bci Nokia, niedaleko na zach\u00f3d od miasta obszaru Tampere, za\u015b korzenie producenta si\u0119gaj\u0105 za\u0142o\u017conej w 1889 roku fabryki \u201eKumitehdas\u201d. Firma jest jedn\u0105 z 10 najwi\u0119kszych wszystkich producent\u00f3w opon w europie i na \u015bwiecie.\u00a0 Siedziba firmy znajduje si\u0119 w po\u0142udniowej Finlandii miasta Nokia, kolejny zak\u0142ad produkcyjny znajduje si\u0119 w Lieksa. W 2005 roku Nokian zosta\u0142 otwiera kolejn\u0105 fabryk\u0119 opon w Rosji, w pobli\u017cu Sankt Petersburga.<\/p>\n<p style=\"margin: 15px 0; line-height: 1.8; clear: both; display: block; width: 100%; float: none; position: static;\">Nokian Tyres oferuje maksymalne bezpiecze\u0144stwo, wydajno\u015b\u0107 i komfort jazdy na wszystkich drogach. Opony Nokian s\u0142yn\u0105 z doskona\u0142ej wydajno\u015bci na mokrych drogach. Zastosowanie mieszanki z niezwykle wytrzyma\u0142ych w\u0142\u00f3kien aramidowych, kt\u00f3re s\u0105 z powodzeniem stosowane w kamizelkach kuloodpornych jako wzmocnienie \u015bciany bocznej, czyni opony wyj\u0105tkowo odporne na \u015bcieranie i ci\u0119cie.<\/p>\n<p style=\"margin: 15px 0; line-height: 1.8; clear: both; display: block; width: 100%; float: none; position: static;\">Ponadto Nokian Tyres jest jedynym producentem opon na \u015bwiecie, kt\u00f3ry koncentruje si\u0119 na produktach i us\u0142ugach zapewniaj\u0105cym bezpieczn\u0105 jazd\u0119 w warunkach panuj\u0105cych na P\u00f3\u0142nocy. Innowacyjne opony do pojazd\u00f3w osobowych i ci\u0119\u017carowych oraz ci\u0119\u017ckich maszyn u\u017cytkowych oferowane s\u0105 g\u0142\u00f3wnie na rynkach w krajach, w kt\u00f3rych opr\u00f3cz \u015bniegu i las\u00f3w wymagaj\u0105ce warunki drogowe obejmuj\u0105 r\u00f3wnie\u017c zmiany zwi\u0105zane z porami roku. Nokian Tyres udoskonala swoje produkty maj\u0105c na uwadze bezpiecze\u0144stwo i przyjazno\u015b\u0107 dla \u015brodowiska w ca\u0142ym cyklu \u017cycia produktu. Firma oferuje innowacyjne opony do pojazd\u00f3w osobowych i ci\u0119\u017carowych oraz ci\u0119\u017ckich maszyn u\u017cytkowych g\u0142\u00f3wnie na rynki gdzie panuj\u0105 wymagaj\u0105ce warunki pogodowe: \u015bnieg, lasy i trudne warunki jazdy w poszczeg\u00f3lnych porach roku.<\/p>\n<p style=\"margin: 15px 0; line-height: 1.8; clear: both; display: block; width: 100%; float: none; position: static;\">Obecnie Nokian Tyres uchodzi za jednego z najwi\u0119kszych innowator\u00f3w na rynku oponiarskim. By nie by\u0107 kojarzonym wy\u0142\u0105cznie z ogumieniem zimowym, producent uruchomi\u0142 o\u015brodek testowy w Hiszpanii. Umo\u017cliwia on przeprowadzanie zaawansowanych test\u00f3w ogumienia w warunkach letnich. Opony s\u0105 tam testowane nawet przy pr\u0119dko\u015bciach rz\u0119du 300 km\/h, co umo\u017cliwia specjalnie stworzony tor.<\/p>\n<\/div>\n<\/div>\n<\/div>\n<div style=\"clear: both; display: block; margin: 10px 0;\">\n<div style=\"clear: both; display: block; margin: 10px 0;\">\n<div style=\"clear: both; display: block; margin: 10px 0;\">\n<div  style=\"max-width:500px;max-height:500px\">\n<div style=\"clear: both; display: block; margin: 10px 0;\">\n<div style=\"clear: both; width: 100%; display: block; margin: 20px 0; padding: 0; float: none; position: static; text-align: center;\"><img decoding=\"async\"  src=\"https:\/\/a.allegroimg.com\/original\/113295\/283fe25f454bba6ac544d9c999e3\/2x-Nokian-285-45R20-SNOWPROOF-1-112V-FR\" srcset=\"https:\/\/a.allegroimg.com\/original\/113295\/283fe25f454bba6ac544d9c999e3\/2x-Nokian-285-45R20-SNOWPROOF-1-112V-FR 360w,https:\/\/a.allegroimg.com\/original\/113295\/283fe25f454bba6ac544d9c999e3\/2x-Nokian-285-45R20-SNOWPROOF-1-112V-FR 500w,https:\/\/a.allegroimg.com\/original\/113295\/283fe25f454bba6ac544d9c999e3\/2x-Nokian-285-45R20-SNOWPROOF-1-112V-FR 500w\" sizes=\"(min-width: 1200px) 560px, (min-width: 992px) 50vw, 100vw\" width=\"500px\" alt=\"2x Nokian 285\/45R20 SNOWPROOF 1 112V FR\"\/ style=\"max-width: 100%; height: auto; display: block; margin: 0 auto;\"><\/div>\n<\/div>\n<\/div>\n<\/div>\n<\/div>\n<div style=\"clear: both; display: block; margin: 10px 0;\">\n<div style=\"clear: both; display: block; margin: 10px 0;\">\n<ul style=\"margin: 15px 0; padding-left: 20px; clear: both; display: block; width: 100%; float: none; position: static;\">\n<li style=\"margin: 5px 0; padding: 2px 0; clear: both; display: list-item; float: none; position: static;\"><b>Marka:<\/b> Nokian<\/li>\n<li style=\"margin: 5px 0; padding: 2px 0; clear: both; display: list-item; float: none; position: static;\"><b>Liczba opon w ofercie:<\/b> 2 szt.<\/li>\n<li style=\"margin: 5px 0; padding: 2px 0; clear: both; display: list-item; float: none; position: static;\"><b>Run flat:<\/b> Nie<\/li>\n<li style=\"margin: 5px 0; padding: 2px 0; clear: both; display: list-item; float: none; position: static;\"><b>Sezon:<\/b> Zimowe<\/li>\n<li style=\"margin: 5px 0; padding: 2px 0; clear: both; display: list-item; float: none; position: static;\"><b>Model:<\/b> Snowproof 1<\/li>\n<li style=\"margin: 5px 0; padding: 2px 0; clear: both; display: list-item; float: none; position: static;\"><b>Szeroko\u015b\u0107 opony:<\/b> 285 mm<\/li>\n<li style=\"margin: 5px 0; padding: 2px 0; clear: both; display: list-item; float: none; position: static;\"><b>Profil opony:<\/b> 45<\/li>\n<li style=\"margin: 5px 0; padding: 2px 0; clear: both; display: list-item; float: none; position: static;\"><b>\u015arednica:<\/b> 20&#8243;<\/li>\n<li style=\"margin: 5px 0; padding: 2px 0; clear: both; display: list-item; float: none; position: static;\"><b>Indeks no\u015bno\u015bci:<\/b> 112 &#8211; 1120 kg<\/li>\n<li style=\"margin: 5px 0; padding: 2px 0; clear: both; display: list-item; float: none; position: static;\"><b>Indeks pr\u0119dko\u015bci:<\/b> V do 240 km\/h<\/li>\n<li style=\"margin: 5px 0; padding: 2px 0; clear: both; display: list-item; float: none; position: static;\"><b>Przyczepno\u015b\u0107 na mokrej nawierzchni:<\/b> Klasa B<\/li>\n<li style=\"margin: 5px 0; padding: 2px 0; clear: both; display: list-item; float: none; position: static;\"><b>Op\u00f3r toczenia:<\/b> Klasa C<\/li>\n<li style=\"margin: 5px 0; padding: 2px 0; clear: both; display: list-item; float: none; position: static;\"><b>Ha\u0142as zewn\u0119trzny:<\/b> 74 dB<\/li>\n<li style=\"margin: 5px 0; padding: 2px 0; clear: both; display: list-item; float: none; position: static;\"><b>Informacje dodatkowe:<\/b> rant ochronny, wzmocnienie (XL)<\/li>\n<li style=\"margin: 5px 0; padding: 2px 0; clear: both; display: list-item; float: none; position: static;\"><b>Rok produkcji (DOT):<\/b> <b>Kupuj\u0105c z tej oferty otrzymasz opony fabrycznie nowe, a ich rok produkcji jest nie starszy ni\u017c ubieg\u0142y rok kalendarzowy &#8211; 2025\/2024<\/b><\/li>\n<\/ul>\n<\/div>\n<\/div>\n<\/div>\n<\/div>\n<\/div>\n<\/div>\n<div style=\"clear: both; display: block; margin: 10px 0;\">\n","protected":false},"excerpt":{"rendered":"<p>Opona zimowa Nokian SNOWPROOF 1 285\/45R20 112V XL FR<\/p>\n<p>Nokian na pierwszy monta\u017c dostarcza opony takim koncernom jak:\u00a0Volkswagen, Opel, Skoda, Saab.\u00a0<\/p>\n","protected":false},"featured_media":11429,"template":"","meta":{"_uag_custom_page_level_css":""},"product_brand":[387],"product_cat":[414,413,412,415],"product_tag":[],"class_list":{"0":"post-11428","1":"product","2":"type-product","3":"status-publish","4":"has-post-thumbnail","6":"product_brand-nokian-tyres","7":"product_cat-do-samochodow-osobowych-i-suv","8":"product_cat-opony","9":"product_cat-opony-i-felgi","10":"product_cat-zimowe","12":"first","13":"instock","14":"shipping-taxable","15":"purchasable","16":"product-type-simple"},"uagb_featured_image_src":{"full":["https:\/\/oponixo.shop\/tire\/wp-content\/uploads\/2026\/01\/allegro-image-11428.jpg",500,500,false],"thumbnail":["https:\/\/oponixo.shop\/tire\/wp-content\/uploads\/2026\/01\/allegro-image-11428-150x150.jpg",150,150,true],"medium":["https:\/\/oponixo.shop\/tire\/wp-content\/uploads\/2026\/01\/allegro-image-11428-300x300.jpg",300,300,true],"medium_large":["https:\/\/oponixo.shop\/tire\/wp-content\/uploads\/2026\/01\/allegro-image-11428.jpg",500,500,false],"large":["https:\/\/oponixo.shop\/tire\/wp-content\/uploads\/2026\/01\/allegro-image-11428.jpg",500,500,false],"1536x1536":["https:\/\/oponixo.shop\/tire\/wp-content\/uploads\/2026\/01\/allegro-image-11428.jpg",500,500,false],"2048x2048":["https:\/\/oponixo.shop\/tire\/wp-content\/uploads\/2026\/01\/allegro-image-11428.jpg",500,500,false],"woocommerce_thumbnail":["https:\/\/oponixo.shop\/tire\/wp-content\/uploads\/2026\/01\/allegro-image-11428-300x300.jpg",300,300,true],"woocommerce_single":["https:\/\/oponixo.shop\/tire\/wp-content\/uploads\/2026\/01\/allegro-image-11428.jpg",500,500,false],"woocommerce_gallery_thumbnail":["https:\/\/oponixo.shop\/tire\/wp-content\/uploads\/2026\/01\/allegro-image-11428-100x100.jpg",100,100,true]},"uagb_author_info":{"display_name":"admin","author_link":"https:\/\/oponixo.shop\/tire\/author\/"},"uagb_comment_info":0,"uagb_excerpt":"Opona zimowa Nokian SNOWPROOF 1 285\/45R20 112V XL FR Nokian na pierwszy monta\u017c dostarcza opony takim koncernom jak:\u00a0Volkswagen, Opel, Skoda, Saab.\u00a0","_links":{"self":[{"href":"https:\/\/oponixo.shop\/tire\/wp-json\/wp\/v2\/product\/11428","targetHints":{"allow":["GET"]}}],"collection":[{"href":"https:\/\/oponixo.shop\/tire\/wp-json\/wp\/v2\/product"}],"about":[{"href":"https:\/\/oponixo.shop\/tire\/wp-json\/wp\/v2\/types\/product"}],"wp:featuredmedia":[{"embeddable":true,"href":"https:\/\/oponixo.shop\/tire\/wp-json\/wp\/v2\/media\/11429"}],"wp:attachment":[{"href":"https:\/\/oponixo.shop\/tire\/wp-json\/wp\/v2\/media?parent=11428"}],"wp:term":[{"taxonomy":"product_brand","embeddable":true,"href":"https:\/\/oponixo.shop\/tire\/wp-json\/wp\/v2\/product_brand?post=11428"},{"taxonomy":"product_cat","embeddable":true,"href":"https:\/\/oponixo.shop\/tire\/wp-json\/wp\/v2\/product_cat?post=11428"},{"taxonomy":"product_tag","embeddable":true,"href":"https:\/\/oponixo.shop\/tire\/wp-json\/wp\/v2\/product_tag?post=11428"}],"curies":[{"name":"wp","href":"https:\/\/api.w.org\/{rel}","templated":true}]}}