{"id":11410,"date":"2026-01-01T21:54:35","date_gmt":"2026-01-01T20:54:35","guid":{"rendered":"https:\/\/oponyexpert.shop\/xef5\/produkt\/2x-yokohama-bluearthwinter-v906-245-40r19-98v-xl\/"},"modified":"2026-01-01T21:54:36","modified_gmt":"2026-01-01T20:54:36","slug":"2x-yokohama-bluearthwinter-v906-245-40r19-98v-xl","status":"publish","type":"product","link":"https:\/\/oponixo.shop\/tire\/produkt\/2x-yokohama-bluearthwinter-v906-245-40r19-98v-xl\/","title":{"rendered":"2x Yokohama BluEarth*Winter V906 245\/40R19 98V XL"},"content":{"rendered":"<div style=\"font-family: Arial, sans-serif; line-height: 1.6; color: #333; padding: 20px; clear: both; display: block; width: 100%; float: none; position: static; overflow: hidden;\">\n<div style=\"clear: both; display: block; margin: 10px 0;\">\n<div style=\"clear: both; display: block; margin: 10px 0;\">\n<div style=\"clear: both; display: block; margin: 10px 0;\">\n<h1>Yokohama BluEarth*Winter V906 <\/h1>\n<h1>245\/40 R19 98V do 240 km\/h<\/h1>\n<h2>Kod produktu: 4548515306041<\/h2>\n<p style=\"margin: 15px 0; line-height: 1.8; clear: both; display: block; width: 100%; float: none; position: static;\">Yokohama BluEarth*Winter V906 to zimowa opona klasy premium, najnowsza wersja popularnego modelu V905. W V906 zastosowano koncepcj\u0119 &amp;quot;Harmony Tread Design&amp;quot;, kt\u00f3ra \u0142\u0105czy lamele, bloki i rowkowanie w harmonijny uk\u0142ad dla optymalizacji sztywno\u015bci bie\u017cnika oraz bezkompromisowej przyczepno\u015bci na ka\u017cdej, zimowej drodze. Wzmocniona konstrukcja na bazie poliestrowego karkasu, ultralekkich materia\u0142\u00f3w najnowszej generacji, podw\u00f3jnego pasa stalowego i os\u0142oni\u0119tej stopki, odpowiada za niezwyk\u0142\u0105 trwa\u0142o\u015b\u0107 opony, kt\u00f3ra jeszcze d\u0142u\u017cej oferuje wysokie parametry jezdne ze zmniejszonym ryzykiem uszkodze\u0144 mechanicznych. Zwi\u0119kszony o 10% profil (w por\u00f3wnaniu z innymi modelami zimowymi) pozwala na jeszcze lepszy kontakt z nawierzchni\u0105 zar\u00f3wno na odcinkach prostych jak i w zakr\u0119tach. Bogata mieszanka gumy bie\u017cnika o du\u017cej zawarto\u015bci krzemionki wspiera doskona\u0142e zachowanie na mokrych nawierzchniach<\/p>\n<h2>Zakupione na tej aukcji opony mo\u017cesz odebra\u0107 i wymieni\u0107 w jednym z naszych serwis\u00f3w: MOTOHURT MARKI &#8211; MOTOHURT WOLA &#8211; MOTOHURT MOKOT\u00d3W<\/h2>\n<\/div>\n<\/div>\n<div style=\"clear: both; display: block; margin: 10px 0;\">\n<div style=\"clear: both; display: block; margin: 10px 0;\">\n<div  style=\"max-width:750px;max-height:1024px\">\n<div style=\"clear: both; display: block; margin: 10px 0;\">\n<div style=\"clear: both; width: 100%; display: block; margin: 20px 0; padding: 0; float: none; position: static; text-align: center;\"><img decoding=\"async\"  src=\"https:\/\/a.allegroimg.com\/original\/11da31\/a1bd0dae48adba0723c5226f7d97\/2x-Yokohama-BluEarth-Winter-V906-245-40R19-98V-XL\" srcset=\"https:\/\/a.allegroimg.com\/original\/11da31\/a1bd0dae48adba0723c5226f7d97\/2x-Yokohama-BluEarth-Winter-V906-245-40R19-98V-XL 263w,https:\/\/a.allegroimg.com\/original\/11da31\/a1bd0dae48adba0723c5226f7d97\/2x-Yokohama-BluEarth-Winter-V906-245-40R19-98V-XL 527w,https:\/\/a.allegroimg.com\/original\/11da31\/a1bd0dae48adba0723c5226f7d97\/2x-Yokohama-BluEarth-Winter-V906-245-40R19-98V-XL 750w,https:\/\/a.allegroimg.com\/original\/11da31\/a1bd0dae48adba0723c5226f7d97\/2x-Yokohama-BluEarth-Winter-V906-245-40R19-98V-XL 750w\" sizes=\"(min-width: 1200px) 560px, (min-width: 992px) 50vw, 100vw\" width=\"750px\" alt=\"2x Yokohama BluEarth*Winter V906 245\/40R19 98V XL\"\/ style=\"max-width: 100%; height: auto; display: block; margin: 0 auto;\"><\/div>\n<\/div>\n<\/div>\n<\/div>\n<\/div>\n<\/div>\n<div style=\"clear: both; display: block; margin: 10px 0;\">\n<div style=\"clear: both; display: block; margin: 10px 0;\">\n<div style=\"clear: both; display: block; margin: 10px 0;\">\n<div  style=\"max-width:212px;max-height:305px\">\n<div style=\"clear: both; display: block; margin: 10px 0;\">\n<div style=\"clear: both; width: 100%; display: block; margin: 20px 0; padding: 0; float: none; position: static; text-align: center;\"><img decoding=\"async\"  src=\"https:\/\/a.allegroimg.com\/original\/11d108\/64e003954c4d800c7ffe16f86c1b\/2x-Yokohama-BluEarth-Winter-V906-245-40R19-98V-XL-Liczba-opon-w-ofercie-2-szt\" srcset=\"https:\/\/a.allegroimg.com\/original\/11d108\/64e003954c4d800c7ffe16f86c1b\/2x-Yokohama-BluEarth-Winter-V906-245-40R19-98V-XL-Liczba-opon-w-ofercie-2-szt 212w,https:\/\/a.allegroimg.com\/original\/11d108\/64e003954c4d800c7ffe16f86c1b\/2x-Yokohama-BluEarth-Winter-V906-245-40R19-98V-XL-Liczba-opon-w-ofercie-2-szt 212w\" sizes=\"(min-width: 1200px) 560px, (min-width: 992px) 50vw, 100vw\" width=\"212px\" alt=\"2x Yokohama BluEarth*Winter V906 245\/40R19 98V XL Liczba opon w ofercie 2 szt.\"\/ style=\"max-width: 100%; height: auto; display: block; margin: 0 auto;\"><\/div>\n<\/div>\n<\/div>\n<\/div>\n<\/div>\n<div style=\"clear: both; display: block; margin: 10px 0;\">\n<div style=\"clear: both; display: block; margin: 10px 0;\">\n<h2>Marka: Yokohama<\/h2>\n<h2>Liczba opon w ofercie: 2<\/h2>\n<h2>Rok produkcji: <\/h2>\n<h2>Szeroko\u015b\u0107 opony: 245 mm<\/h2>\n<h2>Profil opony: 40<\/h2>\n<h2>\u015arednica: 19<\/h2>\n<h2>Indeks no\u015bno\u015bci: 98<\/h2>\n<h2>Indeks pr\u0119dko\u015bci: V do 240 km\/h<\/h2>\n<h2>Op\u00f3r toczenia: Klasa D<\/h2>\n<h2>Przyczepno\u015b\u0107 na mokrej nawierzchni: Klasa B<\/h2>\n<h2>Ha\u0142as zewn\u0119trzny: 72 dB<\/h2>\n<h2>Kod producenta: R9010<\/h2>\n<h2>Sezon: Zimowe<\/h2>\n<\/div>\n<\/div>\n<\/div>\n<\/div>\n<\/div>\n<\/div>\n<div style=\"clear: both; display: block; margin: 10px 0;\">\n","protected":false},"excerpt":{"rendered":"<p>Yokohama BluEarth*Winter V906<\/p>\n<p>245\/40 R19 98V do 240 km\/h<\/p>\n<p>Kod produktu: 4548515306041<\/p>\n","protected":false},"featured_media":11411,"template":"","meta":{"_uag_custom_page_level_css":""},"product_brand":[410],"product_cat":[414,413,412,415],"product_tag":[],"class_list":{"0":"post-11410","1":"product","2":"type-product","3":"status-publish","4":"has-post-thumbnail","6":"product_brand-yokohama","7":"product_cat-do-samochodow-osobowych-i-suv","8":"product_cat-opony","9":"product_cat-opony-i-felgi","10":"product_cat-zimowe","12":"first","13":"instock","14":"shipping-taxable","15":"purchasable","16":"product-type-simple"},"uagb_featured_image_src":{"full":["https:\/\/oponixo.shop\/tire\/wp-content\/uploads\/2026\/01\/allegro-image-11410.jpg",750,1024,false],"thumbnail":["https:\/\/oponixo.shop\/tire\/wp-content\/uploads\/2026\/01\/allegro-image-11410-150x150.jpg",150,150,true],"medium":["https:\/\/oponixo.shop\/tire\/wp-content\/uploads\/2026\/01\/allegro-image-11410-220x300.jpg",220,300,true],"medium_large":["https:\/\/oponixo.shop\/tire\/wp-content\/uploads\/2026\/01\/allegro-image-11410.jpg",750,1024,false],"large":["https:\/\/oponixo.shop\/tire\/wp-content\/uploads\/2026\/01\/allegro-image-11410.jpg",750,1024,false],"1536x1536":["https:\/\/oponixo.shop\/tire\/wp-content\/uploads\/2026\/01\/allegro-image-11410.jpg",750,1024,false],"2048x2048":["https:\/\/oponixo.shop\/tire\/wp-content\/uploads\/2026\/01\/allegro-image-11410.jpg",750,1024,false],"woocommerce_thumbnail":["https:\/\/oponixo.shop\/tire\/wp-content\/uploads\/2026\/01\/allegro-image-11410-300x300.jpg",300,300,true],"woocommerce_single":["https:\/\/oponixo.shop\/tire\/wp-content\/uploads\/2026\/01\/allegro-image-11410-600x819.jpg",600,819,true],"woocommerce_gallery_thumbnail":["https:\/\/oponixo.shop\/tire\/wp-content\/uploads\/2026\/01\/allegro-image-11410-100x100.jpg",100,100,true]},"uagb_author_info":{"display_name":"admin","author_link":"https:\/\/oponixo.shop\/tire\/author\/"},"uagb_comment_info":0,"uagb_excerpt":"Yokohama BluEarth*Winter V906 245\/40 R19 98V do 240 km\/h Kod produktu: 4548515306041","_links":{"self":[{"href":"https:\/\/oponixo.shop\/tire\/wp-json\/wp\/v2\/product\/11410","targetHints":{"allow":["GET"]}}],"collection":[{"href":"https:\/\/oponixo.shop\/tire\/wp-json\/wp\/v2\/product"}],"about":[{"href":"https:\/\/oponixo.shop\/tire\/wp-json\/wp\/v2\/types\/product"}],"wp:featuredmedia":[{"embeddable":true,"href":"https:\/\/oponixo.shop\/tire\/wp-json\/wp\/v2\/media\/11411"}],"wp:attachment":[{"href":"https:\/\/oponixo.shop\/tire\/wp-json\/wp\/v2\/media?parent=11410"}],"wp:term":[{"taxonomy":"product_brand","embeddable":true,"href":"https:\/\/oponixo.shop\/tire\/wp-json\/wp\/v2\/product_brand?post=11410"},{"taxonomy":"product_cat","embeddable":true,"href":"https:\/\/oponixo.shop\/tire\/wp-json\/wp\/v2\/product_cat?post=11410"},{"taxonomy":"product_tag","embeddable":true,"href":"https:\/\/oponixo.shop\/tire\/wp-json\/wp\/v2\/product_tag?post=11410"}],"curies":[{"name":"wp","href":"https:\/\/api.w.org\/{rel}","templated":true}]}}