{"id":11256,"date":"2025-12-31T05:08:00","date_gmt":"2025-12-31T05:08:00","guid":{"rendered":"https:\/\/oponyexpert.shop\/xef5\/produkt\/2-nowe-opony-zimowe-225-60r17-99h-tracmax-s210\/"},"modified":"2025-12-31T05:08:02","modified_gmt":"2025-12-31T05:08:02","slug":"2-nowe-opony-zimowe-225-60r17-99h-tracmax-s210","status":"publish","type":"product","link":"https:\/\/oponixo.shop\/tire\/produkt\/2-nowe-opony-zimowe-225-60r17-99h-tracmax-s210\/","title":{"rendered":"2 Nowe Opony Zimowe 225\/60R17 99H Tracmax S210"},"content":{"rendered":"<div style=\"font-family: Arial, sans-serif; line-height: 1.6; color: #333; padding: 20px; clear: both; display: block; width: 100%; float: none; position: static; overflow: hidden;\">\n<div style=\"clear: both; display: block; margin: 10px 0;\">\n<div style=\"clear: both; display: block; margin: 10px 0;\">\n<div style=\"clear: both; display: block; margin: 10px 0;\">\n<div  style=\"max-width:538px;max-height:156px\">\n<div style=\"clear: both; display: block; margin: 10px 0;\">\n<div style=\"clear: both; width: 100%; display: block; margin: 20px 0; padding: 0; float: none; position: static; text-align: center;\"><img decoding=\"async\"  src=\"https:\/\/a.allegroimg.com\/original\/031979\/c8b480734837a109796462513d8c\/2-Nowe-Opony-Zimowe-225-60R17-99H-Tracmax-S210-Liczba-opon-w-ofercie-2-szt\" srcset=\"https:\/\/a.allegroimg.com\/original\/031979\/c8b480734837a109796462513d8c\/2-Nowe-Opony-Zimowe-225-60R17-99H-Tracmax-S210-Liczba-opon-w-ofercie-2-szt 360w,https:\/\/a.allegroimg.com\/original\/031979\/c8b480734837a109796462513d8c\/2-Nowe-Opony-Zimowe-225-60R17-99H-Tracmax-S210-Liczba-opon-w-ofercie-2-szt 538w,https:\/\/a.allegroimg.com\/original\/031979\/c8b480734837a109796462513d8c\/2-Nowe-Opony-Zimowe-225-60R17-99H-Tracmax-S210-Liczba-opon-w-ofercie-2-szt 538w\" sizes=\"100vw\" width=\"538px\" alt=\"2 Nowe Opony Zimowe 225\/60R17 99H Tracmax S210 Liczba opon w ofercie 2 szt.\"\/ style=\"max-width: 100%; height: auto; display: block; margin: 0 auto;\"><\/div>\n<\/div>\n<\/div>\n<\/div>\n<\/div>\n<\/div>\n<div style=\"clear: both; display: block; margin: 10px 0;\">\n<div style=\"clear: both; display: block; margin: 10px 0;\">\n<div style=\"clear: both; display: block; margin: 10px 0;\">\n<h1>Dane techniczne<\/h1>\n<p style=\"margin: 15px 0; line-height: 1.8; clear: both; display: block; width: 100%; float: none; position: static;\"><b>Stan:&nbsp;<\/b>Nowa<\/p>\n<p style=\"margin: 15px 0; line-height: 1.8; clear: both; display: block; width: 100%; float: none; position: static;\"><b>Marka:&nbsp;<\/b>Tracmax<\/p>\n<p style=\"margin: 15px 0; line-height: 1.8; clear: both; display: block; width: 100%; float: none; position: static;\"><b>Model:<\/b> X-Privilo S210<\/p>\n<p style=\"margin: 15px 0; line-height: 1.8; clear: both; display: block; width: 100%; float: none; position: static;\"><b>Rozmiar:&nbsp;<\/b>225\/60R17<\/p>\n<p style=\"margin: 15px 0; line-height: 1.8; clear: both; display: block; width: 100%; float: none; position: static;\"><b>Indeks pr\u0119dko\u015bci: <\/b>H<\/p>\n<p style=\"margin: 15px 0; line-height: 1.8; clear: both; display: block; width: 100%; float: none; position: static;\"><b>Indeks no\u015bno\u015bci:<\/b> 99<\/p>\n<p style=\"margin: 15px 0; line-height: 1.8; clear: both; display: block; width: 100%; float: none; position: static;\"><b>Rok produkcji: <\/b>2025<\/p>\n<p style=\"margin: 15px 0; line-height: 1.8; clear: both; display: block; width: 100%; float: none; position: static;\"><b>Sezon:&nbsp;<\/b>Zima<\/p>\n<\/div>\n<\/div>\n<div style=\"clear: both; display: block; margin: 10px 0;\">\n<div style=\"clear: both; display: block; margin: 10px 0;\">\n<div  style=\"max-width:2500px;max-height:2500px\">\n<div style=\"clear: both; display: block; margin: 10px 0;\">\n<div style=\"clear: both; width: 100%; display: block; margin: 20px 0; padding: 0; float: none; position: static; text-align: center;\"><img decoding=\"async\"  src=\"https:\/\/a.allegroimg.com\/original\/110fb3\/c3e84f1d431ca925ca67081ec1e8\/2-Nowe-Opony-Zimowe-225-60R17-99H-Tracmax-S210\" srcset=\"https:\/\/a.allegroimg.com\/original\/110fb3\/c3e84f1d431ca925ca67081ec1e8\/2-Nowe-Opony-Zimowe-225-60R17-99H-Tracmax-S210 360w,https:\/\/a.allegroimg.com\/original\/110fb3\/c3e84f1d431ca925ca67081ec1e8\/2-Nowe-Opony-Zimowe-225-60R17-99H-Tracmax-S210 720w,https:\/\/a.allegroimg.com\/original\/110fb3\/c3e84f1d431ca925ca67081ec1e8\/2-Nowe-Opony-Zimowe-225-60R17-99H-Tracmax-S210 1024w,https:\/\/a.allegroimg.com\/original\/110fb3\/c3e84f1d431ca925ca67081ec1e8\/2-Nowe-Opony-Zimowe-225-60R17-99H-Tracmax-S210 1440w,https:\/\/a.allegroimg.com\/original\/110fb3\/c3e84f1d431ca925ca67081ec1e8\/2-Nowe-Opony-Zimowe-225-60R17-99H-Tracmax-S210 2500w\" sizes=\"(min-width: 1200px) 560px, (min-width: 992px) 50vw, 100vw\" width=\"2500px\" alt=\"2 Nowe Opony Zimowe 225\/60R17 99H Tracmax S210\"\/ style=\"max-width: 100%; height: auto; display: block; margin: 0 auto;\"><\/div>\n<\/div>\n<\/div>\n<\/div>\n<\/div>\n<\/div>\n<div style=\"clear: both; display: block; margin: 10px 0;\">\n<div style=\"clear: both; display: block; margin: 10px 0;\">\n<div style=\"clear: both; display: block; margin: 10px 0;\">\n<div  style=\"max-width:2560px;max-height:1706px\">\n<div style=\"clear: both; display: block; margin: 10px 0;\">\n<div style=\"clear: both; width: 100%; display: block; margin: 20px 0; padding: 0; float: none; position: static; text-align: center;\"><img decoding=\"async\"  src=\"https:\/\/a.allegroimg.com\/original\/113d65\/0ec3586e4900b673e209e659e0c5\/2-Nowe-Opony-Zimowe-225-60R17-99H-Tracmax-S210-Marka-Tracmax\" srcset=\"https:\/\/a.allegroimg.com\/original\/113d65\/0ec3586e4900b673e209e659e0c5\/2-Nowe-Opony-Zimowe-225-60R17-99H-Tracmax-S210-Marka-Tracmax 360w,https:\/\/a.allegroimg.com\/original\/113d65\/0ec3586e4900b673e209e659e0c5\/2-Nowe-Opony-Zimowe-225-60R17-99H-Tracmax-S210-Marka-Tracmax 720w,https:\/\/a.allegroimg.com\/original\/113d65\/0ec3586e4900b673e209e659e0c5\/2-Nowe-Opony-Zimowe-225-60R17-99H-Tracmax-S210-Marka-Tracmax 1024w,https:\/\/a.allegroimg.com\/original\/113d65\/0ec3586e4900b673e209e659e0c5\/2-Nowe-Opony-Zimowe-225-60R17-99H-Tracmax-S210-Marka-Tracmax 1440w,https:\/\/a.allegroimg.com\/original\/113d65\/0ec3586e4900b673e209e659e0c5\/2-Nowe-Opony-Zimowe-225-60R17-99H-Tracmax-S210-Marka-Tracmax 2560w\" sizes=\"(min-width: 1200px) 560px, (min-width: 992px) 50vw, 100vw\" width=\"2560px\" alt=\"2 Nowe Opony Zimowe 225\/60R17 99H Tracmax S210 Marka Tracmax\"\/ style=\"max-width: 100%; height: auto; display: block; margin: 0 auto;\"><\/div>\n<\/div>\n<\/div>\n<\/div>\n<\/div>\n<div style=\"clear: both; display: block; margin: 10px 0;\">\n<div style=\"clear: both; display: block; margin: 10px 0;\">\n<h2>Tracmax S210 \u2013 bezpiecze\u0144stwo i kontrola w zimowych warunkach<\/h2>\n<p style=\"margin: 15px 0; line-height: 1.8; clear: both; display: block; width: 100%; float: none; position: static;\">Bie\u017cnik <b>Tracmax S210<\/b> zosta\u0142 specjalnie zaprojektowany jako opona <b>zimowa<\/b>, aby zapewni\u0107 maksymaln\u0105 przyczepno\u015b\u0107 i stabilno\u015b\u0107 w trudnych, zimowych warunkach. Doskonale radzi sobie na \u015bniegu, lodzie i mokrej nawierzchni, gwarantuj\u0105c pewn\u0105 jazd\u0119 i bezpiecze\u0144stwo nawet przy niskich temperaturach.<\/p>\n<h3 style=\"color: #2c5aa0; font-size: 18px; margin: 30px 0 15px 0; font-weight: bold; clear: both; display: block; width: 100%; float: none; position: static;\">Najwa\u017cniejsze cechy:<\/h3>\n<ul style=\"margin: 15px 0; padding-left: 20px; clear: both; display: block; width: 100%; float: none; position: static;\">\n<li style=\"margin: 5px 0; padding: 2px 0; clear: both; display: list-item; float: none; position: static;\"><b>Specjalna mieszanka gumowa zimowa<\/b> \u2013 zachowuje elastyczno\u015b\u0107 w niskich temperaturach, zwi\u0119kszaj\u0105c przyczepno\u015b\u0107 i skracaj\u0105c drog\u0119 hamowania.<\/li>\n<li style=\"margin: 5px 0; padding: 2px 0; clear: both; display: list-item; float: none; position: static;\"><b>G\u0142\u0119bokie rowki i lamelki<\/b> \u2013 skutecznie odprowadzaj\u0105 wod\u0119 i b\u0142oto po\u015bniegowe, redukuj\u0105c ryzyko po\u015blizgu.<\/li>\n<li style=\"margin: 5px 0; padding: 2px 0; clear: both; display: list-item; float: none; position: static;\"><b>Asymetryczny wz\u00f3r bie\u017cnika<\/b> \u2013 zapewnia stabilno\u015b\u0107 w zakr\u0119tach i precyzyjne prowadzenie na r\u00f3\u017cnych nawierzchniach.<\/li>\n<li style=\"margin: 5px 0; padding: 2px 0; clear: both; display: list-item; float: none; position: static;\"><b>Wzmocnione klocki barkowe<\/b> \u2013 zwi\u0119kszaj\u0105 trakcj\u0119 i odporno\u015b\u0107 opony na \u015bcieranie.<\/li>\n<\/ul>\n<\/div>\n<\/div>\n<\/div>\n<div style=\"clear: both; display: block; margin: 10px 0;\">\n<div style=\"clear: both; display: block; margin: 10px 0;\">\n<div style=\"clear: both; display: block; margin: 10px 0;\">\n<h1>Symbol 3PMSF<\/h1>\n<p style=\"margin: 15px 0; line-height: 1.8; clear: both; display: block; width: 100%; float: none; position: static;\">Opony Tracmax posiadaj\u0105 tzw. symbol 3PMSF. Jest to symbol, kt\u00f3rego producenci ogumienia nie mog\u0105 umie\u015bci\u0107 od tak na ka\u017cdej oponie \u2013 musi ona spe\u0142nia\u0107 okre\u015blone kryteria przyczepno\u015bci na \u015bniegu oraz drodze podczas zimowych warunk\u00f3w atmosferycznych.<\/p>\n<\/div>\n<\/div>\n<\/div>\n<div style=\"clear: both; display: block; margin: 10px 0;\">\n<div style=\"clear: both; display: block; margin: 10px 0;\">\n<div style=\"clear: both; display: block; margin: 10px 0;\">\n<h1>Homologacja opon<\/h1>\n<p style=\"margin: 15px 0; line-height: 1.8; clear: both; display: block; width: 100%; float: none; position: static;\">Opony marki Tracmax posiadaj\u0105 homologacje E4 (kraj nadania &#8211;&nbsp;<b>Holandia)<\/b>, kt\u00f3ra dopuszcza je do u\u017cytkowania na terenie Unii Europejskiej. Jest to bardzo istotne, poniewa\u017c opony nie posiadaj\u0105ce tego parametru nie spe\u0142niaj\u0105 norm UE dotycz\u0105cych bezpiecze\u0144stwa.<\/p>\n<\/div>\n<\/div>\n<\/div>\n<div style=\"clear: both; display: block; margin: 10px 0;\">\n<div style=\"clear: both; display: block; margin: 10px 0;\">\n<div style=\"clear: both; display: block; margin: 10px 0;\">\n<h1>Informacje o marce<\/h1>\n<ul style=\"margin: 15px 0; padding-left: 20px; clear: both; display: block; width: 100%; float: none; position: static;\">\n<li style=\"margin: 5px 0; padding: 2px 0; clear: both; display: list-item; float: none; position: static;\">Lokalizacja: Obszar przemys\u0142owy Shandong GuangRao<\/li>\n<li style=\"margin: 5px 0; padding: 2px 0; clear: both; display: list-item; float: none; position: static;\">Powierzchnia hal: 800 000M\u00b2<\/li>\n<li style=\"margin: 5px 0; padding: 2px 0; clear: both; display: list-item; float: none; position: static;\">Ca\u0142kowita wydajno\u015b\u0107: 24 mln opon PCR i 4 mln opon TBR rocznie.<\/li>\n<li style=\"margin: 5px 0; padding: 2px 0; clear: both; display: list-item; float: none; position: static;\">Inwestycje: 400 mln USD<\/li>\n<li style=\"margin: 5px 0; padding: 2px 0; clear: both; display: list-item; float: none; position: static;\">Zatrudnienie: 4000 os\u00f3b<\/li>\n<li style=\"margin: 5px 0; padding: 2px 0; clear: both; display: list-item; float: none; position: static;\">Wyposa\u017cenie: Wyposa\u017cenie pierwszej klasy z<b>&nbsp;Niemiec, Holandii, Japonii i Chin.<\/b><\/li>\n<li style=\"margin: 5px 0; padding: 2px 0; clear: both; display: list-item; float: none; position: static;\">Zatwierdzone standardy jako\u015bci:&nbsp;<b>ISO\/DOT\/ECE\/GCC\/INMETRO.<\/b><\/li>\n<li style=\"margin: 5px 0; padding: 2px 0; clear: both; display: list-item; float: none; position: static;\">Technologia: Niskoemisyjna, ekonomiczna i ekologiczna produkcja, innowacyjna technologia.<\/li>\n<\/ul>\n<\/div>\n<\/div>\n<div style=\"clear: both; display: block; margin: 10px 0;\">\n<div style=\"clear: both; display: block; margin: 10px 0;\">\n<div  style=\"max-width:2560px;max-height:1440px\">\n<div style=\"clear: both; display: block; margin: 10px 0;\">\n<div style=\"clear: both; width: 100%; display: block; margin: 20px 0; padding: 0; float: none; position: static; text-align: center;\"><img decoding=\"async\"  src=\"https:\/\/a.allegroimg.com\/original\/11314c\/a736db754637bed6fb882dc6efab\/2-Nowe-Opony-Zimowe-225-60R17-99H-Tracmax-S210-Klasa-pozostale-marki\" srcset=\"https:\/\/a.allegroimg.com\/original\/11314c\/a736db754637bed6fb882dc6efab\/2-Nowe-Opony-Zimowe-225-60R17-99H-Tracmax-S210-Klasa-pozostale-marki 360w,https:\/\/a.allegroimg.com\/original\/11314c\/a736db754637bed6fb882dc6efab\/2-Nowe-Opony-Zimowe-225-60R17-99H-Tracmax-S210-Klasa-pozostale-marki 720w,https:\/\/a.allegroimg.com\/original\/11314c\/a736db754637bed6fb882dc6efab\/2-Nowe-Opony-Zimowe-225-60R17-99H-Tracmax-S210-Klasa-pozostale-marki 1024w,https:\/\/a.allegroimg.com\/original\/11314c\/a736db754637bed6fb882dc6efab\/2-Nowe-Opony-Zimowe-225-60R17-99H-Tracmax-S210-Klasa-pozostale-marki 1440w,https:\/\/a.allegroimg.com\/original\/11314c\/a736db754637bed6fb882dc6efab\/2-Nowe-Opony-Zimowe-225-60R17-99H-Tracmax-S210-Klasa-pozostale-marki 2560w\" sizes=\"(min-width: 1200px) 560px, (min-width: 992px) 50vw, 100vw\" width=\"2560px\" alt=\"2 Nowe Opony Zimowe 225\/60R17 99H Tracmax S210 Klasa pozosta\u0142e marki\"\/ style=\"max-width: 100%; height: auto; display: block; margin: 0 auto;\"><\/div>\n<\/div>\n<\/div>\n<\/div>\n<\/div>\n<\/div>\n<\/div>\n<\/div>\n<\/div>\n<div style=\"clear: both; display: block; margin: 10px 0;\">\n","protected":false},"excerpt":{"rendered":"<p>Dane techniczne<\/p>\n<p>Stan:&nbsp;Nowa<\/p>\n<p>Marka:&nbsp;Tracmax<\/p>\n<p>Model: X-Privilo S210<\/p>\n<p>Rozmiar:&nbsp;225\/60R17<\/p>\n<p>Indeks pr\u0119dko\u015bci: H<\/p>\n<p>Indeks no\u015bno\u015bci: 99<\/p>\n<p>Rok produkcji: 2025<\/p>\n","protected":false},"featured_media":11257,"template":"","meta":{"_uag_custom_page_level_css":""},"product_brand":[393],"product_cat":[414,413,412,415],"product_tag":[],"class_list":{"0":"post-11256","1":"product","2":"type-product","3":"status-publish","4":"has-post-thumbnail","6":"product_brand-tracmax","7":"product_cat-do-samochodow-osobowych-i-suv","8":"product_cat-opony","9":"product_cat-opony-i-felgi","10":"product_cat-zimowe","12":"first","13":"instock","14":"shipping-taxable","15":"purchasable","16":"product-type-simple"},"uagb_featured_image_src":{"full":["https:\/\/oponixo.shop\/tire\/wp-content\/uploads\/2025\/12\/allegro-image-11256.jpg",2500,2500,false],"thumbnail":["https:\/\/oponixo.shop\/tire\/wp-content\/uploads\/2025\/12\/allegro-image-11256-150x150.jpg",150,150,true],"medium":["https:\/\/oponixo.shop\/tire\/wp-content\/uploads\/2025\/12\/allegro-image-11256-300x300.jpg",300,300,true],"medium_large":["https:\/\/oponixo.shop\/tire\/wp-content\/uploads\/2025\/12\/allegro-image-11256-768x768.jpg",768,768,true],"large":["https:\/\/oponixo.shop\/tire\/wp-content\/uploads\/2025\/12\/allegro-image-11256-1024x1024.jpg",1024,1024,true],"1536x1536":["https:\/\/oponixo.shop\/tire\/wp-content\/uploads\/2025\/12\/allegro-image-11256-1536x1536.jpg",1536,1536,true],"2048x2048":["https:\/\/oponixo.shop\/tire\/wp-content\/uploads\/2025\/12\/allegro-image-11256-2048x2048.jpg",2048,2048,true],"woocommerce_thumbnail":["https:\/\/oponixo.shop\/tire\/wp-content\/uploads\/2025\/12\/allegro-image-11256-300x300.jpg",300,300,true],"woocommerce_single":["https:\/\/oponixo.shop\/tire\/wp-content\/uploads\/2025\/12\/allegro-image-11256-600x600.jpg",600,600,true],"woocommerce_gallery_thumbnail":["https:\/\/oponixo.shop\/tire\/wp-content\/uploads\/2025\/12\/allegro-image-11256-100x100.jpg",100,100,true]},"uagb_author_info":{"display_name":"admin","author_link":"https:\/\/oponixo.shop\/tire\/author\/"},"uagb_comment_info":0,"uagb_excerpt":"Dane techniczne Stan:&nbsp;Nowa Marka:&nbsp;Tracmax Model: X-Privilo S210 Rozmiar:&nbsp;225\/60R17 Indeks pr\u0119dko\u015bci: H Indeks no\u015bno\u015bci: 99 Rok produkcji: 2025","_links":{"self":[{"href":"https:\/\/oponixo.shop\/tire\/wp-json\/wp\/v2\/product\/11256","targetHints":{"allow":["GET"]}}],"collection":[{"href":"https:\/\/oponixo.shop\/tire\/wp-json\/wp\/v2\/product"}],"about":[{"href":"https:\/\/oponixo.shop\/tire\/wp-json\/wp\/v2\/types\/product"}],"wp:featuredmedia":[{"embeddable":true,"href":"https:\/\/oponixo.shop\/tire\/wp-json\/wp\/v2\/media\/11257"}],"wp:attachment":[{"href":"https:\/\/oponixo.shop\/tire\/wp-json\/wp\/v2\/media?parent=11256"}],"wp:term":[{"taxonomy":"product_brand","embeddable":true,"href":"https:\/\/oponixo.shop\/tire\/wp-json\/wp\/v2\/product_brand?post=11256"},{"taxonomy":"product_cat","embeddable":true,"href":"https:\/\/oponixo.shop\/tire\/wp-json\/wp\/v2\/product_cat?post=11256"},{"taxonomy":"product_tag","embeddable":true,"href":"https:\/\/oponixo.shop\/tire\/wp-json\/wp\/v2\/product_tag?post=11256"}],"curies":[{"name":"wp","href":"https:\/\/api.w.org\/{rel}","templated":true}]}}