{"id":11165,"date":"2025-12-31T04:14:18","date_gmt":"2025-12-31T04:14:18","guid":{"rendered":"https:\/\/oponyexpert.shop\/xef5\/produkt\/2x-kumho-solus-4s-ha32-245-40r18-97y\/"},"modified":"2025-12-31T04:14:19","modified_gmt":"2025-12-31T04:14:19","slug":"2x-kumho-solus-4s-ha32-245-40r18-97y","status":"publish","type":"product","link":"https:\/\/oponixo.shop\/tire\/produkt\/2x-kumho-solus-4s-ha32-245-40r18-97y\/","title":{"rendered":"2x Kumho Solus 4S HA32 245\/40R18 97Y"},"content":{"rendered":"<div style=\"font-family: Arial, sans-serif; line-height: 1.6; color: #333; padding: 20px; clear: both; display: block; width: 100%; float: none; position: static; overflow: hidden;\">\n<div style=\"clear: both; display: block; margin: 10px 0;\">\n<div style=\"clear: both; display: block; margin: 10px 0;\">\n<div style=\"clear: both; display: block; margin: 10px 0;\">\n<h1>2x nowe opony caloroczne KUMHO SOLUS 4S HA32 245\/40R18 97Y<\/h1>\n<p style=\"margin: 15px 0; line-height: 1.8; clear: both; display: block; width: 100%; float: none; position: static;\">Cechy produktu<\/p>\n<ul style=\"margin: 15px 0; padding-left: 20px; clear: both; display: block; width: 100%; float: none; position: static;\">\n<li style=\"margin: 5px 0; padding: 2px 0; clear: both; display: list-item; float: none; position: static;\">Marka: Kumho<\/li>\n<li style=\"margin: 5px 0; padding: 2px 0; clear: both; display: list-item; float: none; position: static;\">Model: Solus 4S HA32<\/li>\n<li style=\"margin: 5px 0; padding: 2px 0; clear: both; display: list-item; float: none; position: static;\">Szeroko\u015b\u0107\/profil\/\u015brednica: 245\/40R18<\/li>\n<li style=\"margin: 5px 0; padding: 2px 0; clear: both; display: list-item; float: none; position: static;\">Indeks no\u015bno\u015bci: do 97 (730 kg na opon\u0119)<\/li>\n<li style=\"margin: 5px 0; padding: 2px 0; clear: both; display: list-item; float: none; position: static;\">Indeks pr\u0119dko\u015bci: Y (do 300 km\/h)<\/li>\n<li style=\"margin: 5px 0; padding: 2px 0; clear: both; display: list-item; float: none; position: static;\">Sezon: caloroczne<\/li>\n<li style=\"margin: 5px 0; padding: 2px 0; clear: both; display: list-item; float: none; position: static;\">Typ pojazdu: osobowy<\/li>\n<li style=\"margin: 5px 0; padding: 2px 0; clear: both; display: list-item; float: none; position: static;\">Klasa energetyczna: C<\/li>\n<li style=\"margin: 5px 0; padding: 2px 0; clear: both; display: list-item; float: none; position: static;\">Klasa przyczepno\u015bci: B<\/li>\n<li style=\"margin: 5px 0; padding: 2px 0; clear: both; display: list-item; float: none; position: static;\">Poziom ha\u0142asu: 72<\/li>\n<li style=\"margin: 5px 0; padding: 2px 0; clear: both; display: list-item; float: none; position: static;\">Klasa ha\u0142asu: B<\/li>\n<li style=\"margin: 5px 0; padding: 2px 0; clear: both; display: list-item; float: none; position: static;\">Rok produkcji: 2024\/2025<\/li>\n<li style=\"margin: 5px 0; padding: 2px 0; clear: both; display: list-item; float: none; position: static;\">Oznaczenia_dodatkowe: XL<\/li>\n<\/ul>\n<\/div>\n<\/div>\n<div style=\"clear: both; display: block; margin: 10px 0;\">\n<div style=\"clear: both; display: block; margin: 10px 0;\">\n<div  style=\"max-width:605px;max-height:800px\">\n<div style=\"clear: both; display: block; margin: 10px 0;\">\n<div style=\"clear: both; width: 100%; display: block; margin: 20px 0; padding: 0; float: none; position: static; text-align: center;\"><img decoding=\"async\"  src=\"https:\/\/a.allegroimg.com\/original\/119274\/58000d63450a9f552b10f638870c\/2x-Kumho-Solus-4S-HA32-245-40R18-97Y\" srcset=\"https:\/\/a.allegroimg.com\/original\/119274\/58000d63450a9f552b10f638870c\/2x-Kumho-Solus-4S-HA32-245-40R18-97Y 272w,https:\/\/a.allegroimg.com\/original\/119274\/58000d63450a9f552b10f638870c\/2x-Kumho-Solus-4S-HA32-245-40R18-97Y 544w,https:\/\/a.allegroimg.com\/original\/119274\/58000d63450a9f552b10f638870c\/2x-Kumho-Solus-4S-HA32-245-40R18-97Y 605w,https:\/\/a.allegroimg.com\/original\/119274\/58000d63450a9f552b10f638870c\/2x-Kumho-Solus-4S-HA32-245-40R18-97Y 605w\" sizes=\"(min-width: 1200px) 560px, (min-width: 992px) 50vw, 100vw\" width=\"605px\" alt=\"2x Kumho Solus 4S HA32 245\/40R18 97Y\"\/ style=\"max-width: 100%; height: auto; display: block; margin: 0 auto;\"><\/div>\n<\/div>\n<\/div>\n<\/div>\n<\/div>\n<\/div>\n<div style=\"clear: both; display: block; margin: 10px 0;\">\n<div style=\"clear: both; display: block; margin: 10px 0;\">\n<div style=\"clear: both; display: block; margin: 10px 0;\">\n<div  style=\"max-width:212px;max-height:305px\">\n<div style=\"clear: both; display: block; margin: 10px 0;\">\n<div style=\"clear: both; width: 100%; display: block; margin: 20px 0; padding: 0; float: none; position: static; text-align: center;\"><img decoding=\"async\"  src=\"https:\/\/a.allegroimg.com\/original\/11a167\/2b3ff6564e0ba18885edd3a1187f\/2x-Kumho-Solus-4S-HA32-245-40R18-97Y-Liczba-opon-w-ofercie-2-szt\" srcset=\"https:\/\/a.allegroimg.com\/original\/11a167\/2b3ff6564e0ba18885edd3a1187f\/2x-Kumho-Solus-4S-HA32-245-40R18-97Y-Liczba-opon-w-ofercie-2-szt 212w,https:\/\/a.allegroimg.com\/original\/11a167\/2b3ff6564e0ba18885edd3a1187f\/2x-Kumho-Solus-4S-HA32-245-40R18-97Y-Liczba-opon-w-ofercie-2-szt 212w\" sizes=\"(min-width: 1200px) 560px, (min-width: 992px) 50vw, 100vw\" width=\"212px\" alt=\"2x Kumho Solus 4S HA32 245\/40R18 97Y Liczba opon w ofercie 2 szt.\"\/ style=\"max-width: 100%; height: auto; display: block; margin: 0 auto;\"><\/div>\n<\/div>\n<\/div>\n<\/div>\n<\/div>\n<div style=\"clear: both; display: block; margin: 10px 0;\">\n<div style=\"clear: both; display: block; margin: 10px 0;\">\n<div  style=\"max-width:2560px;max-height:886px\">\n<div style=\"clear: both; display: block; margin: 10px 0;\">\n<div style=\"clear: both; width: 100%; display: block; margin: 20px 0; padding: 0; float: none; position: static; text-align: center;\"><img decoding=\"async\"  src=\"https:\/\/a.allegroimg.com\/original\/11de11\/23314a5341b79df9410ae55ba7c2\/2x-Kumho-Solus-4S-HA32-245-40R18-97Y-Marka-Kumho\" srcset=\"https:\/\/a.allegroimg.com\/original\/11de11\/23314a5341b79df9410ae55ba7c2\/2x-Kumho-Solus-4S-HA32-245-40R18-97Y-Marka-Kumho 360w,https:\/\/a.allegroimg.com\/original\/11de11\/23314a5341b79df9410ae55ba7c2\/2x-Kumho-Solus-4S-HA32-245-40R18-97Y-Marka-Kumho 720w,https:\/\/a.allegroimg.com\/original\/11de11\/23314a5341b79df9410ae55ba7c2\/2x-Kumho-Solus-4S-HA32-245-40R18-97Y-Marka-Kumho 1024w,https:\/\/a.allegroimg.com\/original\/11de11\/23314a5341b79df9410ae55ba7c2\/2x-Kumho-Solus-4S-HA32-245-40R18-97Y-Marka-Kumho 1440w,https:\/\/a.allegroimg.com\/original\/11de11\/23314a5341b79df9410ae55ba7c2\/2x-Kumho-Solus-4S-HA32-245-40R18-97Y-Marka-Kumho 2560w\" sizes=\"(min-width: 1200px) 560px, (min-width: 992px) 50vw, 100vw\" width=\"2560px\" alt=\"2x Kumho Solus 4S HA32 245\/40R18 97Y Marka Kumho\"\/ style=\"max-width: 100%; height: auto; display: block; margin: 0 auto;\"><\/div>\n<\/div>\n<\/div>\n<\/div>\n<\/div>\n<\/div>\n<div style=\"clear: both; display: block; margin: 10px 0;\">\n<div style=\"clear: both; display: block; margin: 10px 0;\">\n<div style=\"clear: both; display: block; margin: 10px 0;\">\n<p style=\"margin: 15px 0; line-height: 1.8; clear: both; display: block; width: 100%; float: none; position: static;\">Kumho to korea\u0144ska marka opon, kt\u00f3rej pocz\u0105tki si\u0119gaj\u0105 1960 roku. Firma od pocz\u0105tku stawia na innowacyjno\u015b\u0107 i wysok\u0105 jako\u015b\u0107 swoich produkt\u00f3w. Obecnie firma Kumho zaopatruje najwi\u0119kszych korea\u0144skich producent\u00f3w aut, montuj\u0105c opony na oryginalne wyposa\u017cenie samochod\u00f3w Hyundai, czy Kia. Marka zyska\u0142a uznanie r\u00f3wnie\u017c w\u015br\u00f3d europejskich producent\u00f3w aut, co poskutkowa\u0142o monta\u017cem na oryginalne wyposa\u017cenie w niekt\u00f3rych modelach Mercedesa, Volkswagena, czy Opla. Wysoka jako\u015b\u0107 i rozs\u0105dna cena czyni\u0105 opony Kumho \u015bwietnym wyborem dla ka\u017cdego kierowcy<\/p>\n<\/div>\n<\/div>\n<\/div>\n<\/div>\n<\/div>\n<\/div>\n<div style=\"clear: both; display: block; margin: 10px 0;\">\n","protected":false},"excerpt":{"rendered":"<p>2x nowe opony caloroczne KUMHO SOLUS 4S HA32 245\/40R18 97Y<\/p>\n<p>Cechy produktu<\/p>\n<p>Marka: Kumho<\/p>\n<p>Model: Solus 4S HA32<\/p>\n<p>Szeroko\u015b\u0107\/profil\/\u015brednica: 245\/40R18<\/p>\n<p>Indeks no\u015bno\u015bci: do 97 (730 kg na opon\u0119)<\/p>\n<p>Indeks pr\u0119dko\u015bci: Y (do 300 km\/h)<\/p>\n<p>Sezon: caloroczne<\/p>\n","protected":false},"featured_media":11166,"template":"","meta":{"_uag_custom_page_level_css":""},"product_brand":[390],"product_cat":[416,414,413,412],"product_tag":[],"class_list":{"0":"post-11165","1":"product","2":"type-product","3":"status-publish","4":"has-post-thumbnail","6":"product_brand-kumho","7":"product_cat-caloroczne","8":"product_cat-do-samochodow-osobowych-i-suv","9":"product_cat-opony","10":"product_cat-opony-i-felgi","12":"first","13":"instock","14":"shipping-taxable","15":"purchasable","16":"product-type-simple"},"uagb_featured_image_src":{"full":["https:\/\/oponixo.shop\/tire\/wp-content\/uploads\/2025\/12\/allegro-image-11165.jpg",605,800,false],"thumbnail":["https:\/\/oponixo.shop\/tire\/wp-content\/uploads\/2025\/12\/allegro-image-11165-150x150.jpg",150,150,true],"medium":["https:\/\/oponixo.shop\/tire\/wp-content\/uploads\/2025\/12\/allegro-image-11165-227x300.jpg",227,300,true],"medium_large":["https:\/\/oponixo.shop\/tire\/wp-content\/uploads\/2025\/12\/allegro-image-11165.jpg",605,800,false],"large":["https:\/\/oponixo.shop\/tire\/wp-content\/uploads\/2025\/12\/allegro-image-11165.jpg",605,800,false],"1536x1536":["https:\/\/oponixo.shop\/tire\/wp-content\/uploads\/2025\/12\/allegro-image-11165.jpg",605,800,false],"2048x2048":["https:\/\/oponixo.shop\/tire\/wp-content\/uploads\/2025\/12\/allegro-image-11165.jpg",605,800,false],"woocommerce_thumbnail":["https:\/\/oponixo.shop\/tire\/wp-content\/uploads\/2025\/12\/allegro-image-11165-300x300.jpg",300,300,true],"woocommerce_single":["https:\/\/oponixo.shop\/tire\/wp-content\/uploads\/2025\/12\/allegro-image-11165-600x793.jpg",600,793,true],"woocommerce_gallery_thumbnail":["https:\/\/oponixo.shop\/tire\/wp-content\/uploads\/2025\/12\/allegro-image-11165-100x100.jpg",100,100,true]},"uagb_author_info":{"display_name":"admin","author_link":"https:\/\/oponixo.shop\/tire\/author\/"},"uagb_comment_info":0,"uagb_excerpt":"2x nowe opony caloroczne KUMHO SOLUS 4S HA32 245\/40R18 97Y Cechy produktu Marka: Kumho Model: Solus 4S HA32 Szeroko\u015b\u0107\/profil\/\u015brednica: 245\/40R18 Indeks no\u015bno\u015bci: do 97 (730 kg na opon\u0119) Indeks pr\u0119dko\u015bci: Y (do 300 km\/h) Sezon: caloroczne","_links":{"self":[{"href":"https:\/\/oponixo.shop\/tire\/wp-json\/wp\/v2\/product\/11165","targetHints":{"allow":["GET"]}}],"collection":[{"href":"https:\/\/oponixo.shop\/tire\/wp-json\/wp\/v2\/product"}],"about":[{"href":"https:\/\/oponixo.shop\/tire\/wp-json\/wp\/v2\/types\/product"}],"wp:featuredmedia":[{"embeddable":true,"href":"https:\/\/oponixo.shop\/tire\/wp-json\/wp\/v2\/media\/11166"}],"wp:attachment":[{"href":"https:\/\/oponixo.shop\/tire\/wp-json\/wp\/v2\/media?parent=11165"}],"wp:term":[{"taxonomy":"product_brand","embeddable":true,"href":"https:\/\/oponixo.shop\/tire\/wp-json\/wp\/v2\/product_brand?post=11165"},{"taxonomy":"product_cat","embeddable":true,"href":"https:\/\/oponixo.shop\/tire\/wp-json\/wp\/v2\/product_cat?post=11165"},{"taxonomy":"product_tag","embeddable":true,"href":"https:\/\/oponixo.shop\/tire\/wp-json\/wp\/v2\/product_tag?post=11165"}],"curies":[{"name":"wp","href":"https:\/\/api.w.org\/{rel}","templated":true}]}}