{"id":11145,"date":"2025-12-31T03:57:50","date_gmt":"2025-12-31T03:57:50","guid":{"rendered":"https:\/\/oponyexpert.shop\/xef5\/produkt\/2-x-yokohama-bluearth-4s-aw21-225-50r19-100-v-xl-fr-3pmsf-opona-caloroczna\/"},"modified":"2025-12-31T03:57:51","modified_gmt":"2025-12-31T03:57:51","slug":"2-x-yokohama-bluearth-4s-aw21-225-50r19-100-v-xl-fr-3pmsf-opona-caloroczna","status":"publish","type":"product","link":"https:\/\/oponixo.shop\/tire\/produkt\/2-x-yokohama-bluearth-4s-aw21-225-50r19-100-v-xl-fr-3pmsf-opona-caloroczna\/","title":{"rendered":"2 x Yokohama BluEarth-4S AW21 225\/50R19 100 V XL FR 3PMSF opona ca\u0142oroczna"},"content":{"rendered":"<div style=\"font-family: Arial, sans-serif; line-height: 1.6; color: #333; padding: 20px; clear: both; display: block; width: 100%; float: none; position: static; overflow: hidden;\">\n<div style=\"clear: both; display: block; margin: 10px 0;\">\n<div style=\"clear: both; display: block; margin: 10px 0;\">\n<div style=\"clear: both; display: block; margin: 10px 0;\">\n<div  style=\"max-width:334px;max-height:500px\">\n<div style=\"clear: both; display: block; margin: 10px 0;\">\n<div style=\"clear: both; width: 100%; display: block; margin: 20px 0; padding: 0; float: none; position: static; text-align: center;\"><img decoding=\"async\"  src=\"https:\/\/a.allegroimg.com\/original\/112fc5\/0ff416794112b55c28f5332adb83\/2-x-Yokohama-BluEarth-4S-AW21-225-50R19-100-V-XL-FR-3PMSF-opona-caloroczna\" srcset=\"https:\/\/a.allegroimg.com\/original\/112fc5\/0ff416794112b55c28f5332adb83\/2-x-Yokohama-BluEarth-4S-AW21-225-50R19-100-V-XL-FR-3PMSF-opona-caloroczna 240w,https:\/\/a.allegroimg.com\/original\/112fc5\/0ff416794112b55c28f5332adb83\/2-x-Yokohama-BluEarth-4S-AW21-225-50R19-100-V-XL-FR-3PMSF-opona-caloroczna 334w,https:\/\/a.allegroimg.com\/original\/112fc5\/0ff416794112b55c28f5332adb83\/2-x-Yokohama-BluEarth-4S-AW21-225-50R19-100-V-XL-FR-3PMSF-opona-caloroczna 334w\" sizes=\"(min-width: 1200px) 560px, (min-width: 992px) 50vw, 100vw\" width=\"334px\" alt=\"2 x Yokohama BluEarth-4S AW21 225\/50R19 100 V XL FR 3PMSF opona ca\u0142oroczna\"\/ style=\"max-width: 100%; height: auto; display: block; margin: 0 auto;\"><\/div>\n<\/div>\n<\/div>\n<\/div>\n<\/div>\n<div style=\"clear: both; display: block; margin: 10px 0;\">\n<div style=\"clear: both; display: block; margin: 10px 0;\">\n<h2>Yokohama BluEarth-4S AW21 225\/50R19 100 V XL FR 3PMSF<\/h2>\n<p style=\"margin: 15px 0; line-height: 1.8; clear: both; display: block; width: 100%; float: none; position: static;\">Producent: Yokohama<\/p>\n<p style=\"margin: 15px 0; line-height: 1.8; clear: both; display: block; width: 100%; float: none; position: static;\">Model: BluEarth-4S AW21<\/p>\n<p style=\"margin: 15px 0; line-height: 1.8; clear: both; display: block; width: 100%; float: none; position: static;\">Sezon: ca\u0142oroczne<\/p>\n<p style=\"margin: 15px 0; line-height: 1.8; clear: both; display: block; width: 100%; float: none; position: static;\">Rozmiar: 225\/50R19<\/p>\n<p style=\"margin: 15px 0; line-height: 1.8; clear: both; display: block; width: 100%; float: none; position: static;\">Data produkcji: do 36 miesi\u0119cy<\/p>\n<p style=\"margin: 15px 0; line-height: 1.8; clear: both; display: block; width: 100%; float: none; position: static;\">Zu\u017cycie paliwa: klasa D<\/p>\n<p style=\"margin: 15px 0; line-height: 1.8; clear: both; display: block; width: 100%; float: none; position: static;\">Przyczepno\u015b\u0107 na mokrym: klasa B<\/p>\n<p style=\"margin: 15px 0; line-height: 1.8; clear: both; display: block; width: 100%; float: none; position: static;\">Poziom ha\u0142asu: 72 dB<\/p>\n<\/div>\n<\/div>\n<\/div>\n<div style=\"clear: both; display: block; margin: 10px 0;\">\n<div style=\"clear: both; display: block; margin: 10px 0;\">\n<div style=\"clear: both; display: block; margin: 10px 0;\">\n<div  style=\"max-width:760px;max-height:580px\">\n<div style=\"clear: both; display: block; margin: 10px 0;\">\n<div style=\"clear: both; width: 100%; display: block; margin: 20px 0; padding: 0; float: none; position: static; text-align: center;\"><img decoding=\"async\"  src=\"https:\/\/a.allegroimg.com\/original\/110fbe\/adbf15e3474fa61924d5371e2126\/2-x-Yokohama-BluEarth-4S-AW21-225-50R19-100-V-XL-FR-3PMSF-opona-caloroczna-Liczba-opon-w-ofercie-2-szt\" srcset=\"https:\/\/a.allegroimg.com\/original\/110fbe\/adbf15e3474fa61924d5371e2126\/2-x-Yokohama-BluEarth-4S-AW21-225-50R19-100-V-XL-FR-3PMSF-opona-caloroczna-Liczba-opon-w-ofercie-2-szt 360w,https:\/\/a.allegroimg.com\/original\/110fbe\/adbf15e3474fa61924d5371e2126\/2-x-Yokohama-BluEarth-4S-AW21-225-50R19-100-V-XL-FR-3PMSF-opona-caloroczna-Liczba-opon-w-ofercie-2-szt 720w,https:\/\/a.allegroimg.com\/original\/110fbe\/adbf15e3474fa61924d5371e2126\/2-x-Yokohama-BluEarth-4S-AW21-225-50R19-100-V-XL-FR-3PMSF-opona-caloroczna-Liczba-opon-w-ofercie-2-szt 760w,https:\/\/a.allegroimg.com\/original\/110fbe\/adbf15e3474fa61924d5371e2126\/2-x-Yokohama-BluEarth-4S-AW21-225-50R19-100-V-XL-FR-3PMSF-opona-caloroczna-Liczba-opon-w-ofercie-2-szt 760w\" sizes=\"(min-width: 1200px) 560px, (min-width: 992px) 50vw, 100vw\" width=\"760px\" alt=\"2 x Yokohama BluEarth-4S AW21 225\/50R19 100 V XL FR 3PMSF opona ca\u0142oroczna Liczba opon w ofercie 2 szt.\"\/ style=\"max-width: 100%; height: auto; display: block; margin: 0 auto;\"><\/div>\n<\/div>\n<\/div>\n<\/div>\n<\/div>\n<div style=\"clear: both; display: block; margin: 10px 0;\">\n<div style=\"clear: both; display: block; margin: 10px 0;\">\n<h1>Yokohama BluEarth-4S AW21 \u2013 japo\u0144ska technologia ca\u0142oroczna dostosowana do Europy<\/h1>\n<p style=\"margin: 15px 0; line-height: 1.8; clear: both; display: block; width: 100%; float: none; position: static;\">Yokohama BluEarth\u20114S AW21 to pierwszy europejski model ca\u0142oroczny od renomowanego japo\u0144skiego producenta klasy premium. Marka, kt\u00f3ra od lat cieszy si\u0119 uznaniem w motorsporcie i zaawansowanych projektach badawczych, wprowadza na rynek ogumienie zaprojektowane z my\u015bl\u0105 o specyficznych warunkach klimatycznych Europy. Model BluEarth\u20114S AW21 powsta\u0142 na bazie do\u015bwiadcze\u0144 z rynk\u00f3w azjatyckich, ale zosta\u0142 zoptymalizowany do jazdy po nawierzchniach, kt\u00f3re potrafi\u0105 zaskoczy\u0107 \u015bniegiem, deszczem i b\u0142otem nawet w \u015brodku sezonu przej\u015bciowego. To opona dla kierowc\u00f3w, kt\u00f3rzy oczekuj\u0105 niezawodno\u015bci w ka\u017cdej porze roku \u2013 bez kompromis\u00f3w i bez konieczno\u015bci sezonowej wymiany.<\/p>\n<\/div>\n<\/div>\n<\/div>\n<div style=\"clear: both; display: block; margin: 10px 0;\">\n<div style=\"clear: both; display: block; margin: 10px 0;\">\n<div style=\"clear: both; display: block; margin: 10px 0;\">\n<div  style=\"max-width:760px;max-height:582px\">\n<div style=\"clear: both; display: block; margin: 10px 0;\">\n<div style=\"clear: both; width: 100%; display: block; margin: 20px 0; padding: 0; float: none; position: static; text-align: center;\"><img decoding=\"async\"  src=\"https:\/\/a.allegroimg.com\/original\/1138e4\/66797b51408ca5485ddce5d5733a\/2-x-Yokohama-BluEarth-4S-AW21-225-50R19-100-V-XL-FR-3PMSF-opona-caloroczna-Marka-Yokohama\" srcset=\"https:\/\/a.allegroimg.com\/original\/1138e4\/66797b51408ca5485ddce5d5733a\/2-x-Yokohama-BluEarth-4S-AW21-225-50R19-100-V-XL-FR-3PMSF-opona-caloroczna-Marka-Yokohama 360w,https:\/\/a.allegroimg.com\/original\/1138e4\/66797b51408ca5485ddce5d5733a\/2-x-Yokohama-BluEarth-4S-AW21-225-50R19-100-V-XL-FR-3PMSF-opona-caloroczna-Marka-Yokohama 720w,https:\/\/a.allegroimg.com\/original\/1138e4\/66797b51408ca5485ddce5d5733a\/2-x-Yokohama-BluEarth-4S-AW21-225-50R19-100-V-XL-FR-3PMSF-opona-caloroczna-Marka-Yokohama 760w,https:\/\/a.allegroimg.com\/original\/1138e4\/66797b51408ca5485ddce5d5733a\/2-x-Yokohama-BluEarth-4S-AW21-225-50R19-100-V-XL-FR-3PMSF-opona-caloroczna-Marka-Yokohama 760w\" sizes=\"(min-width: 1200px) 560px, (min-width: 992px) 50vw, 100vw\" width=\"760px\" alt=\"2 x Yokohama BluEarth-4S AW21 225\/50R19 100 V XL FR 3PMSF opona ca\u0142oroczna Marka Yokohama\"\/ style=\"max-width: 100%; height: auto; display: block; margin: 0 auto;\"><\/div>\n<\/div>\n<\/div>\n<\/div>\n<\/div>\n<div style=\"clear: both; display: block; margin: 10px 0;\">\n<div style=\"clear: both; display: block; margin: 10px 0;\">\n<h1>Skuteczno\u015b\u0107 w ka\u017cdych warunkach<\/h1>\n<p style=\"margin: 15px 0; line-height: 1.8; clear: both; display: block; width: 100%; float: none; position: static;\">BluEarth\u20114S AW21 wyr\u00f3\u017cnia si\u0119 bie\u017cnikiem o kierunkowym uk\u0142adzie blok\u00f3w, zaprojektowanym specjalnie do szybkiego odprowadzania wody, \u015bniegu i b\u0142ota. Rowki w kszta\u0142cie litery \u201eV\u201d oraz g\u0142\u0119boka struktura kana\u0142\u00f3w zapewniaj\u0105 szybkie osuszanie bie\u017cnika, minimalizuj\u0105c ryzyko aquaplaningu. Masywne klocki barkowe i poszerzone bloki bie\u017cnika zwi\u0119kszaj\u0105 liczb\u0119 punkt\u00f3w styku z nawierzchni\u0105, co bezpo\u015brednio wp\u0142ywa na stabilno\u015b\u0107, lepsz\u0105 przyczepno\u015b\u0107 i kr\u00f3tsz\u0105 drog\u0119 hamowania \u2013 nawet na za\u015bnie\u017conej lub oblodzonej drodze. Z kolei zaawansowana mieszanka gumowa z krzemionk\u0105 i specjalnymi polimerami pozwala zachowa\u0107 optymaln\u0105 elastyczno\u015b\u0107 zim\u0105 oraz sztywno\u015b\u0107 latem, przeciwdzia\u0142aj\u0105c odkszta\u0142ceniom i wyd\u0142u\u017caj\u0105c \u017cywotno\u015b\u0107 ogumienia.<\/p>\n<\/div>\n<\/div>\n<\/div>\n<div style=\"clear: both; display: block; margin: 10px 0;\">\n<div style=\"clear: both; display: block; margin: 10px 0;\">\n<div style=\"clear: both; display: block; margin: 10px 0;\">\n<div  style=\"max-width:760px;max-height:624px\">\n<div style=\"clear: both; display: block; margin: 10px 0;\">\n<div style=\"clear: both; width: 100%; display: block; margin: 20px 0; padding: 0; float: none; position: static; text-align: center;\"><img decoding=\"async\"  src=\"https:\/\/a.allegroimg.com\/original\/1105a4\/7ac994ab4ca1b96193e1255278ae\/2-x-Yokohama-BluEarth-4S-AW21-225-50R19-100-V-XL-FR-3PMSF-opona-caloroczna-Szerokosc-opony-225-mm\" srcset=\"https:\/\/a.allegroimg.com\/original\/1105a4\/7ac994ab4ca1b96193e1255278ae\/2-x-Yokohama-BluEarth-4S-AW21-225-50R19-100-V-XL-FR-3PMSF-opona-caloroczna-Szerokosc-opony-225-mm 360w,https:\/\/a.allegroimg.com\/original\/1105a4\/7ac994ab4ca1b96193e1255278ae\/2-x-Yokohama-BluEarth-4S-AW21-225-50R19-100-V-XL-FR-3PMSF-opona-caloroczna-Szerokosc-opony-225-mm 720w,https:\/\/a.allegroimg.com\/original\/1105a4\/7ac994ab4ca1b96193e1255278ae\/2-x-Yokohama-BluEarth-4S-AW21-225-50R19-100-V-XL-FR-3PMSF-opona-caloroczna-Szerokosc-opony-225-mm 760w,https:\/\/a.allegroimg.com\/original\/1105a4\/7ac994ab4ca1b96193e1255278ae\/2-x-Yokohama-BluEarth-4S-AW21-225-50R19-100-V-XL-FR-3PMSF-opona-caloroczna-Szerokosc-opony-225-mm 760w\" sizes=\"(min-width: 1200px) 560px, (min-width: 992px) 50vw, 100vw\" width=\"760px\" alt=\"2 x Yokohama BluEarth-4S AW21 225\/50R19 100 V XL FR 3PMSF opona ca\u0142oroczna Szeroko\u015b\u0107 opony 225 mm\"\/ style=\"max-width: 100%; height: auto; display: block; margin: 0 auto;\"><\/div>\n<\/div>\n<\/div>\n<\/div>\n<\/div>\n<div style=\"clear: both; display: block; margin: 10px 0;\">\n<div style=\"clear: both; display: block; margin: 10px 0;\">\n<h1>Wydajno\u015b\u0107 potwierdzona w testach<\/h1>\n<p style=\"margin: 15px 0; line-height: 1.8; clear: both; display: block; width: 100%; float: none; position: static;\">Opona by\u0142a wielokrotnie testowana przez europejskie organizacje i redakcje motoryzacyjne \u2013 m.in. Auto Bild, Tyre Reviews i Autoklub \u010cR \u2013 uzyskuj\u0105c wysokie oceny szczeg\u00f3lnie za przyczepno\u015b\u0107 na \u015bniegu, hamowanie na mokrym oraz prowadzenie w deszczu. W testach wyr\u00f3\u017cnia si\u0119 tak\u017ce wysok\u0105 efektywno\u015bci\u0105 przy ruszaniu na \u015bniegu (100% skuteczno\u015bci wzgl\u0119dem konkurencji w jednej z pr\u00f3b). Wykresy wydajno\u015bci wskazuj\u0105 te\u017c na bardzo solidny poziom komfortu i uniwersalno\u015b\u0107, zw\u0142aszcza w klasie opon wielosezonowych klasy premium. Yokohama BluEarth\u20114S AW21 to opona dla tych, kt\u00f3rzy szukaj\u0105 pewno\u015bci w ka\u017cdych warunkach \u2013 bez kompromisu mi\u0119dzy bezpiecze\u0144stwem a wygod\u0105.<\/p>\n<\/div>\n<\/div>\n<\/div>\n<\/div>\n<\/div>\n<\/div>\n<div style=\"clear: both; display: block; margin: 10px 0;\">\n","protected":false},"excerpt":{"rendered":"<p>Yokohama BluEarth-4S AW21 225\/50R19 100 V XL FR 3PMSF<\/p>\n<p>Producent: Yokohama<\/p>\n<p>Model: BluEarth-4S AW21<\/p>\n<p>Sezon: ca\u0142oroczne<\/p>\n<p>Rozmiar: 225\/50R19<\/p>\n<p>Data produkcji: do 36 miesi\u0119cy<\/p>\n<p>Zu\u017cycie paliwa: klasa D<\/p>\n<p>Przyczepno\u015b\u0107 na mokrym: klasa B<\/p>\n","protected":false},"featured_media":11146,"template":"","meta":{"_uag_custom_page_level_css":""},"product_brand":[410],"product_cat":[416,414,413,412],"product_tag":[],"class_list":{"0":"post-11145","1":"product","2":"type-product","3":"status-publish","4":"has-post-thumbnail","6":"product_brand-yokohama","7":"product_cat-caloroczne","8":"product_cat-do-samochodow-osobowych-i-suv","9":"product_cat-opony","10":"product_cat-opony-i-felgi","12":"first","13":"instock","14":"shipping-taxable","15":"purchasable","16":"product-type-simple"},"uagb_featured_image_src":{"full":["https:\/\/oponixo.shop\/tire\/wp-content\/uploads\/2025\/12\/allegro-image-11145.jpg",334,500,false],"thumbnail":["https:\/\/oponixo.shop\/tire\/wp-content\/uploads\/2025\/12\/allegro-image-11145-150x150.jpg",150,150,true],"medium":["https:\/\/oponixo.shop\/tire\/wp-content\/uploads\/2025\/12\/allegro-image-11145-200x300.jpg",200,300,true],"medium_large":["https:\/\/oponixo.shop\/tire\/wp-content\/uploads\/2025\/12\/allegro-image-11145.jpg",334,500,false],"large":["https:\/\/oponixo.shop\/tire\/wp-content\/uploads\/2025\/12\/allegro-image-11145.jpg",334,500,false],"1536x1536":["https:\/\/oponixo.shop\/tire\/wp-content\/uploads\/2025\/12\/allegro-image-11145.jpg",334,500,false],"2048x2048":["https:\/\/oponixo.shop\/tire\/wp-content\/uploads\/2025\/12\/allegro-image-11145.jpg",334,500,false],"woocommerce_thumbnail":["https:\/\/oponixo.shop\/tire\/wp-content\/uploads\/2025\/12\/allegro-image-11145-300x300.jpg",300,300,true],"woocommerce_single":["https:\/\/oponixo.shop\/tire\/wp-content\/uploads\/2025\/12\/allegro-image-11145.jpg",334,500,false],"woocommerce_gallery_thumbnail":["https:\/\/oponixo.shop\/tire\/wp-content\/uploads\/2025\/12\/allegro-image-11145-100x100.jpg",100,100,true]},"uagb_author_info":{"display_name":"admin","author_link":"https:\/\/oponixo.shop\/tire\/author\/"},"uagb_comment_info":0,"uagb_excerpt":"Yokohama BluEarth-4S AW21 225\/50R19 100 V XL FR 3PMSF Producent: Yokohama Model: BluEarth-4S AW21 Sezon: ca\u0142oroczne Rozmiar: 225\/50R19 Data produkcji: do 36 miesi\u0119cy Zu\u017cycie paliwa: klasa D Przyczepno\u015b\u0107 na mokrym: klasa B","_links":{"self":[{"href":"https:\/\/oponixo.shop\/tire\/wp-json\/wp\/v2\/product\/11145","targetHints":{"allow":["GET"]}}],"collection":[{"href":"https:\/\/oponixo.shop\/tire\/wp-json\/wp\/v2\/product"}],"about":[{"href":"https:\/\/oponixo.shop\/tire\/wp-json\/wp\/v2\/types\/product"}],"wp:featuredmedia":[{"embeddable":true,"href":"https:\/\/oponixo.shop\/tire\/wp-json\/wp\/v2\/media\/11146"}],"wp:attachment":[{"href":"https:\/\/oponixo.shop\/tire\/wp-json\/wp\/v2\/media?parent=11145"}],"wp:term":[{"taxonomy":"product_brand","embeddable":true,"href":"https:\/\/oponixo.shop\/tire\/wp-json\/wp\/v2\/product_brand?post=11145"},{"taxonomy":"product_cat","embeddable":true,"href":"https:\/\/oponixo.shop\/tire\/wp-json\/wp\/v2\/product_cat?post=11145"},{"taxonomy":"product_tag","embeddable":true,"href":"https:\/\/oponixo.shop\/tire\/wp-json\/wp\/v2\/product_tag?post=11145"}],"curies":[{"name":"wp","href":"https:\/\/api.w.org\/{rel}","templated":true}]}}