{"id":11071,"date":"2025-12-31T03:32:17","date_gmt":"2025-12-31T03:32:17","guid":{"rendered":"https:\/\/oponyexpert.shop\/xef5\/produkt\/2-nowe-opony-zimowe-195-60r16-89h-tracmax-s130\/"},"modified":"2025-12-31T03:32:18","modified_gmt":"2025-12-31T03:32:18","slug":"2-nowe-opony-zimowe-195-60r16-89h-tracmax-s130","status":"publish","type":"product","link":"https:\/\/oponixo.shop\/tire\/produkt\/2-nowe-opony-zimowe-195-60r16-89h-tracmax-s130\/","title":{"rendered":"2 Nowe Opony Zimowe 195\/60R16 89H Tracmax S130"},"content":{"rendered":"<div style=\"font-family: Arial, sans-serif; line-height: 1.6; color: #333; padding: 20px; clear: both; display: block; width: 100%; float: none; position: static; overflow: hidden;\">\n<div style=\"clear: both; display: block; margin: 10px 0;\">\n<div style=\"clear: both; display: block; margin: 10px 0;\">\n<div style=\"clear: both; display: block; margin: 10px 0;\">\n<div  style=\"max-width:538px;max-height:156px\">\n<div style=\"clear: both; display: block; margin: 10px 0;\">\n<div style=\"clear: both; width: 100%; display: block; margin: 20px 0; padding: 0; float: none; position: static; text-align: center;\"><img decoding=\"async\"  src=\"https:\/\/a.allegroimg.com\/original\/031979\/c8b480734837a109796462513d8c\/2-Nowe-Opony-Zimowe-195-60R16-89H-Tracmax-S130-Srednica-16\" srcset=\"https:\/\/a.allegroimg.com\/original\/031979\/c8b480734837a109796462513d8c\/2-Nowe-Opony-Zimowe-195-60R16-89H-Tracmax-S130-Srednica-16 360w,https:\/\/a.allegroimg.com\/original\/031979\/c8b480734837a109796462513d8c\/2-Nowe-Opony-Zimowe-195-60R16-89H-Tracmax-S130-Srednica-16 538w,https:\/\/a.allegroimg.com\/original\/031979\/c8b480734837a109796462513d8c\/2-Nowe-Opony-Zimowe-195-60R16-89H-Tracmax-S130-Srednica-16 538w\" sizes=\"100vw\" width=\"538px\" alt=\"2 Nowe Opony Zimowe 195\/60R16 89H Tracmax S130 \u015arednica 16&quot;\"\/ style=\"max-width: 100%; height: auto; display: block; margin: 0 auto;\"><\/div>\n<\/div>\n<\/div>\n<\/div>\n<\/div>\n<\/div>\n<div style=\"clear: both; display: block; margin: 10px 0;\">\n<div style=\"clear: both; display: block; margin: 10px 0;\">\n<div style=\"clear: both; display: block; margin: 10px 0;\">\n<h1>Dane techniczne<\/h1>\n<p style=\"margin: 15px 0; line-height: 1.8; clear: both; display: block; width: 100%; float: none; position: static;\"><b>Stan:&nbsp;<\/b>Nowa<\/p>\n<p style=\"margin: 15px 0; line-height: 1.8; clear: both; display: block; width: 100%; float: none; position: static;\"><b>Marka:&nbsp;<\/b>Tracmax<\/p>\n<p style=\"margin: 15px 0; line-height: 1.8; clear: both; display: block; width: 100%; float: none; position: static;\"><b>Model:<\/b> X-Privilo S130<\/p>\n<p style=\"margin: 15px 0; line-height: 1.8; clear: both; display: block; width: 100%; float: none; position: static;\"><b>Rozmiar:&nbsp;<\/b>195\/60R16<\/p>\n<p style=\"margin: 15px 0; line-height: 1.8; clear: both; display: block; width: 100%; float: none; position: static;\"><b>Indeks pr\u0119dko\u015bci:&nbsp;<\/b>H<\/p>\n<p style=\"margin: 15px 0; line-height: 1.8; clear: both; display: block; width: 100%; float: none; position: static;\"><b>Indeks no\u015bno\u015bci:<\/b> 89<\/p>\n<p style=\"margin: 15px 0; line-height: 1.8; clear: both; display: block; width: 100%; float: none; position: static;\"><b>Rok produkcji:&nbsp;<\/b>2025<\/p>\n<p style=\"margin: 15px 0; line-height: 1.8; clear: both; display: block; width: 100%; float: none; position: static;\"><b>Sezon:&nbsp;<\/b>Zima<\/p>\n<\/div>\n<\/div>\n<div style=\"clear: both; display: block; margin: 10px 0;\">\n<div style=\"clear: both; display: block; margin: 10px 0;\">\n<div  style=\"max-width:2560px;max-height:2363px\">\n<div style=\"clear: both; display: block; margin: 10px 0;\">\n<div style=\"clear: both; width: 100%; display: block; margin: 20px 0; padding: 0; float: none; position: static; text-align: center;\"><img decoding=\"async\"  src=\"https:\/\/a.allegroimg.com\/original\/11ed12\/6dfdbecd4601b3c8caf81bf302da\/2-Nowe-Opony-Zimowe-195-60R16-89H-Tracmax-S130\" srcset=\"https:\/\/a.allegroimg.com\/original\/11ed12\/6dfdbecd4601b3c8caf81bf302da\/2-Nowe-Opony-Zimowe-195-60R16-89H-Tracmax-S130 360w,https:\/\/a.allegroimg.com\/original\/11ed12\/6dfdbecd4601b3c8caf81bf302da\/2-Nowe-Opony-Zimowe-195-60R16-89H-Tracmax-S130 720w,https:\/\/a.allegroimg.com\/original\/11ed12\/6dfdbecd4601b3c8caf81bf302da\/2-Nowe-Opony-Zimowe-195-60R16-89H-Tracmax-S130 1024w,https:\/\/a.allegroimg.com\/original\/11ed12\/6dfdbecd4601b3c8caf81bf302da\/2-Nowe-Opony-Zimowe-195-60R16-89H-Tracmax-S130 1440w,https:\/\/a.allegroimg.com\/original\/11ed12\/6dfdbecd4601b3c8caf81bf302da\/2-Nowe-Opony-Zimowe-195-60R16-89H-Tracmax-S130 2560w\" sizes=\"(min-width: 1200px) 560px, (min-width: 992px) 50vw, 100vw\" width=\"2560px\" alt=\"2 Nowe Opony Zimowe 195\/60R16 89H Tracmax S130\"\/ style=\"max-width: 100%; height: auto; display: block; margin: 0 auto;\"><\/div>\n<\/div>\n<\/div>\n<\/div>\n<\/div>\n<\/div>\n<div style=\"clear: both; display: block; margin: 10px 0;\">\n<div style=\"clear: both; display: block; margin: 10px 0;\">\n<div style=\"clear: both; display: block; margin: 10px 0;\">\n<div  style=\"max-width:886px;max-height:1299px\">\n<div style=\"clear: both; display: block; margin: 10px 0;\">\n<div style=\"clear: both; width: 100%; display: block; margin: 20px 0; padding: 0; float: none; position: static; text-align: center;\"><img decoding=\"async\"  src=\"https:\/\/a.allegroimg.com\/original\/11c11d\/8c2ce78444f5b51aa5adc422ee18\/2-Nowe-Opony-Zimowe-195-60R16-89H-Tracmax-S130-EAN-GTIN-6958460917816\" srcset=\"https:\/\/a.allegroimg.com\/original\/11c11d\/8c2ce78444f5b51aa5adc422ee18\/2-Nowe-Opony-Zimowe-195-60R16-89H-Tracmax-S130-EAN-GTIN-6958460917816 245w,https:\/\/a.allegroimg.com\/original\/11c11d\/8c2ce78444f5b51aa5adc422ee18\/2-Nowe-Opony-Zimowe-195-60R16-89H-Tracmax-S130-EAN-GTIN-6958460917816 491w,https:\/\/a.allegroimg.com\/original\/11c11d\/8c2ce78444f5b51aa5adc422ee18\/2-Nowe-Opony-Zimowe-195-60R16-89H-Tracmax-S130-EAN-GTIN-6958460917816 698w,https:\/\/a.allegroimg.com\/original\/11c11d\/8c2ce78444f5b51aa5adc422ee18\/2-Nowe-Opony-Zimowe-195-60R16-89H-Tracmax-S130-EAN-GTIN-6958460917816 886w,https:\/\/a.allegroimg.com\/original\/11c11d\/8c2ce78444f5b51aa5adc422ee18\/2-Nowe-Opony-Zimowe-195-60R16-89H-Tracmax-S130-EAN-GTIN-6958460917816 886w\" sizes=\"(min-width: 1200px) 560px, (min-width: 992px) 50vw, 100vw\" width=\"886px\" alt=\"2 Nowe Opony Zimowe 195\/60R16 89H Tracmax S130 EAN (GTIN) 6958460917816\"\/ style=\"max-width: 100%; height: auto; display: block; margin: 0 auto;\"><\/div>\n<\/div>\n<\/div>\n<\/div>\n<\/div>\n<div style=\"clear: both; display: block; margin: 10px 0;\">\n<div style=\"clear: both; display: block; margin: 10px 0;\">\n<h1>Etykieta<\/h1>\n<p style=\"margin: 15px 0; line-height: 1.8; clear: both; display: block; width: 100%; float: none; position: static;\">Opony posiadaj\u0105 wa\u017cne etykiety, obowi\u0105zuj\u0105ce na terenie Unii Europejskiej<\/p>\n<p style=\"margin: 15px 0; line-height: 1.8; clear: both; display: block; width: 100%; float: none; position: static;\"><b>Odprowadzanie wody:&nbsp;<\/b>Klasa B<\/p>\n<p style=\"margin: 15px 0; line-height: 1.8; clear: both; display: block; width: 100%; float: none; position: static;\"><b>Op\u00f3r toczenia: <\/b>Klasa D<\/p>\n<p style=\"margin: 15px 0; line-height: 1.8; clear: both; display: block; width: 100%; float: none; position: static;\"><b>Ha\u0142as zewn\u0119trzny opony:&nbsp;<\/b>70dB<\/p>\n<\/div>\n<\/div>\n<\/div>\n<div style=\"clear: both; display: block; margin: 10px 0;\">\n<div style=\"clear: both; display: block; margin: 10px 0;\">\n<div style=\"clear: both; display: block; margin: 10px 0;\">\n<div  style=\"max-width:2560px;max-height:1706px\">\n<div style=\"clear: both; display: block; margin: 10px 0;\">\n<div style=\"clear: both; width: 100%; display: block; margin: 20px 0; padding: 0; float: none; position: static; text-align: center;\"><img decoding=\"async\"  src=\"https:\/\/a.allegroimg.com\/original\/112069\/518fa6164c158513cff87a48a7b2\/2-Nowe-Opony-Zimowe-195-60R16-89H-Tracmax-S130-Marka-Tracmax\" srcset=\"https:\/\/a.allegroimg.com\/original\/112069\/518fa6164c158513cff87a48a7b2\/2-Nowe-Opony-Zimowe-195-60R16-89H-Tracmax-S130-Marka-Tracmax 360w,https:\/\/a.allegroimg.com\/original\/112069\/518fa6164c158513cff87a48a7b2\/2-Nowe-Opony-Zimowe-195-60R16-89H-Tracmax-S130-Marka-Tracmax 720w,https:\/\/a.allegroimg.com\/original\/112069\/518fa6164c158513cff87a48a7b2\/2-Nowe-Opony-Zimowe-195-60R16-89H-Tracmax-S130-Marka-Tracmax 1024w,https:\/\/a.allegroimg.com\/original\/112069\/518fa6164c158513cff87a48a7b2\/2-Nowe-Opony-Zimowe-195-60R16-89H-Tracmax-S130-Marka-Tracmax 1440w,https:\/\/a.allegroimg.com\/original\/112069\/518fa6164c158513cff87a48a7b2\/2-Nowe-Opony-Zimowe-195-60R16-89H-Tracmax-S130-Marka-Tracmax 2560w\" sizes=\"(min-width: 1200px) 560px, (min-width: 992px) 50vw, 100vw\" width=\"2560px\" alt=\"2 Nowe Opony Zimowe 195\/60R16 89H Tracmax S130 Marka Tracmax\"\/ style=\"max-width: 100%; height: auto; display: block; margin: 0 auto;\"><\/div>\n<\/div>\n<\/div>\n<\/div>\n<\/div>\n<div style=\"clear: both; display: block; margin: 10px 0;\">\n<div style=\"clear: both; display: block; margin: 10px 0;\">\n<h1>X-Privilo<\/h1>\n<h2>&quot;<\/p>\n","protected":false},"excerpt":{"rendered":"<p>Dane techniczne<\/p>\n<p>Stan:&nbsp;Nowa<\/p>\n<p>Marka:&nbsp;Tracmax<\/p>\n<p>Model: X-Privilo S130<\/p>\n<p>Rozmiar:&nbsp;195\/60R16<\/p>\n<p>Indeks pr\u0119dko\u015bci:&nbsp;H<\/p>\n<p>Indeks no\u015bno\u015bci: 89<\/p>\n<p>Rok produkcji:&nbsp;2025<\/p>\n","protected":false},"featured_media":11073,"template":"","meta":{"_uag_custom_page_level_css":""},"product_brand":[393],"product_cat":[414,413,412,415],"product_tag":[],"class_list":{"0":"post-11071","1":"product","2":"type-product","3":"status-publish","4":"has-post-thumbnail","6":"product_brand-tracmax","7":"product_cat-do-samochodow-osobowych-i-suv","8":"product_cat-opony","9":"product_cat-opony-i-felgi","10":"product_cat-zimowe","12":"first","13":"instock","14":"sale","15":"shipping-taxable","16":"purchasable","17":"product-type-simple"},"uagb_featured_image_src":{"full":["https:\/\/oponixo.shop\/tire\/wp-content\/uploads\/2025\/12\/allegro-image-11071.jpg",2560,2363,false],"thumbnail":["https:\/\/oponixo.shop\/tire\/wp-content\/uploads\/2025\/12\/allegro-image-11071-150x150.jpg",150,150,true],"medium":["https:\/\/oponixo.shop\/tire\/wp-content\/uploads\/2025\/12\/allegro-image-11071-300x277.jpg",300,277,true],"medium_large":["https:\/\/oponixo.shop\/tire\/wp-content\/uploads\/2025\/12\/allegro-image-11071-768x709.jpg",768,709,true],"large":["https:\/\/oponixo.shop\/tire\/wp-content\/uploads\/2025\/12\/allegro-image-11071-1024x945.jpg",1024,945,true],"1536x1536":["https:\/\/oponixo.shop\/tire\/wp-content\/uploads\/2025\/12\/allegro-image-11071-1536x1418.jpg",1536,1418,true],"2048x2048":["https:\/\/oponixo.shop\/tire\/wp-content\/uploads\/2025\/12\/allegro-image-11071-2048x1890.jpg",2048,1890,true],"woocommerce_thumbnail":["https:\/\/oponixo.shop\/tire\/wp-content\/uploads\/2025\/12\/allegro-image-11071-300x300.jpg",300,300,true],"woocommerce_single":["https:\/\/oponixo.shop\/tire\/wp-content\/uploads\/2025\/12\/allegro-image-11071-600x554.jpg",600,554,true],"woocommerce_gallery_thumbnail":["https:\/\/oponixo.shop\/tire\/wp-content\/uploads\/2025\/12\/allegro-image-11071-100x100.jpg",100,100,true]},"uagb_author_info":{"display_name":"admin","author_link":"https:\/\/oponixo.shop\/tire\/author\/"},"uagb_comment_info":0,"uagb_excerpt":"Dane techniczne Stan:&nbsp;Nowa Marka:&nbsp;Tracmax Model: X-Privilo S130 Rozmiar:&nbsp;195\/60R16 Indeks pr\u0119dko\u015bci:&nbsp;H Indeks no\u015bno\u015bci: 89 Rok produkcji:&nbsp;2025","_links":{"self":[{"href":"https:\/\/oponixo.shop\/tire\/wp-json\/wp\/v2\/product\/11071","targetHints":{"allow":["GET"]}}],"collection":[{"href":"https:\/\/oponixo.shop\/tire\/wp-json\/wp\/v2\/product"}],"about":[{"href":"https:\/\/oponixo.shop\/tire\/wp-json\/wp\/v2\/types\/product"}],"wp:featuredmedia":[{"embeddable":true,"href":"https:\/\/oponixo.shop\/tire\/wp-json\/wp\/v2\/media\/11073"}],"wp:attachment":[{"href":"https:\/\/oponixo.shop\/tire\/wp-json\/wp\/v2\/media?parent=11071"}],"wp:term":[{"taxonomy":"product_brand","embeddable":true,"href":"https:\/\/oponixo.shop\/tire\/wp-json\/wp\/v2\/product_brand?post=11071"},{"taxonomy":"product_cat","embeddable":true,"href":"https:\/\/oponixo.shop\/tire\/wp-json\/wp\/v2\/product_cat?post=11071"},{"taxonomy":"product_tag","embeddable":true,"href":"https:\/\/oponixo.shop\/tire\/wp-json\/wp\/v2\/product_tag?post=11071"}],"curies":[{"name":"wp","href":"https:\/\/api.w.org\/{rel}","templated":true}]}}