{"id":11068,"date":"2025-12-31T03:32:15","date_gmt":"2025-12-31T03:32:15","guid":{"rendered":"https:\/\/oponyexpert.shop\/xef5\/produkt\/2x-opona-zimowa-hankook-winter-icept-rs2-w452-195-60r16-89h-2\/"},"modified":"2025-12-31T03:32:17","modified_gmt":"2025-12-31T03:32:17","slug":"2x-opona-zimowa-hankook-winter-icept-rs2-w452-195-60r16-89h-2","status":"publish","type":"product","link":"https:\/\/oponixo.shop\/tire\/produkt\/2x-opona-zimowa-hankook-winter-icept-rs2-w452-195-60r16-89h-2\/","title":{"rendered":"2X Opona zimowa Hankook Winter i*cept RS2 W452 195\/60R16 89H"},"content":{"rendered":"<div style=\"font-family: Arial, sans-serif; line-height: 1.6; color: #333; padding: 20px; clear: both; display: block; width: 100%; float: none; position: static; overflow: hidden;\">\n<div style=\"clear: both; display: block; margin: 10px 0;\">\n<div style=\"clear: both; display: block; margin: 10px 0;\">\n<div style=\"clear: both; display: block; margin: 10px 0;\">\n<p style=\"margin: 15px 0; line-height: 1.8; clear: both; display: block; width: 100%; float: none; position: static;\">Opona zimowa Hankook Winter i*cept RS2 W452 195\/60R16 89 H<\/p>\n<p style=\"margin: 15px 0; line-height: 1.8; clear: both; display: block; width: 100%; float: none; position: static;\">Cechy produktu:<\/p>\n<ul style=\"margin: 15px 0; padding-left: 20px; clear: both; display: block; width: 100%; float: none; position: static;\">\n<li style=\"margin: 5px 0; padding: 2px 0; clear: both; display: list-item; float: none; position: static;\">sezon: zimowe<\/li>\n<li style=\"margin: 5px 0; padding: 2px 0; clear: both; display: list-item; float: none; position: static;\">szeroko\u015b\u0107\/profil\/\u015brednica: 195\/60R16<\/li>\n<li style=\"margin: 5px 0; padding: 2px 0; clear: both; display: list-item; float: none; position: static;\">indeks pr\u0119dko\u015bci: H do 210 km\/h<\/li>\n<li style=\"margin: 5px 0; padding: 2px 0; clear: both; display: list-item; float: none; position: static;\">indeks no\u015bno\u015bci: 89 &#8211; 580 kg<\/li>\n<li style=\"margin: 5px 0; padding: 2px 0; clear: both; display: list-item; float: none; position: static;\">DOT1720<\/li>\n<\/ul>\n<\/div>\n<\/div>\n<\/div>\n<div style=\"clear: both; display: block; margin: 10px 0;\">\n<div style=\"clear: both; display: block; margin: 10px 0;\">\n<div style=\"clear: both; display: block; margin: 10px 0;\">\n<p style=\"margin: 15px 0; line-height: 1.8; clear: both; display: block; width: 100%; float: none; position: static;\">Hankook Winter i*cept RS2 W452 to opona zimowa przeznaczona do u\u017cytkowania w samochodach osobowych. Ogumienie jest zaliczane do klasy \u015bredniej \u2013 cechuje si\u0119 najlepszym stosunkiem ceny do jako\u015bci.<\/p>\n<p style=\"margin: 15px 0; line-height: 1.8; clear: both; display: block; width: 100%; float: none; position: static;\">Opona zosta\u0142a wyposa\u017cona w kierunkow\u0105 rze\u017ab\u0119 bie\u017cnika w kszta\u0142cie litery V. To rozwi\u0105zanie, w po\u0142\u0105czeniu z szerokimi poprzecznymi rowkami obwodowymi, gwarantuje skuteczne odprowadzanie wody i b\u0142ota po\u015bniegowego spod opony minimalizuj\u0105c prawdopodobie\u0144stwo wyst\u0105pienia aquaplaningu. Za optymaln\u0105 przyczepno\u015b\u0107 przy pokonywaniu zakr\u0119t\u00f3w oraz skr\u00f3con\u0105 drog\u0119 hamowania w ka\u017cdych warunkach odpowiadaj\u0105 g\u0119sta sie\u0107 lameli i ostre, tr\u00f3jwymiarowe kraw\u0119dzie.<\/p>\n<p style=\"margin: 15px 0; line-height: 1.8; clear: both; display: block; width: 100%; float: none; position: static;\">Zastosowana przy produkcji ogumienia nowoczesna mieszanka gumowa z dodatkiem krzemionki wykazuje si\u0119 elastyczno\u015bci\u0105 w szerokim zakresie temperatur i ponadprzeci\u0119tn\u0105 odporno\u015bci\u0105 na uszkodzenia mechaniczne. Opona charakteryzuje si\u0119 niewielk\u0105 mas\u0105 i niskimi oporami toczenia, co przek\u0142ada si\u0119 na redukcj\u0119 zu\u017cycia paliwa oraz poziomu ha\u0142asu. In\u017cynierowie zadbali r\u00f3wnie\u017c o optymalny rozk\u0142ad nacisk\u00f3w, dzi\u0119ki czemu ogumienie zu\u017cywa si\u0119 wolno i r\u00f3wnomiernie zapewniaj\u0105c d\u0142ug\u0105, bezawaryjn\u0105 eksploatacj\u0119.<\/p>\n<p style=\"margin: 15px 0; line-height: 1.8; clear: both; display: block; width: 100%; float: none; position: static;\">Hankook Winter i*cept RS W452 to doskona\u0142y wyb\u00f3r dla kierowc\u00f3w ceni\u0105cych komfort, bezpiecze\u0144stwo i bardzo dobre w\u0142a\u015bciwo\u015bci jezdne w rozs\u0105dnej cenie.<\/p>\n<\/div>\n<\/div>\n<\/div>\n<div style=\"clear: both; display: block; margin: 10px 0;\">\n<div style=\"clear: both; display: block; margin: 10px 0;\">\n<div style=\"clear: both; display: block; margin: 10px 0;\">\n<div  style=\"max-width:2500px;max-height:2500px\">\n<div style=\"clear: both; display: block; margin: 10px 0;\">\n<div style=\"clear: both; width: 100%; display: block; margin: 20px 0; padding: 0; float: none; position: static; text-align: center;\"><img decoding=\"async\"  src=\"https:\/\/3.allegroimg.com\/original\/00f1d1\/de81482e441b967a59552b5ad3c3\/2X-Opona-zimowa-Hankook-Winter-i-cept-RS2-W452-195-60R16-89H\" srcset=\"https:\/\/3.allegroimg.com\/original\/00f1d1\/de81482e441b967a59552b5ad3c3\/2X-Opona-zimowa-Hankook-Winter-i-cept-RS2-W452-195-60R16-89H 360w,https:\/\/3.allegroimg.com\/original\/00f1d1\/de81482e441b967a59552b5ad3c3\/2X-Opona-zimowa-Hankook-Winter-i-cept-RS2-W452-195-60R16-89H 720w,https:\/\/3.allegroimg.com\/original\/00f1d1\/de81482e441b967a59552b5ad3c3\/2X-Opona-zimowa-Hankook-Winter-i-cept-RS2-W452-195-60R16-89H 1024w,https:\/\/3.allegroimg.com\/original\/00f1d1\/de81482e441b967a59552b5ad3c3\/2X-Opona-zimowa-Hankook-Winter-i-cept-RS2-W452-195-60R16-89H 1440w,https:\/\/3.allegroimg.com\/original\/00f1d1\/de81482e441b967a59552b5ad3c3\/2X-Opona-zimowa-Hankook-Winter-i-cept-RS2-W452-195-60R16-89H 2500w\" sizes=\"100vw\" width=\"2500px\" alt=\"2X Opona zimowa Hankook Winter i*cept RS2 W452 195\/60R16 89H\"\/ style=\"max-width: 100%; height: auto; display: block; margin: 0 auto;\"><\/div>\n<\/div>\n<\/div>\n<\/div>\n<\/div>\n<\/div>\n<\/div>\n<\/div>\n<\/div>\n<div style=\"clear: both; display: block; margin: 10px 0;\">\n","protected":false},"excerpt":{"rendered":"<p>Opona zimowa Hankook Winter i*cept RS2 W452 195\/60R16 89 H<\/p>\n<p>Cechy produktu:<\/p>\n<p>sezon: zimowe<\/p>\n<p>szeroko\u015b\u0107\/profil\/\u015brednica: 195\/60R16<\/p>\n<p>indeks pr\u0119dko\u015bci: H do 210 km\/h<\/p>\n<p>indeks no\u015bno\u015bci: 89 &#8211; 580 kg<\/p>\n<p>DOT1720<\/p>\n<p>Hankook Winter i*cept RS2 W452 to opona zimowa przeznaczona do u\u017cytkowania w samochodach osobowych. Ogumienie jest zaliczane do klasy \u015bredniej \u2013 cechuje si\u0119 najlepszym stosunkiem ceny do jako\u015bci.<\/p>\n","protected":false},"featured_media":11070,"template":"","meta":{"_uag_custom_page_level_css":""},"product_brand":[411],"product_cat":[414,413,412,415],"product_tag":[],"class_list":{"0":"post-11068","1":"product","2":"type-product","3":"status-publish","4":"has-post-thumbnail","6":"product_brand-hankook","7":"product_cat-do-samochodow-osobowych-i-suv","8":"product_cat-opony","9":"product_cat-opony-i-felgi","10":"product_cat-zimowe","12":"first","13":"instock","14":"sale","15":"shipping-taxable","16":"purchasable","17":"product-type-simple"},"uagb_featured_image_src":{"full":["https:\/\/oponixo.shop\/tire\/wp-content\/uploads\/2025\/12\/allegro-image-11068.jpg",2500,2500,false],"thumbnail":["https:\/\/oponixo.shop\/tire\/wp-content\/uploads\/2025\/12\/allegro-image-11068-150x150.jpg",150,150,true],"medium":["https:\/\/oponixo.shop\/tire\/wp-content\/uploads\/2025\/12\/allegro-image-11068-300x300.jpg",300,300,true],"medium_large":["https:\/\/oponixo.shop\/tire\/wp-content\/uploads\/2025\/12\/allegro-image-11068-768x768.jpg",768,768,true],"large":["https:\/\/oponixo.shop\/tire\/wp-content\/uploads\/2025\/12\/allegro-image-11068-1024x1024.jpg",1024,1024,true],"1536x1536":["https:\/\/oponixo.shop\/tire\/wp-content\/uploads\/2025\/12\/allegro-image-11068-1536x1536.jpg",1536,1536,true],"2048x2048":["https:\/\/oponixo.shop\/tire\/wp-content\/uploads\/2025\/12\/allegro-image-11068-2048x2048.jpg",2048,2048,true],"woocommerce_thumbnail":["https:\/\/oponixo.shop\/tire\/wp-content\/uploads\/2025\/12\/allegro-image-11068-300x300.jpg",300,300,true],"woocommerce_single":["https:\/\/oponixo.shop\/tire\/wp-content\/uploads\/2025\/12\/allegro-image-11068-600x600.jpg",600,600,true],"woocommerce_gallery_thumbnail":["https:\/\/oponixo.shop\/tire\/wp-content\/uploads\/2025\/12\/allegro-image-11068-100x100.jpg",100,100,true]},"uagb_author_info":{"display_name":"admin","author_link":"https:\/\/oponixo.shop\/tire\/author\/"},"uagb_comment_info":0,"uagb_excerpt":"Opona zimowa Hankook Winter i*cept RS2 W452 195\/60R16 89 H Cechy produktu: sezon: zimowe szeroko\u015b\u0107\/profil\/\u015brednica: 195\/60R16 indeks pr\u0119dko\u015bci: H do 210 km\/h indeks no\u015bno\u015bci: 89 - 580 kg DOT1720 Hankook Winter i*cept RS2 W452 to opona zimowa przeznaczona do u\u017cytkowania w samochodach osobowych. Ogumienie jest zaliczane do klasy \u015bredniej \u2013 cechuje si\u0119 najlepszym stosunkiem ceny&hellip;","_links":{"self":[{"href":"https:\/\/oponixo.shop\/tire\/wp-json\/wp\/v2\/product\/11068","targetHints":{"allow":["GET"]}}],"collection":[{"href":"https:\/\/oponixo.shop\/tire\/wp-json\/wp\/v2\/product"}],"about":[{"href":"https:\/\/oponixo.shop\/tire\/wp-json\/wp\/v2\/types\/product"}],"wp:featuredmedia":[{"embeddable":true,"href":"https:\/\/oponixo.shop\/tire\/wp-json\/wp\/v2\/media\/11070"}],"wp:attachment":[{"href":"https:\/\/oponixo.shop\/tire\/wp-json\/wp\/v2\/media?parent=11068"}],"wp:term":[{"taxonomy":"product_brand","embeddable":true,"href":"https:\/\/oponixo.shop\/tire\/wp-json\/wp\/v2\/product_brand?post=11068"},{"taxonomy":"product_cat","embeddable":true,"href":"https:\/\/oponixo.shop\/tire\/wp-json\/wp\/v2\/product_cat?post=11068"},{"taxonomy":"product_tag","embeddable":true,"href":"https:\/\/oponixo.shop\/tire\/wp-json\/wp\/v2\/product_tag?post=11068"}],"curies":[{"name":"wp","href":"https:\/\/api.w.org\/{rel}","templated":true}]}}