{"id":11017,"date":"2025-12-31T03:32:09","date_gmt":"2025-12-31T03:32:09","guid":{"rendered":"https:\/\/oponyexpert.shop\/xef5\/produkt\/2x-debica-navigator3-185-55r15-82h\/"},"modified":"2025-12-31T03:32:09","modified_gmt":"2025-12-31T03:32:09","slug":"2x-debica-navigator3-185-55r15-82h","status":"publish","type":"product","link":"https:\/\/oponexa.shop\/tire\/produkt\/2x-debica-navigator3-185-55r15-82h\/","title":{"rendered":"2x D\u0119bica NAVIGATOR3 185\/55R15 82H"},"content":{"rendered":"<div style=\"font-family: Arial, sans-serif; line-height: 1.6; color: #333; padding: 20px; clear: both; display: block; width: 100%; float: none; position: static; overflow: hidden;\">\n<div style=\"clear: both; display: block; margin: 10px 0;\">\n<div style=\"clear: both; display: block; margin: 10px 0;\">\n<div style=\"clear: both; display: block; margin: 10px 0;\">\n<h1>2x nowe opony caloroczne D\u0118BICA NAVIGATOR3 185\/55R15 82H<\/h1>\n<p style=\"margin: 15px 0; line-height: 1.8; clear: both; display: block; width: 100%; float: none; position: static;\">Cechy produktu<\/p>\n<ul style=\"margin: 15px 0; padding-left: 20px; clear: both; display: block; width: 100%; float: none; position: static;\">\n<li style=\"margin: 5px 0; padding: 2px 0; clear: both; display: list-item; float: none; position: static;\">Marka: D\u0119bica<\/li>\n<li style=\"margin: 5px 0; padding: 2px 0; clear: both; display: list-item; float: none; position: static;\">Model: NAVIGATOR3<\/li>\n<li style=\"margin: 5px 0; padding: 2px 0; clear: both; display: list-item; float: none; position: static;\">Szeroko\u015b\u0107\/profil\/\u015brednica: 185\/55R15<\/li>\n<li style=\"margin: 5px 0; padding: 2px 0; clear: both; display: list-item; float: none; position: static;\">Indeks no\u015bno\u015bci: do 82 (475 kg na opon\u0119)<\/li>\n<li style=\"margin: 5px 0; padding: 2px 0; clear: both; display: list-item; float: none; position: static;\">Indeks pr\u0119dko\u015bci: H (do 210 km\/h)<\/li>\n<li style=\"margin: 5px 0; padding: 2px 0; clear: both; display: list-item; float: none; position: static;\">Sezon: caloroczne<\/li>\n<li style=\"margin: 5px 0; padding: 2px 0; clear: both; display: list-item; float: none; position: static;\">Typ pojazdu: osobowy<\/li>\n<li style=\"margin: 5px 0; padding: 2px 0; clear: both; display: list-item; float: none; position: static;\">Klasa energetyczna: C<\/li>\n<li style=\"margin: 5px 0; padding: 2px 0; clear: both; display: list-item; float: none; position: static;\">Klasa przyczepno\u015bci: C<\/li>\n<li style=\"margin: 5px 0; padding: 2px 0; clear: both; display: list-item; float: none; position: static;\">Poziom ha\u0142asu: 71<\/li>\n<li style=\"margin: 5px 0; padding: 2px 0; clear: both; display: list-item; float: none; position: static;\">Klasa ha\u0142asu: B<\/li>\n<li style=\"margin: 5px 0; padding: 2px 0; clear: both; display: list-item; float: none; position: static;\">Rok produkcji: 2025<\/li>\n<\/ul>\n<\/div>\n<\/div>\n<div style=\"clear: both; display: block; margin: 10px 0;\">\n<div style=\"clear: both; display: block; margin: 10px 0;\">\n<div  style=\"max-width:566px;max-height:800px\">\n<div style=\"clear: both; display: block; margin: 10px 0;\">\n<div style=\"clear: both; width: 100%; display: block; margin: 20px 0; padding: 0; float: none; position: static; text-align: center;\"><img decoding=\"async\"  src=\"https:\/\/a.allegroimg.com\/original\/116df6\/bebe48f342c5ab5ecd75854d2b5e\/2x-Debica-NAVIGATOR3-185-55R15-82H\" srcset=\"https:\/\/a.allegroimg.com\/original\/116df6\/bebe48f342c5ab5ecd75854d2b5e\/2x-Debica-NAVIGATOR3-185-55R15-82H 254w,https:\/\/a.allegroimg.com\/original\/116df6\/bebe48f342c5ab5ecd75854d2b5e\/2x-Debica-NAVIGATOR3-185-55R15-82H 509w,https:\/\/a.allegroimg.com\/original\/116df6\/bebe48f342c5ab5ecd75854d2b5e\/2x-Debica-NAVIGATOR3-185-55R15-82H 566w,https:\/\/a.allegroimg.com\/original\/116df6\/bebe48f342c5ab5ecd75854d2b5e\/2x-Debica-NAVIGATOR3-185-55R15-82H 566w\" sizes=\"(min-width: 1200px) 560px, (min-width: 992px) 50vw, 100vw\" width=\"566px\" alt=\"2x D\u0119bica NAVIGATOR3 185\/55R15 82H\"\/ style=\"max-width: 100%; height: auto; display: block; margin: 0 auto;\"><\/div>\n<\/div>\n<\/div>\n<\/div>\n<\/div>\n<\/div>\n<div style=\"clear: both; display: block; margin: 10px 0;\">\n<div style=\"clear: both; display: block; margin: 10px 0;\">\n<div style=\"clear: both; display: block; margin: 10px 0;\">\n<div  style=\"max-width:212px;max-height:305px\">\n<div style=\"clear: both; display: block; margin: 10px 0;\">\n<div style=\"clear: both; width: 100%; display: block; margin: 20px 0; padding: 0; float: none; position: static; text-align: center;\"><img decoding=\"async\"  src=\"https:\/\/a.allegroimg.com\/original\/118bea\/3744001d492986ac2a503f120451\/2x-Debica-NAVIGATOR3-185-55R15-82H-Liczba-opon-w-ofercie-2-szt\" srcset=\"https:\/\/a.allegroimg.com\/original\/118bea\/3744001d492986ac2a503f120451\/2x-Debica-NAVIGATOR3-185-55R15-82H-Liczba-opon-w-ofercie-2-szt 212w,https:\/\/a.allegroimg.com\/original\/118bea\/3744001d492986ac2a503f120451\/2x-Debica-NAVIGATOR3-185-55R15-82H-Liczba-opon-w-ofercie-2-szt 212w\" sizes=\"(min-width: 1200px) 560px, (min-width: 992px) 50vw, 100vw\" width=\"212px\" alt=\"2x D\u0119bica NAVIGATOR3 185\/55R15 82H Liczba opon w ofercie 2 szt.\"\/ style=\"max-width: 100%; height: auto; display: block; margin: 0 auto;\"><\/div>\n<\/div>\n<\/div>\n<\/div>\n<\/div>\n<div style=\"clear: both; display: block; margin: 10px 0;\">\n<div style=\"clear: both; display: block; margin: 10px 0;\">\n<div  style=\"max-width:1872px;max-height:389px\">\n<div style=\"clear: both; display: block; margin: 10px 0;\">\n<div style=\"clear: both; width: 100%; display: block; margin: 20px 0; padding: 0; float: none; position: static; text-align: center;\"><img decoding=\"async\"  src=\"https:\/\/a.allegroimg.com\/original\/11a5f3\/f563a1c840a6a193a22e2b55c177\/2x-Debica-NAVIGATOR3-185-55R15-82H-Rok-produkcji-2025\" srcset=\"https:\/\/a.allegroimg.com\/original\/11a5f3\/f563a1c840a6a193a22e2b55c177\/2x-Debica-NAVIGATOR3-185-55R15-82H-Rok-produkcji-2025 360w,https:\/\/a.allegroimg.com\/original\/11a5f3\/f563a1c840a6a193a22e2b55c177\/2x-Debica-NAVIGATOR3-185-55R15-82H-Rok-produkcji-2025 720w,https:\/\/a.allegroimg.com\/original\/11a5f3\/f563a1c840a6a193a22e2b55c177\/2x-Debica-NAVIGATOR3-185-55R15-82H-Rok-produkcji-2025 1024w,https:\/\/a.allegroimg.com\/original\/11a5f3\/f563a1c840a6a193a22e2b55c177\/2x-Debica-NAVIGATOR3-185-55R15-82H-Rok-produkcji-2025 1440w,https:\/\/a.allegroimg.com\/original\/11a5f3\/f563a1c840a6a193a22e2b55c177\/2x-Debica-NAVIGATOR3-185-55R15-82H-Rok-produkcji-2025 1872w\" sizes=\"(min-width: 1200px) 560px, (min-width: 992px) 50vw, 100vw\" width=\"1872px\" alt=\"2x D\u0119bica NAVIGATOR3 185\/55R15 82H Rok produkcji 2025\"\/ style=\"max-width: 100%; height: auto; display: block; margin: 0 auto;\"><\/div>\n<\/div>\n<\/div>\n<\/div>\n<\/div>\n<\/div>\n<div style=\"clear: both; display: block; margin: 10px 0;\">\n<div style=\"clear: both; display: block; margin: 10px 0;\">\n<div style=\"clear: both; display: block; margin: 10px 0;\">\n<p style=\"margin: 15px 0; line-height: 1.8; clear: both; display: block; width: 100%; float: none; position: static;\">D\u0119bica to firma z polskimi tradycjami wchodz\u0105ca w sk\u0142ad ameryka\u0144skiego koncernu Goodyear. Nale\u017cy do najbardziej znanych i najcz\u0119\u015bciej kupowanych opon w Polsce &#8211; co czwarty Klient dokonuje zakupu opon marki D\u0119bica.Kierowcy ch\u0119tnie si\u0119gaj\u0105 po opony D\u0119bica. Sprawdzona jako\u015b\u0107, wysoka wytrzyma\u0142o\u015b\u0107, a do tego przyst\u0119pna cena. Wszystko to w po\u0142\u0105czeniu z komfortem podr\u00f3\u017cy i ekonomik\u0105 jazdy sprawia, \u017ce wybra\u0142y j\u0105 miliony kierowc\u00f3w. Sprawd\u017a i Ty!<\/p>\n<\/div>\n<\/div>\n<\/div>\n<\/div>\n<\/div>\n<\/div>\n<div style=\"clear: both; display: block; margin: 10px 0;\">\n","protected":false},"excerpt":{"rendered":"<p>2x nowe opony caloroczne D\u0118BICA NAVIGATOR3 185\/55R15 82H<\/p>\n<p>Cechy produktu<\/p>\n<p>Marka: D\u0119bica<\/p>\n<p>Model: NAVIGATOR3<\/p>\n<p>Szeroko\u015b\u0107\/profil\/\u015brednica: 185\/55R15<\/p>\n<p>Indeks no\u015bno\u015bci: do 82 (475 kg na opon\u0119)<\/p>\n<p>Indeks pr\u0119dko\u015bci: H (do 210 km\/h)<\/p>\n<p>Sezon: caloroczne<\/p>\n","protected":false},"featured_media":11020,"template":"","meta":{"_uag_custom_page_level_css":""},"product_brand":[378],"product_cat":[416,414,413,412],"product_tag":[],"class_list":{"0":"post-11017","1":"product","2":"type-product","3":"status-publish","4":"has-post-thumbnail","6":"product_brand-debica","7":"product_cat-caloroczne","8":"product_cat-do-samochodow-osobowych-i-suv","9":"product_cat-opony","10":"product_cat-opony-i-felgi","12":"first","13":"instock","14":"sale","15":"shipping-taxable","16":"purchasable","17":"product-type-simple"},"uagb_featured_image_src":{"full":["https:\/\/oponexa.shop\/tire\/wp-content\/uploads\/2025\/12\/allegro-image-11017.jpg",566,800,false],"thumbnail":["https:\/\/oponexa.shop\/tire\/wp-content\/uploads\/2025\/12\/allegro-image-11017-150x150.jpg",150,150,true],"medium":["https:\/\/oponexa.shop\/tire\/wp-content\/uploads\/2025\/12\/allegro-image-11017-212x300.jpg",212,300,true],"medium_large":["https:\/\/oponexa.shop\/tire\/wp-content\/uploads\/2025\/12\/allegro-image-11017.jpg",566,800,false],"large":["https:\/\/oponexa.shop\/tire\/wp-content\/uploads\/2025\/12\/allegro-image-11017.jpg",566,800,false],"1536x1536":["https:\/\/oponexa.shop\/tire\/wp-content\/uploads\/2025\/12\/allegro-image-11017.jpg",566,800,false],"2048x2048":["https:\/\/oponexa.shop\/tire\/wp-content\/uploads\/2025\/12\/allegro-image-11017.jpg",566,800,false],"woocommerce_thumbnail":["https:\/\/oponexa.shop\/tire\/wp-content\/uploads\/2025\/12\/allegro-image-11017-300x300.jpg",300,300,true],"woocommerce_single":["https:\/\/oponexa.shop\/tire\/wp-content\/uploads\/2025\/12\/allegro-image-11017.jpg",566,800,false],"woocommerce_gallery_thumbnail":["https:\/\/oponexa.shop\/tire\/wp-content\/uploads\/2025\/12\/allegro-image-11017-100x100.jpg",100,100,true]},"uagb_author_info":{"display_name":"admin","author_link":"https:\/\/oponexa.shop\/tire\/author\/"},"uagb_comment_info":0,"uagb_excerpt":"2x nowe opony caloroczne D\u0118BICA NAVIGATOR3 185\/55R15 82H Cechy produktu Marka: D\u0119bica Model: NAVIGATOR3 Szeroko\u015b\u0107\/profil\/\u015brednica: 185\/55R15 Indeks no\u015bno\u015bci: do 82 (475 kg na opon\u0119) Indeks pr\u0119dko\u015bci: H (do 210 km\/h) Sezon: caloroczne","_links":{"self":[{"href":"https:\/\/oponexa.shop\/tire\/wp-json\/wp\/v2\/product\/11017","targetHints":{"allow":["GET"]}}],"collection":[{"href":"https:\/\/oponexa.shop\/tire\/wp-json\/wp\/v2\/product"}],"about":[{"href":"https:\/\/oponexa.shop\/tire\/wp-json\/wp\/v2\/types\/product"}],"wp:featuredmedia":[{"embeddable":true,"href":"https:\/\/oponexa.shop\/tire\/wp-json\/wp\/v2\/media\/11020"}],"wp:attachment":[{"href":"https:\/\/oponexa.shop\/tire\/wp-json\/wp\/v2\/media?parent=11017"}],"wp:term":[{"taxonomy":"product_brand","embeddable":true,"href":"https:\/\/oponexa.shop\/tire\/wp-json\/wp\/v2\/product_brand?post=11017"},{"taxonomy":"product_cat","embeddable":true,"href":"https:\/\/oponexa.shop\/tire\/wp-json\/wp\/v2\/product_cat?post=11017"},{"taxonomy":"product_tag","embeddable":true,"href":"https:\/\/oponexa.shop\/tire\/wp-json\/wp\/v2\/product_tag?post=11017"}],"curies":[{"name":"wp","href":"https:\/\/api.w.org\/{rel}","templated":true}]}}