{"id":11010,"date":"2025-12-31T03:32:08","date_gmt":"2025-12-31T03:32:08","guid":{"rendered":"https:\/\/oponyexpert.shop\/xef5\/produkt\/2x-michelin-265-60r18-crossclimate-2-suv-110t-2\/"},"modified":"2025-12-31T03:32:08","modified_gmt":"2025-12-31T03:32:08","slug":"2x-michelin-265-60r18-crossclimate-2-suv-110t-2","status":"publish","type":"product","link":"https:\/\/oponixo.shop\/tire\/produkt\/2x-michelin-265-60r18-crossclimate-2-suv-110t-2\/","title":{"rendered":"2x Michelin 265\/60R18 CROSSCLIMATE 2 SUV 110T"},"content":{"rendered":"<div style=\"font-family: Arial, sans-serif; line-height: 1.6; color: #333; padding: 20px; clear: both; display: block; width: 100%; float: none; position: static; overflow: hidden;\">\n<div style=\"clear: both; display: block; margin: 10px 0;\">\n<div style=\"clear: both; display: block; margin: 10px 0;\">\n<div style=\"clear: both; display: block; margin: 10px 0;\">\n<h2>Opona ca\u0142oroczna Michelin CROSSCLIMATE 2 SUV 265\/60R18 110T XL<\/h2>\n<p style=\"margin: 15px 0; line-height: 1.8; clear: both; display: block; width: 100%; float: none; position: static;\"><b>Michelin na pierwszy monta\u017c dostarcza opony takim koncernom jak:<\/b>\u00a0Audi, BMW, Dacia, Fiat, Ford, Hyundai, Kia, Nissan, Opel, Renault, Seat, Skoda, Toyota, Volkswagen, Volvo.\u00a0<\/p>\n<p style=\"margin: 15px 0; line-height: 1.8; clear: both; display: block; width: 100%; float: none; position: static;\">Jeden z najwi\u0119kszy w Europie i jeden z najwi\u0119kszych na \u015bwiecie producent opon w klasie premium. Firma zosta\u0142a za\u0142o\u017cona przez braci Andrego i Edouarda Michelin\u00f3w w 1889 r.we Francji.Michelin zdoby\u0142 rozg\u0142os za spraw\u0105 produkcji opon dla\u00a0 Formu\u0142y 1, ale po sezonie\u00a0 2006 wycofa\u0142a si\u0119 z produkcji opon w tym segmencie Firma zajmuje si\u0119 produkcj\u0105 g\u0142\u00f3wnie opony do pojazd\u00f3w osobowych, ci\u0119\u017carowych, rolniczych, motocykli, d\u0119tek i opony rowerowe oraz opony do\u00a0 prom\u00f3w kosmicznych.i samolot\u00f3w. Michelin posiada 56 zak\u0142ad\u00f3w produkcyjnych w 17 krajach oraz 3 centra technologiczne zlokalizowane we Francji, Stanach Zjednoczonych i Japoni. W 1995 w sk\u0142ad koncernu wesz\u0142y zak\u0142ady Olszty\u0144skie Zak\u0142ady Przemys\u0142u Gumowego &#8222;Stomil-Olsztyn&#8221; pod nazw\u0105 &#8222;Michelin Polska&#8221;.<\/p>\n<p style=\"margin: 15px 0; line-height: 1.8; clear: both; display: block; width: 100%; float: none; position: static;\">Opony Michelin przoduj\u0105 w innowacyjnych rozwi\u0105zaniach co potwierdza wprowadzenie letniej opony z homologacj\u0105 na zim\u0119 \u2013 CrossClimate. Opony Michelin charakteryzuj\u0105 si\u0119 jednymi z najbardziej zaawansowanych rozwi\u0105za\u0144 technologicznych, a fabryki firmy s\u0105 zaliczane do najnowocze\u015bniejszych na \u015bwiecie. Produkty\u00a0 marki s\u0105\u00a0 cz\u0119sto doceniane\u00a0 w najwi\u0119kszych testach przeprowadzanych przez czasopisma motoryzacyjne. O jako\u015bci opon Michelin \u015bwiadcz\u0105 tak\u017ce zwyci\u0119stwa w rajdach i wy\u015bcigach, m.in. Formu\u0142y 1, WRC. Michelin tworzy r\u00f3wnie\u017c przewodniki turystyczne oraz odznaczenia dla najlepszych restauracji, kt\u00f3re zostaj\u0105 odznaczane &#8222;gwiazdk\u0105 Michelin&#8221;. Koncern zas\u0142yn\u0105 produkcj\u0105 opon radialnych, modelu XAS dedykowanego dla samochod\u00f3w o wysokich osi\u0105gach oraz wyprodukowa\u0142 pierwsz\u0105 &#8222;zielon\u0105&#8221; opon\u0119 Green X. Od\u00a0 2011r.\u00a0 roku firma zosta\u0142a oficjalnym dostawc\u0105 opon w WRC.<\/p>\n<p style=\"margin: 15px 0; line-height: 1.8; clear: both; display: block; width: 100%; float: none; position: static;\">Obecnie Michelin skupia si\u0119 na tworzeniu rozwi\u0105za\u0144 obni\u017caj\u0105cych wp\u0142yw produkcji oraz zu\u017cycia opon na \u015brodowisko naturalne. W pierwszej kwestii chodzi o zr\u00f3wnowa\u017cony rozw\u00f3j zak\u0142ad\u00f3w produkcyjnych i redukcj\u0119 \u015bladu w\u0119glowego generowanego podczas produkcji. Mniejsze zanieczyszczenie \u015brodowiska wskutek eksploatacji opon jest z kolei mo\u017cliwe, dzi\u0119ki innowacyjnym metodom recyklingu, nad kt\u00f3rymi pracuje Michelin.<\/p>\n<p style=\"margin: 15px 0; line-height: 1.8; clear: both; display: block; width: 100%; float: none; position: static;\"><b>W sk\u0142ad grupy Michelin wchodz\u0105 te\u017c takie marki, jak:<\/b> Kleber, BFGoodrich, Riken, Tigar, Taurus Kormoran.<\/p>\n<p style=\"margin: 15px 0; line-height: 1.8; clear: both; display: block; width: 100%; float: none; position: static;\">\u00a0<\/p>\n<p style=\"margin: 15px 0; line-height: 1.8; clear: both; display: block; width: 100%; float: none; position: static;\">\u00a0<\/p>\n<\/div>\n<\/div>\n<\/div>\n<div style=\"clear: both; display: block; margin: 10px 0;\">\n<div style=\"clear: both; display: block; margin: 10px 0;\">\n<div style=\"clear: both; display: block; margin: 10px 0;\">\n<div  style=\"max-width:500px;max-height:500px\">\n<div style=\"clear: both; display: block; margin: 10px 0;\">\n<div style=\"clear: both; width: 100%; display: block; margin: 20px 0; padding: 0; float: none; position: static; text-align: center;\"><img decoding=\"async\"  src=\"https:\/\/a.allegroimg.com\/original\/119532\/912e87e04be6b46d375a18b2af7e\/2x-Michelin-265-60R18-CROSSCLIMATE-2-SUV-110T\" srcset=\"https:\/\/a.allegroimg.com\/original\/119532\/912e87e04be6b46d375a18b2af7e\/2x-Michelin-265-60R18-CROSSCLIMATE-2-SUV-110T 360w,https:\/\/a.allegroimg.com\/original\/119532\/912e87e04be6b46d375a18b2af7e\/2x-Michelin-265-60R18-CROSSCLIMATE-2-SUV-110T 500w,https:\/\/a.allegroimg.com\/original\/119532\/912e87e04be6b46d375a18b2af7e\/2x-Michelin-265-60R18-CROSSCLIMATE-2-SUV-110T 500w\" sizes=\"(min-width: 1200px) 560px, (min-width: 992px) 50vw, 100vw\" width=\"500px\" alt=\"2x Michelin 265\/60R18 CROSSCLIMATE 2 SUV 110T\"\/ style=\"max-width: 100%; height: auto; display: block; margin: 0 auto;\"><\/div>\n<\/div>\n<\/div>\n<\/div>\n<\/div>\n<div style=\"clear: both; display: block; margin: 10px 0;\">\n<div style=\"clear: both; display: block; margin: 10px 0;\">\n<ul style=\"margin: 15px 0; padding-left: 20px; clear: both; display: block; width: 100%; float: none; position: static;\">\n<li style=\"margin: 5px 0; padding: 2px 0; clear: both; display: list-item; float: none; position: static;\"><b>Marka:<\/b> Michelin<\/li>\n<li style=\"margin: 5px 0; padding: 2px 0; clear: both; display: list-item; float: none; position: static;\"><b>Liczba opon w ofercie:<\/b> 2 szt.<\/li>\n<li style=\"margin: 5px 0; padding: 2px 0; clear: both; display: list-item; float: none; position: static;\"><b>Run flat:<\/b> Nie<\/li>\n<li style=\"margin: 5px 0; padding: 2px 0; clear: both; display: list-item; float: none; position: static;\"><b>Sezon:<\/b> Wielosezonowe<\/li>\n<li style=\"margin: 5px 0; padding: 2px 0; clear: both; display: list-item; float: none; position: static;\"><b>Model:<\/b> CROSSCLIMATE 2 SUV<\/li>\n<li style=\"margin: 5px 0; padding: 2px 0; clear: both; display: list-item; float: none; position: static;\"><b>Szeroko\u015b\u0107 opony:<\/b> 265 mm<\/li>\n<li style=\"margin: 5px 0; padding: 2px 0; clear: both; display: list-item; float: none; position: static;\"><b>Profil opony:<\/b> 60<\/li>\n<li style=\"margin: 5px 0; padding: 2px 0; clear: both; display: list-item; float: none; position: static;\"><b>\u015arednica:<\/b> 18&#8243;<\/li>\n<li style=\"margin: 5px 0; padding: 2px 0; clear: both; display: list-item; float: none; position: static;\"><b>Indeks no\u015bno\u015bci:<\/b> 110 &#8211; 1060 kg<\/li>\n<li style=\"margin: 5px 0; padding: 2px 0; clear: both; display: list-item; float: none; position: static;\"><b>Indeks pr\u0119dko\u015bci:<\/b> T do 190 km\/h<\/li>\n<li style=\"margin: 5px 0; padding: 2px 0; clear: both; display: list-item; float: none; position: static;\"><b>Przyczepno\u015b\u0107 na mokrej nawierzchni:<\/b> Klasa B<\/li>\n<li style=\"margin: 5px 0; padding: 2px 0; clear: both; display: list-item; float: none; position: static;\"><b>Op\u00f3r toczenia:<\/b> Klasa B<\/li>\n<li style=\"margin: 5px 0; padding: 2px 0; clear: both; display: list-item; float: none; position: static;\"><b>Ha\u0142as zewn\u0119trzny:<\/b> 73 dB<\/li>\n<li style=\"margin: 5px 0; padding: 2px 0; clear: both; display: list-item; float: none; position: static;\"><b>Informacje dodatkowe:<\/b> wzmocnienie (XL)<\/li>\n<li style=\"margin: 5px 0; padding: 2px 0; clear: both; display: list-item; float: none; position: static;\"><b>Rok produkcji (DOT):<\/b> <b>Kupuj\u0105c z tej oferty otrzymasz opony fabrycznie nowe, a ich rok produkcji jest nie starszy ni\u017c ubieg\u0142y rok kalendarzowy &#8211; 2025\/2024<\/b><\/li>\n<\/ul>\n<\/div>\n<\/div>\n<\/div>\n<\/div>\n<\/div>\n<\/div>\n<div style=\"clear: both; display: block; margin: 10px 0;\">\n","protected":false},"excerpt":{"rendered":"<p>Opona ca\u0142oroczna Michelin CROSSCLIMATE 2 SUV 265\/60R18 110T XL<\/p>\n<p>Michelin na pierwszy monta\u017c dostarcza opony takim koncernom jak:\u00a0Audi, BMW, Dacia, Fiat, Ford, Hyundai, Kia, Nissan, Opel, Renault, Seat, Skoda, Toyota, Volkswagen, Volvo.\u00a0<\/p>\n","protected":false},"featured_media":11011,"template":"","meta":{"_uag_custom_page_level_css":""},"product_brand":[429],"product_cat":[416,414,413,412],"product_tag":[],"class_list":{"0":"post-11010","1":"product","2":"type-product","3":"status-publish","4":"has-post-thumbnail","6":"product_brand-michelin","7":"product_cat-caloroczne","8":"product_cat-do-samochodow-osobowych-i-suv","9":"product_cat-opony","10":"product_cat-opony-i-felgi","12":"first","13":"instock","14":"sale","15":"shipping-taxable","16":"purchasable","17":"product-type-simple"},"uagb_featured_image_src":{"full":["https:\/\/oponixo.shop\/tire\/wp-content\/uploads\/2025\/12\/allegro-image-11010.jpg",500,500,false],"thumbnail":["https:\/\/oponixo.shop\/tire\/wp-content\/uploads\/2025\/12\/allegro-image-11010-150x150.jpg",150,150,true],"medium":["https:\/\/oponixo.shop\/tire\/wp-content\/uploads\/2025\/12\/allegro-image-11010-300x300.jpg",300,300,true],"medium_large":["https:\/\/oponixo.shop\/tire\/wp-content\/uploads\/2025\/12\/allegro-image-11010.jpg",500,500,false],"large":["https:\/\/oponixo.shop\/tire\/wp-content\/uploads\/2025\/12\/allegro-image-11010.jpg",500,500,false],"1536x1536":["https:\/\/oponixo.shop\/tire\/wp-content\/uploads\/2025\/12\/allegro-image-11010.jpg",500,500,false],"2048x2048":["https:\/\/oponixo.shop\/tire\/wp-content\/uploads\/2025\/12\/allegro-image-11010.jpg",500,500,false],"woocommerce_thumbnail":["https:\/\/oponixo.shop\/tire\/wp-content\/uploads\/2025\/12\/allegro-image-11010-300x300.jpg",300,300,true],"woocommerce_single":["https:\/\/oponixo.shop\/tire\/wp-content\/uploads\/2025\/12\/allegro-image-11010.jpg",500,500,false],"woocommerce_gallery_thumbnail":["https:\/\/oponixo.shop\/tire\/wp-content\/uploads\/2025\/12\/allegro-image-11010-100x100.jpg",100,100,true]},"uagb_author_info":{"display_name":"admin","author_link":"https:\/\/oponixo.shop\/tire\/author\/"},"uagb_comment_info":0,"uagb_excerpt":"Opona ca\u0142oroczna Michelin CROSSCLIMATE 2 SUV 265\/60R18 110T XL Michelin na pierwszy monta\u017c dostarcza opony takim koncernom jak:\u00a0Audi, BMW, Dacia, Fiat, Ford, Hyundai, Kia, Nissan, Opel, Renault, Seat, Skoda, Toyota, Volkswagen, Volvo.\u00a0","_links":{"self":[{"href":"https:\/\/oponixo.shop\/tire\/wp-json\/wp\/v2\/product\/11010","targetHints":{"allow":["GET"]}}],"collection":[{"href":"https:\/\/oponixo.shop\/tire\/wp-json\/wp\/v2\/product"}],"about":[{"href":"https:\/\/oponixo.shop\/tire\/wp-json\/wp\/v2\/types\/product"}],"wp:featuredmedia":[{"embeddable":true,"href":"https:\/\/oponixo.shop\/tire\/wp-json\/wp\/v2\/media\/11011"}],"wp:attachment":[{"href":"https:\/\/oponixo.shop\/tire\/wp-json\/wp\/v2\/media?parent=11010"}],"wp:term":[{"taxonomy":"product_brand","embeddable":true,"href":"https:\/\/oponixo.shop\/tire\/wp-json\/wp\/v2\/product_brand?post=11010"},{"taxonomy":"product_cat","embeddable":true,"href":"https:\/\/oponixo.shop\/tire\/wp-json\/wp\/v2\/product_cat?post=11010"},{"taxonomy":"product_tag","embeddable":true,"href":"https:\/\/oponixo.shop\/tire\/wp-json\/wp\/v2\/product_tag?post=11010"}],"curies":[{"name":"wp","href":"https:\/\/api.w.org\/{rel}","templated":true}]}}