{"id":10902,"date":"2025-12-31T03:31:52","date_gmt":"2025-12-31T03:31:52","guid":{"rendered":"https:\/\/oponyexpert.shop\/xef5\/produkt\/2x-nokian-snowproof-1-xl-235-45r17-97-v-2\/"},"modified":"2025-12-31T03:31:52","modified_gmt":"2025-12-31T03:31:52","slug":"2x-nokian-snowproof-1-xl-235-45r17-97-v-2","status":"publish","type":"product","link":"https:\/\/oponixo.shop\/tire\/produkt\/2x-nokian-snowproof-1-xl-235-45r17-97-v-2\/","title":{"rendered":"2x NOKIAN SNOWPROOF 1 XL 235\/45R17 97 V"},"content":{"rendered":"<div style=\"font-family: Arial, sans-serif; line-height: 1.6; color: #333; padding: 20px; clear: both; display: block; width: 100%; float: none; position: static; overflow: hidden;\">\n<div style=\"clear: both; display: block; margin: 10px 0;\">\n<div style=\"clear: both; display: block; margin: 10px 0;\">\n<div style=\"clear: both; display: block; margin: 10px 0;\">\n<h2>2x NOKIAN SNOWPROOF 1 XL 235\/45R17 97 V<\/h2>\n<\/div>\n<\/div>\n<\/div>\n<div style=\"clear: both; display: block; margin: 10px 0;\">\n<div style=\"clear: both; display: block; margin: 10px 0;\">\n<div style=\"clear: both; display: block; margin: 10px 0;\">\n<div  style=\"max-width:920px;max-height:1120px\">\n<div style=\"clear: both; display: block; margin: 10px 0;\">\n<div style=\"clear: both; width: 100%; display: block; margin: 20px 0; padding: 0; float: none; position: static; text-align: center;\"><img decoding=\"async\"  src=\"https:\/\/a.allegroimg.com\/original\/11f9a6\/ded27fac479f8bd8ee20ec46ff50\/2x-NOKIAN-SNOWPROOF-1-XL-235-45R17-97-V\" srcset=\"https:\/\/a.allegroimg.com\/original\/11f9a6\/ded27fac479f8bd8ee20ec46ff50\/2x-NOKIAN-SNOWPROOF-1-XL-235-45R17-97-V 295w,https:\/\/a.allegroimg.com\/original\/11f9a6\/ded27fac479f8bd8ee20ec46ff50\/2x-NOKIAN-SNOWPROOF-1-XL-235-45R17-97-V 591w,https:\/\/a.allegroimg.com\/original\/11f9a6\/ded27fac479f8bd8ee20ec46ff50\/2x-NOKIAN-SNOWPROOF-1-XL-235-45R17-97-V 841w,https:\/\/a.allegroimg.com\/original\/11f9a6\/ded27fac479f8bd8ee20ec46ff50\/2x-NOKIAN-SNOWPROOF-1-XL-235-45R17-97-V 920w,https:\/\/a.allegroimg.com\/original\/11f9a6\/ded27fac479f8bd8ee20ec46ff50\/2x-NOKIAN-SNOWPROOF-1-XL-235-45R17-97-V 920w\" sizes=\"(min-width: 1200px) 560px, (min-width: 992px) 50vw, 100vw\" width=\"920px\" alt=\"2x NOKIAN SNOWPROOF 1 XL 235\/45R17 97 V\"\/ style=\"max-width: 100%; height: auto; display: block; margin: 0 auto;\"><\/div>\n<\/div>\n<\/div>\n<\/div>\n<\/div>\n<div style=\"clear: both; display: block; margin: 10px 0;\">\n<div style=\"clear: both; display: block; margin: 10px 0;\">\n<h2>Zimowe opony NOKIAN SNOWPROOF 1 XL 235\/45 R17 97 V<\/h2>\n<p style=\"margin: 15px 0; line-height: 1.8; clear: both; display: block; width: 100%; float: none; position: static;\">Opony NOKIAN SNOWPROOF 1 XL to znacz\u0105cy model w portfolio producenta.\u00a0<\/p>\n<p style=\"margin: 15px 0; line-height: 1.8; clear: both; display: block; width: 100%; float: none; position: static;\"> Opony klasy Premium s\u0105 wytwarzane z zastosowaniem najbardziej zaawansowanych technologii na \u015bwiecie.<\/p>\n<ul style=\"margin: 15px 0; padding-left: 20px; clear: both; display: block; width: 100%; float: none; position: static;\">\n<li style=\"margin: 5px 0; padding: 2px 0; clear: both; display: list-item; float: none; position: static;\"><b>Stan:<\/b>\u00a0Nowy<\/li>\n<li style=\"margin: 5px 0; padding: 2px 0; clear: both; display: list-item; float: none; position: static;\"><b>EAN:<\/b>\u00a06921109066602<\/li>\n<li style=\"margin: 5px 0; padding: 2px 0; clear: both; display: list-item; float: none; position: static;\"><b>Producent:<\/b> NOKIAN<\/li>\n<li style=\"margin: 5px 0; padding: 2px 0; clear: both; display: list-item; float: none; position: static;\"><b>Model:<\/b> SNOWPROOF 1 XL<\/li>\n<li style=\"margin: 5px 0; padding: 2px 0; clear: both; display: list-item; float: none; position: static;\"><b>Rozmiar:<\/b> 235\/45 R17<\/li>\n<li style=\"margin: 5px 0; padding: 2px 0; clear: both; display: list-item; float: none; position: static;\"><b>Indeks no\u015bno\u015bci:<\/b> 97<\/li>\n<li style=\"margin: 5px 0; padding: 2px 0; clear: both; display: list-item; float: none; position: static;\"><b>Indeks pr\u0119dko\u015bci:<\/b> V<\/li>\n<li style=\"margin: 5px 0; padding: 2px 0; clear: both; display: list-item; float: none; position: static;\"><b>Ha\u0142as db:<\/b>\u00a0<\/li>\n<li style=\"margin: 5px 0; padding: 2px 0; clear: both; display: list-item; float: none; position: static;\"><b>Sezon:<\/b> Zimowe<\/li>\n<li style=\"margin: 5px 0; padding: 2px 0; clear: both; display: list-item; float: none; position: static;\"><b>Rok produkcji:<\/b> 2023<\/li>\n<li style=\"margin: 5px 0; padding: 2px 0; clear: both; display: list-item; float: none; position: static;\"><b>Przeznaczenie:<\/b> Osobowe<\/li>\n<li style=\"margin: 5px 0; padding: 2px 0; clear: both; display: list-item; float: none; position: static;\"><b>Kl. przycz. na mokrej naw.:<\/b>\u00a0<\/li>\n<li style=\"margin: 5px 0; padding: 2px 0; clear: both; display: list-item; float: none; position: static;\"><b>Kl. efekt. paliwowej:\u00a0<\/b><\/li>\n<\/ul>\n<\/div>\n<\/div>\n<\/div>\n<div style=\"clear: both; display: block; margin: 10px 0;\">\n<div style=\"clear: both; display: block; margin: 10px 0;\">\n<div style=\"clear: both; display: block; margin: 10px 0;\">\n<div  style=\"max-width:1092px;max-height:319px\">\n<div style=\"clear: both; display: block; margin: 10px 0;\">\n<div style=\"clear: both; width: 100%; display: block; margin: 20px 0; padding: 0; float: none; position: static; text-align: center;\"><img decoding=\"async\"  src=\"https:\/\/a.allegroimg.com\/original\/1172f9\/98b8fc9144e99331acc28308b66d\/2x-NOKIAN-SNOWPROOF-1-XL-235-45R17-97-V-Liczba-opon-w-ofercie-2-szt\" srcset=\"https:\/\/a.allegroimg.com\/original\/1172f9\/98b8fc9144e99331acc28308b66d\/2x-NOKIAN-SNOWPROOF-1-XL-235-45R17-97-V-Liczba-opon-w-ofercie-2-szt 360w,https:\/\/a.allegroimg.com\/original\/1172f9\/98b8fc9144e99331acc28308b66d\/2x-NOKIAN-SNOWPROOF-1-XL-235-45R17-97-V-Liczba-opon-w-ofercie-2-szt 720w,https:\/\/a.allegroimg.com\/original\/1172f9\/98b8fc9144e99331acc28308b66d\/2x-NOKIAN-SNOWPROOF-1-XL-235-45R17-97-V-Liczba-opon-w-ofercie-2-szt 1024w,https:\/\/a.allegroimg.com\/original\/1172f9\/98b8fc9144e99331acc28308b66d\/2x-NOKIAN-SNOWPROOF-1-XL-235-45R17-97-V-Liczba-opon-w-ofercie-2-szt 1092w,https:\/\/a.allegroimg.com\/original\/1172f9\/98b8fc9144e99331acc28308b66d\/2x-NOKIAN-SNOWPROOF-1-XL-235-45R17-97-V-Liczba-opon-w-ofercie-2-szt 1092w\" sizes=\"100vw\" width=\"1092px\" alt=\"2x NOKIAN SNOWPROOF 1 XL 235\/45R17 97 V Liczba opon w ofercie 2 szt.\"\/ style=\"max-width: 100%; height: auto; display: block; margin: 0 auto;\"><\/div>\n<\/div>\n<\/div>\n<\/div>\n<\/div>\n<\/div>\n<div style=\"clear: both; display: block; margin: 10px 0;\">\n<div style=\"clear: both; display: block; margin: 10px 0;\">\n<div style=\"clear: both; display: block; margin: 10px 0;\">\n<p style=\"margin: 15px 0; line-height: 1.8; clear: both; display: block; width: 100%; float: none; position: static;\">Historia Nokian Tyres jest d\u0142uga, si\u0119ga a\u017c XIX wieku. Wszystko rozpocz\u0119\u0142o si\u0119 w roku 1898, kiedy to za\u0142o\u017cono Fi\u0144skie Zak\u0142ady Gumowe. Przez lata firma budowa\u0142a swoj\u0105 pozycj\u0119 na rynku, aby nast\u0119pnie \u0142\u0105czy\u0107 si\u0119 z kolejnymi, okolicznymi przedsi\u0119biorstwami. W ten spos\u00f3b w 1967 roku dosz\u0142o do powstania Nokia Corporation.<\/p>\n<p style=\"margin: 15px 0; line-height: 1.8; clear: both; display: block; width: 100%; float: none; position: static;\">Nokia Corporation zyska\u0142o globaln\u0105 s\u0142aw\u0119 dzi\u0119ki produkcji telefon\u00f3w, lecz r\u00f3wnie\u017c zyskiwa\u0142o rozg\u0142os jako producent wytrzyma\u0142ych i odpornych na \u015bcieranie opon do samochod\u00f3w. Coraz wi\u0119kszy rozg\u0142os marki poskutkowa\u0142 uniezale\u017cnieniem si\u0119 firmy od producenta telefon\u00f3w i tak w\u0142a\u015bnie powsta\u0142a znana na ca\u0142ym \u015bwiecie pod obecn\u0105 nazw\u0105 firma Nokian Tyres.<\/p>\n<p style=\"margin: 15px 0; line-height: 1.8; clear: both; display: block; width: 100%; float: none; position: static;\">Obecnie Nokian skupia si\u0119 na oponach do aut osobowych przeznaczonych do trudnych zimowych warunk\u00f3w, lecz r\u00f3wnie\u017c w swym portfolio ma opony przeznaczone do warunk\u00f3w letnich i ca\u0142orocznych.<\/p>\n<p style=\"margin: 15px 0; line-height: 1.8; clear: both; display: block; width: 100%; float: none; position: static;\">Fi\u0144ski producent plasuj\u0119 si\u0119 w segmencie premium na rynku ogumienie dzi\u0119ki swym osi\u0105gni\u0119ciom w produkcji opon zimowych i niestawianiu na kompromisy przy produkcji opon letnich i ca\u0142orocznych.<\/p>\n<\/div>\n<\/div>\n<\/div>\n<div style=\"clear: both; display: block; margin: 10px 0;\">\n<div style=\"clear: both; display: block; margin: 10px 0;\">\n<div style=\"clear: both; display: block; margin: 10px 0;\">\n<div  style=\"max-width:920px;max-height:1120px\">\n<div style=\"clear: both; display: block; margin: 10px 0;\">\n<div style=\"clear: both; width: 100%; display: block; margin: 20px 0; padding: 0; float: none; position: static; text-align: center;\"><img decoding=\"async\"  src=\"https:\/\/a.allegroimg.com\/original\/11f9a6\/ded27fac479f8bd8ee20ec46ff50\/2x-NOKIAN-SNOWPROOF-1-XL-235-45R17-97-V\" srcset=\"https:\/\/a.allegroimg.com\/original\/11f9a6\/ded27fac479f8bd8ee20ec46ff50\/2x-NOKIAN-SNOWPROOF-1-XL-235-45R17-97-V 295w,https:\/\/a.allegroimg.com\/original\/11f9a6\/ded27fac479f8bd8ee20ec46ff50\/2x-NOKIAN-SNOWPROOF-1-XL-235-45R17-97-V 591w,https:\/\/a.allegroimg.com\/original\/11f9a6\/ded27fac479f8bd8ee20ec46ff50\/2x-NOKIAN-SNOWPROOF-1-XL-235-45R17-97-V 841w,https:\/\/a.allegroimg.com\/original\/11f9a6\/ded27fac479f8bd8ee20ec46ff50\/2x-NOKIAN-SNOWPROOF-1-XL-235-45R17-97-V 920w,https:\/\/a.allegroimg.com\/original\/11f9a6\/ded27fac479f8bd8ee20ec46ff50\/2x-NOKIAN-SNOWPROOF-1-XL-235-45R17-97-V 920w\" sizes=\"(min-width: 1200px) 560px, (min-width: 992px) 50vw, 100vw\" width=\"920px\" alt=\"2x NOKIAN SNOWPROOF 1 XL 235\/45R17 97 V\"\/ style=\"max-width: 100%; height: auto; display: block; margin: 0 auto;\"><\/div>\n<\/div>\n<\/div>\n<\/div>\n<\/div>\n<div style=\"clear: both; display: block; margin: 10px 0;\">\n<div style=\"clear: both; display: block; margin: 10px 0;\">\n<p style=\"margin: 15px 0; line-height: 1.8; clear: both; display: block; width: 100%; float: none; position: static;\">Dlaczego warto kupowa\u0107 u Nas ?<\/p>\n<p style=\"margin: 15px 0; line-height: 1.8; clear: both; display: block; width: 100%; float: none; position: static;\">Jeste\u015bmy firm\u0105, kt\u00f3ra na podstawie wieloletniego do\u015bwiadczenia z zaanga\u017cowaniem pomaga klientom w doborze oraz kupnie opon.<\/p>\n<p style=\"margin: 15px 0; line-height: 1.8; clear: both; display: block; width: 100%; float: none; position: static;\">Posiadamy szerok\u0105 game opon do aut osobowych, dostawczych, cie\u017carowych, motocyki jak i opon przemys\u0142owych.<\/p>\n<p style=\"margin: 15px 0; line-height: 1.8; clear: both; display: block; width: 100%; float: none; position: static;\">Gwarancja satysfakcjii oraz bezpiecznie przejechanych kilometr\u00f3w.<\/p>\n<p style=\"margin: 15px 0; line-height: 1.8; clear: both; display: block; width: 100%; float: none; position: static;\">Zosta\u0144 naszym kolejnym zadowolonym klientem.<\/p>\n<p style=\"margin: 15px 0; line-height: 1.8; clear: both; display: block; width: 100%; float: none; position: static;\">ZAPRASZAMY DO ZAKUP\u00d3W.<\/p>\n<\/div>\n<\/div>\n<\/div>\n<\/div>\n<\/div>\n<\/div>\n<div style=\"clear: both; display: block; margin: 10px 0;\">\n","protected":false},"excerpt":{"rendered":"<p>2x NOKIAN SNOWPROOF 1 XL 235\/45R17 97 V<\/p>\n<p>Zimowe opony NOKIAN SNOWPROOF 1 XL 235\/45 R17 97 V<\/p>\n<p>Opony NOKIAN SNOWPROOF 1 XL to znacz\u0105cy model w portfolio producenta.\u00a0<\/p>\n<p>Opony klasy Premium s\u0105 wytwarzane z zastosowaniem najbardziej zaawansowanych technologii na \u015bwiecie.<\/p>\n<p>Stan:\u00a0Nowy<\/p>\n<p>EAN:\u00a06921109066602<\/p>\n<p>Producent: NOKIAN<\/p>\n<p>Model: SNOWPROOF 1 XL<\/p>\n","protected":false},"featured_media":10903,"template":"","meta":{"_uag_custom_page_level_css":""},"product_brand":[387],"product_cat":[414,413,412,415],"product_tag":[],"class_list":{"0":"post-10902","1":"product","2":"type-product","3":"status-publish","4":"has-post-thumbnail","6":"product_brand-nokian-tyres","7":"product_cat-do-samochodow-osobowych-i-suv","8":"product_cat-opony","9":"product_cat-opony-i-felgi","10":"product_cat-zimowe","12":"first","13":"instock","14":"sale","15":"shipping-taxable","16":"purchasable","17":"product-type-simple"},"uagb_featured_image_src":{"full":["https:\/\/oponixo.shop\/tire\/wp-content\/uploads\/2025\/12\/allegro-image-10902.jpg",920,1120,false],"thumbnail":["https:\/\/oponixo.shop\/tire\/wp-content\/uploads\/2025\/12\/allegro-image-10902-150x150.jpg",150,150,true],"medium":["https:\/\/oponixo.shop\/tire\/wp-content\/uploads\/2025\/12\/allegro-image-10902-246x300.jpg",246,300,true],"medium_large":["https:\/\/oponixo.shop\/tire\/wp-content\/uploads\/2025\/12\/allegro-image-10902-768x935.jpg",768,935,true],"large":["https:\/\/oponixo.shop\/tire\/wp-content\/uploads\/2025\/12\/allegro-image-10902-841x1024.jpg",841,1024,true],"1536x1536":["https:\/\/oponixo.shop\/tire\/wp-content\/uploads\/2025\/12\/allegro-image-10902.jpg",920,1120,false],"2048x2048":["https:\/\/oponixo.shop\/tire\/wp-content\/uploads\/2025\/12\/allegro-image-10902.jpg",920,1120,false],"woocommerce_thumbnail":["https:\/\/oponixo.shop\/tire\/wp-content\/uploads\/2025\/12\/allegro-image-10902-300x300.jpg",300,300,true],"woocommerce_single":["https:\/\/oponixo.shop\/tire\/wp-content\/uploads\/2025\/12\/allegro-image-10902-600x730.jpg",600,730,true],"woocommerce_gallery_thumbnail":["https:\/\/oponixo.shop\/tire\/wp-content\/uploads\/2025\/12\/allegro-image-10902-100x100.jpg",100,100,true]},"uagb_author_info":{"display_name":"admin","author_link":"https:\/\/oponixo.shop\/tire\/author\/"},"uagb_comment_info":0,"uagb_excerpt":"2x NOKIAN SNOWPROOF 1 XL 235\/45R17 97 V Zimowe opony NOKIAN SNOWPROOF 1 XL 235\/45 R17 97 V Opony NOKIAN SNOWPROOF 1 XL to znacz\u0105cy model w portfolio producenta.\u00a0 Opony klasy Premium s\u0105 wytwarzane z zastosowaniem najbardziej zaawansowanych technologii na \u015bwiecie. Stan:\u00a0Nowy EAN:\u00a06921109066602 Producent: NOKIAN Model: SNOWPROOF 1 XL","_links":{"self":[{"href":"https:\/\/oponixo.shop\/tire\/wp-json\/wp\/v2\/product\/10902","targetHints":{"allow":["GET"]}}],"collection":[{"href":"https:\/\/oponixo.shop\/tire\/wp-json\/wp\/v2\/product"}],"about":[{"href":"https:\/\/oponixo.shop\/tire\/wp-json\/wp\/v2\/types\/product"}],"wp:featuredmedia":[{"embeddable":true,"href":"https:\/\/oponixo.shop\/tire\/wp-json\/wp\/v2\/media\/10903"}],"wp:attachment":[{"href":"https:\/\/oponixo.shop\/tire\/wp-json\/wp\/v2\/media?parent=10902"}],"wp:term":[{"taxonomy":"product_brand","embeddable":true,"href":"https:\/\/oponixo.shop\/tire\/wp-json\/wp\/v2\/product_brand?post=10902"},{"taxonomy":"product_cat","embeddable":true,"href":"https:\/\/oponixo.shop\/tire\/wp-json\/wp\/v2\/product_cat?post=10902"},{"taxonomy":"product_tag","embeddable":true,"href":"https:\/\/oponixo.shop\/tire\/wp-json\/wp\/v2\/product_tag?post=10902"}],"curies":[{"name":"wp","href":"https:\/\/api.w.org\/{rel}","templated":true}]}}