{"id":10853,"date":"2025-12-31T03:31:45","date_gmt":"2025-12-31T03:31:45","guid":{"rendered":"https:\/\/oponyexpert.shop\/xef5\/produkt\/2x-kormoran-175-70r14-84t-all-season-caloroczne-2025-r\/"},"modified":"2025-12-31T03:31:45","modified_gmt":"2025-12-31T03:31:45","slug":"2x-kormoran-175-70r14-84t-all-season-caloroczne-2025-r","status":"publish","type":"product","link":"https:\/\/oponexa.shop\/tire\/produkt\/2x-kormoran-175-70r14-84t-all-season-caloroczne-2025-r\/","title":{"rendered":"2x KORMORAN 175\/70R14 84T All Season ca\u0142oroczne 2025 r"},"content":{"rendered":"<div style=\"font-family: Arial, sans-serif; line-height: 1.6; color: #333; padding: 20px; clear: both; display: block; width: 100%; float: none; position: static; overflow: hidden;\">\n<div style=\"clear: both; display: block; margin: 10px 0;\">\n<div style=\"clear: both; display: block; margin: 10px 0;\">\n<div style=\"clear: both; display: block; margin: 10px 0;\">\n<h1>Rok produkcji: 2025<\/h1>\n<\/div>\n<\/div>\n<\/div>\n<div style=\"clear: both; display: block; margin: 10px 0;\">\n<div style=\"clear: both; display: block; margin: 10px 0;\">\n<div style=\"clear: both; display: block; margin: 10px 0;\">\n<div  style=\"max-width:1200px;max-height:1126px\">\n<div style=\"clear: both; display: block; margin: 10px 0;\">\n<div style=\"clear: both; width: 100%; display: block; margin: 20px 0; padding: 0; float: none; position: static; text-align: center;\"><img decoding=\"async\"  src=\"https:\/\/a.allegroimg.com\/original\/111397\/9396bd19411d9e8dbc58885c6657\/2x-KORMORAN-175-70R14-84T-All-Season-caloroczne-2025-r\" srcset=\"https:\/\/a.allegroimg.com\/original\/111397\/9396bd19411d9e8dbc58885c6657\/2x-KORMORAN-175-70R14-84T-All-Season-caloroczne-2025-r 360w,https:\/\/a.allegroimg.com\/original\/111397\/9396bd19411d9e8dbc58885c6657\/2x-KORMORAN-175-70R14-84T-All-Season-caloroczne-2025-r 720w,https:\/\/a.allegroimg.com\/original\/111397\/9396bd19411d9e8dbc58885c6657\/2x-KORMORAN-175-70R14-84T-All-Season-caloroczne-2025-r 1024w,https:\/\/a.allegroimg.com\/original\/111397\/9396bd19411d9e8dbc58885c6657\/2x-KORMORAN-175-70R14-84T-All-Season-caloroczne-2025-r 1200w,https:\/\/a.allegroimg.com\/original\/111397\/9396bd19411d9e8dbc58885c6657\/2x-KORMORAN-175-70R14-84T-All-Season-caloroczne-2025-r 1200w\" sizes=\"(min-width: 1200px) 560px, (min-width: 992px) 50vw, 100vw\" width=\"1200px\" alt=\"2x KORMORAN 175\/70R14 84T All Season ca\u0142oroczne 2025 r\"\/ style=\"max-width: 100%; height: auto; display: block; margin: 0 auto;\"><\/div>\n<\/div>\n<\/div>\n<\/div>\n<\/div>\n<div style=\"clear: both; display: block; margin: 10px 0;\">\n<div style=\"clear: both; display: block; margin: 10px 0;\">\n<h1>KORMORAN All Season 175\/70R14 84T<\/h1>\n<h2>G0UM66<\/h2>\n<ul style=\"margin: 15px 0; padding-left: 20px; clear: both; display: block; width: 100%; float: none; position: static;\">\n<li style=\"margin: 5px 0; padding: 2px 0; clear: both; display: list-item; float: none; position: static;\"><b>Data produkcji :<\/b> 2025<\/li>\n<li style=\"margin: 5px 0; padding: 2px 0; clear: both; display: list-item; float: none; position: static;\"><b>Indeks :<\/b> 175\/70R14 COKO 84T AS, 175\/70R14 COKO 84T AS<\/li>\n<li style=\"margin: 5px 0; padding: 2px 0; clear: both; display: list-item; float: none; position: static;\"><b>Indeks no\u015bno\u015bci :<\/b> 84<\/li>\n<li style=\"margin: 5px 0; padding: 2px 0; clear: both; display: list-item; float: none; position: static;\"><b>Indeks pr\u0119dko\u015bci :<\/b> T &#8211; 190 km\/h<\/li>\n<li style=\"margin: 5px 0; padding: 2px 0; clear: both; display: list-item; float: none; position: static;\"><b>Karta informacyjna produktu :<\/b> https:\/\/eprel.ec.europa.eu\/qr\/992949<\/li>\n<li style=\"margin: 5px 0; padding: 2px 0; clear: both; display: list-item; float: none; position: static;\"><b>Kl. efekt. paliwowej :<\/b> D<\/li>\n<li style=\"margin: 5px 0; padding: 2px 0; clear: both; display: list-item; float: none; position: static;\"><b>Kl. przycz. na mokrej naw. :<\/b> C<\/li>\n<li style=\"margin: 5px 0; padding: 2px 0; clear: both; display: list-item; float: none; position: static;\"><b>Kl. zew. ha\u0142asu tocz. :<\/b> B<\/li>\n<li style=\"margin: 5px 0; padding: 2px 0; clear: both; display: list-item; float: none; position: static;\"><b>Klasa opony :<\/b> bud\u017cet<\/li>\n<li style=\"margin: 5px 0; padding: 2px 0; clear: both; display: list-item; float: none; position: static;\"><b>Kod EAN :<\/b> 3528707976932<\/li>\n<li style=\"margin: 5px 0; padding: 2px 0; clear: both; display: list-item; float: none; position: static;\"><b>Kod producenta :<\/b> 797693<\/li>\n<li style=\"margin: 5px 0; padding: 2px 0; clear: both; display: list-item; float: none; position: static;\"><b>Model bie\u017cnika :<\/b> All Season<\/li>\n<li style=\"margin: 5px 0; padding: 2px 0; clear: both; display: list-item; float: none; position: static;\"><b>Nazwa produktu :<\/b> KORMORAN 175\/70R14 84T All Season ca\u0142oroczne<\/li>\n<li style=\"margin: 5px 0; padding: 2px 0; clear: both; display: list-item; float: none; position: static;\"><b>Producent :<\/b> KORMORAN<\/li>\n<li style=\"margin: 5px 0; padding: 2px 0; clear: both; display: list-item; float: none; position: static;\"><b>Profil :<\/b> 70<\/li>\n<li style=\"margin: 5px 0; padding: 2px 0; clear: both; display: list-item; float: none; position: static;\"><b>Przeznaczenie :<\/b> samochody osobowe\/SUV\/crossover<\/li>\n<li style=\"margin: 5px 0; padding: 2px 0; clear: both; display: list-item; float: none; position: static;\"><b>Przyczepno\u015b\u0107 na lodzie :<\/b> Nie<\/li>\n<li style=\"margin: 5px 0; padding: 2px 0; clear: both; display: list-item; float: none; position: static;\"><b>Przyczepno\u015b\u0107 na \u015bniegu :<\/b> Tak<\/li>\n<li style=\"margin: 5px 0; padding: 2px 0; clear: both; display: list-item; float: none; position: static;\"><b>QR kod :<\/b> https:\/\/eprel.ec.europa.eu\/qr\/992949<\/li>\n<li style=\"margin: 5px 0; padding: 2px 0; clear: both; display: list-item; float: none; position: static;\"><b>Sezon :<\/b> ca\u0142oroczna<\/li>\n<li style=\"margin: 5px 0; padding: 2px 0; clear: both; display: list-item; float: none; position: static;\"><b>\u015arednica :<\/b> 14&#8243;<\/li>\n<li style=\"margin: 5px 0; padding: 2px 0; clear: both; display: list-item; float: none; position: static;\"><b>Szeroko\u015b\u0107 :<\/b> 175<\/li>\n<li style=\"margin: 5px 0; padding: 2px 0; clear: both; display: list-item; float: none; position: static;\"><b>Wart. pom. i kl. zew. ha\u0142asu tocz. [dB] :<\/b> 69<\/li>\n<\/ul>\n<\/div>\n<\/div>\n<\/div>\n<div style=\"clear: both; display: block; margin: 10px 0;\">\n<div style=\"clear: both; display: block; margin: 10px 0;\">\n<div style=\"clear: both; display: block; margin: 10px 0;\">\n<p style=\"margin: 15px 0; line-height: 1.8; clear: both; display: block; width: 100%; float: none; position: static;\"> Kormoran AllSeason to ca\u0142oroczna opona klasy ekonomicznej dedykowana do szerokiej gamy samochod\u00f3w osobowych. Dzi\u0119ki swoim wielosezonowym w\u0142a\u015bciwo\u015bciom, dostarcza optymalnych parametr\u00f3w, bez wzgl\u0119du na warunki pogodowe.<\/p>\n<p style=\"margin: 15px 0; line-height: 1.8; clear: both; display: block; width: 100%; float: none; position: static;\"> Kierunkowy bie\u017cnik w kszta\u0142cie rybich o\u015bci, dzi\u0119ki licznym rowkom poprzecznym oraz centralnym rowkom obwodowym, efektywnie odprowadza wod\u0119 i b\u0142oto po\u015bniegowe, dla lepszej przyczepno\u015bci i skuteczniejszego hamowania w trudnych warunkach.<\/p>\n<p style=\"margin: 15px 0; line-height: 1.8; clear: both; display: block; width: 100%; float: none; position: static;\"> Dodatek krzemionki do mieszanki gumowej bie\u017cnika, zwi\u0119ksza przyczepno\u015b\u0107 na mokrych nawierzchniach oraz wp\u0142ywa na zmniejszenie opor\u00f3w toczenia, co przek\u0142ada si\u0119 na ni\u017csze zu\u017cycie paliwa i emisj\u0119 spalin do atmosfery.<\/p>\n<p style=\"margin: 15px 0; line-height: 1.8; clear: both; display: block; width: 100%; float: none; position: static;\"> Kormoran AllSeason to dobry wyb\u00f3r dla kierowc\u00f3w, preferuj\u0105cych zr\u00f3wnowa\u017cony styl podr\u00f3\u017cowania, kt\u00f3rzy ceni\u0105 uniwersalno\u015b\u0107 opony oraz w\u0142a\u015bciwo\u015bci dopasowane do ka\u017cdego rodzaju warunk\u00f3w drogowych.<\/p>\n<\/div>\n<\/div>\n<div style=\"clear: both; display: block; margin: 10px 0;\">\n<div style=\"clear: both; display: block; margin: 10px 0;\">\n<div  style=\"max-width:886px;max-height:1299px\">\n<div style=\"clear: both; display: block; margin: 10px 0;\">\n<div style=\"clear: both; width: 100%; display: block; margin: 20px 0; padding: 0; float: none; position: static; text-align: center;\"><img decoding=\"async\"  src=\"https:\/\/a.allegroimg.com\/original\/1178f1\/d37576c6452e9455cc89cf8ae86b\/2x-KORMORAN-175-70R14-84T-All-Season-caloroczne-2025-r-Marka-Kormoran\" srcset=\"https:\/\/a.allegroimg.com\/original\/1178f1\/d37576c6452e9455cc89cf8ae86b\/2x-KORMORAN-175-70R14-84T-All-Season-caloroczne-2025-r-Marka-Kormoran 245w,https:\/\/a.allegroimg.com\/original\/1178f1\/d37576c6452e9455cc89cf8ae86b\/2x-KORMORAN-175-70R14-84T-All-Season-caloroczne-2025-r-Marka-Kormoran 491w,https:\/\/a.allegroimg.com\/original\/1178f1\/d37576c6452e9455cc89cf8ae86b\/2x-KORMORAN-175-70R14-84T-All-Season-caloroczne-2025-r-Marka-Kormoran 698w,https:\/\/a.allegroimg.com\/original\/1178f1\/d37576c6452e9455cc89cf8ae86b\/2x-KORMORAN-175-70R14-84T-All-Season-caloroczne-2025-r-Marka-Kormoran 886w,https:\/\/a.allegroimg.com\/original\/1178f1\/d37576c6452e9455cc89cf8ae86b\/2x-KORMORAN-175-70R14-84T-All-Season-caloroczne-2025-r-Marka-Kormoran 886w\" sizes=\"(min-width: 1200px) 560px, (min-width: 992px) 50vw, 100vw\" width=\"886px\" alt=\"2x KORMORAN 175\/70R14 84T All Season ca\u0142oroczne 2025 r Marka Kormoran\"\/ style=\"max-width: 100%; height: auto; display: block; margin: 0 auto;\"><\/div>\n<\/div>\n<\/div>\n<\/div>\n<\/div>\n<\/div>\n<div style=\"clear: both; display: block; margin: 10px 0;\">\n<div style=\"clear: both; display: block; margin: 10px 0;\">\n<div style=\"clear: both; display: block; margin: 10px 0;\">\n<p style=\"margin: 15px 0; line-height: 1.8; clear: both; display: block; width: 100%; float: none; position: static;\">Wychodz\u0105c naprzeciw oczekiwaniom Klient\u00f3w i chc\u0105c spe\u0142nia\u0107 jak najwy\u017csze standardy obs\u0142ugi dok\u0142adamy wszelkich stara\u0144, aby podawa\u0107 precyzyjn\u0105 dat\u0119 produkcji opony (DOT). Niestety, w wyj\u0105tkowych przypadkach, mo\u017ce zdarzy\u0107 si\u0119, \u017ce opony, kt\u00f3re wy\u015blemy b\u0119d\u0105 mia\u0142y inn\u0105 dat\u0119 produkcji ni\u017c podana. Sytuacja mo\u017ce dotyczy\u0107 zar\u00f3wno opon z DOT-em wcze\u015bniejszym jak i p\u00f3\u017aniejszym. Chcieliby\u015bmy podkre\u015bli\u0107, \u017ce warunki przechowywania opon w naszych magazynach spe\u0142niaj\u0105 Polsk\u0105 Norm\u0119 PN-C-94300-7 dzi\u0119ki czemu nawet opona przechowywana 24 miesi\u0105ce ma parametry takie same jak opona z bie\u017c\u0105cego roku. Warto pami\u0119ta\u0107 tak\u017ce o fakcie, \u017ce w przypadku wielu rozmiar\u00f3w i producent\u00f3w plany produkcyjne fabryk uniemo\u017cliwiaj\u0105 zakup opony z bie\u017c\u0105cego roku.<\/p>\n<p style=\"margin: 15px 0; line-height: 1.8; clear: both; display: block; width: 100%; float: none; position: static;\">Przy zakupie opon pami\u0119taj o sprawdzeniu w instrukcji samochodu lub na w\u0142a\u015bciwej stronie internetowej, jakie ogumienie zaleca producent Twojego auta. \u0179le dobrane opony mog\u0105 negatywnie wp\u0142yn\u0105\u0107 na poziom Twojego bezpiecze\u0144stwa. Kupuj\u0105c opony zwr\u00f3\u0107 uwag\u0119 na rozmiar oraz indeksy no\u015bno\u015bci i pr\u0119dko\u015bci jakie homologowane s\u0105 do Twojego pojazdu.<\/p>\n<p style=\"margin: 15px 0; line-height: 1.8; clear: both; display: block; width: 100%; float: none; position: static;\">Zamieszczone zdj\u0119cia pe\u0142ni\u0105 funkcj\u0119 pogl\u0105dow\u0105. W zale\u017cno\u015bci od szeroko\u015bci opon, mog\u0105 wyst\u0119powa\u0107 niewielkie r\u00f3\u017cnice w wygl\u0105dzie bie\u017cnika (w obr\u0119bie jednego modelu) na przyk\u0142ad w ilo\u015bci rowk\u00f3w obwodowych lub rozmieszczeniu blok\u00f3w bie\u017cnika, co nie stanowi wady produktu.<\/p>\n<p style=\"margin: 15px 0; line-height: 1.8; clear: both; display: block; width: 100%; float: none; position: static;\">Je\u017celi otrzymane przez Ciebie opony nie spe\u0142niaj\u0105 Twoich oczekiwa\u0144 masz mo\u017cliwo\u015b\u0107 zwrotu lub wymiany nieu\u017cywanego (niemontowanego) ogumienia.<\/p>\n<\/div>\n<\/div>\n<\/div>\n<div style=\"clear: both; display: block; margin: 10px 0;\">\n<div style=\"clear: both; display: block; margin: 10px 0;\">\n<div style=\"clear: both; display: block; margin: 10px 0;\">\n<div  style=\"max-width:720px;max-height:224px\">\n<div style=\"clear: both; display: block; margin: 10px 0;\">\n<div style=\"clear: both; width: 100%; display: block; margin: 20px 0; padding: 0; float: none; position: static; text-align: center;\"><img decoding=\"async\"  src=\"https:\/\/a.allegroimg.com\/original\/1132ff\/d3445e8a466498cc017cdcf0ad67\/2x-KORMORAN-175-70R14-84T-All-Season-caloroczne-2025-r-Szerokosc-opony-175-mm\" srcset=\"https:\/\/a.allegroimg.com\/original\/1132ff\/d3445e8a466498cc017cdcf0ad67\/2x-KORMORAN-175-70R14-84T-All-Season-caloroczne-2025-r-Szerokosc-opony-175-mm 360w,https:\/\/a.allegroimg.com\/original\/1132ff\/d3445e8a466498cc017cdcf0ad67\/2x-KORMORAN-175-70R14-84T-All-Season-caloroczne-2025-r-Szerokosc-opony-175-mm 720w,https:\/\/a.allegroimg.com\/original\/1132ff\/d3445e8a466498cc017cdcf0ad67\/2x-KORMORAN-175-70R14-84T-All-Season-caloroczne-2025-r-Szerokosc-opony-175-mm 720w\" sizes=\"(min-width: 1200px) 560px, (min-width: 992px) 50vw, 100vw\" width=\"720px\" alt=\"2x KORMORAN 175\/70R14 84T All Season ca\u0142oroczne 2025 r Szeroko\u015b\u0107 opony 175 mm\"\/ style=\"max-width: 100%; height: auto; display: block; margin: 0 auto;\"><\/div>\n<\/div>\n<\/div>\n<\/div>\n<\/div>\n<div style=\"clear: both; display: block; margin: 10px 0;\">\n<div style=\"clear: both; display: block; margin: 10px 0;\">\n<h1>Kormoran<\/h1>\n<p style=\"margin: 15px 0; line-height: 1.8; clear: both; display: block; width: 100%; float: none; position: static;\">Firma Kormoran ju\u017c od kilkunastu lat zajmuje siln\u0105 pozycj\u0119 na rynku r\u00f3\u017cnego rodzaju ogumienia samochodowego, poczynaj\u0105c od opon do motocykli, poprzez opony do samochod\u00f3w osobowych, ci\u0119\u017carowych, ci\u0105gnik\u00f3w, a na oponach do specjalistycznych maszyn budowlanych ko\u0144cz\u0105c<\/p>\n<\/div>\n<\/div>\n<\/div>\n<\/div>\n<\/div>\n<\/div>\n<div style=\"clear: both; display: block; margin: 10px 0;\">\n","protected":false},"excerpt":{"rendered":"<p>Rok produkcji: 2025<\/p>\n<p>KORMORAN All Season 175\/70R14 84T<\/p>\n<p>G0UM66<\/p>\n<p>Data produkcji : 2025<\/p>\n<p>Indeks : 175\/70R14 COKO 84T AS, 175\/70R14 COKO 84T AS<\/p>\n<p>Indeks no\u015bno\u015bci : 84<\/p>\n<p>Indeks pr\u0119dko\u015bci : T &#8211; 190 km\/h<\/p>\n<p>Karta informacyjna produktu : https:\/\/eprel.ec.europa.eu\/qr\/992949<\/p>\n","protected":false},"featured_media":10855,"template":"","meta":{"_uag_custom_page_level_css":""},"product_brand":[382],"product_cat":[416,414,413,412],"product_tag":[],"class_list":{"0":"post-10853","1":"product","2":"type-product","3":"status-publish","4":"has-post-thumbnail","6":"product_brand-kormoran","7":"product_cat-caloroczne","8":"product_cat-do-samochodow-osobowych-i-suv","9":"product_cat-opony","10":"product_cat-opony-i-felgi","12":"first","13":"instock","14":"sale","15":"shipping-taxable","16":"purchasable","17":"product-type-simple"},"uagb_featured_image_src":{"full":["https:\/\/oponexa.shop\/tire\/wp-content\/uploads\/2025\/12\/allegro-image-10853.jpg",1200,1126,false],"thumbnail":["https:\/\/oponexa.shop\/tire\/wp-content\/uploads\/2025\/12\/allegro-image-10853-150x150.jpg",150,150,true],"medium":["https:\/\/oponexa.shop\/tire\/wp-content\/uploads\/2025\/12\/allegro-image-10853-300x282.jpg",300,282,true],"medium_large":["https:\/\/oponexa.shop\/tire\/wp-content\/uploads\/2025\/12\/allegro-image-10853-768x721.jpg",768,721,true],"large":["https:\/\/oponexa.shop\/tire\/wp-content\/uploads\/2025\/12\/allegro-image-10853-1024x961.jpg",1024,961,true],"1536x1536":["https:\/\/oponexa.shop\/tire\/wp-content\/uploads\/2025\/12\/allegro-image-10853.jpg",1200,1126,false],"2048x2048":["https:\/\/oponexa.shop\/tire\/wp-content\/uploads\/2025\/12\/allegro-image-10853.jpg",1200,1126,false],"woocommerce_thumbnail":["https:\/\/oponexa.shop\/tire\/wp-content\/uploads\/2025\/12\/allegro-image-10853-300x300.jpg",300,300,true],"woocommerce_single":["https:\/\/oponexa.shop\/tire\/wp-content\/uploads\/2025\/12\/allegro-image-10853-600x563.jpg",600,563,true],"woocommerce_gallery_thumbnail":["https:\/\/oponexa.shop\/tire\/wp-content\/uploads\/2025\/12\/allegro-image-10853-100x100.jpg",100,100,true]},"uagb_author_info":{"display_name":"admin","author_link":"https:\/\/oponexa.shop\/tire\/author\/"},"uagb_comment_info":0,"uagb_excerpt":"Rok produkcji: 2025 KORMORAN All Season 175\/70R14 84T G0UM66 Data produkcji : 2025 Indeks : 175\/70R14 COKO 84T AS, 175\/70R14 COKO 84T AS Indeks no\u015bno\u015bci : 84 Indeks pr\u0119dko\u015bci : T - 190 km\/h Karta informacyjna produktu : https:\/\/eprel.ec.europa.eu\/qr\/992949","_links":{"self":[{"href":"https:\/\/oponexa.shop\/tire\/wp-json\/wp\/v2\/product\/10853","targetHints":{"allow":["GET"]}}],"collection":[{"href":"https:\/\/oponexa.shop\/tire\/wp-json\/wp\/v2\/product"}],"about":[{"href":"https:\/\/oponexa.shop\/tire\/wp-json\/wp\/v2\/types\/product"}],"wp:featuredmedia":[{"embeddable":true,"href":"https:\/\/oponexa.shop\/tire\/wp-json\/wp\/v2\/media\/10855"}],"wp:attachment":[{"href":"https:\/\/oponexa.shop\/tire\/wp-json\/wp\/v2\/media?parent=10853"}],"wp:term":[{"taxonomy":"product_brand","embeddable":true,"href":"https:\/\/oponexa.shop\/tire\/wp-json\/wp\/v2\/product_brand?post=10853"},{"taxonomy":"product_cat","embeddable":true,"href":"https:\/\/oponexa.shop\/tire\/wp-json\/wp\/v2\/product_cat?post=10853"},{"taxonomy":"product_tag","embeddable":true,"href":"https:\/\/oponexa.shop\/tire\/wp-json\/wp\/v2\/product_tag?post=10853"}],"curies":[{"name":"wp","href":"https:\/\/api.w.org\/{rel}","templated":true}]}}