{"id":10752,"date":"2025-12-31T03:31:26","date_gmt":"2025-12-31T03:31:26","guid":{"rendered":"https:\/\/oponyexpert.shop\/xef5\/produkt\/2x-dunlop-255-55r20-110v-winter-sport-5-suv-xl-zimowe-2024-r\/"},"modified":"2025-12-31T03:31:27","modified_gmt":"2025-12-31T03:31:27","slug":"2x-dunlop-255-55r20-110v-winter-sport-5-suv-xl-zimowe-2024-r","status":"publish","type":"product","link":"https:\/\/oponixo.shop\/tire\/produkt\/2x-dunlop-255-55r20-110v-winter-sport-5-suv-xl-zimowe-2024-r\/","title":{"rendered":"2x DUNLOP 255\/55R20 110V Winter Sport 5 SUV XL zimowe 2024 r"},"content":{"rendered":"<div style=\"font-family: Arial, sans-serif; line-height: 1.6; color: #333; padding: 20px; clear: both; display: block; width: 100%; float: none; position: static; overflow: hidden;\">\n<div style=\"clear: both; display: block; margin: 10px 0;\">\n<div style=\"clear: both; display: block; margin: 10px 0;\">\n<div style=\"clear: both; display: block; margin: 10px 0;\">\n<h1>Rok produkcji: 2024<\/h1>\n<\/div>\n<\/div>\n<\/div>\n<div style=\"clear: both; display: block; margin: 10px 0;\">\n<div style=\"clear: both; display: block; margin: 10px 0;\">\n<div style=\"clear: both; display: block; margin: 10px 0;\">\n<div  style=\"max-width:1200px;max-height:1126px\">\n<div style=\"clear: both; display: block; margin: 10px 0;\">\n<div style=\"clear: both; width: 100%; display: block; margin: 20px 0; padding: 0; float: none; position: static; text-align: center;\"><img decoding=\"async\"  src=\"https:\/\/a.allegroimg.com\/original\/11c65f\/ae56838a49a79066391d07b6ce96\/2x-DUNLOP-255-55R20-110V-Winter-Sport-5-SUV-XL-zimowe-2024-r\" srcset=\"https:\/\/a.allegroimg.com\/original\/11c65f\/ae56838a49a79066391d07b6ce96\/2x-DUNLOP-255-55R20-110V-Winter-Sport-5-SUV-XL-zimowe-2024-r 360w,https:\/\/a.allegroimg.com\/original\/11c65f\/ae56838a49a79066391d07b6ce96\/2x-DUNLOP-255-55R20-110V-Winter-Sport-5-SUV-XL-zimowe-2024-r 720w,https:\/\/a.allegroimg.com\/original\/11c65f\/ae56838a49a79066391d07b6ce96\/2x-DUNLOP-255-55R20-110V-Winter-Sport-5-SUV-XL-zimowe-2024-r 1024w,https:\/\/a.allegroimg.com\/original\/11c65f\/ae56838a49a79066391d07b6ce96\/2x-DUNLOP-255-55R20-110V-Winter-Sport-5-SUV-XL-zimowe-2024-r 1200w,https:\/\/a.allegroimg.com\/original\/11c65f\/ae56838a49a79066391d07b6ce96\/2x-DUNLOP-255-55R20-110V-Winter-Sport-5-SUV-XL-zimowe-2024-r 1200w\" sizes=\"(min-width: 1200px) 560px, (min-width: 992px) 50vw, 100vw\" width=\"1200px\" alt=\"2x DUNLOP 255\/55R20 110V Winter Sport 5 SUV XL zimowe 2024 r\"\/ style=\"max-width: 100%; height: auto; display: block; margin: 0 auto;\"><\/div>\n<\/div>\n<\/div>\n<\/div>\n<\/div>\n<div style=\"clear: both; display: block; margin: 10px 0;\">\n<div style=\"clear: both; display: block; margin: 10px 0;\">\n<h1>DUNLOP Winter Sport 5 SUV 255\/55R20 110V XL<\/h1>\n<h2>G15YBF<\/h2>\n<ul style=\"margin: 15px 0; padding-left: 20px; clear: both; display: block; width: 100%; float: none; position: static;\">\n<li style=\"margin: 5px 0; padding: 2px 0; clear: both; display: list-item; float: none; position: static;\"><b>Data produkcji :<\/b> 2024<\/li>\n<li style=\"margin: 5px 0; padding: 2px 0; clear: both; display: list-item; float: none; position: static;\"><b>Indeks :<\/b> 255\/55R20 ZTDU 110V WS5<\/li>\n<li style=\"margin: 5px 0; padding: 2px 0; clear: both; display: list-item; float: none; position: static;\"><b>Indeks no\u015bno\u015bci :<\/b> 110<\/li>\n<li style=\"margin: 5px 0; padding: 2px 0; clear: both; display: list-item; float: none; position: static;\"><b>Indeks pr\u0119dko\u015bci :<\/b> V &#8211; 240 km\/h<\/li>\n<li style=\"margin: 5px 0; padding: 2px 0; clear: both; display: list-item; float: none; position: static;\"><b>Karta informacyjna produktu :<\/b> https:\/\/eprel.ec.europa.eu\/qr\/1556808<\/li>\n<li style=\"margin: 5px 0; padding: 2px 0; clear: both; display: list-item; float: none; position: static;\"><b>Kl. efekt. paliwowej :<\/b> C<\/li>\n<li style=\"margin: 5px 0; padding: 2px 0; clear: both; display: list-item; float: none; position: static;\"><b>Kl. przycz. na mokrej naw. :<\/b> B<\/li>\n<li style=\"margin: 5px 0; padding: 2px 0; clear: both; display: list-item; float: none; position: static;\"><b>Kl. zew. ha\u0142asu tocz. :<\/b> B<\/li>\n<li style=\"margin: 5px 0; padding: 2px 0; clear: both; display: list-item; float: none; position: static;\"><b>Klasa opony :<\/b> premium<\/li>\n<li style=\"margin: 5px 0; padding: 2px 0; clear: both; display: list-item; float: none; position: static;\"><b>Kod EAN :<\/b> 4038526389053<\/li>\n<li style=\"margin: 5px 0; padding: 2px 0; clear: both; display: list-item; float: none; position: static;\"><b>Kod producenta :<\/b> 593502<\/li>\n<li style=\"margin: 5px 0; padding: 2px 0; clear: both; display: list-item; float: none; position: static;\"><b>Model bie\u017cnika :<\/b> Winter Sport 5 SUV<\/li>\n<li style=\"margin: 5px 0; padding: 2px 0; clear: both; display: list-item; float: none; position: static;\"><b>Nazwa produktu :<\/b> DUNLOP 255\/55R20 110V Winter Sport 5 SUV XL zimowe<\/li>\n<li style=\"margin: 5px 0; padding: 2px 0; clear: both; display: list-item; float: none; position: static;\"><b>No\u015bno\u015b\u0107 opony :<\/b> XL<\/li>\n<li style=\"margin: 5px 0; padding: 2px 0; clear: both; display: list-item; float: none; position: static;\"><b>opona na dedykowan\u0105 o\u015b :<\/b> Prz\u00f3d\/Ty\u0142<\/li>\n<li style=\"margin: 5px 0; padding: 2px 0; clear: both; display: list-item; float: none; position: static;\"><b>Producent :<\/b> DUNLOP<\/li>\n<li style=\"margin: 5px 0; padding: 2px 0; clear: both; display: list-item; float: none; position: static;\"><b>Profil :<\/b> 55<\/li>\n<li style=\"margin: 5px 0; padding: 2px 0; clear: both; display: list-item; float: none; position: static;\"><b>Przeznaczenie :<\/b> samochody osobowe\/SUV\/4&#215;4<\/li>\n<li style=\"margin: 5px 0; padding: 2px 0; clear: both; display: list-item; float: none; position: static;\"><b>Przyczepno\u015b\u0107 na lodzie :<\/b> Nie<\/li>\n<li style=\"margin: 5px 0; padding: 2px 0; clear: both; display: list-item; float: none; position: static;\"><b>Przyczepno\u015b\u0107 na \u015bniegu :<\/b> Tak<\/li>\n<li style=\"margin: 5px 0; padding: 2px 0; clear: both; display: list-item; float: none; position: static;\"><b>QR kod :<\/b> https:\/\/eprel.ec.europa.eu\/qr\/1556808<\/li>\n<li style=\"margin: 5px 0; padding: 2px 0; clear: both; display: list-item; float: none; position: static;\"><b>Sezon :<\/b> zimowa<\/li>\n<li style=\"margin: 5px 0; padding: 2px 0; clear: both; display: list-item; float: none; position: static;\"><b>\u015arednica :<\/b> 20&#8243;<\/li>\n<li style=\"margin: 5px 0; padding: 2px 0; clear: both; display: list-item; float: none; position: static;\"><b>Szeroko\u015b\u0107 :<\/b> 255<\/li>\n<li style=\"margin: 5px 0; padding: 2px 0; clear: both; display: list-item; float: none; position: static;\"><b>Wart. pom. i kl. zew. ha\u0142asu tocz. [dB] :<\/b> 72<\/li>\n<\/ul>\n<\/div>\n<\/div>\n<\/div>\n<div style=\"clear: both; display: block; margin: 10px 0;\">\n<div style=\"clear: both; display: block; margin: 10px 0;\">\n<div style=\"clear: both; display: block; margin: 10px 0;\">\n<p style=\"margin: 15px 0; line-height: 1.8; clear: both; display: block; width: 100%; float: none; position: static;\"> Opona zimowa DUNLOP Winter Sport 5 SUV nale\u017cy do kategorii opon najlepszej jako\u015bci. Zaprojektowana specjalnie dla samochod\u00f3w osobowych typu SUV, w kt\u00f3rej zastosowano szereg technologii maj\u0105ce znacz\u0105cy wp\u0142yw na wybitne parametry opony. Model ten gwarantuje doskona\u0142\u0105 przyczepno\u015b\u0107 w warunkach zimowych i chroni przed po\u015blizgami hydrodynamicznymi. Posiada oznaczenie 3PMSF (symbol trzech szczyt\u00f3w g\u00f3rskich i p\u0142atka \u015bniegu) potwierdzaj\u0105ce spe\u0142nienie europejskich wymaga\u0144 dla opon zimowych. &amp;bull; Kierunkowy wz\u00f3r bie\u017cnika szybko odprowadza wod\u0119 spod powierzchni opony. Rozbudowana sie\u0107 rowk\u00f3w i kanalik\u00f3w powoduje, \u017ce opona bardzo dobrze &#8222;wgryza si\u0119&#8221; w \u015bnieg, poprawiaj\u0105c przyczepno\u015b\u0107 i w\u0142a\u015bciwo\u015bci trakcyjne. &amp;bull; W bie\u017cniku wykorzystano konstrukcj\u0119 bie\u017cnika wielok\u0105towego (Multi Radius Tread), kt\u00f3ra ma za zadanie r\u00f3wnomiernie rozk\u0142ada\u0107 ci\u015bnienie na ca\u0142ej powierzchni styku opony z nawierzchni\u0105. Wp\u0142ywa to na lepsz\u0105 kontrol\u0119 i wi\u0119ksz\u0105 precyzj\u0119 w pokonywaniu zakr\u0119t\u00f3w na suchej i mokrej drodze. &amp;bull; W modelu DUNLOP Winter Sport 5 SUV zastosowano bezszwow\u0105 opask\u0119 nylonow\u0105, kt\u00f3ra ogranicza wyst\u0105pienie zniekszta\u0142ce\u0144 na obwodzie opony przy du\u017cych pr\u0119dko\u015bciach, co wp\u0142ywa na stabilno\u015b\u0107 jazdy przy du\u017cej pr\u0119dko\u015bci oraz powolne i r\u00f3wnomierne zu\u017cycie opony. &amp;bull; Specjalny system osadzania obr\u0119czy wzmacnia po\u0142\u0105czenie opony z felg\u0105 i prowadzi do zwi\u0119kszenia precyzji kierowania pojazdem. &amp;bull; Mieszanka gumowa zosta\u0142a zapo\u017cyczona z zimowych opon sportowych, gwarantuje tym samym wysokie osi\u0105gi na mokrych nawierzchniach w niskich temperaturach. Parametry mieszanki wp\u0142ywaj\u0105 na kr\u00f3tsz\u0105 drog\u0119 hamowania oraz ni\u017cszy stopie\u0144 zu\u017cycia opony. &amp;bull; L\u017cejsza konstrukcja opony przyczynia si\u0119 do zmniejszenia oporu toczenia a tym samym na mniejsze zu\u017cycie paliwa.<\/p>\n<\/div>\n<\/div>\n<div style=\"clear: both; display: block; margin: 10px 0;\">\n<div style=\"clear: both; display: block; margin: 10px 0;\">\n<div  style=\"max-width:886px;max-height:1299px\">\n<div style=\"clear: both; display: block; margin: 10px 0;\">\n<div style=\"clear: both; width: 100%; display: block; margin: 20px 0; padding: 0; float: none; position: static; text-align: center;\"><img decoding=\"async\"  src=\"https:\/\/a.allegroimg.com\/original\/115d31\/fc705187407c974c91f11bcec997\/2x-DUNLOP-255-55R20-110V-Winter-Sport-5-SUV-XL-zimowe-2024-r-Marka-Dunlop\" srcset=\"https:\/\/a.allegroimg.com\/original\/115d31\/fc705187407c974c91f11bcec997\/2x-DUNLOP-255-55R20-110V-Winter-Sport-5-SUV-XL-zimowe-2024-r-Marka-Dunlop 245w,https:\/\/a.allegroimg.com\/original\/115d31\/fc705187407c974c91f11bcec997\/2x-DUNLOP-255-55R20-110V-Winter-Sport-5-SUV-XL-zimowe-2024-r-Marka-Dunlop 491w,https:\/\/a.allegroimg.com\/original\/115d31\/fc705187407c974c91f11bcec997\/2x-DUNLOP-255-55R20-110V-Winter-Sport-5-SUV-XL-zimowe-2024-r-Marka-Dunlop 698w,https:\/\/a.allegroimg.com\/original\/115d31\/fc705187407c974c91f11bcec997\/2x-DUNLOP-255-55R20-110V-Winter-Sport-5-SUV-XL-zimowe-2024-r-Marka-Dunlop 886w,https:\/\/a.allegroimg.com\/original\/115d31\/fc705187407c974c91f11bcec997\/2x-DUNLOP-255-55R20-110V-Winter-Sport-5-SUV-XL-zimowe-2024-r-Marka-Dunlop 886w\" sizes=\"(min-width: 1200px) 560px, (min-width: 992px) 50vw, 100vw\" width=\"886px\" alt=\"2x DUNLOP 255\/55R20 110V Winter Sport 5 SUV XL zimowe 2024 r Marka Dunlop\"\/ style=\"max-width: 100%; height: auto; display: block; margin: 0 auto;\"><\/div>\n<\/div>\n<\/div>\n<\/div>\n<\/div>\n<\/div>\n<div style=\"clear: both; display: block; margin: 10px 0;\">\n<div style=\"clear: both; display: block; margin: 10px 0;\">\n<div style=\"clear: both; display: block; margin: 10px 0;\">\n<p style=\"margin: 15px 0; line-height: 1.8; clear: both; display: block; width: 100%; float: none; position: static;\">Wychodz\u0105c naprzeciw oczekiwaniom Klient\u00f3w i chc\u0105c spe\u0142nia\u0107 jak najwy\u017csze standardy obs\u0142ugi dok\u0142adamy wszelkich stara\u0144, aby podawa\u0107 precyzyjn\u0105 dat\u0119 produkcji opony (DOT). Niestety, w wyj\u0105tkowych przypadkach, mo\u017ce zdarzy\u0107 si\u0119, \u017ce opony, kt\u00f3re wy\u015blemy b\u0119d\u0105 mia\u0142y inn\u0105 dat\u0119 produkcji ni\u017c podana. Sytuacja mo\u017ce dotyczy\u0107 zar\u00f3wno opon z DOT-em wcze\u015bniejszym jak i p\u00f3\u017aniejszym. Chcieliby\u015bmy podkre\u015bli\u0107, \u017ce warunki przechowywania opon w naszych magazynach spe\u0142niaj\u0105 Polsk\u0105 Norm\u0119 PN-C-94300-7 dzi\u0119ki czemu nawet opona przechowywana 24 miesi\u0105ce ma parametry takie same jak opona z bie\u017c\u0105cego roku. Warto pami\u0119ta\u0107 tak\u017ce o fakcie, \u017ce w przypadku wielu rozmiar\u00f3w i producent\u00f3w plany produkcyjne fabryk uniemo\u017cliwiaj\u0105 zakup opony z bie\u017c\u0105cego roku.<\/p>\n<p style=\"margin: 15px 0; line-height: 1.8; clear: both; display: block; width: 100%; float: none; position: static;\">Przy zakupie opon pami\u0119taj o sprawdzeniu w instrukcji samochodu lub na w\u0142a\u015bciwej stronie internetowej, jakie ogumienie zaleca producent Twojego auta. \u0179le dobrane opony mog\u0105 negatywnie wp\u0142yn\u0105\u0107 na poziom Twojego bezpiecze\u0144stwa. Kupuj\u0105c opony zwr\u00f3\u0107 uwag\u0119 na rozmiar oraz indeksy no\u015bno\u015bci i pr\u0119dko\u015bci jakie homologowane s\u0105 do Twojego pojazdu.<\/p>\n<p style=\"margin: 15px 0; line-height: 1.8; clear: both; display: block; width: 100%; float: none; position: static;\">Zamieszczone zdj\u0119cia pe\u0142ni\u0105 funkcj\u0119 pogl\u0105dow\u0105. W zale\u017cno\u015bci od szeroko\u015bci opon, mog\u0105 wyst\u0119powa\u0107 niewielkie r\u00f3\u017cnice w wygl\u0105dzie bie\u017cnika (w obr\u0119bie jednego modelu) na przyk\u0142ad w ilo\u015bci rowk\u00f3w obwodowych lub rozmieszczeniu blok\u00f3w bie\u017cnika, co nie stanowi wady produktu.<\/p>\n<p style=\"margin: 15px 0; line-height: 1.8; clear: both; display: block; width: 100%; float: none; position: static;\">Je\u017celi otrzymane przez Ciebie opony nie spe\u0142niaj\u0105 Twoich oczekiwa\u0144 masz mo\u017cliwo\u015b\u0107 zwrotu lub wymiany nieu\u017cywanego (niemontowanego) ogumienia.<\/p>\n<\/div>\n<\/div>\n<\/div>\n<div style=\"clear: both; display: block; margin: 10px 0;\">\n<div style=\"clear: both; display: block; margin: 10px 0;\">\n<div style=\"clear: both; display: block; margin: 10px 0;\">\n<div  style=\"max-width:720px;max-height:140px\">\n<div style=\"clear: both; display: block; margin: 10px 0;\">\n<div style=\"clear: both; width: 100%; display: block; margin: 20px 0; padding: 0; float: none; position: static; text-align: center;\"><img decoding=\"async\"  src=\"https:\/\/a.allegroimg.com\/original\/1192a7\/4ee9db944890a313e55c57e5e279\/2x-DUNLOP-255-55R20-110V-Winter-Sport-5-SUV-XL-zimowe-2024-r-Szerokosc-opony-255-mm\" srcset=\"https:\/\/a.allegroimg.com\/original\/1192a7\/4ee9db944890a313e55c57e5e279\/2x-DUNLOP-255-55R20-110V-Winter-Sport-5-SUV-XL-zimowe-2024-r-Szerokosc-opony-255-mm 360w,https:\/\/a.allegroimg.com\/original\/1192a7\/4ee9db944890a313e55c57e5e279\/2x-DUNLOP-255-55R20-110V-Winter-Sport-5-SUV-XL-zimowe-2024-r-Szerokosc-opony-255-mm 720w,https:\/\/a.allegroimg.com\/original\/1192a7\/4ee9db944890a313e55c57e5e279\/2x-DUNLOP-255-55R20-110V-Winter-Sport-5-SUV-XL-zimowe-2024-r-Szerokosc-opony-255-mm 720w\" sizes=\"(min-width: 1200px) 560px, (min-width: 992px) 50vw, 100vw\" width=\"720px\" alt=\"2x DUNLOP 255\/55R20 110V Winter Sport 5 SUV XL zimowe 2024 r Szeroko\u015b\u0107 opony 255 mm\"\/ style=\"max-width: 100%; height: auto; display: block; margin: 0 auto;\"><\/div>\n<\/div>\n<\/div>\n<\/div>\n<\/div>\n<div style=\"clear: both; display: block; margin: 10px 0;\">\n<div style=\"clear: both; display: block; margin: 10px 0;\">\n<h1>Dunlop<\/h1>\n<p style=\"margin: 15px 0; line-height: 1.8; clear: both; display: block; width: 100%; float: none; position: static;\">Firma Dunlop jest jednym z wiod\u0105cych, \u015bwiatowych producent\u00f3w doskona\u0142ych opon wysokiej i najwy\u017cszej klasy. Standardowe wyposa\u017cenie m.in dla: Alfa Romeo, Audi, AMG, Aston Martin, BMW, Honda, Jaguar, Mercedes-Benz, Mitsubishi, Nissan, Opel\/Vauxhall, Peugeot, Porsche, Renault, Rover, Seat, Skoda, Toyota i Volkswagen<\/p>\n<\/div>\n<\/div>\n<\/div>\n<\/div>\n<\/div>\n<\/div>\n<div style=\"clear: both; display: block; margin: 10px 0;\">\n","protected":false},"excerpt":{"rendered":"<p>Rok produkcji: 2024<\/p>\n<p>DUNLOP Winter Sport 5 SUV 255\/55R20 110V XL<\/p>\n<p>G15YBF<\/p>\n<p>Data produkcji : 2024<\/p>\n<p>Indeks : 255\/55R20 ZTDU 110V WS5<\/p>\n<p>Indeks no\u015bno\u015bci : 110<\/p>\n<p>Indeks pr\u0119dko\u015bci : V &#8211; 240 km\/h<\/p>\n<p>Karta informacyjna produktu : https:\/\/eprel.ec.europa.eu\/qr\/1556808<\/p>\n","protected":false},"featured_media":10754,"template":"","meta":{"_uag_custom_page_level_css":""},"product_brand":[453],"product_cat":[414,413,412,415],"product_tag":[],"class_list":{"0":"post-10752","1":"product","2":"type-product","3":"status-publish","4":"has-post-thumbnail","6":"product_brand-dunlop","7":"product_cat-do-samochodow-osobowych-i-suv","8":"product_cat-opony","9":"product_cat-opony-i-felgi","10":"product_cat-zimowe","12":"first","13":"instock","14":"sale","15":"shipping-taxable","16":"purchasable","17":"product-type-simple"},"uagb_featured_image_src":{"full":["https:\/\/oponixo.shop\/tire\/wp-content\/uploads\/2025\/12\/allegro-image-10752.jpg",1200,1126,false],"thumbnail":["https:\/\/oponixo.shop\/tire\/wp-content\/uploads\/2025\/12\/allegro-image-10752-150x150.jpg",150,150,true],"medium":["https:\/\/oponixo.shop\/tire\/wp-content\/uploads\/2025\/12\/allegro-image-10752-300x282.jpg",300,282,true],"medium_large":["https:\/\/oponixo.shop\/tire\/wp-content\/uploads\/2025\/12\/allegro-image-10752-768x721.jpg",768,721,true],"large":["https:\/\/oponixo.shop\/tire\/wp-content\/uploads\/2025\/12\/allegro-image-10752-1024x961.jpg",1024,961,true],"1536x1536":["https:\/\/oponixo.shop\/tire\/wp-content\/uploads\/2025\/12\/allegro-image-10752.jpg",1200,1126,false],"2048x2048":["https:\/\/oponixo.shop\/tire\/wp-content\/uploads\/2025\/12\/allegro-image-10752.jpg",1200,1126,false],"woocommerce_thumbnail":["https:\/\/oponixo.shop\/tire\/wp-content\/uploads\/2025\/12\/allegro-image-10752-300x300.jpg",300,300,true],"woocommerce_single":["https:\/\/oponixo.shop\/tire\/wp-content\/uploads\/2025\/12\/allegro-image-10752-600x563.jpg",600,563,true],"woocommerce_gallery_thumbnail":["https:\/\/oponixo.shop\/tire\/wp-content\/uploads\/2025\/12\/allegro-image-10752-100x100.jpg",100,100,true]},"uagb_author_info":{"display_name":"admin","author_link":"https:\/\/oponixo.shop\/tire\/author\/"},"uagb_comment_info":0,"uagb_excerpt":"Rok produkcji: 2024 DUNLOP Winter Sport 5 SUV 255\/55R20 110V XL G15YBF Data produkcji : 2024 Indeks : 255\/55R20 ZTDU 110V WS5 Indeks no\u015bno\u015bci : 110 Indeks pr\u0119dko\u015bci : V - 240 km\/h Karta informacyjna produktu : https:\/\/eprel.ec.europa.eu\/qr\/1556808","_links":{"self":[{"href":"https:\/\/oponixo.shop\/tire\/wp-json\/wp\/v2\/product\/10752","targetHints":{"allow":["GET"]}}],"collection":[{"href":"https:\/\/oponixo.shop\/tire\/wp-json\/wp\/v2\/product"}],"about":[{"href":"https:\/\/oponixo.shop\/tire\/wp-json\/wp\/v2\/types\/product"}],"wp:featuredmedia":[{"embeddable":true,"href":"https:\/\/oponixo.shop\/tire\/wp-json\/wp\/v2\/media\/10754"}],"wp:attachment":[{"href":"https:\/\/oponixo.shop\/tire\/wp-json\/wp\/v2\/media?parent=10752"}],"wp:term":[{"taxonomy":"product_brand","embeddable":true,"href":"https:\/\/oponixo.shop\/tire\/wp-json\/wp\/v2\/product_brand?post=10752"},{"taxonomy":"product_cat","embeddable":true,"href":"https:\/\/oponixo.shop\/tire\/wp-json\/wp\/v2\/product_cat?post=10752"},{"taxonomy":"product_tag","embeddable":true,"href":"https:\/\/oponixo.shop\/tire\/wp-json\/wp\/v2\/product_tag?post=10752"}],"curies":[{"name":"wp","href":"https:\/\/api.w.org\/{rel}","templated":true}]}}