{"id":10652,"date":"2025-12-31T03:31:12","date_gmt":"2025-12-31T03:31:12","guid":{"rendered":"https:\/\/oponyexpert.shop\/xef5\/produkt\/2-opony-caloroczne-235-40r18-95y-yokohama-bluearth-4s-aw21\/"},"modified":"2025-12-31T03:31:13","modified_gmt":"2025-12-31T03:31:13","slug":"2-opony-caloroczne-235-40r18-95y-yokohama-bluearth-4s-aw21","status":"publish","type":"product","link":"https:\/\/oponixo.shop\/tire\/produkt\/2-opony-caloroczne-235-40r18-95y-yokohama-bluearth-4s-aw21\/","title":{"rendered":"2 opony ca\u0142oroczne 235\/40R18 95Y YOKOHAMA BluEarth-4S AW21"},"content":{"rendered":"<div style=\"font-family: Arial, sans-serif; line-height: 1.6; color: #333; padding: 20px; clear: both; display: block; width: 100%; float: none; position: static; overflow: hidden;\">\n<div style=\"clear: both; display: block; margin: 10px 0;\">\n<div style=\"clear: both; display: block; margin: 10px 0;\">\n<div style=\"clear: both; display: block; margin: 10px 0;\">\n<ul style=\"margin: 15px 0; padding-left: 20px; clear: both; display: block; width: 100%; float: none; position: static;\">\n<li style=\"margin: 5px 0; padding: 2px 0; clear: both; display: list-item; float: none; position: static;\">MARKA\/MODEL: <b>YOKOHAMA BluEarth-4S AW21<\/b><\/li>\n<li style=\"margin: 5px 0; padding: 2px 0; clear: both; display: list-item; float: none; position: static;\">ROZMIAR OPON: <b> 235\/40R18<\/b><\/li>\n<li style=\"margin: 5px 0; padding: 2px 0; clear: both; display: list-item; float: none; position: static;\">INDEKS PR\u0118DKO\u015aCI: <b>Y<\/b><\/li>\n<li style=\"margin: 5px 0; padding: 2px 0; clear: both; display: list-item; float: none; position: static;\">INDEKS NO\u015aNO\u015aCI: <b>95 XL<\/b><\/li>\n<li style=\"margin: 5px 0; padding: 2px 0; clear: both; display: list-item; float: none; position: static;\">DATA PRODUKCJI: <b>nie starsze ni\u017c listopad 2024<\/b><\/li>\n<li style=\"margin: 5px 0; padding: 2px 0; clear: both; display: list-item; float: none; position: static;\">SEZON: <b>Ca\u0142oroczne<\/b><\/li>\n<li style=\"margin: 5px 0; padding: 2px 0; clear: both; display: list-item; float: none; position: static;\">STAN: <b>Nowy<\/b><\/li>\n<li style=\"margin: 5px 0; padding: 2px 0; clear: both; display: list-item; float: none; position: static;\">RANT OCHRONNY NA FELG\u0118: <b>TAK<\/b><\/li>\n<li style=\"margin: 5px 0; padding: 2px 0; clear: both; display: list-item; float: none; position: static;\">DODATKOWE OZNACZENIA: <\/li>\n<\/ul>\n<\/div>\n<\/div>\n<div style=\"clear: both; display: block; margin: 10px 0;\">\n<div style=\"clear: both; display: block; margin: 10px 0;\">\n<div  style=\"max-width:657px;max-height:1094px\">\n<div style=\"clear: both; display: block; margin: 10px 0;\">\n<div style=\"clear: both; width: 100%; display: block; margin: 20px 0; padding: 0; float: none; position: static; text-align: center;\"><img decoding=\"async\"  src=\"https:\/\/a.allegroimg.com\/original\/116496\/e5b8e9da454bb8f7dbfffd0d3c81\/2-opony-caloroczne-235-40R18-95Y-YOKOHAMA-BluEarth-4S-AW21-Liczba-opon-w-ofercie-2-szt\" srcset=\"https:\/\/a.allegroimg.com\/original\/116496\/e5b8e9da454bb8f7dbfffd0d3c81\/2-opony-caloroczne-235-40R18-95Y-YOKOHAMA-BluEarth-4S-AW21-Liczba-opon-w-ofercie-2-szt 216w,https:\/\/a.allegroimg.com\/original\/116496\/e5b8e9da454bb8f7dbfffd0d3c81\/2-opony-caloroczne-235-40R18-95Y-YOKOHAMA-BluEarth-4S-AW21-Liczba-opon-w-ofercie-2-szt 432w,https:\/\/a.allegroimg.com\/original\/116496\/e5b8e9da454bb8f7dbfffd0d3c81\/2-opony-caloroczne-235-40R18-95Y-YOKOHAMA-BluEarth-4S-AW21-Liczba-opon-w-ofercie-2-szt 614w,https:\/\/a.allegroimg.com\/original\/116496\/e5b8e9da454bb8f7dbfffd0d3c81\/2-opony-caloroczne-235-40R18-95Y-YOKOHAMA-BluEarth-4S-AW21-Liczba-opon-w-ofercie-2-szt 657w,https:\/\/a.allegroimg.com\/original\/116496\/e5b8e9da454bb8f7dbfffd0d3c81\/2-opony-caloroczne-235-40R18-95Y-YOKOHAMA-BluEarth-4S-AW21-Liczba-opon-w-ofercie-2-szt 657w\" sizes=\"(min-width: 1200px) 560px, (min-width: 992px) 50vw, 100vw\" width=\"657px\" alt=\"2 opony ca\u0142oroczne 235\/40R18 95Y YOKOHAMA BluEarth-4S AW21 Liczba opon w ofercie 2 szt.\"\/ style=\"max-width: 100%; height: auto; display: block; margin: 0 auto;\"><\/div>\n<\/div>\n<\/div>\n<\/div>\n<\/div>\n<\/div>\n<div style=\"clear: both; display: block; margin: 10px 0;\">\n<div style=\"clear: both; display: block; margin: 10px 0;\">\n<div style=\"clear: both; display: block; margin: 10px 0;\">\n<div  style=\"max-width:213px;max-height:312px\">\n<div style=\"clear: both; display: block; margin: 10px 0;\">\n<div style=\"clear: both; width: 100%; display: block; margin: 20px 0; padding: 0; float: none; position: static; text-align: center;\"><img decoding=\"async\"  src=\"https:\/\/a.allegroimg.com\/original\/117319\/c82adb034707a8645e1cdd1952e3\/2-opony-caloroczne-235-40R18-95Y-YOKOHAMA-BluEarth-4S-AW21-Rok-produkcji-2024\" srcset=\"https:\/\/a.allegroimg.com\/original\/117319\/c82adb034707a8645e1cdd1952e3\/2-opony-caloroczne-235-40R18-95Y-YOKOHAMA-BluEarth-4S-AW21-Rok-produkcji-2024 213w,https:\/\/a.allegroimg.com\/original\/117319\/c82adb034707a8645e1cdd1952e3\/2-opony-caloroczne-235-40R18-95Y-YOKOHAMA-BluEarth-4S-AW21-Rok-produkcji-2024 213w\" sizes=\"100vw\" width=\"213px\" alt=\"2 opony ca\u0142oroczne 235\/40R18 95Y YOKOHAMA BluEarth-4S AW21 Rok produkcji 2024\"\/ style=\"max-width: 100%; height: auto; display: block; margin: 0 auto;\"><\/div>\n<\/div>\n<\/div>\n<\/div>\n<\/div>\n<\/div>\n<div style=\"clear: both; display: block; margin: 10px 0;\">\n<div style=\"clear: both; display: block; margin: 10px 0;\">\n<div style=\"clear: both; display: block; margin: 10px 0;\">\n<div  style=\"max-width:987px;max-height:298px\">\n<div style=\"clear: both; display: block; margin: 10px 0;\">\n<div style=\"clear: both; width: 100%; display: block; margin: 20px 0; padding: 0; float: none; position: static; text-align: center;\"><img decoding=\"async\"  src=\"https:\/\/a.allegroimg.com\/original\/11f25d\/ef772a0f4e279a02116a5c17507f\/2-opony-caloroczne-235-40R18-95Y-YOKOHAMA-BluEarth-4S-AW21-Profil-opony-40\" srcset=\"https:\/\/a.allegroimg.com\/original\/11f25d\/ef772a0f4e279a02116a5c17507f\/2-opony-caloroczne-235-40R18-95Y-YOKOHAMA-BluEarth-4S-AW21-Profil-opony-40 360w,https:\/\/a.allegroimg.com\/original\/11f25d\/ef772a0f4e279a02116a5c17507f\/2-opony-caloroczne-235-40R18-95Y-YOKOHAMA-BluEarth-4S-AW21-Profil-opony-40 720w,https:\/\/a.allegroimg.com\/original\/11f25d\/ef772a0f4e279a02116a5c17507f\/2-opony-caloroczne-235-40R18-95Y-YOKOHAMA-BluEarth-4S-AW21-Profil-opony-40 987w,https:\/\/a.allegroimg.com\/original\/11f25d\/ef772a0f4e279a02116a5c17507f\/2-opony-caloroczne-235-40R18-95Y-YOKOHAMA-BluEarth-4S-AW21-Profil-opony-40 987w\" sizes=\"(min-width: 1200px) 560px, (min-width: 992px) 50vw, 100vw\" width=\"987px\" alt=\"2 opony ca\u0142oroczne 235\/40R18 95Y YOKOHAMA BluEarth-4S AW21 Profil opony 40\"\/ style=\"max-width: 100%; height: auto; display: block; margin: 0 auto;\"><\/div>\n<\/div>\n<\/div>\n<\/div>\n<\/div>\n<div style=\"clear: both; display: block; margin: 10px 0;\">\n<div style=\"clear: both; display: block; margin: 10px 0;\">\n<p style=\"margin: 15px 0; line-height: 1.8; clear: both; display: block; width: 100%; float: none; position: static;\"><b>Yokohama Rubber Co<\/b>. jest si\u00f3dmym pod wzgl\u0119dem wielko\u015bci producentem opon na \u015bwiecie. Za\u0142o\u017cony w 1917 r. japo\u0144ski koncern produkuje opony do samochod\u00f3w osobowych, terenowych, sportowych, dostawczych, ci\u0119\u017carowych, autobus\u00f3w, maszyn budowlanych i przemys\u0142owych oraz do samolot\u00f3w. Opony produkowane s\u0105 w 13 fabrykach, w 7 krajach. Yokohama szczeg\u00f3ln\u0105 rol\u0119 k\u0142adzie na rozw\u00f3j i badania, zatrudniaj\u0105c oko\u0142o 1000 os\u00f3b w Centrach Badawczo Rozwojowych i wydaj\u0105c na ten cel ponad 100 mln dolar\u00f3w rocznie. Opony Yokohama plasuj\u0105 si\u0119 w segmencie premium i s\u0105 szczeg\u00f3lnie doceniane przez u\u017cytkownik\u00f3w samochod\u00f3w sportowych, wysokich osi\u0105g\u00f3w a zaspokojenie ich potrzeb jest r\u00f3wnie\u017c strategi\u0105 produkcyjn\u0105 koncernu.<\/p>\n<\/div>\n<\/div>\n<\/div>\n<div style=\"clear: both; display: block; margin: 10px 0;\">\n<div style=\"clear: both; display: block; margin: 10px 0;\">\n<div style=\"clear: both; display: block; margin: 10px 0;\">\n<div  style=\"max-width:571px;max-height:1132px\">\n<div style=\"clear: both; display: block; margin: 10px 0;\">\n<div style=\"clear: both; width: 100%; display: block; margin: 20px 0; padding: 0; float: none; position: static; text-align: center;\"><img decoding=\"async\"  src=\"https:\/\/a.allegroimg.com\/original\/11e544\/70307f654d9ea44a812d177deebf\/2-opony-caloroczne-235-40R18-95Y-YOKOHAMA-BluEarth-4S-AW21-Szerokosc-opony-235-mm\" srcset=\"https:\/\/a.allegroimg.com\/original\/11e544\/70307f654d9ea44a812d177deebf\/2-opony-caloroczne-235-40R18-95Y-YOKOHAMA-BluEarth-4S-AW21-Szerokosc-opony-235-mm 181w,https:\/\/a.allegroimg.com\/original\/11e544\/70307f654d9ea44a812d177deebf\/2-opony-caloroczne-235-40R18-95Y-YOKOHAMA-BluEarth-4S-AW21-Szerokosc-opony-235-mm 363w,https:\/\/a.allegroimg.com\/original\/11e544\/70307f654d9ea44a812d177deebf\/2-opony-caloroczne-235-40R18-95Y-YOKOHAMA-BluEarth-4S-AW21-Szerokosc-opony-235-mm 516w,https:\/\/a.allegroimg.com\/original\/11e544\/70307f654d9ea44a812d177deebf\/2-opony-caloroczne-235-40R18-95Y-YOKOHAMA-BluEarth-4S-AW21-Szerokosc-opony-235-mm 571w,https:\/\/a.allegroimg.com\/original\/11e544\/70307f654d9ea44a812d177deebf\/2-opony-caloroczne-235-40R18-95Y-YOKOHAMA-BluEarth-4S-AW21-Szerokosc-opony-235-mm 571w\" sizes=\"100vw\" width=\"571px\" alt=\"2 opony ca\u0142oroczne 235\/40R18 95Y YOKOHAMA BluEarth-4S AW21 Szeroko\u015b\u0107 opony 235 mm\"\/ style=\"max-width: 100%; height: auto; display: block; margin: 0 auto;\"><\/div>\n<\/div>\n<\/div>\n<\/div>\n<\/div>\n<\/div>\n<div style=\"clear: both; display: block; margin: 10px 0;\">\n<div style=\"clear: both; display: block; margin: 10px 0;\">\n<div style=\"clear: both; display: block; margin: 10px 0;\">\n<h2>Na naszych innych aukcjach Allegro znajdziesz felgi stalowe i aluminiowe, czujniki (TPMS) oraz \u015bruby i nakr\u0119tki.<\/h2>\n<\/div>\n<\/div>\n<\/div>\n<\/div>\n<\/div>\n<\/div>\n<div style=\"clear: both; display: block; margin: 10px 0;\">\n","protected":false},"excerpt":{"rendered":"<p>MARKA\/MODEL: YOKOHAMA BluEarth-4S AW21<\/p>\n<p>ROZMIAR OPON: 235\/40R18<\/p>\n<p>INDEKS PR\u0118DKO\u015aCI: Y<\/p>\n<p>INDEKS NO\u015aNO\u015aCI: 95 XL<\/p>\n<p>DATA PRODUKCJI: nie starsze ni\u017c listopad 2024<\/p>\n<p>SEZON: Ca\u0142oroczne<\/p>\n<p>STAN: Nowy<\/p>\n<p>RANT OCHRONNY NA FELG\u0118: TAK<\/p>\n","protected":false},"featured_media":10655,"template":"","meta":{"_uag_custom_page_level_css":""},"product_brand":[410],"product_cat":[416,414,413,412],"product_tag":[],"class_list":{"0":"post-10652","1":"product","2":"type-product","3":"status-publish","4":"has-post-thumbnail","6":"product_brand-yokohama","7":"product_cat-caloroczne","8":"product_cat-do-samochodow-osobowych-i-suv","9":"product_cat-opony","10":"product_cat-opony-i-felgi","12":"first","13":"instock","14":"sale","15":"shipping-taxable","16":"purchasable","17":"product-type-simple"},"uagb_featured_image_src":{"full":["https:\/\/oponixo.shop\/tire\/wp-content\/uploads\/2025\/12\/allegro-image-10652.jpg",803,1203,false],"thumbnail":["https:\/\/oponixo.shop\/tire\/wp-content\/uploads\/2025\/12\/allegro-image-10652-150x150.jpg",150,150,true],"medium":["https:\/\/oponixo.shop\/tire\/wp-content\/uploads\/2025\/12\/allegro-image-10652-200x300.jpg",200,300,true],"medium_large":["https:\/\/oponixo.shop\/tire\/wp-content\/uploads\/2025\/12\/allegro-image-10652-768x1151.jpg",768,1151,true],"large":["https:\/\/oponixo.shop\/tire\/wp-content\/uploads\/2025\/12\/allegro-image-10652-684x1024.jpg",684,1024,true],"1536x1536":["https:\/\/oponixo.shop\/tire\/wp-content\/uploads\/2025\/12\/allegro-image-10652.jpg",803,1203,false],"2048x2048":["https:\/\/oponixo.shop\/tire\/wp-content\/uploads\/2025\/12\/allegro-image-10652.jpg",803,1203,false],"woocommerce_thumbnail":["https:\/\/oponixo.shop\/tire\/wp-content\/uploads\/2025\/12\/allegro-image-10652-300x300.jpg",300,300,true],"woocommerce_single":["https:\/\/oponixo.shop\/tire\/wp-content\/uploads\/2025\/12\/allegro-image-10652-600x899.jpg",600,899,true],"woocommerce_gallery_thumbnail":["https:\/\/oponixo.shop\/tire\/wp-content\/uploads\/2025\/12\/allegro-image-10652-100x100.jpg",100,100,true]},"uagb_author_info":{"display_name":"admin","author_link":"https:\/\/oponixo.shop\/tire\/author\/"},"uagb_comment_info":0,"uagb_excerpt":"MARKA\/MODEL: YOKOHAMA BluEarth-4S AW21 ROZMIAR OPON: 235\/40R18 INDEKS PR\u0118DKO\u015aCI: Y INDEKS NO\u015aNO\u015aCI: 95 XL DATA PRODUKCJI: nie starsze ni\u017c listopad 2024 SEZON: Ca\u0142oroczne STAN: Nowy RANT OCHRONNY NA FELG\u0118: TAK","_links":{"self":[{"href":"https:\/\/oponixo.shop\/tire\/wp-json\/wp\/v2\/product\/10652","targetHints":{"allow":["GET"]}}],"collection":[{"href":"https:\/\/oponixo.shop\/tire\/wp-json\/wp\/v2\/product"}],"about":[{"href":"https:\/\/oponixo.shop\/tire\/wp-json\/wp\/v2\/types\/product"}],"wp:featuredmedia":[{"embeddable":true,"href":"https:\/\/oponixo.shop\/tire\/wp-json\/wp\/v2\/media\/10655"}],"wp:attachment":[{"href":"https:\/\/oponixo.shop\/tire\/wp-json\/wp\/v2\/media?parent=10652"}],"wp:term":[{"taxonomy":"product_brand","embeddable":true,"href":"https:\/\/oponixo.shop\/tire\/wp-json\/wp\/v2\/product_brand?post=10652"},{"taxonomy":"product_cat","embeddable":true,"href":"https:\/\/oponixo.shop\/tire\/wp-json\/wp\/v2\/product_cat?post=10652"},{"taxonomy":"product_tag","embeddable":true,"href":"https:\/\/oponixo.shop\/tire\/wp-json\/wp\/v2\/product_tag?post=10652"}],"curies":[{"name":"wp","href":"https:\/\/api.w.org\/{rel}","templated":true}]}}