{"id":10527,"date":"2025-12-31T03:30:40","date_gmt":"2025-12-31T03:30:40","guid":{"rendered":"https:\/\/oponyexpert.shop\/xef5\/produkt\/2x-205-65r15-opony-zimowe-nowe-przyczepnosc-na-sniegu-3pmsf-komplet-99t-xl\/"},"modified":"2025-12-31T03:30:40","modified_gmt":"2025-12-31T03:30:40","slug":"2x-205-65r15-opony-zimowe-nowe-przyczepnosc-na-sniegu-3pmsf-komplet-99t-xl","status":"publish","type":"product","link":"https:\/\/oponixo.shop\/tire\/produkt\/2x-205-65r15-opony-zimowe-nowe-przyczepnosc-na-sniegu-3pmsf-komplet-99t-xl\/","title":{"rendered":"2x 205\/65R15 OPONY ZIMOWE NOWE PRZYCZEPNO\u015a\u0106 NA \u015aNIEGU 3PMSF KOMPLET 99T XL"},"content":{"rendered":"<div style=\"font-family: Arial, sans-serif; line-height: 1.6; color: #333; padding: 20px; clear: both; display: block; width: 100%; float: none; position: static; overflow: hidden;\">\n<div style=\"clear: both; display: block; margin: 10px 0;\">\n<div style=\"clear: both; display: block; margin: 10px 0;\">\n<div style=\"clear: both; display: block; margin: 10px 0;\">\n<h1>2x 205\/65R15 OPONY ZIMOWE NOWE PRZYCZEPNO\u015a\u0106 NA \u015aNIEGU 3PMSF KOMPLET 99T XL<\/h1>\n<\/div>\n<\/div>\n<\/div>\n<div style=\"clear: both; display: block; margin: 10px 0;\">\n<div style=\"clear: both; display: block; margin: 10px 0;\">\n<div style=\"clear: both; display: block; margin: 10px 0;\">\n<div  style=\"max-width:900px;max-height:900px\">\n<div style=\"clear: both; display: block; margin: 10px 0;\">\n<div style=\"clear: both; width: 100%; display: block; margin: 20px 0; padding: 0; float: none; position: static; text-align: center;\"><img decoding=\"async\"  src=\"https:\/\/a.allegroimg.com\/original\/1196ab\/7518525743e7bd95584e9cdbcbb3\/2x-205-65R15-OPONY-ZIMOWE-NOWE-PRZYCZEPNOSC-NA-SNIEGU-3PMSF-KOMPLET-99T-XL\" srcset=\"https:\/\/a.allegroimg.com\/original\/1196ab\/7518525743e7bd95584e9cdbcbb3\/2x-205-65R15-OPONY-ZIMOWE-NOWE-PRZYCZEPNOSC-NA-SNIEGU-3PMSF-KOMPLET-99T-XL 360w,https:\/\/a.allegroimg.com\/original\/1196ab\/7518525743e7bd95584e9cdbcbb3\/2x-205-65R15-OPONY-ZIMOWE-NOWE-PRZYCZEPNOSC-NA-SNIEGU-3PMSF-KOMPLET-99T-XL 720w,https:\/\/a.allegroimg.com\/original\/1196ab\/7518525743e7bd95584e9cdbcbb3\/2x-205-65R15-OPONY-ZIMOWE-NOWE-PRZYCZEPNOSC-NA-SNIEGU-3PMSF-KOMPLET-99T-XL 900w,https:\/\/a.allegroimg.com\/original\/1196ab\/7518525743e7bd95584e9cdbcbb3\/2x-205-65R15-OPONY-ZIMOWE-NOWE-PRZYCZEPNOSC-NA-SNIEGU-3PMSF-KOMPLET-99T-XL 900w\" sizes=\"(min-width: 1200px) 560px, (min-width: 992px) 50vw, 100vw\" width=\"900px\" alt=\"2x 205\/65R15 OPONY ZIMOWE NOWE PRZYCZEPNO\u015a\u0106 NA \u015aNIEGU 3PMSF KOMPLET 99T XL\"\/ style=\"max-width: 100%; height: auto; display: block; margin: 0 auto;\"><\/div>\n<\/div>\n<\/div>\n<\/div>\n<\/div>\n<div style=\"clear: both; display: block; margin: 10px 0;\">\n<div style=\"clear: both; display: block; margin: 10px 0;\">\n<h2>2x 205\/65R15 OPONY ZIMOWE NOWE PRZYCZEPNO\u015a\u0106 NA \u015aNIEGU 3PMSF KOMPLET 99T XL<\/h2>\n<p style=\"margin: 15px 0; line-height: 1.8; clear: both; display: block; width: 100%; float: none; position: static;\">Rozmiar:<b> 205\/65R15<\/b><\/p>\n<p style=\"margin: 15px 0; line-height: 1.8; clear: both; display: block; width: 100%; float: none; position: static;\">Indeks pr\u0119dko\u015bci: <b>T = 190max km\/h<\/b><\/p>\n<p style=\"margin: 15px 0; line-height: 1.8; clear: both; display: block; width: 100%; float: none; position: static;\">Indeks no\u015bno\u015bci:\u00a0<b>99<\/b><\/p>\n<p style=\"margin: 15px 0; line-height: 1.8; clear: both; display: block; width: 100%; float: none; position: static;\">Sezon: <b>zimowe<\/b><\/p>\n<p style=\"margin: 15px 0; line-height: 1.8; clear: both; display: block; width: 100%; float: none; position: static;\">Typ: <b>samochody osobowe<\/b><\/p>\n<p style=\"margin: 15px 0; line-height: 1.8; clear: both; display: block; width: 100%; float: none; position: static;\">Trudne warunki o\u015bnie\u017cania: <b>Tak<\/b><\/p>\n<\/div>\n<\/div>\n<\/div>\n<div style=\"clear: both; display: block; margin: 10px 0;\">\n<div style=\"clear: both; display: block; margin: 10px 0;\">\n<div style=\"clear: both; display: block; margin: 10px 0;\">\n<div  style=\"max-width:612px;max-height:900px\">\n<div style=\"clear: both; display: block; margin: 10px 0;\">\n<div style=\"clear: both; width: 100%; display: block; margin: 20px 0; padding: 0; float: none; position: static; text-align: center;\"><img decoding=\"async\"  src=\"https:\/\/a.allegroimg.com\/original\/11cabb\/2859d3474325b877ed7d6a03199e\/2x-205-65R15-OPONY-ZIMOWE-NOWE-PRZYCZEPNOSC-NA-SNIEGU-3PMSF-KOMPLET-99T-XL-Liczba-opon-w-ofercie-2-szt\" srcset=\"https:\/\/a.allegroimg.com\/original\/11cabb\/2859d3474325b877ed7d6a03199e\/2x-205-65R15-OPONY-ZIMOWE-NOWE-PRZYCZEPNOSC-NA-SNIEGU-3PMSF-KOMPLET-99T-XL-Liczba-opon-w-ofercie-2-szt 244w,https:\/\/a.allegroimg.com\/original\/11cabb\/2859d3474325b877ed7d6a03199e\/2x-205-65R15-OPONY-ZIMOWE-NOWE-PRZYCZEPNOSC-NA-SNIEGU-3PMSF-KOMPLET-99T-XL-Liczba-opon-w-ofercie-2-szt 489w,https:\/\/a.allegroimg.com\/original\/11cabb\/2859d3474325b877ed7d6a03199e\/2x-205-65R15-OPONY-ZIMOWE-NOWE-PRZYCZEPNOSC-NA-SNIEGU-3PMSF-KOMPLET-99T-XL-Liczba-opon-w-ofercie-2-szt 612w,https:\/\/a.allegroimg.com\/original\/11cabb\/2859d3474325b877ed7d6a03199e\/2x-205-65R15-OPONY-ZIMOWE-NOWE-PRZYCZEPNOSC-NA-SNIEGU-3PMSF-KOMPLET-99T-XL-Liczba-opon-w-ofercie-2-szt 612w\" sizes=\"(min-width: 1200px) 560px, (min-width: 992px) 50vw, 100vw\" width=\"612px\" alt=\"2x 205\/65R15 OPONY ZIMOWE NOWE PRZYCZEPNO\u015a\u0106 NA \u015aNIEGU 3PMSF KOMPLET 99T XL Liczba opon w ofercie 2 szt.\"\/ style=\"max-width: 100%; height: auto; display: block; margin: 0 auto;\"><\/div>\n<\/div>\n<\/div>\n<\/div>\n<\/div>\n<div style=\"clear: both; display: block; margin: 10px 0;\">\n<div style=\"clear: both; display: block; margin: 10px 0;\">\n<h2>OPIS OG\u00d3LNY<\/h2>\n<p style=\"margin: 15px 0; line-height: 1.8; clear: both; display: block; width: 100%; float: none; position: static;\">Opona zimowa <b>TRIANGLE SNOWLION TR777 <\/b>zosta\u0142a zaprojektowana z my\u015bl\u0105 o pewnej i bezpiecznej je\u017adzie w trudnych warunkach zimowych.\u00a0<b>Nowoczesny, symetryczny kierunkowy bie\u017cnik<\/b>\u00a0z licznymi lamelami zapewnia doskona\u0142\u0105 przyczepno\u015b\u0107 na \u015bniegu, b\u0142ocie po\u015bniegowym i mokrej nawierzchni. Szerokie rowki odprowadzaj\u0105 wod\u0119 i roztapiaj\u0105cy si\u0119 \u015bnieg, minimalizuj\u0105c ryzyko aquaplaningu.<\/p>\n<h2>ZASTOSOWANIE<\/h2>\n<p style=\"margin: 15px 0; line-height: 1.8; clear: both; display: block; width: 100%; float: none; position: static;\">Idealna dla kierowc\u00f3w poszukuj\u0105cych opon zimowych do <b>samochod\u00f3w osobowych<\/b> i SUV-\u00f3w, kt\u00f3rzy oczekuj\u0105 dobrego prowadzenia na \u015bniegu oraz wysokiego komfortu jazdy w niskich temperaturach. Sprawdza si\u0119 zar\u00f3wno w codziennej eksploatacji miejskiej, jak i na d\u0142u\u017cszych trasach.<\/p>\n<\/div>\n<\/div>\n<\/div>\n<div style=\"clear: both; display: block; margin: 10px 0;\">\n<div style=\"clear: both; display: block; margin: 10px 0;\">\n<div style=\"clear: both; display: block; margin: 10px 0;\">\n<div  style=\"max-width:900px;max-height:900px\">\n<div style=\"clear: both; display: block; margin: 10px 0;\">\n<div style=\"clear: both; width: 100%; display: block; margin: 20px 0; padding: 0; float: none; position: static; text-align: center;\"><img decoding=\"async\"  src=\"https:\/\/a.allegroimg.com\/original\/118b00\/66b8e0614729943a12a0884a653b\/2x-205-65R15-OPONY-ZIMOWE-NOWE-PRZYCZEPNOSC-NA-SNIEGU-3PMSF-KOMPLET-99T-XL-Rok-produkcji-2025\" srcset=\"https:\/\/a.allegroimg.com\/original\/118b00\/66b8e0614729943a12a0884a653b\/2x-205-65R15-OPONY-ZIMOWE-NOWE-PRZYCZEPNOSC-NA-SNIEGU-3PMSF-KOMPLET-99T-XL-Rok-produkcji-2025 360w,https:\/\/a.allegroimg.com\/original\/118b00\/66b8e0614729943a12a0884a653b\/2x-205-65R15-OPONY-ZIMOWE-NOWE-PRZYCZEPNOSC-NA-SNIEGU-3PMSF-KOMPLET-99T-XL-Rok-produkcji-2025 720w,https:\/\/a.allegroimg.com\/original\/118b00\/66b8e0614729943a12a0884a653b\/2x-205-65R15-OPONY-ZIMOWE-NOWE-PRZYCZEPNOSC-NA-SNIEGU-3PMSF-KOMPLET-99T-XL-Rok-produkcji-2025 900w,https:\/\/a.allegroimg.com\/original\/118b00\/66b8e0614729943a12a0884a653b\/2x-205-65R15-OPONY-ZIMOWE-NOWE-PRZYCZEPNOSC-NA-SNIEGU-3PMSF-KOMPLET-99T-XL-Rok-produkcji-2025 900w\" sizes=\"(min-width: 1200px) 560px, (min-width: 992px) 50vw, 100vw\" width=\"900px\" alt=\"2x 205\/65R15 OPONY ZIMOWE NOWE PRZYCZEPNO\u015a\u0106 NA \u015aNIEGU 3PMSF KOMPLET 99T XL Rok produkcji 2025\"\/ style=\"max-width: 100%; height: auto; display: block; margin: 0 auto;\"><\/div>\n<\/div>\n<\/div>\n<\/div>\n<\/div>\n<div style=\"clear: both; display: block; margin: 10px 0;\">\n<div style=\"clear: both; display: block; margin: 10px 0;\">\n<h2>BUDOWA BIE\u017bNIKA<\/h2>\n<ul style=\"margin: 15px 0; padding-left: 20px; clear: both; display: block; width: 100%; float: none; position: static;\">\n<li style=\"margin: 5px 0; padding: 2px 0; clear: both; display: list-item; float: none; position: static;\"><b>Kierunkowy wz\u00f3r symetryczny<\/b>\u00a0\u2013 zwi\u0119ksza przyczepno\u015b\u0107 na \u015bniegu i lodzie.<\/li>\n<li style=\"margin: 5px 0; padding: 2px 0; clear: both; display: list-item; float: none; position: static;\"><b>G\u0119sta sie\u0107 lameli <\/b>\u2013 poprawia trakcj\u0119 oraz skraca drog\u0119 hamowania.<\/li>\n<li style=\"margin: 5px 0; padding: 2px 0; clear: both; display: list-item; float: none; position: static;\"><b>Szerokie rowki obwodowe i poprzeczne<\/b> \u2013 skutecznie odprowadzaj\u0105 b\u0142oto po\u015bniegowe i wod\u0119.<\/li>\n<li style=\"margin: 5px 0; padding: 2px 0; clear: both; display: list-item; float: none; position: static;\"><b>Zoptymalizowana mieszanka gumowa<\/b> \u2013 zachowuje elastyczno\u015b\u0107 nawet przy bardzo niskich temperaturach.<\/li>\n<\/ul>\n<h2>KORZY\u015aCI DLA KIEROWCY<\/h2>\n<ul style=\"margin: 15px 0; padding-left: 20px; clear: both; display: block; width: 100%; float: none; position: static;\">\n<li style=\"margin: 5px 0; padding: 2px 0; clear: both; display: list-item; float: none; position: static;\"><b>pewne ruszanie i hamowanie<\/b> na \u015bniegu,<\/li>\n<li style=\"margin: 5px 0; padding: 2px 0; clear: both; display: list-item; float: none; position: static;\"><b>stabilne prowadzenie<\/b> na mokrej nawierzchni,<\/li>\n<li style=\"margin: 5px 0; padding: 2px 0; clear: both; display: list-item; float: none; position: static;\"><b>mniejsze ryzyko po\u015blizgu<\/b> dzi\u0119ki efektywnemu odprowadzaniu wody,<\/li>\n<li style=\"margin: 5px 0; padding: 2px 0; clear: both; display: list-item; float: none; position: static;\"><b>komfortowa jazda<\/b> na suchych drogach zim\u0105.<\/li>\n<\/ul>\n<\/div>\n<\/div>\n<\/div>\n<div style=\"clear: both; display: block; margin: 10px 0;\">\n<div style=\"clear: both; display: block; margin: 10px 0;\">\n<div style=\"clear: both; display: block; margin: 10px 0;\">\n<div  style=\"max-width:2560px;max-height:2560px\">\n<div style=\"clear: both; display: block; margin: 10px 0;\">\n<div style=\"clear: both; width: 100%; display: block; margin: 20px 0; padding: 0; float: none; position: static; text-align: center;\"><img decoding=\"async\"  src=\"https:\/\/a.allegroimg.com\/original\/111d42\/3b1587ef418e855702ed8acfbe9b\/2x-205-65R15-OPONY-ZIMOWE-NOWE-PRZYCZEPNOSC-NA-SNIEGU-3PMSF-KOMPLET-99T-XL-Marka-Triangle\" srcset=\"https:\/\/a.allegroimg.com\/original\/111d42\/3b1587ef418e855702ed8acfbe9b\/2x-205-65R15-OPONY-ZIMOWE-NOWE-PRZYCZEPNOSC-NA-SNIEGU-3PMSF-KOMPLET-99T-XL-Marka-Triangle 360w,https:\/\/a.allegroimg.com\/original\/111d42\/3b1587ef418e855702ed8acfbe9b\/2x-205-65R15-OPONY-ZIMOWE-NOWE-PRZYCZEPNOSC-NA-SNIEGU-3PMSF-KOMPLET-99T-XL-Marka-Triangle 720w,https:\/\/a.allegroimg.com\/original\/111d42\/3b1587ef418e855702ed8acfbe9b\/2x-205-65R15-OPONY-ZIMOWE-NOWE-PRZYCZEPNOSC-NA-SNIEGU-3PMSF-KOMPLET-99T-XL-Marka-Triangle 1024w,https:\/\/a.allegroimg.com\/original\/111d42\/3b1587ef418e855702ed8acfbe9b\/2x-205-65R15-OPONY-ZIMOWE-NOWE-PRZYCZEPNOSC-NA-SNIEGU-3PMSF-KOMPLET-99T-XL-Marka-Triangle 1440w,https:\/\/a.allegroimg.com\/original\/111d42\/3b1587ef418e855702ed8acfbe9b\/2x-205-65R15-OPONY-ZIMOWE-NOWE-PRZYCZEPNOSC-NA-SNIEGU-3PMSF-KOMPLET-99T-XL-Marka-Triangle 2560w\" sizes=\"(min-width: 1200px) 560px, (min-width: 992px) 50vw, 100vw\" width=\"2560px\" alt=\"2x 205\/65R15 OPONY ZIMOWE NOWE PRZYCZEPNO\u015a\u0106 NA \u015aNIEGU 3PMSF KOMPLET 99T XL Marka Triangle\"\/ style=\"max-width: 100%; height: auto; display: block; margin: 0 auto;\"><\/div>\n<\/div>\n<\/div>\n<\/div>\n<\/div>\n<div style=\"clear: both; display: block; margin: 10px 0;\">\n<div style=\"clear: both; display: block; margin: 10px 0;\">\n<h2>DLACZEGO TRIANGLE<\/h2>\n<p style=\"margin: 15px 0; line-height: 1.8; clear: both; display: block; width: 100%; float: none; position: static;\"><b>TRIANGLE<\/b> to uznany producent opon, dzia\u0142aj\u0105cy od ponad 40 lat, dostarczaj\u0105cy ogumienie do samochod\u00f3w osobowych, SUV-\u00f3w, dostawczych oraz ci\u0119\u017carowych. Marka jest znana z po\u0142\u0105czenia zaawansowanych technologii z wysok\u0105 jako\u015bci\u0105 wykonania.<\/p>\n<p style=\"margin: 15px 0; line-height: 1.8; clear: both; display: block; width: 100%; float: none; position: static;\">Produkty <b>TRIANGLE<\/b> s\u0105 projektowane z wykorzystaniem symulacji komputerowych i nowoczesnych technologii mieszanki gumowej, co gwarantuje trwa\u0142o\u015b\u0107, bezpiecze\u0144stwo i stabilne osi\u0105gi w ka\u017cdych warunkach. <b>Firma posiada certyfikaty <\/b>CCC, ECE, DOT, INMETRO, LATU, GSO, SNI, i inne, co potwierdza zgodno\u015b\u0107 z mi\u0119dzynarodowymi standardami.<\/p>\n<h3 style=\"color: #2c5aa0; font-size: 18px; margin: 30px 0 15px 0; font-weight: bold; clear: both; display: block; width: 100%; float: none; position: static;\">DLACZEGO WARTO WYBRA\u0106 TRIANGLE?<\/h3>\n<ul style=\"margin: 15px 0; padding-left: 20px; clear: both; display: block; width: 100%; float: none; position: static;\">\n<li style=\"margin: 5px 0; padding: 2px 0; clear: both; display: list-item; float: none; position: static;\"><b>Nowoczesne wzory bie\u017cnik\u00f3w<\/b> &#8211; wysoka przyczepno\u015b\u0107 i stabilno\u015b\u0107 jazdy w zimie.<\/li>\n<li style=\"margin: 5px 0; padding: 2px 0; clear: both; display: list-item; float: none; position: static;\"><b>Zoptymalizowana mieszanka gumowa<\/b> &#8211; zachowuje elastyczno\u015b\u0107 i przyczepno\u015b\u0107 nawet przy bardzo niskich temperaturach.<\/li>\n<li style=\"margin: 5px 0; padding: 2px 0; clear: both; display: list-item; float: none; position: static;\"><b>Atrakcyjny stosunek ceny do jako\u015bci <\/b>&#8211; pozwala uzyska\u0107 dobre osi\u0105gi zimowe bez nadmiernych koszt\u00f3w.<\/li>\n<li style=\"margin: 5px 0; padding: 2px 0; clear: both; display: list-item; float: none; position: static;\"><b>Projekt dopracowany pod k\u0105tem bezpiecze\u0144stwa i komfortu<\/b> &#8211; zapewnia pewno\u015b\u0107 prowadzenia i spok\u00f3j jazdy w warunkach zimowych.<\/li>\n<\/ul>\n<\/div>\n<\/div>\n<\/div>\n<div style=\"clear: both; display: block; margin: 10px 0;\">\n<div style=\"clear: both; display: block; margin: 10px 0;\">\n<div style=\"clear: both; display: block; margin: 10px 0;\">\n<div  style=\"max-width:900px;max-height:900px\">\n<div style=\"clear: both; display: block; margin: 10px 0;\">\n<div style=\"clear: both; width: 100%; display: block; margin: 20px 0; padding: 0; float: none; position: static; text-align: center;\"><img decoding=\"async\"  src=\"https:\/\/a.allegroimg.com\/original\/11844b\/c9003bad4998a2e4620995e4f436\/2x-205-65R15-OPONY-ZIMOWE-NOWE-PRZYCZEPNOSC-NA-SNIEGU-3PMSF-KOMPLET-99T-XL-Szerokosc-opony-205-mm\" srcset=\"https:\/\/a.allegroimg.com\/original\/11844b\/c9003bad4998a2e4620995e4f436\/2x-205-65R15-OPONY-ZIMOWE-NOWE-PRZYCZEPNOSC-NA-SNIEGU-3PMSF-KOMPLET-99T-XL-Szerokosc-opony-205-mm 360w,https:\/\/a.allegroimg.com\/original\/11844b\/c9003bad4998a2e4620995e4f436\/2x-205-65R15-OPONY-ZIMOWE-NOWE-PRZYCZEPNOSC-NA-SNIEGU-3PMSF-KOMPLET-99T-XL-Szerokosc-opony-205-mm 720w,https:\/\/a.allegroimg.com\/original\/11844b\/c9003bad4998a2e4620995e4f436\/2x-205-65R15-OPONY-ZIMOWE-NOWE-PRZYCZEPNOSC-NA-SNIEGU-3PMSF-KOMPLET-99T-XL-Szerokosc-opony-205-mm 900w,https:\/\/a.allegroimg.com\/original\/11844b\/c9003bad4998a2e4620995e4f436\/2x-205-65R15-OPONY-ZIMOWE-NOWE-PRZYCZEPNOSC-NA-SNIEGU-3PMSF-KOMPLET-99T-XL-Szerokosc-opony-205-mm 900w\" sizes=\"100vw\" width=\"900px\" alt=\"2x 205\/65R15 OPONY ZIMOWE NOWE PRZYCZEPNO\u015a\u0106 NA \u015aNIEGU 3PMSF KOMPLET 99T XL Szeroko\u015b\u0107 opony 205 mm\"\/ style=\"max-width: 100%; height: auto; display: block; margin: 0 auto;\"><\/div>\n<\/div>\n<\/div>\n<\/div>\n<\/div>\n<\/div>\n<\/div>\n<\/div>\n<\/div>\n<div style=\"clear: both; display: block; margin: 10px 0;\">\n","protected":false},"excerpt":{"rendered":"<p>2x 205\/65R15 OPONY ZIMOWE NOWE PRZYCZEPNO\u015a\u0106 NA \u015aNIEGU 3PMSF KOMPLET 99T XL<\/p>\n<p>2x 205\/65R15 OPONY ZIMOWE NOWE PRZYCZEPNO\u015a\u0106 NA \u015aNIEGU 3PMSF KOMPLET 99T XL<\/p>\n<p>Rozmiar: 205\/65R15<\/p>\n<p>Indeks pr\u0119dko\u015bci: T = 190max km\/h<\/p>\n<p>Indeks no\u015bno\u015bci:\u00a099<\/p>\n<p>Sezon: zimowe<\/p>\n<p>Typ: samochody osobowe<\/p>\n<p>Trudne warunki o\u015bnie\u017cania: Tak<\/p>\n","protected":false},"featured_media":10528,"template":"","meta":{"_uag_custom_page_level_css":""},"product_brand":[388],"product_cat":[414,413,412,415],"product_tag":[],"class_list":{"0":"post-10527","1":"product","2":"type-product","3":"status-publish","4":"has-post-thumbnail","6":"product_brand-triangle","7":"product_cat-do-samochodow-osobowych-i-suv","8":"product_cat-opony","9":"product_cat-opony-i-felgi","10":"product_cat-zimowe","12":"first","13":"instock","14":"sale","15":"shipping-taxable","16":"purchasable","17":"product-type-simple"},"uagb_featured_image_src":{"full":["https:\/\/oponixo.shop\/tire\/wp-content\/uploads\/2025\/12\/allegro-image-10527.jpg",900,900,false],"thumbnail":["https:\/\/oponixo.shop\/tire\/wp-content\/uploads\/2025\/12\/allegro-image-10527-150x150.jpg",150,150,true],"medium":["https:\/\/oponixo.shop\/tire\/wp-content\/uploads\/2025\/12\/allegro-image-10527-300x300.jpg",300,300,true],"medium_large":["https:\/\/oponixo.shop\/tire\/wp-content\/uploads\/2025\/12\/allegro-image-10527-768x768.jpg",768,768,true],"large":["https:\/\/oponixo.shop\/tire\/wp-content\/uploads\/2025\/12\/allegro-image-10527.jpg",900,900,false],"1536x1536":["https:\/\/oponixo.shop\/tire\/wp-content\/uploads\/2025\/12\/allegro-image-10527.jpg",900,900,false],"2048x2048":["https:\/\/oponixo.shop\/tire\/wp-content\/uploads\/2025\/12\/allegro-image-10527.jpg",900,900,false],"woocommerce_thumbnail":["https:\/\/oponixo.shop\/tire\/wp-content\/uploads\/2025\/12\/allegro-image-10527-300x300.jpg",300,300,true],"woocommerce_single":["https:\/\/oponixo.shop\/tire\/wp-content\/uploads\/2025\/12\/allegro-image-10527-600x600.jpg",600,600,true],"woocommerce_gallery_thumbnail":["https:\/\/oponixo.shop\/tire\/wp-content\/uploads\/2025\/12\/allegro-image-10527-100x100.jpg",100,100,true]},"uagb_author_info":{"display_name":"admin","author_link":"https:\/\/oponixo.shop\/tire\/author\/"},"uagb_comment_info":0,"uagb_excerpt":"2x 205\/65R15 OPONY ZIMOWE NOWE PRZYCZEPNO\u015a\u0106 NA \u015aNIEGU 3PMSF KOMPLET 99T XL 2x 205\/65R15 OPONY ZIMOWE NOWE PRZYCZEPNO\u015a\u0106 NA \u015aNIEGU 3PMSF KOMPLET 99T XL Rozmiar: 205\/65R15 Indeks pr\u0119dko\u015bci: T = 190max km\/h Indeks no\u015bno\u015bci:\u00a099 Sezon: zimowe Typ: samochody osobowe Trudne warunki o\u015bnie\u017cania: Tak","_links":{"self":[{"href":"https:\/\/oponixo.shop\/tire\/wp-json\/wp\/v2\/product\/10527","targetHints":{"allow":["GET"]}}],"collection":[{"href":"https:\/\/oponixo.shop\/tire\/wp-json\/wp\/v2\/product"}],"about":[{"href":"https:\/\/oponixo.shop\/tire\/wp-json\/wp\/v2\/types\/product"}],"wp:featuredmedia":[{"embeddable":true,"href":"https:\/\/oponixo.shop\/tire\/wp-json\/wp\/v2\/media\/10528"}],"wp:attachment":[{"href":"https:\/\/oponixo.shop\/tire\/wp-json\/wp\/v2\/media?parent=10527"}],"wp:term":[{"taxonomy":"product_brand","embeddable":true,"href":"https:\/\/oponixo.shop\/tire\/wp-json\/wp\/v2\/product_brand?post=10527"},{"taxonomy":"product_cat","embeddable":true,"href":"https:\/\/oponixo.shop\/tire\/wp-json\/wp\/v2\/product_cat?post=10527"},{"taxonomy":"product_tag","embeddable":true,"href":"https:\/\/oponixo.shop\/tire\/wp-json\/wp\/v2\/product_tag?post=10527"}],"curies":[{"name":"wp","href":"https:\/\/api.w.org\/{rel}","templated":true}]}}