{"id":10317,"date":"2025-12-31T03:29:42","date_gmt":"2025-12-31T03:29:42","guid":{"rendered":"https:\/\/oponyexpert.shop\/xef5\/produkt\/4x-opony-215-70r16-nokian-seasonproof-1-100-h\/"},"modified":"2025-12-31T03:29:43","modified_gmt":"2025-12-31T03:29:43","slug":"4x-opony-215-70r16-nokian-seasonproof-1-100-h","status":"publish","type":"product","link":"https:\/\/oponixo.shop\/tire\/produkt\/4x-opony-215-70r16-nokian-seasonproof-1-100-h\/","title":{"rendered":"4x opony 215\/70R16 NOKIAN SEASONPROOF 1 100 H"},"content":{"rendered":"<div style=\"font-family: Arial, sans-serif; line-height: 1.6; color: #333; padding: 20px; clear: both; display: block; width: 100%; float: none; position: static; overflow: hidden;\">\n<div style=\"clear: both; display: block; margin: 10px 0;\">\n<div style=\"clear: both; display: block; margin: 10px 0;\">\n<div style=\"clear: both; display: block; margin: 10px 0;\">\n<h2>Opona ca\u0142oroczna Nokian Tyres Seasonproof 1 215\/70R16 100 H przyczepno\u015b\u0107 na \u015bniegu (3PMSF)<\/h2>\n<p style=\"margin: 15px 0; line-height: 1.8; clear: both; display: block; width: 100%; float: none; position: static;\">Opona ca\u0142oroczna Nokian Seasonproof 1 215\/70R16 100 H<\/p>\n<p style=\"margin: 15px 0; line-height: 1.8; clear: both; display: block; width: 100%; float: none; position: static;\">Cechy produktu:<\/p>\n<ul style=\"margin: 15px 0; padding-left: 20px; clear: both; display: block; width: 100%; float: none; position: static;\">\n<li style=\"margin: 5px 0; padding: 2px 0; clear: both; display: list-item; float: none; position: static;\">sezon: ca\u0142oroczne<\/li>\n<li style=\"margin: 5px 0; padding: 2px 0; clear: both; display: list-item; float: none; position: static;\">szeroko\u015b\u0107\/profil\/\u015brednica: 215\/70R16<\/li>\n<li style=\"margin: 5px 0; padding: 2px 0; clear: both; display: list-item; float: none; position: static;\">indeks no\u015bno\u015bci: 100 &#8211; 800 kg<\/li>\n<li style=\"margin: 5px 0; padding: 2px 0; clear: both; display: list-item; float: none; position: static;\">indeks pr\u0119dko\u015bci: H do 210 km\/h<\/li>\n<li style=\"margin: 5px 0; padding: 2px 0; clear: both; display: list-item; float: none; position: static;\">przyczepno\u015b\u0107 na \u015bniegu (3PMSF)<\/li>\n<\/ul>\n<\/div>\n<\/div>\n<div style=\"clear: both; display: block; margin: 10px 0;\">\n<div style=\"clear: both; display: block; margin: 10px 0;\">\n<div  style=\"max-width:1431px;max-height:1941px\">\n<div style=\"clear: both; display: block; margin: 10px 0;\">\n<div style=\"clear: both; width: 100%; display: block; margin: 20px 0; padding: 0; float: none; position: static; text-align: center;\"><img decoding=\"async\"  src=\"https:\/\/a.allegroimg.com\/original\/292fdf\/2334a09c4daabf6d287894a6b784\/4x-opony-215-70R16-NOKIAN-SEASONPROOF-1-100-H\" srcset=\"https:\/\/a.allegroimg.com\/original\/292fdf\/2334a09c4daabf6d287894a6b784\/4x-opony-215-70R16-NOKIAN-SEASONPROOF-1-100-H 265w,https:\/\/a.allegroimg.com\/original\/292fdf\/2334a09c4daabf6d287894a6b784\/4x-opony-215-70R16-NOKIAN-SEASONPROOF-1-100-H 530w,https:\/\/a.allegroimg.com\/original\/292fdf\/2334a09c4daabf6d287894a6b784\/4x-opony-215-70R16-NOKIAN-SEASONPROOF-1-100-H 754w,https:\/\/a.allegroimg.com\/original\/292fdf\/2334a09c4daabf6d287894a6b784\/4x-opony-215-70R16-NOKIAN-SEASONPROOF-1-100-H 1061w,https:\/\/a.allegroimg.com\/original\/292fdf\/2334a09c4daabf6d287894a6b784\/4x-opony-215-70R16-NOKIAN-SEASONPROOF-1-100-H 1431w\" sizes=\"(min-width: 1200px) 560px, (min-width: 992px) 50vw, 100vw\" width=\"1431px\" alt=\"4x opony 215\/70R16 NOKIAN SEASONPROOF 1 100 H\"\/ style=\"max-width: 100%; height: auto; display: block; margin: 0 auto;\"><\/div>\n<\/div>\n<\/div>\n<\/div>\n<\/div>\n<\/div>\n<div style=\"clear: both; display: block; margin: 10px 0;\">\n<div style=\"clear: both; display: block; margin: 10px 0;\">\n<div style=\"clear: both; display: block; margin: 10px 0;\">\n<h3 style=\"color: #2c5aa0; font-size: 18px; margin: 30px 0 15px 0; font-weight: bold; clear: both; display: block; width: 100%; float: none; position: static;\">Informacje dodatkowe:<\/h3>\n<ul style=\"margin: 15px 0; padding-left: 20px; clear: both; display: block; width: 100%; float: none; position: static;\">\n<li style=\"margin: 5px 0; padding: 2px 0; clear: both; display: list-item; float: none; position: static;\">rok produkcji: 2024\/2025 (kupuj\u0105c z tej oferty otrzymasz opony fabrycznie nowe, pe\u0142nowarto\u015bciowe) <\/li>\n<li style=\"margin: 5px 0; padding: 2px 0; clear: both; display: list-item; float: none; position: static;\">stan: fabrycznie nowe <\/li>\n<\/ul>\n<\/div>\n<\/div>\n<\/div>\n<div style=\"clear: both; display: block; margin: 10px 0;\">\n<div style=\"clear: both; display: block; margin: 10px 0;\">\n<div style=\"clear: both; display: block; margin: 10px 0;\">\n<div  style=\"max-width:1431px;max-height:1941px\">\n<div style=\"clear: both; display: block; margin: 10px 0;\">\n<div style=\"clear: both; width: 100%; display: block; margin: 20px 0; padding: 0; float: none; position: static; text-align: center;\"><img decoding=\"async\"  src=\"https:\/\/a.allegroimg.com\/original\/292fdf\/2334a09c4daabf6d287894a6b784\/4x-opony-215-70R16-NOKIAN-SEASONPROOF-1-100-H\" srcset=\"https:\/\/a.allegroimg.com\/original\/292fdf\/2334a09c4daabf6d287894a6b784\/4x-opony-215-70R16-NOKIAN-SEASONPROOF-1-100-H 265w,https:\/\/a.allegroimg.com\/original\/292fdf\/2334a09c4daabf6d287894a6b784\/4x-opony-215-70R16-NOKIAN-SEASONPROOF-1-100-H 530w,https:\/\/a.allegroimg.com\/original\/292fdf\/2334a09c4daabf6d287894a6b784\/4x-opony-215-70R16-NOKIAN-SEASONPROOF-1-100-H 754w,https:\/\/a.allegroimg.com\/original\/292fdf\/2334a09c4daabf6d287894a6b784\/4x-opony-215-70R16-NOKIAN-SEASONPROOF-1-100-H 1061w,https:\/\/a.allegroimg.com\/original\/292fdf\/2334a09c4daabf6d287894a6b784\/4x-opony-215-70R16-NOKIAN-SEASONPROOF-1-100-H 1431w\" sizes=\"100vw\" width=\"1431px\" alt=\"4x opony 215\/70R16 NOKIAN SEASONPROOF 1 100 H\"\/ style=\"max-width: 100%; height: auto; display: block; margin: 0 auto;\"><\/div>\n<\/div>\n<\/div>\n<\/div>\n<\/div>\n<\/div>\n<\/div>\n<\/div>\n<\/div>\n<div style=\"clear: both; display: block; margin: 10px 0;\">\n","protected":false},"excerpt":{"rendered":"<p>Opona ca\u0142oroczna Nokian Tyres Seasonproof 1 215\/70R16 100 H przyczepno\u015b\u0107 na \u015bniegu (3PMSF)<\/p>\n<p>Opona ca\u0142oroczna Nokian Seasonproof 1 215\/70R16 100 H<\/p>\n<p>Cechy produktu:<\/p>\n<p>sezon: ca\u0142oroczne<\/p>\n<p>szeroko\u015b\u0107\/profil\/\u015brednica: 215\/70R16<\/p>\n<p>indeks no\u015bno\u015bci: 100 &#8211; 800 kg<\/p>\n<p>indeks pr\u0119dko\u015bci: H do 210 km\/h<\/p>\n<p>przyczepno\u015b\u0107 na \u015bniegu (3PMSF)<\/p>\n","protected":false},"featured_media":10318,"template":"","meta":{"_uag_custom_page_level_css":""},"product_brand":[387],"product_cat":[416,414,413,412],"product_tag":[],"class_list":{"0":"post-10317","1":"product","2":"type-product","3":"status-publish","4":"has-post-thumbnail","6":"product_brand-nokian-tyres","7":"product_cat-caloroczne","8":"product_cat-do-samochodow-osobowych-i-suv","9":"product_cat-opony","10":"product_cat-opony-i-felgi","12":"first","13":"instock","14":"sale","15":"shipping-taxable","16":"purchasable","17":"product-type-simple"},"uagb_featured_image_src":{"full":["https:\/\/oponixo.shop\/tire\/wp-content\/uploads\/2025\/12\/allegro-image-10317.jpg",1431,1941,false],"thumbnail":["https:\/\/oponixo.shop\/tire\/wp-content\/uploads\/2025\/12\/allegro-image-10317-150x150.jpg",150,150,true],"medium":["https:\/\/oponixo.shop\/tire\/wp-content\/uploads\/2025\/12\/allegro-image-10317-221x300.jpg",221,300,true],"medium_large":["https:\/\/oponixo.shop\/tire\/wp-content\/uploads\/2025\/12\/allegro-image-10317-768x1042.jpg",768,1042,true],"large":["https:\/\/oponixo.shop\/tire\/wp-content\/uploads\/2025\/12\/allegro-image-10317-755x1024.jpg",755,1024,true],"1536x1536":["https:\/\/oponixo.shop\/tire\/wp-content\/uploads\/2025\/12\/allegro-image-10317-1132x1536.jpg",1132,1536,true],"2048x2048":["https:\/\/oponixo.shop\/tire\/wp-content\/uploads\/2025\/12\/allegro-image-10317.jpg",1431,1941,false],"woocommerce_thumbnail":["https:\/\/oponixo.shop\/tire\/wp-content\/uploads\/2025\/12\/allegro-image-10317-300x300.jpg",300,300,true],"woocommerce_single":["https:\/\/oponixo.shop\/tire\/wp-content\/uploads\/2025\/12\/allegro-image-10317-600x814.jpg",600,814,true],"woocommerce_gallery_thumbnail":["https:\/\/oponixo.shop\/tire\/wp-content\/uploads\/2025\/12\/allegro-image-10317-100x100.jpg",100,100,true]},"uagb_author_info":{"display_name":"admin","author_link":"https:\/\/oponixo.shop\/tire\/author\/"},"uagb_comment_info":0,"uagb_excerpt":"Opona ca\u0142oroczna Nokian Tyres Seasonproof 1 215\/70R16 100 H przyczepno\u015b\u0107 na \u015bniegu (3PMSF) Opona ca\u0142oroczna Nokian Seasonproof 1 215\/70R16 100 H Cechy produktu: sezon: ca\u0142oroczne szeroko\u015b\u0107\/profil\/\u015brednica: 215\/70R16 indeks no\u015bno\u015bci: 100 - 800 kg indeks pr\u0119dko\u015bci: H do 210 km\/h przyczepno\u015b\u0107 na \u015bniegu (3PMSF)","_links":{"self":[{"href":"https:\/\/oponixo.shop\/tire\/wp-json\/wp\/v2\/product\/10317","targetHints":{"allow":["GET"]}}],"collection":[{"href":"https:\/\/oponixo.shop\/tire\/wp-json\/wp\/v2\/product"}],"about":[{"href":"https:\/\/oponixo.shop\/tire\/wp-json\/wp\/v2\/types\/product"}],"wp:featuredmedia":[{"embeddable":true,"href":"https:\/\/oponixo.shop\/tire\/wp-json\/wp\/v2\/media\/10318"}],"wp:attachment":[{"href":"https:\/\/oponixo.shop\/tire\/wp-json\/wp\/v2\/media?parent=10317"}],"wp:term":[{"taxonomy":"product_brand","embeddable":true,"href":"https:\/\/oponixo.shop\/tire\/wp-json\/wp\/v2\/product_brand?post=10317"},{"taxonomy":"product_cat","embeddable":true,"href":"https:\/\/oponixo.shop\/tire\/wp-json\/wp\/v2\/product_cat?post=10317"},{"taxonomy":"product_tag","embeddable":true,"href":"https:\/\/oponixo.shop\/tire\/wp-json\/wp\/v2\/product_tag?post=10317"}],"curies":[{"name":"wp","href":"https:\/\/api.w.org\/{rel}","templated":true}]}}