{"id":10315,"date":"2025-12-31T03:29:41","date_gmt":"2025-12-31T03:29:41","guid":{"rendered":"https:\/\/oponyexpert.shop\/xef5\/produkt\/2x-yokohama-bluearthwinter-v906-215-55r18-99v-xl-2024-r\/"},"modified":"2025-12-31T03:29:42","modified_gmt":"2025-12-31T03:29:42","slug":"2x-yokohama-bluearthwinter-v906-215-55r18-99v-xl-2024-r","status":"publish","type":"product","link":"https:\/\/oponixo.shop\/tire\/produkt\/2x-yokohama-bluearthwinter-v906-215-55r18-99v-xl-2024-r\/","title":{"rendered":"2x YOKOHAMA BluEarth*Winter V906 215\/55R18 99V XL 2024 r"},"content":{"rendered":"<div style=\"font-family: Arial, sans-serif; line-height: 1.6; color: #333; padding: 20px; clear: both; display: block; width: 100%; float: none; position: static; overflow: hidden;\">\n<div style=\"clear: both; display: block; margin: 10px 0;\">\n<div style=\"clear: both; display: block; margin: 10px 0;\">\n<div style=\"clear: both; display: block; margin: 10px 0;\">\n<div  style=\"max-width:1200px;max-height:1126px\">\n<div style=\"clear: both; display: block; margin: 10px 0;\">\n<div style=\"clear: both; width: 100%; display: block; margin: 20px 0; padding: 0; float: none; position: static; text-align: center;\"><img decoding=\"async\"  src=\"https:\/\/a.allegroimg.com\/original\/11f94c\/fd295dfd4dc1a5e944254569bad8\/2x-YOKOHAMA-BluEarth-Winter-V906-215-55R18-99V-XL-2024-r\" srcset=\"https:\/\/a.allegroimg.com\/original\/11f94c\/fd295dfd4dc1a5e944254569bad8\/2x-YOKOHAMA-BluEarth-Winter-V906-215-55R18-99V-XL-2024-r 360w,https:\/\/a.allegroimg.com\/original\/11f94c\/fd295dfd4dc1a5e944254569bad8\/2x-YOKOHAMA-BluEarth-Winter-V906-215-55R18-99V-XL-2024-r 720w,https:\/\/a.allegroimg.com\/original\/11f94c\/fd295dfd4dc1a5e944254569bad8\/2x-YOKOHAMA-BluEarth-Winter-V906-215-55R18-99V-XL-2024-r 1024w,https:\/\/a.allegroimg.com\/original\/11f94c\/fd295dfd4dc1a5e944254569bad8\/2x-YOKOHAMA-BluEarth-Winter-V906-215-55R18-99V-XL-2024-r 1200w,https:\/\/a.allegroimg.com\/original\/11f94c\/fd295dfd4dc1a5e944254569bad8\/2x-YOKOHAMA-BluEarth-Winter-V906-215-55R18-99V-XL-2024-r 1200w\" sizes=\"(min-width: 1200px) 560px, (min-width: 992px) 50vw, 100vw\" width=\"1200px\" alt=\"2x YOKOHAMA BluEarth*Winter V906 215\/55R18 99V XL 2024 r\"\/ style=\"max-width: 100%; height: auto; display: block; margin: 0 auto;\"><\/div>\n<\/div>\n<\/div>\n<\/div>\n<\/div>\n<div style=\"clear: both; display: block; margin: 10px 0;\">\n<div style=\"clear: both; display: block; margin: 10px 0;\">\n<h1>YOKOHAMA BluEarth*Winter V906 215\/55R18 99V XL<\/h1>\n<h2>H1AUKC<\/h2>\n<\/div>\n<\/div>\n<\/div>\n<div style=\"clear: both; display: block; margin: 10px 0;\">\n<div style=\"clear: both; display: block; margin: 10px 0;\">\n<div style=\"clear: both; display: block; margin: 10px 0;\">\n<ul style=\"margin: 15px 0; padding-left: 20px; clear: both; display: block; width: 100%; float: none; position: static;\">\n<li style=\"margin: 5px 0; padding: 2px 0; clear: both; display: list-item; float: none; position: static;\"><b>Indeks :<\/b> 215\/55R18 ZOYO 99V 906\/\/<\/li>\n<li style=\"margin: 5px 0; padding: 2px 0; clear: both; display: list-item; float: none; position: static;\"><b>Karta informacyjna produktu :<\/b> https:\/\/eprel.ec.europa.eu\/qr\/1692689<\/li>\n<li style=\"margin: 5px 0; padding: 2px 0; clear: both; display: list-item; float: none; position: static;\"><b>Opory toczenia :<\/b> D<\/li>\n<li style=\"margin: 5px 0; padding: 2px 0; clear: both; display: list-item; float: none; position: static;\"><b>Typ wzmocnienia :<\/b> XL<\/li>\n<li style=\"margin: 5px 0; padding: 2px 0; clear: both; display: list-item; float: none; position: static;\"><b>Klasa opony :<\/b> C1<\/li>\n<li style=\"margin: 5px 0; padding: 2px 0; clear: both; display: list-item; float: none; position: static;\"><b>Przeznaczenie :<\/b> Opony osobowe, SUV\/4&#215;4<\/li>\n<li style=\"margin: 5px 0; padding: 2px 0; clear: both; display: list-item; float: none; position: static;\"><b>Klasa :<\/b> Premium<\/li>\n<li style=\"margin: 5px 0; padding: 2px 0; clear: both; display: list-item; float: none; position: static;\"><b>Typ (konstrukcja) :<\/b> [R]-Radialna<\/li>\n<li style=\"margin: 5px 0; padding: 2px 0; clear: both; display: list-item; float: none; position: static;\"><b>Ha\u0142as zewn\u0119trzny [dB] :<\/b> 71<\/li>\n<li style=\"margin: 5px 0; padding: 2px 0; clear: both; display: list-item; float: none; position: static;\"><b>Oznaczenie M+S :<\/b> M+S, 3PMSF<\/li>\n<li style=\"margin: 5px 0; padding: 2px 0; clear: both; display: list-item; float: none; position: static;\"><b>Typ opony :<\/b> Opona osobowa<\/li>\n<li style=\"margin: 5px 0; padding: 2px 0; clear: both; display: list-item; float: none; position: static;\"><b>Dedykowana o\u015b :<\/b> Prz\u00f3d\/Ty\u0142<\/li>\n<li style=\"margin: 5px 0; padding: 2px 0; clear: both; display: list-item; float: none; position: static;\"><b>Sezon :<\/b> Zimowa<\/li>\n<li style=\"margin: 5px 0; padding: 2px 0; clear: both; display: list-item; float: none; position: static;\"><b>\u015arednica :<\/b> 18<\/li>\n<li style=\"margin: 5px 0; padding: 2px 0; clear: both; display: list-item; float: none; position: static;\"><b>D\u0119tka :<\/b> TL<\/li>\n<li style=\"margin: 5px 0; padding: 2px 0; clear: both; display: list-item; float: none; position: static;\"><b>Kod producenta :<\/b> R9003<\/li>\n<li style=\"margin: 5px 0; padding: 2px 0; clear: both; display: list-item; float: none; position: static;\"><b>Rozmiar :<\/b> 215\/55R18<\/li>\n<li style=\"margin: 5px 0; padding: 2px 0; clear: both; display: list-item; float: none; position: static;\"><b>Bie\u017cnik :<\/b> BluEarth*Winter V906<\/li>\n<li style=\"margin: 5px 0; padding: 2px 0; clear: both; display: list-item; float: none; position: static;\"><b>Marka :<\/b> YOKOHAMA<\/li>\n<li style=\"margin: 5px 0; padding: 2px 0; clear: both; display: list-item; float: none; position: static;\"><b>Profil :<\/b> 55<\/li>\n<li style=\"margin: 5px 0; padding: 2px 0; clear: both; display: list-item; float: none; position: static;\"><b>Indeks no\u015bno\u015bci :<\/b> 99 = 775 kg<\/li>\n<li style=\"margin: 5px 0; padding: 2px 0; clear: both; display: list-item; float: none; position: static;\"><b>Przyczepno\u015b\u0107 na \u015bniegu :<\/b> 1<\/li>\n<li style=\"margin: 5px 0; padding: 2px 0; clear: both; display: list-item; float: none; position: static;\"><b>Kod EAN :<\/b> 4548515305976<\/li>\n<li style=\"margin: 5px 0; padding: 2px 0; clear: both; display: list-item; float: none; position: static;\"><b>Kl. zew. ha\u0142asu tocz. :<\/b> B<\/li>\n<li style=\"margin: 5px 0; padding: 2px 0; clear: both; display: list-item; float: none; position: static;\"><b>Szeroko\u015b\u0107 :<\/b> 215<\/li>\n<li style=\"margin: 5px 0; padding: 2px 0; clear: both; display: list-item; float: none; position: static;\"><b>Indeks pr\u0119dko\u015bci :<\/b> V &#8211; &lt;240 km\/h<\/li>\n<li style=\"margin: 5px 0; padding: 2px 0; clear: both; display: list-item; float: none; position: static;\"><b>Opona wzmocniona :<\/b> 1<\/li>\n<li style=\"margin: 5px 0; padding: 2px 0; clear: both; display: list-item; float: none; position: static;\"><b>Przyczepno\u015b\u0107 na mokrej nawierzchni :<\/b> B<\/li>\n<\/ul>\n<\/div>\n<\/div>\n<\/div>\n<div style=\"clear: both; display: block; margin: 10px 0;\">\n<div style=\"clear: both; display: block; margin: 10px 0;\">\n<div style=\"clear: both; display: block; margin: 10px 0;\">\n<div  style=\"max-width:300px;max-height:300px\">\n<div style=\"clear: both; display: block; margin: 10px 0;\">\n<div style=\"clear: both; width: 100%; display: block; margin: 20px 0; padding: 0; float: none; position: static; text-align: center;\"><img decoding=\"async\"  src=\"https:\/\/a.allegroimg.com\/original\/115fa6\/8ff481a946e7bb070466e4818932\/2x-YOKOHAMA-BluEarth-Winter-V906-215-55R18-99V-XL-2024-r-Srednica-18\" srcset=\"https:\/\/a.allegroimg.com\/original\/115fa6\/8ff481a946e7bb070466e4818932\/2x-YOKOHAMA-BluEarth-Winter-V906-215-55R18-99V-XL-2024-r-Srednica-18 300w,https:\/\/a.allegroimg.com\/original\/115fa6\/8ff481a946e7bb070466e4818932\/2x-YOKOHAMA-BluEarth-Winter-V906-215-55R18-99V-XL-2024-r-Srednica-18 300w\" sizes=\"(min-width: 1200px) 560px, (min-width: 992px) 50vw, 100vw\" width=\"300px\" alt=\"2x YOKOHAMA BluEarth*Winter V906 215\/55R18 99V XL 2024 r \u015arednica 18&quot;\"\/ style=\"max-width: 100%; height: auto; display: block; margin: 0 auto;\"><\/div>\n<\/div>\n<\/div>\n<\/div>\n<\/div>\n<div style=\"clear: both; display: block; margin: 10px 0;\">\n<div style=\"clear: both; display: block; margin: 10px 0;\">\n<h1>Yokohama<\/h1>\n<p style=\"margin: 15px 0; line-height: 1.8; clear: both; display: block; width: 100%; float: none; position: static;\">Yokohama Rubber Co jest **sz\u00f3stym pod wzgl\u0119dem wielko\u015bci producentem opon na \u015bwiecie**. Koncern produkuje opony do samochod\u00f3w osobowych, sportowo-terenowych, dostawczych, ci\u0119\u017carowych i autobus\u00f3w oraz do samolot\u00f3w. Opony produkowane s\u0105 w 12 fabrykach (6 w Japonii, 2 w USA oraz po jednej w Chinach, Wietnamie, Tajlandii i Filipinach). Yokohama szczeg\u00f3ln\u0105 rol\u0119 k\u0142adzie na **rozw\u00f3j i badania**: zatrudniaj\u0105c oko\u0142o 1000 os\u00f3b w Centrach Badawczo Rozwojowych wydaj\u0105c na ten cel ponad **100 mln USD rocznie**. Opony testowane s\u0105 w zale\u017cno\u015bci od zastosowania w Daigo &#8211; Japonia (warunki suche i mokre) oraz w Takasu &#8211; Japonia (warunki zimowe). R\u00f3wnie\u017c opony testowane s\u0105 lokalnie, w Europie: Nurburgring (Niemcy), MYLA (Wielka Brytania) i IVALO (Finlandia). Opony Yokohama szczeg\u00f3lnie doceniane s\u0105 przez u\u017cytkownik\u00f3w samochod\u00f3w sportowych, wysokich osi\u0105g\u00f3w i zaspokojenie ich potrzeb jest r\u00f3wnie\u017c strategi\u0105 produkcyjn\u0105 Yokohama. <\/p>\n<\/div>\n<\/div>\n<\/div>\n<\/div>\n<\/div>\n<\/div>\n<div style=\"clear: both; display: block; margin: 10px 0;\">\n","protected":false},"excerpt":{"rendered":"<p>YOKOHAMA BluEarth*Winter V906 215\/55R18 99V XL<\/p>\n<p>H1AUKC<\/p>\n<p>Indeks : 215\/55R18 ZOYO 99V 906\/\/<\/p>\n<p>Karta informacyjna produktu : https:\/\/eprel.ec.europa.eu\/qr\/1692689<\/p>\n<p>Opory toczenia : D<\/p>\n<p>Typ wzmocnienia : XL<\/p>\n<p>Klasa opony : C1<\/p>\n<p>Przeznaczenie : Opony osobowe, SUV\/4&#215;4<\/p>\n","protected":false},"featured_media":10316,"template":"","meta":{"_uag_custom_page_level_css":""},"product_brand":[410],"product_cat":[414,413,412,415],"product_tag":[],"class_list":{"0":"post-10315","1":"product","2":"type-product","3":"status-publish","4":"has-post-thumbnail","6":"product_brand-yokohama","7":"product_cat-do-samochodow-osobowych-i-suv","8":"product_cat-opony","9":"product_cat-opony-i-felgi","10":"product_cat-zimowe","12":"first","13":"instock","14":"sale","15":"shipping-taxable","16":"purchasable","17":"product-type-simple"},"uagb_featured_image_src":{"full":["https:\/\/oponixo.shop\/tire\/wp-content\/uploads\/2025\/12\/allegro-image-10315.jpg",1200,1126,false],"thumbnail":["https:\/\/oponixo.shop\/tire\/wp-content\/uploads\/2025\/12\/allegro-image-10315-150x150.jpg",150,150,true],"medium":["https:\/\/oponixo.shop\/tire\/wp-content\/uploads\/2025\/12\/allegro-image-10315-300x282.jpg",300,282,true],"medium_large":["https:\/\/oponixo.shop\/tire\/wp-content\/uploads\/2025\/12\/allegro-image-10315-768x721.jpg",768,721,true],"large":["https:\/\/oponixo.shop\/tire\/wp-content\/uploads\/2025\/12\/allegro-image-10315-1024x961.jpg",1024,961,true],"1536x1536":["https:\/\/oponixo.shop\/tire\/wp-content\/uploads\/2025\/12\/allegro-image-10315.jpg",1200,1126,false],"2048x2048":["https:\/\/oponixo.shop\/tire\/wp-content\/uploads\/2025\/12\/allegro-image-10315.jpg",1200,1126,false],"woocommerce_thumbnail":["https:\/\/oponixo.shop\/tire\/wp-content\/uploads\/2025\/12\/allegro-image-10315-300x300.jpg",300,300,true],"woocommerce_single":["https:\/\/oponixo.shop\/tire\/wp-content\/uploads\/2025\/12\/allegro-image-10315-600x563.jpg",600,563,true],"woocommerce_gallery_thumbnail":["https:\/\/oponixo.shop\/tire\/wp-content\/uploads\/2025\/12\/allegro-image-10315-100x100.jpg",100,100,true]},"uagb_author_info":{"display_name":"admin","author_link":"https:\/\/oponixo.shop\/tire\/author\/"},"uagb_comment_info":0,"uagb_excerpt":"YOKOHAMA BluEarth*Winter V906 215\/55R18 99V XL H1AUKC Indeks : 215\/55R18 ZOYO 99V 906\/\/ Karta informacyjna produktu : https:\/\/eprel.ec.europa.eu\/qr\/1692689 Opory toczenia : D Typ wzmocnienia : XL Klasa opony : C1 Przeznaczenie : Opony osobowe, SUV\/4x4","_links":{"self":[{"href":"https:\/\/oponixo.shop\/tire\/wp-json\/wp\/v2\/product\/10315","targetHints":{"allow":["GET"]}}],"collection":[{"href":"https:\/\/oponixo.shop\/tire\/wp-json\/wp\/v2\/product"}],"about":[{"href":"https:\/\/oponixo.shop\/tire\/wp-json\/wp\/v2\/types\/product"}],"wp:featuredmedia":[{"embeddable":true,"href":"https:\/\/oponixo.shop\/tire\/wp-json\/wp\/v2\/media\/10316"}],"wp:attachment":[{"href":"https:\/\/oponixo.shop\/tire\/wp-json\/wp\/v2\/media?parent=10315"}],"wp:term":[{"taxonomy":"product_brand","embeddable":true,"href":"https:\/\/oponixo.shop\/tire\/wp-json\/wp\/v2\/product_brand?post=10315"},{"taxonomy":"product_cat","embeddable":true,"href":"https:\/\/oponixo.shop\/tire\/wp-json\/wp\/v2\/product_cat?post=10315"},{"taxonomy":"product_tag","embeddable":true,"href":"https:\/\/oponixo.shop\/tire\/wp-json\/wp\/v2\/product_tag?post=10315"}],"curies":[{"name":"wp","href":"https:\/\/api.w.org\/{rel}","templated":true}]}}