{"id":10283,"date":"2025-12-31T03:29:33","date_gmt":"2025-12-31T03:29:33","guid":{"rendered":"https:\/\/oponyexpert.shop\/xef5\/produkt\/2x-kormoran-suv-snow-225-60r18-104h\/"},"modified":"2025-12-31T03:29:33","modified_gmt":"2025-12-31T03:29:33","slug":"2x-kormoran-suv-snow-225-60r18-104h","status":"publish","type":"product","link":"https:\/\/oponixo.shop\/tire\/produkt\/2x-kormoran-suv-snow-225-60r18-104h\/","title":{"rendered":"2x Kormoran SUV SNOW 225\/60R18 104H"},"content":{"rendered":"<div style=\"font-family: Arial, sans-serif; line-height: 1.6; color: #333; padding: 20px; clear: both; display: block; width: 100%; float: none; position: static; overflow: hidden;\">\n<div style=\"clear: both; display: block; margin: 10px 0;\">\n<div style=\"clear: both; display: block; margin: 10px 0;\">\n<div style=\"clear: both; display: block; margin: 10px 0;\">\n<h1>2x nowe opony zimowe KORMORAN SUV SNOW 225\/60R18 104H<\/h1>\n<p style=\"margin: 15px 0; line-height: 1.8; clear: both; display: block; width: 100%; float: none; position: static;\">Cechy produktu<\/p>\n<ul style=\"margin: 15px 0; padding-left: 20px; clear: both; display: block; width: 100%; float: none; position: static;\">\n<li style=\"margin: 5px 0; padding: 2px 0; clear: both; display: list-item; float: none; position: static;\">Marka: Kormoran<\/li>\n<li style=\"margin: 5px 0; padding: 2px 0; clear: both; display: list-item; float: none; position: static;\">Model: SUV SNOW<\/li>\n<li style=\"margin: 5px 0; padding: 2px 0; clear: both; display: list-item; float: none; position: static;\">Szeroko\u015b\u0107\/profil\/\u015brednica: 225\/60R18<\/li>\n<li style=\"margin: 5px 0; padding: 2px 0; clear: both; display: list-item; float: none; position: static;\">Indeks no\u015bno\u015bci: do 104 (900 kg na opon\u0119)<\/li>\n<li style=\"margin: 5px 0; padding: 2px 0; clear: both; display: list-item; float: none; position: static;\">Indeks pr\u0119dko\u015bci: H (do 210 km\/h)<\/li>\n<li style=\"margin: 5px 0; padding: 2px 0; clear: both; display: list-item; float: none; position: static;\">Sezon: zimowe<\/li>\n<li style=\"margin: 5px 0; padding: 2px 0; clear: both; display: list-item; float: none; position: static;\">Typ pojazdu: 4&#215;4<\/li>\n<li style=\"margin: 5px 0; padding: 2px 0; clear: both; display: list-item; float: none; position: static;\">Klasa energetyczna: C<\/li>\n<li style=\"margin: 5px 0; padding: 2px 0; clear: both; display: list-item; float: none; position: static;\">Klasa przyczepno\u015bci: C<\/li>\n<li style=\"margin: 5px 0; padding: 2px 0; clear: both; display: list-item; float: none; position: static;\">Poziom ha\u0142asu: 72<\/li>\n<li style=\"margin: 5px 0; padding: 2px 0; clear: both; display: list-item; float: none; position: static;\">Klasa ha\u0142asu: B<\/li>\n<li style=\"margin: 5px 0; padding: 2px 0; clear: both; display: list-item; float: none; position: static;\">Rok produkcji: 2024\/2025<\/li>\n<li style=\"margin: 5px 0; padding: 2px 0; clear: both; display: list-item; float: none; position: static;\">Oznaczenia_dodatkowe: XL<\/li>\n<\/ul>\n<\/div>\n<\/div>\n<div style=\"clear: both; display: block; margin: 10px 0;\">\n<div style=\"clear: both; display: block; margin: 10px 0;\">\n<div  style=\"max-width:800px;max-height:800px\">\n<div style=\"clear: both; display: block; margin: 10px 0;\">\n<div style=\"clear: both; width: 100%; display: block; margin: 20px 0; padding: 0; float: none; position: static; text-align: center;\"><img decoding=\"async\"  src=\"https:\/\/a.allegroimg.com\/original\/119d84\/12fa29a94de186d6a19ac7560e9d\/2x-Kormoran-SUV-SNOW-225-60R18-104H\" srcset=\"https:\/\/a.allegroimg.com\/original\/119d84\/12fa29a94de186d6a19ac7560e9d\/2x-Kormoran-SUV-SNOW-225-60R18-104H 360w,https:\/\/a.allegroimg.com\/original\/119d84\/12fa29a94de186d6a19ac7560e9d\/2x-Kormoran-SUV-SNOW-225-60R18-104H 720w,https:\/\/a.allegroimg.com\/original\/119d84\/12fa29a94de186d6a19ac7560e9d\/2x-Kormoran-SUV-SNOW-225-60R18-104H 800w,https:\/\/a.allegroimg.com\/original\/119d84\/12fa29a94de186d6a19ac7560e9d\/2x-Kormoran-SUV-SNOW-225-60R18-104H 800w\" sizes=\"(min-width: 1200px) 560px, (min-width: 992px) 50vw, 100vw\" width=\"800px\" alt=\"2x Kormoran SUV SNOW 225\/60R18 104H\"\/ style=\"max-width: 100%; height: auto; display: block; margin: 0 auto;\"><\/div>\n<\/div>\n<\/div>\n<\/div>\n<\/div>\n<\/div>\n<div style=\"clear: both; display: block; margin: 10px 0;\">\n<div style=\"clear: both; display: block; margin: 10px 0;\">\n<div style=\"clear: both; display: block; margin: 10px 0;\">\n<div  style=\"max-width:212px;max-height:305px\">\n<div style=\"clear: both; display: block; margin: 10px 0;\">\n<div style=\"clear: both; width: 100%; display: block; margin: 20px 0; padding: 0; float: none; position: static; text-align: center;\"><img decoding=\"async\"  src=\"https:\/\/a.allegroimg.com\/original\/11e8ed\/8fce32b74293a15976c22ecc1450\/2x-Kormoran-SUV-SNOW-225-60R18-104H-Liczba-opon-w-ofercie-2-szt\" srcset=\"https:\/\/a.allegroimg.com\/original\/11e8ed\/8fce32b74293a15976c22ecc1450\/2x-Kormoran-SUV-SNOW-225-60R18-104H-Liczba-opon-w-ofercie-2-szt 212w,https:\/\/a.allegroimg.com\/original\/11e8ed\/8fce32b74293a15976c22ecc1450\/2x-Kormoran-SUV-SNOW-225-60R18-104H-Liczba-opon-w-ofercie-2-szt 212w\" sizes=\"(min-width: 1200px) 560px, (min-width: 992px) 50vw, 100vw\" width=\"212px\" alt=\"2x Kormoran SUV SNOW 225\/60R18 104H Liczba opon w ofercie 2 szt.\"\/ style=\"max-width: 100%; height: auto; display: block; margin: 0 auto;\"><\/div>\n<\/div>\n<\/div>\n<\/div>\n<\/div>\n<div style=\"clear: both; display: block; margin: 10px 0;\">\n<div style=\"clear: both; display: block; margin: 10px 0;\">\n<div  style=\"max-width:488px;max-height:150px\">\n<div style=\"clear: both; display: block; margin: 10px 0;\">\n<div style=\"clear: both; width: 100%; display: block; margin: 20px 0; padding: 0; float: none; position: static; text-align: center;\"><img decoding=\"async\"  src=\"https:\/\/a.allegroimg.com\/original\/11e4bd\/5e8dc56845d4a2fc7cdd30c15408\/2x-Kormoran-SUV-SNOW-225-60R18-104H-Marka-Kormoran\" srcset=\"https:\/\/a.allegroimg.com\/original\/11e4bd\/5e8dc56845d4a2fc7cdd30c15408\/2x-Kormoran-SUV-SNOW-225-60R18-104H-Marka-Kormoran 360w,https:\/\/a.allegroimg.com\/original\/11e4bd\/5e8dc56845d4a2fc7cdd30c15408\/2x-Kormoran-SUV-SNOW-225-60R18-104H-Marka-Kormoran 488w,https:\/\/a.allegroimg.com\/original\/11e4bd\/5e8dc56845d4a2fc7cdd30c15408\/2x-Kormoran-SUV-SNOW-225-60R18-104H-Marka-Kormoran 488w\" sizes=\"(min-width: 1200px) 560px, (min-width: 992px) 50vw, 100vw\" width=\"488px\" alt=\"2x Kormoran SUV SNOW 225\/60R18 104H Marka Kormoran\"\/ style=\"max-width: 100%; height: auto; display: block; margin: 0 auto;\"><\/div>\n<\/div>\n<\/div>\n<\/div>\n<\/div>\n<\/div>\n<div style=\"clear: both; display: block; margin: 10px 0;\">\n<div style=\"clear: both; display: block; margin: 10px 0;\">\n<div style=\"clear: both; display: block; margin: 10px 0;\">\n<p style=\"margin: 15px 0; line-height: 1.8; clear: both; display: block; width: 100%; float: none; position: static;\">Opony marki Kormoran maj\u0105 polskie korzenie, jednak od d\u0142u\u017cszego czasu produkowane s\u0105 przez koncern Michelin. Firma powsta\u0142a w 1994r. rozpoczynaj\u0105c produkcj\u0119 w fabryce Stomil Olsztyn. Obecnie zak\u0142ady produkcyjne Kormorana nale\u017c\u0105 do firmy Michelin i rozmieszczone s\u0105 w wielu krajach Europy.  Kormoran jest jednym z nielicznych przyk\u0142ad\u00f3w ekspansji polskiej marki na tak du\u017c\u0105 skal\u0119 &#8211; opony s\u0105 sprzedawane przez Grup\u0119 Michelin w ca\u0142ej Europie, a nawet na innych kontynentach<\/p>\n<p style=\"margin: 15px 0; line-height: 1.8; clear: both; display: block; width: 100%; float: none; position: static;\">Opony Kormoran nale\u017c\u0105 do klasy ekonomicznej, a kierowcy decyduj\u0105cy si\u0119 na ich zakup ceni\u0105 sobie niezawodno\u015b\u0107, dobr\u0105 jako\u015b\u0107 oraz atrakcyjn\u0105 cen\u0119<\/p>\n<\/div>\n<\/div>\n<\/div>\n<\/div>\n<\/div>\n<\/div>\n<div style=\"clear: both; display: block; margin: 10px 0;\">\n","protected":false},"excerpt":{"rendered":"<p>2x nowe opony zimowe KORMORAN SUV SNOW 225\/60R18 104H<\/p>\n<p>Cechy produktu<\/p>\n<p>Marka: Kormoran<\/p>\n<p>Model: SUV SNOW<\/p>\n<p>Szeroko\u015b\u0107\/profil\/\u015brednica: 225\/60R18<\/p>\n<p>Indeks no\u015bno\u015bci: do 104 (900 kg na opon\u0119)<\/p>\n<p>Indeks pr\u0119dko\u015bci: H (do 210 km\/h)<\/p>\n<p>Sezon: zimowe<\/p>\n","protected":false},"featured_media":10284,"template":"","meta":{"_uag_custom_page_level_css":""},"product_brand":[382],"product_cat":[414,413,412,415],"product_tag":[],"class_list":{"0":"post-10283","1":"product","2":"type-product","3":"status-publish","4":"has-post-thumbnail","6":"product_brand-kormoran","7":"product_cat-do-samochodow-osobowych-i-suv","8":"product_cat-opony","9":"product_cat-opony-i-felgi","10":"product_cat-zimowe","12":"first","13":"instock","14":"sale","15":"shipping-taxable","16":"purchasable","17":"product-type-simple"},"uagb_featured_image_src":{"full":["https:\/\/oponixo.shop\/tire\/wp-content\/uploads\/2025\/12\/allegro-image-10283.jpg",800,800,false],"thumbnail":["https:\/\/oponixo.shop\/tire\/wp-content\/uploads\/2025\/12\/allegro-image-10283-150x150.jpg",150,150,true],"medium":["https:\/\/oponixo.shop\/tire\/wp-content\/uploads\/2025\/12\/allegro-image-10283-300x300.jpg",300,300,true],"medium_large":["https:\/\/oponixo.shop\/tire\/wp-content\/uploads\/2025\/12\/allegro-image-10283-768x768.jpg",768,768,true],"large":["https:\/\/oponixo.shop\/tire\/wp-content\/uploads\/2025\/12\/allegro-image-10283.jpg",800,800,false],"1536x1536":["https:\/\/oponixo.shop\/tire\/wp-content\/uploads\/2025\/12\/allegro-image-10283.jpg",800,800,false],"2048x2048":["https:\/\/oponixo.shop\/tire\/wp-content\/uploads\/2025\/12\/allegro-image-10283.jpg",800,800,false],"woocommerce_thumbnail":["https:\/\/oponixo.shop\/tire\/wp-content\/uploads\/2025\/12\/allegro-image-10283-300x300.jpg",300,300,true],"woocommerce_single":["https:\/\/oponixo.shop\/tire\/wp-content\/uploads\/2025\/12\/allegro-image-10283-600x600.jpg",600,600,true],"woocommerce_gallery_thumbnail":["https:\/\/oponixo.shop\/tire\/wp-content\/uploads\/2025\/12\/allegro-image-10283-100x100.jpg",100,100,true]},"uagb_author_info":{"display_name":"admin","author_link":"https:\/\/oponixo.shop\/tire\/author\/"},"uagb_comment_info":0,"uagb_excerpt":"2x nowe opony zimowe KORMORAN SUV SNOW 225\/60R18 104H Cechy produktu Marka: Kormoran Model: SUV SNOW Szeroko\u015b\u0107\/profil\/\u015brednica: 225\/60R18 Indeks no\u015bno\u015bci: do 104 (900 kg na opon\u0119) Indeks pr\u0119dko\u015bci: H (do 210 km\/h) Sezon: zimowe","_links":{"self":[{"href":"https:\/\/oponixo.shop\/tire\/wp-json\/wp\/v2\/product\/10283","targetHints":{"allow":["GET"]}}],"collection":[{"href":"https:\/\/oponixo.shop\/tire\/wp-json\/wp\/v2\/product"}],"about":[{"href":"https:\/\/oponixo.shop\/tire\/wp-json\/wp\/v2\/types\/product"}],"wp:featuredmedia":[{"embeddable":true,"href":"https:\/\/oponixo.shop\/tire\/wp-json\/wp\/v2\/media\/10284"}],"wp:attachment":[{"href":"https:\/\/oponixo.shop\/tire\/wp-json\/wp\/v2\/media?parent=10283"}],"wp:term":[{"taxonomy":"product_brand","embeddable":true,"href":"https:\/\/oponixo.shop\/tire\/wp-json\/wp\/v2\/product_brand?post=10283"},{"taxonomy":"product_cat","embeddable":true,"href":"https:\/\/oponixo.shop\/tire\/wp-json\/wp\/v2\/product_cat?post=10283"},{"taxonomy":"product_tag","embeddable":true,"href":"https:\/\/oponixo.shop\/tire\/wp-json\/wp\/v2\/product_tag?post=10283"}],"curies":[{"name":"wp","href":"https:\/\/api.w.org\/{rel}","templated":true}]}}