{"id":10263,"date":"2025-12-31T03:29:27","date_gmt":"2025-12-31T03:29:27","guid":{"rendered":"https:\/\/oponyexpert.shop\/xef5\/produkt\/2x-opony-zimowe-175-60r15-kumho-wintercraft-wp51\/"},"modified":"2025-12-31T03:29:28","modified_gmt":"2025-12-31T03:29:28","slug":"2x-opony-zimowe-175-60r15-kumho-wintercraft-wp51","status":"publish","type":"product","link":"https:\/\/oponixo.shop\/tire\/produkt\/2x-opony-zimowe-175-60r15-kumho-wintercraft-wp51\/","title":{"rendered":"2x opony zimowe 175\/60R15 Kumho WINTERCRAFT WP51"},"content":{"rendered":"<div style=\"font-family: Arial, sans-serif; line-height: 1.6; color: #333; padding: 20px; clear: both; display: block; width: 100%; float: none; position: static; overflow: hidden;\">\n<div style=\"clear: both; display: block; margin: 10px 0;\">\n<div style=\"clear: both; display: block; margin: 10px 0;\">\n<div style=\"clear: both; display: block; margin: 10px 0;\">\n<div  style=\"max-width:348px;max-height:561px\">\n<div style=\"clear: both; display: block; margin: 10px 0;\">\n<div style=\"clear: both; width: 100%; display: block; margin: 20px 0; padding: 0; float: none; position: static; text-align: center;\"><img decoding=\"async\"  src=\"https:\/\/a.allegroimg.com\/original\/11c50e\/177c564d4ab9898403b0ecf65148\/2x-opony-zimowe-175-60R15-Kumho-WINTERCRAFT-WP51\" srcset=\"https:\/\/a.allegroimg.com\/original\/11c50e\/177c564d4ab9898403b0ecf65148\/2x-opony-zimowe-175-60R15-Kumho-WINTERCRAFT-WP51 223w,https:\/\/a.allegroimg.com\/original\/11c50e\/177c564d4ab9898403b0ecf65148\/2x-opony-zimowe-175-60R15-Kumho-WINTERCRAFT-WP51 348w,https:\/\/a.allegroimg.com\/original\/11c50e\/177c564d4ab9898403b0ecf65148\/2x-opony-zimowe-175-60R15-Kumho-WINTERCRAFT-WP51 348w\" sizes=\"(min-width: 1200px) 560px, (min-width: 992px) 50vw, 100vw\" width=\"348px\" alt=\"2x opony zimowe 175\/60R15 Kumho WINTERCRAFT WP51\"\/ style=\"max-width: 100%; height: auto; display: block; margin: 0 auto;\"><\/div>\n<\/div>\n<\/div>\n<\/div>\n<\/div>\n<div style=\"clear: both; display: block; margin: 10px 0;\">\n<div style=\"clear: both; display: block; margin: 10px 0;\">\n<h1>Cechy Opony:<\/h1>\n<ul style=\"margin: 15px 0; padding-left: 20px; clear: both; display: block; width: 100%; float: none; position: static;\">\n<li style=\"margin: 5px 0; padding: 2px 0; clear: both; display: list-item; float: none; position: static;\">Stan: <b>Fabrycznie nowa<\/b><\/li>\n<\/ul>\n<ul style=\"margin: 15px 0; padding-left: 20px; clear: both; display: block; width: 100%; float: none; position: static;\">\n<li style=\"margin: 5px 0; padding: 2px 0; clear: both; display: list-item; float: none; position: static;\">Dystrybucja: <b>Oficjalny dystrybutor w Polsce<\/b><\/li>\n<\/ul>\n<ul style=\"margin: 15px 0; padding-left: 20px; clear: both; display: block; width: 100%; float: none; position: static;\">\n<li style=\"margin: 5px 0; padding: 2px 0; clear: both; display: list-item; float: none; position: static;\">Sezon: <b>zimowe<\/b><\/li>\n<\/ul>\n<ul style=\"margin: 15px 0; padding-left: 20px; clear: both; display: block; width: 100%; float: none; position: static;\">\n<li style=\"margin: 5px 0; padding: 2px 0; clear: both; display: list-item; float: none; position: static;\">Producent: <b>Kumho<\/b><\/li>\n<\/ul>\n<ul style=\"margin: 15px 0; padding-left: 20px; clear: both; display: block; width: 100%; float: none; position: static;\">\n<li style=\"margin: 5px 0; padding: 2px 0; clear: both; display: list-item; float: none; position: static;\">Bie\u017cnik: <b>WINTERCRAFT WP51<\/b><\/li>\n<\/ul>\n<ul style=\"margin: 15px 0; padding-left: 20px; clear: both; display: block; width: 100%; float: none; position: static;\">\n<li style=\"margin: 5px 0; padding: 2px 0; clear: both; display: list-item; float: none; position: static;\">Rozmiar: <b>175\/60R15<\/b><\/li>\n<\/ul>\n<ul style=\"margin: 15px 0; padding-left: 20px; clear: both; display: block; width: 100%; float: none; position: static;\">\n<li style=\"margin: 5px 0; padding: 2px 0; clear: both; display: list-item; float: none; position: static;\">Indeks no\u015bno\u015bci: <b>81<\/b><\/li>\n<\/ul>\n<ul style=\"margin: 15px 0; padding-left: 20px; clear: both; display: block; width: 100%; float: none; position: static;\">\n<li style=\"margin: 5px 0; padding: 2px 0; clear: both; display: list-item; float: none; position: static;\">Indeks pr\u0119dko\u015bci: <b>T<\/b><\/li>\n<\/ul>\n<ul style=\"margin: 15px 0; padding-left: 20px; clear: both; display: block; width: 100%; float: none; position: static;\">\n<li style=\"margin: 5px 0; padding: 2px 0; clear: both; display: list-item; float: none; position: static;\">Rok produkcji:<b> 2025 (Ka\u017cda opona zosta\u0142a sprawdzona przy dostawie, co gwarantuje rok produkcji podany na aukcji)<\/b><\/li>\n<\/ul>\n<ul style=\"margin: 15px 0; padding-left: 20px; clear: both; display: block; width: 100%; float: none; position: static;\">\n<li style=\"margin: 5px 0; padding: 2px 0; clear: both; display: list-item; float: none; position: static;\">EAN: <b>8808956168193<\/b><\/li>\n<\/ul><\/div>\n<\/div>\n<\/div>\n<div style=\"clear: both; display: block; margin: 10px 0;\">\n<div style=\"clear: both; display: block; margin: 10px 0;\">\n<div style=\"clear: both; display: block; margin: 10px 0;\">\n<h2>Zu\u017cycie paliwa \/ opory toczenia<\/h2>\n<p style=\"margin: 15px 0; line-height: 1.8; clear: both; display: block; width: 100%; float: none; position: static;\">Klasa A okre\u015bla opony o najmniejszych oporach toczenia, klasa E o najwi\u0119kszych. Op\u00f3r toczenia wp\u0142ywa na zu\u017cycie paliwa oraz emisj\u0119 spalin przez samoch\u00f3d. Im ni\u017cszy op\u00f3r toczenia, tym wi\u0119ksza oszcz\u0119dno\u015b\u0107 paliwa i mniejszy wp\u0142yw na \u015brodowisko.<\/p>\n<p style=\"margin: 15px 0; line-height: 1.8; clear: both; display: block; width: 100%; float: none; position: static;\">\n<h2>Przyczepno\u015b\u0107 na mokrej nawierzchni \/ droga hamowania<\/h2>\n<p style=\"margin: 15px 0; line-height: 1.8; clear: both; display: block; width: 100%; float: none; position: static;\">Klasa A oznacza najkr\u00f3tsz\u0105, a E najd\u0142u\u017csz\u0105 drog\u0119 hamowania na mokrej nawierzchni. Parametr ten zwi\u0105zany jest z przyczepno\u015bci\u0105 opony podczas jazdy po mokrej drodze, co ma znaczenie dla bezpiecze\u0144stwa podr\u00f3\u017cowania. Im wy\u017csza klasa, tym lepsze w\u0142a\u015bciwo\u015bci ogumienia.<\/p>\n<p style=\"margin: 15px 0; line-height: 1.8; clear: both; display: block; width: 100%; float: none; position: static;\">\n<h2>Zewn\u0119trzny ha\u0142as toczenia \/ emisja ha\u0142asu<\/h2>\n<p style=\"margin: 15px 0; line-height: 1.8; clear: both; display: block; width: 100%; float: none; position: static;\">Klasa A przeznaczona jest dla najcichszych opon, B i C \u2013 dla g\u0142o\u015bniejszych. Wp\u0142ywa na komfort podr\u00f3\u017cowania samochodem. Ha\u0142as, kt\u00f3ry powstaje przy toczeniu si\u0119 opony jest wyra\u017cony w decybelach. Im ni\u017csza liczba tym cichsza opona.<\/p>\n<p style=\"margin: 15px 0; line-height: 1.8; clear: both; display: block; width: 100%; float: none; position: static;\">\n<\/div>\n<\/div>\n<div style=\"clear: both; display: block; margin: 10px 0;\">\n<div style=\"clear: both; display: block; margin: 10px 0;\">\n<div  style=\"max-width:738px;max-height:1082px\">\n<div style=\"clear: both; display: block; margin: 10px 0;\">\n<div style=\"clear: both; width: 100%; display: block; margin: 20px 0; padding: 0; float: none; position: static; text-align: center;\"><img decoding=\"async\"  src=\"https:\/\/a.allegroimg.com\/original\/113f4c\/d8e3910b45aaa434cc8669deb1f1\/2x-opony-zimowe-175-60R15-Kumho-WINTERCRAFT-WP51-Liczba-opon-w-ofercie-2-szt\" srcset=\"https:\/\/a.allegroimg.com\/original\/113f4c\/d8e3910b45aaa434cc8669deb1f1\/2x-opony-zimowe-175-60R15-Kumho-WINTERCRAFT-WP51-Liczba-opon-w-ofercie-2-szt 245w,https:\/\/a.allegroimg.com\/original\/113f4c\/d8e3910b45aaa434cc8669deb1f1\/2x-opony-zimowe-175-60R15-Kumho-WINTERCRAFT-WP51-Liczba-opon-w-ofercie-2-szt 491w,https:\/\/a.allegroimg.com\/original\/113f4c\/d8e3910b45aaa434cc8669deb1f1\/2x-opony-zimowe-175-60R15-Kumho-WINTERCRAFT-WP51-Liczba-opon-w-ofercie-2-szt 698w,https:\/\/a.allegroimg.com\/original\/113f4c\/d8e3910b45aaa434cc8669deb1f1\/2x-opony-zimowe-175-60R15-Kumho-WINTERCRAFT-WP51-Liczba-opon-w-ofercie-2-szt 738w,https:\/\/a.allegroimg.com\/original\/113f4c\/d8e3910b45aaa434cc8669deb1f1\/2x-opony-zimowe-175-60R15-Kumho-WINTERCRAFT-WP51-Liczba-opon-w-ofercie-2-szt 738w\" sizes=\"(min-width: 1200px) 560px, (min-width: 992px) 50vw, 100vw\" width=\"738px\" alt=\"2x opony zimowe 175\/60R15 Kumho WINTERCRAFT WP51 Liczba opon w ofercie 2 szt.\"\/ style=\"max-width: 100%; height: auto; display: block; margin: 0 auto;\"><\/div>\n<\/div>\n<\/div>\n<\/div>\n<\/div>\n<\/div>\n<\/div>\n<\/div>\n<\/div>\n<div style=\"clear: both; display: block; margin: 10px 0;\">\n","protected":false},"excerpt":{"rendered":"<p>Cechy Opony:<\/p>\n<p>Stan: Fabrycznie nowa<\/p>\n<p>Dystrybucja: Oficjalny dystrybutor w Polsce<\/p>\n<p>Sezon: zimowe<\/p>\n<p>Producent: Kumho<\/p>\n<p>Bie\u017cnik: WINTERCRAFT WP51<\/p>\n<p>Rozmiar: 175\/60R15<\/p>\n<p>Indeks no\u015bno\u015bci: 81<\/p>\n","protected":false},"featured_media":10264,"template":"","meta":{"_uag_custom_page_level_css":""},"product_brand":[390],"product_cat":[414,413,412,415],"product_tag":[],"class_list":{"0":"post-10263","1":"product","2":"type-product","3":"status-publish","4":"has-post-thumbnail","6":"product_brand-kumho","7":"product_cat-do-samochodow-osobowych-i-suv","8":"product_cat-opony","9":"product_cat-opony-i-felgi","10":"product_cat-zimowe","12":"first","13":"instock","14":"sale","15":"shipping-taxable","16":"purchasable","17":"product-type-simple"},"uagb_featured_image_src":{"full":["https:\/\/oponixo.shop\/tire\/wp-content\/uploads\/2025\/12\/allegro-image-10263.jpg",348,561,false],"thumbnail":["https:\/\/oponixo.shop\/tire\/wp-content\/uploads\/2025\/12\/allegro-image-10263-150x150.jpg",150,150,true],"medium":["https:\/\/oponixo.shop\/tire\/wp-content\/uploads\/2025\/12\/allegro-image-10263-186x300.jpg",186,300,true],"medium_large":["https:\/\/oponixo.shop\/tire\/wp-content\/uploads\/2025\/12\/allegro-image-10263.jpg",348,561,false],"large":["https:\/\/oponixo.shop\/tire\/wp-content\/uploads\/2025\/12\/allegro-image-10263.jpg",348,561,false],"1536x1536":["https:\/\/oponixo.shop\/tire\/wp-content\/uploads\/2025\/12\/allegro-image-10263.jpg",348,561,false],"2048x2048":["https:\/\/oponixo.shop\/tire\/wp-content\/uploads\/2025\/12\/allegro-image-10263.jpg",348,561,false],"woocommerce_thumbnail":["https:\/\/oponixo.shop\/tire\/wp-content\/uploads\/2025\/12\/allegro-image-10263-300x300.jpg",300,300,true],"woocommerce_single":["https:\/\/oponixo.shop\/tire\/wp-content\/uploads\/2025\/12\/allegro-image-10263.jpg",348,561,false],"woocommerce_gallery_thumbnail":["https:\/\/oponixo.shop\/tire\/wp-content\/uploads\/2025\/12\/allegro-image-10263-100x100.jpg",100,100,true]},"uagb_author_info":{"display_name":"admin","author_link":"https:\/\/oponixo.shop\/tire\/author\/"},"uagb_comment_info":0,"uagb_excerpt":"Cechy Opony: Stan: Fabrycznie nowa Dystrybucja: Oficjalny dystrybutor w Polsce Sezon: zimowe Producent: Kumho Bie\u017cnik: WINTERCRAFT WP51 Rozmiar: 175\/60R15 Indeks no\u015bno\u015bci: 81","_links":{"self":[{"href":"https:\/\/oponixo.shop\/tire\/wp-json\/wp\/v2\/product\/10263","targetHints":{"allow":["GET"]}}],"collection":[{"href":"https:\/\/oponixo.shop\/tire\/wp-json\/wp\/v2\/product"}],"about":[{"href":"https:\/\/oponixo.shop\/tire\/wp-json\/wp\/v2\/types\/product"}],"wp:featuredmedia":[{"embeddable":true,"href":"https:\/\/oponixo.shop\/tire\/wp-json\/wp\/v2\/media\/10264"}],"wp:attachment":[{"href":"https:\/\/oponixo.shop\/tire\/wp-json\/wp\/v2\/media?parent=10263"}],"wp:term":[{"taxonomy":"product_brand","embeddable":true,"href":"https:\/\/oponixo.shop\/tire\/wp-json\/wp\/v2\/product_brand?post=10263"},{"taxonomy":"product_cat","embeddable":true,"href":"https:\/\/oponixo.shop\/tire\/wp-json\/wp\/v2\/product_cat?post=10263"},{"taxonomy":"product_tag","embeddable":true,"href":"https:\/\/oponixo.shop\/tire\/wp-json\/wp\/v2\/product_tag?post=10263"}],"curies":[{"name":"wp","href":"https:\/\/api.w.org\/{rel}","templated":true}]}}